{"id":8021,"date":"2021-11-06T14:43:46","date_gmt":"2021-11-06T14:43:46","guid":{"rendered":"http:\/\/estheteclinic.com\/?page_id=8021"},"modified":"2021-11-09T14:51:18","modified_gmt":"2021-11-09T14:51:18","slug":"ueber-uns","status":"publish","type":"page","link":"https:\/\/estheteclinic.com\/de\/ueber-uns\/","title":{"rendered":"\u00dcber Uns"},"content":{"rendered":"<p>[vc_row css=&#8221;.vc_custom_1634891930611{margin-top: 50px !important;}&#8221;][vc_column width=&#8221;2\/3&#8243; css=&#8221;.vc_custom_1634891951386{margin-bottom: 30px !important;}&#8221;][vc_column_text]<\/p>\n<div class=\"wpb_column vc_column_container vc_col-sm-8\">\n<div class=\"vc_column-inner vc_custom_1634891951386\">\n<div class=\"wpb_wrapper\">\n<div class=\"wpb_text_column wpb_content_element \">\n<div class=\"wpb_wrapper\">\n<h2 class=\"subheader ltx-sr-id-like_sc_header_676301391922952956 ltx-sr ltx-sr-effect-fade_in ltx-sr-el-block ltx-sr-delay-100 ltx-sr-duration-300 ltx-sr-sequences-50\" data-sr-id=\"2\">\u00dcber Unsere Klinik<\/h2>\n<p><span data-contrast=\"auto\">Die\u00a0Esthete\u00a0Klinik ist eine f\u00fchrende Klinik f\u00fcr kosmetische Chirurgie, die ihre au\u00dfergew\u00f6hnliche Reise in Istanbul in der T\u00fcrkei im Jahr 2009 begann.<\/span><span data-contrast=\"auto\">\u00a0<\/span><span data-contrast=\"auto\">Gegr\u00fcndet von den f\u00fchrenden Chirurgen der T\u00fcrkei, hat sich die\u00a0Esthete\u00a0Clinic zu der Adresse f\u00fcr Sch\u00f6nheit entwickelt. Sie beherbergt in ihrem Team au\u00dfergew\u00f6hnliche Chirurgen, die einzigartige Dienstleistungen anbieten und au\u00dfergew\u00f6hnliches Talent und K\u00f6nnen besitzen.<\/span><span data-ccp-props=\"{&quot;201341983&quot;:2,&quot;335559739&quot;:450,&quot;335559740&quot;:384}\">\u00a0<\/span><\/p>\n<p><span data-contrast=\"auto\">Die\u00a0Esthete\u00a0Clinic ist der gr\u00f6\u00dfte Anziehungspunkt f\u00fcr Patienten aus dem Ausland f\u00fcr kosmetische Chirurgie und Haartransplantation in der T\u00fcrkei und ist stolz darauf, Sch\u00f6nheit auf der ganzen Welt zu verfeinern.<\/span><span data-ccp-props=\"{&quot;201341983&quot;:2,&quot;335559739&quot;:450,&quot;335559740&quot;:384}\">\u00a0<\/span><\/p>\n<p><span data-contrast=\"auto\">Unser Ansatz ist auf Pr\u00e4zision mit einem fundierten Bewusstsein f\u00fcr Eleganz und Sch\u00f6nheit ausgerichtet.<\/span><span data-contrast=\"auto\">\u00a0<\/span><span data-contrast=\"auto\">Minimalismus und das tiefe Verst\u00e4ndnis f\u00fcr Ihre nat\u00fcrliche Sch\u00f6nheit zeichnen unsere Arbeit aus.<\/span><span data-ccp-props=\"{&quot;201341983&quot;:2,&quot;335559739&quot;:450,&quot;335559740&quot;:384}\">\u00a0<\/span><\/p>\n<p><span data-contrast=\"auto\">Wir sind darauf bedacht, das Beste aus unseren Patienten herauszuholen und ihre nat\u00fcrliche Sch\u00f6nheit ins Zentrum der Aufmerksamkeit zu r\u00fccken \u2013 und das alles in einer luxuri\u00f6sen und komfortablen Umgebung, um der kosmetischen Chirurgie und Haartransplantation in der T\u00fcrkei in unserem hochmodernen Krankenhaus eine neue Bedeutung zu verleihen.<\/span><span data-ccp-props=\"{&quot;201341983&quot;:2,&quot;335559739&quot;:160,&quot;335559740&quot;:384}\"><br \/>\n<\/span><\/p>\n<h2><b><span data-contrast=\"auto\">Warum kosmetische Chirurgie und Haartransplantation in der T\u00fcrkei<\/span><\/b><span data-ccp-props=\"{&quot;201341983&quot;:2,&quot;335559739&quot;:240,&quot;335559740&quot;:312}\">\u00a0<\/span><\/h2>\n<p><span data-contrast=\"auto\">Die internationale Aktivit\u00e4t der T\u00fcrkei ist auf dem Vormarsch, die Attraktivit\u00e4t steigt rapide und die M\u00f6glichkeiten f\u00fcr den Medizintourismus sind im \u00dcberfluss vorhanden.<\/span><span data-contrast=\"auto\">\u00a0<\/span><span data-contrast=\"auto\">Viele entdecken die faszinierenden Vorteile der kosmetischen Chirurgie und der Haartransplantation in der T\u00fcrkei, so dass das Reiseziel immer beliebter wird und sich Interessierte an Haartransplantation und kosmetischer Chirurgie gerne diesem Land zuwenden.<\/span><span data-ccp-props=\"{&quot;201341983&quot;:0,&quot;335559739&quot;:450,&quot;335559740&quot;:240}\">\u00a0<\/span><\/p>\n<p><span data-contrast=\"auto\">Von der Finanzierbarkeit bis zur hohen Qualit\u00e4t der medizinischen Versorgung \u2013 die Haartransplantation und kosmetischen Verfahren in der T\u00fcrkei vereinen das Beste aus beiden Bereichen.<\/span><span data-ccp-props=\"{&quot;201341983&quot;:0,&quot;335559739&quot;:450,&quot;335559740&quot;:240}\">\u00a0<\/span><\/p>\n<p><span data-contrast=\"auto\">Und aufgrund der rasanten Entwicklung erleben die Bereiche Haartransplantation und kosmetische Chirurgie in der T\u00fcrkei einen exponentiellen Aufstieg.<\/span><span data-contrast=\"auto\">\u00a0<\/span><span data-contrast=\"auto\">Die zur Verf\u00fcgung stehenden Technologien sind hochmodern und minimalinvasiv.<\/span><span data-contrast=\"auto\">\u00a0<\/span><span data-contrast=\"auto\">Dabei werden die gew\u00fcnschten Ergebnisse und mehr mit minimalem Aufwand erreicht, um eine m\u00f6glichst nat\u00fcrliche \u00c4sthetik zu gew\u00e4hrleisten.<\/span><span data-ccp-props=\"{&quot;201341983&quot;:0,&quot;335559739&quot;:450,&quot;335559740&quot;:240}\">\u00a0<\/span><\/p>\n<p><span data-contrast=\"auto\">Die\u00a0Esthete\u00a0Clinic hat ihre ereignisreiche Reise mit dem Wachstum des Gesundheitstourismus begonnen, um sich an die Spitze zu setzen und diesen Bereich zu dominieren.<\/span><\/p>\n<\/div>\n<\/div>\n<\/div>\n<\/div>\n<\/div>\n<p>[\/vc_column_text][\/vc_column][vc_column width=&#8221;1\/3&#8243;]\n<div class=\"wpcf7 no-js\" id=\"wpcf7-f7803-o1\" lang=\"de-DE\" dir=\"ltr\">\n<div class=\"screen-reader-response\"><p role=\"status\" aria-live=\"polite\" aria-atomic=\"true\"><\/p> <ul><\/ul><\/div>\n<form action=\"\/de\/wp-json\/wp\/v2\/pages\/8021#wpcf7-f7803-o1\" method=\"post\" class=\"wpcf7-form init\" aria-label=\"Kontaktformular\" novalidate=\"novalidate\" data-status=\"init\">\n<div style=\"display: none;\">\n<input type=\"hidden\" name=\"_wpcf7\" value=\"7803\" \/>\n<input type=\"hidden\" name=\"_wpcf7_version\" value=\"5.9.6\" \/>\n<input type=\"hidden\" name=\"_wpcf7_locale\" value=\"de_DE\" \/>\n<input type=\"hidden\" name=\"_wpcf7_unit_tag\" value=\"wpcf7-f7803-o1\" \/>\n<input type=\"hidden\" name=\"_wpcf7_container_post\" value=\"0\" \/>\n<input type=\"hidden\" name=\"_wpcf7_posted_data_hash\" value=\"\" \/>\n<\/div>\n<div class=\"contact-form-tu\">\n\t<h3 style=\"text-align:center;color:white;\">Kostenlose Beratung erhalten\n\t<\/h3>\n\t<p style=\"text-align:center;color:white;\">Bitte f\u00fcllen Sie das untenstehende Formular aus und wir werden Sie in K\u00fcrze kontaktieren\n\t<\/p>\n\t<p><span class=\"wpcf7-form-control-wrap\" data-name=\"nameee\"><input size=\"40\" maxlength=\"80\" class=\"wpcf7-form-control wpcf7-text wpcf7-validates-as-required\" aria-required=\"true\" aria-invalid=\"false\" placeholder=\"Ihr Name*\" value=\"\" type=\"text\" name=\"nameee\" \/><\/span>\n\t<\/p>\n\t<p><span class=\"wpcf7-form-control-wrap\" data-name=\"emailll\"><input size=\"40\" maxlength=\"80\" class=\"wpcf7-form-control wpcf7-email wpcf7-text wpcf7-validates-as-email\" aria-invalid=\"false\" placeholder=\"E-Mail-Adresse*\" value=\"\" type=\"email\" name=\"emailll\" \/><\/span>\n\t<\/p>\n\t<p>[phonetext* numberrrrr]\n\t<\/p>\n\t<p><span class=\"wpcf7-form-control-wrap\" data-name=\"messageeeee\"><textarea cols=\"40\" rows=\"10\" maxlength=\"400\" class=\"wpcf7-form-control wpcf7-textarea\" aria-invalid=\"false\" placeholder=\"Nachricht\" name=\"messageeeee\"><\/textarea><\/span>\n\t<\/p>\n\t<p><input class=\"wpcf7-form-control wpcf7-submit has-spinner\" type=\"submit\" value=\"ABSENDEN\" \/>\n\t<\/p>\n<\/div><div class=\"wpcf7-response-output\" aria-hidden=\"true\"><\/div>\n<\/form>\n<\/div>\n[\/vc_column][\/vc_row]<\/p>\n","protected":false},"excerpt":{"rendered":"<p>[vc_row css=&#8221;.vc_custom_1634891930611{margin-top: 50px !important;}&#8221;][vc_column width=&#8221;2\/3&#8243; css=&#8221;.vc_custom_1634891951386{margin-bottom: 30px !important;}&#8221;][vc_column_text] \u00dcber Unsere Klinik Die\u00a0Esthete\u00a0Klinik ist eine f\u00fchrende Klinik f\u00fcr kosmetische Chirurgie, die ihre au\u00dfergew\u00f6hnliche Reise in Istanbul in der T\u00fcrkei im Jahr 2009 begann.\u00a0Gegr\u00fcndet von den f\u00fchrenden Chirurgen der T\u00fcrkei, hat sich die\u00a0Esthete\u00a0Clinic zu der Adresse f\u00fcr Sch\u00f6nheit entwickelt. Sie beherbergt in ihrem Team au\u00dfergew\u00f6hnliche Chirurgen, die&#8230;<\/p>\n","protected":false},"author":3,"featured_media":7688,"parent":0,"menu_order":0,"comment_status":"closed","ping_status":"closed","template":"","meta":{"footnotes":""},"class_list":["post-8021","page","type-page","status-publish","has-post-thumbnail","hentry"],"yoast_head":"<!-- This site is optimized with the Yoast SEO plugin v23.0 - https:\/\/yoast.com\/wordpress\/plugins\/seo\/ -->\n<title>\u00dcber Uns - Startseite<\/title>\n<meta name=\"robots\" content=\"index, follow, max-snippet:-1, max-image-preview:large, max-video-preview:-1\" \/>\n<link rel=\"canonical\" href=\"https:\/\/estheteclinic.com\/about-us\/\" \/>\n<meta property=\"og:locale\" content=\"de_DE\" \/>\n<meta property=\"og:type\" content=\"article\" \/>\n<meta property=\"og:title\" content=\"\u00dcber Uns - Startseite\" \/>\n<meta property=\"og:description\" content=\"[vc_row css=&#8221;.vc_custom_1634891930611{margin-top: 50px !important;}&#8221;][vc_column width=&#8221;2\/3&#8243; css=&#8221;.vc_custom_1634891951386{margin-bottom: 30px !important;}&#8221;][vc_column_text] \u00dcber Unsere Klinik Die\u00a0Esthete\u00a0Klinik ist eine f\u00fchrende Klinik f\u00fcr kosmetische Chirurgie, die ihre au\u00dfergew\u00f6hnliche Reise in Istanbul in der T\u00fcrkei im Jahr 2009 begann.\u00a0Gegr\u00fcndet von den f\u00fchrenden Chirurgen der T\u00fcrkei, hat sich die\u00a0Esthete\u00a0Clinic zu der Adresse f\u00fcr Sch\u00f6nheit entwickelt. Sie beherbergt in ihrem Team au\u00dfergew\u00f6hnliche Chirurgen, die...\" \/>\n<meta property=\"og:url\" content=\"https:\/\/estheteclinic.com\/about-us\/\" \/>\n<meta property=\"og:site_name\" content=\"Startseite\" \/>\n<meta property=\"article:modified_time\" content=\"2021-11-09T14:51:18+00:00\" \/>\n<meta property=\"og:image\" content=\"https:\/\/estheteclinic.com\/wp-content\/uploads\/2021\/11\/about-us-banner.jpg\" \/>\n\t<meta property=\"og:image:width\" content=\"1500\" \/>\n\t<meta property=\"og:image:height\" content=\"895\" \/>\n\t<meta property=\"og:image:type\" content=\"image\/jpeg\" \/>\n<meta name=\"twitter:card\" content=\"summary_large_image\" \/>\n<meta name=\"twitter:label1\" content=\"Gesch\u00e4tzte Lesezeit\" \/>\n\t<meta name=\"twitter:data1\" content=\"2\u00a0Minuten\" \/>\n<script type=\"application\/ld+json\" class=\"yoast-schema-graph\">{\"@context\":\"https:\/\/schema.org\",\"@graph\":[{\"@type\":\"WebPage\",\"@id\":\"https:\/\/estheteclinic.com\/about-us\/\",\"url\":\"https:\/\/estheteclinic.com\/about-us\/\",\"name\":\"\u00dcber Uns - Startseite\",\"isPartOf\":{\"@id\":\"https:\/\/estheteclinic.com\/#website\"},\"primaryImageOfPage\":{\"@id\":\"https:\/\/estheteclinic.com\/about-us\/#primaryimage\"},\"image\":{\"@id\":\"https:\/\/estheteclinic.com\/about-us\/#primaryimage\"},\"thumbnailUrl\":\"https:\/\/estheteclinic.com\/wp-content\/uploads\/2021\/11\/about-us-banner.jpg\",\"datePublished\":\"2021-11-06T14:43:46+00:00\",\"dateModified\":\"2021-11-09T14:51:18+00:00\",\"breadcrumb\":{\"@id\":\"https:\/\/estheteclinic.com\/about-us\/#breadcrumb\"},\"inLanguage\":\"de\",\"potentialAction\":[{\"@type\":\"ReadAction\",\"target\":[\"https:\/\/estheteclinic.com\/about-us\/\"]}]},{\"@type\":\"ImageObject\",\"inLanguage\":\"de\",\"@id\":\"https:\/\/estheteclinic.com\/about-us\/#primaryimage\",\"url\":\"https:\/\/estheteclinic.com\/wp-content\/uploads\/2021\/11\/about-us-banner.jpg\",\"contentUrl\":\"https:\/\/estheteclinic.com\/wp-content\/uploads\/2021\/11\/about-us-banner.jpg\",\"width\":1500,\"height\":895},{\"@type\":\"BreadcrumbList\",\"@id\":\"https:\/\/estheteclinic.com\/about-us\/#breadcrumb\",\"itemListElement\":[{\"@type\":\"ListItem\",\"position\":1,\"name\":\"Home\",\"item\":\"https:\/\/estheteclinic.com\/de\/\"},{\"@type\":\"ListItem\",\"position\":2,\"name\":\"\u00dcber Uns\"}]},{\"@type\":\"WebSite\",\"@id\":\"https:\/\/estheteclinic.com\/#website\",\"url\":\"https:\/\/estheteclinic.com\/\",\"name\":\"Startseite\",\"description\":\"Plastic Surgery &amp; Hair Transplant in Turkey\",\"potentialAction\":[{\"@type\":\"SearchAction\",\"target\":{\"@type\":\"EntryPoint\",\"urlTemplate\":\"https:\/\/estheteclinic.com\/?s={search_term_string}\"},\"query-input\":\"required name=search_term_string\"}],\"inLanguage\":\"de\"}]}<\/script>\n<!-- \/ Yoast SEO plugin. -->","yoast_head_json":{"title":"\u00dcber Uns - Startseite","robots":{"index":"index","follow":"follow","max-snippet":"max-snippet:-1","max-image-preview":"max-image-preview:large","max-video-preview":"max-video-preview:-1"},"canonical":"https:\/\/estheteclinic.com\/about-us\/","og_locale":"de_DE","og_type":"article","og_title":"\u00dcber Uns - Startseite","og_description":"[vc_row css=&#8221;.vc_custom_1634891930611{margin-top: 50px !important;}&#8221;][vc_column width=&#8221;2\/3&#8243; css=&#8221;.vc_custom_1634891951386{margin-bottom: 30px !important;}&#8221;][vc_column_text] \u00dcber Unsere Klinik Die\u00a0Esthete\u00a0Klinik ist eine f\u00fchrende Klinik f\u00fcr kosmetische Chirurgie, die ihre au\u00dfergew\u00f6hnliche Reise in Istanbul in der T\u00fcrkei im Jahr 2009 begann.\u00a0Gegr\u00fcndet von den f\u00fchrenden Chirurgen der T\u00fcrkei, hat sich die\u00a0Esthete\u00a0Clinic zu der Adresse f\u00fcr Sch\u00f6nheit entwickelt. Sie beherbergt in ihrem Team au\u00dfergew\u00f6hnliche Chirurgen, die...","og_url":"https:\/\/estheteclinic.com\/about-us\/","og_site_name":"Startseite","article_modified_time":"2021-11-09T14:51:18+00:00","og_image":[{"width":1500,"height":895,"url":"https:\/\/estheteclinic.com\/wp-content\/uploads\/2021\/11\/about-us-banner.jpg","type":"image\/jpeg"}],"twitter_card":"summary_large_image","twitter_misc":{"Gesch\u00e4tzte Lesezeit":"2\u00a0Minuten"},"schema":{"@context":"https:\/\/schema.org","@graph":[{"@type":"WebPage","@id":"https:\/\/estheteclinic.com\/about-us\/","url":"https:\/\/estheteclinic.com\/about-us\/","name":"\u00dcber Uns - Startseite","isPartOf":{"@id":"https:\/\/estheteclinic.com\/#website"},"primaryImageOfPage":{"@id":"https:\/\/estheteclinic.com\/about-us\/#primaryimage"},"image":{"@id":"https:\/\/estheteclinic.com\/about-us\/#primaryimage"},"thumbnailUrl":"https:\/\/estheteclinic.com\/wp-content\/uploads\/2021\/11\/about-us-banner.jpg","datePublished":"2021-11-06T14:43:46+00:00","dateModified":"2021-11-09T14:51:18+00:00","breadcrumb":{"@id":"https:\/\/estheteclinic.com\/about-us\/#breadcrumb"},"inLanguage":"de","potentialAction":[{"@type":"ReadAction","target":["https:\/\/estheteclinic.com\/about-us\/"]}]},{"@type":"ImageObject","inLanguage":"de","@id":"https:\/\/estheteclinic.com\/about-us\/#primaryimage","url":"https:\/\/estheteclinic.com\/wp-content\/uploads\/2021\/11\/about-us-banner.jpg","contentUrl":"https:\/\/estheteclinic.com\/wp-content\/uploads\/2021\/11\/about-us-banner.jpg","width":1500,"height":895},{"@type":"BreadcrumbList","@id":"https:\/\/estheteclinic.com\/about-us\/#breadcrumb","itemListElement":[{"@type":"ListItem","position":1,"name":"Home","item":"https:\/\/estheteclinic.com\/de\/"},{"@type":"ListItem","position":2,"name":"\u00dcber Uns"}]},{"@type":"WebSite","@id":"https:\/\/estheteclinic.com\/#website","url":"https:\/\/estheteclinic.com\/","name":"Startseite","description":"Plastic Surgery &amp; Hair Transplant in Turkey","potentialAction":[{"@type":"SearchAction","target":{"@type":"EntryPoint","urlTemplate":"https:\/\/estheteclinic.com\/?s={search_term_string}"},"query-input":"required name=search_term_string"}],"inLanguage":"de"}]}},"_links":{"self":[{"href":"https:\/\/estheteclinic.com\/de\/wp-json\/wp\/v2\/pages\/8021","targetHints":{"allow":["GET"]}}],"collection":[{"href":"https:\/\/estheteclinic.com\/de\/wp-json\/wp\/v2\/pages"}],"about":[{"href":"https:\/\/estheteclinic.com\/de\/wp-json\/wp\/v2\/types\/page"}],"author":[{"embeddable":true,"href":"https:\/\/estheteclinic.com\/de\/wp-json\/wp\/v2\/users\/3"}],"replies":[{"embeddable":true,"href":"https:\/\/estheteclinic.com\/de\/wp-json\/wp\/v2\/comments?post=8021"}],"version-history":[{"count":2,"href":"https:\/\/estheteclinic.com\/de\/wp-json\/wp\/v2\/pages\/8021\/revisions"}],"predecessor-version":[{"id":8407,"href":"https:\/\/estheteclinic.com\/de\/wp-json\/wp\/v2\/pages\/8021\/revisions\/8407"}],"wp:featuredmedia":[{"embeddable":true,"href":"https:\/\/estheteclinic.com\/de\/wp-json\/wp\/v2\/media\/7688"}],"wp:attachment":[{"href":"https:\/\/estheteclinic.com\/de\/wp-json\/wp\/v2\/media?parent=8021"}],"curies":[{"name":"wp","href":"https:\/\/api.w.org\/{rel}","templated":true}]}}