{"id":8033,"date":"2021-11-06T14:48:58","date_gmt":"2021-11-06T14:48:58","guid":{"rendered":"http:\/\/estheteclinic.com\/?page_id=8033"},"modified":"2021-11-26T13:07:38","modified_gmt":"2021-11-26T13:07:38","slug":"armstraffung","status":"publish","type":"page","link":"https:\/\/estheteclinic.com\/de\/armstraffung\/","title":{"rendered":"Armstraffung"},"content":{"rendered":"<p>[vc_row][vc_column width=&#8221;2\/3&#8243;][vc_column_text]<\/p>\n<div class=\"wpb_column vc_column_container vc_col-sm-8\">\n<div class=\"vc_column-inner\">\n<div class=\"wpb_wrapper\">\n<div class=\"wpb_text_column wpb_content_element \">\n<div class=\"wpb_wrapper\">\n<div class=\"wpb_column vc_column_container vc_col-sm-8\">\n<div class=\"vc_column-inner\">\n<div class=\"wpb_wrapper\">\n<div class=\"wpb_text_column wpb_content_element \">\n<div class=\"wpb_wrapper\">\n<p>Ein Armlifting ist ein kosmetisch-chirurgischer Eingriff, der die Form der Arme, typischerweise der Oberarme, verbessert, indem die gesamte \u00fcbersch\u00fcssige Haut sowie das Fett entfernt werden.<\/p>\n<p>W\u00e4hrend des Eingriffs wird Ihr Arzt gezielt die Erschlaffung zwischen den Achseln und dem Ellenbogen behandeln, um Ihren Armen ein verj\u00fcngtes Aussehen zu verleihen. Das Verfahren ist f\u00fcr Sie geeignet, wenn Sie hartn\u00e4ckige Erschlaffungen aufgrund von Alterung oder Gewichtsverlust haben, die nicht gut mit Bewegung harmonieren.<\/p>\n<h2><strong>So bereiten Sie sich auf ein Armlifting vor<\/strong><\/h2>\n<p>\u2013 Essen und trinken Sie 6-8 Stunden vor einem Armlifting nichts mehr. Wenden Sie sich an Ihren Arzt, wenn Sie diesen Zeitbereich nicht einhalten k\u00f6nnen.<\/p>\n<ul>\n<li>Wenn Sie Alkohol trinken, m\u00fcssen Sie 2 Wochen vor Ihrem Armlifting damit aufh\u00f6ren<\/li>\n<li>Wenn Sie rauchen, sollten Sie ab 2 Wochen vor dem Armlifting damit aufh\u00f6ren<\/li>\n<li>Beenden Sie die Einnahme von Vitamin E und Blutverd\u00fcnnern 2 Wochen vor der Operation<\/li>\n<\/ul>\n<h2><strong>Verfahren zur Armstraffung<\/strong><\/h2>\n<h3><strong>Vor der Operation<\/strong><\/h3>\n<p>Unser Team der Esthete Clinic wird vor der Vollnarkose routinem\u00e4\u00dfige Bluttests durchf\u00fchren. Damit soll sichergestellt werden, dass Sie in einem guten Zustand f\u00fcr die Operation sind. Anschlie\u00dfend verabreichen wir Ihnen eine Vollnarkose, die Sie auf die Operation vorbereitet.<\/p>\n<h3><strong>Chirurgie<\/strong><\/h3>\n<p>Bei einer Armstraffung setzt Ihr Arzt Einschnitte an der Innenseite der Arme. Dies dient dazu, Ihre Narben nach der Genesung zu verbergen.<\/p>\n<p>Es gibt keine Standardl\u00e4nge oder ein Standardmuster f\u00fcr die Einschnitte. Dies h\u00e4ngt haupts\u00e4chlich von Ihren Problembereichen und Ihren Zielen ab.<\/p>\n<p>Durch die Einschnitte wird Ihr Arzt auf die darunter liegende Muskel- und Gewebeschicht zugreifen, um sie zu straffen. Die \u00c4nderungen werden durch N\u00e4hte gesichert und anschlie\u00dfend wird die \u00fcbersch\u00fcssige Haut weggeschnitten. Wenn Sie Fett haben, das entfernt werden muss, wird Ihr Arzt eine Fettabsaugung durchf\u00fchren, um das Fett zu entfernen.<\/p>\n<p>Die Prozedur der Armstraffung endet damit, dass Ihr Arzt die Haut gl\u00e4ttet und sie wieder an ihren Platz setzt. Ihr Arzt verschlie\u00dft die Einschnitte mit N\u00e4hten.<\/p>\n<h3><strong>Nach der Operation<\/strong><\/h3>\n<p>Sie bleiben eine Stunde im Operationssaal, bevor Sie vom \u00c4rzteteam der Esthete-Klinik in Ihr Krankenzimmer verlegt werden. Sie werden das Ergebnis nicht sehen k\u00f6nnen, da elastische Bandagen Ihre Arme nach einer Armstraffung abdecken. Unter den Verb\u00e4nden wird Ihr Arzt Drainagen anbringen, um die gesamte \u00fcbersch\u00fcssige Fl\u00fcssigkeit und den Blutausfluss zu entfernen.<\/p>\n<h2><strong>Genesung nach einem Armlifting<\/strong><\/h2>\n<p>Schwellungen sind nach dem Eingriff ganz normal, das elastische Band hilft, diese zu reduzieren. Sie k\u00f6nnen \u00d6deme nach einem Armlifting weiter abmildern, indem Sie Ihre Arme in einem erh\u00f6hten Winkel lagern.<\/p>\n<p>Innerhalb von 2 Tagen kommen Sie zu einer Nachuntersuchung, bei der Ihr Arzt die Drainagen entfernen wird. Danach beginnen Sie, eine Kompressionsmanschette zu tragen, um die besten Ergebnisse bei einer Armstraffung zu erzielen.<\/p>\n<p>Einige Hinweise, die Sie beachten sollten, um das Ergebnis Ihres Armliftings nicht zu gef\u00e4hrden.<\/p>\n<ul>\n<li>Vermeiden Sie vier bis acht Wochen nach einer Armstraffung alle ruckartigen oder gro\u00dfen Bewegungen, die Ihre Arme und Brust betreffen<\/li>\n<li>Heben Sie Ihre Arme vier Wochen nach einem Armlifting nicht \u00fcber Ihre Schulter<\/li>\n<li>Vermeiden Sie vier bis acht Wochen nach der Operation anstrengende \u00dcbungen<\/li>\n<li>Halten Sie sich an Ihren Medikamentenplan und verwenden Sie Ihre Salben gem\u00e4\u00df den Anweisungen Ihres Arztes<\/li>\n<\/ul>\n<h2><strong>Ergebnisse des Armliftings\u00a0<\/strong><\/h2>\n<p>Ein Armlifting kann das straffe Aussehen Ihrer Oberarme wiederherstellen und ihnen eine jugendliche Festigkeit verleihen.<\/p>\n<p>Die Ergebnisse der Armstraffung sind lang anhaltend, wenn Sie Ihr Gewicht halten. Eine gewisse Festigkeit kann mit zunehmendem Alter nachlassen, was ganz nat\u00fcrlich ist.<\/p>\n<h2><strong>Anw\u00e4rter f\u00fcr Armlifting<\/strong><\/h2>\n<p>Sie sind f\u00fcr ein Armlifting geeignet, wenn Sie die folgenden Bedingungen erf\u00fcllen:<\/p>\n<ul>\n<li>Sie haben keine schlechte Wundheilung<\/li>\n<li>Sie haben \u00fcbersch\u00fcssige oder schlaffe Haut an den Armen<\/li>\n<\/ul>\n<h2><strong>Dauer des Armliftings<\/strong><\/h2>\n<p>Ein Armlifting-Eingriff kann zwischen einer Stunde und drei Stunden dauern.<\/p>\n<\/div>\n<\/div>\n<\/div>\n<\/div>\n<\/div>\n<\/div>\n<\/div>\n<\/div>\n<\/div>\n<\/div>\n<p>[\/vc_column_text][\/vc_column][vc_column width=&#8221;1\/3&#8243; el_class=&#8221;sticky_contact_form_ttttt&#8221;]\n<div class=\"wpcf7 no-js\" id=\"wpcf7-f7798-o1\" lang=\"de-DE\" dir=\"ltr\">\n<div class=\"screen-reader-response\"><p role=\"status\" aria-live=\"polite\" aria-atomic=\"true\"><\/p> <ul><\/ul><\/div>\n<form action=\"\/de\/wp-json\/wp\/v2\/pages\/8033#wpcf7-f7798-o1\" method=\"post\" class=\"wpcf7-form init\" aria-label=\"Kontaktformular\" novalidate=\"novalidate\" data-status=\"init\">\n<div style=\"display: none;\">\n<input type=\"hidden\" name=\"_wpcf7\" value=\"7798\" \/>\n<input type=\"hidden\" name=\"_wpcf7_version\" value=\"5.9.6\" \/>\n<input type=\"hidden\" name=\"_wpcf7_locale\" value=\"de_DE\" \/>\n<input type=\"hidden\" name=\"_wpcf7_unit_tag\" value=\"wpcf7-f7798-o1\" \/>\n<input type=\"hidden\" name=\"_wpcf7_container_post\" value=\"0\" \/>\n<input type=\"hidden\" name=\"_wpcf7_posted_data_hash\" value=\"\" \/>\n<\/div>\n<div class=\"contact_form_sticky_cf7\">\n\t<h3 style=\"text-align:center;color:white;\">Kostenlose Beratung erhalten\n\t<\/h3>\n\t<p style=\"text-align:center;color:white;\">Bitte f\u00fcllen Sie das untenstehende Formular aus und wir werden Sie in K\u00fcrze kontaktieren\n\t<\/p>\n\t<div class=\"contact-page1 row\">\n\t\t<div class=\"col-sm-6\">\n\t\t\t<p><span class=\"wpcf7-form-control-wrap\" data-name=\"nameeeee\"><input size=\"40\" maxlength=\"80\" class=\"wpcf7-form-control wpcf7-text wpcf7-validates-as-required\" aria-required=\"true\" aria-invalid=\"false\" placeholder=\"Ihr Name*\" value=\"\" type=\"text\" name=\"nameeeee\" \/><\/span>\n\t\t\t<\/p>\n\t\t<\/div>\n\t\t<div class=\"col-sm-6\">\n\t\t\t<p><span class=\"wpcf7-form-control-wrap\" data-name=\"emaillll\"><input size=\"40\" maxlength=\"80\" class=\"wpcf7-form-control wpcf7-email wpcf7-text wpcf7-validates-as-email\" aria-invalid=\"false\" placeholder=\"E-Mail-Adresse\" value=\"\" type=\"email\" name=\"emaillll\" \/><\/span>\n\t\t\t<\/p>\n\t\t<\/div>\n\t\t<div class=\"col-sm-12\" style=\"padding-bottom:20px;\">\n\t\t\t<p>[phonetext* phoneeee numberonly]\n\t\t\t<\/p>\n\t\t<\/div>\n\t\t<div class=\"col-sm-12\">\n\t\t\t<p><span class=\"wpcf7-form-control-wrap\" data-name=\"messageeeeee\"><textarea cols=\"40\" rows=\"10\" maxlength=\"400\" class=\"wpcf7-form-control wpcf7-textarea\" aria-invalid=\"false\" placeholder=\"Nachricht\" name=\"messageeeeee\"><\/textarea><\/span>\n\t\t\t<\/p>\n\t\t<\/div>\n\t<\/div>\n\t<p><input class=\"wpcf7-form-control wpcf7-submit has-spinner\" type=\"submit\" value=\"ABSENDEN\" \/>\n\t<\/p>\n<\/div><div class=\"wpcf7-response-output\" aria-hidden=\"true\"><\/div>\n<\/form>\n<\/div>\n[\/vc_column][\/vc_row]<\/p>\n","protected":false},"excerpt":{"rendered":"<p>[vc_row][vc_column width=&#8221;2\/3&#8243;][vc_column_text] Ein Armlifting ist ein kosmetisch-chirurgischer Eingriff, der die Form der Arme, typischerweise der Oberarme, verbessert, indem die gesamte \u00fcbersch\u00fcssige Haut sowie das Fett entfernt werden. W\u00e4hrend des Eingriffs wird Ihr Arzt gezielt die Erschlaffung zwischen den Achseln und dem Ellenbogen behandeln, um Ihren Armen ein verj\u00fcngtes Aussehen zu verleihen. Das Verfahren ist f\u00fcr&#8230;<\/p>\n","protected":false},"author":3,"featured_media":8625,"parent":0,"menu_order":0,"comment_status":"closed","ping_status":"closed","template":"","meta":{"footnotes":""},"class_list":["post-8033","page","type-page","status-publish","has-post-thumbnail","hentry"],"yoast_head":"<!-- This site is optimized with the Yoast SEO plugin v23.0 - https:\/\/yoast.com\/wordpress\/plugins\/seo\/ -->\n<title>Armstraffung - Startseite<\/title>\n<meta name=\"robots\" content=\"index, follow, max-snippet:-1, max-image-preview:large, max-video-preview:-1\" \/>\n<link rel=\"canonical\" href=\"https:\/\/estheteclinic.com\/arm-lift\/\" \/>\n<meta property=\"og:locale\" content=\"de_DE\" \/>\n<meta property=\"og:type\" content=\"article\" \/>\n<meta property=\"og:title\" content=\"Armstraffung - Startseite\" \/>\n<meta property=\"og:description\" content=\"[vc_row][vc_column width=&#8221;2\/3&#8243;][vc_column_text] Ein Armlifting ist ein kosmetisch-chirurgischer Eingriff, der die Form der Arme, typischerweise der Oberarme, verbessert, indem die gesamte \u00fcbersch\u00fcssige Haut sowie das Fett entfernt werden. W\u00e4hrend des Eingriffs wird Ihr Arzt gezielt die Erschlaffung zwischen den Achseln und dem Ellenbogen behandeln, um Ihren Armen ein verj\u00fcngtes Aussehen zu verleihen. Das Verfahren ist f\u00fcr...\" \/>\n<meta property=\"og:url\" content=\"https:\/\/estheteclinic.com\/arm-lift\/\" \/>\n<meta property=\"og:site_name\" content=\"Startseite\" \/>\n<meta property=\"article:modified_time\" content=\"2021-11-26T13:07:38+00:00\" \/>\n<meta property=\"og:image\" content=\"https:\/\/estheteclinic.com\/wp-content\/uploads\/2021\/11\/Arm-Lift-112.jpg\" \/>\n\t<meta property=\"og:image:width\" content=\"2500\" \/>\n\t<meta property=\"og:image:height\" content=\"1368\" \/>\n\t<meta property=\"og:image:type\" content=\"image\/jpeg\" \/>\n<meta name=\"twitter:card\" content=\"summary_large_image\" \/>\n<meta name=\"twitter:label1\" content=\"Gesch\u00e4tzte Lesezeit\" \/>\n\t<meta name=\"twitter:data1\" content=\"3\u00a0Minuten\" \/>\n<script type=\"application\/ld+json\" class=\"yoast-schema-graph\">{\"@context\":\"https:\/\/schema.org\",\"@graph\":[{\"@type\":\"WebPage\",\"@id\":\"https:\/\/estheteclinic.com\/arm-lift\/\",\"url\":\"https:\/\/estheteclinic.com\/arm-lift\/\",\"name\":\"Armstraffung - Startseite\",\"isPartOf\":{\"@id\":\"https:\/\/estheteclinic.com\/#website\"},\"primaryImageOfPage\":{\"@id\":\"https:\/\/estheteclinic.com\/arm-lift\/#primaryimage\"},\"image\":{\"@id\":\"https:\/\/estheteclinic.com\/arm-lift\/#primaryimage\"},\"thumbnailUrl\":\"https:\/\/estheteclinic.com\/wp-content\/uploads\/2021\/11\/Arm-Lift-112.jpg\",\"datePublished\":\"2021-11-06T14:48:58+00:00\",\"dateModified\":\"2021-11-26T13:07:38+00:00\",\"breadcrumb\":{\"@id\":\"https:\/\/estheteclinic.com\/arm-lift\/#breadcrumb\"},\"inLanguage\":\"de\",\"potentialAction\":[{\"@type\":\"ReadAction\",\"target\":[\"https:\/\/estheteclinic.com\/arm-lift\/\"]}]},{\"@type\":\"ImageObject\",\"inLanguage\":\"de\",\"@id\":\"https:\/\/estheteclinic.com\/arm-lift\/#primaryimage\",\"url\":\"https:\/\/estheteclinic.com\/wp-content\/uploads\/2021\/11\/Arm-Lift-112.jpg\",\"contentUrl\":\"https:\/\/estheteclinic.com\/wp-content\/uploads\/2021\/11\/Arm-Lift-112.jpg\",\"width\":2500,\"height\":1368,\"caption\":\"arm lift\"},{\"@type\":\"BreadcrumbList\",\"@id\":\"https:\/\/estheteclinic.com\/arm-lift\/#breadcrumb\",\"itemListElement\":[{\"@type\":\"ListItem\",\"position\":1,\"name\":\"Home\",\"item\":\"https:\/\/estheteclinic.com\/de\/\"},{\"@type\":\"ListItem\",\"position\":2,\"name\":\"Armstraffung\"}]},{\"@type\":\"WebSite\",\"@id\":\"https:\/\/estheteclinic.com\/#website\",\"url\":\"https:\/\/estheteclinic.com\/\",\"name\":\"Startseite\",\"description\":\"Plastic Surgery &amp; Hair Transplant in Turkey\",\"potentialAction\":[{\"@type\":\"SearchAction\",\"target\":{\"@type\":\"EntryPoint\",\"urlTemplate\":\"https:\/\/estheteclinic.com\/?s={search_term_string}\"},\"query-input\":\"required name=search_term_string\"}],\"inLanguage\":\"de\"}]}<\/script>\n<!-- \/ Yoast SEO plugin. -->","yoast_head_json":{"title":"Armstraffung - Startseite","robots":{"index":"index","follow":"follow","max-snippet":"max-snippet:-1","max-image-preview":"max-image-preview:large","max-video-preview":"max-video-preview:-1"},"canonical":"https:\/\/estheteclinic.com\/arm-lift\/","og_locale":"de_DE","og_type":"article","og_title":"Armstraffung - Startseite","og_description":"[vc_row][vc_column width=&#8221;2\/3&#8243;][vc_column_text] Ein Armlifting ist ein kosmetisch-chirurgischer Eingriff, der die Form der Arme, typischerweise der Oberarme, verbessert, indem die gesamte \u00fcbersch\u00fcssige Haut sowie das Fett entfernt werden. W\u00e4hrend des Eingriffs wird Ihr Arzt gezielt die Erschlaffung zwischen den Achseln und dem Ellenbogen behandeln, um Ihren Armen ein verj\u00fcngtes Aussehen zu verleihen. Das Verfahren ist f\u00fcr...","og_url":"https:\/\/estheteclinic.com\/arm-lift\/","og_site_name":"Startseite","article_modified_time":"2021-11-26T13:07:38+00:00","og_image":[{"width":2500,"height":1368,"url":"https:\/\/estheteclinic.com\/wp-content\/uploads\/2021\/11\/Arm-Lift-112.jpg","type":"image\/jpeg"}],"twitter_card":"summary_large_image","twitter_misc":{"Gesch\u00e4tzte Lesezeit":"3\u00a0Minuten"},"schema":{"@context":"https:\/\/schema.org","@graph":[{"@type":"WebPage","@id":"https:\/\/estheteclinic.com\/arm-lift\/","url":"https:\/\/estheteclinic.com\/arm-lift\/","name":"Armstraffung - Startseite","isPartOf":{"@id":"https:\/\/estheteclinic.com\/#website"},"primaryImageOfPage":{"@id":"https:\/\/estheteclinic.com\/arm-lift\/#primaryimage"},"image":{"@id":"https:\/\/estheteclinic.com\/arm-lift\/#primaryimage"},"thumbnailUrl":"https:\/\/estheteclinic.com\/wp-content\/uploads\/2021\/11\/Arm-Lift-112.jpg","datePublished":"2021-11-06T14:48:58+00:00","dateModified":"2021-11-26T13:07:38+00:00","breadcrumb":{"@id":"https:\/\/estheteclinic.com\/arm-lift\/#breadcrumb"},"inLanguage":"de","potentialAction":[{"@type":"ReadAction","target":["https:\/\/estheteclinic.com\/arm-lift\/"]}]},{"@type":"ImageObject","inLanguage":"de","@id":"https:\/\/estheteclinic.com\/arm-lift\/#primaryimage","url":"https:\/\/estheteclinic.com\/wp-content\/uploads\/2021\/11\/Arm-Lift-112.jpg","contentUrl":"https:\/\/estheteclinic.com\/wp-content\/uploads\/2021\/11\/Arm-Lift-112.jpg","width":2500,"height":1368,"caption":"arm lift"},{"@type":"BreadcrumbList","@id":"https:\/\/estheteclinic.com\/arm-lift\/#breadcrumb","itemListElement":[{"@type":"ListItem","position":1,"name":"Home","item":"https:\/\/estheteclinic.com\/de\/"},{"@type":"ListItem","position":2,"name":"Armstraffung"}]},{"@type":"WebSite","@id":"https:\/\/estheteclinic.com\/#website","url":"https:\/\/estheteclinic.com\/","name":"Startseite","description":"Plastic Surgery &amp; Hair Transplant in Turkey","potentialAction":[{"@type":"SearchAction","target":{"@type":"EntryPoint","urlTemplate":"https:\/\/estheteclinic.com\/?s={search_term_string}"},"query-input":"required name=search_term_string"}],"inLanguage":"de"}]}},"_links":{"self":[{"href":"https:\/\/estheteclinic.com\/de\/wp-json\/wp\/v2\/pages\/8033","targetHints":{"allow":["GET"]}}],"collection":[{"href":"https:\/\/estheteclinic.com\/de\/wp-json\/wp\/v2\/pages"}],"about":[{"href":"https:\/\/estheteclinic.com\/de\/wp-json\/wp\/v2\/types\/page"}],"author":[{"embeddable":true,"href":"https:\/\/estheteclinic.com\/de\/wp-json\/wp\/v2\/users\/3"}],"replies":[{"embeddable":true,"href":"https:\/\/estheteclinic.com\/de\/wp-json\/wp\/v2\/comments?post=8033"}],"version-history":[{"count":2,"href":"https:\/\/estheteclinic.com\/de\/wp-json\/wp\/v2\/pages\/8033\/revisions"}],"predecessor-version":[{"id":8629,"href":"https:\/\/estheteclinic.com\/de\/wp-json\/wp\/v2\/pages\/8033\/revisions\/8629"}],"wp:featuredmedia":[{"embeddable":true,"href":"https:\/\/estheteclinic.com\/de\/wp-json\/wp\/v2\/media\/8625"}],"wp:attachment":[{"href":"https:\/\/estheteclinic.com\/de\/wp-json\/wp\/v2\/media?parent=8033"}],"curies":[{"name":"wp","href":"https:\/\/api.w.org\/{rel}","templated":true}]}}