{"id":8043,"date":"2021-11-06T14:58:01","date_gmt":"2021-11-06T14:58:01","guid":{"rendered":"http:\/\/estheteclinic.com\/?page_id=8043"},"modified":"2021-11-26T09:35:15","modified_gmt":"2021-11-26T09:35:15","slug":"bbl","status":"publish","type":"page","link":"https:\/\/estheteclinic.com\/de\/bbl\/","title":{"rendered":"BBL"},"content":{"rendered":"<p>[vc_row][vc_column width=&#8221;2\/3&#8243;][vc_column_text]Die brasilianische Ges\u00e4\u00dfstraffung (Brazilian Butt Lift \u2013 BBL) ist ein chirurgischer Eingriff, der durchgef\u00fchrt wird, um den gesamten unteren R\u00fccken- und H\u00fcftbereich neu zu formen und sein Aussehen zu verbessern. Dies geschieht in einem zweistufigen Verfahren, bei dem Fett entnommen und zum Ges\u00e4\u00df transportiert wird. Im ersten Schritt werden mittels Fettabsaugung Fettzellen gesammelt und aus den Problemzonen entfernt. Im zweiten Schritt werden die Fettzellen je nach Wunsch des Patienten vorsichtig in den Ges\u00e4\u00dfbereich eingebracht. Der Ansatz l\u00e4sst den Po runder und praller erscheinen.<\/p>\n<p>Bei der brasilianischen Ges\u00e4\u00dfstraffung werden mehrere Ans\u00e4tze verwendet, die auf Problemzonen an verschiedenen Stellen des K\u00f6rpers abzielen.<\/p>\n<h2><strong>BBL-Verfahren<\/strong><\/h2>\n<h3><strong>Vor der Operation<\/strong><\/h3>\n<p>Wenn Ihr BBL auf gro\u00dfe Bereiche Ihres Ges\u00e4\u00dfes abzielt, ben\u00f6tigen Sie m\u00f6glicherweise eine Vollnarkose. Andernfalls kann eine Lokalan\u00e4sthesie mit Sedierung ausreichen.<\/p>\n<h3><strong>Chirurgie<\/strong><\/h3>\n<p>Ihr Chirurg wird zun\u00e4chst Fett aus anderen Bereichen mittels Fettabsaugung entfernen. H\u00e4ufige Spenderstellen f\u00fcr Fettzellen sind:<\/p>\n<ul>\n<li>Bauch<\/li>\n<li>Oberschenkel<\/li>\n<li>R\u00fccken<\/li>\n<\/ul>\n<p>Um eine Fettabsaugung durchzuf\u00fchren, muss Ihr Arzt kleine Einschnitte an den Zielbereichen vornehmen. Dann wird Ihr Arzt mit einer Kan\u00fcle das Fett aufbrechen und absaugen.<\/p>\n<p>Bevor das Fett in Ihr Ges\u00e4\u00df injiziert wird, wird es von Ihrem Arzt zun\u00e4chst gereinigt. Wenn das erledigt ist, folgt die systematische Injektion des Fetts in das Ges\u00e4\u00df, um ein runderes Aussehen zu erreichen. Dieser Vorgang erfordert 3 bis 5 Einschnitte am Ges\u00e4\u00df. Alle Schnitte bei einem BBL werden mit N\u00e4hten verschlossen.<\/p>\n<h3><strong>Genesung Brazilian Butt Lift<\/strong><\/h3>\n<p>Sie k\u00f6nnen Ihre t\u00e4glichen Aktivit\u00e4ten 2 Tage nach der Operation wieder aufnehmen. Eventuelle Bluterg\u00fcsse und Schwellungen verschwinden innerhalb weniger Tage.<\/p>\n<p>Befolgen Sie die folgenden Anweisungen f\u00fcr eine reibungslose Genesung:<\/p>\n<ul>\n<li>Vermeiden Sie nach einem BBL einen Monat lang anstrengende \u00dcbungen<\/li>\n<li>Vermeiden Sie es, nach einer brasilianischen Ges\u00e4\u00dfstraffung 2 Wochen lang auf dem Po zu sitzen<\/li>\n<li>Schlafen Sie auf der Seite, bis Ihre Wunden verheilt sind<\/li>\n<\/ul>\n<h2><strong>Ergebnisse der brasilianischen Ges\u00e4\u00dfstraffung<\/strong><\/h2>\n<p>Die Ergebnisse des BBL sind sofort sichtbar, werden aber mit der Zeit besser, wenn die Schwellungen und Bluterg\u00fcsse abklingen. Wenn Sie Ihr Gewicht halten, k\u00f6nnen die Ergebnisse des BBL lang anhaltend sein.<\/p>\n<p>M\u00f6glicherweise ben\u00f6tigen Sie mehr als eine BBL-Prozedur, um Ihre \u00e4sthetischen Ziele zu erreichen.<\/p>\n<h2><strong>Kanditaten des BBL<\/strong><\/h2>\n<p>Im Allgemeinen sind Sie ein geeigneter Kandidat f\u00fcr ein BBL, wenn:<\/p>\n<ul>\n<li>Sie haben keine schlechte Wundheilung<\/li>\n<li>Sie sind bei relativ guter Gesundheit<\/li>\n<li>Sie wollen Ihren H\u00fcft- und Ges\u00e4\u00dfbereich neu formen<\/li>\n<li>Sie haben Bereiche mit unerw\u00fcnschtem Fett<\/li>\n<\/ul>\n<h2><strong>Dauer des Brazilian Butt Lift<\/strong><\/h2>\n<p>Die Dauer der brasilianischen Ges\u00e4\u00dfstraffung variiert je nach gew\u00fcnschtem Aussehen von 1,5 bis 4 Stunden.[\/vc_column_text][\/vc_column][vc_column width=&#8221;1\/3&#8243; el_class=&#8221;sticky_contact_form_ttttt&#8221;]\n<div class=\"wpcf7 no-js\" id=\"wpcf7-f7798-o1\" lang=\"de-DE\" dir=\"ltr\">\n<div class=\"screen-reader-response\"><p role=\"status\" aria-live=\"polite\" aria-atomic=\"true\"><\/p> <ul><\/ul><\/div>\n<form action=\"\/de\/wp-json\/wp\/v2\/pages\/8043#wpcf7-f7798-o1\" method=\"post\" class=\"wpcf7-form init\" aria-label=\"Kontaktformular\" novalidate=\"novalidate\" data-status=\"init\">\n<div style=\"display: none;\">\n<input type=\"hidden\" name=\"_wpcf7\" value=\"7798\" \/>\n<input type=\"hidden\" name=\"_wpcf7_version\" value=\"5.9.6\" \/>\n<input type=\"hidden\" name=\"_wpcf7_locale\" value=\"de_DE\" \/>\n<input type=\"hidden\" name=\"_wpcf7_unit_tag\" value=\"wpcf7-f7798-o1\" \/>\n<input type=\"hidden\" name=\"_wpcf7_container_post\" value=\"0\" \/>\n<input type=\"hidden\" name=\"_wpcf7_posted_data_hash\" value=\"\" \/>\n<\/div>\n<div class=\"contact_form_sticky_cf7\">\n\t<h3 style=\"text-align:center;color:white;\">Kostenlose Beratung erhalten\n\t<\/h3>\n\t<p style=\"text-align:center;color:white;\">Bitte f\u00fcllen Sie das untenstehende Formular aus und wir werden Sie in K\u00fcrze kontaktieren\n\t<\/p>\n\t<div class=\"contact-page1 row\">\n\t\t<div class=\"col-sm-6\">\n\t\t\t<p><span class=\"wpcf7-form-control-wrap\" data-name=\"nameeeee\"><input size=\"40\" maxlength=\"80\" class=\"wpcf7-form-control wpcf7-text wpcf7-validates-as-required\" aria-required=\"true\" aria-invalid=\"false\" placeholder=\"Ihr Name*\" value=\"\" type=\"text\" name=\"nameeeee\" \/><\/span>\n\t\t\t<\/p>\n\t\t<\/div>\n\t\t<div class=\"col-sm-6\">\n\t\t\t<p><span class=\"wpcf7-form-control-wrap\" data-name=\"emaillll\"><input size=\"40\" maxlength=\"80\" class=\"wpcf7-form-control wpcf7-email wpcf7-text wpcf7-validates-as-email\" aria-invalid=\"false\" placeholder=\"E-Mail-Adresse\" value=\"\" type=\"email\" name=\"emaillll\" \/><\/span>\n\t\t\t<\/p>\n\t\t<\/div>\n\t\t<div class=\"col-sm-12\" style=\"padding-bottom:20px;\">\n\t\t\t<p>[phonetext* phoneeee numberonly]\n\t\t\t<\/p>\n\t\t<\/div>\n\t\t<div class=\"col-sm-12\">\n\t\t\t<p><span class=\"wpcf7-form-control-wrap\" data-name=\"messageeeeee\"><textarea cols=\"40\" rows=\"10\" maxlength=\"400\" class=\"wpcf7-form-control wpcf7-textarea\" aria-invalid=\"false\" placeholder=\"Nachricht\" name=\"messageeeeee\"><\/textarea><\/span>\n\t\t\t<\/p>\n\t\t<\/div>\n\t<\/div>\n\t<p><input class=\"wpcf7-form-control wpcf7-submit has-spinner\" type=\"submit\" value=\"ABSENDEN\" \/>\n\t<\/p>\n<\/div><div class=\"wpcf7-response-output\" aria-hidden=\"true\"><\/div>\n<\/form>\n<\/div>\n[\/vc_column][\/vc_row]<\/p>\n","protected":false},"excerpt":{"rendered":"<p>[vc_row][vc_column width=&#8221;2\/3&#8243;][vc_column_text]Die brasilianische Ges\u00e4\u00dfstraffung (Brazilian Butt Lift \u2013 BBL) ist ein chirurgischer Eingriff, der durchgef\u00fchrt wird, um den gesamten unteren R\u00fccken- und H\u00fcftbereich neu zu formen und sein Aussehen zu verbessern. Dies geschieht in einem zweistufigen Verfahren, bei dem Fett entnommen und zum Ges\u00e4\u00df transportiert wird. Im ersten Schritt werden mittels Fettabsaugung Fettzellen gesammelt und&#8230;<\/p>\n","protected":false},"author":3,"featured_media":8595,"parent":0,"menu_order":0,"comment_status":"closed","ping_status":"closed","template":"","meta":{"footnotes":""},"class_list":["post-8043","page","type-page","status-publish","has-post-thumbnail","hentry"],"yoast_head":"<!-- This site is optimized with the Yoast SEO plugin v23.0 - https:\/\/yoast.com\/wordpress\/plugins\/seo\/ -->\n<title>BBL - Startseite<\/title>\n<meta name=\"robots\" content=\"index, follow, max-snippet:-1, max-image-preview:large, max-video-preview:-1\" \/>\n<link rel=\"canonical\" href=\"https:\/\/estheteclinic.com\/bbl\/\" \/>\n<meta property=\"og:locale\" content=\"de_DE\" \/>\n<meta property=\"og:type\" content=\"article\" \/>\n<meta property=\"og:title\" content=\"BBL - Startseite\" \/>\n<meta property=\"og:description\" content=\"[vc_row][vc_column width=&#8221;2\/3&#8243;][vc_column_text]Die brasilianische Ges\u00e4\u00dfstraffung (Brazilian Butt Lift \u2013 BBL) ist ein chirurgischer Eingriff, der durchgef\u00fchrt wird, um den gesamten unteren R\u00fccken- und H\u00fcftbereich neu zu formen und sein Aussehen zu verbessern. Dies geschieht in einem zweistufigen Verfahren, bei dem Fett entnommen und zum Ges\u00e4\u00df transportiert wird. Im ersten Schritt werden mittels Fettabsaugung Fettzellen gesammelt und...\" \/>\n<meta property=\"og:url\" content=\"https:\/\/estheteclinic.com\/bbl\/\" \/>\n<meta property=\"og:site_name\" content=\"Startseite\" \/>\n<meta property=\"article:modified_time\" content=\"2021-11-26T09:35:15+00:00\" \/>\n<meta property=\"og:image\" content=\"https:\/\/estheteclinic.com\/wp-content\/uploads\/2021\/11\/BBL-rrr.jpg\" \/>\n\t<meta property=\"og:image:width\" content=\"2000\" \/>\n\t<meta property=\"og:image:height\" content=\"1122\" \/>\n\t<meta property=\"og:image:type\" content=\"image\/jpeg\" \/>\n<meta name=\"twitter:card\" content=\"summary_large_image\" \/>\n<meta name=\"twitter:label1\" content=\"Gesch\u00e4tzte Lesezeit\" \/>\n\t<meta name=\"twitter:data1\" content=\"2\u00a0Minuten\" \/>\n<script type=\"application\/ld+json\" class=\"yoast-schema-graph\">{\"@context\":\"https:\/\/schema.org\",\"@graph\":[{\"@type\":\"WebPage\",\"@id\":\"https:\/\/estheteclinic.com\/bbl\/\",\"url\":\"https:\/\/estheteclinic.com\/bbl\/\",\"name\":\"BBL - Startseite\",\"isPartOf\":{\"@id\":\"https:\/\/estheteclinic.com\/#website\"},\"primaryImageOfPage\":{\"@id\":\"https:\/\/estheteclinic.com\/bbl\/#primaryimage\"},\"image\":{\"@id\":\"https:\/\/estheteclinic.com\/bbl\/#primaryimage\"},\"thumbnailUrl\":\"https:\/\/estheteclinic.com\/wp-content\/uploads\/2021\/11\/BBL-rrr.jpg\",\"datePublished\":\"2021-11-06T14:58:01+00:00\",\"dateModified\":\"2021-11-26T09:35:15+00:00\",\"breadcrumb\":{\"@id\":\"https:\/\/estheteclinic.com\/bbl\/#breadcrumb\"},\"inLanguage\":\"de\",\"potentialAction\":[{\"@type\":\"ReadAction\",\"target\":[\"https:\/\/estheteclinic.com\/bbl\/\"]}]},{\"@type\":\"ImageObject\",\"inLanguage\":\"de\",\"@id\":\"https:\/\/estheteclinic.com\/bbl\/#primaryimage\",\"url\":\"https:\/\/estheteclinic.com\/wp-content\/uploads\/2021\/11\/BBL-rrr.jpg\",\"contentUrl\":\"https:\/\/estheteclinic.com\/wp-content\/uploads\/2021\/11\/BBL-rrr.jpg\",\"width\":2000,\"height\":1122,\"caption\":\"bbl\"},{\"@type\":\"BreadcrumbList\",\"@id\":\"https:\/\/estheteclinic.com\/bbl\/#breadcrumb\",\"itemListElement\":[{\"@type\":\"ListItem\",\"position\":1,\"name\":\"Home\",\"item\":\"https:\/\/estheteclinic.com\/de\/\"},{\"@type\":\"ListItem\",\"position\":2,\"name\":\"BBL\"}]},{\"@type\":\"WebSite\",\"@id\":\"https:\/\/estheteclinic.com\/#website\",\"url\":\"https:\/\/estheteclinic.com\/\",\"name\":\"Startseite\",\"description\":\"Plastic Surgery &amp; Hair Transplant in Turkey\",\"potentialAction\":[{\"@type\":\"SearchAction\",\"target\":{\"@type\":\"EntryPoint\",\"urlTemplate\":\"https:\/\/estheteclinic.com\/?s={search_term_string}\"},\"query-input\":\"required name=search_term_string\"}],\"inLanguage\":\"de\"}]}<\/script>\n<!-- \/ Yoast SEO plugin. -->","yoast_head_json":{"title":"BBL - Startseite","robots":{"index":"index","follow":"follow","max-snippet":"max-snippet:-1","max-image-preview":"max-image-preview:large","max-video-preview":"max-video-preview:-1"},"canonical":"https:\/\/estheteclinic.com\/bbl\/","og_locale":"de_DE","og_type":"article","og_title":"BBL - Startseite","og_description":"[vc_row][vc_column width=&#8221;2\/3&#8243;][vc_column_text]Die brasilianische Ges\u00e4\u00dfstraffung (Brazilian Butt Lift \u2013 BBL) ist ein chirurgischer Eingriff, der durchgef\u00fchrt wird, um den gesamten unteren R\u00fccken- und H\u00fcftbereich neu zu formen und sein Aussehen zu verbessern. Dies geschieht in einem zweistufigen Verfahren, bei dem Fett entnommen und zum Ges\u00e4\u00df transportiert wird. Im ersten Schritt werden mittels Fettabsaugung Fettzellen gesammelt und...","og_url":"https:\/\/estheteclinic.com\/bbl\/","og_site_name":"Startseite","article_modified_time":"2021-11-26T09:35:15+00:00","og_image":[{"width":2000,"height":1122,"url":"https:\/\/estheteclinic.com\/wp-content\/uploads\/2021\/11\/BBL-rrr.jpg","type":"image\/jpeg"}],"twitter_card":"summary_large_image","twitter_misc":{"Gesch\u00e4tzte Lesezeit":"2\u00a0Minuten"},"schema":{"@context":"https:\/\/schema.org","@graph":[{"@type":"WebPage","@id":"https:\/\/estheteclinic.com\/bbl\/","url":"https:\/\/estheteclinic.com\/bbl\/","name":"BBL - Startseite","isPartOf":{"@id":"https:\/\/estheteclinic.com\/#website"},"primaryImageOfPage":{"@id":"https:\/\/estheteclinic.com\/bbl\/#primaryimage"},"image":{"@id":"https:\/\/estheteclinic.com\/bbl\/#primaryimage"},"thumbnailUrl":"https:\/\/estheteclinic.com\/wp-content\/uploads\/2021\/11\/BBL-rrr.jpg","datePublished":"2021-11-06T14:58:01+00:00","dateModified":"2021-11-26T09:35:15+00:00","breadcrumb":{"@id":"https:\/\/estheteclinic.com\/bbl\/#breadcrumb"},"inLanguage":"de","potentialAction":[{"@type":"ReadAction","target":["https:\/\/estheteclinic.com\/bbl\/"]}]},{"@type":"ImageObject","inLanguage":"de","@id":"https:\/\/estheteclinic.com\/bbl\/#primaryimage","url":"https:\/\/estheteclinic.com\/wp-content\/uploads\/2021\/11\/BBL-rrr.jpg","contentUrl":"https:\/\/estheteclinic.com\/wp-content\/uploads\/2021\/11\/BBL-rrr.jpg","width":2000,"height":1122,"caption":"bbl"},{"@type":"BreadcrumbList","@id":"https:\/\/estheteclinic.com\/bbl\/#breadcrumb","itemListElement":[{"@type":"ListItem","position":1,"name":"Home","item":"https:\/\/estheteclinic.com\/de\/"},{"@type":"ListItem","position":2,"name":"BBL"}]},{"@type":"WebSite","@id":"https:\/\/estheteclinic.com\/#website","url":"https:\/\/estheteclinic.com\/","name":"Startseite","description":"Plastic Surgery &amp; Hair Transplant in Turkey","potentialAction":[{"@type":"SearchAction","target":{"@type":"EntryPoint","urlTemplate":"https:\/\/estheteclinic.com\/?s={search_term_string}"},"query-input":"required name=search_term_string"}],"inLanguage":"de"}]}},"_links":{"self":[{"href":"https:\/\/estheteclinic.com\/de\/wp-json\/wp\/v2\/pages\/8043","targetHints":{"allow":["GET"]}}],"collection":[{"href":"https:\/\/estheteclinic.com\/de\/wp-json\/wp\/v2\/pages"}],"about":[{"href":"https:\/\/estheteclinic.com\/de\/wp-json\/wp\/v2\/types\/page"}],"author":[{"embeddable":true,"href":"https:\/\/estheteclinic.com\/de\/wp-json\/wp\/v2\/users\/3"}],"replies":[{"embeddable":true,"href":"https:\/\/estheteclinic.com\/de\/wp-json\/wp\/v2\/comments?post=8043"}],"version-history":[{"count":2,"href":"https:\/\/estheteclinic.com\/de\/wp-json\/wp\/v2\/pages\/8043\/revisions"}],"predecessor-version":[{"id":8045,"href":"https:\/\/estheteclinic.com\/de\/wp-json\/wp\/v2\/pages\/8043\/revisions\/8045"}],"wp:featuredmedia":[{"embeddable":true,"href":"https:\/\/estheteclinic.com\/de\/wp-json\/wp\/v2\/media\/8595"}],"wp:attachment":[{"href":"https:\/\/estheteclinic.com\/de\/wp-json\/wp\/v2\/media?parent=8043"}],"curies":[{"name":"wp","href":"https:\/\/api.w.org\/{rel}","templated":true}]}}