{"id":8056,"date":"2021-11-06T15:03:33","date_gmt":"2021-11-06T15:03:33","guid":{"rendered":"http:\/\/estheteclinic.com\/?page_id=8056"},"modified":"2021-11-10T08:16:19","modified_gmt":"2021-11-10T08:16:19","slug":"barttransplantation","status":"publish","type":"page","link":"https:\/\/estheteclinic.com\/de\/barttransplantation\/","title":{"rendered":"Barttransplantation"},"content":{"rendered":"<p>[vc_row][vc_column width=&#8221;2\/3&#8243;][vc_column_text]<span data-contrast=\"auto\">Die Barttransplantation ist ein Verfahren, das die Dichte der Gesichtsbehaarung in einem mikrochirurgischen Eingriff dauerhaft verdichtet und keine Ausfallzeiten verursacht.<\/span> <span data-contrast=\"auto\">Eine Barttransplantation ist eine Unterkategorie der Haartransplantation, einer Methode der Haarwiederherstellung, bei der Ihr eigenes Haar verwendet wird, um Stellen in Ihrem Bart und Schnurrbart aufzuf\u00fcllen.<\/span><\/p>\n<p><span data-contrast=\"auto\">Unabh\u00e4ngig von der zugrundeliegenden Ursache Ihres l\u00fcckenhaften Bartes, ob genetisch bedingt oder durch einen Unfall ausgel\u00f6st, kann eine Barttransplantation Ihnen einen nat\u00fcrlich aussehenden Bart f\u00fcr den Rest Ihres Lebens verleihen.<\/span><\/p>\n<h2><b><span data-contrast=\"auto\">Verfahren der Barttransplantation<\/span><\/b><b><span data-contrast=\"auto\">\u202f<\/span><\/b><\/h2>\n<p><span data-contrast=\"auto\">Eine Barttransplantation umfasst eine bestimmte Reihe von Ma\u00dfnahmen, um Ihre \u00e4sthetischen Ziele zu erreichen.<\/span><\/p>\n<h3><b><span data-contrast=\"auto\">1- Bartdesign<\/span><\/b><\/h3>\n<p><span data-contrast=\"auto\">Bartdesign ist die Phase, in der unsere Praxischirurgen in der Esthete Clinic die voraussichtlichen Umrisse Ihres Bartes zeichnen.<\/span> <span data-contrast=\"auto\">Bei diesem Schritt werden Ihre Gesichtsz\u00fcge ber\u00fccksichtigt, um sicherzustellen, dass das Endergebnis authentisch aussieht und zu Ihrem Gesicht passt.<\/span><\/p>\n<h3><b><span data-contrast=\"auto\">2- An\u00e4sthesie-Anwendung<\/span><\/b><\/h3>\n<p><span data-contrast=\"auto\">Unsere An\u00e4sthesisten in der Esthete Clinic verabreichen Ihnen eine Lokalan\u00e4sthesie, die sowohl Ihre Kopfhaut als auch Ihren Bart auf die Barttransplantation vorbereitet.<\/span><\/p>\n<h3><b><span data-contrast=\"auto\">3- Extraktion von Transplantaten<\/span><\/b><\/h3>\n<p><span data-contrast=\"auto\">Die Extraktion der Transplantate ist die Phase, in der unsere \u00c4rzte in der Esthete Clinic die Haare f\u00fcr Ihren Bart entnehmen.<\/span> <span data-contrast=\"auto\">Wir verwenden das Haar von der Hinterseite Ihrer Kopfhaut, weil es am besten mit der Gesichtsbehaarung kompatibel ist.<\/span> <span data-contrast=\"auto\">Dabei verwenden wir fortschrittliche Technologien, die es uns erm\u00f6glichen, die Qualit\u00e4t der Transplantate zu beurteilen.<\/span> <span data-contrast=\"auto\">Dies ist wichtig, um sicherzustellen, dass Sie dauerhafte Ergebnisse erhalten, ohne sich f\u00fcr eine zweite Barttransplantation entscheiden zu m\u00fcssen.<\/span><\/p>\n<h3><b><span data-contrast=\"auto\">4- Einlegen der Transplantate in Hypothermosoll\u00f6sung<\/span><\/b><\/h3>\n<p><span data-contrast=\"auto\">Die Verwendung von Hypothermosol-L\u00f6sung ist ein notwendiger Schritt, um die Transplantate gesund und in guter Form f\u00fcr die Implantation zu halten.<\/span><\/p>\n<h3><b><span data-contrast=\"auto\">5- Kanal\u00f6ffnung<\/span><\/b><\/h3>\n<p><span data-contrast=\"auto\">Bei diesem Schritt \u00f6ffnen unsere Chirurgen in der Esthete Clinic Kan\u00e4le im Bereich des Bartes.<\/span> <span data-contrast=\"auto\">In diese Kan\u00e4le werden die Transplantate eingepflanzt. Wenn die DHI-Barttransplantationstechnik verwendet wird, ist dieser Schritt nicht enthalten.<\/span> <span data-contrast=\"auto\">Entscheiden Sie sich hingegen f\u00fcr die Sapphire-Bart-Transplantation, verwendet Ihr Chirurg ein spezielles Instrument f\u00fcr ultra-kleine Kan\u00e4le.<\/span> <span data-contrast=\"auto\">Bei der Mikro-FUE-Barttransplantation hingegen erfolgt die Kanal\u00f6ffnung mit herk\u00f6mmlichen Stahlklingen.<\/span><\/p>\n<h3><b><span data-contrast=\"auto\">6- Implantation<\/span><\/b><\/h3>\n<p><span data-contrast=\"auto\">Bei der Implantation werden die Transplantate aus der Hypothermosoll\u00f6sung entnommen und in die zuvor ge\u00f6ffneten Kan\u00e4le im Bartbereich implantiert.<\/span> <span data-contrast=\"auto\">Wenn Sie sich f\u00fcr die DHI-Technik entscheiden, werden die Transplantate mit einem speziellen Stift direkt in den Bart implantiert, ohne vorher Kan\u00e4le zu \u00f6ffnen.<\/span><\/p>\n<h4><b><span data-contrast=\"auto\">Genseung nach der Barttransplantation<\/span><\/b><\/h4>\n<p><span data-contrast=\"auto\">Die Genesung nach einer Barttransplantation verl\u00e4uft reibungslos, da der Eingriff minimalinvasiv ist.<\/span> <span data-contrast=\"auto\">Die Entscheidung f\u00fcr fortschrittlichere Technologien kann Ihre Genesung nach einer Barttransplantation noch weiter erleichtern.<\/span><\/p>\n<ul>\n<li data-leveltext=\"\uf0b7\" data-font=\"Symbol\" data-listid=\"2\" aria-setsize=\"-1\" data-aria-posinset=\"1\" data-aria-level=\"1\"><span data-contrast=\"auto\">3 Wochen lang vor direkter Sonneneinstrahlung und Hitze sch\u00fctzen<\/span><\/li>\n<li data-leveltext=\"\uf0b7\" data-font=\"Symbol\" data-listid=\"2\" aria-setsize=\"-1\" data-aria-posinset=\"2\" data-aria-level=\"1\"><span data-contrast=\"auto\">Schwimmen Sie nicht in Pools und Meeren f\u00fcr mehr als einen Monat<\/span><\/li>\n<\/ul>\n<ul>\n<li data-leveltext=\"\uf0b7\" data-font=\"Symbol\" data-listid=\"2\" aria-setsize=\"-1\" data-aria-posinset=\"1\" data-aria-level=\"1\"><span data-contrast=\"auto\">Zupfen Sie nicht an Ihrem Bart oder dessen Schorf<\/span><\/li>\n<li data-leveltext=\"\uf0b7\" data-font=\"Symbol\" data-listid=\"2\" aria-setsize=\"-1\" data-aria-posinset=\"2\" data-aria-level=\"1\"><span data-contrast=\"auto\">Verwenden Sie Ihre Medikamente gem\u00e4\u00df den Anweisungen Ihres Chirurgen in der Esthete Clinic<\/span><\/li>\n<li data-leveltext=\"\uf0b7\" data-font=\"Symbol\" data-listid=\"2\" aria-setsize=\"-1\" data-aria-posinset=\"3\" data-aria-level=\"1\"><span data-contrast=\"auto\">2 Wochen lang nicht rauchen und keinen Alkohol konsumieren<\/span><\/li>\n<li data-leveltext=\"\uf0b7\" data-font=\"Symbol\" data-listid=\"2\" aria-setsize=\"-1\" data-aria-posinset=\"4\" data-aria-level=\"1\"><span data-contrast=\"auto\">Sie k\u00f6nnen zu Ihrer t\u00e4glichen Routine zur\u00fcckkehren, aber vermeiden Sie anstrengende \u00dcbungen f\u00fcr 3 bis 4 Wochen<\/span><\/li>\n<\/ul>\n<h4><b><span data-contrast=\"auto\">Wie man sich auf die Barttransplantation vorbereitet<\/span><\/b><\/h4>\n<p><span data-contrast=\"auto\">Sie bereiten sich in wenigen Schritten auf die Barttransplantation vor, die auf lange Sicht f\u00fcr den Erfolg Ihres Eingriffs entscheidend sind.<\/span><\/p>\n<ul>\n<li data-leveltext=\"\uf0b7\" data-font=\"Symbol\" data-listid=\"3\" aria-setsize=\"-1\" data-aria-posinset=\"1\" data-aria-level=\"1\"><span data-contrast=\"auto\">Essen Sie eine gesunde Mahlzeit vor Ihrer Barttransplantation<\/span><\/li>\n<li data-leveltext=\"\uf0b7\" data-font=\"Symbol\" data-listid=\"3\" aria-setsize=\"-1\" data-aria-posinset=\"2\" data-aria-level=\"1\"><span data-contrast=\"auto\">Nehmen Sie 2 Wochen vor dem Eingriff keine Blutverd\u00fcnner wie z. B. Aspirin ein<\/span><\/li>\n<li data-leveltext=\"\uf0b7\" data-font=\"Symbol\" data-listid=\"3\" aria-setsize=\"-1\" data-aria-posinset=\"3\" data-aria-level=\"1\"><span data-contrast=\"auto\">Verzichten Sie 2 Wochen vor dem Eingriff auf das Rauchen und den Konsum von Alkohol<\/span><\/li>\n<li data-leveltext=\"\uf0b7\" data-font=\"Symbol\" data-listid=\"3\" aria-setsize=\"-1\" data-aria-posinset=\"4\" data-aria-level=\"1\"><span data-contrast=\"auto\">Tragen Sie am Tag der Barttransplantation ein Hemd mit breitem Kragen oder ein Button-Down-Hemd<\/span><\/li>\n<\/ul>\n<ul>\n<li data-leveltext=\"\uf0b7\" data-font=\"Symbol\" data-listid=\"3\" aria-setsize=\"-1\" data-aria-posinset=\"1\" data-aria-level=\"1\"><span data-contrast=\"auto\">Reinigen Sie Ihren Bart und Ihre Kopfhaut gr\u00fcndlich und verwenden Sie am Tag der Barttransplantation keine Produkte<\/span><\/li>\n<\/ul>\n<h2><b><span data-contrast=\"auto\">Ergebnisse der Barttransplantation<\/span><\/b><\/h2>\n<p><span data-contrast=\"auto\">Das Ergebnis einer Barttransplantation ist sofort sichtbar.<\/span> <span data-contrast=\"auto\">Sie werden allm\u00e4hliche Verbesserungen bemerken, aber optimale Ergebnisse werden in einem Jahr sichtbar sein.<\/span><\/p>\n<p><span data-contrast=\"auto\">W\u00e4hrend der Genesung und innerhalb eines Monats nach einer Barttransplantation werden Ihre Haare ausfallen.<\/span> <span data-contrast=\"auto\">Dieser Teil des Heilungsprozesses erm\u00f6glicht es Ihren neuen Transplantaten, mit dem Haarwachstum in diesem Bereich zu beginnen.<\/span> <span data-contrast=\"auto\">Jeden Monat werden Sie Ver\u00e4nderungen im Haarwachstum feststellen, bei denen das Haar dunkler und dicker erscheint.<\/span><\/p>\n<h2><b><span data-contrast=\"auto\">Dauer der Barttransplantation<\/span><\/b><\/h2>\n<p><span data-contrast=\"auto\">Die Dauer einer Barttransplantation ist von Patient zu Patient unterschiedlich und h\u00e4ngt von Ihren \u00e4sthetischen Zielen ab.<\/span> <span data-contrast=\"auto\">Im Durchschnitt kann sie jedoch zwischen 2 und 5 Stunden dauern.<\/span><\/p>\n<h4><b><span data-contrast=\"auto\">Barttransplantation mit DHI<\/span><\/b><\/h4>\n<p><span data-contrast=\"auto\">Schnelle Erholung und Barttransplantation mit hoher Haardichte durch die hochmoderne DHI-Technik.<\/span> <span data-contrast=\"auto\">Direkte Implantation ohne Kanal\u00f6ffnung f\u00fcr ein schnelles Verfahren.<\/span><\/p>\n<h4><b><span data-contrast=\"auto\">Barttransplantation mit Sapphire FUE<\/span><\/b><\/h4>\n<p><span data-contrast=\"auto\">H\u00f6chste Bartst\u00e4rke mit der kollagen-induzierenden Sapphire-Technologie.<\/span> <span data-contrast=\"auto\">K\u00fcrzeste Erholungszeit und h\u00f6chste Pr\u00e4zision f\u00fcr eine \u00e4sthetische Erscheinung.<\/span><\/p>\n<h4><b><span data-contrast=\"auto\">Barttransplantation mit Micro-FUE<\/span><\/b><\/h4>\n<p><span data-contrast=\"auto\">Ein praktisches Verfahren f\u00fcr einen nat\u00fcrlich aussehenden Bart, der ein Leben lang h\u00e4lt, mit einer anst\u00e4ndigen Dicke und ohne Ausfallzeiten nach dem Eingriff<\/span>[\/vc_column_text][\/vc_column][vc_column width=&#8221;1\/3&#8243; el_class=&#8221;sticky_contact_form_ttttt&#8221;]\n<div class=\"wpcf7 no-js\" id=\"wpcf7-f7798-o1\" lang=\"de-DE\" dir=\"ltr\">\n<div class=\"screen-reader-response\"><p role=\"status\" aria-live=\"polite\" aria-atomic=\"true\"><\/p> <ul><\/ul><\/div>\n<form action=\"\/de\/wp-json\/wp\/v2\/pages\/8056#wpcf7-f7798-o1\" method=\"post\" class=\"wpcf7-form init\" aria-label=\"Kontaktformular\" novalidate=\"novalidate\" data-status=\"init\">\n<div style=\"display: none;\">\n<input type=\"hidden\" name=\"_wpcf7\" value=\"7798\" \/>\n<input type=\"hidden\" name=\"_wpcf7_version\" value=\"5.9.6\" \/>\n<input type=\"hidden\" name=\"_wpcf7_locale\" value=\"de_DE\" \/>\n<input type=\"hidden\" name=\"_wpcf7_unit_tag\" value=\"wpcf7-f7798-o1\" \/>\n<input type=\"hidden\" name=\"_wpcf7_container_post\" value=\"0\" \/>\n<input type=\"hidden\" name=\"_wpcf7_posted_data_hash\" value=\"\" \/>\n<\/div>\n<div class=\"contact_form_sticky_cf7\">\n\t<h3 style=\"text-align:center;color:white;\">Kostenlose Beratung erhalten\n\t<\/h3>\n\t<p style=\"text-align:center;color:white;\">Bitte f\u00fcllen Sie das untenstehende Formular aus und wir werden Sie in K\u00fcrze kontaktieren\n\t<\/p>\n\t<div class=\"contact-page1 row\">\n\t\t<div class=\"col-sm-6\">\n\t\t\t<p><span class=\"wpcf7-form-control-wrap\" data-name=\"nameeeee\"><input size=\"40\" maxlength=\"80\" class=\"wpcf7-form-control wpcf7-text wpcf7-validates-as-required\" aria-required=\"true\" aria-invalid=\"false\" placeholder=\"Ihr Name*\" value=\"\" type=\"text\" name=\"nameeeee\" \/><\/span>\n\t\t\t<\/p>\n\t\t<\/div>\n\t\t<div class=\"col-sm-6\">\n\t\t\t<p><span class=\"wpcf7-form-control-wrap\" data-name=\"emaillll\"><input size=\"40\" maxlength=\"80\" class=\"wpcf7-form-control wpcf7-email wpcf7-text wpcf7-validates-as-email\" aria-invalid=\"false\" placeholder=\"E-Mail-Adresse\" value=\"\" type=\"email\" name=\"emaillll\" \/><\/span>\n\t\t\t<\/p>\n\t\t<\/div>\n\t\t<div class=\"col-sm-12\" style=\"padding-bottom:20px;\">\n\t\t\t<p>[phonetext* phoneeee numberonly]\n\t\t\t<\/p>\n\t\t<\/div>\n\t\t<div class=\"col-sm-12\">\n\t\t\t<p><span class=\"wpcf7-form-control-wrap\" data-name=\"messageeeeee\"><textarea cols=\"40\" rows=\"10\" maxlength=\"400\" class=\"wpcf7-form-control wpcf7-textarea\" aria-invalid=\"false\" placeholder=\"Nachricht\" name=\"messageeeeee\"><\/textarea><\/span>\n\t\t\t<\/p>\n\t\t<\/div>\n\t<\/div>\n\t<p><input class=\"wpcf7-form-control wpcf7-submit has-spinner\" type=\"submit\" value=\"ABSENDEN\" \/>\n\t<\/p>\n<\/div><div class=\"wpcf7-response-output\" aria-hidden=\"true\"><\/div>\n<\/form>\n<\/div>\n[\/vc_column][\/vc_row]<\/p>\n","protected":false},"excerpt":{"rendered":"<p>[vc_row][vc_column width=&#8221;2\/3&#8243;][vc_column_text]Die Barttransplantation ist ein Verfahren, das die Dichte der Gesichtsbehaarung in einem mikrochirurgischen Eingriff dauerhaft verdichtet und keine Ausfallzeiten verursacht. Eine Barttransplantation ist eine Unterkategorie der Haartransplantation, einer Methode der Haarwiederherstellung, bei der Ihr eigenes Haar verwendet wird, um Stellen in Ihrem Bart und Schnurrbart aufzuf\u00fcllen. Unabh\u00e4ngig von der zugrundeliegenden Ursache Ihres l\u00fcckenhaften Bartes,&#8230;<\/p>\n","protected":false},"author":3,"featured_media":8438,"parent":0,"menu_order":0,"comment_status":"closed","ping_status":"closed","template":"","meta":{"footnotes":""},"class_list":["post-8056","page","type-page","status-publish","has-post-thumbnail","hentry"],"yoast_head":"<!-- This site is optimized with the Yoast SEO plugin v23.0 - https:\/\/yoast.com\/wordpress\/plugins\/seo\/ -->\n<title>Barttransplantation - Startseite<\/title>\n<meta name=\"robots\" content=\"index, follow, max-snippet:-1, max-image-preview:large, max-video-preview:-1\" \/>\n<link rel=\"canonical\" href=\"https:\/\/estheteclinic.com\/beard-transplant\/\" \/>\n<meta property=\"og:locale\" content=\"de_DE\" \/>\n<meta property=\"og:type\" content=\"article\" \/>\n<meta property=\"og:title\" content=\"Barttransplantation - Startseite\" \/>\n<meta property=\"og:description\" content=\"[vc_row][vc_column width=&#8221;2\/3&#8243;][vc_column_text]Die Barttransplantation ist ein Verfahren, das die Dichte der Gesichtsbehaarung in einem mikrochirurgischen Eingriff dauerhaft verdichtet und keine Ausfallzeiten verursacht. Eine Barttransplantation ist eine Unterkategorie der Haartransplantation, einer Methode der Haarwiederherstellung, bei der Ihr eigenes Haar verwendet wird, um Stellen in Ihrem Bart und Schnurrbart aufzuf\u00fcllen. Unabh\u00e4ngig von der zugrundeliegenden Ursache Ihres l\u00fcckenhaften Bartes,...\" \/>\n<meta property=\"og:url\" content=\"https:\/\/estheteclinic.com\/beard-transplant\/\" \/>\n<meta property=\"og:site_name\" content=\"Startseite\" \/>\n<meta property=\"article:modified_time\" content=\"2021-11-10T08:16:19+00:00\" \/>\n<meta property=\"og:image\" content=\"https:\/\/estheteclinic.com\/wp-content\/uploads\/2021\/11\/beard-transplant8499489.jpg\" \/>\n\t<meta property=\"og:image:width\" content=\"2000\" \/>\n\t<meta property=\"og:image:height\" content=\"1333\" \/>\n\t<meta property=\"og:image:type\" content=\"image\/jpeg\" \/>\n<meta name=\"twitter:card\" content=\"summary_large_image\" \/>\n<meta name=\"twitter:label1\" content=\"Gesch\u00e4tzte Lesezeit\" \/>\n\t<meta name=\"twitter:data1\" content=\"4\u00a0Minuten\" \/>\n<script type=\"application\/ld+json\" class=\"yoast-schema-graph\">{\"@context\":\"https:\/\/schema.org\",\"@graph\":[{\"@type\":\"WebPage\",\"@id\":\"https:\/\/estheteclinic.com\/beard-transplant\/\",\"url\":\"https:\/\/estheteclinic.com\/beard-transplant\/\",\"name\":\"Barttransplantation - Startseite\",\"isPartOf\":{\"@id\":\"https:\/\/estheteclinic.com\/#website\"},\"primaryImageOfPage\":{\"@id\":\"https:\/\/estheteclinic.com\/beard-transplant\/#primaryimage\"},\"image\":{\"@id\":\"https:\/\/estheteclinic.com\/beard-transplant\/#primaryimage\"},\"thumbnailUrl\":\"https:\/\/estheteclinic.com\/wp-content\/uploads\/2021\/11\/beard-transplant8499489.jpg\",\"datePublished\":\"2021-11-06T15:03:33+00:00\",\"dateModified\":\"2021-11-10T08:16:19+00:00\",\"breadcrumb\":{\"@id\":\"https:\/\/estheteclinic.com\/beard-transplant\/#breadcrumb\"},\"inLanguage\":\"de\",\"potentialAction\":[{\"@type\":\"ReadAction\",\"target\":[\"https:\/\/estheteclinic.com\/beard-transplant\/\"]}]},{\"@type\":\"ImageObject\",\"inLanguage\":\"de\",\"@id\":\"https:\/\/estheteclinic.com\/beard-transplant\/#primaryimage\",\"url\":\"https:\/\/estheteclinic.com\/wp-content\/uploads\/2021\/11\/beard-transplant8499489.jpg\",\"contentUrl\":\"https:\/\/estheteclinic.com\/wp-content\/uploads\/2021\/11\/beard-transplant8499489.jpg\",\"width\":2000,\"height\":1333,\"caption\":\"Beard transplant\"},{\"@type\":\"BreadcrumbList\",\"@id\":\"https:\/\/estheteclinic.com\/beard-transplant\/#breadcrumb\",\"itemListElement\":[{\"@type\":\"ListItem\",\"position\":1,\"name\":\"Home\",\"item\":\"https:\/\/estheteclinic.com\/de\/\"},{\"@type\":\"ListItem\",\"position\":2,\"name\":\"Barttransplantation\"}]},{\"@type\":\"WebSite\",\"@id\":\"https:\/\/estheteclinic.com\/#website\",\"url\":\"https:\/\/estheteclinic.com\/\",\"name\":\"Startseite\",\"description\":\"Plastic Surgery &amp; Hair Transplant in Turkey\",\"potentialAction\":[{\"@type\":\"SearchAction\",\"target\":{\"@type\":\"EntryPoint\",\"urlTemplate\":\"https:\/\/estheteclinic.com\/?s={search_term_string}\"},\"query-input\":\"required name=search_term_string\"}],\"inLanguage\":\"de\"}]}<\/script>\n<!-- \/ Yoast SEO plugin. -->","yoast_head_json":{"title":"Barttransplantation - Startseite","robots":{"index":"index","follow":"follow","max-snippet":"max-snippet:-1","max-image-preview":"max-image-preview:large","max-video-preview":"max-video-preview:-1"},"canonical":"https:\/\/estheteclinic.com\/beard-transplant\/","og_locale":"de_DE","og_type":"article","og_title":"Barttransplantation - Startseite","og_description":"[vc_row][vc_column width=&#8221;2\/3&#8243;][vc_column_text]Die Barttransplantation ist ein Verfahren, das die Dichte der Gesichtsbehaarung in einem mikrochirurgischen Eingriff dauerhaft verdichtet und keine Ausfallzeiten verursacht. Eine Barttransplantation ist eine Unterkategorie der Haartransplantation, einer Methode der Haarwiederherstellung, bei der Ihr eigenes Haar verwendet wird, um Stellen in Ihrem Bart und Schnurrbart aufzuf\u00fcllen. Unabh\u00e4ngig von der zugrundeliegenden Ursache Ihres l\u00fcckenhaften Bartes,...","og_url":"https:\/\/estheteclinic.com\/beard-transplant\/","og_site_name":"Startseite","article_modified_time":"2021-11-10T08:16:19+00:00","og_image":[{"width":2000,"height":1333,"url":"https:\/\/estheteclinic.com\/wp-content\/uploads\/2021\/11\/beard-transplant8499489.jpg","type":"image\/jpeg"}],"twitter_card":"summary_large_image","twitter_misc":{"Gesch\u00e4tzte Lesezeit":"4\u00a0Minuten"},"schema":{"@context":"https:\/\/schema.org","@graph":[{"@type":"WebPage","@id":"https:\/\/estheteclinic.com\/beard-transplant\/","url":"https:\/\/estheteclinic.com\/beard-transplant\/","name":"Barttransplantation - Startseite","isPartOf":{"@id":"https:\/\/estheteclinic.com\/#website"},"primaryImageOfPage":{"@id":"https:\/\/estheteclinic.com\/beard-transplant\/#primaryimage"},"image":{"@id":"https:\/\/estheteclinic.com\/beard-transplant\/#primaryimage"},"thumbnailUrl":"https:\/\/estheteclinic.com\/wp-content\/uploads\/2021\/11\/beard-transplant8499489.jpg","datePublished":"2021-11-06T15:03:33+00:00","dateModified":"2021-11-10T08:16:19+00:00","breadcrumb":{"@id":"https:\/\/estheteclinic.com\/beard-transplant\/#breadcrumb"},"inLanguage":"de","potentialAction":[{"@type":"ReadAction","target":["https:\/\/estheteclinic.com\/beard-transplant\/"]}]},{"@type":"ImageObject","inLanguage":"de","@id":"https:\/\/estheteclinic.com\/beard-transplant\/#primaryimage","url":"https:\/\/estheteclinic.com\/wp-content\/uploads\/2021\/11\/beard-transplant8499489.jpg","contentUrl":"https:\/\/estheteclinic.com\/wp-content\/uploads\/2021\/11\/beard-transplant8499489.jpg","width":2000,"height":1333,"caption":"Beard transplant"},{"@type":"BreadcrumbList","@id":"https:\/\/estheteclinic.com\/beard-transplant\/#breadcrumb","itemListElement":[{"@type":"ListItem","position":1,"name":"Home","item":"https:\/\/estheteclinic.com\/de\/"},{"@type":"ListItem","position":2,"name":"Barttransplantation"}]},{"@type":"WebSite","@id":"https:\/\/estheteclinic.com\/#website","url":"https:\/\/estheteclinic.com\/","name":"Startseite","description":"Plastic Surgery &amp; Hair Transplant in Turkey","potentialAction":[{"@type":"SearchAction","target":{"@type":"EntryPoint","urlTemplate":"https:\/\/estheteclinic.com\/?s={search_term_string}"},"query-input":"required name=search_term_string"}],"inLanguage":"de"}]}},"_links":{"self":[{"href":"https:\/\/estheteclinic.com\/de\/wp-json\/wp\/v2\/pages\/8056","targetHints":{"allow":["GET"]}}],"collection":[{"href":"https:\/\/estheteclinic.com\/de\/wp-json\/wp\/v2\/pages"}],"about":[{"href":"https:\/\/estheteclinic.com\/de\/wp-json\/wp\/v2\/types\/page"}],"author":[{"embeddable":true,"href":"https:\/\/estheteclinic.com\/de\/wp-json\/wp\/v2\/users\/3"}],"replies":[{"embeddable":true,"href":"https:\/\/estheteclinic.com\/de\/wp-json\/wp\/v2\/comments?post=8056"}],"version-history":[{"count":2,"href":"https:\/\/estheteclinic.com\/de\/wp-json\/wp\/v2\/pages\/8056\/revisions"}],"predecessor-version":[{"id":8442,"href":"https:\/\/estheteclinic.com\/de\/wp-json\/wp\/v2\/pages\/8056\/revisions\/8442"}],"wp:featuredmedia":[{"embeddable":true,"href":"https:\/\/estheteclinic.com\/de\/wp-json\/wp\/v2\/media\/8438"}],"wp:attachment":[{"href":"https:\/\/estheteclinic.com\/de\/wp-json\/wp\/v2\/media?parent=8056"}],"curies":[{"name":"wp","href":"https:\/\/api.w.org\/{rel}","templated":true}]}}