{"id":8068,"date":"2021-11-06T15:16:42","date_gmt":"2021-11-06T15:16:42","guid":{"rendered":"http:\/\/estheteclinic.com\/?page_id=8068"},"modified":"2021-11-10T09:41:35","modified_gmt":"2021-11-10T09:41:35","slug":"blepharoplastik","status":"publish","type":"page","link":"https:\/\/estheteclinic.com\/de\/blepharoplastik\/","title":{"rendered":"Blepharoplastik"},"content":{"rendered":"<p>[vc_row][vc_column width=&#8221;2\/3&#8243;][vc_column_text]Bei der Blepharoplastik handelt es sich um einen chirurgischen Eingriff, bei dem die \u00fcbersch\u00fcssige Haut und der Muskel um die Augen sowohl am oberen als auch am unteren Augenlid zusammen mit dem darunter liegenden Fettgewebe entfernt werden. Die Blepharoplastik korrigiert Schlupfwinkel und beseitigt Erschlaffungen und Alterserscheinungen um die Augen.<\/p>\n<p>Der Zweck eines Augenliftings ist meist kosmetischer Natur, aber in besonderen F\u00e4llen hilft es, die Sicht bei \u00e4lteren Patienten mit h\u00e4ngenden Oberlidern zu verbessern.<\/p>\n<p>Die Blepharoplastik ist kein Standardeingriff, sondern variiert von Patient zu Patient in Abh\u00e4ngigkeit von den jeweiligen Bed\u00fcrfnissen. Einige ben\u00f6tigen eine Blepharoplastik f\u00fcr ein Augenlid, w\u00e4hrend andere den Eingriff an beiden Augenlidern ben\u00f6tigen.<\/p>\n<h2><strong>Kandidaten f\u00fcr Blepharoplastik<\/strong><\/h2>\n<p>Sie sind f\u00fcr eine Blepharoplastik geeignet, wenn Sie die folgenden Bedingungen erf\u00fcllen:<\/p>\n<ul>\n<li>Sie haben einen Haut\u00fcberschuss um Ihre Augen<\/li>\n<li>Sie haben h\u00e4ngende Augen<\/li>\n<li>Sie sind bei guter Gesundheit<\/li>\n<\/ul>\n<h2><strong>So bereiten Sie sich auf die Blepharoplastik vor<\/strong><\/h2>\n<p>Im Allgemeinen werden unsere Chirurgen in der Esthete Clinic diese Punkte mit Ihnen durchgehen. Aber hier sind einige der wichtigsten Punkte, die vor einer Blepharoplastik zu beachten sind.<\/p>\n<ul>\n<li>Wenn Sie rauchen, sollten Sie 2 Wochen vor Ihrer Blepharoplastik damit aufh\u00f6ren<\/li>\n<li>Beenden Sie die Einnahme von Vitamin E und Blutverd\u00fcnnern 2 Wochen vor der Blepharoplastik<\/li>\n<li>Essen Sie 5 Stunden vor der Operation nichts mehr<\/li>\n<li>Tragen Sie am Tag der Blepharoplastik keine Produkte oder Make-up auf Ihr Gesicht auf<\/li>\n<\/ul>\n<h2><strong>Blepharoplastik-Verfahren<\/strong><\/h2>\n<h3><strong>Vor der Operation<\/strong><\/h3>\n<p>Vor der Blepharoplastik f\u00fchren wir einen Routine-Bluttest durch, um sicherzustellen, dass Sie f\u00fcr den Eingriff geeignet sind. Dann verabreichen unsere An\u00e4sthesisten in der Esthete Clinic eine Vollnarkose oder eine Lokalan\u00e4sthesie mit Sedierung.<\/p>\n<h3><strong>Chirurgie<\/strong><\/h3>\n<p>Bei der Blepharoplastik setzt Ihr Chirurg die Einschnitte zwischen den nat\u00fcrlichen Augenfalten, so dass die Narben nach der Blepharoplastik nicht sichtbar sind. Durch diese Einschnitte wird die gesamte \u00fcbersch\u00fcssige Haut, das Fett und der Muskel entfernt und die Ver\u00e4nderungen werden mit kosmetischen N\u00e4hten vern\u00e4ht.<\/p>\n<h3><strong>Nach der Operation<\/strong><\/h3>\n<p>Nach der Blepharoplastik wachen Sie mit Verb\u00e4nden um die Augen auf, diese Verb\u00e4nde schr\u00e4nken Ihre Sicht nicht ein.<\/p>\n<h2><strong>Genesung nach einer Blepharoplastik<\/strong><\/h2>\n<p>\u00d6deme und Bluterg\u00fcsse kommen nach einer Blepharoplastik sehr h\u00e4ufig vor. Die Anwendung von K\u00e4ltekompressen auf dem Behandlungsbereich kann Ihnen helfen, diese Symptome deutlich zu reduzieren. Beginnen Sie mit der Anwendung von K\u00e4ltepads f\u00fcr 20 Minuten pro Stunde am ersten Tag, dann 20 Minuten alle zwei Stunden.<\/p>\n<h2><strong>Dauer der Blepharoplastik<\/strong><\/h2>\n<p>Eine Blepharoplastik ist ein Eingriff, der je nach Operationstechnik zwischen 1 und 3 Stunden dauert.<\/p>\n<h2><strong>Ergebnisse der Blepharoplastik <\/strong><\/h2>\n<p>Es ist wichtig, realistische Erwartungen in Bezug auf das Ergebnis Ihrer Blepharoplastik zu haben. Eine Blepharoplastik kann dunkle Augenringe, Tr\u00e4nens\u00e4cke und Falten um die Augen nicht korrigieren.<\/p>\n<p>In der oberen Augenlidfalte, am Unterlid und unter den Wimpern kann in den ersten Wochen eine d\u00fcnne rosa Linie zu sehen sein.<\/p>\n<p>Sie werden eine drastische Ver\u00e4nderung in Bezug auf Haut\u00fcberschuss und Schlaffheit feststellen. Obwohl die Ergebnisse sofort sichtbar sind, werden sie sich mit der Zeit verbessern.<\/p>\n<h2><strong>Genesung nach einer Blepharoplastik <\/strong><\/h2>\n<p>\u00d6deme und Bluterg\u00fcsse kommen nach einer Blepharoplastik sehr h\u00e4ufig vor. Die Anwendung von K\u00e4ltekompressen auf dem Behandlungsbereich kann Ihnen helfen, diese Symptome deutlich zu reduzieren. Beginnen Sie am ersten Tag mit der Anwendung von K\u00e4ltepolstern f\u00fcr 20 Minuten pro Stunde und verringern Sie dann allm\u00e4hlich das Intervall auf 20 Minuten pro zwei Stunden.<\/p>\n<p>Direkt nach der Operation bedecken Verb\u00e4nde Ihre Augen, sie schr\u00e4nken Ihr Sehverm\u00f6gen jedoch nicht ein. Vor allem in den ersten Stunden nach dem Eingriff kann es zu leichten Blutungen und Leckagen in diesem Bereich kommen, die jedoch von Ihren Verb\u00e4nden absorbiert werden.<\/p>\n<p>Versuchen Sie, keinen Druck auf Ihr Gesicht auszu\u00fcben, und schlafen Sie in einem erh\u00f6hten Winkel, um Schwellungen zu reduzieren.<\/p>\n<h2><strong>Kratzen Sie nicht und ber\u00fchren Sie Ihre Wunden nicht unn\u00f6tig.<\/strong><\/h2>\n<p>Nehmen Sie Ihre Schmerzmittel und Medikamente so ein, wie Ihr Arzt es empfiehlt. Vermeiden Sie anstrengenden Sport, Solarium, Sauna, Dampfbad und Schwimmen f\u00fcr 6 Wochen nach dem Eingriff.<\/p>\n<p>Tragen Sie Ihre Sonnenbrille im Freien, um Ihre Augen vor Wind und Sonneneinstrahlung zu sch\u00fctzen.[\/vc_column_text][\/vc_column][vc_column width=&#8221;1\/3&#8243; el_class=&#8221;sticky_contact_form_ttttt&#8221;]\n<div class=\"wpcf7 no-js\" id=\"wpcf7-f7798-o1\" lang=\"de-DE\" dir=\"ltr\">\n<div class=\"screen-reader-response\"><p role=\"status\" aria-live=\"polite\" aria-atomic=\"true\"><\/p> <ul><\/ul><\/div>\n<form action=\"\/de\/wp-json\/wp\/v2\/pages\/8068#wpcf7-f7798-o1\" method=\"post\" class=\"wpcf7-form init\" aria-label=\"Kontaktformular\" novalidate=\"novalidate\" data-status=\"init\">\n<div style=\"display: none;\">\n<input type=\"hidden\" name=\"_wpcf7\" value=\"7798\" \/>\n<input type=\"hidden\" name=\"_wpcf7_version\" value=\"5.9.6\" \/>\n<input type=\"hidden\" name=\"_wpcf7_locale\" value=\"de_DE\" \/>\n<input type=\"hidden\" name=\"_wpcf7_unit_tag\" value=\"wpcf7-f7798-o1\" \/>\n<input type=\"hidden\" name=\"_wpcf7_container_post\" value=\"0\" \/>\n<input type=\"hidden\" name=\"_wpcf7_posted_data_hash\" value=\"\" \/>\n<\/div>\n<div class=\"contact_form_sticky_cf7\">\n\t<h3 style=\"text-align:center;color:white;\">Kostenlose Beratung erhalten\n\t<\/h3>\n\t<p style=\"text-align:center;color:white;\">Bitte f\u00fcllen Sie das untenstehende Formular aus und wir werden Sie in K\u00fcrze kontaktieren\n\t<\/p>\n\t<div class=\"contact-page1 row\">\n\t\t<div class=\"col-sm-6\">\n\t\t\t<p><span class=\"wpcf7-form-control-wrap\" data-name=\"nameeeee\"><input size=\"40\" maxlength=\"80\" class=\"wpcf7-form-control wpcf7-text wpcf7-validates-as-required\" aria-required=\"true\" aria-invalid=\"false\" placeholder=\"Ihr Name*\" value=\"\" type=\"text\" name=\"nameeeee\" \/><\/span>\n\t\t\t<\/p>\n\t\t<\/div>\n\t\t<div class=\"col-sm-6\">\n\t\t\t<p><span class=\"wpcf7-form-control-wrap\" data-name=\"emaillll\"><input size=\"40\" maxlength=\"80\" class=\"wpcf7-form-control wpcf7-email wpcf7-text wpcf7-validates-as-email\" aria-invalid=\"false\" placeholder=\"E-Mail-Adresse\" value=\"\" type=\"email\" name=\"emaillll\" \/><\/span>\n\t\t\t<\/p>\n\t\t<\/div>\n\t\t<div class=\"col-sm-12\" style=\"padding-bottom:20px;\">\n\t\t\t<p>[phonetext* phoneeee numberonly]\n\t\t\t<\/p>\n\t\t<\/div>\n\t\t<div class=\"col-sm-12\">\n\t\t\t<p><span class=\"wpcf7-form-control-wrap\" data-name=\"messageeeeee\"><textarea cols=\"40\" rows=\"10\" maxlength=\"400\" class=\"wpcf7-form-control wpcf7-textarea\" aria-invalid=\"false\" placeholder=\"Nachricht\" name=\"messageeeeee\"><\/textarea><\/span>\n\t\t\t<\/p>\n\t\t<\/div>\n\t<\/div>\n\t<p><input class=\"wpcf7-form-control wpcf7-submit has-spinner\" type=\"submit\" value=\"ABSENDEN\" \/>\n\t<\/p>\n<\/div><div class=\"wpcf7-response-output\" aria-hidden=\"true\"><\/div>\n<\/form>\n<\/div>\n[\/vc_column][\/vc_row]<\/p>\n","protected":false},"excerpt":{"rendered":"<p>[vc_row][vc_column width=&#8221;2\/3&#8243;][vc_column_text]Bei der Blepharoplastik handelt es sich um einen chirurgischen Eingriff, bei dem die \u00fcbersch\u00fcssige Haut und der Muskel um die Augen sowohl am oberen als auch am unteren Augenlid zusammen mit dem darunter liegenden Fettgewebe entfernt werden. Die Blepharoplastik korrigiert Schlupfwinkel und beseitigt Erschlaffungen und Alterserscheinungen um die Augen. Der Zweck eines Augenliftings ist&#8230;<\/p>\n","protected":false},"author":3,"featured_media":8472,"parent":0,"menu_order":0,"comment_status":"closed","ping_status":"closed","template":"","meta":{"footnotes":""},"class_list":["post-8068","page","type-page","status-publish","has-post-thumbnail","hentry"],"yoast_head":"<!-- This site is optimized with the Yoast SEO plugin v23.0 - https:\/\/yoast.com\/wordpress\/plugins\/seo\/ -->\n<title>Blepharoplastik - Startseite<\/title>\n<meta name=\"robots\" content=\"index, follow, max-snippet:-1, max-image-preview:large, max-video-preview:-1\" \/>\n<link rel=\"canonical\" href=\"https:\/\/estheteclinic.com\/blepharoplasty\/\" \/>\n<meta property=\"og:locale\" content=\"de_DE\" \/>\n<meta property=\"og:type\" content=\"article\" \/>\n<meta property=\"og:title\" content=\"Blepharoplastik - Startseite\" \/>\n<meta property=\"og:description\" content=\"[vc_row][vc_column width=&#8221;2\/3&#8243;][vc_column_text]Bei der Blepharoplastik handelt es sich um einen chirurgischen Eingriff, bei dem die \u00fcbersch\u00fcssige Haut und der Muskel um die Augen sowohl am oberen als auch am unteren Augenlid zusammen mit dem darunter liegenden Fettgewebe entfernt werden. Die Blepharoplastik korrigiert Schlupfwinkel und beseitigt Erschlaffungen und Alterserscheinungen um die Augen. Der Zweck eines Augenliftings ist...\" \/>\n<meta property=\"og:url\" content=\"https:\/\/estheteclinic.com\/blepharoplasty\/\" \/>\n<meta property=\"og:site_name\" content=\"Startseite\" \/>\n<meta property=\"article:modified_time\" content=\"2021-11-10T09:41:35+00:00\" \/>\n<meta property=\"og:image\" content=\"https:\/\/estheteclinic.com\/wp-content\/uploads\/2021\/11\/BLEPHAROPLASTY-120100.jpg\" \/>\n\t<meta property=\"og:image:width\" content=\"2000\" \/>\n\t<meta property=\"og:image:height\" content=\"1335\" \/>\n\t<meta property=\"og:image:type\" content=\"image\/jpeg\" \/>\n<meta name=\"twitter:card\" content=\"summary_large_image\" \/>\n<meta name=\"twitter:label1\" content=\"Gesch\u00e4tzte Lesezeit\" \/>\n\t<meta name=\"twitter:data1\" content=\"4\u00a0Minuten\" \/>\n<script type=\"application\/ld+json\" class=\"yoast-schema-graph\">{\"@context\":\"https:\/\/schema.org\",\"@graph\":[{\"@type\":\"WebPage\",\"@id\":\"https:\/\/estheteclinic.com\/blepharoplasty\/\",\"url\":\"https:\/\/estheteclinic.com\/blepharoplasty\/\",\"name\":\"Blepharoplastik - Startseite\",\"isPartOf\":{\"@id\":\"https:\/\/estheteclinic.com\/#website\"},\"primaryImageOfPage\":{\"@id\":\"https:\/\/estheteclinic.com\/blepharoplasty\/#primaryimage\"},\"image\":{\"@id\":\"https:\/\/estheteclinic.com\/blepharoplasty\/#primaryimage\"},\"thumbnailUrl\":\"https:\/\/estheteclinic.com\/wp-content\/uploads\/2021\/11\/BLEPHAROPLASTY-120100.jpg\",\"datePublished\":\"2021-11-06T15:16:42+00:00\",\"dateModified\":\"2021-11-10T09:41:35+00:00\",\"breadcrumb\":{\"@id\":\"https:\/\/estheteclinic.com\/blepharoplasty\/#breadcrumb\"},\"inLanguage\":\"de\",\"potentialAction\":[{\"@type\":\"ReadAction\",\"target\":[\"https:\/\/estheteclinic.com\/blepharoplasty\/\"]}]},{\"@type\":\"ImageObject\",\"inLanguage\":\"de\",\"@id\":\"https:\/\/estheteclinic.com\/blepharoplasty\/#primaryimage\",\"url\":\"https:\/\/estheteclinic.com\/wp-content\/uploads\/2021\/11\/BLEPHAROPLASTY-120100.jpg\",\"contentUrl\":\"https:\/\/estheteclinic.com\/wp-content\/uploads\/2021\/11\/BLEPHAROPLASTY-120100.jpg\",\"width\":2000,\"height\":1335,\"caption\":\"Blepharoplasty\"},{\"@type\":\"BreadcrumbList\",\"@id\":\"https:\/\/estheteclinic.com\/blepharoplasty\/#breadcrumb\",\"itemListElement\":[{\"@type\":\"ListItem\",\"position\":1,\"name\":\"Home\",\"item\":\"https:\/\/estheteclinic.com\/de\/\"},{\"@type\":\"ListItem\",\"position\":2,\"name\":\"Blepharoplastik\"}]},{\"@type\":\"WebSite\",\"@id\":\"https:\/\/estheteclinic.com\/#website\",\"url\":\"https:\/\/estheteclinic.com\/\",\"name\":\"Startseite\",\"description\":\"Plastic Surgery &amp; Hair Transplant in Turkey\",\"potentialAction\":[{\"@type\":\"SearchAction\",\"target\":{\"@type\":\"EntryPoint\",\"urlTemplate\":\"https:\/\/estheteclinic.com\/?s={search_term_string}\"},\"query-input\":\"required name=search_term_string\"}],\"inLanguage\":\"de\"}]}<\/script>\n<!-- \/ Yoast SEO plugin. -->","yoast_head_json":{"title":"Blepharoplastik - Startseite","robots":{"index":"index","follow":"follow","max-snippet":"max-snippet:-1","max-image-preview":"max-image-preview:large","max-video-preview":"max-video-preview:-1"},"canonical":"https:\/\/estheteclinic.com\/blepharoplasty\/","og_locale":"de_DE","og_type":"article","og_title":"Blepharoplastik - Startseite","og_description":"[vc_row][vc_column width=&#8221;2\/3&#8243;][vc_column_text]Bei der Blepharoplastik handelt es sich um einen chirurgischen Eingriff, bei dem die \u00fcbersch\u00fcssige Haut und der Muskel um die Augen sowohl am oberen als auch am unteren Augenlid zusammen mit dem darunter liegenden Fettgewebe entfernt werden. Die Blepharoplastik korrigiert Schlupfwinkel und beseitigt Erschlaffungen und Alterserscheinungen um die Augen. Der Zweck eines Augenliftings ist...","og_url":"https:\/\/estheteclinic.com\/blepharoplasty\/","og_site_name":"Startseite","article_modified_time":"2021-11-10T09:41:35+00:00","og_image":[{"width":2000,"height":1335,"url":"https:\/\/estheteclinic.com\/wp-content\/uploads\/2021\/11\/BLEPHAROPLASTY-120100.jpg","type":"image\/jpeg"}],"twitter_card":"summary_large_image","twitter_misc":{"Gesch\u00e4tzte Lesezeit":"4\u00a0Minuten"},"schema":{"@context":"https:\/\/schema.org","@graph":[{"@type":"WebPage","@id":"https:\/\/estheteclinic.com\/blepharoplasty\/","url":"https:\/\/estheteclinic.com\/blepharoplasty\/","name":"Blepharoplastik - Startseite","isPartOf":{"@id":"https:\/\/estheteclinic.com\/#website"},"primaryImageOfPage":{"@id":"https:\/\/estheteclinic.com\/blepharoplasty\/#primaryimage"},"image":{"@id":"https:\/\/estheteclinic.com\/blepharoplasty\/#primaryimage"},"thumbnailUrl":"https:\/\/estheteclinic.com\/wp-content\/uploads\/2021\/11\/BLEPHAROPLASTY-120100.jpg","datePublished":"2021-11-06T15:16:42+00:00","dateModified":"2021-11-10T09:41:35+00:00","breadcrumb":{"@id":"https:\/\/estheteclinic.com\/blepharoplasty\/#breadcrumb"},"inLanguage":"de","potentialAction":[{"@type":"ReadAction","target":["https:\/\/estheteclinic.com\/blepharoplasty\/"]}]},{"@type":"ImageObject","inLanguage":"de","@id":"https:\/\/estheteclinic.com\/blepharoplasty\/#primaryimage","url":"https:\/\/estheteclinic.com\/wp-content\/uploads\/2021\/11\/BLEPHAROPLASTY-120100.jpg","contentUrl":"https:\/\/estheteclinic.com\/wp-content\/uploads\/2021\/11\/BLEPHAROPLASTY-120100.jpg","width":2000,"height":1335,"caption":"Blepharoplasty"},{"@type":"BreadcrumbList","@id":"https:\/\/estheteclinic.com\/blepharoplasty\/#breadcrumb","itemListElement":[{"@type":"ListItem","position":1,"name":"Home","item":"https:\/\/estheteclinic.com\/de\/"},{"@type":"ListItem","position":2,"name":"Blepharoplastik"}]},{"@type":"WebSite","@id":"https:\/\/estheteclinic.com\/#website","url":"https:\/\/estheteclinic.com\/","name":"Startseite","description":"Plastic Surgery &amp; Hair Transplant in Turkey","potentialAction":[{"@type":"SearchAction","target":{"@type":"EntryPoint","urlTemplate":"https:\/\/estheteclinic.com\/?s={search_term_string}"},"query-input":"required name=search_term_string"}],"inLanguage":"de"}]}},"_links":{"self":[{"href":"https:\/\/estheteclinic.com\/de\/wp-json\/wp\/v2\/pages\/8068","targetHints":{"allow":["GET"]}}],"collection":[{"href":"https:\/\/estheteclinic.com\/de\/wp-json\/wp\/v2\/pages"}],"about":[{"href":"https:\/\/estheteclinic.com\/de\/wp-json\/wp\/v2\/types\/page"}],"author":[{"embeddable":true,"href":"https:\/\/estheteclinic.com\/de\/wp-json\/wp\/v2\/users\/3"}],"replies":[{"embeddable":true,"href":"https:\/\/estheteclinic.com\/de\/wp-json\/wp\/v2\/comments?post=8068"}],"version-history":[{"count":2,"href":"https:\/\/estheteclinic.com\/de\/wp-json\/wp\/v2\/pages\/8068\/revisions"}],"predecessor-version":[{"id":8476,"href":"https:\/\/estheteclinic.com\/de\/wp-json\/wp\/v2\/pages\/8068\/revisions\/8476"}],"wp:featuredmedia":[{"embeddable":true,"href":"https:\/\/estheteclinic.com\/de\/wp-json\/wp\/v2\/media\/8472"}],"wp:attachment":[{"href":"https:\/\/estheteclinic.com\/de\/wp-json\/wp\/v2\/media?parent=8068"}],"curies":[{"name":"wp","href":"https:\/\/api.w.org\/{rel}","templated":true}]}}