{"id":8092,"date":"2021-11-06T15:25:33","date_gmt":"2021-11-06T15:25:33","guid":{"rendered":"http:\/\/estheteclinic.com\/?page_id=8092"},"modified":"2024-04-24T08:48:42","modified_gmt":"2024-04-24T08:48:42","slug":"brustvergroesserung","status":"publish","type":"page","link":"https:\/\/estheteclinic.com\/de\/brustvergroesserung\/","title":{"rendered":"Brustvergr\u00f6\u00dferung"},"content":{"rendered":"<p>[vc_row][vc_column width=&#8221;2\/3&#8243;][vc_column_text]Eine Brustvergr\u00f6\u00dferung ist ein chirurgischer Eingriff, bei dem eine oder beide Br\u00fcste aus verschiedenen Gr\u00fcnden vergr\u00f6\u00dfert werden. Manche Frauen entscheiden sich aus pers\u00f6nlichen und \u00e4sthetischen Gr\u00fcnden f\u00fcr eine Brustvergr\u00f6\u00dferung, andere k\u00f6nnen Asymmetrien und Unregelm\u00e4\u00dfigkeiten an einer oder beiden Br\u00fcsten korrigieren.<\/p>\n<p>Eine Operation zur Brustvergr\u00f6\u00dferung kann auf zwei Arten erfolgen. Es gibt die Methode des Fetttransfers und die Methode der Silikonimplantate.<\/p>\n<h2>Arten von Brustimplantaten<\/h2>\n<h3>1- Form<\/h3>\n<p>Bei der Brustvergr\u00f6\u00dferung haben Sie die M\u00f6glichkeit, zwischen 2 Implantattypen zu w\u00e4hlen: den tropfenf\u00f6rmigen (anatomischen) Implantaten und den runden Implantaten. Im Hinblick auf die \u00c4hnlichkeit mit der nat\u00fcrlichen Brustform sind Tropfenimplantate die beste Option.<\/p>\n<h3>2- Inhalt<\/h3>\n<p>W\u00e4hrend alle Implantate aus einer Silikonh\u00fclle bestehen, kann der Inhalt in den Implantaten variieren. Die Implantate sind entweder mit Silikongel oder mit Kochsalzl\u00f6sung gef\u00fcllt.<\/p>\n<h3>3- Oberfl\u00e4che<\/h3>\n<p>Die Oberfl\u00e4che der Implantate kann glatt oder texturiert sein. Beide Arten haben ihre einzigartigen Vorteile, wobei raue Implantate tendenziell ein geringeres Risiko der Repositionierung aufweisen und insgesamt besser am umliegenden Gewebe haften. Raue Implantate bergen auch ein geringeres Risiko einer Kapselkontraktur. Andererseits bieten glatte Implantate, obwohl sie ein h\u00f6heres Risiko der Repositionierung aufweisen, ein nat\u00fcrlicheres Aussehen.<\/p>\n<h2>Einschnitte bei einer Brustvergr\u00f6\u00dferung mit Implantaten<\/h2>\n<p>Es gibt 4 verschiedene M\u00f6glichkeiten des Einschnitts f\u00fcr die Platzierung von Brustimplantaten. Diese sind transaxill\u00e4r, areolar, inframmam\u00e4r und TUBA. Jede Schnittf\u00fchrung hat ihre eigenen Vor- und Nachteile bei einer Brustvergr\u00f6\u00dferung. Die meisten Menschen bevorzugen Inzisionen unter der Brust, sogenannte inframamm\u00e4re Inzisionen, weil die Narben dann am wenigsten sichtbar sind. W\u00e4hrend Schnitte an den Brustwarzen ohne Narben verheilen, ist diese Art der Inzision bei einer Brustvergr\u00f6\u00dferung nicht zu empfehlen, da sie den Milchkanal beeintr\u00e4chtigt.<\/p>\n<p>Bei der transaxill\u00e4ren Inzision arbeitet Ihr Chirurg von Ihren Achselh\u00f6hlen aus und macht keine Ver\u00e4nderungen oder Einschnitte in der N\u00e4he der Brust. Diese Art von Einschnitten zur Brustvergr\u00f6\u00dferung hat keinen Einfluss auf die Milchkan\u00e4le oder die Milchproduktion nach dem Eingriff. Das Einsetzen des Implantats bei einer transaxill\u00e4ren Inzision erfolgt endoskopisch.<\/p>\n<p>Die Art des Einschnitts bei einer Brustvergr\u00f6\u00dferung h\u00e4ngt sowohl von Ihrer Anatomie als auch von der Art des Brustimplantats ab, f\u00fcr das Sie sich entscheiden.<\/p>\n<h2>So bereiten Sie sich auf eine Brustvergr\u00f6\u00dferung mit Implantaten vor<\/h2>\n<ul>\n<li>8 Stunden vor der Operation nichts mehr essen oder trinken<\/li>\n<li>Wenn Sie Alkohol trinken, m\u00fcssen Sie 2 Wochen vor der Brustvergr\u00f6\u00dferung den Konsum einstellen<\/li>\n<li>Wenn Sie rauchen, sollten Sie 2 Wochen vor Ihrer Brustvergr\u00f6\u00dferung damit aufh\u00f6ren.<\/li>\n<li>Beenden Sie die Einnahme von Vitamin E und Blutverd\u00fcnnern 2 Wochen vor der Brustvergr\u00f6\u00dferung<\/li>\n<\/ul>\n<h2>So bereiten Sie sich auf eine Brustvergr\u00f6\u00dferung durch Fetttransfer vor<\/h2>\n<ul>\n<li>Wenn Sie Alkohol trinken, m\u00fcssen Sie 2 Wochen vor der Brustvergr\u00f6\u00dferung den Konsum einstellen<\/li>\n<li>Wenn Sie rauchen, sollten Sie 2 Wochen vor Ihrer Brustvergr\u00f6\u00dferung damit aufh\u00f6ren.<\/li>\n<li>Beenden Sie die Einnahme von Vitamin E und Blutverd\u00fcnnern 2 Wochen vor der Brustvergr\u00f6\u00dferung<\/li>\n<\/ul>\n<h2>Verfahren zur Brustvergr\u00f6\u00dferung<\/h2>\n<h3>Vor der Operation<\/h3>\n<p>Eine Brustvergr\u00f6\u00dferung erfolgt unter Vollnarkose, die unser An\u00e4sthesieteam f\u00fcr Sie verabreicht. Vor der Anwendung wird unser Team Ihre Herzfrequenz, Ihr Blutbild und Ihre Sauerstoffwerte \u00fcberwachen, um sicherzustellen, dass Sie f\u00fcr eine Vollnarkose geeignet sind.<\/p>\n<p>Bei einer Fetttransfer-Brustvergr\u00f6\u00dferung wird der Eingriff unter lokaler An\u00e4sthesie durchgef\u00fchrt.<\/p>\n<h3>Chirurgie<\/h3>\n<p>Unabh\u00e4ngig von der Art des Schnittes muss Ihr Arzt eine Tasche entweder unter den Brustdr\u00fcsen oder unter dem Brustmuskel anlegen. In diese Tasche wird Ihr Implantat eingesetzt.<\/p>\n<p>Silikonimplantate werden vorgef\u00fcllt geliefert, w\u00e4hrend Kochsalzimplantate leer eingesetzt und sp\u00e4ter gef\u00fcllt werden.<\/p>\n<p>Bei einer Fetttransfer-Brustvergr\u00f6\u00dferung wird Ihr Chirurg \u00fcbersch\u00fcssiges und unerw\u00fcnschtes Fett aus einer beliebigen K\u00f6rperregion mittels Fettabsaugung entfernen. Sobald die Fettzellen entnommen sind, wird Ihr Arzt sie strategisch in Ihre Br\u00fcste injizieren, um Ihre \u00e4sthetischen Ziele zu erreichen.<\/p>\n<h3>Nach der Operation<\/h3>\n<p>Nach einer Brustvergr\u00f6\u00dferung werden Sie feststellen, dass Ihre Br\u00fcste mit Bandagen bedeckt sind und Sie einen Kompressions-BH tragen werden. Unter den Verb\u00e4nden wird Ihr Arzt Drainagen anbringen, um \u00fcbersch\u00fcssige Fl\u00fcssigkeiten und Blutausfluss aufzufangen. Diese Drainagen verbleiben f\u00fcr 5 bis 7 Tage nach Ihrer Brustvergr\u00f6\u00dferung, bevor Ihr Arzt sie entfernt. Es ist normal, dass Sie in den ersten Stunden nach einer Brustvergr\u00f6\u00dferung Schwindel, \u00dcbelkeit und Schw\u00e4che empfinden.<\/p>\n<p>Ihr Team in der Esthete Clinic wird diese Symptome \u00fcberwachen und Ihnen Medikamente anbieten, um sie zu lindern.<\/p>\n<p>Sie k\u00f6nnen 4 Stunden nach einer Brustvergr\u00f6\u00dferung Fl\u00fcssigkeiten und weiche Speisen zu sich nehmen.<\/p>\n<p>Sie k\u00f6nnen noch am selben Tag Ihrer Brustvergr\u00f6\u00dferung nach Hause gehen, sobald sich Ihr K\u00f6rper stabilisiert hat.<\/p>\n<h2>Dauer der Brustvergr\u00f6\u00dferung<\/h2>\n<p>Eine Operation zur Brustvergr\u00f6\u00dferung dauert zwischen 1,5 und 2,5 Stunden.<\/p>\n<h2>Genesung nach einer Brustvergr\u00f6\u00dferung<\/h2>\n<p>Verbringen Sie die ersten Tage in Ruhe, damit sich Ihr K\u00f6rper schneller erholen kann. W\u00e4hrend dieser Zeit k\u00f6nnen Sie je nach Platzierung Ihrer Implantate unterschiedliche Beschwerden haben. Wenn Ihr Implantat hinter der Wand Ihrer Brustmuskulatur platziert wurde, werden Sie in den ersten Tagen Schmerzen bei Armbewegungen versp\u00fcren.<\/p>\n<p>Ab dem dritten Tag beginnt die Schwellung deutlich zur\u00fcckzugehen. Ihr Arzt wird Ihre Verb\u00e4nde sp\u00e4testens am 4. Tag entfernen. Danach d\u00fcrfen Sie duschen.<\/p>\n<p>Schr\u00e4nken Sie Ihre k\u00f6rperlichen Aktivit\u00e4ten in den ersten 3 Wochen ein. Achten Sie darauf, dass Sie keine anstrengenden \u00dcbungen oder ruckartigen Bewegungen mit dem Oberk\u00f6rper durchf\u00fchren.<\/p>\n<p>Ebenso sollten Sauna, Solarium und Dampfbad f\u00fcr 6-8 Wochen nach einer Operation zur Brustvergr\u00f6\u00dferung vermieden werden. Obwohl sie allm\u00e4hlich zur\u00fcckgehen, k\u00f6nnen von Zeit zu Zeit kurzzeitige Schmerzen wie Stechen, Brennen und Kr\u00e4mpfe auftreten, die \u00fcber Monate anhalten k\u00f6nnen.<\/p>\n<p>Es kann zu Taubheitsgef\u00fchlen oder \u00dcberempfindlichkeit im Brust- und Brustwarzenbereich kommen, was v\u00f6llig normal ist und bis zu 6 bis 12 Monate dauern kann.<\/p>\n<p>Sie k\u00f6nnen Ihren t\u00e4glichen Aktivit\u00e4ten zwischen 10 und 30 Tagen nach einer Brustvergr\u00f6\u00dferung wieder nachgehen. Es kommt darauf an, wie gut sich Ihr K\u00f6rper erholt.<\/p>\n<h2>Ergebnisse der Brustvergr\u00f6\u00dferung<\/h2>\n<p>Die Ergebnisse einer Brustvergr\u00f6\u00dferung mit Implantaten sind unmittelbar und dauerhaft. Mit der Zeit, wenn sich der K\u00f6rper an die Ver\u00e4nderungen anpasst und die Schwellung vollst\u00e4ndig zur\u00fcckgeht, werden die Ergebnisse einer Brustvergr\u00f6\u00dferung immer besser.[\/vc_column_text][\/vc_column][vc_column width=&#8221;1\/3&#8243; el_class=&#8221;sticky_contact_form_ttttt&#8221;]\n<div class=\"wpcf7 no-js\" id=\"wpcf7-f7798-o1\" lang=\"de-DE\" dir=\"ltr\">\n<div class=\"screen-reader-response\"><p role=\"status\" aria-live=\"polite\" aria-atomic=\"true\"><\/p> <ul><\/ul><\/div>\n<form action=\"\/de\/wp-json\/wp\/v2\/pages\/8092#wpcf7-f7798-o1\" method=\"post\" class=\"wpcf7-form init\" aria-label=\"Kontaktformular\" novalidate=\"novalidate\" data-status=\"init\">\n<div style=\"display: none;\">\n<input type=\"hidden\" name=\"_wpcf7\" value=\"7798\" \/>\n<input type=\"hidden\" name=\"_wpcf7_version\" value=\"5.9.6\" \/>\n<input type=\"hidden\" name=\"_wpcf7_locale\" value=\"de_DE\" \/>\n<input type=\"hidden\" name=\"_wpcf7_unit_tag\" value=\"wpcf7-f7798-o1\" \/>\n<input type=\"hidden\" name=\"_wpcf7_container_post\" value=\"0\" \/>\n<input type=\"hidden\" name=\"_wpcf7_posted_data_hash\" value=\"\" \/>\n<\/div>\n<div class=\"contact_form_sticky_cf7\">\n\t<h3 style=\"text-align:center;color:white;\">Kostenlose Beratung erhalten\n\t<\/h3>\n\t<p style=\"text-align:center;color:white;\">Bitte f\u00fcllen Sie das untenstehende Formular aus und wir werden Sie in K\u00fcrze kontaktieren\n\t<\/p>\n\t<div class=\"contact-page1 row\">\n\t\t<div class=\"col-sm-6\">\n\t\t\t<p><span class=\"wpcf7-form-control-wrap\" data-name=\"nameeeee\"><input size=\"40\" maxlength=\"80\" class=\"wpcf7-form-control wpcf7-text wpcf7-validates-as-required\" aria-required=\"true\" aria-invalid=\"false\" placeholder=\"Ihr Name*\" value=\"\" type=\"text\" name=\"nameeeee\" \/><\/span>\n\t\t\t<\/p>\n\t\t<\/div>\n\t\t<div class=\"col-sm-6\">\n\t\t\t<p><span class=\"wpcf7-form-control-wrap\" data-name=\"emaillll\"><input size=\"40\" maxlength=\"80\" class=\"wpcf7-form-control wpcf7-email wpcf7-text wpcf7-validates-as-email\" aria-invalid=\"false\" placeholder=\"E-Mail-Adresse\" value=\"\" type=\"email\" name=\"emaillll\" \/><\/span>\n\t\t\t<\/p>\n\t\t<\/div>\n\t\t<div class=\"col-sm-12\" style=\"padding-bottom:20px;\">\n\t\t\t<p>[phonetext* phoneeee numberonly]\n\t\t\t<\/p>\n\t\t<\/div>\n\t\t<div class=\"col-sm-12\">\n\t\t\t<p><span class=\"wpcf7-form-control-wrap\" data-name=\"messageeeeee\"><textarea cols=\"40\" rows=\"10\" maxlength=\"400\" class=\"wpcf7-form-control wpcf7-textarea\" aria-invalid=\"false\" placeholder=\"Nachricht\" name=\"messageeeeee\"><\/textarea><\/span>\n\t\t\t<\/p>\n\t\t<\/div>\n\t<\/div>\n\t<p><input class=\"wpcf7-form-control wpcf7-submit has-spinner\" type=\"submit\" value=\"ABSENDEN\" \/>\n\t<\/p>\n<\/div><div class=\"wpcf7-response-output\" aria-hidden=\"true\"><\/div>\n<\/form>\n<\/div>\n[\/vc_column][\/vc_row]<\/p>\n","protected":false},"excerpt":{"rendered":"<p>[vc_row][vc_column width=&#8221;2\/3&#8243;][vc_column_text]Eine Brustvergr\u00f6\u00dferung ist ein chirurgischer Eingriff, bei dem eine oder beide Br\u00fcste aus verschiedenen Gr\u00fcnden vergr\u00f6\u00dfert werden. Manche Frauen entscheiden sich aus pers\u00f6nlichen und \u00e4sthetischen Gr\u00fcnden f\u00fcr eine Brustvergr\u00f6\u00dferung, andere k\u00f6nnen Asymmetrien und Unregelm\u00e4\u00dfigkeiten an einer oder beiden Br\u00fcsten korrigieren. Eine Operation zur Brustvergr\u00f6\u00dferung kann auf zwei Arten erfolgen. Es gibt die Methode des&#8230;<\/p>\n","protected":false},"author":3,"featured_media":8644,"parent":0,"menu_order":0,"comment_status":"closed","ping_status":"closed","template":"","meta":{"footnotes":""},"class_list":["post-8092","page","type-page","status-publish","has-post-thumbnail","hentry"],"yoast_head":"<!-- This site is optimized with the Yoast SEO plugin v23.0 - https:\/\/yoast.com\/wordpress\/plugins\/seo\/ -->\n<title>Brustvergr\u00f6\u00dferung - Startseite<\/title>\n<meta name=\"robots\" content=\"index, follow, max-snippet:-1, max-image-preview:large, max-video-preview:-1\" \/>\n<link rel=\"canonical\" href=\"https:\/\/estheteclinic.com\/breast-augmentation\/\" \/>\n<meta property=\"og:locale\" content=\"de_DE\" \/>\n<meta property=\"og:type\" content=\"article\" \/>\n<meta property=\"og:title\" content=\"Brustvergr\u00f6\u00dferung - Startseite\" \/>\n<meta property=\"og:description\" content=\"[vc_row][vc_column width=&#8221;2\/3&#8243;][vc_column_text]Eine Brustvergr\u00f6\u00dferung ist ein chirurgischer Eingriff, bei dem eine oder beide Br\u00fcste aus verschiedenen Gr\u00fcnden vergr\u00f6\u00dfert werden. Manche Frauen entscheiden sich aus pers\u00f6nlichen und \u00e4sthetischen Gr\u00fcnden f\u00fcr eine Brustvergr\u00f6\u00dferung, andere k\u00f6nnen Asymmetrien und Unregelm\u00e4\u00dfigkeiten an einer oder beiden Br\u00fcsten korrigieren. Eine Operation zur Brustvergr\u00f6\u00dferung kann auf zwei Arten erfolgen. Es gibt die Methode des...\" \/>\n<meta property=\"og:url\" content=\"https:\/\/estheteclinic.com\/breast-augmentation\/\" \/>\n<meta property=\"og:site_name\" content=\"Startseite\" \/>\n<meta property=\"article:modified_time\" content=\"2024-04-24T08:48:42+00:00\" \/>\n<meta property=\"og:image\" content=\"https:\/\/estheteclinic.com\/wp-content\/uploads\/2021\/11\/BREAST-AUGMENTATION.jpg\" \/>\n\t<meta property=\"og:image:width\" content=\"2000\" \/>\n\t<meta property=\"og:image:height\" content=\"981\" \/>\n\t<meta property=\"og:image:type\" content=\"image\/jpeg\" \/>\n<meta name=\"twitter:card\" content=\"summary_large_image\" \/>\n<meta name=\"twitter:label1\" content=\"Gesch\u00e4tzte Lesezeit\" \/>\n\t<meta name=\"twitter:data1\" content=\"5\u00a0Minuten\" \/>\n<script type=\"application\/ld+json\" class=\"yoast-schema-graph\">{\"@context\":\"https:\/\/schema.org\",\"@graph\":[{\"@type\":\"WebPage\",\"@id\":\"https:\/\/estheteclinic.com\/breast-augmentation\/\",\"url\":\"https:\/\/estheteclinic.com\/breast-augmentation\/\",\"name\":\"Brustvergr\u00f6\u00dferung - Startseite\",\"isPartOf\":{\"@id\":\"https:\/\/estheteclinic.com\/#website\"},\"primaryImageOfPage\":{\"@id\":\"https:\/\/estheteclinic.com\/breast-augmentation\/#primaryimage\"},\"image\":{\"@id\":\"https:\/\/estheteclinic.com\/breast-augmentation\/#primaryimage\"},\"thumbnailUrl\":\"https:\/\/estheteclinic.com\/wp-content\/uploads\/2021\/11\/BREAST-AUGMENTATION.jpg\",\"datePublished\":\"2021-11-06T15:25:33+00:00\",\"dateModified\":\"2024-04-24T08:48:42+00:00\",\"breadcrumb\":{\"@id\":\"https:\/\/estheteclinic.com\/breast-augmentation\/#breadcrumb\"},\"inLanguage\":\"de\",\"potentialAction\":[{\"@type\":\"ReadAction\",\"target\":[\"https:\/\/estheteclinic.com\/breast-augmentation\/\"]}]},{\"@type\":\"ImageObject\",\"inLanguage\":\"de\",\"@id\":\"https:\/\/estheteclinic.com\/breast-augmentation\/#primaryimage\",\"url\":\"https:\/\/estheteclinic.com\/wp-content\/uploads\/2021\/11\/BREAST-AUGMENTATION.jpg\",\"contentUrl\":\"https:\/\/estheteclinic.com\/wp-content\/uploads\/2021\/11\/BREAST-AUGMENTATION.jpg\",\"width\":2000,\"height\":981,\"caption\":\"Breast Augmentation\"},{\"@type\":\"BreadcrumbList\",\"@id\":\"https:\/\/estheteclinic.com\/breast-augmentation\/#breadcrumb\",\"itemListElement\":[{\"@type\":\"ListItem\",\"position\":1,\"name\":\"Home\",\"item\":\"https:\/\/estheteclinic.com\/de\/\"},{\"@type\":\"ListItem\",\"position\":2,\"name\":\"Brustvergr\u00f6\u00dferung\"}]},{\"@type\":\"WebSite\",\"@id\":\"https:\/\/estheteclinic.com\/#website\",\"url\":\"https:\/\/estheteclinic.com\/\",\"name\":\"Startseite\",\"description\":\"Plastic Surgery &amp; Hair Transplant in Turkey\",\"potentialAction\":[{\"@type\":\"SearchAction\",\"target\":{\"@type\":\"EntryPoint\",\"urlTemplate\":\"https:\/\/estheteclinic.com\/?s={search_term_string}\"},\"query-input\":\"required name=search_term_string\"}],\"inLanguage\":\"de\"}]}<\/script>\n<!-- \/ Yoast SEO plugin. -->","yoast_head_json":{"title":"Brustvergr\u00f6\u00dferung - Startseite","robots":{"index":"index","follow":"follow","max-snippet":"max-snippet:-1","max-image-preview":"max-image-preview:large","max-video-preview":"max-video-preview:-1"},"canonical":"https:\/\/estheteclinic.com\/breast-augmentation\/","og_locale":"de_DE","og_type":"article","og_title":"Brustvergr\u00f6\u00dferung - Startseite","og_description":"[vc_row][vc_column width=&#8221;2\/3&#8243;][vc_column_text]Eine Brustvergr\u00f6\u00dferung ist ein chirurgischer Eingriff, bei dem eine oder beide Br\u00fcste aus verschiedenen Gr\u00fcnden vergr\u00f6\u00dfert werden. Manche Frauen entscheiden sich aus pers\u00f6nlichen und \u00e4sthetischen Gr\u00fcnden f\u00fcr eine Brustvergr\u00f6\u00dferung, andere k\u00f6nnen Asymmetrien und Unregelm\u00e4\u00dfigkeiten an einer oder beiden Br\u00fcsten korrigieren. Eine Operation zur Brustvergr\u00f6\u00dferung kann auf zwei Arten erfolgen. Es gibt die Methode des...","og_url":"https:\/\/estheteclinic.com\/breast-augmentation\/","og_site_name":"Startseite","article_modified_time":"2024-04-24T08:48:42+00:00","og_image":[{"width":2000,"height":981,"url":"https:\/\/estheteclinic.com\/wp-content\/uploads\/2021\/11\/BREAST-AUGMENTATION.jpg","type":"image\/jpeg"}],"twitter_card":"summary_large_image","twitter_misc":{"Gesch\u00e4tzte Lesezeit":"5\u00a0Minuten"},"schema":{"@context":"https:\/\/schema.org","@graph":[{"@type":"WebPage","@id":"https:\/\/estheteclinic.com\/breast-augmentation\/","url":"https:\/\/estheteclinic.com\/breast-augmentation\/","name":"Brustvergr\u00f6\u00dferung - Startseite","isPartOf":{"@id":"https:\/\/estheteclinic.com\/#website"},"primaryImageOfPage":{"@id":"https:\/\/estheteclinic.com\/breast-augmentation\/#primaryimage"},"image":{"@id":"https:\/\/estheteclinic.com\/breast-augmentation\/#primaryimage"},"thumbnailUrl":"https:\/\/estheteclinic.com\/wp-content\/uploads\/2021\/11\/BREAST-AUGMENTATION.jpg","datePublished":"2021-11-06T15:25:33+00:00","dateModified":"2024-04-24T08:48:42+00:00","breadcrumb":{"@id":"https:\/\/estheteclinic.com\/breast-augmentation\/#breadcrumb"},"inLanguage":"de","potentialAction":[{"@type":"ReadAction","target":["https:\/\/estheteclinic.com\/breast-augmentation\/"]}]},{"@type":"ImageObject","inLanguage":"de","@id":"https:\/\/estheteclinic.com\/breast-augmentation\/#primaryimage","url":"https:\/\/estheteclinic.com\/wp-content\/uploads\/2021\/11\/BREAST-AUGMENTATION.jpg","contentUrl":"https:\/\/estheteclinic.com\/wp-content\/uploads\/2021\/11\/BREAST-AUGMENTATION.jpg","width":2000,"height":981,"caption":"Breast Augmentation"},{"@type":"BreadcrumbList","@id":"https:\/\/estheteclinic.com\/breast-augmentation\/#breadcrumb","itemListElement":[{"@type":"ListItem","position":1,"name":"Home","item":"https:\/\/estheteclinic.com\/de\/"},{"@type":"ListItem","position":2,"name":"Brustvergr\u00f6\u00dferung"}]},{"@type":"WebSite","@id":"https:\/\/estheteclinic.com\/#website","url":"https:\/\/estheteclinic.com\/","name":"Startseite","description":"Plastic Surgery &amp; Hair Transplant in Turkey","potentialAction":[{"@type":"SearchAction","target":{"@type":"EntryPoint","urlTemplate":"https:\/\/estheteclinic.com\/?s={search_term_string}"},"query-input":"required name=search_term_string"}],"inLanguage":"de"}]}},"_links":{"self":[{"href":"https:\/\/estheteclinic.com\/de\/wp-json\/wp\/v2\/pages\/8092","targetHints":{"allow":["GET"]}}],"collection":[{"href":"https:\/\/estheteclinic.com\/de\/wp-json\/wp\/v2\/pages"}],"about":[{"href":"https:\/\/estheteclinic.com\/de\/wp-json\/wp\/v2\/types\/page"}],"author":[{"embeddable":true,"href":"https:\/\/estheteclinic.com\/de\/wp-json\/wp\/v2\/users\/3"}],"replies":[{"embeddable":true,"href":"https:\/\/estheteclinic.com\/de\/wp-json\/wp\/v2\/comments?post=8092"}],"version-history":[{"count":3,"href":"https:\/\/estheteclinic.com\/de\/wp-json\/wp\/v2\/pages\/8092\/revisions"}],"predecessor-version":[{"id":12209,"href":"https:\/\/estheteclinic.com\/de\/wp-json\/wp\/v2\/pages\/8092\/revisions\/12209"}],"wp:featuredmedia":[{"embeddable":true,"href":"https:\/\/estheteclinic.com\/de\/wp-json\/wp\/v2\/media\/8644"}],"wp:attachment":[{"href":"https:\/\/estheteclinic.com\/de\/wp-json\/wp\/v2\/media?parent=8092"}],"curies":[{"name":"wp","href":"https:\/\/api.w.org\/{rel}","templated":true}]}}