{"id":8102,"date":"2021-11-06T15:27:28","date_gmt":"2021-11-06T15:27:28","guid":{"rendered":"http:\/\/estheteclinic.com\/?page_id=8102"},"modified":"2021-11-26T14:24:55","modified_gmt":"2021-11-26T14:24:55","slug":"bruststraffung","status":"publish","type":"page","link":"https:\/\/estheteclinic.com\/de\/bruststraffung\/","title":{"rendered":"Bruststraffung"},"content":{"rendered":"<p>[vc_row][vc_column width=&#8221;2\/3&#8243;][vc_column_text]Die Bruststraffung oder Mastopexie ist ein chirurgischer Eingriff, der darauf abzielt, h\u00e4ngende Br\u00fcste anzuheben und neu zu formen. Faktoren wie Schwangerschaft, Stillen, Gewichtsver\u00e4nderung, Alterung und Schwerkraft k\u00f6nnen das Aussehen der Br\u00fcste mit der Zeit ver\u00e4ndern. Wenn die Haut ihre Elastizit\u00e4t verliert, verlieren die Br\u00fcste ihre Form und beginnen zu h\u00e4ngen.<\/p>\n<p>Die Bruststraffung oder Mastopexie in der Klinik Esthete ist ein chirurgischer Eingriff, der von qualifizierten und erfahrenen plastischen Chirurgen durchgef\u00fchrt wird.<\/p>\n<h2><strong>Kandidaten f\u00fcr die Bruststraffung<\/strong><\/h2>\n<p>Die besten Kandidaten f\u00fcr eine Bruststraffung (Mastopexie) sind:<\/p>\n<ul>\n<li>Gesunde Frauen<\/li>\n<li>Emotional stabile Frauen mit realistischen Erwartungen an die M\u00f6glichkeiten dieser Operation<\/li>\n<li>Br\u00fcste aller Gr\u00f6\u00dfen k\u00f6nnen gestrafft werden, aber die Ergebnisse sind bei Frauen mit schweren und gro\u00dfen Br\u00fcsten m\u00f6glicherweise nicht von Dauer.<\/li>\n<\/ul>\n<h2><strong>So bereiten Sie sich auf die Bruststraffung vor<\/strong><\/h2>\n<p>\u2013 Essen und trinken Sie 6-8 Stunden vor einem Armlifting nichts mehr. Wenden Sie sich an Ihren Arzt, wenn Sie diesen Zeitbereich nicht einhalten k\u00f6nnen.<\/p>\n<h2><strong>Dauer der Bruststraffung<\/strong><\/h2>\n<p>Eine Bruststraffungsoperation kann zwischen 3 und 4 Stunden dauern.<\/p>\n<p>Die Bruststraffung (Mastopexie) hinterl\u00e4sst bleibende und sichtbare Narben an den Br\u00fcsten. Die Operation wird unter Vollnarkose durchgef\u00fchrt.<\/p>\n<h2><strong>Einschnitte zur Bruststraffung<\/strong><\/h2>\n<p>Eine Bruststraffung ist ein Eingriff, der mit wenigen Standardschnitten durchgef\u00fchrt werden kann. Typischerweise wird sie \u00fcber einen Einschnitt durchgef\u00fchrt, der um die Brustwarze herum und bis hinunter zur Brustfalte verl\u00e4uft. Manchmal erfolgt sie aber auch nur \u00fcber den Schnitt um die Brustwarze oder \u00fcber einen gro\u00dfen Schnitt in Form eines \u201eumgekehrten T\u201c.<\/p>\n<h2><strong>Verfahren zur Bruststraffung<\/strong><\/h2>\n<h3><strong>Vor der Operation<\/strong><\/h3>\n<p>Unser Team von An\u00e4sthesisten in der Esthete-Klinik wird Ihre Vollnarkose verabreichen und Sie auf die Operation vorbereiten.<\/p>\n<h3><strong>Chirurgie<\/strong><\/h3>\n<p>Ihr Chirurg wird die Einschnitte nach einem vorher besprochenen Plan vornehmen. Durch diese Einschnitte wird Ihr Chirurg die Brust, die Brustwarzen und den Warzenhof neu formen und positionieren. Die gesamte \u00fcbersch\u00fcssige Haut wird entfernt, wodurch die Br\u00fcste ein gestrafftes, geliftetes Aussehen erhalten.<\/p>\n<h3><strong>Nach der Operation<\/strong><\/h3>\n<p>Nach der Operation wird unser Team Ihre Genesung in Bezug auf Herzfrequenz und Sauerstoffgehalt 30 Minuten lang \u00fcberwachen, bevor Sie auf Ihr Zimmer verlegt werden.<\/p>\n<p>Ihre Br\u00fcste werden mit Bandagen bedeckt sein, so dass das endg\u00fcltige Ergebnis noch nicht zu sehen ist. Ihr Chirurg wird auch einen Drainageschlauch um die Einschnitte legen, um \u00fcbersch\u00fcssigen Fl\u00fcssigkeitsausfluss zu entfernen. Abh\u00e4ngig von der Fl\u00fcssigkeitsmenge, die Ihr K\u00f6rper abgibt, wird Ihr Arzt diese Drainagen innerhalb eines von 24 bis 72 Stunden entfernen. Der Patient verl\u00e4sst den Operationssaal mit einem Verband f\u00fcr den gesamten Brustbereich.<\/p>\n<p>Was die Narben betrifft, so werden sie allm\u00e4hlich blass und n\u00e4hern sich der Hautfarbe w\u00e4hrend einer Reifezeit von 6 Monaten bis 2 Jahren. Bei manchen Menschen, die zu Keloiden neigen, kann es jedoch zu einer \u00fcberm\u00e4\u00dfigen Narbenbildung kommen. Postoperative Verb\u00e4nde werden so oft angelegt, wie Ihr Arzt es f\u00fcr angemessen h\u00e4lt.<\/p>\n<h2><strong>Genesung nach einer Bruststraffung<\/strong><\/h2>\n<p>Ihr Chirurg wird die chirurgischen N\u00e4hte in der Regel 7-10 Tage nach der Operation um die Brustwarzen und die Falte entfernen. Sie k\u00f6nnen nach den ersten 72 Stunden nach der Operation duschen. Ihr Arzt kann Ihnen empfehlen, mit speziellen wasserdichten Verbandsmaterialien zu duschen, falls dies erforderlich ist. Es ist jedoch absolut verboten, den Pool oder das Meer zu betreten, bis die Stiche entfernt sind. Ab dem von Ihrem Arzt festgelegten Termin m\u00fcssen Sie einen speziellen BH zur Unterst\u00fctzung tragen und den Brustbereich massieren. Es ist normal, dass im gesamten Brustbereich Taubheitsgef\u00fchle und \u00d6deme auftreten. Dies ist in der Regel ein vor\u00fcbergehender Zustand und kann bis zu 6-12 Monate dauern, bis er verschwindet. In manchen F\u00e4llen treten in dem Bereich Bluterg\u00fcsse auf, die innerhalb von 1-2 Wochen verschwinden. Ebenso kann es zu Taubheitsgef\u00fchlen und extremer Empfindlichkeit in den Brustwarzen kommen.<\/p>\n<p>Je nach Eingriff, Wundheilung und Ihrer Vertr\u00e4glichkeit k\u00f6nnen Sie 1 bis 3 Wochen nach der Operation in Ihren Alltag zur\u00fcckkehren.[\/vc_column_text][\/vc_column][vc_column width=&#8221;1\/3&#8243; el_class=&#8221;sticky_contact_form_ttttt&#8221;]\n<div class=\"wpcf7 no-js\" id=\"wpcf7-f7798-o1\" lang=\"de-DE\" dir=\"ltr\">\n<div class=\"screen-reader-response\"><p role=\"status\" aria-live=\"polite\" aria-atomic=\"true\"><\/p> <ul><\/ul><\/div>\n<form action=\"\/de\/wp-json\/wp\/v2\/pages\/8102#wpcf7-f7798-o1\" method=\"post\" class=\"wpcf7-form init\" aria-label=\"Kontaktformular\" novalidate=\"novalidate\" data-status=\"init\">\n<div style=\"display: none;\">\n<input type=\"hidden\" name=\"_wpcf7\" value=\"7798\" \/>\n<input type=\"hidden\" name=\"_wpcf7_version\" value=\"5.9.6\" \/>\n<input type=\"hidden\" name=\"_wpcf7_locale\" value=\"de_DE\" \/>\n<input type=\"hidden\" name=\"_wpcf7_unit_tag\" value=\"wpcf7-f7798-o1\" \/>\n<input type=\"hidden\" name=\"_wpcf7_container_post\" value=\"0\" \/>\n<input type=\"hidden\" name=\"_wpcf7_posted_data_hash\" value=\"\" \/>\n<\/div>\n<div class=\"contact_form_sticky_cf7\">\n\t<h3 style=\"text-align:center;color:white;\">Kostenlose Beratung erhalten\n\t<\/h3>\n\t<p style=\"text-align:center;color:white;\">Bitte f\u00fcllen Sie das untenstehende Formular aus und wir werden Sie in K\u00fcrze kontaktieren\n\t<\/p>\n\t<div class=\"contact-page1 row\">\n\t\t<div class=\"col-sm-6\">\n\t\t\t<p><span class=\"wpcf7-form-control-wrap\" data-name=\"nameeeee\"><input size=\"40\" maxlength=\"80\" class=\"wpcf7-form-control wpcf7-text wpcf7-validates-as-required\" aria-required=\"true\" aria-invalid=\"false\" placeholder=\"Ihr Name*\" value=\"\" type=\"text\" name=\"nameeeee\" \/><\/span>\n\t\t\t<\/p>\n\t\t<\/div>\n\t\t<div class=\"col-sm-6\">\n\t\t\t<p><span class=\"wpcf7-form-control-wrap\" data-name=\"emaillll\"><input size=\"40\" maxlength=\"80\" class=\"wpcf7-form-control wpcf7-email wpcf7-text wpcf7-validates-as-email\" aria-invalid=\"false\" placeholder=\"E-Mail-Adresse\" value=\"\" type=\"email\" name=\"emaillll\" \/><\/span>\n\t\t\t<\/p>\n\t\t<\/div>\n\t\t<div class=\"col-sm-12\" style=\"padding-bottom:20px;\">\n\t\t\t<p>[phonetext* phoneeee numberonly]\n\t\t\t<\/p>\n\t\t<\/div>\n\t\t<div class=\"col-sm-12\">\n\t\t\t<p><span class=\"wpcf7-form-control-wrap\" data-name=\"messageeeeee\"><textarea cols=\"40\" rows=\"10\" maxlength=\"400\" class=\"wpcf7-form-control wpcf7-textarea\" aria-invalid=\"false\" placeholder=\"Nachricht\" name=\"messageeeeee\"><\/textarea><\/span>\n\t\t\t<\/p>\n\t\t<\/div>\n\t<\/div>\n\t<p><input class=\"wpcf7-form-control wpcf7-submit has-spinner\" type=\"submit\" value=\"ABSENDEN\" \/>\n\t<\/p>\n<\/div><div class=\"wpcf7-response-output\" aria-hidden=\"true\"><\/div>\n<\/form>\n<\/div>\n[\/vc_column][\/vc_row]<\/p>\n","protected":false},"excerpt":{"rendered":"<p>[vc_row][vc_column width=&#8221;2\/3&#8243;][vc_column_text]Die Bruststraffung oder Mastopexie ist ein chirurgischer Eingriff, der darauf abzielt, h\u00e4ngende Br\u00fcste anzuheben und neu zu formen. Faktoren wie Schwangerschaft, Stillen, Gewichtsver\u00e4nderung, Alterung und Schwerkraft k\u00f6nnen das Aussehen der Br\u00fcste mit der Zeit ver\u00e4ndern. Wenn die Haut ihre Elastizit\u00e4t verliert, verlieren die Br\u00fcste ihre Form und beginnen zu h\u00e4ngen. Die Bruststraffung oder Mastopexie&#8230;<\/p>\n","protected":false},"author":3,"featured_media":8663,"parent":0,"menu_order":0,"comment_status":"closed","ping_status":"closed","template":"","meta":{"footnotes":""},"class_list":["post-8102","page","type-page","status-publish","has-post-thumbnail","hentry"],"yoast_head":"<!-- This site is optimized with the Yoast SEO plugin v23.0 - https:\/\/yoast.com\/wordpress\/plugins\/seo\/ -->\n<title>Bruststraffung - Startseite<\/title>\n<meta name=\"robots\" content=\"index, follow, max-snippet:-1, max-image-preview:large, max-video-preview:-1\" \/>\n<link rel=\"canonical\" href=\"https:\/\/estheteclinic.com\/breast-lift\/\" \/>\n<meta property=\"og:locale\" content=\"de_DE\" \/>\n<meta property=\"og:type\" content=\"article\" \/>\n<meta property=\"og:title\" content=\"Bruststraffung - Startseite\" \/>\n<meta property=\"og:description\" content=\"[vc_row][vc_column width=&#8221;2\/3&#8243;][vc_column_text]Die Bruststraffung oder Mastopexie ist ein chirurgischer Eingriff, der darauf abzielt, h\u00e4ngende Br\u00fcste anzuheben und neu zu formen. Faktoren wie Schwangerschaft, Stillen, Gewichtsver\u00e4nderung, Alterung und Schwerkraft k\u00f6nnen das Aussehen der Br\u00fcste mit der Zeit ver\u00e4ndern. Wenn die Haut ihre Elastizit\u00e4t verliert, verlieren die Br\u00fcste ihre Form und beginnen zu h\u00e4ngen. Die Bruststraffung oder Mastopexie...\" \/>\n<meta property=\"og:url\" content=\"https:\/\/estheteclinic.com\/breast-lift\/\" \/>\n<meta property=\"og:site_name\" content=\"Startseite\" \/>\n<meta property=\"article:modified_time\" content=\"2021-11-26T14:24:55+00:00\" \/>\n<meta property=\"og:image\" content=\"https:\/\/estheteclinic.com\/wp-content\/uploads\/2021\/11\/breast-lift.jpg\" \/>\n\t<meta property=\"og:image:width\" content=\"2500\" \/>\n\t<meta property=\"og:image:height\" content=\"935\" \/>\n\t<meta property=\"og:image:type\" content=\"image\/jpeg\" \/>\n<meta name=\"twitter:card\" content=\"summary_large_image\" \/>\n<meta name=\"twitter:label1\" content=\"Gesch\u00e4tzte Lesezeit\" \/>\n\t<meta name=\"twitter:data1\" content=\"3\u00a0Minuten\" \/>\n<script type=\"application\/ld+json\" class=\"yoast-schema-graph\">{\"@context\":\"https:\/\/schema.org\",\"@graph\":[{\"@type\":\"WebPage\",\"@id\":\"https:\/\/estheteclinic.com\/breast-lift\/\",\"url\":\"https:\/\/estheteclinic.com\/breast-lift\/\",\"name\":\"Bruststraffung - Startseite\",\"isPartOf\":{\"@id\":\"https:\/\/estheteclinic.com\/#website\"},\"primaryImageOfPage\":{\"@id\":\"https:\/\/estheteclinic.com\/breast-lift\/#primaryimage\"},\"image\":{\"@id\":\"https:\/\/estheteclinic.com\/breast-lift\/#primaryimage\"},\"thumbnailUrl\":\"https:\/\/estheteclinic.com\/wp-content\/uploads\/2021\/11\/breast-lift.jpg\",\"datePublished\":\"2021-11-06T15:27:28+00:00\",\"dateModified\":\"2021-11-26T14:24:55+00:00\",\"breadcrumb\":{\"@id\":\"https:\/\/estheteclinic.com\/breast-lift\/#breadcrumb\"},\"inLanguage\":\"de\",\"potentialAction\":[{\"@type\":\"ReadAction\",\"target\":[\"https:\/\/estheteclinic.com\/breast-lift\/\"]}]},{\"@type\":\"ImageObject\",\"inLanguage\":\"de\",\"@id\":\"https:\/\/estheteclinic.com\/breast-lift\/#primaryimage\",\"url\":\"https:\/\/estheteclinic.com\/wp-content\/uploads\/2021\/11\/breast-lift.jpg\",\"contentUrl\":\"https:\/\/estheteclinic.com\/wp-content\/uploads\/2021\/11\/breast-lift.jpg\",\"width\":2500,\"height\":935,\"caption\":\"Breast Lift\"},{\"@type\":\"BreadcrumbList\",\"@id\":\"https:\/\/estheteclinic.com\/breast-lift\/#breadcrumb\",\"itemListElement\":[{\"@type\":\"ListItem\",\"position\":1,\"name\":\"Home\",\"item\":\"https:\/\/estheteclinic.com\/de\/\"},{\"@type\":\"ListItem\",\"position\":2,\"name\":\"Bruststraffung\"}]},{\"@type\":\"WebSite\",\"@id\":\"https:\/\/estheteclinic.com\/#website\",\"url\":\"https:\/\/estheteclinic.com\/\",\"name\":\"Startseite\",\"description\":\"Plastic Surgery &amp; Hair Transplant in Turkey\",\"potentialAction\":[{\"@type\":\"SearchAction\",\"target\":{\"@type\":\"EntryPoint\",\"urlTemplate\":\"https:\/\/estheteclinic.com\/?s={search_term_string}\"},\"query-input\":\"required name=search_term_string\"}],\"inLanguage\":\"de\"}]}<\/script>\n<!-- \/ Yoast SEO plugin. -->","yoast_head_json":{"title":"Bruststraffung - Startseite","robots":{"index":"index","follow":"follow","max-snippet":"max-snippet:-1","max-image-preview":"max-image-preview:large","max-video-preview":"max-video-preview:-1"},"canonical":"https:\/\/estheteclinic.com\/breast-lift\/","og_locale":"de_DE","og_type":"article","og_title":"Bruststraffung - Startseite","og_description":"[vc_row][vc_column width=&#8221;2\/3&#8243;][vc_column_text]Die Bruststraffung oder Mastopexie ist ein chirurgischer Eingriff, der darauf abzielt, h\u00e4ngende Br\u00fcste anzuheben und neu zu formen. Faktoren wie Schwangerschaft, Stillen, Gewichtsver\u00e4nderung, Alterung und Schwerkraft k\u00f6nnen das Aussehen der Br\u00fcste mit der Zeit ver\u00e4ndern. Wenn die Haut ihre Elastizit\u00e4t verliert, verlieren die Br\u00fcste ihre Form und beginnen zu h\u00e4ngen. Die Bruststraffung oder Mastopexie...","og_url":"https:\/\/estheteclinic.com\/breast-lift\/","og_site_name":"Startseite","article_modified_time":"2021-11-26T14:24:55+00:00","og_image":[{"width":2500,"height":935,"url":"https:\/\/estheteclinic.com\/wp-content\/uploads\/2021\/11\/breast-lift.jpg","type":"image\/jpeg"}],"twitter_card":"summary_large_image","twitter_misc":{"Gesch\u00e4tzte Lesezeit":"3\u00a0Minuten"},"schema":{"@context":"https:\/\/schema.org","@graph":[{"@type":"WebPage","@id":"https:\/\/estheteclinic.com\/breast-lift\/","url":"https:\/\/estheteclinic.com\/breast-lift\/","name":"Bruststraffung - Startseite","isPartOf":{"@id":"https:\/\/estheteclinic.com\/#website"},"primaryImageOfPage":{"@id":"https:\/\/estheteclinic.com\/breast-lift\/#primaryimage"},"image":{"@id":"https:\/\/estheteclinic.com\/breast-lift\/#primaryimage"},"thumbnailUrl":"https:\/\/estheteclinic.com\/wp-content\/uploads\/2021\/11\/breast-lift.jpg","datePublished":"2021-11-06T15:27:28+00:00","dateModified":"2021-11-26T14:24:55+00:00","breadcrumb":{"@id":"https:\/\/estheteclinic.com\/breast-lift\/#breadcrumb"},"inLanguage":"de","potentialAction":[{"@type":"ReadAction","target":["https:\/\/estheteclinic.com\/breast-lift\/"]}]},{"@type":"ImageObject","inLanguage":"de","@id":"https:\/\/estheteclinic.com\/breast-lift\/#primaryimage","url":"https:\/\/estheteclinic.com\/wp-content\/uploads\/2021\/11\/breast-lift.jpg","contentUrl":"https:\/\/estheteclinic.com\/wp-content\/uploads\/2021\/11\/breast-lift.jpg","width":2500,"height":935,"caption":"Breast Lift"},{"@type":"BreadcrumbList","@id":"https:\/\/estheteclinic.com\/breast-lift\/#breadcrumb","itemListElement":[{"@type":"ListItem","position":1,"name":"Home","item":"https:\/\/estheteclinic.com\/de\/"},{"@type":"ListItem","position":2,"name":"Bruststraffung"}]},{"@type":"WebSite","@id":"https:\/\/estheteclinic.com\/#website","url":"https:\/\/estheteclinic.com\/","name":"Startseite","description":"Plastic Surgery &amp; Hair Transplant in Turkey","potentialAction":[{"@type":"SearchAction","target":{"@type":"EntryPoint","urlTemplate":"https:\/\/estheteclinic.com\/?s={search_term_string}"},"query-input":"required name=search_term_string"}],"inLanguage":"de"}]}},"_links":{"self":[{"href":"https:\/\/estheteclinic.com\/de\/wp-json\/wp\/v2\/pages\/8102","targetHints":{"allow":["GET"]}}],"collection":[{"href":"https:\/\/estheteclinic.com\/de\/wp-json\/wp\/v2\/pages"}],"about":[{"href":"https:\/\/estheteclinic.com\/de\/wp-json\/wp\/v2\/types\/page"}],"author":[{"embeddable":true,"href":"https:\/\/estheteclinic.com\/de\/wp-json\/wp\/v2\/users\/3"}],"replies":[{"embeddable":true,"href":"https:\/\/estheteclinic.com\/de\/wp-json\/wp\/v2\/comments?post=8102"}],"version-history":[{"count":2,"href":"https:\/\/estheteclinic.com\/de\/wp-json\/wp\/v2\/pages\/8102\/revisions"}],"predecessor-version":[{"id":8668,"href":"https:\/\/estheteclinic.com\/de\/wp-json\/wp\/v2\/pages\/8102\/revisions\/8668"}],"wp:featuredmedia":[{"embeddable":true,"href":"https:\/\/estheteclinic.com\/de\/wp-json\/wp\/v2\/media\/8663"}],"wp:attachment":[{"href":"https:\/\/estheteclinic.com\/de\/wp-json\/wp\/v2\/media?parent=8102"}],"curies":[{"name":"wp","href":"https:\/\/api.w.org\/{rel}","templated":true}]}}