{"id":8113,"date":"2021-11-06T15:29:21","date_gmt":"2021-11-06T15:29:21","guid":{"rendered":"http:\/\/estheteclinic.com\/?page_id=8113"},"modified":"2021-11-26T14:21:55","modified_gmt":"2021-11-26T14:21:55","slug":"brustverkleinerung","status":"publish","type":"page","link":"https:\/\/estheteclinic.com\/de\/brustverkleinerung\/","title":{"rendered":"Brustverkleinerung"},"content":{"rendered":"<p>[vc_row][vc_column width=&#8221;2\/3&#8243;][vc_column_text]Br\u00fcste wurden als Symbol der Weiblichkeit bei Frauen akzeptiert und dienen sowohl als Symbol der Fruchtbarkeit als auch der Sch\u00f6nheit, wo sie die Attraktivit\u00e4t des gesamten K\u00f6rpers erh\u00f6hen. Aber wenn Br\u00fcste \u00fcber das durchschnittliche Ma\u00df hinaus wachsen, k\u00f6nnen sie k\u00f6rperliche Schmerzen und funktionelle Probleme verursachen.<\/p>\n<p>Die meisten Frauen entscheiden sich f\u00fcr eine Brustverkleinerung, um R\u00fccken-, Schulter- und Nackenschmerzen zu lindern, die K\u00f6rperhaltung zu verbessern, die M\u00f6glichkeiten des Kleiderschranks zu erweitern und die Ausschl\u00e4ge unter der Brust zu reduzieren. Bei jungen M\u00e4dchen verursachen sehr gro\u00dfe Br\u00fcste auch psychologische Probleme, die ein geringes Selbstwertgef\u00fchl und Gef\u00fchle der Verlegenheit ausl\u00f6sen.<\/p>\n<p>Das \u00fcberm\u00e4\u00dfige Wachstum der Br\u00fcste kann typischerweise eine Brust betreffen, was zu Problemen mit dem Selbstbild und weiteren Gef\u00fchlen der Verlegenheit und Selbstverachtung f\u00fchrt.<\/p>\n<h2><strong>Vorbereitung auf die Brustverkleinerung<\/strong><\/h2>\n<p>Zur Vorbereitung einer Brustverkleinerung geh\u00f6rt die Untersuchung der zugrunde liegenden Ursache f\u00fcr das Brustwachstum:<\/p>\n<ul>\n<li>Ob das Wachstum der Br\u00fcste auf ein hormonelles Problem zur\u00fcckzuf\u00fchren ist<\/li>\n<li>Ob das Wachstum in den Br\u00fcsten weitergeht.<\/li>\n<li>Ob ein schmerzhafter oder schmerzloser Knoten in der Brust vorhanden ist.<\/li>\n<li>Ob eine Infektion in der Brust vorliegt.<\/li>\n<\/ul>\n<p>Typischerweise ist eine Brustverkleinerung besser geeignet f\u00fcr ein Brustwachstum, das nicht auf ein hormonelles Problem zur\u00fcckzuf\u00fchren ist, und f\u00fcr Br\u00fcste, die in den letzten 6 Monaten nicht mehr gewachsen sind.<\/p>\n<p>Es ist am besten, die Brustverkleinerung nach Abschluss der Brustentwicklung durchzuf\u00fchren, um die M\u00f6glichkeit einer Wiederholung des Eingriffs in naher Zukunft zu reduzieren. Es gibt jedoch einige Ausnahmen davon.<\/p>\n<p>Bei jungen M\u00e4dchen mit virginaler Brusthypertrophie kann eine Operation erforderlich sein, bevor die Entwicklung abgeschlossen ist.<\/p>\n<p>Sie m\u00fcssen sich f\u00fcr bildgebende Verfahren wie die Mammographie entscheiden.<\/p>\n<h2><strong>Andere Vorbereitungen<\/strong><\/h2>\n<p>Nehmen Sie 6-8 Stunden vor Ihrer Brustverkleinerung nichts mehr zu sich. Wenn Sie jedoch Medikamente einnehmen m\u00fcssen, fragen Sie Ihren Arzt, um zu erfahren, wann und wie Sie n\u00fcchtern sein sollten.<\/p>\n<h2><strong>Brustverkleinerung und Stillen<\/strong><\/h2>\n<p>Die Beziehung zwischen Brustverkleinerungsoperationen und dem Stillen:<\/p>\n<p>F\u00fcr eine normale Laktation muss sich Ihr funktionelles Brustgewebe mit den Milchg\u00e4ngen und der Brustwarze verbinden. Wenn bei der Brustverkleinerung die anatomischen und physiologischen Gegebenheiten nicht gest\u00f6rt werden, werden Sie nach der Brustverkleinerung keine Probleme mit dem Stillen haben.<\/p>\n<p>Ebenso ist die Empfindlichkeit der Brustwarzen ein sehr wesentlicher Aspekt des Prozesses. Wenn also die Methode, die Ihr Chirurg durchf\u00fchrt, die Nerven f\u00fcr die Brustwarzenempfindung beeintr\u00e4chtigt, k\u00f6nnen Sie Schwierigkeiten beim Stillen haben. Besprechen Sie alle Details mit Ihrem Chirurgen in der Esthete Clinic, um Entt\u00e4uschungen zu vermeiden.<\/p>\n<h2><strong>Verfahren zur Brustverkleinerung<\/strong><\/h2>\n<h3><strong>Vor der Operation<\/strong><\/h3>\n<p>Unser Team von An\u00e4sthesisten in der Esthete-Klinik wird Ihre Vollnarkose verabreichen. Zuvor f\u00fchren wir Routine-Labortests durch, um sicherzustellen, dass Sie f\u00fcr diese Art der An\u00e4sthesie geeignet sind. Und w\u00e4hrend Sie im Operationssaal sind, werden wir Ihre Herzschl\u00e4ge und Blutsauerstoffwerte kontinuierlich \u00fcberwachen.<\/p>\n<h3><strong>Chirurgie<\/strong><\/h3>\n<p>Es gibt viele Methoden, eine Brustverkleinerung durchzuf\u00fchren. Die meisten Verfahren entfernen jedoch zun\u00e4chst das \u00fcbersch\u00fcssige Fett, Gewebe und die Haut aus dem Bereich. Um ein schlaffes Aussehen zu vermeiden, ist es wichtig, die Br\u00fcste neu zu formen und den Warzenhof und die Brustwarzen neu zu positionieren. Aber die meisten Ans\u00e4tze erhalten die Blutversorgung und die Nervenverbindungen.<\/p>\n<p>Bei einer Brustverkleinerung gibt es keinen Standardschnitt, die Lage des Schnittes variiert mit der Methode. Es gibt die vertikale Narbe, die um die Brustwarze herum beginnt und zur Brustfalte hin abf\u00e4llt und die Form eines Ankers hat. Es gibt einen weiteren Einschnitt, der nur um die Brustwarze herum arbeitet. Schlie\u00dflich gibt es einen Schnitt, der um die Brustwarze herum nach unten verl\u00e4uft, aber vor der Brustfalte endet.<\/p>\n<h3><strong>Nach der Operation<\/strong><\/h3>\n<p>Sie werden eine Stunde lang im Operationssaal bleiben, bis die \u00c4rzte sichergestellt haben, dass sich Ihr K\u00f6rper stabilisiert hat. Danach werden Sie auf Ihr Zimmer verlegt und bleiben 1 bis 2 Tage im Krankenhaus.<\/p>\n<h2><strong>Dauer der Brusverkleinerung<\/strong><\/h2>\n<p>Der Eingriff der Brustverkleinerung dauert ca. 2-4 Stunden.<\/p>\n<h2><strong>Genesung bei Brustverkleinerungen<\/strong><\/h2>\n<p>4 Stunden nach dem Eingriff d\u00fcrfen Sie aufstehen und auch essen. Sie werden das Ergebnis nicht sofort sehen k\u00f6nnen, da der Bereich mit Verb\u00e4nden bedeckt sein wird. Au\u00dferdem werden unter den Verb\u00e4nden Drainagen angebracht, um \u00fcbersch\u00fcssige Fl\u00fcssigkeit und Blut, das aus dem Operationsbereich austritt, zu entfernen. Ihr Arzt wird diese Drainagen innerhalb von ein oder zwei Tagen entfernen.<\/p>\n<p>In den ersten Tagen nach einer Brustverkleinerung m\u00fcssen Sie Ihre Arm- und Brustbewegungen einschr\u00e4nken. Beachten Sie, dass gro\u00dfe und pl\u00f6tzliche Bewegungen Ihre Wunden wieder \u00f6ffnen und das Risiko einer Infektion erh\u00f6hen k\u00f6nnen.<\/p>\n<p>Nach einer Woche wird Ihr Arzt die Verb\u00e4nde entfernen, die Ihre Br\u00fcste bedecken. Stattdessen werden Sie d\u00fcnne B\u00e4nder haben, die Ihre N\u00e4hte abdecken, diese k\u00f6nnen wasserdicht sein.<\/p>\n<p>Was das Duschen betrifft, so k\u00f6nnen Sie nach 48 Stunden duschen, sobald Ihr Arzt die Drainagen entfernt hat.<\/p>\n<h2><strong>Ergebnisse der Brustverkleinerung<\/strong><\/h2>\n<p>Die Ergebnisse der Brustverkleinerung sind sofort sichtbar, werden aber mit der Zeit besser. Die Narbenbildung wird mit der Zeit verblassen und die Br\u00fcste erhalten eine lang anhaltende nat\u00fcrliche Ausstrahlung.<br \/>\nDie Beibehaltung Ihres Gewichts ist der Schl\u00fcssel zur Aufrechterhaltung Ihrer Ergebnisse. Gewichtsschwankungen k\u00f6nnen das Ergebnis der Operation langfristig beeinflussen[\/vc_column_text][\/vc_column][vc_column width=&#8221;1\/3&#8243; el_class=&#8221;sticky_contact_form_ttttt&#8221;]\n<div class=\"wpcf7 no-js\" id=\"wpcf7-f7798-o1\" lang=\"de-DE\" dir=\"ltr\">\n<div class=\"screen-reader-response\"><p role=\"status\" aria-live=\"polite\" aria-atomic=\"true\"><\/p> <ul><\/ul><\/div>\n<form action=\"\/de\/wp-json\/wp\/v2\/pages\/8113#wpcf7-f7798-o1\" method=\"post\" class=\"wpcf7-form init\" aria-label=\"Kontaktformular\" novalidate=\"novalidate\" data-status=\"init\">\n<div style=\"display: none;\">\n<input type=\"hidden\" name=\"_wpcf7\" value=\"7798\" \/>\n<input type=\"hidden\" name=\"_wpcf7_version\" value=\"5.9.6\" \/>\n<input type=\"hidden\" name=\"_wpcf7_locale\" value=\"de_DE\" \/>\n<input type=\"hidden\" name=\"_wpcf7_unit_tag\" value=\"wpcf7-f7798-o1\" \/>\n<input type=\"hidden\" name=\"_wpcf7_container_post\" value=\"0\" \/>\n<input type=\"hidden\" name=\"_wpcf7_posted_data_hash\" value=\"\" \/>\n<\/div>\n<div class=\"contact_form_sticky_cf7\">\n\t<h3 style=\"text-align:center;color:white;\">Kostenlose Beratung erhalten\n\t<\/h3>\n\t<p style=\"text-align:center;color:white;\">Bitte f\u00fcllen Sie das untenstehende Formular aus und wir werden Sie in K\u00fcrze kontaktieren\n\t<\/p>\n\t<div class=\"contact-page1 row\">\n\t\t<div class=\"col-sm-6\">\n\t\t\t<p><span class=\"wpcf7-form-control-wrap\" data-name=\"nameeeee\"><input size=\"40\" maxlength=\"80\" class=\"wpcf7-form-control wpcf7-text wpcf7-validates-as-required\" aria-required=\"true\" aria-invalid=\"false\" placeholder=\"Ihr Name*\" value=\"\" type=\"text\" name=\"nameeeee\" \/><\/span>\n\t\t\t<\/p>\n\t\t<\/div>\n\t\t<div class=\"col-sm-6\">\n\t\t\t<p><span class=\"wpcf7-form-control-wrap\" data-name=\"emaillll\"><input size=\"40\" maxlength=\"80\" class=\"wpcf7-form-control wpcf7-email wpcf7-text wpcf7-validates-as-email\" aria-invalid=\"false\" placeholder=\"E-Mail-Adresse\" value=\"\" type=\"email\" name=\"emaillll\" \/><\/span>\n\t\t\t<\/p>\n\t\t<\/div>\n\t\t<div class=\"col-sm-12\" style=\"padding-bottom:20px;\">\n\t\t\t<p>[phonetext* phoneeee numberonly]\n\t\t\t<\/p>\n\t\t<\/div>\n\t\t<div class=\"col-sm-12\">\n\t\t\t<p><span class=\"wpcf7-form-control-wrap\" data-name=\"messageeeeee\"><textarea cols=\"40\" rows=\"10\" maxlength=\"400\" class=\"wpcf7-form-control wpcf7-textarea\" aria-invalid=\"false\" placeholder=\"Nachricht\" name=\"messageeeeee\"><\/textarea><\/span>\n\t\t\t<\/p>\n\t\t<\/div>\n\t<\/div>\n\t<p><input class=\"wpcf7-form-control wpcf7-submit has-spinner\" type=\"submit\" value=\"ABSENDEN\" \/>\n\t<\/p>\n<\/div><div class=\"wpcf7-response-output\" aria-hidden=\"true\"><\/div>\n<\/form>\n<\/div>\n[\/vc_column][\/vc_row]<\/p>\n","protected":false},"excerpt":{"rendered":"<p>[vc_row][vc_column width=&#8221;2\/3&#8243;][vc_column_text]Br\u00fcste wurden als Symbol der Weiblichkeit bei Frauen akzeptiert und dienen sowohl als Symbol der Fruchtbarkeit als auch der Sch\u00f6nheit, wo sie die Attraktivit\u00e4t des gesamten K\u00f6rpers erh\u00f6hen. Aber wenn Br\u00fcste \u00fcber das durchschnittliche Ma\u00df hinaus wachsen, k\u00f6nnen sie k\u00f6rperliche Schmerzen und funktionelle Probleme verursachen. Die meisten Frauen entscheiden sich f\u00fcr eine Brustverkleinerung, um&#8230;<\/p>\n","protected":false},"author":3,"featured_media":8653,"parent":0,"menu_order":0,"comment_status":"closed","ping_status":"closed","template":"","meta":{"footnotes":""},"class_list":["post-8113","page","type-page","status-publish","has-post-thumbnail","hentry"],"yoast_head":"<!-- This site is optimized with the Yoast SEO plugin v23.0 - https:\/\/yoast.com\/wordpress\/plugins\/seo\/ -->\n<title>Brustverkleinerung - Startseite<\/title>\n<meta name=\"robots\" content=\"index, follow, max-snippet:-1, max-image-preview:large, max-video-preview:-1\" \/>\n<link rel=\"canonical\" href=\"https:\/\/estheteclinic.com\/breast-reduction\/\" \/>\n<meta property=\"og:locale\" content=\"de_DE\" \/>\n<meta property=\"og:type\" content=\"article\" \/>\n<meta property=\"og:title\" content=\"Brustverkleinerung - Startseite\" \/>\n<meta property=\"og:description\" content=\"[vc_row][vc_column width=&#8221;2\/3&#8243;][vc_column_text]Br\u00fcste wurden als Symbol der Weiblichkeit bei Frauen akzeptiert und dienen sowohl als Symbol der Fruchtbarkeit als auch der Sch\u00f6nheit, wo sie die Attraktivit\u00e4t des gesamten K\u00f6rpers erh\u00f6hen. Aber wenn Br\u00fcste \u00fcber das durchschnittliche Ma\u00df hinaus wachsen, k\u00f6nnen sie k\u00f6rperliche Schmerzen und funktionelle Probleme verursachen. Die meisten Frauen entscheiden sich f\u00fcr eine Brustverkleinerung, um...\" \/>\n<meta property=\"og:url\" content=\"https:\/\/estheteclinic.com\/breast-reduction\/\" \/>\n<meta property=\"og:site_name\" content=\"Startseite\" \/>\n<meta property=\"article:modified_time\" content=\"2021-11-26T14:21:55+00:00\" \/>\n<meta property=\"og:image\" content=\"https:\/\/estheteclinic.com\/wp-content\/uploads\/2021\/11\/breast-reduction.jpg\" \/>\n\t<meta property=\"og:image:width\" content=\"2500\" \/>\n\t<meta property=\"og:image:height\" content=\"1244\" \/>\n\t<meta property=\"og:image:type\" content=\"image\/jpeg\" \/>\n<meta name=\"twitter:card\" content=\"summary_large_image\" \/>\n<meta name=\"twitter:label1\" content=\"Gesch\u00e4tzte Lesezeit\" \/>\n\t<meta name=\"twitter:data1\" content=\"5\u00a0Minuten\" \/>\n<script type=\"application\/ld+json\" class=\"yoast-schema-graph\">{\"@context\":\"https:\/\/schema.org\",\"@graph\":[{\"@type\":\"WebPage\",\"@id\":\"https:\/\/estheteclinic.com\/breast-reduction\/\",\"url\":\"https:\/\/estheteclinic.com\/breast-reduction\/\",\"name\":\"Brustverkleinerung - Startseite\",\"isPartOf\":{\"@id\":\"https:\/\/estheteclinic.com\/#website\"},\"primaryImageOfPage\":{\"@id\":\"https:\/\/estheteclinic.com\/breast-reduction\/#primaryimage\"},\"image\":{\"@id\":\"https:\/\/estheteclinic.com\/breast-reduction\/#primaryimage\"},\"thumbnailUrl\":\"https:\/\/estheteclinic.com\/wp-content\/uploads\/2021\/11\/breast-reduction.jpg\",\"datePublished\":\"2021-11-06T15:29:21+00:00\",\"dateModified\":\"2021-11-26T14:21:55+00:00\",\"breadcrumb\":{\"@id\":\"https:\/\/estheteclinic.com\/breast-reduction\/#breadcrumb\"},\"inLanguage\":\"de\",\"potentialAction\":[{\"@type\":\"ReadAction\",\"target\":[\"https:\/\/estheteclinic.com\/breast-reduction\/\"]}]},{\"@type\":\"ImageObject\",\"inLanguage\":\"de\",\"@id\":\"https:\/\/estheteclinic.com\/breast-reduction\/#primaryimage\",\"url\":\"https:\/\/estheteclinic.com\/wp-content\/uploads\/2021\/11\/breast-reduction.jpg\",\"contentUrl\":\"https:\/\/estheteclinic.com\/wp-content\/uploads\/2021\/11\/breast-reduction.jpg\",\"width\":2500,\"height\":1244,\"caption\":\"Breast Reduction\"},{\"@type\":\"BreadcrumbList\",\"@id\":\"https:\/\/estheteclinic.com\/breast-reduction\/#breadcrumb\",\"itemListElement\":[{\"@type\":\"ListItem\",\"position\":1,\"name\":\"Home\",\"item\":\"https:\/\/estheteclinic.com\/de\/\"},{\"@type\":\"ListItem\",\"position\":2,\"name\":\"Brustverkleinerung\"}]},{\"@type\":\"WebSite\",\"@id\":\"https:\/\/estheteclinic.com\/#website\",\"url\":\"https:\/\/estheteclinic.com\/\",\"name\":\"Startseite\",\"description\":\"Plastic Surgery &amp; Hair Transplant in Turkey\",\"potentialAction\":[{\"@type\":\"SearchAction\",\"target\":{\"@type\":\"EntryPoint\",\"urlTemplate\":\"https:\/\/estheteclinic.com\/?s={search_term_string}\"},\"query-input\":\"required name=search_term_string\"}],\"inLanguage\":\"de\"}]}<\/script>\n<!-- \/ Yoast SEO plugin. -->","yoast_head_json":{"title":"Brustverkleinerung - Startseite","robots":{"index":"index","follow":"follow","max-snippet":"max-snippet:-1","max-image-preview":"max-image-preview:large","max-video-preview":"max-video-preview:-1"},"canonical":"https:\/\/estheteclinic.com\/breast-reduction\/","og_locale":"de_DE","og_type":"article","og_title":"Brustverkleinerung - Startseite","og_description":"[vc_row][vc_column width=&#8221;2\/3&#8243;][vc_column_text]Br\u00fcste wurden als Symbol der Weiblichkeit bei Frauen akzeptiert und dienen sowohl als Symbol der Fruchtbarkeit als auch der Sch\u00f6nheit, wo sie die Attraktivit\u00e4t des gesamten K\u00f6rpers erh\u00f6hen. Aber wenn Br\u00fcste \u00fcber das durchschnittliche Ma\u00df hinaus wachsen, k\u00f6nnen sie k\u00f6rperliche Schmerzen und funktionelle Probleme verursachen. Die meisten Frauen entscheiden sich f\u00fcr eine Brustverkleinerung, um...","og_url":"https:\/\/estheteclinic.com\/breast-reduction\/","og_site_name":"Startseite","article_modified_time":"2021-11-26T14:21:55+00:00","og_image":[{"width":2500,"height":1244,"url":"https:\/\/estheteclinic.com\/wp-content\/uploads\/2021\/11\/breast-reduction.jpg","type":"image\/jpeg"}],"twitter_card":"summary_large_image","twitter_misc":{"Gesch\u00e4tzte Lesezeit":"5\u00a0Minuten"},"schema":{"@context":"https:\/\/schema.org","@graph":[{"@type":"WebPage","@id":"https:\/\/estheteclinic.com\/breast-reduction\/","url":"https:\/\/estheteclinic.com\/breast-reduction\/","name":"Brustverkleinerung - Startseite","isPartOf":{"@id":"https:\/\/estheteclinic.com\/#website"},"primaryImageOfPage":{"@id":"https:\/\/estheteclinic.com\/breast-reduction\/#primaryimage"},"image":{"@id":"https:\/\/estheteclinic.com\/breast-reduction\/#primaryimage"},"thumbnailUrl":"https:\/\/estheteclinic.com\/wp-content\/uploads\/2021\/11\/breast-reduction.jpg","datePublished":"2021-11-06T15:29:21+00:00","dateModified":"2021-11-26T14:21:55+00:00","breadcrumb":{"@id":"https:\/\/estheteclinic.com\/breast-reduction\/#breadcrumb"},"inLanguage":"de","potentialAction":[{"@type":"ReadAction","target":["https:\/\/estheteclinic.com\/breast-reduction\/"]}]},{"@type":"ImageObject","inLanguage":"de","@id":"https:\/\/estheteclinic.com\/breast-reduction\/#primaryimage","url":"https:\/\/estheteclinic.com\/wp-content\/uploads\/2021\/11\/breast-reduction.jpg","contentUrl":"https:\/\/estheteclinic.com\/wp-content\/uploads\/2021\/11\/breast-reduction.jpg","width":2500,"height":1244,"caption":"Breast Reduction"},{"@type":"BreadcrumbList","@id":"https:\/\/estheteclinic.com\/breast-reduction\/#breadcrumb","itemListElement":[{"@type":"ListItem","position":1,"name":"Home","item":"https:\/\/estheteclinic.com\/de\/"},{"@type":"ListItem","position":2,"name":"Brustverkleinerung"}]},{"@type":"WebSite","@id":"https:\/\/estheteclinic.com\/#website","url":"https:\/\/estheteclinic.com\/","name":"Startseite","description":"Plastic Surgery &amp; Hair Transplant in Turkey","potentialAction":[{"@type":"SearchAction","target":{"@type":"EntryPoint","urlTemplate":"https:\/\/estheteclinic.com\/?s={search_term_string}"},"query-input":"required name=search_term_string"}],"inLanguage":"de"}]}},"_links":{"self":[{"href":"https:\/\/estheteclinic.com\/de\/wp-json\/wp\/v2\/pages\/8113","targetHints":{"allow":["GET"]}}],"collection":[{"href":"https:\/\/estheteclinic.com\/de\/wp-json\/wp\/v2\/pages"}],"about":[{"href":"https:\/\/estheteclinic.com\/de\/wp-json\/wp\/v2\/types\/page"}],"author":[{"embeddable":true,"href":"https:\/\/estheteclinic.com\/de\/wp-json\/wp\/v2\/users\/3"}],"replies":[{"embeddable":true,"href":"https:\/\/estheteclinic.com\/de\/wp-json\/wp\/v2\/comments?post=8113"}],"version-history":[{"count":2,"href":"https:\/\/estheteclinic.com\/de\/wp-json\/wp\/v2\/pages\/8113\/revisions"}],"predecessor-version":[{"id":8658,"href":"https:\/\/estheteclinic.com\/de\/wp-json\/wp\/v2\/pages\/8113\/revisions\/8658"}],"wp:featuredmedia":[{"embeddable":true,"href":"https:\/\/estheteclinic.com\/de\/wp-json\/wp\/v2\/media\/8653"}],"wp:attachment":[{"href":"https:\/\/estheteclinic.com\/de\/wp-json\/wp\/v2\/media?parent=8113"}],"curies":[{"name":"wp","href":"https:\/\/api.w.org\/{rel}","templated":true}]}}