{"id":8121,"date":"2021-11-06T15:30:52","date_gmt":"2021-11-06T15:30:52","guid":{"rendered":"http:\/\/estheteclinic.com\/?page_id=8121"},"modified":"2021-11-06T15:30:52","modified_gmt":"2021-11-06T15:30:52","slug":"brustchirurgie","status":"publish","type":"page","link":"https:\/\/estheteclinic.com\/de\/brustchirurgie\/","title":{"rendered":"Brustchirurgie"},"content":{"rendered":"<p>[vc_row][vc_column width=&#8221;2\/3&#8243;][vc_column_text]Durch den Einsatz modernster Technologien k\u00f6nnen die Operationen zur Brustvergr\u00f6\u00dferung, -verkleinerung und -straffung in unserer Praxis dazu beitragen, dass Sie Ihre \u00e4sthetischen Ziele erreichen. Unsere \u00c4rzte im Esthete Clinic Hospital verf\u00fcgen \u00fcber alle notwendigen Mittel, um Ihren Komfort und Ihre Sicherheit zu gew\u00e4hrleisten. Von allen Aspekten wie Hygiene und Technologie bis hin zu einem herzlichen Service und einem informativen Umfeld sorgen wir daf\u00fcr, dass Sie die gew\u00fcnschten Ergebnisse mit m\u00f6glichst wenig Beschwerden und Narben erhalten.<\/p>\n<p>Dank unserer jahrzehntelangen Erfahrung wissen wir, wie wir nat\u00fcrliche Ergebnisse erzielen.[\/vc_column_text][\/vc_column][vc_column width=&#8221;1\/3&#8243; el_class=&#8221;sticky_contact_form_ttttt&#8221;]\n<div class=\"wpcf7 no-js\" id=\"wpcf7-f7798-o1\" lang=\"de-DE\" dir=\"ltr\">\n<div class=\"screen-reader-response\"><p role=\"status\" aria-live=\"polite\" aria-atomic=\"true\"><\/p> <ul><\/ul><\/div>\n<form action=\"\/de\/wp-json\/wp\/v2\/pages\/8121#wpcf7-f7798-o1\" method=\"post\" class=\"wpcf7-form init\" aria-label=\"Kontaktformular\" novalidate=\"novalidate\" data-status=\"init\">\n<div style=\"display: none;\">\n<input type=\"hidden\" name=\"_wpcf7\" value=\"7798\" \/>\n<input type=\"hidden\" name=\"_wpcf7_version\" value=\"5.9.6\" \/>\n<input type=\"hidden\" name=\"_wpcf7_locale\" value=\"de_DE\" \/>\n<input type=\"hidden\" name=\"_wpcf7_unit_tag\" value=\"wpcf7-f7798-o1\" \/>\n<input type=\"hidden\" name=\"_wpcf7_container_post\" value=\"0\" \/>\n<input type=\"hidden\" name=\"_wpcf7_posted_data_hash\" value=\"\" \/>\n<\/div>\n<div class=\"contact_form_sticky_cf7\">\n\t<h3 style=\"text-align:center;color:white;\">Kostenlose Beratung erhalten\n\t<\/h3>\n\t<p style=\"text-align:center;color:white;\">Bitte f\u00fcllen Sie das untenstehende Formular aus und wir werden Sie in K\u00fcrze kontaktieren\n\t<\/p>\n\t<div class=\"contact-page1 row\">\n\t\t<div class=\"col-sm-6\">\n\t\t\t<p><span class=\"wpcf7-form-control-wrap\" data-name=\"nameeeee\"><input size=\"40\" maxlength=\"80\" class=\"wpcf7-form-control wpcf7-text wpcf7-validates-as-required\" aria-required=\"true\" aria-invalid=\"false\" placeholder=\"Ihr Name*\" value=\"\" type=\"text\" name=\"nameeeee\" \/><\/span>\n\t\t\t<\/p>\n\t\t<\/div>\n\t\t<div class=\"col-sm-6\">\n\t\t\t<p><span class=\"wpcf7-form-control-wrap\" data-name=\"emaillll\"><input size=\"40\" maxlength=\"80\" class=\"wpcf7-form-control wpcf7-email wpcf7-text wpcf7-validates-as-email\" aria-invalid=\"false\" placeholder=\"E-Mail-Adresse\" value=\"\" type=\"email\" name=\"emaillll\" \/><\/span>\n\t\t\t<\/p>\n\t\t<\/div>\n\t\t<div class=\"col-sm-12\" style=\"padding-bottom:20px;\">\n\t\t\t<p>[phonetext* phoneeee numberonly]\n\t\t\t<\/p>\n\t\t<\/div>\n\t\t<div class=\"col-sm-12\">\n\t\t\t<p><span class=\"wpcf7-form-control-wrap\" data-name=\"messageeeeee\"><textarea cols=\"40\" rows=\"10\" maxlength=\"400\" class=\"wpcf7-form-control wpcf7-textarea\" aria-invalid=\"false\" placeholder=\"Nachricht\" name=\"messageeeeee\"><\/textarea><\/span>\n\t\t\t<\/p>\n\t\t<\/div>\n\t<\/div>\n\t<p><input class=\"wpcf7-form-control wpcf7-submit has-spinner\" type=\"submit\" value=\"ABSENDEN\" \/>\n\t<\/p>\n<\/div><div class=\"wpcf7-response-output\" aria-hidden=\"true\"><\/div>\n<\/form>\n<\/div>\n[\/vc_column][\/vc_row]<\/p>\n","protected":false},"excerpt":{"rendered":"<p>[vc_row][vc_column width=&#8221;2\/3&#8243;][vc_column_text]Durch den Einsatz modernster Technologien k\u00f6nnen die Operationen zur Brustvergr\u00f6\u00dferung, -verkleinerung und -straffung in unserer Praxis dazu beitragen, dass Sie Ihre \u00e4sthetischen Ziele erreichen. Unsere \u00c4rzte im Esthete Clinic Hospital verf\u00fcgen \u00fcber alle notwendigen Mittel, um Ihren Komfort und Ihre Sicherheit zu gew\u00e4hrleisten. Von allen Aspekten wie Hygiene und Technologie bis hin zu einem&#8230;<\/p>\n","protected":false},"author":3,"featured_media":0,"parent":0,"menu_order":0,"comment_status":"closed","ping_status":"closed","template":"","meta":{"footnotes":""},"class_list":["post-8121","page","type-page","status-publish","hentry"],"yoast_head":"<!-- This site is optimized with the Yoast SEO plugin v23.0 - https:\/\/yoast.com\/wordpress\/plugins\/seo\/ -->\n<title>Brustchirurgie - Startseite<\/title>\n<meta name=\"robots\" content=\"index, follow, max-snippet:-1, max-image-preview:large, max-video-preview:-1\" \/>\n<link rel=\"canonical\" href=\"https:\/\/estheteclinic.com\/breast-surgeries\/\" \/>\n<meta property=\"og:locale\" content=\"de_DE\" \/>\n<meta property=\"og:type\" content=\"article\" \/>\n<meta property=\"og:title\" content=\"Brustchirurgie - Startseite\" \/>\n<meta property=\"og:description\" content=\"[vc_row][vc_column width=&#8221;2\/3&#8243;][vc_column_text]Durch den Einsatz modernster Technologien k\u00f6nnen die Operationen zur Brustvergr\u00f6\u00dferung, -verkleinerung und -straffung in unserer Praxis dazu beitragen, dass Sie Ihre \u00e4sthetischen Ziele erreichen. Unsere \u00c4rzte im Esthete Clinic Hospital verf\u00fcgen \u00fcber alle notwendigen Mittel, um Ihren Komfort und Ihre Sicherheit zu gew\u00e4hrleisten. Von allen Aspekten wie Hygiene und Technologie bis hin zu einem...\" \/>\n<meta property=\"og:url\" content=\"https:\/\/estheteclinic.com\/breast-surgeries\/\" \/>\n<meta property=\"og:site_name\" content=\"Startseite\" \/>\n<meta name=\"twitter:card\" content=\"summary_large_image\" \/>\n<meta name=\"twitter:label1\" content=\"Gesch\u00e4tzte Lesezeit\" \/>\n\t<meta name=\"twitter:data1\" content=\"1\u00a0Minute\" \/>\n<script type=\"application\/ld+json\" class=\"yoast-schema-graph\">{\"@context\":\"https:\/\/schema.org\",\"@graph\":[{\"@type\":\"WebPage\",\"@id\":\"https:\/\/estheteclinic.com\/breast-surgeries\/\",\"url\":\"https:\/\/estheteclinic.com\/breast-surgeries\/\",\"name\":\"Brustchirurgie - Startseite\",\"isPartOf\":{\"@id\":\"https:\/\/estheteclinic.com\/#website\"},\"datePublished\":\"2021-11-06T15:30:52+00:00\",\"dateModified\":\"2021-11-06T15:30:52+00:00\",\"breadcrumb\":{\"@id\":\"https:\/\/estheteclinic.com\/breast-surgeries\/#breadcrumb\"},\"inLanguage\":\"de\",\"potentialAction\":[{\"@type\":\"ReadAction\",\"target\":[\"https:\/\/estheteclinic.com\/breast-surgeries\/\"]}]},{\"@type\":\"BreadcrumbList\",\"@id\":\"https:\/\/estheteclinic.com\/breast-surgeries\/#breadcrumb\",\"itemListElement\":[{\"@type\":\"ListItem\",\"position\":1,\"name\":\"Home\",\"item\":\"https:\/\/estheteclinic.com\/de\/\"},{\"@type\":\"ListItem\",\"position\":2,\"name\":\"Brustchirurgie\"}]},{\"@type\":\"WebSite\",\"@id\":\"https:\/\/estheteclinic.com\/#website\",\"url\":\"https:\/\/estheteclinic.com\/\",\"name\":\"Startseite\",\"description\":\"Plastic Surgery &amp; Hair Transplant in Turkey\",\"potentialAction\":[{\"@type\":\"SearchAction\",\"target\":{\"@type\":\"EntryPoint\",\"urlTemplate\":\"https:\/\/estheteclinic.com\/?s={search_term_string}\"},\"query-input\":\"required name=search_term_string\"}],\"inLanguage\":\"de\"}]}<\/script>\n<!-- \/ Yoast SEO plugin. -->","yoast_head_json":{"title":"Brustchirurgie - Startseite","robots":{"index":"index","follow":"follow","max-snippet":"max-snippet:-1","max-image-preview":"max-image-preview:large","max-video-preview":"max-video-preview:-1"},"canonical":"https:\/\/estheteclinic.com\/breast-surgeries\/","og_locale":"de_DE","og_type":"article","og_title":"Brustchirurgie - Startseite","og_description":"[vc_row][vc_column width=&#8221;2\/3&#8243;][vc_column_text]Durch den Einsatz modernster Technologien k\u00f6nnen die Operationen zur Brustvergr\u00f6\u00dferung, -verkleinerung und -straffung in unserer Praxis dazu beitragen, dass Sie Ihre \u00e4sthetischen Ziele erreichen. Unsere \u00c4rzte im Esthete Clinic Hospital verf\u00fcgen \u00fcber alle notwendigen Mittel, um Ihren Komfort und Ihre Sicherheit zu gew\u00e4hrleisten. Von allen Aspekten wie Hygiene und Technologie bis hin zu einem...","og_url":"https:\/\/estheteclinic.com\/breast-surgeries\/","og_site_name":"Startseite","twitter_card":"summary_large_image","twitter_misc":{"Gesch\u00e4tzte Lesezeit":"1\u00a0Minute"},"schema":{"@context":"https:\/\/schema.org","@graph":[{"@type":"WebPage","@id":"https:\/\/estheteclinic.com\/breast-surgeries\/","url":"https:\/\/estheteclinic.com\/breast-surgeries\/","name":"Brustchirurgie - Startseite","isPartOf":{"@id":"https:\/\/estheteclinic.com\/#website"},"datePublished":"2021-11-06T15:30:52+00:00","dateModified":"2021-11-06T15:30:52+00:00","breadcrumb":{"@id":"https:\/\/estheteclinic.com\/breast-surgeries\/#breadcrumb"},"inLanguage":"de","potentialAction":[{"@type":"ReadAction","target":["https:\/\/estheteclinic.com\/breast-surgeries\/"]}]},{"@type":"BreadcrumbList","@id":"https:\/\/estheteclinic.com\/breast-surgeries\/#breadcrumb","itemListElement":[{"@type":"ListItem","position":1,"name":"Home","item":"https:\/\/estheteclinic.com\/de\/"},{"@type":"ListItem","position":2,"name":"Brustchirurgie"}]},{"@type":"WebSite","@id":"https:\/\/estheteclinic.com\/#website","url":"https:\/\/estheteclinic.com\/","name":"Startseite","description":"Plastic Surgery &amp; Hair Transplant in Turkey","potentialAction":[{"@type":"SearchAction","target":{"@type":"EntryPoint","urlTemplate":"https:\/\/estheteclinic.com\/?s={search_term_string}"},"query-input":"required name=search_term_string"}],"inLanguage":"de"}]}},"_links":{"self":[{"href":"https:\/\/estheteclinic.com\/de\/wp-json\/wp\/v2\/pages\/8121","targetHints":{"allow":["GET"]}}],"collection":[{"href":"https:\/\/estheteclinic.com\/de\/wp-json\/wp\/v2\/pages"}],"about":[{"href":"https:\/\/estheteclinic.com\/de\/wp-json\/wp\/v2\/types\/page"}],"author":[{"embeddable":true,"href":"https:\/\/estheteclinic.com\/de\/wp-json\/wp\/v2\/users\/3"}],"replies":[{"embeddable":true,"href":"https:\/\/estheteclinic.com\/de\/wp-json\/wp\/v2\/comments?post=8121"}],"version-history":[{"count":1,"href":"https:\/\/estheteclinic.com\/de\/wp-json\/wp\/v2\/pages\/8121\/revisions"}],"predecessor-version":[{"id":8122,"href":"https:\/\/estheteclinic.com\/de\/wp-json\/wp\/v2\/pages\/8121\/revisions\/8122"}],"wp:attachment":[{"href":"https:\/\/estheteclinic.com\/de\/wp-json\/wp\/v2\/media?parent=8121"}],"curies":[{"name":"wp","href":"https:\/\/api.w.org\/{rel}","templated":true}]}}