{"id":8134,"date":"2021-11-06T15:34:30","date_gmt":"2021-11-06T15:34:30","guid":{"rendered":"http:\/\/estheteclinic.com\/?page_id=8134"},"modified":"2021-11-06T15:34:30","modified_gmt":"2021-11-06T15:34:30","slug":"kontaktiere-uns","status":"publish","type":"page","link":"https:\/\/estheteclinic.com\/de\/kontaktiere-uns\/","title":{"rendered":"Kontaktiere Uns"},"content":{"rendered":"<p>[vc_row content_placement=&#8221;middle&#8221; css=&#8221;.vc_custom_1634997080115{padding-top: 85px !important;padding-bottom: 90px !important;background: #ffffff url(https:\/\/rstheme.com\/products\/wordpress\/medvill\/wp-content\/uploads\/2019\/08\/contact-bg.jpg?id=6974) !important;background-position: center !important;background-repeat: no-repeat !important;background-size: cover !important;}&#8221; el_id=&#8221;rs-contact&#8221; el_class=&#8221;rs-contact&#8221;][vc_column width=&#8221;1\/12&#8243; el_class=&#8221;sm-hidden&#8221;][\/vc_column][vc_column width=&#8221;5\/6&#8243;]\r\n        <div class=\"rs-heading style4   text-center\">\r\n        \t<div class=\"title-inner\">\r\n        \t\t\r\n\t            \r\n\t            <h2 class=\"title title-upper\">Einrichtung &amp; professionelle Basis<\/h2>\r\n\t        <\/div><div class=\"description\"><p ><\/p>\n<div class=\"wpb_text_column wpb_content_element \">\n<div class=\"wpb_wrapper\">\n<div class=\"wpb_text_column wpb_content_element \">\n<div class=\"wpb_wrapper\">\n<p><span class=\"TextRun BCX0 SCXW176376689\" lang=\"DE-DE\" xml:lang=\"DE-DE\" data-contrast=\"auto\"><span class=\"NormalTextRun BCX0 SCXW176376689\">Ausgestattet mit den neuesten Technologien und mit den gr\u00f6\u00dften Chirurgen der T\u00fcrkei, geh\u00f6rt die <\/span><span class=\"SpellingError BCX0 SCXW176376689\">Esthete<\/span><span class=\"NormalTextRun BCX0 SCXW176376689\"> Klinik zu den <\/span><span class=\"ContextualSpellingAndGrammarError BCX0 SCXW176376689\">am besten eingerichteten Krankenh\u00e4usern<\/span><span class=\"NormalTextRun BCX0 SCXW176376689\"> in Istanbul.<\/span><\/span><\/div>\n<\/div>\n<\/div>\n<\/div>\n<p><\/p><\/div><\/div>[vc_row_inner equal_height=&#8221;yes&#8221; content_placement=&#8221;middle&#8221; css=&#8221;.vc_custom_1635167014795{padding-top: 40px !important;}&#8221; el_class=&#8221;contact-2-info&#8221;][vc_column_inner el_class=&#8221;moblc-mr0 mobc-plr15&#8243; width=&#8221;1\/3&#8243; css=&#8221;.vc_custom_1635151379669{margin-right: -15px !important;padding-top: 50px !important;padding-right: 50px !important;padding-bottom: 50px !important;padding-left: 30px !important;background-color: #baafa4 !important;border-radius: 10px !important;}&#8221;]\r\n       <div class=\"rs-contact\">\r\n        <div class=\"contact-address style3   \"><div class=\"address-item\">\r\n                <div class=\"address-icon\">\r\n                    <i class=\"icon icon-basic-smartphone\"><\/i>\r\n                <\/div>\r\n                <div class=\"address-text\">\r\n                    <h3 class=\"contact-title\">Telefonnummer<\/h3>\r\n                    <a href= \"tel:++90 544 100 40 04\">+90 544 100 40 04<\/a>\r\n                <\/div>\r\n            <\/div><div class=\"address-item\">\r\n                    <div class=\"address-icon\">\r\n                        <i class=\"icon icon-basic-mail-multiple\"><\/i>\r\n                    <\/div>\r\n                    <div class=\"address-text\">\r\n                        <h3 class=\"contact-title\">E-Mail-Addresse<\/h3>\r\n                        <a href= \"mailto:info@estheteclinic.com\">info@estheteclinic.com<\/a>                   \r\n                    <\/div>\r\n                <\/div><div class=\"address-item\">\r\n                    <div class=\"address-icon\">\r\n                        <i class=\"icon icon-basic-geolocalize-01\"><\/i>\r\n                    <\/div>\r\n                    <div class=\"address-text\">\r\n                        <h3 class=\"contact-title\">Die Anschrift<\/h3>\r\n                        Istanbul \/ T\u00fcrkei\r\n                    <\/div>\r\n                <\/div><\/div><\/div>[\/vc_column_inner][vc_column_inner el_class=&#8221;home-appointment moblc-mt30 mobc-plr30 contact-form-contact-us&#8221; width=&#8221;2\/3&#8243; css=&#8221;.vc_custom_1635167022945{padding-top: 60px !important;padding-right: 60px !important;padding-bottom: 60px !important;padding-left: 60px !important;background-color: #12284c !important;}&#8221;]\n<div class=\"wpcf7 no-js\" id=\"wpcf7-f7803-o1\" lang=\"de-DE\" dir=\"ltr\">\n<div class=\"screen-reader-response\"><p role=\"status\" aria-live=\"polite\" aria-atomic=\"true\"><\/p> <ul><\/ul><\/div>\n<form action=\"\/de\/wp-json\/wp\/v2\/pages\/8134#wpcf7-f7803-o1\" method=\"post\" class=\"wpcf7-form init\" aria-label=\"Kontaktformular\" novalidate=\"novalidate\" data-status=\"init\">\n<div style=\"display: none;\">\n<input type=\"hidden\" name=\"_wpcf7\" value=\"7803\" \/>\n<input type=\"hidden\" name=\"_wpcf7_version\" value=\"5.9.6\" \/>\n<input type=\"hidden\" name=\"_wpcf7_locale\" value=\"de_DE\" \/>\n<input type=\"hidden\" name=\"_wpcf7_unit_tag\" value=\"wpcf7-f7803-o1\" \/>\n<input type=\"hidden\" name=\"_wpcf7_container_post\" value=\"0\" \/>\n<input type=\"hidden\" name=\"_wpcf7_posted_data_hash\" value=\"\" \/>\n<\/div>\n<div class=\"contact-form-tu\">\n\t<h3 style=\"text-align:center;color:white;\">Kostenlose Beratung erhalten\n\t<\/h3>\n\t<p style=\"text-align:center;color:white;\">Bitte f\u00fcllen Sie das untenstehende Formular aus und wir werden Sie in K\u00fcrze kontaktieren\n\t<\/p>\n\t<p><span class=\"wpcf7-form-control-wrap\" data-name=\"nameee\"><input size=\"40\" maxlength=\"80\" class=\"wpcf7-form-control wpcf7-text wpcf7-validates-as-required\" aria-required=\"true\" aria-invalid=\"false\" placeholder=\"Ihr Name*\" value=\"\" type=\"text\" name=\"nameee\" \/><\/span>\n\t<\/p>\n\t<p><span class=\"wpcf7-form-control-wrap\" data-name=\"emailll\"><input size=\"40\" maxlength=\"80\" class=\"wpcf7-form-control wpcf7-email wpcf7-text wpcf7-validates-as-email\" aria-invalid=\"false\" placeholder=\"E-Mail-Adresse*\" value=\"\" type=\"email\" name=\"emailll\" \/><\/span>\n\t<\/p>\n\t<p>[phonetext* numberrrrr]\n\t<\/p>\n\t<p><span class=\"wpcf7-form-control-wrap\" data-name=\"messageeeee\"><textarea cols=\"40\" rows=\"10\" maxlength=\"400\" class=\"wpcf7-form-control wpcf7-textarea\" aria-invalid=\"false\" placeholder=\"Nachricht\" name=\"messageeeee\"><\/textarea><\/span>\n\t<\/p>\n\t<p><input class=\"wpcf7-form-control wpcf7-submit has-spinner\" type=\"submit\" value=\"ABSENDEN\" \/>\n\t<\/p>\n<\/div><div class=\"wpcf7-response-output\" aria-hidden=\"true\"><\/div>\n<\/form>\n<\/div>\n[\/vc_column_inner][\/vc_row_inner][\/vc_column][vc_column width=&#8221;1\/12&#8243; el_class=&#8221;sm-hidden&#8221;][\/vc_column][\/vc_row]<\/p>\n","protected":false},"excerpt":{"rendered":"<p>[vc_row content_placement=&#8221;middle&#8221; css=&#8221;.vc_custom_1634997080115{padding-top: 85px !important;padding-bottom: 90px !important;background: #ffffff url(https:\/\/rstheme.com\/products\/wordpress\/medvill\/wp-content\/uploads\/2019\/08\/contact-bg.jpg?id=6974) !important;background-position: center !important;background-repeat: no-repeat !important;background-size: cover !important;}&#8221; el_id=&#8221;rs-contact&#8221; el_class=&#8221;rs-contact&#8221;][vc_column width=&#8221;1\/12&#8243; el_class=&#8221;sm-hidden&#8221;][\/vc_column][vc_column width=&#8221;5\/6&#8243;][vc_row_inner equal_height=&#8221;yes&#8221; content_placement=&#8221;middle&#8221; css=&#8221;.vc_custom_1635167014795{padding-top: 40px !important;}&#8221; el_class=&#8221;contact-2-info&#8221;][vc_column_inner el_class=&#8221;moblc-mr0 mobc-plr15&#8243; width=&#8221;1\/3&#8243; css=&#8221;.vc_custom_1635151379669{margin-right: -15px !important;padding-top: 50px !important;padding-right: 50px !important;padding-bottom: 50px !important;padding-left: 30px !important;background-color: #baafa4 !important;border-radius: 10px !important;}&#8221;][\/vc_column_inner][vc_column_inner el_class=&#8221;home-appointment moblc-mt30 mobc-plr30 contact-form-contact-us&#8221; width=&#8221;2\/3&#8243; css=&#8221;.vc_custom_1635167022945{padding-top: 60px !important;padding-right: 60px !important;padding-bottom:&#8230;<\/p>\n","protected":false},"author":3,"featured_media":0,"parent":0,"menu_order":0,"comment_status":"closed","ping_status":"closed","template":"","meta":{"footnotes":""},"class_list":["post-8134","page","type-page","status-publish","hentry"],"yoast_head":"<!-- This site is optimized with the Yoast SEO plugin v23.0 - https:\/\/yoast.com\/wordpress\/plugins\/seo\/ -->\n<title>Kontaktiere Uns - Startseite<\/title>\n<meta name=\"robots\" content=\"index, follow, max-snippet:-1, max-image-preview:large, max-video-preview:-1\" \/>\n<link rel=\"canonical\" href=\"https:\/\/estheteclinic.com\/contact-us\/\" \/>\n<meta property=\"og:locale\" content=\"de_DE\" \/>\n<meta property=\"og:type\" content=\"article\" \/>\n<meta property=\"og:title\" content=\"Kontaktiere Uns - Startseite\" \/>\n<meta property=\"og:description\" content=\"[vc_row content_placement=&#8221;middle&#8221; css=&#8221;.vc_custom_1634997080115{padding-top: 85px !important;padding-bottom: 90px !important;background: #ffffff url(https:\/\/rstheme.com\/products\/wordpress\/medvill\/wp-content\/uploads\/2019\/08\/contact-bg.jpg?id=6974) !important;background-position: center !important;background-repeat: no-repeat !important;background-size: cover !important;}&#8221; el_id=&#8221;rs-contact&#8221; el_class=&#8221;rs-contact&#8221;][vc_column width=&#8221;1\/12&#8243; el_class=&#8221;sm-hidden&#8221;][\/vc_column][vc_column width=&#8221;5\/6&#8243;][vc_row_inner equal_height=&#8221;yes&#8221; content_placement=&#8221;middle&#8221; css=&#8221;.vc_custom_1635167014795{padding-top: 40px !important;}&#8221; el_class=&#8221;contact-2-info&#8221;][vc_column_inner el_class=&#8221;moblc-mr0 mobc-plr15&#8243; width=&#8221;1\/3&#8243; css=&#8221;.vc_custom_1635151379669{margin-right: -15px !important;padding-top: 50px !important;padding-right: 50px !important;padding-bottom: 50px !important;padding-left: 30px !important;background-color: #baafa4 !important;border-radius: 10px !important;}&#8221;][\/vc_column_inner][vc_column_inner el_class=&#8221;home-appointment moblc-mt30 mobc-plr30 contact-form-contact-us&#8221; width=&#8221;2\/3&#8243; css=&#8221;.vc_custom_1635167022945{padding-top: 60px !important;padding-right: 60px !important;padding-bottom:...\" \/>\n<meta property=\"og:url\" content=\"https:\/\/estheteclinic.com\/contact-us\/\" \/>\n<meta property=\"og:site_name\" content=\"Startseite\" \/>\n<meta name=\"twitter:card\" content=\"summary_large_image\" \/>\n<meta name=\"twitter:label1\" content=\"Gesch\u00e4tzte Lesezeit\" \/>\n\t<meta name=\"twitter:data1\" content=\"1\u00a0Minute\" \/>\n<script type=\"application\/ld+json\" class=\"yoast-schema-graph\">{\"@context\":\"https:\/\/schema.org\",\"@graph\":[{\"@type\":\"WebPage\",\"@id\":\"https:\/\/estheteclinic.com\/contact-us\/\",\"url\":\"https:\/\/estheteclinic.com\/contact-us\/\",\"name\":\"Kontaktiere Uns - Startseite\",\"isPartOf\":{\"@id\":\"https:\/\/estheteclinic.com\/#website\"},\"datePublished\":\"2021-11-06T15:34:30+00:00\",\"dateModified\":\"2021-11-06T15:34:30+00:00\",\"breadcrumb\":{\"@id\":\"https:\/\/estheteclinic.com\/contact-us\/#breadcrumb\"},\"inLanguage\":\"de\",\"potentialAction\":[{\"@type\":\"ReadAction\",\"target\":[\"https:\/\/estheteclinic.com\/contact-us\/\"]}]},{\"@type\":\"BreadcrumbList\",\"@id\":\"https:\/\/estheteclinic.com\/contact-us\/#breadcrumb\",\"itemListElement\":[{\"@type\":\"ListItem\",\"position\":1,\"name\":\"Home\",\"item\":\"https:\/\/estheteclinic.com\/de\/\"},{\"@type\":\"ListItem\",\"position\":2,\"name\":\"Kontaktiere Uns\"}]},{\"@type\":\"WebSite\",\"@id\":\"https:\/\/estheteclinic.com\/#website\",\"url\":\"https:\/\/estheteclinic.com\/\",\"name\":\"Startseite\",\"description\":\"Plastic Surgery &amp; Hair Transplant in Turkey\",\"potentialAction\":[{\"@type\":\"SearchAction\",\"target\":{\"@type\":\"EntryPoint\",\"urlTemplate\":\"https:\/\/estheteclinic.com\/?s={search_term_string}\"},\"query-input\":\"required name=search_term_string\"}],\"inLanguage\":\"de\"}]}<\/script>\n<!-- \/ Yoast SEO plugin. -->","yoast_head_json":{"title":"Kontaktiere Uns - Startseite","robots":{"index":"index","follow":"follow","max-snippet":"max-snippet:-1","max-image-preview":"max-image-preview:large","max-video-preview":"max-video-preview:-1"},"canonical":"https:\/\/estheteclinic.com\/contact-us\/","og_locale":"de_DE","og_type":"article","og_title":"Kontaktiere Uns - Startseite","og_description":"[vc_row content_placement=&#8221;middle&#8221; css=&#8221;.vc_custom_1634997080115{padding-top: 85px !important;padding-bottom: 90px !important;background: #ffffff url(https:\/\/rstheme.com\/products\/wordpress\/medvill\/wp-content\/uploads\/2019\/08\/contact-bg.jpg?id=6974) !important;background-position: center !important;background-repeat: no-repeat !important;background-size: cover !important;}&#8221; el_id=&#8221;rs-contact&#8221; el_class=&#8221;rs-contact&#8221;][vc_column width=&#8221;1\/12&#8243; el_class=&#8221;sm-hidden&#8221;][\/vc_column][vc_column width=&#8221;5\/6&#8243;][vc_row_inner equal_height=&#8221;yes&#8221; content_placement=&#8221;middle&#8221; css=&#8221;.vc_custom_1635167014795{padding-top: 40px !important;}&#8221; el_class=&#8221;contact-2-info&#8221;][vc_column_inner el_class=&#8221;moblc-mr0 mobc-plr15&#8243; width=&#8221;1\/3&#8243; css=&#8221;.vc_custom_1635151379669{margin-right: -15px !important;padding-top: 50px !important;padding-right: 50px !important;padding-bottom: 50px !important;padding-left: 30px !important;background-color: #baafa4 !important;border-radius: 10px !important;}&#8221;][\/vc_column_inner][vc_column_inner el_class=&#8221;home-appointment moblc-mt30 mobc-plr30 contact-form-contact-us&#8221; width=&#8221;2\/3&#8243; css=&#8221;.vc_custom_1635167022945{padding-top: 60px !important;padding-right: 60px !important;padding-bottom:...","og_url":"https:\/\/estheteclinic.com\/contact-us\/","og_site_name":"Startseite","twitter_card":"summary_large_image","twitter_misc":{"Gesch\u00e4tzte Lesezeit":"1\u00a0Minute"},"schema":{"@context":"https:\/\/schema.org","@graph":[{"@type":"WebPage","@id":"https:\/\/estheteclinic.com\/contact-us\/","url":"https:\/\/estheteclinic.com\/contact-us\/","name":"Kontaktiere Uns - Startseite","isPartOf":{"@id":"https:\/\/estheteclinic.com\/#website"},"datePublished":"2021-11-06T15:34:30+00:00","dateModified":"2021-11-06T15:34:30+00:00","breadcrumb":{"@id":"https:\/\/estheteclinic.com\/contact-us\/#breadcrumb"},"inLanguage":"de","potentialAction":[{"@type":"ReadAction","target":["https:\/\/estheteclinic.com\/contact-us\/"]}]},{"@type":"BreadcrumbList","@id":"https:\/\/estheteclinic.com\/contact-us\/#breadcrumb","itemListElement":[{"@type":"ListItem","position":1,"name":"Home","item":"https:\/\/estheteclinic.com\/de\/"},{"@type":"ListItem","position":2,"name":"Kontaktiere Uns"}]},{"@type":"WebSite","@id":"https:\/\/estheteclinic.com\/#website","url":"https:\/\/estheteclinic.com\/","name":"Startseite","description":"Plastic Surgery &amp; Hair Transplant in Turkey","potentialAction":[{"@type":"SearchAction","target":{"@type":"EntryPoint","urlTemplate":"https:\/\/estheteclinic.com\/?s={search_term_string}"},"query-input":"required name=search_term_string"}],"inLanguage":"de"}]}},"_links":{"self":[{"href":"https:\/\/estheteclinic.com\/de\/wp-json\/wp\/v2\/pages\/8134","targetHints":{"allow":["GET"]}}],"collection":[{"href":"https:\/\/estheteclinic.com\/de\/wp-json\/wp\/v2\/pages"}],"about":[{"href":"https:\/\/estheteclinic.com\/de\/wp-json\/wp\/v2\/types\/page"}],"author":[{"embeddable":true,"href":"https:\/\/estheteclinic.com\/de\/wp-json\/wp\/v2\/users\/3"}],"replies":[{"embeddable":true,"href":"https:\/\/estheteclinic.com\/de\/wp-json\/wp\/v2\/comments?post=8134"}],"version-history":[{"count":1,"href":"https:\/\/estheteclinic.com\/de\/wp-json\/wp\/v2\/pages\/8134\/revisions"}],"predecessor-version":[{"id":8135,"href":"https:\/\/estheteclinic.com\/de\/wp-json\/wp\/v2\/pages\/8134\/revisions\/8135"}],"wp:attachment":[{"href":"https:\/\/estheteclinic.com\/de\/wp-json\/wp\/v2\/media?parent=8134"}],"curies":[{"name":"wp","href":"https:\/\/api.w.org\/{rel}","templated":true}]}}