{"id":8144,"date":"2021-11-06T15:37:05","date_gmt":"2021-11-06T15:37:05","guid":{"rendered":"http:\/\/estheteclinic.com\/?page_id=8144"},"modified":"2024-04-24T08:04:01","modified_gmt":"2024-04-24T08:04:01","slug":"transplantation-der-augenbrauen","status":"publish","type":"page","link":"https:\/\/estheteclinic.com\/de\/transplantation-der-augenbrauen\/","title":{"rendered":"Transplantation der Augenbrauen"},"content":{"rendered":"<p>[vc_row][vc_column width=&#8221;2\/3&#8243;][vc_column_text]Eine Transplantation der Augenbrauen ist das am h\u00e4ufigsten durchgef\u00fchrte Verfahren, mit dem die Form der Augenbrauen, ihre Dicke und auch ihre Breite dauerhaft und nat\u00fcrlich ver\u00e4ndert werden k\u00f6nnen. Bei der Augenbrauentransplantation handelt es sich um ein effektives, minimal-invasives Mikroverfahren, das die Form Ihrer Augenbrauen auf nat\u00fcrliche Weise verbessert, wobei Ihre eigenen Haare verwendet werden.<\/p>\n<p>Bei den Technologien, die wir in der Esthete Clinic anbieten, gibt es keine Nebenwirkungen, keine Narben und keine Ausfallzeiten.<\/p>\n<h2><strong>Verfahren zur Transplantation von Augenbrauen<\/strong><\/h2>\n<p>Eine Transplantation der Augenbrauen umfasst eine bestimmte Reihe von Ma\u00dfnahmen, um Ihre \u00e4sthetischen Ziele zu erreichen.<\/p>\n<h3><strong>1- Augenbrauen-Design<\/strong><\/h3>\n<p>Augenbrauen-Design ist die Phase, in der unsere erfahrenen Chirurgen in der Esthete Clinic die voraussichtlichen Umrisse Ihrer Augenbrauen zeichnen. Bei diesem Schritt werden Ihre Gesichtsz\u00fcge ber\u00fccksichtigt, um sicherzustellen, dass das Endergebnis authentisch aussieht und zu Ihrem Gesicht passt. Wir wenden auch bei diesem Verfahren die Grundprinzipien der Augenbrauen\u00e4sthetik an.<\/p>\n<h3><strong>2- An\u00e4sthesie-Anwendung<\/strong><\/h3>\n<p>Unsere An\u00e4sthesisten in der Esthete Clinic verabreichen Ihnen eine Lokalan\u00e4sthesie, die sowohl Ihre Kopfhaut als auch Ihre Augenbrauen auf die Transplantation der Augenbrauen vorbereitet.<\/p>\n<h3><strong>3- Extraktion von Transplantaten<\/strong><\/h3>\n<p>Die Extraktion der Transplantate ist die Phase, in der unsere \u00c4rzte in der Esthete Clinic die Haare f\u00fcr Ihre Augenbrauen entnehmen. Wir entnehmen die Haare hinter den Ohren, weil sie am besten mit der Gesichtsbehaarung kompatibel sind. Dabei verwenden wir fortschrittliche Technologien, die es uns erm\u00f6glichen, die Qualit\u00e4t der Transplantate zu beurteilen. Dadurch wird sichergestellt, dass Sie ein dauerhaftes Ergebnis erhalten.<\/p>\n<h3><strong>4- Einlegen der Transplantate in Hypothermosoll\u00f6sung<\/strong><\/h3>\n<p>Die Verwendung von Hypothermosol-L\u00f6sung ist ein notwendiger Schritt, um die Transplantate gesund und in guter Form f\u00fcr die Implantation zu halten.<\/p>\n<h3><strong>5- Kanal\u00f6ffnung<\/strong><\/h3>\n<p>Bei diesem Schritt \u00f6ffnen unsere Chirurgen in der Esthete Clinic Kan\u00e4le im Augenbrauenbereich entsprechend der Kontur beim Augenbrauendesign. Anschlie\u00dfend werden die Transplantate in diese Kan\u00e4le implantiert.<br \/>\nWenn Sie die DHI-Transplantationstechnik verwenden, ist dieser Schritt nicht enthalten. Entscheiden Sie sich hingegen f\u00fcr die Sapphire-ransplantation, verwendet Ihr Chirurg ein spezielles Instrument f\u00fcr ultra-kleine Kan\u00e4le. Bei der Mikro-FUE-Barttransplantation hingegen erfolgt die Kanal\u00f6ffnung mit herk\u00f6mmlichen Stahlklingen.<\/p>\n<h3><strong>6- Implantation<\/strong><\/h3>\n<p>Bei der Implantation werden die Transplantate aus der Hypothermosoll\u00f6sung entnommen und in die zuvor ge\u00f6ffneten Kan\u00e4le im Bereich der Augenbrauen implantiert. Wenn Sie sich f\u00fcr die DHI-Technik entscheiden, werden die Transplantate mit einem speziellen Stift direkt in die Augenbrauen implantiert, ohne vorher Kan\u00e4le zu \u00f6ffnen.<\/p>\n<h2><strong>Genesung nach Transplantation der Augenbrauen<\/strong><\/h2>\n<p>Die Genesung nach einer Transplantation der Augenbrauen verl\u00e4uft reibungslos, da der Eingriff minimalinvasiv ist. Die Entscheidung f\u00fcr fortschrittlichere Technologien kann Ihre Genesung nach einer Transplantation der Augenbrauen noch weiter erleichtern.<\/p>\n<ul>\n<li>3 Wochen lang vor direkter Sonneneinstrahlung und Hitze sch\u00fctzen<\/li>\n<li>Schwimmen Sie nicht in Pools und Meeren f\u00fcr mehr als einen Monat<\/li>\n<li>Zupfen Sie nicht an Ihrem Augenbrauen oder deren Schorf<\/li>\n<li>Verwenden Sie Ihre Medikamente gem\u00e4\u00df den Anweisungen Ihres Chirurgen in der Esthete Clinic<\/li>\n<li>2 Wochen lang nicht rauchen und keinen Alkohol konsumieren<\/li>\n<li>Sie k\u00f6nnen zu Ihrer t\u00e4glichen Routine zur\u00fcckkehren, aber vermeiden Sie anstrengende \u00dcbungen f\u00fcr 3 bis 4 Wochen<\/li>\n<\/ul>\n<h2><strong>Wie man sich auf die Transplantation der Augenbrauen vorbereitet<\/strong><\/h2>\n<p>Sie bereiten sich in wenigen Schritten auf die Transplantation der Augenbrauen vor, die auf lange Sicht f\u00fcr den Erfolg Ihres Eingriffs entscheidend sind.<\/p>\n<ul>\n<li>Essen Sie eine gesunde Mahlzeit vor Ihrer Transplantation der Augenbrauen.<\/li>\n<li>Nehmen Sie 2 Wochen vor dem Eingriff keine Blutverd\u00fcnner wie z. B. Aspirin ein<\/li>\n<li>Verzichten Sie 2 Wochen vor dem Eingriff auf das Rauchen und den Konsum von Alkohol<\/li>\n<li>Tragen Sie am Tag der Augenbrauen-Transplantation ein Hemd mit breitem Kragen oder ein Button-Down-Hemd<\/li>\n<li>Reinigen Sie Ihr Gesicht und Ihre Kopfhaut gr\u00fcndlich und verwenden Sie am Tag der Augenbrauen-Transplantation keine Produkte<\/li>\n<\/ul>\n<h2><strong>Ergebnisse der Augenbrauen-Transplantation<\/strong><\/h2>\n<p>Das Ergebnis einer Augentransplantation tritt nicht sofort ein. Sie werden allm\u00e4hliche Verbesserungen bemerken, aber optimale Ergebnisse werden in einem Jahr sichtbar sein.<\/p>\n<p>W\u00e4hrend der Genesung und innerhalb eines Monats nach einer Transplantation der Augenbrauen werden Ihre Haare ausfallen. Dieser Teil des Heilungsprozesses erm\u00f6glicht es Ihren neuen Transplantaten, mit dem Haarwachstum in diesem Bereich zu beginnen. Jeden Monat werden Sie Ver\u00e4nderungen im Haarwachstum feststellen, bei denen das Haar dunkler und dicker erscheint.<\/p>\n<h2><strong>Dauer der Augenbrauen-Transplantation<\/strong><\/h2>\n<p>Die Dauer einer Transplantation der Augenbrauen ist von Patient zu Patient unterschiedlich und h\u00e4ngt von Ihren \u00e4sthetischen Zielen ab. Im Durchschnitt kann sie jedoch zwischen 2 und 3 Stunden dauern.[\/vc_column_text][\/vc_column][vc_column width=&#8221;1\/3&#8243; el_class=&#8221;sticky_contact_form_ttttt&#8221;]\n<div class=\"wpcf7 no-js\" id=\"wpcf7-f7798-o1\" lang=\"de-DE\" dir=\"ltr\">\n<div class=\"screen-reader-response\"><p role=\"status\" aria-live=\"polite\" aria-atomic=\"true\"><\/p> <ul><\/ul><\/div>\n<form action=\"\/de\/wp-json\/wp\/v2\/pages\/8144#wpcf7-f7798-o1\" method=\"post\" class=\"wpcf7-form init\" aria-label=\"Kontaktformular\" novalidate=\"novalidate\" data-status=\"init\">\n<div style=\"display: none;\">\n<input type=\"hidden\" name=\"_wpcf7\" value=\"7798\" \/>\n<input type=\"hidden\" name=\"_wpcf7_version\" value=\"5.9.6\" \/>\n<input type=\"hidden\" name=\"_wpcf7_locale\" value=\"de_DE\" \/>\n<input type=\"hidden\" name=\"_wpcf7_unit_tag\" value=\"wpcf7-f7798-o1\" \/>\n<input type=\"hidden\" name=\"_wpcf7_container_post\" value=\"0\" \/>\n<input type=\"hidden\" name=\"_wpcf7_posted_data_hash\" value=\"\" \/>\n<\/div>\n<div class=\"contact_form_sticky_cf7\">\n\t<h3 style=\"text-align:center;color:white;\">Kostenlose Beratung erhalten\n\t<\/h3>\n\t<p style=\"text-align:center;color:white;\">Bitte f\u00fcllen Sie das untenstehende Formular aus und wir werden Sie in K\u00fcrze kontaktieren\n\t<\/p>\n\t<div class=\"contact-page1 row\">\n\t\t<div class=\"col-sm-6\">\n\t\t\t<p><span class=\"wpcf7-form-control-wrap\" data-name=\"nameeeee\"><input size=\"40\" maxlength=\"80\" class=\"wpcf7-form-control wpcf7-text wpcf7-validates-as-required\" aria-required=\"true\" aria-invalid=\"false\" placeholder=\"Ihr Name*\" value=\"\" type=\"text\" name=\"nameeeee\" \/><\/span>\n\t\t\t<\/p>\n\t\t<\/div>\n\t\t<div class=\"col-sm-6\">\n\t\t\t<p><span class=\"wpcf7-form-control-wrap\" data-name=\"emaillll\"><input size=\"40\" maxlength=\"80\" class=\"wpcf7-form-control wpcf7-email wpcf7-text wpcf7-validates-as-email\" aria-invalid=\"false\" placeholder=\"E-Mail-Adresse\" value=\"\" type=\"email\" name=\"emaillll\" \/><\/span>\n\t\t\t<\/p>\n\t\t<\/div>\n\t\t<div class=\"col-sm-12\" style=\"padding-bottom:20px;\">\n\t\t\t<p>[phonetext* phoneeee numberonly]\n\t\t\t<\/p>\n\t\t<\/div>\n\t\t<div class=\"col-sm-12\">\n\t\t\t<p><span class=\"wpcf7-form-control-wrap\" data-name=\"messageeeeee\"><textarea cols=\"40\" rows=\"10\" maxlength=\"400\" class=\"wpcf7-form-control wpcf7-textarea\" aria-invalid=\"false\" placeholder=\"Nachricht\" name=\"messageeeeee\"><\/textarea><\/span>\n\t\t\t<\/p>\n\t\t<\/div>\n\t<\/div>\n\t<p><input class=\"wpcf7-form-control wpcf7-submit has-spinner\" type=\"submit\" value=\"ABSENDEN\" \/>\n\t<\/p>\n<\/div><div class=\"wpcf7-response-output\" aria-hidden=\"true\"><\/div>\n<\/form>\n<\/div>\n[\/vc_column][\/vc_row]<\/p>\n","protected":false},"excerpt":{"rendered":"<p>[vc_row][vc_column width=&#8221;2\/3&#8243;][vc_column_text]Eine Transplantation der Augenbrauen ist das am h\u00e4ufigsten durchgef\u00fchrte Verfahren, mit dem die Form der Augenbrauen, ihre Dicke und auch ihre Breite dauerhaft und nat\u00fcrlich ver\u00e4ndert werden k\u00f6nnen. Bei der Augenbrauentransplantation handelt es sich um ein effektives, minimal-invasives Mikroverfahren, das die Form Ihrer Augenbrauen auf nat\u00fcrliche Weise verbessert, wobei Ihre eigenen Haare verwendet werden&#8230;.<\/p>\n","protected":false},"author":3,"featured_media":8453,"parent":0,"menu_order":0,"comment_status":"closed","ping_status":"closed","template":"","meta":{"footnotes":""},"class_list":["post-8144","page","type-page","status-publish","has-post-thumbnail","hentry"],"yoast_head":"<!-- This site is optimized with the Yoast SEO plugin v23.0 - https:\/\/yoast.com\/wordpress\/plugins\/seo\/ -->\n<title>Transplantation der Augenbrauen - Startseite<\/title>\n<meta name=\"robots\" content=\"index, follow, max-snippet:-1, max-image-preview:large, max-video-preview:-1\" \/>\n<link rel=\"canonical\" href=\"https:\/\/estheteclinic.com\/eyebrow-transplant\/\" \/>\n<meta property=\"og:locale\" content=\"de_DE\" \/>\n<meta property=\"og:type\" content=\"article\" \/>\n<meta property=\"og:title\" content=\"Transplantation der Augenbrauen - Startseite\" \/>\n<meta property=\"og:description\" content=\"[vc_row][vc_column width=&#8221;2\/3&#8243;][vc_column_text]Eine Transplantation der Augenbrauen ist das am h\u00e4ufigsten durchgef\u00fchrte Verfahren, mit dem die Form der Augenbrauen, ihre Dicke und auch ihre Breite dauerhaft und nat\u00fcrlich ver\u00e4ndert werden k\u00f6nnen. Bei der Augenbrauentransplantation handelt es sich um ein effektives, minimal-invasives Mikroverfahren, das die Form Ihrer Augenbrauen auf nat\u00fcrliche Weise verbessert, wobei Ihre eigenen Haare verwendet werden....\" \/>\n<meta property=\"og:url\" content=\"https:\/\/estheteclinic.com\/eyebrow-transplant\/\" \/>\n<meta property=\"og:site_name\" content=\"Startseite\" \/>\n<meta property=\"article:modified_time\" content=\"2024-04-24T08:04:01+00:00\" \/>\n<meta property=\"og:image\" content=\"https:\/\/estheteclinic.com\/wp-content\/uploads\/2021\/11\/Eyebrow-Transplant-484.jpg\" \/>\n\t<meta property=\"og:image:width\" content=\"1500\" \/>\n\t<meta property=\"og:image:height\" content=\"1000\" \/>\n\t<meta property=\"og:image:type\" content=\"image\/jpeg\" \/>\n<meta name=\"twitter:card\" content=\"summary_large_image\" \/>\n<meta name=\"twitter:label1\" content=\"Gesch\u00e4tzte Lesezeit\" \/>\n\t<meta name=\"twitter:data1\" content=\"4\u00a0Minuten\" \/>\n<script type=\"application\/ld+json\" class=\"yoast-schema-graph\">{\"@context\":\"https:\/\/schema.org\",\"@graph\":[{\"@type\":\"WebPage\",\"@id\":\"https:\/\/estheteclinic.com\/eyebrow-transplant\/\",\"url\":\"https:\/\/estheteclinic.com\/eyebrow-transplant\/\",\"name\":\"Transplantation der Augenbrauen - Startseite\",\"isPartOf\":{\"@id\":\"https:\/\/estheteclinic.com\/#website\"},\"primaryImageOfPage\":{\"@id\":\"https:\/\/estheteclinic.com\/eyebrow-transplant\/#primaryimage\"},\"image\":{\"@id\":\"https:\/\/estheteclinic.com\/eyebrow-transplant\/#primaryimage\"},\"thumbnailUrl\":\"https:\/\/estheteclinic.com\/wp-content\/uploads\/2021\/11\/Eyebrow-Transplant-484.jpg\",\"datePublished\":\"2021-11-06T15:37:05+00:00\",\"dateModified\":\"2024-04-24T08:04:01+00:00\",\"breadcrumb\":{\"@id\":\"https:\/\/estheteclinic.com\/eyebrow-transplant\/#breadcrumb\"},\"inLanguage\":\"de\",\"potentialAction\":[{\"@type\":\"ReadAction\",\"target\":[\"https:\/\/estheteclinic.com\/eyebrow-transplant\/\"]}]},{\"@type\":\"ImageObject\",\"inLanguage\":\"de\",\"@id\":\"https:\/\/estheteclinic.com\/eyebrow-transplant\/#primaryimage\",\"url\":\"https:\/\/estheteclinic.com\/wp-content\/uploads\/2021\/11\/Eyebrow-Transplant-484.jpg\",\"contentUrl\":\"https:\/\/estheteclinic.com\/wp-content\/uploads\/2021\/11\/Eyebrow-Transplant-484.jpg\",\"width\":1500,\"height\":1000,\"caption\":\"Transplantation der Augenbrauen\"},{\"@type\":\"BreadcrumbList\",\"@id\":\"https:\/\/estheteclinic.com\/eyebrow-transplant\/#breadcrumb\",\"itemListElement\":[{\"@type\":\"ListItem\",\"position\":1,\"name\":\"Home\",\"item\":\"https:\/\/estheteclinic.com\/de\/\"},{\"@type\":\"ListItem\",\"position\":2,\"name\":\"Transplantation der Augenbrauen\"}]},{\"@type\":\"WebSite\",\"@id\":\"https:\/\/estheteclinic.com\/#website\",\"url\":\"https:\/\/estheteclinic.com\/\",\"name\":\"Startseite\",\"description\":\"Plastic Surgery &amp; Hair Transplant in Turkey\",\"potentialAction\":[{\"@type\":\"SearchAction\",\"target\":{\"@type\":\"EntryPoint\",\"urlTemplate\":\"https:\/\/estheteclinic.com\/?s={search_term_string}\"},\"query-input\":\"required name=search_term_string\"}],\"inLanguage\":\"de\"}]}<\/script>\n<!-- \/ Yoast SEO plugin. -->","yoast_head_json":{"title":"Transplantation der Augenbrauen - Startseite","robots":{"index":"index","follow":"follow","max-snippet":"max-snippet:-1","max-image-preview":"max-image-preview:large","max-video-preview":"max-video-preview:-1"},"canonical":"https:\/\/estheteclinic.com\/eyebrow-transplant\/","og_locale":"de_DE","og_type":"article","og_title":"Transplantation der Augenbrauen - Startseite","og_description":"[vc_row][vc_column width=&#8221;2\/3&#8243;][vc_column_text]Eine Transplantation der Augenbrauen ist das am h\u00e4ufigsten durchgef\u00fchrte Verfahren, mit dem die Form der Augenbrauen, ihre Dicke und auch ihre Breite dauerhaft und nat\u00fcrlich ver\u00e4ndert werden k\u00f6nnen. Bei der Augenbrauentransplantation handelt es sich um ein effektives, minimal-invasives Mikroverfahren, das die Form Ihrer Augenbrauen auf nat\u00fcrliche Weise verbessert, wobei Ihre eigenen Haare verwendet werden....","og_url":"https:\/\/estheteclinic.com\/eyebrow-transplant\/","og_site_name":"Startseite","article_modified_time":"2024-04-24T08:04:01+00:00","og_image":[{"width":1500,"height":1000,"url":"https:\/\/estheteclinic.com\/wp-content\/uploads\/2021\/11\/Eyebrow-Transplant-484.jpg","type":"image\/jpeg"}],"twitter_card":"summary_large_image","twitter_misc":{"Gesch\u00e4tzte Lesezeit":"4\u00a0Minuten"},"schema":{"@context":"https:\/\/schema.org","@graph":[{"@type":"WebPage","@id":"https:\/\/estheteclinic.com\/eyebrow-transplant\/","url":"https:\/\/estheteclinic.com\/eyebrow-transplant\/","name":"Transplantation der Augenbrauen - Startseite","isPartOf":{"@id":"https:\/\/estheteclinic.com\/#website"},"primaryImageOfPage":{"@id":"https:\/\/estheteclinic.com\/eyebrow-transplant\/#primaryimage"},"image":{"@id":"https:\/\/estheteclinic.com\/eyebrow-transplant\/#primaryimage"},"thumbnailUrl":"https:\/\/estheteclinic.com\/wp-content\/uploads\/2021\/11\/Eyebrow-Transplant-484.jpg","datePublished":"2021-11-06T15:37:05+00:00","dateModified":"2024-04-24T08:04:01+00:00","breadcrumb":{"@id":"https:\/\/estheteclinic.com\/eyebrow-transplant\/#breadcrumb"},"inLanguage":"de","potentialAction":[{"@type":"ReadAction","target":["https:\/\/estheteclinic.com\/eyebrow-transplant\/"]}]},{"@type":"ImageObject","inLanguage":"de","@id":"https:\/\/estheteclinic.com\/eyebrow-transplant\/#primaryimage","url":"https:\/\/estheteclinic.com\/wp-content\/uploads\/2021\/11\/Eyebrow-Transplant-484.jpg","contentUrl":"https:\/\/estheteclinic.com\/wp-content\/uploads\/2021\/11\/Eyebrow-Transplant-484.jpg","width":1500,"height":1000,"caption":"Transplantation der Augenbrauen"},{"@type":"BreadcrumbList","@id":"https:\/\/estheteclinic.com\/eyebrow-transplant\/#breadcrumb","itemListElement":[{"@type":"ListItem","position":1,"name":"Home","item":"https:\/\/estheteclinic.com\/de\/"},{"@type":"ListItem","position":2,"name":"Transplantation der Augenbrauen"}]},{"@type":"WebSite","@id":"https:\/\/estheteclinic.com\/#website","url":"https:\/\/estheteclinic.com\/","name":"Startseite","description":"Plastic Surgery &amp; Hair Transplant in Turkey","potentialAction":[{"@type":"SearchAction","target":{"@type":"EntryPoint","urlTemplate":"https:\/\/estheteclinic.com\/?s={search_term_string}"},"query-input":"required name=search_term_string"}],"inLanguage":"de"}]}},"_links":{"self":[{"href":"https:\/\/estheteclinic.com\/de\/wp-json\/wp\/v2\/pages\/8144","targetHints":{"allow":["GET"]}}],"collection":[{"href":"https:\/\/estheteclinic.com\/de\/wp-json\/wp\/v2\/pages"}],"about":[{"href":"https:\/\/estheteclinic.com\/de\/wp-json\/wp\/v2\/types\/page"}],"author":[{"embeddable":true,"href":"https:\/\/estheteclinic.com\/de\/wp-json\/wp\/v2\/users\/3"}],"replies":[{"embeddable":true,"href":"https:\/\/estheteclinic.com\/de\/wp-json\/wp\/v2\/comments?post=8144"}],"version-history":[{"count":2,"href":"https:\/\/estheteclinic.com\/de\/wp-json\/wp\/v2\/pages\/8144\/revisions"}],"predecessor-version":[{"id":8457,"href":"https:\/\/estheteclinic.com\/de\/wp-json\/wp\/v2\/pages\/8144\/revisions\/8457"}],"wp:featuredmedia":[{"embeddable":true,"href":"https:\/\/estheteclinic.com\/de\/wp-json\/wp\/v2\/media\/8453"}],"wp:attachment":[{"href":"https:\/\/estheteclinic.com\/de\/wp-json\/wp\/v2\/media?parent=8144"}],"curies":[{"name":"wp","href":"https:\/\/api.w.org\/{rel}","templated":true}]}}