{"id":8154,"date":"2021-11-06T15:43:26","date_gmt":"2021-11-06T15:43:26","guid":{"rendered":"http:\/\/estheteclinic.com\/?page_id=8154"},"modified":"2021-11-29T06:58:23","modified_gmt":"2021-11-29T06:58:23","slug":"facelifts-mit-seilen","status":"publish","type":"page","link":"https:\/\/estheteclinic.com\/de\/facelifts-mit-seilen\/","title":{"rendered":"Facelifts mit Seilen"},"content":{"rendered":"<p>[vc_row][vc_column width=&#8221;2\/3&#8243;][vc_column_text]Das Gesichts- und Halslifting mit Seilen ist eine Verj\u00fcngungsbehandlung, die versucht, die Zeichen der Alterung im Gesicht und am Hals zu korrigieren.<\/p>\n<p>Zu diesen Symptomen geh\u00f6ren der Verlust der Elastizit\u00e4t und die Erschlaffung der Haut sowie das Auftreten von Falten, wenn die Muskeln von Gesicht und Hals nachzulassen beginnen.<\/p>\n<p>Obwohl das Facelifting mit Seilen keine Anwendung ist, die das Altern stoppt, ist es eine Behandlung, die dem Gesicht durch Dehnung der Haut und des tieferen Gewebes unter der Haut ein j\u00fcngeres Aussehen verleiht.<\/p>\n<h2><strong>Kandidaten f\u00fcr ein Facelifting<\/strong><\/h2>\n<p>Ob Sie f\u00fcr ein Facelift mit Seilen geeignet sind, m\u00fcssen unsere \u00c4rzte bei der Untersuchung feststellen. Im Allgemeinen sind Sie jedoch f\u00fcr das Verfahren geeignet, wenn Sie die folgenden Bedingungen erf\u00fcllen:<\/p>\n<ul>\n<li>Sie haben keine schlechte Wundheilung<\/li>\n<li>Sie haben keine schweren Krankheiten<\/li>\n<li>Ihr Gesicht beginnt Anzeichen des Absinkens zu zeigen, aber die Hautelastizit\u00e4t ist noch vorhanden<\/li>\n<li>Ihre Gesichtsknochenstruktur ist vorhanden<\/li>\n<\/ul>\n<h2><strong>Was kann ein Facelift mit Seilen bewirken<\/strong><\/h2>\n<p>Eingriffe zur Gesichts- und Halsstraffung sind individuell und die Behandlungsbereiche k\u00f6nnen von Person zu Person variieren. In der Esthete Clinic f\u00fchren wir ein nicht-chirurgisches Facelifting an Merkmalen wie der Nase, den Augenbrauen, dem Kiefer, den Wangen und anderen spezifischen Bereichen durch. Diese Anwendungen sind in einem bestimmten Umfang wirksam und k\u00f6nnen nicht immer chirurgische Methoden ersetzen.<\/p>\n<h2><strong>Dauer der Gesichts- und Halsstraffung mit Seilen<\/strong><\/h2>\n<p>Die gesch\u00e4tzte Dauer des Verfahrens betr\u00e4gt 30 bis 60 Minuten<\/p>\n<h2><strong>Ablauf eines Facelifts mit Seilen<\/strong><\/h2>\n<h3><strong>Vor der Behandlung<\/strong><\/h3>\n<p>Ihr Arzt wird eine bet\u00e4ubende Creme auftragen oder eine \u00f6rtliche Bet\u00e4ubung in Ihr Gesicht injizieren, bevor er mit dem Eingriff beginnt. Ihr Arzt wird auch die Bereiche in Ihrem Gesicht markieren, die behandelt werden m\u00fcssen, um den Eingriff zu planen.<\/p>\n<h3><strong>Verfahren<\/strong><\/h3>\n<p>Ihr Arzt injiziert biologisches Nahtmaterial in das Bindegewebe nur 5 mm unter den Problemzonen und hebt die darunter liegende Muskel- und Gewebeschicht strategisch an. Diese N\u00e4hte l\u00f6sen sich nach einiger Zeit von selbst auf. Es gibt viele Arten von Seilen, die Sie bei einem nicht-chirurgischen Facelifting verwenden k\u00f6nnen, aber ihre Funktion ist nicht, das Gesicht dauerhaft anzuheben. Stattdessen stimuliert das Verfahren die Kollagenproduktion, so dass Ihre Haut sich selbst reparieren und ihr Kollagen wiederherstellen kann.<\/p>\n<h3><strong>Nach dem Verfahren<\/strong><\/h3>\n<p>Der Eingriff hat keine Ausfallzeiten und Sie k\u00f6nnen sofort wieder an Ihrem gesellschaftlichen Leben teilnehmen. Sie erhalten eine antibiotische Creme, die Sie zweimal t\u00e4glich f\u00fcr 5 Tage auf die behandelten Stellen auftragen m\u00fcssen.<\/p>\n<p>Sie m\u00fcssen das Kauen einschr\u00e4nken, da eine \u00fcberm\u00e4\u00dfige Bewegung des Kiefers das Ergebnis beeintr\u00e4chtigen kann. Essen Sie weiche Lebensmittel, vermeiden Sie Kaugummi und harte Lebensmittel wie z.B. \u00c4pfel f\u00fcr 3 Wochen, massieren Sie Ihr Gesicht ebenfalls f\u00fcr 3 Wochen nicht und sch\u00fctzen Sie Ihr Gesicht auch in dieser Zeit vor direkter Sonneneinstrahlung.[\/vc_column_text][\/vc_column][vc_column width=&#8221;1\/3&#8243; el_class=&#8221;sticky_contact_form_ttttt&#8221;]\n<div class=\"wpcf7 no-js\" id=\"wpcf7-f7798-o1\" lang=\"de-DE\" dir=\"ltr\">\n<div class=\"screen-reader-response\"><p role=\"status\" aria-live=\"polite\" aria-atomic=\"true\"><\/p> <ul><\/ul><\/div>\n<form action=\"\/de\/wp-json\/wp\/v2\/pages\/8154#wpcf7-f7798-o1\" method=\"post\" class=\"wpcf7-form init\" aria-label=\"Kontaktformular\" novalidate=\"novalidate\" data-status=\"init\">\n<div style=\"display: none;\">\n<input type=\"hidden\" name=\"_wpcf7\" value=\"7798\" \/>\n<input type=\"hidden\" name=\"_wpcf7_version\" value=\"5.9.6\" \/>\n<input type=\"hidden\" name=\"_wpcf7_locale\" value=\"de_DE\" \/>\n<input type=\"hidden\" name=\"_wpcf7_unit_tag\" value=\"wpcf7-f7798-o1\" \/>\n<input type=\"hidden\" name=\"_wpcf7_container_post\" value=\"0\" \/>\n<input type=\"hidden\" name=\"_wpcf7_posted_data_hash\" value=\"\" \/>\n<\/div>\n<div class=\"contact_form_sticky_cf7\">\n\t<h3 style=\"text-align:center;color:white;\">Kostenlose Beratung erhalten\n\t<\/h3>\n\t<p style=\"text-align:center;color:white;\">Bitte f\u00fcllen Sie das untenstehende Formular aus und wir werden Sie in K\u00fcrze kontaktieren\n\t<\/p>\n\t<div class=\"contact-page1 row\">\n\t\t<div class=\"col-sm-6\">\n\t\t\t<p><span class=\"wpcf7-form-control-wrap\" data-name=\"nameeeee\"><input size=\"40\" maxlength=\"80\" class=\"wpcf7-form-control wpcf7-text wpcf7-validates-as-required\" aria-required=\"true\" aria-invalid=\"false\" placeholder=\"Ihr Name*\" value=\"\" type=\"text\" name=\"nameeeee\" \/><\/span>\n\t\t\t<\/p>\n\t\t<\/div>\n\t\t<div class=\"col-sm-6\">\n\t\t\t<p><span class=\"wpcf7-form-control-wrap\" data-name=\"emaillll\"><input size=\"40\" maxlength=\"80\" class=\"wpcf7-form-control wpcf7-email wpcf7-text wpcf7-validates-as-email\" aria-invalid=\"false\" placeholder=\"E-Mail-Adresse\" value=\"\" type=\"email\" name=\"emaillll\" \/><\/span>\n\t\t\t<\/p>\n\t\t<\/div>\n\t\t<div class=\"col-sm-12\" style=\"padding-bottom:20px;\">\n\t\t\t<p>[phonetext* phoneeee numberonly]\n\t\t\t<\/p>\n\t\t<\/div>\n\t\t<div class=\"col-sm-12\">\n\t\t\t<p><span class=\"wpcf7-form-control-wrap\" data-name=\"messageeeeee\"><textarea cols=\"40\" rows=\"10\" maxlength=\"400\" class=\"wpcf7-form-control wpcf7-textarea\" aria-invalid=\"false\" placeholder=\"Nachricht\" name=\"messageeeeee\"><\/textarea><\/span>\n\t\t\t<\/p>\n\t\t<\/div>\n\t<\/div>\n\t<p><input class=\"wpcf7-form-control wpcf7-submit has-spinner\" type=\"submit\" value=\"ABSENDEN\" \/>\n\t<\/p>\n<\/div><div class=\"wpcf7-response-output\" aria-hidden=\"true\"><\/div>\n<\/form>\n<\/div>\n[\/vc_column][\/vc_row]<\/p>\n","protected":false},"excerpt":{"rendered":"<p>[vc_row][vc_column width=&#8221;2\/3&#8243;][vc_column_text]Das Gesichts- und Halslifting mit Seilen ist eine Verj\u00fcngungsbehandlung, die versucht, die Zeichen der Alterung im Gesicht und am Hals zu korrigieren. Zu diesen Symptomen geh\u00f6ren der Verlust der Elastizit\u00e4t und die Erschlaffung der Haut sowie das Auftreten von Falten, wenn die Muskeln von Gesicht und Hals nachzulassen beginnen. Obwohl das Facelifting mit Seilen&#8230;<\/p>\n","protected":false},"author":3,"featured_media":8699,"parent":0,"menu_order":0,"comment_status":"closed","ping_status":"closed","template":"","meta":{"footnotes":""},"class_list":["post-8154","page","type-page","status-publish","has-post-thumbnail","hentry"],"yoast_head":"<!-- This site is optimized with the Yoast SEO plugin v23.0 - https:\/\/yoast.com\/wordpress\/plugins\/seo\/ -->\n<title>Facelifts mit Seilen - Startseite<\/title>\n<meta name=\"robots\" content=\"index, follow, max-snippet:-1, max-image-preview:large, max-video-preview:-1\" \/>\n<link rel=\"canonical\" href=\"https:\/\/estheteclinic.com\/face-lift-with-ropes\/\" \/>\n<meta property=\"og:locale\" content=\"de_DE\" \/>\n<meta property=\"og:type\" content=\"article\" \/>\n<meta property=\"og:title\" content=\"Facelifts mit Seilen - Startseite\" \/>\n<meta property=\"og:description\" content=\"[vc_row][vc_column width=&#8221;2\/3&#8243;][vc_column_text]Das Gesichts- und Halslifting mit Seilen ist eine Verj\u00fcngungsbehandlung, die versucht, die Zeichen der Alterung im Gesicht und am Hals zu korrigieren. Zu diesen Symptomen geh\u00f6ren der Verlust der Elastizit\u00e4t und die Erschlaffung der Haut sowie das Auftreten von Falten, wenn die Muskeln von Gesicht und Hals nachzulassen beginnen. Obwohl das Facelifting mit Seilen...\" \/>\n<meta property=\"og:url\" content=\"https:\/\/estheteclinic.com\/face-lift-with-ropes\/\" \/>\n<meta property=\"og:site_name\" content=\"Startseite\" \/>\n<meta property=\"article:modified_time\" content=\"2021-11-29T06:58:23+00:00\" \/>\n<meta property=\"og:image\" content=\"https:\/\/estheteclinic.com\/wp-content\/uploads\/2021\/11\/face-lift-tt.jpg\" \/>\n\t<meta property=\"og:image:width\" content=\"2500\" \/>\n\t<meta property=\"og:image:height\" content=\"1043\" \/>\n\t<meta property=\"og:image:type\" content=\"image\/jpeg\" \/>\n<meta name=\"twitter:card\" content=\"summary_large_image\" \/>\n<meta name=\"twitter:label1\" content=\"Gesch\u00e4tzte Lesezeit\" \/>\n\t<meta name=\"twitter:data1\" content=\"2\u00a0Minuten\" \/>\n<script type=\"application\/ld+json\" class=\"yoast-schema-graph\">{\"@context\":\"https:\/\/schema.org\",\"@graph\":[{\"@type\":\"WebPage\",\"@id\":\"https:\/\/estheteclinic.com\/face-lift-with-ropes\/\",\"url\":\"https:\/\/estheteclinic.com\/face-lift-with-ropes\/\",\"name\":\"Facelifts mit Seilen - Startseite\",\"isPartOf\":{\"@id\":\"https:\/\/estheteclinic.com\/#website\"},\"primaryImageOfPage\":{\"@id\":\"https:\/\/estheteclinic.com\/face-lift-with-ropes\/#primaryimage\"},\"image\":{\"@id\":\"https:\/\/estheteclinic.com\/face-lift-with-ropes\/#primaryimage\"},\"thumbnailUrl\":\"https:\/\/estheteclinic.com\/wp-content\/uploads\/2021\/11\/face-lift-tt.jpg\",\"datePublished\":\"2021-11-06T15:43:26+00:00\",\"dateModified\":\"2021-11-29T06:58:23+00:00\",\"breadcrumb\":{\"@id\":\"https:\/\/estheteclinic.com\/face-lift-with-ropes\/#breadcrumb\"},\"inLanguage\":\"de\",\"potentialAction\":[{\"@type\":\"ReadAction\",\"target\":[\"https:\/\/estheteclinic.com\/face-lift-with-ropes\/\"]}]},{\"@type\":\"ImageObject\",\"inLanguage\":\"de\",\"@id\":\"https:\/\/estheteclinic.com\/face-lift-with-ropes\/#primaryimage\",\"url\":\"https:\/\/estheteclinic.com\/wp-content\/uploads\/2021\/11\/face-lift-tt.jpg\",\"contentUrl\":\"https:\/\/estheteclinic.com\/wp-content\/uploads\/2021\/11\/face-lift-tt.jpg\",\"width\":2500,\"height\":1043,\"caption\":\"Face Lift With Ropes\"},{\"@type\":\"BreadcrumbList\",\"@id\":\"https:\/\/estheteclinic.com\/face-lift-with-ropes\/#breadcrumb\",\"itemListElement\":[{\"@type\":\"ListItem\",\"position\":1,\"name\":\"Home\",\"item\":\"https:\/\/estheteclinic.com\/de\/\"},{\"@type\":\"ListItem\",\"position\":2,\"name\":\"Facelifts mit Seilen\"}]},{\"@type\":\"WebSite\",\"@id\":\"https:\/\/estheteclinic.com\/#website\",\"url\":\"https:\/\/estheteclinic.com\/\",\"name\":\"Startseite\",\"description\":\"Plastic Surgery &amp; Hair Transplant in Turkey\",\"potentialAction\":[{\"@type\":\"SearchAction\",\"target\":{\"@type\":\"EntryPoint\",\"urlTemplate\":\"https:\/\/estheteclinic.com\/?s={search_term_string}\"},\"query-input\":\"required name=search_term_string\"}],\"inLanguage\":\"de\"}]}<\/script>\n<!-- \/ Yoast SEO plugin. -->","yoast_head_json":{"title":"Facelifts mit Seilen - Startseite","robots":{"index":"index","follow":"follow","max-snippet":"max-snippet:-1","max-image-preview":"max-image-preview:large","max-video-preview":"max-video-preview:-1"},"canonical":"https:\/\/estheteclinic.com\/face-lift-with-ropes\/","og_locale":"de_DE","og_type":"article","og_title":"Facelifts mit Seilen - Startseite","og_description":"[vc_row][vc_column width=&#8221;2\/3&#8243;][vc_column_text]Das Gesichts- und Halslifting mit Seilen ist eine Verj\u00fcngungsbehandlung, die versucht, die Zeichen der Alterung im Gesicht und am Hals zu korrigieren. Zu diesen Symptomen geh\u00f6ren der Verlust der Elastizit\u00e4t und die Erschlaffung der Haut sowie das Auftreten von Falten, wenn die Muskeln von Gesicht und Hals nachzulassen beginnen. Obwohl das Facelifting mit Seilen...","og_url":"https:\/\/estheteclinic.com\/face-lift-with-ropes\/","og_site_name":"Startseite","article_modified_time":"2021-11-29T06:58:23+00:00","og_image":[{"width":2500,"height":1043,"url":"https:\/\/estheteclinic.com\/wp-content\/uploads\/2021\/11\/face-lift-tt.jpg","type":"image\/jpeg"}],"twitter_card":"summary_large_image","twitter_misc":{"Gesch\u00e4tzte Lesezeit":"2\u00a0Minuten"},"schema":{"@context":"https:\/\/schema.org","@graph":[{"@type":"WebPage","@id":"https:\/\/estheteclinic.com\/face-lift-with-ropes\/","url":"https:\/\/estheteclinic.com\/face-lift-with-ropes\/","name":"Facelifts mit Seilen - Startseite","isPartOf":{"@id":"https:\/\/estheteclinic.com\/#website"},"primaryImageOfPage":{"@id":"https:\/\/estheteclinic.com\/face-lift-with-ropes\/#primaryimage"},"image":{"@id":"https:\/\/estheteclinic.com\/face-lift-with-ropes\/#primaryimage"},"thumbnailUrl":"https:\/\/estheteclinic.com\/wp-content\/uploads\/2021\/11\/face-lift-tt.jpg","datePublished":"2021-11-06T15:43:26+00:00","dateModified":"2021-11-29T06:58:23+00:00","breadcrumb":{"@id":"https:\/\/estheteclinic.com\/face-lift-with-ropes\/#breadcrumb"},"inLanguage":"de","potentialAction":[{"@type":"ReadAction","target":["https:\/\/estheteclinic.com\/face-lift-with-ropes\/"]}]},{"@type":"ImageObject","inLanguage":"de","@id":"https:\/\/estheteclinic.com\/face-lift-with-ropes\/#primaryimage","url":"https:\/\/estheteclinic.com\/wp-content\/uploads\/2021\/11\/face-lift-tt.jpg","contentUrl":"https:\/\/estheteclinic.com\/wp-content\/uploads\/2021\/11\/face-lift-tt.jpg","width":2500,"height":1043,"caption":"Face Lift With Ropes"},{"@type":"BreadcrumbList","@id":"https:\/\/estheteclinic.com\/face-lift-with-ropes\/#breadcrumb","itemListElement":[{"@type":"ListItem","position":1,"name":"Home","item":"https:\/\/estheteclinic.com\/de\/"},{"@type":"ListItem","position":2,"name":"Facelifts mit Seilen"}]},{"@type":"WebSite","@id":"https:\/\/estheteclinic.com\/#website","url":"https:\/\/estheteclinic.com\/","name":"Startseite","description":"Plastic Surgery &amp; Hair Transplant in Turkey","potentialAction":[{"@type":"SearchAction","target":{"@type":"EntryPoint","urlTemplate":"https:\/\/estheteclinic.com\/?s={search_term_string}"},"query-input":"required name=search_term_string"}],"inLanguage":"de"}]}},"_links":{"self":[{"href":"https:\/\/estheteclinic.com\/de\/wp-json\/wp\/v2\/pages\/8154","targetHints":{"allow":["GET"]}}],"collection":[{"href":"https:\/\/estheteclinic.com\/de\/wp-json\/wp\/v2\/pages"}],"about":[{"href":"https:\/\/estheteclinic.com\/de\/wp-json\/wp\/v2\/types\/page"}],"author":[{"embeddable":true,"href":"https:\/\/estheteclinic.com\/de\/wp-json\/wp\/v2\/users\/3"}],"replies":[{"embeddable":true,"href":"https:\/\/estheteclinic.com\/de\/wp-json\/wp\/v2\/comments?post=8154"}],"version-history":[{"count":2,"href":"https:\/\/estheteclinic.com\/de\/wp-json\/wp\/v2\/pages\/8154\/revisions"}],"predecessor-version":[{"id":8703,"href":"https:\/\/estheteclinic.com\/de\/wp-json\/wp\/v2\/pages\/8154\/revisions\/8703"}],"wp:featuredmedia":[{"embeddable":true,"href":"https:\/\/estheteclinic.com\/de\/wp-json\/wp\/v2\/media\/8699"}],"wp:attachment":[{"href":"https:\/\/estheteclinic.com\/de\/wp-json\/wp\/v2\/media?parent=8154"}],"curies":[{"name":"wp","href":"https:\/\/api.w.org\/{rel}","templated":true}]}}