{"id":8172,"date":"2021-11-06T18:02:57","date_gmt":"2021-11-06T18:02:57","guid":{"rendered":"http:\/\/estheteclinic.com\/?page_id=8172"},"modified":"2021-11-26T14:28:12","modified_gmt":"2021-11-26T14:28:12","slug":"gynaekomastie","status":"publish","type":"page","link":"https:\/\/estheteclinic.com\/de\/gynaekomastie\/","title":{"rendered":"Gyn\u00e4komastie"},"content":{"rendered":"<p>[vc_row][vc_column width=&#8221;2\/3&#8243;][vc_column_text]W\u00e4hrend der Pubert\u00e4t ist es f\u00fcr manche M\u00e4nner ganz nat\u00fcrlich, dass die Brust aufgrund der hormonellen Ver\u00e4nderungen w\u00e4chst und voller wird. Diese Ver\u00e4nderungen sind in der Regel vor\u00fcbergehend und klingen sp\u00e4ter wieder ab. Wenn sie jedoch dauerhaft werden, haben Sie es wahrscheinlich mit einem Zustand zu tun, der Gyn\u00e4komastie genannt wird.<\/p>\n<p>Gyn\u00e4komastie verursacht keine schwerwiegenden gesundheitlichen Komplikationen, ist aber eine Quelle von Selbstwertproblemen bei den Betroffenen und beeinflusst negativ ihre Lebensweise, von der Kleidung bis zur K\u00f6rperhaltung.<\/p>\n<p>Obwohl die Gyn\u00e4komastie meist wie oben beschrieben auftritt, kann manchmal eine ein- oder beidseitige Gyn\u00e4komastie auftreten, abh\u00e4ngig von hormonellen Ver\u00e4nderungen, tumor\u00f6sen Ursachen oder als Nebenwirkung bestimmter Medikamente. Die klassische Gyn\u00e4komastie tritt in der Adoleszenz auf, aber andere Bedingungen k\u00f6nnen die Entwicklung der Gyn\u00e4komastie in jedem Alter ausl\u00f6sen.<\/p>\n<h2><strong>Kandidaten f\u00fcr eine Gyn\u00e4komastie-Operation<\/strong><\/h2>\n<ul>\n<li>M\u00e4nner in einem gesunden Gewichtsbereich<\/li>\n<li>M\u00e4nner mit abnormalem Brustwachstum<\/li>\n<li>M\u00e4nner mit Erschlaffung um die Brust<\/li>\n<li>M\u00e4nner, die gesund sind und keine lebensbedrohlichen Erkrankungen haben<\/li>\n<\/ul>\n<h2><strong>Vorbereitung auf Gyn\u00e4komastie<\/strong><\/h2>\n<p>Die Vorbereitungen f\u00fcr eine Gyn\u00e4komastie-Operation umfassen eine Untersuchung Ihrer Krankengeschichte, bildgebende Verfahren wie MRT oder Ultraschall und eine Hormonanalyse.<\/p>\n<p>Die Bestimmung der zugrundeliegenden Ursache der Gyn\u00e4komastie ist ein entscheidender Schritt, um den richtigen Behandlungsplan zu beginnen.<\/p>\n<p>Anweisungen, die Sie in den Wochen vor Ihrer Gyn\u00e4komastie beachten sollten<\/p>\n<ul>\n<li>Nehmen Sie 10 Tage vor der Operation kein Aspirin oder Aspirin-haltige Medikamente ein<\/li>\n<li>Informieren Sie Ihren Arzt \u00fcber alle chronischen Krankheiten, an denen Sie leiden, und die Medikamente, die Sie einnehmen<\/li>\n<li>Rauchen Sie keinen Tabak, trinken Sie keinen Alkohol und nehmen Sie keine Form von Stimulanzien f\u00fcr 2 Wochen vor der Gyn\u00e4komastie.<\/li>\n<\/ul>\n<h2><strong>Die 3 Arten der Gyn\u00e4komastie<\/strong><\/h2>\n<p>Im ersten Stadium der Gyn\u00e4komastie sind die Symptome vorhanden, diese sind aber nicht schwerwiegend. Es gibt keine schlaffe oder lose Haut in diesem Bereich.<\/p>\n<p>Im zweiten Stadium der Gyn\u00e4komastie beginnt die Entwicklung des Brustgewebes, wie eine gro\u00dfe weibliche Brust auszusehen, aber es gibt keine Erschlaffung der Haut.<\/p>\n<p>In der dritten Stufe der Gyn\u00e4komastie gibt es zus\u00e4tzliche Haut und Erschlaffung in dem Bereich, der behandelt werden muss.<\/p>\n<h2><strong>Vorgehen bei Gyn\u00e4komastie<\/strong><\/h2>\n<h3><strong>Vor der Operation<\/strong><\/h3>\n<p>Unsere Chirurgen beginnen damit, den Bereich zu sterilisieren und die notwendigen Zeichnungen auf Ihrer Brust anzufertigen, um den Eingriff zu planen. Anschlie\u00dfend verabreichen unsere An\u00e4sthesisten Ihre Narkose, die je nach Behandlungsplan zwischen Lokal- und Vollnarkose variiert.<\/p>\n<h3><strong>Chirurgie<\/strong><\/h3>\n<p>Das Stadium der Gyn\u00e4komastie ist wichtig f\u00fcr die Erstellung des Behandlungsplans. Handelt es sich um eine Gyn\u00e4komastie im ersten Stadium, kann die Behandlung durch eine Fettabsaugung erreicht werden.<\/p>\n<p>Besteht die Struktur der Brust neben dem Fettgewebe aus einer Gewebe\u00fcberwucherung innerhalb der Brustdr\u00fcse, wie es bei der Gyn\u00e4komastie im Stadium 2 der Fall ist, sieht der Behandlungsplan die Entfernung dieses Gewebes mit einem kleinen Schnitt um die Brustwarze herum vor.<\/p>\n<p>Wenn die Hauterschlaffung bei der Gyn\u00e4komastie im dritten Stadium fortgeschritten ist, dann kommen einige chirurgische Pl\u00e4ne zur Entfernung der \u00fcbersch\u00fcssigen Haut in Frage. Es gibt eine Fettabsaugung mit anschlie\u00dfender Entfernung der \u00fcbersch\u00fcssigen Haut. Es erfolgt eine Fettabsaugung mit anschlie\u00dfender Entfernung des Haut\u00fcberschusses.<\/p>\n<p>Alle Einschnitte werden vern\u00e4ht.<\/p>\n<h3><strong>Nach der Operation<\/strong><\/h3>\n<p>Wenn Ihre Gyn\u00e4komastie-Operation invasiv war, werden Sie Drainagen unter den Verb\u00e4nden auf Ihrer Brust haben. Der Zweck der Drainage ist es, Serum oder Blut, das sich im Operationsgebiet ansammeln kann, zu entfernen und damit verbundene Komplikationen zu vermeiden. Die Drainage wird normalerweise innerhalb von 24-48 Stunden entfernt.<\/p>\n<h2><strong>Genesung nach einer Gyn\u00e4komastie<\/strong><\/h2>\n<p>Direkt nach der Operation m\u00fcssen Sie einen elastischen Verband tragen, aber ab dem 4. oder 5. Tag der Gyn\u00e4komastie wird stattdessen eine spezielle Kompressionsweste verwendet. Sie m\u00fcssen die Kompressionsweste drei Wochen lang konsequent und nach Anweisung tragen.<\/p>\n<p>In den ersten Tagen nach der Gyn\u00e4komastie k\u00f6nnen \u00d6deme, Druckempfindlichkeit, Schmerzen und sogar Bluterg\u00fcsse im Behandlungsbereich auftreten. Diese Symptome beginnen in der Regel nach den ersten 2-3 Tagen allm\u00e4hlich abzunehmen.<\/p>\n<p>Von Zeit zu Zeit kann es zu Taubheitsgef\u00fchlen, Stechen und Brennen in diesem Bereich kommen.<\/p>\n<p>Vermeiden Sie in den n\u00e4chsten 6 Wochen Aktivit\u00e4ten, die \u00d6deme verursachen k\u00f6nnen, wie z. B. Dampfb\u00e4der, Sauna und Solarium. Ebenso ist es notwendig, anstrengenden Sport und alle Aktivit\u00e4ten zu vermeiden, die ruckartige Bewegungen beinhalten.<\/p>\n<p>Rauchen Sie nicht und konsumieren Sie keinen Alkohol f\u00fcr zwei Wochen nach der Gyn\u00e4komastie.<\/p>\n<h2><strong> Dauer der Gyn\u00e4komastie-Operation<\/strong><\/h2>\n<p>Eine Gyn\u00e4komastie-Operation dauert im Durchschnitt zwischen einer und f\u00fcnf Stunden, abh\u00e4ngig von der Art und dem Stadium Ihrer Erkrankung.<\/p>\n<h2><strong>Ergebnisse der Gyn\u00e4komastie<\/strong><\/h2>\n<p>Die Ergebnisse der Gyn\u00e4komastie sind unmittelbar, verbessern sich aber mit der Zeit. Sie sind langlebig, vorausgesetzt, Sie halten ein stabiles Gewicht, um die Hautentwicklung um die Br\u00fcste nicht zu beeintr\u00e4chtigen.[\/vc_column_text][\/vc_column][vc_column width=&#8221;1\/3&#8243; el_class=&#8221;sticky_contact_form_ttttt&#8221;]\n<div class=\"wpcf7 no-js\" id=\"wpcf7-f7798-o1\" lang=\"de-DE\" dir=\"ltr\">\n<div class=\"screen-reader-response\"><p role=\"status\" aria-live=\"polite\" aria-atomic=\"true\"><\/p> <ul><\/ul><\/div>\n<form action=\"\/de\/wp-json\/wp\/v2\/pages\/8172#wpcf7-f7798-o1\" method=\"post\" class=\"wpcf7-form init\" aria-label=\"Kontaktformular\" novalidate=\"novalidate\" data-status=\"init\">\n<div style=\"display: none;\">\n<input type=\"hidden\" name=\"_wpcf7\" value=\"7798\" \/>\n<input type=\"hidden\" name=\"_wpcf7_version\" value=\"5.9.6\" \/>\n<input type=\"hidden\" name=\"_wpcf7_locale\" value=\"de_DE\" \/>\n<input type=\"hidden\" name=\"_wpcf7_unit_tag\" value=\"wpcf7-f7798-o1\" \/>\n<input type=\"hidden\" name=\"_wpcf7_container_post\" value=\"0\" \/>\n<input type=\"hidden\" name=\"_wpcf7_posted_data_hash\" value=\"\" \/>\n<\/div>\n<div class=\"contact_form_sticky_cf7\">\n\t<h3 style=\"text-align:center;color:white;\">Kostenlose Beratung erhalten\n\t<\/h3>\n\t<p style=\"text-align:center;color:white;\">Bitte f\u00fcllen Sie das untenstehende Formular aus und wir werden Sie in K\u00fcrze kontaktieren\n\t<\/p>\n\t<div class=\"contact-page1 row\">\n\t\t<div class=\"col-sm-6\">\n\t\t\t<p><span class=\"wpcf7-form-control-wrap\" data-name=\"nameeeee\"><input size=\"40\" maxlength=\"80\" class=\"wpcf7-form-control wpcf7-text wpcf7-validates-as-required\" aria-required=\"true\" aria-invalid=\"false\" placeholder=\"Ihr Name*\" value=\"\" type=\"text\" name=\"nameeeee\" \/><\/span>\n\t\t\t<\/p>\n\t\t<\/div>\n\t\t<div class=\"col-sm-6\">\n\t\t\t<p><span class=\"wpcf7-form-control-wrap\" data-name=\"emaillll\"><input size=\"40\" maxlength=\"80\" class=\"wpcf7-form-control wpcf7-email wpcf7-text wpcf7-validates-as-email\" aria-invalid=\"false\" placeholder=\"E-Mail-Adresse\" value=\"\" type=\"email\" name=\"emaillll\" \/><\/span>\n\t\t\t<\/p>\n\t\t<\/div>\n\t\t<div class=\"col-sm-12\" style=\"padding-bottom:20px;\">\n\t\t\t<p>[phonetext* phoneeee numberonly]\n\t\t\t<\/p>\n\t\t<\/div>\n\t\t<div class=\"col-sm-12\">\n\t\t\t<p><span class=\"wpcf7-form-control-wrap\" data-name=\"messageeeeee\"><textarea cols=\"40\" rows=\"10\" maxlength=\"400\" class=\"wpcf7-form-control wpcf7-textarea\" aria-invalid=\"false\" placeholder=\"Nachricht\" name=\"messageeeeee\"><\/textarea><\/span>\n\t\t\t<\/p>\n\t\t<\/div>\n\t<\/div>\n\t<p><input class=\"wpcf7-form-control wpcf7-submit has-spinner\" type=\"submit\" value=\"ABSENDEN\" \/>\n\t<\/p>\n<\/div><div class=\"wpcf7-response-output\" aria-hidden=\"true\"><\/div>\n<\/form>\n<\/div>\n[\/vc_column][\/vc_row]<\/p>\n","protected":false},"excerpt":{"rendered":"<p>[vc_row][vc_column width=&#8221;2\/3&#8243;][vc_column_text]W\u00e4hrend der Pubert\u00e4t ist es f\u00fcr manche M\u00e4nner ganz nat\u00fcrlich, dass die Brust aufgrund der hormonellen Ver\u00e4nderungen w\u00e4chst und voller wird. Diese Ver\u00e4nderungen sind in der Regel vor\u00fcbergehend und klingen sp\u00e4ter wieder ab. Wenn sie jedoch dauerhaft werden, haben Sie es wahrscheinlich mit einem Zustand zu tun, der Gyn\u00e4komastie genannt wird. Gyn\u00e4komastie verursacht keine&#8230;<\/p>\n","protected":false},"author":3,"featured_media":8673,"parent":0,"menu_order":0,"comment_status":"closed","ping_status":"closed","template":"","meta":{"footnotes":""},"class_list":["post-8172","page","type-page","status-publish","has-post-thumbnail","hentry"],"yoast_head":"<!-- This site is optimized with the Yoast SEO plugin v23.0 - https:\/\/yoast.com\/wordpress\/plugins\/seo\/ -->\n<title>Gyn\u00e4komastie - Startseite<\/title>\n<meta name=\"robots\" content=\"index, follow, max-snippet:-1, max-image-preview:large, max-video-preview:-1\" \/>\n<link rel=\"canonical\" href=\"https:\/\/estheteclinic.com\/gynecomastia\/\" \/>\n<meta property=\"og:locale\" content=\"de_DE\" \/>\n<meta property=\"og:type\" content=\"article\" \/>\n<meta property=\"og:title\" content=\"Gyn\u00e4komastie - Startseite\" \/>\n<meta property=\"og:description\" content=\"[vc_row][vc_column width=&#8221;2\/3&#8243;][vc_column_text]W\u00e4hrend der Pubert\u00e4t ist es f\u00fcr manche M\u00e4nner ganz nat\u00fcrlich, dass die Brust aufgrund der hormonellen Ver\u00e4nderungen w\u00e4chst und voller wird. Diese Ver\u00e4nderungen sind in der Regel vor\u00fcbergehend und klingen sp\u00e4ter wieder ab. Wenn sie jedoch dauerhaft werden, haben Sie es wahrscheinlich mit einem Zustand zu tun, der Gyn\u00e4komastie genannt wird. Gyn\u00e4komastie verursacht keine...\" \/>\n<meta property=\"og:url\" content=\"https:\/\/estheteclinic.com\/gynecomastia\/\" \/>\n<meta property=\"og:site_name\" content=\"Startseite\" \/>\n<meta property=\"article:modified_time\" content=\"2021-11-26T14:28:12+00:00\" \/>\n<meta property=\"og:image\" content=\"https:\/\/estheteclinic.com\/wp-content\/uploads\/2021\/11\/GYNECOMASTIA.jpg\" \/>\n\t<meta property=\"og:image:width\" content=\"2500\" \/>\n\t<meta property=\"og:image:height\" content=\"822\" \/>\n\t<meta property=\"og:image:type\" content=\"image\/jpeg\" \/>\n<meta name=\"twitter:card\" content=\"summary_large_image\" \/>\n<meta name=\"twitter:label1\" content=\"Gesch\u00e4tzte Lesezeit\" \/>\n\t<meta name=\"twitter:data1\" content=\"4\u00a0Minuten\" \/>\n<script type=\"application\/ld+json\" class=\"yoast-schema-graph\">{\"@context\":\"https:\/\/schema.org\",\"@graph\":[{\"@type\":\"WebPage\",\"@id\":\"https:\/\/estheteclinic.com\/gynecomastia\/\",\"url\":\"https:\/\/estheteclinic.com\/gynecomastia\/\",\"name\":\"Gyn\u00e4komastie - Startseite\",\"isPartOf\":{\"@id\":\"https:\/\/estheteclinic.com\/#website\"},\"primaryImageOfPage\":{\"@id\":\"https:\/\/estheteclinic.com\/gynecomastia\/#primaryimage\"},\"image\":{\"@id\":\"https:\/\/estheteclinic.com\/gynecomastia\/#primaryimage\"},\"thumbnailUrl\":\"https:\/\/estheteclinic.com\/wp-content\/uploads\/2021\/11\/GYNECOMASTIA.jpg\",\"datePublished\":\"2021-11-06T18:02:57+00:00\",\"dateModified\":\"2021-11-26T14:28:12+00:00\",\"breadcrumb\":{\"@id\":\"https:\/\/estheteclinic.com\/gynecomastia\/#breadcrumb\"},\"inLanguage\":\"de\",\"potentialAction\":[{\"@type\":\"ReadAction\",\"target\":[\"https:\/\/estheteclinic.com\/gynecomastia\/\"]}]},{\"@type\":\"ImageObject\",\"inLanguage\":\"de\",\"@id\":\"https:\/\/estheteclinic.com\/gynecomastia\/#primaryimage\",\"url\":\"https:\/\/estheteclinic.com\/wp-content\/uploads\/2021\/11\/GYNECOMASTIA.jpg\",\"contentUrl\":\"https:\/\/estheteclinic.com\/wp-content\/uploads\/2021\/11\/GYNECOMASTIA.jpg\",\"width\":2500,\"height\":822,\"caption\":\"Gynecomastia\"},{\"@type\":\"BreadcrumbList\",\"@id\":\"https:\/\/estheteclinic.com\/gynecomastia\/#breadcrumb\",\"itemListElement\":[{\"@type\":\"ListItem\",\"position\":1,\"name\":\"Home\",\"item\":\"https:\/\/estheteclinic.com\/de\/\"},{\"@type\":\"ListItem\",\"position\":2,\"name\":\"Gyn\u00e4komastie\"}]},{\"@type\":\"WebSite\",\"@id\":\"https:\/\/estheteclinic.com\/#website\",\"url\":\"https:\/\/estheteclinic.com\/\",\"name\":\"Startseite\",\"description\":\"Plastic Surgery &amp; Hair Transplant in Turkey\",\"potentialAction\":[{\"@type\":\"SearchAction\",\"target\":{\"@type\":\"EntryPoint\",\"urlTemplate\":\"https:\/\/estheteclinic.com\/?s={search_term_string}\"},\"query-input\":\"required name=search_term_string\"}],\"inLanguage\":\"de\"}]}<\/script>\n<!-- \/ Yoast SEO plugin. -->","yoast_head_json":{"title":"Gyn\u00e4komastie - Startseite","robots":{"index":"index","follow":"follow","max-snippet":"max-snippet:-1","max-image-preview":"max-image-preview:large","max-video-preview":"max-video-preview:-1"},"canonical":"https:\/\/estheteclinic.com\/gynecomastia\/","og_locale":"de_DE","og_type":"article","og_title":"Gyn\u00e4komastie - Startseite","og_description":"[vc_row][vc_column width=&#8221;2\/3&#8243;][vc_column_text]W\u00e4hrend der Pubert\u00e4t ist es f\u00fcr manche M\u00e4nner ganz nat\u00fcrlich, dass die Brust aufgrund der hormonellen Ver\u00e4nderungen w\u00e4chst und voller wird. Diese Ver\u00e4nderungen sind in der Regel vor\u00fcbergehend und klingen sp\u00e4ter wieder ab. Wenn sie jedoch dauerhaft werden, haben Sie es wahrscheinlich mit einem Zustand zu tun, der Gyn\u00e4komastie genannt wird. Gyn\u00e4komastie verursacht keine...","og_url":"https:\/\/estheteclinic.com\/gynecomastia\/","og_site_name":"Startseite","article_modified_time":"2021-11-26T14:28:12+00:00","og_image":[{"width":2500,"height":822,"url":"https:\/\/estheteclinic.com\/wp-content\/uploads\/2021\/11\/GYNECOMASTIA.jpg","type":"image\/jpeg"}],"twitter_card":"summary_large_image","twitter_misc":{"Gesch\u00e4tzte Lesezeit":"4\u00a0Minuten"},"schema":{"@context":"https:\/\/schema.org","@graph":[{"@type":"WebPage","@id":"https:\/\/estheteclinic.com\/gynecomastia\/","url":"https:\/\/estheteclinic.com\/gynecomastia\/","name":"Gyn\u00e4komastie - Startseite","isPartOf":{"@id":"https:\/\/estheteclinic.com\/#website"},"primaryImageOfPage":{"@id":"https:\/\/estheteclinic.com\/gynecomastia\/#primaryimage"},"image":{"@id":"https:\/\/estheteclinic.com\/gynecomastia\/#primaryimage"},"thumbnailUrl":"https:\/\/estheteclinic.com\/wp-content\/uploads\/2021\/11\/GYNECOMASTIA.jpg","datePublished":"2021-11-06T18:02:57+00:00","dateModified":"2021-11-26T14:28:12+00:00","breadcrumb":{"@id":"https:\/\/estheteclinic.com\/gynecomastia\/#breadcrumb"},"inLanguage":"de","potentialAction":[{"@type":"ReadAction","target":["https:\/\/estheteclinic.com\/gynecomastia\/"]}]},{"@type":"ImageObject","inLanguage":"de","@id":"https:\/\/estheteclinic.com\/gynecomastia\/#primaryimage","url":"https:\/\/estheteclinic.com\/wp-content\/uploads\/2021\/11\/GYNECOMASTIA.jpg","contentUrl":"https:\/\/estheteclinic.com\/wp-content\/uploads\/2021\/11\/GYNECOMASTIA.jpg","width":2500,"height":822,"caption":"Gynecomastia"},{"@type":"BreadcrumbList","@id":"https:\/\/estheteclinic.com\/gynecomastia\/#breadcrumb","itemListElement":[{"@type":"ListItem","position":1,"name":"Home","item":"https:\/\/estheteclinic.com\/de\/"},{"@type":"ListItem","position":2,"name":"Gyn\u00e4komastie"}]},{"@type":"WebSite","@id":"https:\/\/estheteclinic.com\/#website","url":"https:\/\/estheteclinic.com\/","name":"Startseite","description":"Plastic Surgery &amp; Hair Transplant in Turkey","potentialAction":[{"@type":"SearchAction","target":{"@type":"EntryPoint","urlTemplate":"https:\/\/estheteclinic.com\/?s={search_term_string}"},"query-input":"required name=search_term_string"}],"inLanguage":"de"}]}},"_links":{"self":[{"href":"https:\/\/estheteclinic.com\/de\/wp-json\/wp\/v2\/pages\/8172","targetHints":{"allow":["GET"]}}],"collection":[{"href":"https:\/\/estheteclinic.com\/de\/wp-json\/wp\/v2\/pages"}],"about":[{"href":"https:\/\/estheteclinic.com\/de\/wp-json\/wp\/v2\/types\/page"}],"author":[{"embeddable":true,"href":"https:\/\/estheteclinic.com\/de\/wp-json\/wp\/v2\/users\/3"}],"replies":[{"embeddable":true,"href":"https:\/\/estheteclinic.com\/de\/wp-json\/wp\/v2\/comments?post=8172"}],"version-history":[{"count":2,"href":"https:\/\/estheteclinic.com\/de\/wp-json\/wp\/v2\/pages\/8172\/revisions"}],"predecessor-version":[{"id":8678,"href":"https:\/\/estheteclinic.com\/de\/wp-json\/wp\/v2\/pages\/8172\/revisions\/8678"}],"wp:featuredmedia":[{"embeddable":true,"href":"https:\/\/estheteclinic.com\/de\/wp-json\/wp\/v2\/media\/8673"}],"wp:attachment":[{"href":"https:\/\/estheteclinic.com\/de\/wp-json\/wp\/v2\/media?parent=8172"}],"curies":[{"name":"wp","href":"https:\/\/api.w.org\/{rel}","templated":true}]}}