{"id":8182,"date":"2021-11-06T18:05:17","date_gmt":"2021-11-06T18:05:17","guid":{"rendered":"http:\/\/estheteclinic.com\/?page_id=8182"},"modified":"2024-06-14T10:19:32","modified_gmt":"2024-06-14T10:19:32","slug":"haartransplantation-in-der-tuerkei","status":"publish","type":"page","link":"https:\/\/estheteclinic.com\/de\/haartransplantation-in-der-tuerkei\/","title":{"rendered":"Haartransplantation in Der T\u00fcrkei"},"content":{"rendered":"<p>[vc_row][vc_column width=&#8221;2\/3&#8243;][vc_column_text]Die T\u00fcrkei ist vor allem f\u00fcr ihre Haartransplantationsindustrie bekannt, die in den letzten zehn Jahren Millionen von Menschen erfolgreich dabei geholfen hat, ihre Haare zu retuschieren. Seit den fr\u00fchen 2010er Jahren ist es die erste Adresse, die mit ihren innovativen Technologien und spektakul\u00e4ren Ergebnissen Rekorde bricht.<\/p>\n<h2>Haartransplantation in der T\u00fcrkei mit Esthete Clinic<\/h2>\n<p>Mit der Esthete Clinic, dem gr\u00f6\u00dften Zentrum f\u00fcr Haartransplantationen in der T\u00fcrkei mit staatlich zertifizierten Verfahren, wird Ihre Haartransplantation in der T\u00fcrkei zu etwas Besonderem.<\/p>\n<p>In der Esthete Clinic glauben wir, dass eine erfolgreiche Haartransplantation bereits mit der Vorbereitung bis hin zur Nachsorge beginnt. Deshalb sorgen wir daf\u00fcr, dass Sie sich von Ihrer Ankunft bis zu Ihrer Abreise in einem entspannten Zustand befinden.<\/p>\n<p>Wir bieten Dienstleistungen an, die alles abdecken, von der Unterkunft \u00fcber den Transport bis hin zur \u00dcbersetzung. Unser Personal wird Ihren Aufenthalt in einem luxuri\u00f6sen Hotelzimmer arrangieren, damit Sie sich w\u00e4hrend Ihres Aufenthaltes wohl f\u00fchlen. Wir \u00fcbernehmen Ihren Transport zwischen Hotel, Krankenh\u00e4usern und Flughafen in luxuri\u00f6sen Privatwagen. Ebenso helfen wir Ihnen, die Sprachbarriere zu \u00fcberwinden, indem wir Ihnen Dolmetscherdienste f\u00fcr Ihre Muttersprache zur Verf\u00fcgung stellen.<\/p>\n<p><a href=\"http:\/\/estheteclinic.com\/wp-content\/uploads\/2024\/03\/3.jpg\"><img fetchpriority=\"high\" decoding=\"async\" class=\"aligncenter wp-image-11853 size-medium\" src=\"http:\/\/estheteclinic.com\/wp-content\/uploads\/2024\/03\/3-300x300.jpg\" alt=\"\" width=\"300\" height=\"300\" srcset=\"https:\/\/estheteclinic.com\/wp-content\/uploads\/2024\/03\/3-300x300.jpg 300w, https:\/\/estheteclinic.com\/wp-content\/uploads\/2024\/03\/3-1024x1024.jpg 1024w, https:\/\/estheteclinic.com\/wp-content\/uploads\/2024\/03\/3-150x150.jpg 150w, https:\/\/estheteclinic.com\/wp-content\/uploads\/2024\/03\/3-768x768.jpg 768w, https:\/\/estheteclinic.com\/wp-content\/uploads\/2024\/03\/3-200x200.jpg 200w, https:\/\/estheteclinic.com\/wp-content\/uploads\/2024\/03\/3-600x600.jpg 600w, https:\/\/estheteclinic.com\/wp-content\/uploads\/2024\/03\/3-100x100.jpg 100w, https:\/\/estheteclinic.com\/wp-content\/uploads\/2024\/03\/3.jpg 1080w\" sizes=\"(max-width: 300px) 100vw, 300px\" \/><\/a><\/p>\n<h2>Techniken der Haartransplantation in der T\u00fcrkei<\/h2>\n<p>In der Esthete Clinic bieten wir ausschlie\u00dflich Spitzentechnologien an, die die besten nat\u00fcrlich aussehenden Ergebnisse liefern.<\/p>\n<h3>FUE-Haartransplantation<\/h3>\n<p>FUE ist eine grundlegende und praktische Technologie zur Haartransplantation, die in den fr\u00fchen 2000er Jahren einen gro\u00dfen Durchbruch hatte. Obwohl sie von modernen Technologien in den Schatten gestellt wurde, bleibt die FUE-Haartransplantation aufgrund ihrer F\u00e4higkeit, das Notwendigste zu bieten, relevant. FUE sorgt f\u00fcr ein nat\u00fcrliches Ergebnis ohne Narbenbildung oder Nebenwirkungen sowohl an der Spender- als auch an der Empf\u00e4ngerstelle, wobei die Dichte und Dicke nicht au\u00dfergew\u00f6hnlich hoch ist. Ebenso ist die Genesung relativ kurz und ohne Komplikationen.<\/p>\n<h3>Sapphire FUE-Haartransplantation<\/h3>\n<p>Die Saphir-FUE-Haartransplantation ist eine revolution\u00e4re Behandlung, die die besonderen Vorteile des kostbaren Saphirsteins nutzt, um die Wirksamkeit der Haartransplantation zu erh\u00f6hen. Das Instrument ist ein stift\u00e4hnlicher Aufsatz mit einer transparenten Saphirspitze in Form eines Diamanten. Saphir ist ein Biomaterial, das die Produktion von Kollagen und damit die Heilung anregt, wodurch Ihre Haut leichter heilen kann. Ebenso erm\u00f6glicht die scharfe Spitze und die transparente Struktur dem Chirurgen, Kan\u00e4le mit hoher Pr\u00e4zision und zunehmender Kompaktheit zu \u00f6ffnen.<\/p>\n<p>Sapphire FUE liefert Ergebnisse mit hoher Haardichte, ohne Nebenwirkungen oder Narbenbildung und mit einer sehr schnellen Erholungsphase.<\/p>\n<h3>DHI-Haartransplantation<\/h3>\n<p>DHI ist die Abk\u00fcrzung f\u00fcr direkte Haarimplantation und bezieht sich auf eine beliebte Haartransplantationstechnik, bei der ein spezielles Instrument mit einer hohlnadelartigen Spitze verwendet wird. Mit der DHI-Technik m\u00fcssen Ihre Chirurgen vorher keine Kan\u00e4le in der Empf\u00e4ngerstelle \u00f6ffnen. Stattdessen k\u00f6nnen wir die Follikel mit diesem speziellen Stift direkt in die Empf\u00e4ngerstelle implantieren.<\/p>\n<p>Sie ist sehr pr\u00e4zise und sorgt f\u00fcr eine hohe Haardichte. Vor allem aber verk\u00fcrzt es die Behandlungszeit erheblich und beendet den Vorgang im Vergleich zu anderen Techniken in Rekordzeit.<\/p>\n<p><a href=\"http:\/\/estheteclinic.com\/wp-content\/uploads\/2024\/03\/12.jpg\"><img decoding=\"async\" class=\"aligncenter wp-image-11807 size-medium\" src=\"http:\/\/estheteclinic.com\/wp-content\/uploads\/2024\/03\/12-300x300.jpg\" alt=\"Haartransplantation in der T\u00fcrkei\" width=\"300\" height=\"300\" srcset=\"https:\/\/estheteclinic.com\/wp-content\/uploads\/2024\/03\/12-300x300.jpg 300w, https:\/\/estheteclinic.com\/wp-content\/uploads\/2024\/03\/12-1024x1024.jpg 1024w, https:\/\/estheteclinic.com\/wp-content\/uploads\/2024\/03\/12-150x150.jpg 150w, https:\/\/estheteclinic.com\/wp-content\/uploads\/2024\/03\/12-768x768.jpg 768w, https:\/\/estheteclinic.com\/wp-content\/uploads\/2024\/03\/12-200x200.jpg 200w, https:\/\/estheteclinic.com\/wp-content\/uploads\/2024\/03\/12-600x600.jpg 600w, https:\/\/estheteclinic.com\/wp-content\/uploads\/2024\/03\/12-100x100.jpg 100w, https:\/\/estheteclinic.com\/wp-content\/uploads\/2024\/03\/12.jpg 1080w\" sizes=\"(max-width: 300px) 100vw, 300px\" \/><\/a><\/p>\n<h2>Haartransplantation in der T\u00fcrkei<\/h2>\n<p>Kehren Sie Ihre Kahlheit dauerhaft um und gewinnen Sie Ihre Jugend zur\u00fcck, indem Sie Ihr Haar zur\u00fcckgewinnen. Mit modernster Technologie genie\u00dfen Sie lebenslang ein nat\u00fcrlich aussehendes und zu Ihren Gesichtsz\u00fcgen passendes Haar.<\/p>\n<ul>\n<li>Professionelles Haarlinien-Design, durchgef\u00fchrt von erfahrenen Chirurgen mit einem au\u00dfergew\u00f6hnlichen Auge f\u00fcr \u00c4sthetik.<\/li>\n<li>Keine Narbenbildung oder Nebenwirkungen<\/li>\n<li>Top-Technologien, die die Qualit\u00e4t Ihrer Haare f\u00fcr eine einmalige Haartransplantation untersuchen.<\/li>\n<\/ul>\n<h2>Augenbrauen-Transplantation in der T\u00fcrkei<\/h2>\n<p>Verleihen Sie Ihren Augenbrauen ein gewagtes Aussehen mit Technologien, die den Transfer der Augenbrauen m\u00fchelos machen.<\/p>\n<ul>\n<li>Moderne Praktiken f\u00fcr nat\u00fcrlich aussehende Augenbrauen, die Sie mit Faden und Wachs bearbeiten k\u00f6nnen.<\/li>\n<li>H\u00f6chste Pr\u00e4zision f\u00fcr narbenlose Augenbrauen.<\/li>\n<li>Fortschrittliche Technologien zur Beurteilung der Qualit\u00e4t von Spenderhaaren f\u00fcr permanente Brauen.<\/li>\n<\/ul>\n<h2>Barttransplantation in der T\u00fcrkei<\/h2>\n<p>Erhalten Sie den Bart, den Sie in Ihrer besten Zeit verdienen, f\u00fcr eine ansehnliche Ausstrahlung und ein h\u00f6heres Selbstwertgef\u00fchl. \u00dcberlisten Sie Ihre Genetik oder machen Sie Unf\u00e4lle r\u00fcckg\u00e4ngig, um einen unvergleichlich nat\u00fcrlichen Bart zu erhalten.<\/p>\n<ul>\n<li>Modernste Methoden f\u00fcr einen dichten Bart<\/li>\n<li>Eine \u00e4sthetische Vision f\u00fcr eine Bartkontur, die zu Ihren Gesichtsz\u00fcgen passt<\/li>\n<li>Aufwendige Auswertung von Spenderhaaren f\u00fcr einen dauerhaften Bart.<\/li>\n<\/ul>\n<h2>Wimpern-Transplantation in der T\u00fcrkei<\/h2>\n<p>Erhalten Sie wundersch\u00f6ne geschwungene Wimpern, die Ihre Eleganz ein Leben lang bewahrt. Verzichten Sie auf anstrengende Friseurtermine und unterstreichen Sie Ihre Sch\u00f6nheit f\u00fcr immer und auf nat\u00fcrliche Weise.<\/p>\n<ul>\n<li>Permanente Wimpern, die Ihre Sch\u00f6nheit unterstreichen<\/li>\n<li>Modernste Techniken f\u00fcr nat\u00fcrlich aussehende Ergebnisse<\/li>\n<li>Keine Ausfallzeit, keine Narben und keine Nebenwirkungen.<\/li>\n<\/ul>\n<p>[\/vc_column_text][\/vc_column][vc_column width=&#8221;1\/3&#8243; el_class=&#8221;sticky_contact_form_ttttt&#8221;]\n<div class=\"wpcf7 no-js\" id=\"wpcf7-f7798-o1\" lang=\"de-DE\" dir=\"ltr\">\n<div class=\"screen-reader-response\"><p role=\"status\" aria-live=\"polite\" aria-atomic=\"true\"><\/p> <ul><\/ul><\/div>\n<form action=\"\/de\/wp-json\/wp\/v2\/pages\/8182#wpcf7-f7798-o1\" method=\"post\" class=\"wpcf7-form init\" aria-label=\"Kontaktformular\" novalidate=\"novalidate\" data-status=\"init\">\n<div style=\"display: none;\">\n<input type=\"hidden\" name=\"_wpcf7\" value=\"7798\" \/>\n<input type=\"hidden\" name=\"_wpcf7_version\" value=\"5.9.6\" \/>\n<input type=\"hidden\" name=\"_wpcf7_locale\" value=\"de_DE\" \/>\n<input type=\"hidden\" name=\"_wpcf7_unit_tag\" value=\"wpcf7-f7798-o1\" \/>\n<input type=\"hidden\" name=\"_wpcf7_container_post\" value=\"0\" \/>\n<input type=\"hidden\" name=\"_wpcf7_posted_data_hash\" value=\"\" \/>\n<\/div>\n<div class=\"contact_form_sticky_cf7\">\n\t<h3 style=\"text-align:center;color:white;\">Kostenlose Beratung erhalten\n\t<\/h3>\n\t<p style=\"text-align:center;color:white;\">Bitte f\u00fcllen Sie das untenstehende Formular aus und wir werden Sie in K\u00fcrze kontaktieren\n\t<\/p>\n\t<div class=\"contact-page1 row\">\n\t\t<div class=\"col-sm-6\">\n\t\t\t<p><span class=\"wpcf7-form-control-wrap\" data-name=\"nameeeee\"><input size=\"40\" maxlength=\"80\" class=\"wpcf7-form-control wpcf7-text wpcf7-validates-as-required\" aria-required=\"true\" aria-invalid=\"false\" placeholder=\"Ihr Name*\" value=\"\" type=\"text\" name=\"nameeeee\" \/><\/span>\n\t\t\t<\/p>\n\t\t<\/div>\n\t\t<div class=\"col-sm-6\">\n\t\t\t<p><span class=\"wpcf7-form-control-wrap\" data-name=\"emaillll\"><input size=\"40\" maxlength=\"80\" class=\"wpcf7-form-control wpcf7-email wpcf7-text wpcf7-validates-as-email\" aria-invalid=\"false\" placeholder=\"E-Mail-Adresse\" value=\"\" type=\"email\" name=\"emaillll\" \/><\/span>\n\t\t\t<\/p>\n\t\t<\/div>\n\t\t<div class=\"col-sm-12\" style=\"padding-bottom:20px;\">\n\t\t\t<p>[phonetext* phoneeee numberonly]\n\t\t\t<\/p>\n\t\t<\/div>\n\t\t<div class=\"col-sm-12\">\n\t\t\t<p><span class=\"wpcf7-form-control-wrap\" data-name=\"messageeeeee\"><textarea cols=\"40\" rows=\"10\" maxlength=\"400\" class=\"wpcf7-form-control wpcf7-textarea\" aria-invalid=\"false\" placeholder=\"Nachricht\" name=\"messageeeeee\"><\/textarea><\/span>\n\t\t\t<\/p>\n\t\t<\/div>\n\t<\/div>\n\t<p><input class=\"wpcf7-form-control wpcf7-submit has-spinner\" type=\"submit\" value=\"ABSENDEN\" \/>\n\t<\/p>\n<\/div><div class=\"wpcf7-response-output\" aria-hidden=\"true\"><\/div>\n<\/form>\n<\/div>\n[\/vc_column][\/vc_row]<\/p>\n","protected":false},"excerpt":{"rendered":"<p>[vc_row][vc_column width=&#8221;2\/3&#8243;][vc_column_text]Die T\u00fcrkei ist vor allem f\u00fcr ihre Haartransplantationsindustrie bekannt, die in den letzten zehn Jahren Millionen von Menschen erfolgreich dabei geholfen hat, ihre Haare zu retuschieren. Seit den fr\u00fchen 2010er Jahren ist es die erste Adresse, die mit ihren innovativen Technologien und spektakul\u00e4ren Ergebnissen Rekorde bricht. Haartransplantation in der T\u00fcrkei mit Esthete Clinic Mit&#8230;<\/p>\n","protected":false},"author":3,"featured_media":7620,"parent":0,"menu_order":0,"comment_status":"closed","ping_status":"closed","template":"","meta":{"footnotes":""},"class_list":["post-8182","page","type-page","status-publish","has-post-thumbnail","hentry"],"yoast_head":"<!-- This site is optimized with the Yoast SEO plugin v23.0 - https:\/\/yoast.com\/wordpress\/plugins\/seo\/ -->\n<title>Haartransplantation in Der T\u00fcrkei - Startseite<\/title>\n<meta name=\"description\" content=\"Suchen Sie eine Haartransplantation in der T\u00fcrkei, um nat\u00fcrliche Ergebnisse zu erzielen? Kontaktieren Sie uns f\u00fcr eine kostenlose Beratung!\" \/>\n<meta name=\"robots\" content=\"index, follow, max-snippet:-1, max-image-preview:large, max-video-preview:-1\" \/>\n<link rel=\"canonical\" href=\"https:\/\/estheteclinic.com\/hair-transplant-in-turkey\/\" \/>\n<meta property=\"og:locale\" content=\"de_DE\" \/>\n<meta property=\"og:type\" content=\"article\" \/>\n<meta property=\"og:title\" content=\"Haartransplantation in Der T\u00fcrkei - Startseite\" \/>\n<meta property=\"og:description\" content=\"Suchen Sie eine Haartransplantation in der T\u00fcrkei, um nat\u00fcrliche Ergebnisse zu erzielen? Kontaktieren Sie uns f\u00fcr eine kostenlose Beratung!\" \/>\n<meta property=\"og:url\" content=\"https:\/\/estheteclinic.com\/hair-transplant-in-turkey\/\" \/>\n<meta property=\"og:site_name\" content=\"Startseite\" \/>\n<meta property=\"article:modified_time\" content=\"2024-06-14T10:19:32+00:00\" \/>\n<meta property=\"og:image\" content=\"https:\/\/estheteclinic.com\/wp-content\/uploads\/2021\/11\/hair-transplant1111-scaled-1.jpg\" \/>\n\t<meta property=\"og:image:width\" content=\"2560\" \/>\n\t<meta property=\"og:image:height\" content=\"1589\" \/>\n\t<meta property=\"og:image:type\" content=\"image\/jpeg\" \/>\n<meta name=\"twitter:card\" content=\"summary_large_image\" \/>\n<meta name=\"twitter:label1\" content=\"Gesch\u00e4tzte Lesezeit\" \/>\n\t<meta name=\"twitter:data1\" content=\"4\u00a0Minuten\" \/>\n<script type=\"application\/ld+json\" class=\"yoast-schema-graph\">{\"@context\":\"https:\/\/schema.org\",\"@graph\":[{\"@type\":\"WebPage\",\"@id\":\"https:\/\/estheteclinic.com\/hair-transplant-in-turkey\/\",\"url\":\"https:\/\/estheteclinic.com\/hair-transplant-in-turkey\/\",\"name\":\"Haartransplantation in Der T\u00fcrkei - Startseite\",\"isPartOf\":{\"@id\":\"https:\/\/estheteclinic.com\/#website\"},\"primaryImageOfPage\":{\"@id\":\"https:\/\/estheteclinic.com\/hair-transplant-in-turkey\/#primaryimage\"},\"image\":{\"@id\":\"https:\/\/estheteclinic.com\/hair-transplant-in-turkey\/#primaryimage\"},\"thumbnailUrl\":\"https:\/\/estheteclinic.com\/wp-content\/uploads\/2021\/11\/hair-transplant1111-scaled-1.jpg\",\"datePublished\":\"2021-11-06T18:05:17+00:00\",\"dateModified\":\"2024-06-14T10:19:32+00:00\",\"description\":\"Suchen Sie eine Haartransplantation in der T\u00fcrkei, um nat\u00fcrliche Ergebnisse zu erzielen? Kontaktieren Sie uns f\u00fcr eine kostenlose Beratung!\",\"breadcrumb\":{\"@id\":\"https:\/\/estheteclinic.com\/hair-transplant-in-turkey\/#breadcrumb\"},\"inLanguage\":\"de\",\"potentialAction\":[{\"@type\":\"ReadAction\",\"target\":[\"https:\/\/estheteclinic.com\/hair-transplant-in-turkey\/\"]}]},{\"@type\":\"ImageObject\",\"inLanguage\":\"de\",\"@id\":\"https:\/\/estheteclinic.com\/hair-transplant-in-turkey\/#primaryimage\",\"url\":\"https:\/\/estheteclinic.com\/wp-content\/uploads\/2021\/11\/hair-transplant1111-scaled-1.jpg\",\"contentUrl\":\"https:\/\/estheteclinic.com\/wp-content\/uploads\/2021\/11\/hair-transplant1111-scaled-1.jpg\",\"width\":2560,\"height\":1589,\"caption\":\"Haartransplantation in der T\u00fcrkei\"},{\"@type\":\"BreadcrumbList\",\"@id\":\"https:\/\/estheteclinic.com\/hair-transplant-in-turkey\/#breadcrumb\",\"itemListElement\":[{\"@type\":\"ListItem\",\"position\":1,\"name\":\"Home\",\"item\":\"https:\/\/estheteclinic.com\/de\/\"},{\"@type\":\"ListItem\",\"position\":2,\"name\":\"Haartransplantation in Der T\u00fcrkei\"}]},{\"@type\":\"WebSite\",\"@id\":\"https:\/\/estheteclinic.com\/#website\",\"url\":\"https:\/\/estheteclinic.com\/\",\"name\":\"Startseite\",\"description\":\"Plastic Surgery &amp; Hair Transplant in Turkey\",\"potentialAction\":[{\"@type\":\"SearchAction\",\"target\":{\"@type\":\"EntryPoint\",\"urlTemplate\":\"https:\/\/estheteclinic.com\/?s={search_term_string}\"},\"query-input\":\"required name=search_term_string\"}],\"inLanguage\":\"de\"}]}<\/script>\n<!-- \/ Yoast SEO plugin. -->","yoast_head_json":{"title":"Haartransplantation in Der T\u00fcrkei - Startseite","description":"Suchen Sie eine Haartransplantation in der T\u00fcrkei, um nat\u00fcrliche Ergebnisse zu erzielen? Kontaktieren Sie uns f\u00fcr eine kostenlose Beratung!","robots":{"index":"index","follow":"follow","max-snippet":"max-snippet:-1","max-image-preview":"max-image-preview:large","max-video-preview":"max-video-preview:-1"},"canonical":"https:\/\/estheteclinic.com\/hair-transplant-in-turkey\/","og_locale":"de_DE","og_type":"article","og_title":"Haartransplantation in Der T\u00fcrkei - Startseite","og_description":"Suchen Sie eine Haartransplantation in der T\u00fcrkei, um nat\u00fcrliche Ergebnisse zu erzielen? Kontaktieren Sie uns f\u00fcr eine kostenlose Beratung!","og_url":"https:\/\/estheteclinic.com\/hair-transplant-in-turkey\/","og_site_name":"Startseite","article_modified_time":"2024-06-14T10:19:32+00:00","og_image":[{"width":2560,"height":1589,"url":"https:\/\/estheteclinic.com\/wp-content\/uploads\/2021\/11\/hair-transplant1111-scaled-1.jpg","type":"image\/jpeg"}],"twitter_card":"summary_large_image","twitter_misc":{"Gesch\u00e4tzte Lesezeit":"4\u00a0Minuten"},"schema":{"@context":"https:\/\/schema.org","@graph":[{"@type":"WebPage","@id":"https:\/\/estheteclinic.com\/hair-transplant-in-turkey\/","url":"https:\/\/estheteclinic.com\/hair-transplant-in-turkey\/","name":"Haartransplantation in Der T\u00fcrkei - Startseite","isPartOf":{"@id":"https:\/\/estheteclinic.com\/#website"},"primaryImageOfPage":{"@id":"https:\/\/estheteclinic.com\/hair-transplant-in-turkey\/#primaryimage"},"image":{"@id":"https:\/\/estheteclinic.com\/hair-transplant-in-turkey\/#primaryimage"},"thumbnailUrl":"https:\/\/estheteclinic.com\/wp-content\/uploads\/2021\/11\/hair-transplant1111-scaled-1.jpg","datePublished":"2021-11-06T18:05:17+00:00","dateModified":"2024-06-14T10:19:32+00:00","description":"Suchen Sie eine Haartransplantation in der T\u00fcrkei, um nat\u00fcrliche Ergebnisse zu erzielen? Kontaktieren Sie uns f\u00fcr eine kostenlose Beratung!","breadcrumb":{"@id":"https:\/\/estheteclinic.com\/hair-transplant-in-turkey\/#breadcrumb"},"inLanguage":"de","potentialAction":[{"@type":"ReadAction","target":["https:\/\/estheteclinic.com\/hair-transplant-in-turkey\/"]}]},{"@type":"ImageObject","inLanguage":"de","@id":"https:\/\/estheteclinic.com\/hair-transplant-in-turkey\/#primaryimage","url":"https:\/\/estheteclinic.com\/wp-content\/uploads\/2021\/11\/hair-transplant1111-scaled-1.jpg","contentUrl":"https:\/\/estheteclinic.com\/wp-content\/uploads\/2021\/11\/hair-transplant1111-scaled-1.jpg","width":2560,"height":1589,"caption":"Haartransplantation in der T\u00fcrkei"},{"@type":"BreadcrumbList","@id":"https:\/\/estheteclinic.com\/hair-transplant-in-turkey\/#breadcrumb","itemListElement":[{"@type":"ListItem","position":1,"name":"Home","item":"https:\/\/estheteclinic.com\/de\/"},{"@type":"ListItem","position":2,"name":"Haartransplantation in Der T\u00fcrkei"}]},{"@type":"WebSite","@id":"https:\/\/estheteclinic.com\/#website","url":"https:\/\/estheteclinic.com\/","name":"Startseite","description":"Plastic Surgery &amp; Hair Transplant in Turkey","potentialAction":[{"@type":"SearchAction","target":{"@type":"EntryPoint","urlTemplate":"https:\/\/estheteclinic.com\/?s={search_term_string}"},"query-input":"required name=search_term_string"}],"inLanguage":"de"}]}},"_links":{"self":[{"href":"https:\/\/estheteclinic.com\/de\/wp-json\/wp\/v2\/pages\/8182","targetHints":{"allow":["GET"]}}],"collection":[{"href":"https:\/\/estheteclinic.com\/de\/wp-json\/wp\/v2\/pages"}],"about":[{"href":"https:\/\/estheteclinic.com\/de\/wp-json\/wp\/v2\/types\/page"}],"author":[{"embeddable":true,"href":"https:\/\/estheteclinic.com\/de\/wp-json\/wp\/v2\/users\/3"}],"replies":[{"embeddable":true,"href":"https:\/\/estheteclinic.com\/de\/wp-json\/wp\/v2\/comments?post=8182"}],"version-history":[{"count":5,"href":"https:\/\/estheteclinic.com\/de\/wp-json\/wp\/v2\/pages\/8182\/revisions"}],"predecessor-version":[{"id":12909,"href":"https:\/\/estheteclinic.com\/de\/wp-json\/wp\/v2\/pages\/8182\/revisions\/12909"}],"wp:featuredmedia":[{"embeddable":true,"href":"https:\/\/estheteclinic.com\/de\/wp-json\/wp\/v2\/media\/7620"}],"wp:attachment":[{"href":"https:\/\/estheteclinic.com\/de\/wp-json\/wp\/v2\/media?parent=8182"}],"curies":[{"name":"wp","href":"https:\/\/api.w.org\/{rel}","templated":true}]}}