{"id":8192,"date":"2021-11-06T18:07:29","date_gmt":"2021-11-06T18:07:29","guid":{"rendered":"http:\/\/estheteclinic.com\/?page_id=8192"},"modified":"2021-11-11T14:39:46","modified_gmt":"2021-11-11T14:39:46","slug":"otoplastik","status":"publish","type":"page","link":"https:\/\/estheteclinic.com\/de\/otoplastik\/","title":{"rendered":"Otoplastik"},"content":{"rendered":"<p>[vc_row][vc_column width=&#8221;2\/3&#8243;][vc_column_text]Deformit\u00e4ten, ob erworben oder angeboren, sind im Bereich der Ohren sehr h\u00e4ufig. Allerdings kommen einige Deformit\u00e4ten h\u00e4ufiger vor als andere, zum Beispiel das abstehende Ohr. Das abstehende Ohr bezieht sich auf einen Zustand, bei dem sich die Anthelix oder die Ohrfalte nicht vollst\u00e4ndig entwickelt.<\/p>\n<p>Die Otoplastik ist ein chirurgischer Eingriff, mit dem versucht wird, Deformierungen zu korrigieren und die Symmetrie wiederherzustellen.<\/p>\n<h2><strong>So bereiten Sie sich auf die Otoplastik vor <\/strong><\/h2>\n<p>Ab Mitternacht in der Nacht vor der Operation sollten Sie keine Speisen und Getr\u00e4nke mehr zu sich nehmen. Wenn Sie eine chronische Krankheit haben und Medikamente einnehmen m\u00fcssen, halten Sie R\u00fccksprache mit Ihrem Arzt. Beenden Sie die Einnahme von Blutverd\u00fcnnern wie etwa Medikamente einschlie\u00dflich Aspirin und Vitamin E.<\/p>\n<h2><strong>Verfahren der Otoplastik <\/strong><\/h2>\n<h3><strong>Vor der Operation <\/strong><\/h3>\n<p>Die Otoplastik ist ein chirurgischer Eingriff, den Sie in Vollnarkose oder \u00f6rtlicher Bet\u00e4ubung durchf\u00fchren k\u00f6nnen. Bei Kindern f\u00fchrt der Chirurg die Operation nur unter Vollnarkose durch.<\/p>\n<h3><strong>Chirurgie <\/strong><\/h3>\n<p>W\u00e4hrend der Operation wird Ihr Arzt Einschnitte auf der R\u00fcckseite des Ohrs vornehmen, um die Narbenbildung zu reduzieren. In anderen F\u00e4llen finden die Einschnitte zwischen den Falten statt. Welche Art von Einschnitten f\u00fcr Ihren Zustand am besten geeignet ist, k\u00f6nnen Sie mit Ihrem Arzt besprechen.<\/p>\n<p>Nach der Anfertigung der Einschnitte wird Ihr Arzt den Knorpel neu formen und falten. Die \u00c4nderungen werden mit internen und externen N\u00e4hten gesichert.<\/p>\n<h3><strong>Nach der Operation<\/strong><\/h3>\n<p>Nach der Operation finden Sie Verb\u00e4nde um Ihre Ohren. Wenn die Bet\u00e4ubung nachl\u00e4sst, werden Sie leichte Schmerzen versp\u00fcren. Aber Ihr Arzt wird Ihnen Schmerzmittel geben, um die Symptome unter Kontrolle zu halten.<\/p>\n<p>Juckreiz ist ganz normal, dennoch sollten Sie sich nicht an den Ohren kratzen.<\/p>\n<h2><strong>Genesung nach der Otoplastik<\/strong><\/h2>\n<p>Die Genesung nach einer Otoplastik kann ein reibungsloser Prozess sein. Es gibt einige Hinweise, die Sie beachten m\u00fcssen, um Komplikationen zu vermeiden. Achten Sie darauf, dass Sie auf dem R\u00fccken schlafen und den Druck von den Ohren fernhalten.<\/p>\n<p>Ihr Arzt wird Ihre Verb\u00e4nde innerhalb einiger Tage entfernen. Die Ergebnisse werden sofort sichtbar sein. Da die Schwellung mit der Zeit zur\u00fcckgeht, werden Ihre Ergebnisse anschlie\u00dfend noch besser aussehen.<\/p>\n<p>W\u00e4hrend der Genesung ist es am besten, ein Stirnband zu tragen, um Ihre Ohren in Form zu halten. Es bietet sich an, das Stirnband auch in der Nacht zu tragen.<\/p>\n<p>Unsere \u00c4rzte in der Esthete Clinic werden Sie anleiten, wie Sie duschen k\u00f6nnen und wann Sie wieder zur Arbeit gehen k\u00f6nnen. Verwenden Sie alle Medikamente und Salben, die Ihnen Ihr Arzt verschreibt, gem\u00e4\u00df den Anweisungen.<\/p>\n<h2><strong>Dauer der Otoplastik<\/strong><\/h2>\n<p>Die durchschnittliche Dauer des Eingriffs betr\u00e4gt etwa 2 Stunden.[\/vc_column_text][\/vc_column][vc_column width=&#8221;1\/3&#8243; el_class=&#8221;sticky_contact_form_ttttt&#8221;]\n<div class=\"wpcf7 no-js\" id=\"wpcf7-f7798-o1\" lang=\"de-DE\" dir=\"ltr\">\n<div class=\"screen-reader-response\"><p role=\"status\" aria-live=\"polite\" aria-atomic=\"true\"><\/p> <ul><\/ul><\/div>\n<form action=\"\/de\/wp-json\/wp\/v2\/pages\/8192#wpcf7-f7798-o1\" method=\"post\" class=\"wpcf7-form init\" aria-label=\"Kontaktformular\" novalidate=\"novalidate\" data-status=\"init\">\n<div style=\"display: none;\">\n<input type=\"hidden\" name=\"_wpcf7\" value=\"7798\" \/>\n<input type=\"hidden\" name=\"_wpcf7_version\" value=\"5.9.6\" \/>\n<input type=\"hidden\" name=\"_wpcf7_locale\" value=\"de_DE\" \/>\n<input type=\"hidden\" name=\"_wpcf7_unit_tag\" value=\"wpcf7-f7798-o1\" \/>\n<input type=\"hidden\" name=\"_wpcf7_container_post\" value=\"0\" \/>\n<input type=\"hidden\" name=\"_wpcf7_posted_data_hash\" value=\"\" \/>\n<\/div>\n<div class=\"contact_form_sticky_cf7\">\n\t<h3 style=\"text-align:center;color:white;\">Kostenlose Beratung erhalten\n\t<\/h3>\n\t<p style=\"text-align:center;color:white;\">Bitte f\u00fcllen Sie das untenstehende Formular aus und wir werden Sie in K\u00fcrze kontaktieren\n\t<\/p>\n\t<div class=\"contact-page1 row\">\n\t\t<div class=\"col-sm-6\">\n\t\t\t<p><span class=\"wpcf7-form-control-wrap\" data-name=\"nameeeee\"><input size=\"40\" maxlength=\"80\" class=\"wpcf7-form-control wpcf7-text wpcf7-validates-as-required\" aria-required=\"true\" aria-invalid=\"false\" placeholder=\"Ihr Name*\" value=\"\" type=\"text\" name=\"nameeeee\" \/><\/span>\n\t\t\t<\/p>\n\t\t<\/div>\n\t\t<div class=\"col-sm-6\">\n\t\t\t<p><span class=\"wpcf7-form-control-wrap\" data-name=\"emaillll\"><input size=\"40\" maxlength=\"80\" class=\"wpcf7-form-control wpcf7-email wpcf7-text wpcf7-validates-as-email\" aria-invalid=\"false\" placeholder=\"E-Mail-Adresse\" value=\"\" type=\"email\" name=\"emaillll\" \/><\/span>\n\t\t\t<\/p>\n\t\t<\/div>\n\t\t<div class=\"col-sm-12\" style=\"padding-bottom:20px;\">\n\t\t\t<p>[phonetext* phoneeee numberonly]\n\t\t\t<\/p>\n\t\t<\/div>\n\t\t<div class=\"col-sm-12\">\n\t\t\t<p><span class=\"wpcf7-form-control-wrap\" data-name=\"messageeeeee\"><textarea cols=\"40\" rows=\"10\" maxlength=\"400\" class=\"wpcf7-form-control wpcf7-textarea\" aria-invalid=\"false\" placeholder=\"Nachricht\" name=\"messageeeeee\"><\/textarea><\/span>\n\t\t\t<\/p>\n\t\t<\/div>\n\t<\/div>\n\t<p><input class=\"wpcf7-form-control wpcf7-submit has-spinner\" type=\"submit\" value=\"ABSENDEN\" \/>\n\t<\/p>\n<\/div><div class=\"wpcf7-response-output\" aria-hidden=\"true\"><\/div>\n<\/form>\n<\/div>\n[\/vc_column][\/vc_row]<\/p>\n","protected":false},"excerpt":{"rendered":"<p>[vc_row][vc_column width=&#8221;2\/3&#8243;][vc_column_text]Deformit\u00e4ten, ob erworben oder angeboren, sind im Bereich der Ohren sehr h\u00e4ufig. Allerdings kommen einige Deformit\u00e4ten h\u00e4ufiger vor als andere, zum Beispiel das abstehende Ohr. Das abstehende Ohr bezieht sich auf einen Zustand, bei dem sich die Anthelix oder die Ohrfalte nicht vollst\u00e4ndig entwickelt. Die Otoplastik ist ein chirurgischer Eingriff, mit dem versucht wird,&#8230;<\/p>\n","protected":false},"author":3,"featured_media":8528,"parent":0,"menu_order":0,"comment_status":"closed","ping_status":"closed","template":"","meta":{"footnotes":""},"class_list":["post-8192","page","type-page","status-publish","has-post-thumbnail","hentry"],"yoast_head":"<!-- This site is optimized with the Yoast SEO plugin v23.0 - https:\/\/yoast.com\/wordpress\/plugins\/seo\/ -->\n<title>Otoplastik - Startseite<\/title>\n<meta name=\"robots\" content=\"index, follow, max-snippet:-1, max-image-preview:large, max-video-preview:-1\" \/>\n<link rel=\"canonical\" href=\"https:\/\/estheteclinic.com\/otoplasty\/\" \/>\n<meta property=\"og:locale\" content=\"de_DE\" \/>\n<meta property=\"og:type\" content=\"article\" \/>\n<meta property=\"og:title\" content=\"Otoplastik - Startseite\" \/>\n<meta property=\"og:description\" content=\"[vc_row][vc_column width=&#8221;2\/3&#8243;][vc_column_text]Deformit\u00e4ten, ob erworben oder angeboren, sind im Bereich der Ohren sehr h\u00e4ufig. Allerdings kommen einige Deformit\u00e4ten h\u00e4ufiger vor als andere, zum Beispiel das abstehende Ohr. Das abstehende Ohr bezieht sich auf einen Zustand, bei dem sich die Anthelix oder die Ohrfalte nicht vollst\u00e4ndig entwickelt. Die Otoplastik ist ein chirurgischer Eingriff, mit dem versucht wird,...\" \/>\n<meta property=\"og:url\" content=\"https:\/\/estheteclinic.com\/otoplasty\/\" \/>\n<meta property=\"og:site_name\" content=\"Startseite\" \/>\n<meta property=\"article:modified_time\" content=\"2021-11-11T14:39:46+00:00\" \/>\n<meta property=\"og:image\" content=\"https:\/\/estheteclinic.com\/wp-content\/uploads\/2021\/11\/otoplasty-12356.jpg\" \/>\n\t<meta property=\"og:image:width\" content=\"2000\" \/>\n\t<meta property=\"og:image:height\" content=\"762\" \/>\n\t<meta property=\"og:image:type\" content=\"image\/jpeg\" \/>\n<meta name=\"twitter:card\" content=\"summary_large_image\" \/>\n<meta name=\"twitter:label1\" content=\"Gesch\u00e4tzte Lesezeit\" \/>\n\t<meta name=\"twitter:data1\" content=\"2\u00a0Minuten\" \/>\n<script type=\"application\/ld+json\" class=\"yoast-schema-graph\">{\"@context\":\"https:\/\/schema.org\",\"@graph\":[{\"@type\":\"WebPage\",\"@id\":\"https:\/\/estheteclinic.com\/otoplasty\/\",\"url\":\"https:\/\/estheteclinic.com\/otoplasty\/\",\"name\":\"Otoplastik - Startseite\",\"isPartOf\":{\"@id\":\"https:\/\/estheteclinic.com\/#website\"},\"primaryImageOfPage\":{\"@id\":\"https:\/\/estheteclinic.com\/otoplasty\/#primaryimage\"},\"image\":{\"@id\":\"https:\/\/estheteclinic.com\/otoplasty\/#primaryimage\"},\"thumbnailUrl\":\"https:\/\/estheteclinic.com\/wp-content\/uploads\/2021\/11\/otoplasty-12356.jpg\",\"datePublished\":\"2021-11-06T18:07:29+00:00\",\"dateModified\":\"2021-11-11T14:39:46+00:00\",\"breadcrumb\":{\"@id\":\"https:\/\/estheteclinic.com\/otoplasty\/#breadcrumb\"},\"inLanguage\":\"de\",\"potentialAction\":[{\"@type\":\"ReadAction\",\"target\":[\"https:\/\/estheteclinic.com\/otoplasty\/\"]}]},{\"@type\":\"ImageObject\",\"inLanguage\":\"de\",\"@id\":\"https:\/\/estheteclinic.com\/otoplasty\/#primaryimage\",\"url\":\"https:\/\/estheteclinic.com\/wp-content\/uploads\/2021\/11\/otoplasty-12356.jpg\",\"contentUrl\":\"https:\/\/estheteclinic.com\/wp-content\/uploads\/2021\/11\/otoplasty-12356.jpg\",\"width\":2000,\"height\":762,\"caption\":\"otoplasty\"},{\"@type\":\"BreadcrumbList\",\"@id\":\"https:\/\/estheteclinic.com\/otoplasty\/#breadcrumb\",\"itemListElement\":[{\"@type\":\"ListItem\",\"position\":1,\"name\":\"Home\",\"item\":\"https:\/\/estheteclinic.com\/de\/\"},{\"@type\":\"ListItem\",\"position\":2,\"name\":\"Otoplastik\"}]},{\"@type\":\"WebSite\",\"@id\":\"https:\/\/estheteclinic.com\/#website\",\"url\":\"https:\/\/estheteclinic.com\/\",\"name\":\"Startseite\",\"description\":\"Plastic Surgery &amp; Hair Transplant in Turkey\",\"potentialAction\":[{\"@type\":\"SearchAction\",\"target\":{\"@type\":\"EntryPoint\",\"urlTemplate\":\"https:\/\/estheteclinic.com\/?s={search_term_string}\"},\"query-input\":\"required name=search_term_string\"}],\"inLanguage\":\"de\"}]}<\/script>\n<!-- \/ Yoast SEO plugin. -->","yoast_head_json":{"title":"Otoplastik - Startseite","robots":{"index":"index","follow":"follow","max-snippet":"max-snippet:-1","max-image-preview":"max-image-preview:large","max-video-preview":"max-video-preview:-1"},"canonical":"https:\/\/estheteclinic.com\/otoplasty\/","og_locale":"de_DE","og_type":"article","og_title":"Otoplastik - Startseite","og_description":"[vc_row][vc_column width=&#8221;2\/3&#8243;][vc_column_text]Deformit\u00e4ten, ob erworben oder angeboren, sind im Bereich der Ohren sehr h\u00e4ufig. Allerdings kommen einige Deformit\u00e4ten h\u00e4ufiger vor als andere, zum Beispiel das abstehende Ohr. Das abstehende Ohr bezieht sich auf einen Zustand, bei dem sich die Anthelix oder die Ohrfalte nicht vollst\u00e4ndig entwickelt. Die Otoplastik ist ein chirurgischer Eingriff, mit dem versucht wird,...","og_url":"https:\/\/estheteclinic.com\/otoplasty\/","og_site_name":"Startseite","article_modified_time":"2021-11-11T14:39:46+00:00","og_image":[{"width":2000,"height":762,"url":"https:\/\/estheteclinic.com\/wp-content\/uploads\/2021\/11\/otoplasty-12356.jpg","type":"image\/jpeg"}],"twitter_card":"summary_large_image","twitter_misc":{"Gesch\u00e4tzte Lesezeit":"2\u00a0Minuten"},"schema":{"@context":"https:\/\/schema.org","@graph":[{"@type":"WebPage","@id":"https:\/\/estheteclinic.com\/otoplasty\/","url":"https:\/\/estheteclinic.com\/otoplasty\/","name":"Otoplastik - Startseite","isPartOf":{"@id":"https:\/\/estheteclinic.com\/#website"},"primaryImageOfPage":{"@id":"https:\/\/estheteclinic.com\/otoplasty\/#primaryimage"},"image":{"@id":"https:\/\/estheteclinic.com\/otoplasty\/#primaryimage"},"thumbnailUrl":"https:\/\/estheteclinic.com\/wp-content\/uploads\/2021\/11\/otoplasty-12356.jpg","datePublished":"2021-11-06T18:07:29+00:00","dateModified":"2021-11-11T14:39:46+00:00","breadcrumb":{"@id":"https:\/\/estheteclinic.com\/otoplasty\/#breadcrumb"},"inLanguage":"de","potentialAction":[{"@type":"ReadAction","target":["https:\/\/estheteclinic.com\/otoplasty\/"]}]},{"@type":"ImageObject","inLanguage":"de","@id":"https:\/\/estheteclinic.com\/otoplasty\/#primaryimage","url":"https:\/\/estheteclinic.com\/wp-content\/uploads\/2021\/11\/otoplasty-12356.jpg","contentUrl":"https:\/\/estheteclinic.com\/wp-content\/uploads\/2021\/11\/otoplasty-12356.jpg","width":2000,"height":762,"caption":"otoplasty"},{"@type":"BreadcrumbList","@id":"https:\/\/estheteclinic.com\/otoplasty\/#breadcrumb","itemListElement":[{"@type":"ListItem","position":1,"name":"Home","item":"https:\/\/estheteclinic.com\/de\/"},{"@type":"ListItem","position":2,"name":"Otoplastik"}]},{"@type":"WebSite","@id":"https:\/\/estheteclinic.com\/#website","url":"https:\/\/estheteclinic.com\/","name":"Startseite","description":"Plastic Surgery &amp; Hair Transplant in Turkey","potentialAction":[{"@type":"SearchAction","target":{"@type":"EntryPoint","urlTemplate":"https:\/\/estheteclinic.com\/?s={search_term_string}"},"query-input":"required name=search_term_string"}],"inLanguage":"de"}]}},"_links":{"self":[{"href":"https:\/\/estheteclinic.com\/de\/wp-json\/wp\/v2\/pages\/8192","targetHints":{"allow":["GET"]}}],"collection":[{"href":"https:\/\/estheteclinic.com\/de\/wp-json\/wp\/v2\/pages"}],"about":[{"href":"https:\/\/estheteclinic.com\/de\/wp-json\/wp\/v2\/types\/page"}],"author":[{"embeddable":true,"href":"https:\/\/estheteclinic.com\/de\/wp-json\/wp\/v2\/users\/3"}],"replies":[{"embeddable":true,"href":"https:\/\/estheteclinic.com\/de\/wp-json\/wp\/v2\/comments?post=8192"}],"version-history":[{"count":2,"href":"https:\/\/estheteclinic.com\/de\/wp-json\/wp\/v2\/pages\/8192\/revisions"}],"predecessor-version":[{"id":8532,"href":"https:\/\/estheteclinic.com\/de\/wp-json\/wp\/v2\/pages\/8192\/revisions\/8532"}],"wp:featuredmedia":[{"embeddable":true,"href":"https:\/\/estheteclinic.com\/de\/wp-json\/wp\/v2\/media\/8528"}],"wp:attachment":[{"href":"https:\/\/estheteclinic.com\/de\/wp-json\/wp\/v2\/media?parent=8192"}],"curies":[{"name":"wp","href":"https:\/\/api.w.org\/{rel}","templated":true}]}}