{"id":8202,"date":"2021-11-06T18:09:15","date_gmt":"2021-11-06T18:09:15","guid":{"rendered":"http:\/\/estheteclinic.com\/?page_id=8202"},"modified":"2021-11-10T14:11:16","modified_gmt":"2021-11-10T14:11:16","slug":"plexr-fibroblast","status":"publish","type":"page","link":"https:\/\/estheteclinic.com\/de\/plexr-fibroblast\/","title":{"rendered":"Plexr Fibroblast"},"content":{"rendered":"<p>[vc_row][vc_column width=&#8221;2\/3&#8243;][vc_column_text]Im Bereich der Hautverj\u00fcngung sind verschiedene Lasersysteme, elektrochirurgische Techniken und Nicht-Laser-Licht-Systeme \u00fcblich. Zu diesen Behandlungen geh\u00f6rt auch Plexr, bei dem Laser eingesetzt werden, um fl\u00fcssigkeitshaltiges Gewebe gezielt zu verdampfen und so eine thermische Sch\u00e4digung zu erzeugen. Dieses kleine Trauma zerst\u00f6rt Ihre Epidermis, so dass Ihre Haut aussieht, als w\u00e4re sie abgesch\u00e4lt worden.<\/p>\n<p>Die Wirkung der Behandlung kurbelt die Kollagenproduktion an und hilft, Ihre Haut zu erneuern sowie bestimmte \u00e4sthetische Ziele zu erreichen.<\/p>\n<h4><strong>So bereiten Sie sich auf Plexr Fibroblast vor<\/strong><\/h4>\n<ul>\n<li>Beenden Sie die Einnahme von Blutverd\u00fcnnern 3 Tage vor Ihrem Termin<\/li>\n<li>Kommen Sie ausgeruht zu Ihrer Behandlung<\/li>\n<li>Keinen Alkohol oder Tabak konsumieren<\/li>\n<li>Frauen sollten ihren Termin verschieben, wenn sie ihre Menstruation haben.<\/li>\n<\/ul>\n<h2><strong>Dauer Plexr Fibroblast<\/strong><\/h2>\n<p>Die Dauer des Plexr-Fibroblast-Verfahrens betr\u00e4gt 30 bis 60 Minuten.<\/p>\n<h3><strong>Plexr-Verfahren<\/strong><\/h3>\n<p>Der Eingriff erfordert eine \u00f6rtliche Bet\u00e4ubung, die Ihr Arzt in der Esthete Clinic mittels einer Bet\u00e4ubungscreme vornimmt.<\/p>\n<p>Sobald die An\u00e4sthesie wirkt, schie\u00dft Ihr Arzt mit einem Plexr-Plasma-Pen mit einem Mikro-Ende den Laser auf die Zielbereiche der Haut.<\/p>\n<p>Nach dem Eingriff sterilisiert Ihr Arzt Ihr Gesicht und deckt es mit Verb\u00e4nden ab.<\/p>\n<h4><strong>Was k\u00f6nnen Sie mit Plexr-Fibroblast erreichen<\/strong><\/h4>\n<ul>\n<li>Erneuert die Hautzellen<\/li>\n<li>Entfernt Falten<\/li>\n<li>Reduziert Aknenarben<\/li>\n<li>Behandelt Keloide<\/li>\n<li>Behandelt Warzen<\/li>\n<li>Reduziert S\u00e4cke unter den Augen<\/li>\n<li>Entfernt tumor\u00f6se Hautver\u00e4nderungen<\/li>\n<li>Wird in Kombination mit anderen Behandlungen zur Entfernung von N\u00e4vi verwendet<\/li>\n<li>Strafft die Haut<\/li>\n<li>Entfernt Altersflecken<\/li>\n<\/ul>\n<h4><strong>Genesung nach einer Plexr-Fibroblast-Behandlung<\/strong><\/h4>\n<p>Die Erholungszeit nach dem Eingriff betr\u00e4gt in der Regel zwischen 1 Woche und 10 Tagen. W\u00e4hrend dieser Zeit m\u00fcssen Sie den Verband auf Ihrem Gesicht lassen. Es k\u00f6nnen sich \u00d6deme bilden, die aber von selbst wieder abklingen. Wenn Sie Ihren Kopf erh\u00f6ht halten, kann die Schwellung schneller zur\u00fcckgehen.<\/p>\n<p>Beachten Sie die folgenden Tipps f\u00fcr eine reibungslose Genesung<\/p>\n<ul>\n<li>Ber\u00fchren Sie den Behandlungsbereich nicht, es sei denn, es ist notwendig<\/li>\n<li>Verpassen Sie niemals Ihre Folgetermine<\/li>\n<li>Vermeiden Sie intensiven Sport f\u00fcr 1 Woche bis 10 Tage.<\/li>\n<li>Vermeiden Sie Aktivit\u00e4ten wie Sauna, Schwimmen und Jacuzzi f\u00fcr 8 Wochen.<\/li>\n<li>Halten Sie sich von direkter Sonneneinstrahlung fern<\/li>\n<\/ul>\n<p>[\/vc_column_text][\/vc_column][vc_column width=&#8221;1\/3&#8243; el_class=&#8221;sticky_contact_form_ttttt&#8221;]\n<div class=\"wpcf7 no-js\" id=\"wpcf7-f7798-o1\" lang=\"de-DE\" dir=\"ltr\">\n<div class=\"screen-reader-response\"><p role=\"status\" aria-live=\"polite\" aria-atomic=\"true\"><\/p> <ul><\/ul><\/div>\n<form action=\"\/de\/wp-json\/wp\/v2\/pages\/8202#wpcf7-f7798-o1\" method=\"post\" class=\"wpcf7-form init\" aria-label=\"Kontaktformular\" novalidate=\"novalidate\" data-status=\"init\">\n<div style=\"display: none;\">\n<input type=\"hidden\" name=\"_wpcf7\" value=\"7798\" \/>\n<input type=\"hidden\" name=\"_wpcf7_version\" value=\"5.9.6\" \/>\n<input type=\"hidden\" name=\"_wpcf7_locale\" value=\"de_DE\" \/>\n<input type=\"hidden\" name=\"_wpcf7_unit_tag\" value=\"wpcf7-f7798-o1\" \/>\n<input type=\"hidden\" name=\"_wpcf7_container_post\" value=\"0\" \/>\n<input type=\"hidden\" name=\"_wpcf7_posted_data_hash\" value=\"\" \/>\n<\/div>\n<div class=\"contact_form_sticky_cf7\">\n\t<h3 style=\"text-align:center;color:white;\">Kostenlose Beratung erhalten\n\t<\/h3>\n\t<p style=\"text-align:center;color:white;\">Bitte f\u00fcllen Sie das untenstehende Formular aus und wir werden Sie in K\u00fcrze kontaktieren\n\t<\/p>\n\t<div class=\"contact-page1 row\">\n\t\t<div class=\"col-sm-6\">\n\t\t\t<p><span class=\"wpcf7-form-control-wrap\" data-name=\"nameeeee\"><input size=\"40\" maxlength=\"80\" class=\"wpcf7-form-control wpcf7-text wpcf7-validates-as-required\" aria-required=\"true\" aria-invalid=\"false\" placeholder=\"Ihr Name*\" value=\"\" type=\"text\" name=\"nameeeee\" \/><\/span>\n\t\t\t<\/p>\n\t\t<\/div>\n\t\t<div class=\"col-sm-6\">\n\t\t\t<p><span class=\"wpcf7-form-control-wrap\" data-name=\"emaillll\"><input size=\"40\" maxlength=\"80\" class=\"wpcf7-form-control wpcf7-email wpcf7-text wpcf7-validates-as-email\" aria-invalid=\"false\" placeholder=\"E-Mail-Adresse\" value=\"\" type=\"email\" name=\"emaillll\" \/><\/span>\n\t\t\t<\/p>\n\t\t<\/div>\n\t\t<div class=\"col-sm-12\" style=\"padding-bottom:20px;\">\n\t\t\t<p>[phonetext* phoneeee numberonly]\n\t\t\t<\/p>\n\t\t<\/div>\n\t\t<div class=\"col-sm-12\">\n\t\t\t<p><span class=\"wpcf7-form-control-wrap\" data-name=\"messageeeeee\"><textarea cols=\"40\" rows=\"10\" maxlength=\"400\" class=\"wpcf7-form-control wpcf7-textarea\" aria-invalid=\"false\" placeholder=\"Nachricht\" name=\"messageeeeee\"><\/textarea><\/span>\n\t\t\t<\/p>\n\t\t<\/div>\n\t<\/div>\n\t<p><input class=\"wpcf7-form-control wpcf7-submit has-spinner\" type=\"submit\" value=\"ABSENDEN\" \/>\n\t<\/p>\n<\/div><div class=\"wpcf7-response-output\" aria-hidden=\"true\"><\/div>\n<\/form>\n<\/div>\n[\/vc_column][\/vc_row]<\/p>\n","protected":false},"excerpt":{"rendered":"<p>[vc_row][vc_column width=&#8221;2\/3&#8243;][vc_column_text]Im Bereich der Hautverj\u00fcngung sind verschiedene Lasersysteme, elektrochirurgische Techniken und Nicht-Laser-Licht-Systeme \u00fcblich. Zu diesen Behandlungen geh\u00f6rt auch Plexr, bei dem Laser eingesetzt werden, um fl\u00fcssigkeitshaltiges Gewebe gezielt zu verdampfen und so eine thermische Sch\u00e4digung zu erzeugen. Dieses kleine Trauma zerst\u00f6rt Ihre Epidermis, so dass Ihre Haut aussieht, als w\u00e4re sie abgesch\u00e4lt worden. Die Wirkung&#8230;<\/p>\n","protected":false},"author":3,"featured_media":8487,"parent":0,"menu_order":0,"comment_status":"closed","ping_status":"closed","template":"","meta":{"footnotes":""},"class_list":["post-8202","page","type-page","status-publish","has-post-thumbnail","hentry"],"yoast_head":"<!-- This site is optimized with the Yoast SEO plugin v23.0 - https:\/\/yoast.com\/wordpress\/plugins\/seo\/ -->\n<title>Plexr Fibroblast - Startseite<\/title>\n<meta name=\"robots\" content=\"index, follow, max-snippet:-1, max-image-preview:large, max-video-preview:-1\" \/>\n<link rel=\"canonical\" href=\"https:\/\/estheteclinic.com\/plexr-fibroblast\/\" \/>\n<meta property=\"og:locale\" content=\"de_DE\" \/>\n<meta property=\"og:type\" content=\"article\" \/>\n<meta property=\"og:title\" content=\"Plexr Fibroblast - Startseite\" \/>\n<meta property=\"og:description\" content=\"[vc_row][vc_column width=&#8221;2\/3&#8243;][vc_column_text]Im Bereich der Hautverj\u00fcngung sind verschiedene Lasersysteme, elektrochirurgische Techniken und Nicht-Laser-Licht-Systeme \u00fcblich. Zu diesen Behandlungen geh\u00f6rt auch Plexr, bei dem Laser eingesetzt werden, um fl\u00fcssigkeitshaltiges Gewebe gezielt zu verdampfen und so eine thermische Sch\u00e4digung zu erzeugen. Dieses kleine Trauma zerst\u00f6rt Ihre Epidermis, so dass Ihre Haut aussieht, als w\u00e4re sie abgesch\u00e4lt worden. Die Wirkung...\" \/>\n<meta property=\"og:url\" content=\"https:\/\/estheteclinic.com\/plexr-fibroblast\/\" \/>\n<meta property=\"og:site_name\" content=\"Startseite\" \/>\n<meta property=\"article:modified_time\" content=\"2021-11-10T14:11:16+00:00\" \/>\n<meta property=\"og:image\" content=\"https:\/\/estheteclinic.com\/wp-content\/uploads\/2021\/11\/PLEXR-FIBROBLAST-154156.jpg\" \/>\n\t<meta property=\"og:image:width\" content=\"2500\" \/>\n\t<meta property=\"og:image:height\" content=\"1496\" \/>\n\t<meta property=\"og:image:type\" content=\"image\/jpeg\" \/>\n<meta name=\"twitter:card\" content=\"summary_large_image\" \/>\n<meta name=\"twitter:label1\" content=\"Gesch\u00e4tzte Lesezeit\" \/>\n\t<meta name=\"twitter:data1\" content=\"2\u00a0Minuten\" \/>\n<script type=\"application\/ld+json\" class=\"yoast-schema-graph\">{\"@context\":\"https:\/\/schema.org\",\"@graph\":[{\"@type\":\"WebPage\",\"@id\":\"https:\/\/estheteclinic.com\/plexr-fibroblast\/\",\"url\":\"https:\/\/estheteclinic.com\/plexr-fibroblast\/\",\"name\":\"Plexr Fibroblast - Startseite\",\"isPartOf\":{\"@id\":\"https:\/\/estheteclinic.com\/#website\"},\"primaryImageOfPage\":{\"@id\":\"https:\/\/estheteclinic.com\/plexr-fibroblast\/#primaryimage\"},\"image\":{\"@id\":\"https:\/\/estheteclinic.com\/plexr-fibroblast\/#primaryimage\"},\"thumbnailUrl\":\"https:\/\/estheteclinic.com\/wp-content\/uploads\/2021\/11\/PLEXR-FIBROBLAST-154156.jpg\",\"datePublished\":\"2021-11-06T18:09:15+00:00\",\"dateModified\":\"2021-11-10T14:11:16+00:00\",\"breadcrumb\":{\"@id\":\"https:\/\/estheteclinic.com\/plexr-fibroblast\/#breadcrumb\"},\"inLanguage\":\"de\",\"potentialAction\":[{\"@type\":\"ReadAction\",\"target\":[\"https:\/\/estheteclinic.com\/plexr-fibroblast\/\"]}]},{\"@type\":\"ImageObject\",\"inLanguage\":\"de\",\"@id\":\"https:\/\/estheteclinic.com\/plexr-fibroblast\/#primaryimage\",\"url\":\"https:\/\/estheteclinic.com\/wp-content\/uploads\/2021\/11\/PLEXR-FIBROBLAST-154156.jpg\",\"contentUrl\":\"https:\/\/estheteclinic.com\/wp-content\/uploads\/2021\/11\/PLEXR-FIBROBLAST-154156.jpg\",\"width\":2500,\"height\":1496,\"caption\":\"Plexr Fibroblast\"},{\"@type\":\"BreadcrumbList\",\"@id\":\"https:\/\/estheteclinic.com\/plexr-fibroblast\/#breadcrumb\",\"itemListElement\":[{\"@type\":\"ListItem\",\"position\":1,\"name\":\"Home\",\"item\":\"https:\/\/estheteclinic.com\/de\/\"},{\"@type\":\"ListItem\",\"position\":2,\"name\":\"Plexr Fibroblast\"}]},{\"@type\":\"WebSite\",\"@id\":\"https:\/\/estheteclinic.com\/#website\",\"url\":\"https:\/\/estheteclinic.com\/\",\"name\":\"Startseite\",\"description\":\"Plastic Surgery &amp; Hair Transplant in Turkey\",\"potentialAction\":[{\"@type\":\"SearchAction\",\"target\":{\"@type\":\"EntryPoint\",\"urlTemplate\":\"https:\/\/estheteclinic.com\/?s={search_term_string}\"},\"query-input\":\"required name=search_term_string\"}],\"inLanguage\":\"de\"}]}<\/script>\n<!-- \/ Yoast SEO plugin. -->","yoast_head_json":{"title":"Plexr Fibroblast - Startseite","robots":{"index":"index","follow":"follow","max-snippet":"max-snippet:-1","max-image-preview":"max-image-preview:large","max-video-preview":"max-video-preview:-1"},"canonical":"https:\/\/estheteclinic.com\/plexr-fibroblast\/","og_locale":"de_DE","og_type":"article","og_title":"Plexr Fibroblast - Startseite","og_description":"[vc_row][vc_column width=&#8221;2\/3&#8243;][vc_column_text]Im Bereich der Hautverj\u00fcngung sind verschiedene Lasersysteme, elektrochirurgische Techniken und Nicht-Laser-Licht-Systeme \u00fcblich. Zu diesen Behandlungen geh\u00f6rt auch Plexr, bei dem Laser eingesetzt werden, um fl\u00fcssigkeitshaltiges Gewebe gezielt zu verdampfen und so eine thermische Sch\u00e4digung zu erzeugen. Dieses kleine Trauma zerst\u00f6rt Ihre Epidermis, so dass Ihre Haut aussieht, als w\u00e4re sie abgesch\u00e4lt worden. Die Wirkung...","og_url":"https:\/\/estheteclinic.com\/plexr-fibroblast\/","og_site_name":"Startseite","article_modified_time":"2021-11-10T14:11:16+00:00","og_image":[{"width":2500,"height":1496,"url":"https:\/\/estheteclinic.com\/wp-content\/uploads\/2021\/11\/PLEXR-FIBROBLAST-154156.jpg","type":"image\/jpeg"}],"twitter_card":"summary_large_image","twitter_misc":{"Gesch\u00e4tzte Lesezeit":"2\u00a0Minuten"},"schema":{"@context":"https:\/\/schema.org","@graph":[{"@type":"WebPage","@id":"https:\/\/estheteclinic.com\/plexr-fibroblast\/","url":"https:\/\/estheteclinic.com\/plexr-fibroblast\/","name":"Plexr Fibroblast - Startseite","isPartOf":{"@id":"https:\/\/estheteclinic.com\/#website"},"primaryImageOfPage":{"@id":"https:\/\/estheteclinic.com\/plexr-fibroblast\/#primaryimage"},"image":{"@id":"https:\/\/estheteclinic.com\/plexr-fibroblast\/#primaryimage"},"thumbnailUrl":"https:\/\/estheteclinic.com\/wp-content\/uploads\/2021\/11\/PLEXR-FIBROBLAST-154156.jpg","datePublished":"2021-11-06T18:09:15+00:00","dateModified":"2021-11-10T14:11:16+00:00","breadcrumb":{"@id":"https:\/\/estheteclinic.com\/plexr-fibroblast\/#breadcrumb"},"inLanguage":"de","potentialAction":[{"@type":"ReadAction","target":["https:\/\/estheteclinic.com\/plexr-fibroblast\/"]}]},{"@type":"ImageObject","inLanguage":"de","@id":"https:\/\/estheteclinic.com\/plexr-fibroblast\/#primaryimage","url":"https:\/\/estheteclinic.com\/wp-content\/uploads\/2021\/11\/PLEXR-FIBROBLAST-154156.jpg","contentUrl":"https:\/\/estheteclinic.com\/wp-content\/uploads\/2021\/11\/PLEXR-FIBROBLAST-154156.jpg","width":2500,"height":1496,"caption":"Plexr Fibroblast"},{"@type":"BreadcrumbList","@id":"https:\/\/estheteclinic.com\/plexr-fibroblast\/#breadcrumb","itemListElement":[{"@type":"ListItem","position":1,"name":"Home","item":"https:\/\/estheteclinic.com\/de\/"},{"@type":"ListItem","position":2,"name":"Plexr Fibroblast"}]},{"@type":"WebSite","@id":"https:\/\/estheteclinic.com\/#website","url":"https:\/\/estheteclinic.com\/","name":"Startseite","description":"Plastic Surgery &amp; Hair Transplant in Turkey","potentialAction":[{"@type":"SearchAction","target":{"@type":"EntryPoint","urlTemplate":"https:\/\/estheteclinic.com\/?s={search_term_string}"},"query-input":"required name=search_term_string"}],"inLanguage":"de"}]}},"_links":{"self":[{"href":"https:\/\/estheteclinic.com\/de\/wp-json\/wp\/v2\/pages\/8202","targetHints":{"allow":["GET"]}}],"collection":[{"href":"https:\/\/estheteclinic.com\/de\/wp-json\/wp\/v2\/pages"}],"about":[{"href":"https:\/\/estheteclinic.com\/de\/wp-json\/wp\/v2\/types\/page"}],"author":[{"embeddable":true,"href":"https:\/\/estheteclinic.com\/de\/wp-json\/wp\/v2\/users\/3"}],"replies":[{"embeddable":true,"href":"https:\/\/estheteclinic.com\/de\/wp-json\/wp\/v2\/comments?post=8202"}],"version-history":[{"count":2,"href":"https:\/\/estheteclinic.com\/de\/wp-json\/wp\/v2\/pages\/8202\/revisions"}],"predecessor-version":[{"id":8491,"href":"https:\/\/estheteclinic.com\/de\/wp-json\/wp\/v2\/pages\/8202\/revisions\/8491"}],"wp:featuredmedia":[{"embeddable":true,"href":"https:\/\/estheteclinic.com\/de\/wp-json\/wp\/v2\/media\/8487"}],"wp:attachment":[{"href":"https:\/\/estheteclinic.com\/de\/wp-json\/wp\/v2\/media?parent=8202"}],"curies":[{"name":"wp","href":"https:\/\/api.w.org\/{rel}","templated":true}]}}