{"id":8213,"date":"2021-11-06T18:12:27","date_gmt":"2021-11-06T18:12:27","guid":{"rendered":"http:\/\/estheteclinic.com\/?page_id=8213"},"modified":"2021-11-11T06:27:37","modified_gmt":"2021-11-11T06:27:37","slug":"rhinoplastik","status":"publish","type":"page","link":"https:\/\/estheteclinic.com\/de\/rhinoplastik\/","title":{"rendered":"Rhinoplastik"},"content":{"rendered":"<p>[vc_row][vc_column width=&#8221;2\/3&#8243;][vc_column_text]Die Nase hat aufgrund ihrer Lage in der Mitte des Gesichts einen hohen Stellenwert in Bezug auf ihre Rolle bei der Atmung und dem Aussehen.<\/p>\n<p>Eingriffe, die die Nase und ihr Aussehen betreffen, sollten in allen Aspekten sehr gut geplant und sorgf\u00e4ltig durchgef\u00fchrt werden. Mit der \u00e4sthetischen Nasenchirurgie, der Rhinoplastik, kann die Gr\u00f6\u00dfe der Nase reduziert, die Form der Nasenspitze ver\u00e4ndert, die Nasenl\u00f6cher verengt oder vergr\u00f6\u00dfert und der Winkel zwischen Oberlippe und Nase ver\u00e4ndert werden.<\/p>\n<p>Eine Rhinoplastik kann helfen, angeborene Defekte, Nasenverletzungen und einige Atemprobleme zu korrigieren. Sie sollten Ihren Arzt ausf\u00fchrlich \u00fcber Ihre Beschwerden bez\u00fcglich Ihrer Nase informieren. Dies hilft Ihnen, Entt\u00e4uschungen nach der Operation zu vermeiden.<\/p>\n<h2><strong>Kandidaten f\u00fcr eine Nasenkorrektur<\/strong><\/h2>\n<p>In der Esthete Clinic m\u00f6chten wir die Sicherheit unserer Patienten gew\u00e4hrleisten und stellen ihre Gesundheit in den Vordergrund. Aus diesem Grund lassen wir in der Regel nur Menschen zu einer Rhinoplastik zu, die die folgenden Kriterien erf\u00fcllen:<\/p>\n<ul>\n<li>Personen mit Realit\u00e4tserwartungen<\/li>\n<li>Personen mit psychischer Stabilit\u00e4t<\/li>\n<li>Personen ohne chronische oder schwere Erkrankungen<\/li>\n<li>Personen, die aufgrund anatomischer Defekte Probleme mit der Atmung haben<\/li>\n<\/ul>\n<h2><strong>Arten der Rhinoplastik<\/strong><\/h2>\n<p>Es gibt keine allgemein g\u00fcltige Methode der \u00e4sthetischen Nasenchirurgie, die bei jedem angewendet werden kann. Einige ben\u00f6tigen eine geschlossene Rhinoplastik, w\u00e4hrend andere eine offene Rhinoplastik ben\u00f6tigen. Es kommt ganz auf Ihre Nasenform und die Ver\u00e4nderungen an, die Sie erreichen m\u00f6chten.<\/p>\n<p>Bei einer offenen Nasenkorrektur setzt Ihr Arzt Einschnitte an der Au\u00dfenseite der Nase. In den meisten F\u00e4llen dient diese Vorgehensweise \u00e4sthetischen Zwecken.<\/p>\n<p>Bei der geschlossenen Rhinoplastik hingegen werden die Einschnitte von der Innenseite der Nase aus gesetzt. Eine geschlossene Rhinoplastik korrigiert sowohl Atmungsprobleme als auch \u00e4sthetische Probleme.<\/p>\n<h2><strong>Vorbereitung auf die Rhinoplastik<\/strong><\/h2>\n<p>Unsere Chirurgen in der Esthete Clinic bereiten Sie in mehreren Beratungsgespr\u00e4chen, in denen wir Ihre \u00e4sthetischen Ziele besprechen, auf die Rhinoplastik vor. W\u00e4hrend wir unser Bestes tun, um Ihnen zu helfen, die gew\u00fcnschten Ergebnisse zu erzielen, werden Ihnen unsere Chirurgen die beste Nasenform f\u00fcr Sie vorschlagen.<\/p>\n<p>Mit Hilfe moderner Software helfen wir Ihnen, vorherzusagen, wie sich Ihr Gesicht mit der vorgeschlagenen Nasenform ver\u00e4ndern wird. Wenn Sie zustimmen, k\u00f6nnen Sie mit der Vorbereitung auf die Rhinoplastik beginnen, indem Sie die folgenden Anweisungen befolgen.<\/p>\n<ul>\n<li>Wenn Sie Alkohol trinken, m\u00fcssen Sie 2 Wochen vor der Rhinoplastik den Konsum einstellen<\/li>\n<li>Wenn Sie rauchen, sollten Sie 2 Wochen vor Ihrer Rhinoplastik damit aufh\u00f6ren<\/li>\n<li>Beenden Sie die Einnahme von Vitamin E und Blutverd\u00fcnnern 2 Wochen vor der Rhinoplastik<\/li>\n<\/ul>\n<h2><strong>Verfahren der Rhinoplastik<\/strong><\/h2>\n<h3><strong>Vor der Operation: An\u00e4sthesie bei Rhinoplastik<\/strong><\/h3>\n<p>Nasenkorrekturen k\u00f6nnen auf zwei Arten durchgef\u00fchrt werden, entweder unter Vollnarkose, bei der die Person w\u00e4hrend des Eingriffs vollst\u00e4ndig bet\u00e4ubt wird, oder unter \u00f6rtlicher Bet\u00e4ubung mit Sedierung, bei der das Operationsgebiet durch Beruhigung teilweise bet\u00e4ubt wird.<\/p>\n<p>Unsere Chirurgen in der Esthete Clinic werden Ihnen diese beiden F\u00e4lle ausf\u00fchrlich erl\u00e4utern und gemeinsam mit Ihnen entscheiden, welche Form der An\u00e4sthesie f\u00fcr Sie die beste ist.<\/p>\n<h3><strong>Chirurgie<\/strong><\/h3>\n<p>Ihr Arzt f\u00fchrt den Eingriff durch und nimmt die notwendigen \u00c4nderungen vor, um Ihre \u00e4sthetischen Ziele zu erreichen.<\/p>\n<h3><strong>Nach der Operation<\/strong><\/h3>\n<p>Wenn Sie nach der Operation in Ihr Zimmer zur\u00fcckkommen, werden Sie einen Gipsverband auf der Nase haben, der sich zus\u00e4tzlich zu den Polstern in der Nase auf die Stirn und die Wangen erstreckt.<\/p>\n<p>Wenn eine Nasenverpackung verwendet wird, wird sie normalerweise am n\u00e4chsten Tag oder zwei Tage nach der Operation entfernt. Obwohl Sie in den ersten Stunden nach der Operation kaum Schmerzen haben werden, k\u00f6nnen Sie \u00dcbelkeit und Schwindel empfinden.<\/p>\n<p>Unsere Chirurgen in der Esthete Clinic werden Ihnen die richtigen Medikamente verschreiben, um diese Symptome zu lindern.<\/p>\n<p>Vier Stunden nach der Operation k\u00f6nnen Sie Fl\u00fcssigkeiten und weiche Nahrung zu sich nehmen und unsere Krankenschwestern werden Ihnen bei der Bewegung helfen.<\/p>\n<p>Wenn sich Ihre Situation stabilisiert, werden wir Sie am Abend oder am n\u00e4chsten Morgen entlassen. Ein privater Wagen bringt Sie zu Ihrer 5-Sterne-Unterkunft, wo Sie sich nach der Operation ausruhen k\u00f6nnen.<\/p>\n<h2><strong>Dauer der Rhinoplastik<\/strong><\/h2>\n<p>Obwohl die Dauer der Rhinoplastik je nach Ihren Bed\u00fcrfnissen variiert, betr\u00e4gt sie gew\u00f6hnlich 1,5-2 Stunden.<\/p>\n<h2><strong>Genesung nach einer Rhinoplastik<\/strong><\/h2>\n<p>In den ersten 48 Stunden nach der Operation sollten Sie sich ausruhen. Zur Linderung von Schwellungen legen Sie alle zwei Stunden f\u00fcr 15 Minuten kalte Kompressen auf Stirn und Wangen. Setzen Sie den Kompresse aber nie direkt an der Nase an. Es kann den Heilungsprozess und das Ergebnis Ihrer Nasenkorrektur beeintr\u00e4chtigen.<\/p>\n<p>Ab dem dritten Tag beginnen die Schwellungen und Bluterg\u00fcsse abzuklingen. In der Zwischenzeit sollten Sie allm\u00e4hlich zu Ihren t\u00e4glichen Aktivit\u00e4ten zur\u00fcckkehren. Eine oder zwei Wochen nach der Operation werden unsere Chirurgen Sie anrufen, um den Gipsverband zu entfernen und ihn durch ein d\u00fcnnes Band zu ersetzen. Ziel ist es, die Schwellung, die nach dem Abnehmen des Gipses in der Nase auftreten kann, zu kontrollieren.<\/p>\n<p>Sie m\u00fcssen das Band etwa eine Woche lang tragen. Sobald Ihr Chirurg den Abdruck entfernt, k\u00f6nnen Sie zwar die Umrisse der Nasenform erkennen, allerdings handelt es sich dabei nicht um Ihr endg\u00fcltiges Ergebnis. Es dauert typischerweise einige Zeit, bis die Details nach einer Nasenkorrektur sichtbar werden. Besonders in den ersten Monaten kann die Nase morgens st\u00e4rker geschwollen sein, diese Schwellung geht im Laufe des Tages aber zur\u00fcck. Je nach Intensit\u00e4t der Eingriffe an der Nasenspitze und der verwendeten Technik kann es zu einem Taubheitsgef\u00fchl und einer Steifheit an der Nasenspitze kommen, die manchmal erst nach Monaten vergehen.<\/p>\n<p>Kurz nach einer Nasenkorrektur d\u00fcrfen Sie sich nicht schn\u00e4uzen und keinen Druck auf die Nase aus\u00fcben. Daher empfehlen wir Ihnen, in den ersten 8 Wochen keine Sportarten auszu\u00fcben, die eine k\u00f6rperliche Anstrengung erfordern, oder eine Brille zu tragen.<\/p>\n<p>Ebenso sollten Sie, um \u00d6demen vorzubeugen, f\u00fcr 8 Wochen nach dem Eingriff nicht in die Sauna oder in ein Dampfbad gehen und kein Sonnenbad nehmen. Andererseits k\u00f6nnen Sie ab der zweiten Woche leichte Bewegung, Schwimmen und einzelne Sportarten steigern.<\/p>\n<p>In den ersten Tagen und Wochen nach der Operation kann die Atmung aufgrund von \u00d6demen und Krusten in der Nase unangenehm sein.<\/p>\n<p>Verwenden Sie in dieser Zeit die von uns verordneten Salben und Cremes, um diese Beschwerden zu lindern.<\/p>\n<p>Unser Team in der Esthete Clinic wird Ihre Heilungsphase \u00fcberwachen, indem wir bei Ihnen im ersten, dritten, sechsten und zw\u00f6lften Monat nach der Operation nachfassen. Wir vergleichen die Bilder, die wir vorher und nachher gemacht haben.[\/vc_column_text][\/vc_column][vc_column width=&#8221;1\/3&#8243; el_class=&#8221;sticky_contact_form_ttttt&#8221;]\n<div class=\"wpcf7 no-js\" id=\"wpcf7-f7798-o1\" lang=\"de-DE\" dir=\"ltr\">\n<div class=\"screen-reader-response\"><p role=\"status\" aria-live=\"polite\" aria-atomic=\"true\"><\/p> <ul><\/ul><\/div>\n<form action=\"\/de\/wp-json\/wp\/v2\/pages\/8213#wpcf7-f7798-o1\" method=\"post\" class=\"wpcf7-form init\" aria-label=\"Kontaktformular\" novalidate=\"novalidate\" data-status=\"init\">\n<div style=\"display: none;\">\n<input type=\"hidden\" name=\"_wpcf7\" value=\"7798\" \/>\n<input type=\"hidden\" name=\"_wpcf7_version\" value=\"5.9.6\" \/>\n<input type=\"hidden\" name=\"_wpcf7_locale\" value=\"de_DE\" \/>\n<input type=\"hidden\" name=\"_wpcf7_unit_tag\" value=\"wpcf7-f7798-o1\" \/>\n<input type=\"hidden\" name=\"_wpcf7_container_post\" value=\"0\" \/>\n<input type=\"hidden\" name=\"_wpcf7_posted_data_hash\" value=\"\" \/>\n<\/div>\n<div class=\"contact_form_sticky_cf7\">\n\t<h3 style=\"text-align:center;color:white;\">Kostenlose Beratung erhalten\n\t<\/h3>\n\t<p style=\"text-align:center;color:white;\">Bitte f\u00fcllen Sie das untenstehende Formular aus und wir werden Sie in K\u00fcrze kontaktieren\n\t<\/p>\n\t<div class=\"contact-page1 row\">\n\t\t<div class=\"col-sm-6\">\n\t\t\t<p><span class=\"wpcf7-form-control-wrap\" data-name=\"nameeeee\"><input size=\"40\" maxlength=\"80\" class=\"wpcf7-form-control wpcf7-text wpcf7-validates-as-required\" aria-required=\"true\" aria-invalid=\"false\" placeholder=\"Ihr Name*\" value=\"\" type=\"text\" name=\"nameeeee\" \/><\/span>\n\t\t\t<\/p>\n\t\t<\/div>\n\t\t<div class=\"col-sm-6\">\n\t\t\t<p><span class=\"wpcf7-form-control-wrap\" data-name=\"emaillll\"><input size=\"40\" maxlength=\"80\" class=\"wpcf7-form-control wpcf7-email wpcf7-text wpcf7-validates-as-email\" aria-invalid=\"false\" placeholder=\"E-Mail-Adresse\" value=\"\" type=\"email\" name=\"emaillll\" \/><\/span>\n\t\t\t<\/p>\n\t\t<\/div>\n\t\t<div class=\"col-sm-12\" style=\"padding-bottom:20px;\">\n\t\t\t<p>[phonetext* phoneeee numberonly]\n\t\t\t<\/p>\n\t\t<\/div>\n\t\t<div class=\"col-sm-12\">\n\t\t\t<p><span class=\"wpcf7-form-control-wrap\" data-name=\"messageeeeee\"><textarea cols=\"40\" rows=\"10\" maxlength=\"400\" class=\"wpcf7-form-control wpcf7-textarea\" aria-invalid=\"false\" placeholder=\"Nachricht\" name=\"messageeeeee\"><\/textarea><\/span>\n\t\t\t<\/p>\n\t\t<\/div>\n\t<\/div>\n\t<p><input class=\"wpcf7-form-control wpcf7-submit has-spinner\" type=\"submit\" value=\"ABSENDEN\" \/>\n\t<\/p>\n<\/div><div class=\"wpcf7-response-output\" aria-hidden=\"true\"><\/div>\n<\/form>\n<\/div>\n[\/vc_column][\/vc_row]<\/p>\n","protected":false},"excerpt":{"rendered":"<p>[vc_row][vc_column width=&#8221;2\/3&#8243;][vc_column_text]Die Nase hat aufgrund ihrer Lage in der Mitte des Gesichts einen hohen Stellenwert in Bezug auf ihre Rolle bei der Atmung und dem Aussehen. Eingriffe, die die Nase und ihr Aussehen betreffen, sollten in allen Aspekten sehr gut geplant und sorgf\u00e4ltig durchgef\u00fchrt werden. Mit der \u00e4sthetischen Nasenchirurgie, der Rhinoplastik, kann die Gr\u00f6\u00dfe der&#8230;<\/p>\n","protected":false},"author":3,"featured_media":8507,"parent":0,"menu_order":0,"comment_status":"closed","ping_status":"closed","template":"","meta":{"footnotes":""},"class_list":["post-8213","page","type-page","status-publish","has-post-thumbnail","hentry"],"yoast_head":"<!-- This site is optimized with the Yoast SEO plugin v23.0 - https:\/\/yoast.com\/wordpress\/plugins\/seo\/ -->\n<title>Rhinoplastik - Startseite<\/title>\n<meta name=\"robots\" content=\"index, follow, max-snippet:-1, max-image-preview:large, max-video-preview:-1\" \/>\n<link rel=\"canonical\" href=\"https:\/\/estheteclinic.com\/rhinoplasty\/\" \/>\n<meta property=\"og:locale\" content=\"de_DE\" \/>\n<meta property=\"og:type\" content=\"article\" \/>\n<meta property=\"og:title\" content=\"Rhinoplastik - Startseite\" \/>\n<meta property=\"og:description\" content=\"[vc_row][vc_column width=&#8221;2\/3&#8243;][vc_column_text]Die Nase hat aufgrund ihrer Lage in der Mitte des Gesichts einen hohen Stellenwert in Bezug auf ihre Rolle bei der Atmung und dem Aussehen. Eingriffe, die die Nase und ihr Aussehen betreffen, sollten in allen Aspekten sehr gut geplant und sorgf\u00e4ltig durchgef\u00fchrt werden. Mit der \u00e4sthetischen Nasenchirurgie, der Rhinoplastik, kann die Gr\u00f6\u00dfe der...\" \/>\n<meta property=\"og:url\" content=\"https:\/\/estheteclinic.com\/rhinoplasty\/\" \/>\n<meta property=\"og:site_name\" content=\"Startseite\" \/>\n<meta property=\"article:modified_time\" content=\"2021-11-11T06:27:37+00:00\" \/>\n<meta property=\"og:image\" content=\"https:\/\/estheteclinic.com\/wp-content\/uploads\/2021\/11\/rhinoplasty-0111123.jpg\" \/>\n\t<meta property=\"og:image:width\" content=\"2500\" \/>\n\t<meta property=\"og:image:height\" content=\"1668\" \/>\n\t<meta property=\"og:image:type\" content=\"image\/jpeg\" \/>\n<meta name=\"twitter:card\" content=\"summary_large_image\" \/>\n<meta name=\"twitter:label1\" content=\"Gesch\u00e4tzte Lesezeit\" \/>\n\t<meta name=\"twitter:data1\" content=\"6\u00a0Minuten\" \/>\n<script type=\"application\/ld+json\" class=\"yoast-schema-graph\">{\"@context\":\"https:\/\/schema.org\",\"@graph\":[{\"@type\":\"WebPage\",\"@id\":\"https:\/\/estheteclinic.com\/rhinoplasty\/\",\"url\":\"https:\/\/estheteclinic.com\/rhinoplasty\/\",\"name\":\"Rhinoplastik - Startseite\",\"isPartOf\":{\"@id\":\"https:\/\/estheteclinic.com\/#website\"},\"primaryImageOfPage\":{\"@id\":\"https:\/\/estheteclinic.com\/rhinoplasty\/#primaryimage\"},\"image\":{\"@id\":\"https:\/\/estheteclinic.com\/rhinoplasty\/#primaryimage\"},\"thumbnailUrl\":\"https:\/\/estheteclinic.com\/wp-content\/uploads\/2021\/11\/rhinoplasty-0111123.jpg\",\"datePublished\":\"2021-11-06T18:12:27+00:00\",\"dateModified\":\"2021-11-11T06:27:37+00:00\",\"breadcrumb\":{\"@id\":\"https:\/\/estheteclinic.com\/rhinoplasty\/#breadcrumb\"},\"inLanguage\":\"de\",\"potentialAction\":[{\"@type\":\"ReadAction\",\"target\":[\"https:\/\/estheteclinic.com\/rhinoplasty\/\"]}]},{\"@type\":\"ImageObject\",\"inLanguage\":\"de\",\"@id\":\"https:\/\/estheteclinic.com\/rhinoplasty\/#primaryimage\",\"url\":\"https:\/\/estheteclinic.com\/wp-content\/uploads\/2021\/11\/rhinoplasty-0111123.jpg\",\"contentUrl\":\"https:\/\/estheteclinic.com\/wp-content\/uploads\/2021\/11\/rhinoplasty-0111123.jpg\",\"width\":2500,\"height\":1668,\"caption\":\"Rhinoplasty\"},{\"@type\":\"BreadcrumbList\",\"@id\":\"https:\/\/estheteclinic.com\/rhinoplasty\/#breadcrumb\",\"itemListElement\":[{\"@type\":\"ListItem\",\"position\":1,\"name\":\"Home\",\"item\":\"https:\/\/estheteclinic.com\/de\/\"},{\"@type\":\"ListItem\",\"position\":2,\"name\":\"Rhinoplastik\"}]},{\"@type\":\"WebSite\",\"@id\":\"https:\/\/estheteclinic.com\/#website\",\"url\":\"https:\/\/estheteclinic.com\/\",\"name\":\"Startseite\",\"description\":\"Plastic Surgery &amp; Hair Transplant in Turkey\",\"potentialAction\":[{\"@type\":\"SearchAction\",\"target\":{\"@type\":\"EntryPoint\",\"urlTemplate\":\"https:\/\/estheteclinic.com\/?s={search_term_string}\"},\"query-input\":\"required name=search_term_string\"}],\"inLanguage\":\"de\"}]}<\/script>\n<!-- \/ Yoast SEO plugin. -->","yoast_head_json":{"title":"Rhinoplastik - Startseite","robots":{"index":"index","follow":"follow","max-snippet":"max-snippet:-1","max-image-preview":"max-image-preview:large","max-video-preview":"max-video-preview:-1"},"canonical":"https:\/\/estheteclinic.com\/rhinoplasty\/","og_locale":"de_DE","og_type":"article","og_title":"Rhinoplastik - Startseite","og_description":"[vc_row][vc_column width=&#8221;2\/3&#8243;][vc_column_text]Die Nase hat aufgrund ihrer Lage in der Mitte des Gesichts einen hohen Stellenwert in Bezug auf ihre Rolle bei der Atmung und dem Aussehen. Eingriffe, die die Nase und ihr Aussehen betreffen, sollten in allen Aspekten sehr gut geplant und sorgf\u00e4ltig durchgef\u00fchrt werden. Mit der \u00e4sthetischen Nasenchirurgie, der Rhinoplastik, kann die Gr\u00f6\u00dfe der...","og_url":"https:\/\/estheteclinic.com\/rhinoplasty\/","og_site_name":"Startseite","article_modified_time":"2021-11-11T06:27:37+00:00","og_image":[{"width":2500,"height":1668,"url":"https:\/\/estheteclinic.com\/wp-content\/uploads\/2021\/11\/rhinoplasty-0111123.jpg","type":"image\/jpeg"}],"twitter_card":"summary_large_image","twitter_misc":{"Gesch\u00e4tzte Lesezeit":"6\u00a0Minuten"},"schema":{"@context":"https:\/\/schema.org","@graph":[{"@type":"WebPage","@id":"https:\/\/estheteclinic.com\/rhinoplasty\/","url":"https:\/\/estheteclinic.com\/rhinoplasty\/","name":"Rhinoplastik - Startseite","isPartOf":{"@id":"https:\/\/estheteclinic.com\/#website"},"primaryImageOfPage":{"@id":"https:\/\/estheteclinic.com\/rhinoplasty\/#primaryimage"},"image":{"@id":"https:\/\/estheteclinic.com\/rhinoplasty\/#primaryimage"},"thumbnailUrl":"https:\/\/estheteclinic.com\/wp-content\/uploads\/2021\/11\/rhinoplasty-0111123.jpg","datePublished":"2021-11-06T18:12:27+00:00","dateModified":"2021-11-11T06:27:37+00:00","breadcrumb":{"@id":"https:\/\/estheteclinic.com\/rhinoplasty\/#breadcrumb"},"inLanguage":"de","potentialAction":[{"@type":"ReadAction","target":["https:\/\/estheteclinic.com\/rhinoplasty\/"]}]},{"@type":"ImageObject","inLanguage":"de","@id":"https:\/\/estheteclinic.com\/rhinoplasty\/#primaryimage","url":"https:\/\/estheteclinic.com\/wp-content\/uploads\/2021\/11\/rhinoplasty-0111123.jpg","contentUrl":"https:\/\/estheteclinic.com\/wp-content\/uploads\/2021\/11\/rhinoplasty-0111123.jpg","width":2500,"height":1668,"caption":"Rhinoplasty"},{"@type":"BreadcrumbList","@id":"https:\/\/estheteclinic.com\/rhinoplasty\/#breadcrumb","itemListElement":[{"@type":"ListItem","position":1,"name":"Home","item":"https:\/\/estheteclinic.com\/de\/"},{"@type":"ListItem","position":2,"name":"Rhinoplastik"}]},{"@type":"WebSite","@id":"https:\/\/estheteclinic.com\/#website","url":"https:\/\/estheteclinic.com\/","name":"Startseite","description":"Plastic Surgery &amp; Hair Transplant in Turkey","potentialAction":[{"@type":"SearchAction","target":{"@type":"EntryPoint","urlTemplate":"https:\/\/estheteclinic.com\/?s={search_term_string}"},"query-input":"required name=search_term_string"}],"inLanguage":"de"}]}},"_links":{"self":[{"href":"https:\/\/estheteclinic.com\/de\/wp-json\/wp\/v2\/pages\/8213","targetHints":{"allow":["GET"]}}],"collection":[{"href":"https:\/\/estheteclinic.com\/de\/wp-json\/wp\/v2\/pages"}],"about":[{"href":"https:\/\/estheteclinic.com\/de\/wp-json\/wp\/v2\/types\/page"}],"author":[{"embeddable":true,"href":"https:\/\/estheteclinic.com\/de\/wp-json\/wp\/v2\/users\/3"}],"replies":[{"embeddable":true,"href":"https:\/\/estheteclinic.com\/de\/wp-json\/wp\/v2\/comments?post=8213"}],"version-history":[{"count":2,"href":"https:\/\/estheteclinic.com\/de\/wp-json\/wp\/v2\/pages\/8213\/revisions"}],"predecessor-version":[{"id":8511,"href":"https:\/\/estheteclinic.com\/de\/wp-json\/wp\/v2\/pages\/8213\/revisions\/8511"}],"wp:featuredmedia":[{"embeddable":true,"href":"https:\/\/estheteclinic.com\/de\/wp-json\/wp\/v2\/media\/8507"}],"wp:attachment":[{"href":"https:\/\/estheteclinic.com\/de\/wp-json\/wp\/v2\/media?parent=8213"}],"curies":[{"name":"wp","href":"https:\/\/api.w.org\/{rel}","templated":true}]}}