{"id":8223,"date":"2021-11-06T18:14:25","date_gmt":"2021-11-06T18:14:25","guid":{"rendered":"http:\/\/estheteclinic.com\/?page_id=8223"},"modified":"2021-11-26T13:36:26","modified_gmt":"2021-11-26T13:36:26","slug":"oberschenkelstraffung","status":"publish","type":"page","link":"https:\/\/estheteclinic.com\/de\/oberschenkelstraffung\/","title":{"rendered":"Oberschenkelstraffung"},"content":{"rendered":"<p>[vc_row][vc_column width=&#8221;2\/3&#8243;][vc_column_text]Viele Faktoren k\u00f6nnen zur Entstehung von schlaffer Haut an den Oberschenkeln beitragen. Von drastischem Gewichtsverlust bis hin zu Alterung und Bewegungsmangel. Eine Oberschenkelstraffung ist ein chirurgischer Eingriff, bei dem die Oberschenkel konturiert und \u00dcbersch\u00fcsse entfernt werden, um den K\u00f6rper zu straffen. Der Eingriff kann das Aussehen Ihrer Oberschenkel und Ihres gesamten K\u00f6rpers deutlich verbessern und verj\u00fcngen.<\/p>\n<p>Bei einer Oberschenkelstraffung kann Ihr Chirurg entweder die Innen- oder die Au\u00dfenseite der Oberschenkel behandeln. Dies verleiht dem Verfahren Pr\u00e4zision und die F\u00e4higkeit, Problembereiche punktuell zu behandeln. Sie sollten auch beachten, dass eine Oberschenkelstraffung nur dann notwendig ist, wenn Sie vorher eine Di\u00e4t und Sport gemacht haben, da es sich nicht um eine Operation zur Gewichtsabnahme handelt<\/p>\n<p>Andernfalls k\u00f6nnen Sie die Behandlung f\u00fcr optimale Ergebnisse mit einer Fettabsaugung koppeln.<\/p>\n<h2><strong>Kandidaten f\u00fcr die Oberschenkelstraffung<\/strong><\/h2>\n<p>Generell sind die meisten Patienten, die ein besseres \u00e4sthetisches Erscheinungsbild f\u00fcr ihre Oberschenkel w\u00fcnschen, f\u00fcr eine Oberschenkelstraffung geeignet. Aber es gibt einige Kriterien, die Sie erf\u00fcllen m\u00fcssen, um sich f\u00fcr die Operation zu qualifizieren. Dies sind die folgenden:<\/p>\n<ul>\n<li>Vorhandensein von schlaffer Haut an den Oberschenkeln<\/li>\n<li>Ein stabiles Gewicht gehalten haben. Wenn Sie nach dem Eingriff mehr Gewicht verlieren, kann es zu einer erneuten Hauterschlaffung kommen<\/li>\n<li>Psychische Stabilit\u00e4t<\/li>\n<li>Keine Probleme mit der Wundheilung<\/li>\n<li>Haben Sie realistische Erwartungen<\/li>\n<\/ul>\n<h2><strong>So bereiten Sie sich auf die Oberschenkelstraffung vor<\/strong><\/h2>\n<p>\u2013 Essen und trinken Sie 6-8 Stunden vor einem Oberschenkellifting nichts mehr. Wenden Sie sich an Ihren Arzt, wenn Sie diesen Zeitbereich nicht einhalten k\u00f6nnen.<\/p>\n<ul>\n<li>Wenn Sie Alkohol trinken, m\u00fcssen Sie 2 Wochen vor Ihrem Oberschenkellifting damit aufh\u00f6ren<\/li>\n<li>Wenn Sie rauchen, sollten Sie ab 2 Wochen vor dem Oberschnekellifting damit aufh\u00f6ren<\/li>\n<li>Beenden Sie die Einnahme von Vitamin E und Blutverd\u00fcnnern 2 Wochen vor dem Oberschenkellifting<\/li>\n<\/ul>\n<h2><strong>Arten der Oberschenkelstraffung<\/strong><\/h2>\n<p>Es gibt zahlreiche Methoden der Oberschenkelstraffung, die unterschiedliche Bereiche der Oberschenkel punktuell behandeln. In jeder Situation kann es sein, dass Sie eines oder mehrere dieser Verfahren zusammen ben\u00f6tigen, um Ihre kosmetischen Ziele zu erreichen.<\/p>\n<p>Die verschiedenen Techniken der Oberschenkelstraffung unterscheiden sich in Bezug auf die Gr\u00f6\u00dfe der Schnitte und die Lage an den Oberschenkeln.<\/p>\n<h2><strong>Innere Oberschenkelstraffung<\/strong><\/h2>\n<p>Ein inneres Oberschenkel-Lifting behandelt die Erschlaffung der inneren Oberschenkel. Die innere Oberschenkelstraffung eignet sich am besten f\u00fcr hartn\u00e4ckiges \u00fcbersch\u00fcssiges Fett und Erschlaffungen, die nicht durch Sport oder Di\u00e4ten verschwinden.<\/p>\n<p>Bei diesem Eingriff setzt Ihr Chirurg die Schnitte genau dort, wo sich Oberschenkel und Schambereich treffen. Dieser Standort ist wichtig, da Sie Ihre Narbe immer an einer diskreten Stelle haben.<\/p>\n<p>Sobald der Schnitt gemacht ist, kommt als n\u00e4chstes die Entfernung von \u00fcbersch\u00fcssigem Fett und Haut.<\/p>\n<h2><strong>Mini-Oberschenkelstraffung<\/strong><\/h2>\n<p>Eine Mini-Oberschenkelstraffung ist Ihre Option, wenn Ihre Hauterschlaffung die Oberschenkel betrifft. Bei der Behandlung wird ein Schnitt in der Leistengegend gesetzt und von dort aus das \u00fcbersch\u00fcssige Fett und die vorhandene Haut entfernt.<\/p>\n<p>Dieses Verfahren ist nur f\u00fcr die Oberschenkel geeignet, hat eine kleine Narbe zur Folge und erm\u00f6glicht eine schnellere Erholung.<\/p>\n<h2><strong>Beidseitige Oberschenkelstraffung<\/strong><\/h2>\n<p>Die beidseitige Oberschenkelstraffung ist ein Verfahren, das auf die Oberschenkelau\u00dfenseite abzielt, also sowohl auf die Au\u00dfenseite der Oberschenkel als auch auf die Vorderseite. Bei einer beidseitigen Oberschenkelstraffung f\u00fchrt Ihr Chirurg die Schnitte so aus, dass sie vom Ges\u00e4\u00df ausgehend Ihre \u00e4u\u00dferen H\u00fcften umschlie\u00dfen. Als n\u00e4chstes wird die \u00fcbersch\u00fcssige Haut und das Fett entfernt.<\/p>\n<h2><strong>Mediale Oberschenkelstraffung<\/strong><\/h2>\n<p>Die Methode der medialen Oberschenkelstraffung zielt auf die oberen Bereiche der inneren Oberschenkel. Es ist \u00e4hnlich wie eine innere Oberschenkelstraffung, zielt aber auf einen gr\u00f6\u00dferen Bereich der inneren Oberschenkel ab.<\/p>\n<p>Bei dieser Art der Oberschenkelstraffung beginnen die Schnitte von der Leiste aus und erstrecken sich entweder bis zum Ges\u00e4\u00df oder zur \u00e4u\u00dferen H\u00fcfte.<\/p>\n<p>Und je nach Ihren Problemzonen k\u00f6nnen die Schnitte auch senkrecht von der Leiste nach unten verlaufen. Ihr Chirurg wird dann die gesamte \u00fcbersch\u00fcssige Haut und das Fett um die Einschnitte herum entfernen.<\/p>\n<h2><strong>Ablauf einer Oberschenkelstraffung<\/strong><\/h2>\n<h3><strong>Vor der Operation<\/strong><\/h3>\n<p>Unser Team von An\u00e4sthesisten wird Ihre Vollnarkose verabreichen. Zuvor f\u00fchren wir einen Routine-Bluttest durch, um sicherzustellen, dass Sie f\u00fcr diese Art der An\u00e4sthesie geeignet sind.<\/p>\n<h3><strong>Chirurgie<\/strong><\/h3>\n<p>Ihre Chirurgen in der Esthete Clinic werden zun\u00e4chst Einschnitte in den Bereichen vornehmen, die Sie beide zuvor besprochen haben. Es kann sein, dass Sie mehr als eine Art von Oberschenkelstraffungstechnik oder nur einen einzigen Eingriff ben\u00f6tigen, um Ihre \u00e4sthetischen Probleme zu korrigieren.<\/p>\n<p>Nach der Entfernung der \u00fcbersch\u00fcssigen Haut wird Ihr Chirurg die Haut gl\u00e4tten und die Ver\u00e4nderungen mit N\u00e4hten fixieren.<\/p>\n<h3><strong>Nach der Operation<\/strong><\/h3>\n<p>Sie bleiben 30 bis 60 Minuten im Operationssaal, bevor das Team der Esthete-Klinik Sie auf Ihr Zimmer verlegt. Sobald die An\u00e4sthesie nachl\u00e4sst, k\u00f6nnen Sie anfangen, etwas Schmerz zu sp\u00fcren. Dies sollte aber kein Grund zur Sorge sein, da unsere \u00c4rzte Ihnen Schmerzmittel geben werden.<\/p>\n<p>Sie werden das Ergebnis nicht sofort sehen k\u00f6nnen, da der behandelte Bereich bandagiert wird. Unter den Verb\u00e4nden befinden sich \u00d6sophagusdrainagen, die den Fl\u00fcssigkeitsaustritt aus den Wunden ableiten. Sie werden auch ein Kompressionskleidungsst\u00fcck tragen, das die Schwellung auf ein Minimum reduzieren soll.<\/p>\n<p>Bevor Sie entlassen werden, wird unser Team in der Esthete Clinic Sie \u00fcber die Einnahme Ihrer Medikamente instruieren. Zus\u00e4tzlich dazu, wie Sie sich bewegen sollten, um Ihre Wunden nicht zu verletzen.<\/p>\n<h2><strong>Erholung nach Oberschenkelstraffung<\/strong><\/h2>\n<ul>\n<li>Vermeiden Sie Blutverd\u00fcnner und Entz\u00fcndungshemmer wie Aspirin oder Ibuprofen f\u00fcr mindestens eine Woche vollst\u00e4ndig<\/li>\n<li>Schwellungen und Bluterg\u00fcsse sind ganz nat\u00fcrlich und klingen von selbst wieder ab<\/li>\n<li>Sie sollten anstrengende \u00dcbungen vermeiden, vom Treppensteigen bis zur Hocke. Trotzdem sollten Sie sich von Zeit zu Zeit leicht bewegen, um Ihre Durchblutung zu verbessern.<\/li>\n<li>Sie k\u00f6nnen nach 2 Tagen duschen, wenn Ihr Arzt die Drainagen und die Kompressionskleidung entfernt hat.<\/li>\n<li>Sie sollten Ihre Kompressionskleidung einen Monat lang nach der Oberschenkelstraffung tragen<\/li>\n<li>Sie sollten in der Lage sein, Ihre t\u00e4glichen Aktivit\u00e4ten und das Autofahren in 2 bis 3 Wochen wieder aufzunehmen<\/li>\n<li>Sie k\u00f6nnen Ihr Trainingsprogramm nach 6 bis 8 Wochen wieder aufnehmen<\/li>\n<\/ul>\n<h2><strong>Ergebnisse der Oberschenkelstraffung<\/strong><\/h2>\n<p>Die Ergebnisse der Oberschenkelstraffung sind sofort sichtbar, verbessern sich aber mit der Zeit. In der Regel werden Sie nach 12 Monaten optimale Ergebnisse erzielen.<\/p>\n<p>Ihre Nachsorge ist sehr wichtig f\u00fcr Ihr Endergebnis, also nehmen Sie sie ernst.[\/vc_column_text][\/vc_column][vc_column width=&#8221;1\/3&#8243; el_class=&#8221;sticky_contact_form_ttttt&#8221;]\n<div class=\"wpcf7 no-js\" id=\"wpcf7-f7798-o1\" lang=\"de-DE\" dir=\"ltr\">\n<div class=\"screen-reader-response\"><p role=\"status\" aria-live=\"polite\" aria-atomic=\"true\"><\/p> <ul><\/ul><\/div>\n<form action=\"\/de\/wp-json\/wp\/v2\/pages\/8223#wpcf7-f7798-o1\" method=\"post\" class=\"wpcf7-form init\" aria-label=\"Kontaktformular\" novalidate=\"novalidate\" data-status=\"init\">\n<div style=\"display: none;\">\n<input type=\"hidden\" name=\"_wpcf7\" value=\"7798\" \/>\n<input type=\"hidden\" name=\"_wpcf7_version\" value=\"5.9.6\" \/>\n<input type=\"hidden\" name=\"_wpcf7_locale\" value=\"de_DE\" \/>\n<input type=\"hidden\" name=\"_wpcf7_unit_tag\" value=\"wpcf7-f7798-o1\" \/>\n<input type=\"hidden\" name=\"_wpcf7_container_post\" value=\"0\" \/>\n<input type=\"hidden\" name=\"_wpcf7_posted_data_hash\" value=\"\" \/>\n<\/div>\n<div class=\"contact_form_sticky_cf7\">\n\t<h3 style=\"text-align:center;color:white;\">Kostenlose Beratung erhalten\n\t<\/h3>\n\t<p style=\"text-align:center;color:white;\">Bitte f\u00fcllen Sie das untenstehende Formular aus und wir werden Sie in K\u00fcrze kontaktieren\n\t<\/p>\n\t<div class=\"contact-page1 row\">\n\t\t<div class=\"col-sm-6\">\n\t\t\t<p><span class=\"wpcf7-form-control-wrap\" data-name=\"nameeeee\"><input size=\"40\" maxlength=\"80\" class=\"wpcf7-form-control wpcf7-text wpcf7-validates-as-required\" aria-required=\"true\" aria-invalid=\"false\" placeholder=\"Ihr Name*\" value=\"\" type=\"text\" name=\"nameeeee\" \/><\/span>\n\t\t\t<\/p>\n\t\t<\/div>\n\t\t<div class=\"col-sm-6\">\n\t\t\t<p><span class=\"wpcf7-form-control-wrap\" data-name=\"emaillll\"><input size=\"40\" maxlength=\"80\" class=\"wpcf7-form-control wpcf7-email wpcf7-text wpcf7-validates-as-email\" aria-invalid=\"false\" placeholder=\"E-Mail-Adresse\" value=\"\" type=\"email\" name=\"emaillll\" \/><\/span>\n\t\t\t<\/p>\n\t\t<\/div>\n\t\t<div class=\"col-sm-12\" style=\"padding-bottom:20px;\">\n\t\t\t<p>[phonetext* phoneeee numberonly]\n\t\t\t<\/p>\n\t\t<\/div>\n\t\t<div class=\"col-sm-12\">\n\t\t\t<p><span class=\"wpcf7-form-control-wrap\" data-name=\"messageeeeee\"><textarea cols=\"40\" rows=\"10\" maxlength=\"400\" class=\"wpcf7-form-control wpcf7-textarea\" aria-invalid=\"false\" placeholder=\"Nachricht\" name=\"messageeeeee\"><\/textarea><\/span>\n\t\t\t<\/p>\n\t\t<\/div>\n\t<\/div>\n\t<p><input class=\"wpcf7-form-control wpcf7-submit has-spinner\" type=\"submit\" value=\"ABSENDEN\" \/>\n\t<\/p>\n<\/div><div class=\"wpcf7-response-output\" aria-hidden=\"true\"><\/div>\n<\/form>\n<\/div>\n[\/vc_column][\/vc_row]<\/p>\n","protected":false},"excerpt":{"rendered":"<p>[vc_row][vc_column width=&#8221;2\/3&#8243;][vc_column_text]Viele Faktoren k\u00f6nnen zur Entstehung von schlaffer Haut an den Oberschenkeln beitragen. Von drastischem Gewichtsverlust bis hin zu Alterung und Bewegungsmangel. Eine Oberschenkelstraffung ist ein chirurgischer Eingriff, bei dem die Oberschenkel konturiert und \u00dcbersch\u00fcsse entfernt werden, um den K\u00f6rper zu straffen. Der Eingriff kann das Aussehen Ihrer Oberschenkel und Ihres gesamten K\u00f6rpers deutlich verbessern&#8230;<\/p>\n","protected":false},"author":3,"featured_media":8634,"parent":0,"menu_order":0,"comment_status":"closed","ping_status":"closed","template":"","meta":{"footnotes":""},"class_list":["post-8223","page","type-page","status-publish","has-post-thumbnail","hentry"],"yoast_head":"<!-- This site is optimized with the Yoast SEO plugin v23.0 - https:\/\/yoast.com\/wordpress\/plugins\/seo\/ -->\n<title>Oberschenkelstraffung - Startseite<\/title>\n<meta name=\"robots\" content=\"index, follow, max-snippet:-1, max-image-preview:large, max-video-preview:-1\" \/>\n<link rel=\"canonical\" href=\"https:\/\/estheteclinic.com\/thigh-lift\/\" \/>\n<meta property=\"og:locale\" content=\"de_DE\" \/>\n<meta property=\"og:type\" content=\"article\" \/>\n<meta property=\"og:title\" content=\"Oberschenkelstraffung - Startseite\" \/>\n<meta property=\"og:description\" content=\"[vc_row][vc_column width=&#8221;2\/3&#8243;][vc_column_text]Viele Faktoren k\u00f6nnen zur Entstehung von schlaffer Haut an den Oberschenkeln beitragen. Von drastischem Gewichtsverlust bis hin zu Alterung und Bewegungsmangel. Eine Oberschenkelstraffung ist ein chirurgischer Eingriff, bei dem die Oberschenkel konturiert und \u00dcbersch\u00fcsse entfernt werden, um den K\u00f6rper zu straffen. Der Eingriff kann das Aussehen Ihrer Oberschenkel und Ihres gesamten K\u00f6rpers deutlich verbessern...\" \/>\n<meta property=\"og:url\" content=\"https:\/\/estheteclinic.com\/thigh-lift\/\" \/>\n<meta property=\"og:site_name\" content=\"Startseite\" \/>\n<meta property=\"article:modified_time\" content=\"2021-11-26T13:36:26+00:00\" \/>\n<meta property=\"og:image\" content=\"https:\/\/estheteclinic.com\/wp-content\/uploads\/2021\/11\/Thigh-Lift.jpg\" \/>\n\t<meta property=\"og:image:width\" content=\"2000\" \/>\n\t<meta property=\"og:image:height\" content=\"1169\" \/>\n\t<meta property=\"og:image:type\" content=\"image\/jpeg\" \/>\n<meta name=\"twitter:card\" content=\"summary_large_image\" \/>\n<meta name=\"twitter:label1\" content=\"Gesch\u00e4tzte Lesezeit\" \/>\n\t<meta name=\"twitter:data1\" content=\"5\u00a0Minuten\" \/>\n<script type=\"application\/ld+json\" class=\"yoast-schema-graph\">{\"@context\":\"https:\/\/schema.org\",\"@graph\":[{\"@type\":\"WebPage\",\"@id\":\"https:\/\/estheteclinic.com\/thigh-lift\/\",\"url\":\"https:\/\/estheteclinic.com\/thigh-lift\/\",\"name\":\"Oberschenkelstraffung - Startseite\",\"isPartOf\":{\"@id\":\"https:\/\/estheteclinic.com\/#website\"},\"primaryImageOfPage\":{\"@id\":\"https:\/\/estheteclinic.com\/thigh-lift\/#primaryimage\"},\"image\":{\"@id\":\"https:\/\/estheteclinic.com\/thigh-lift\/#primaryimage\"},\"thumbnailUrl\":\"https:\/\/estheteclinic.com\/wp-content\/uploads\/2021\/11\/Thigh-Lift.jpg\",\"datePublished\":\"2021-11-06T18:14:25+00:00\",\"dateModified\":\"2021-11-26T13:36:26+00:00\",\"breadcrumb\":{\"@id\":\"https:\/\/estheteclinic.com\/thigh-lift\/#breadcrumb\"},\"inLanguage\":\"de\",\"potentialAction\":[{\"@type\":\"ReadAction\",\"target\":[\"https:\/\/estheteclinic.com\/thigh-lift\/\"]}]},{\"@type\":\"ImageObject\",\"inLanguage\":\"de\",\"@id\":\"https:\/\/estheteclinic.com\/thigh-lift\/#primaryimage\",\"url\":\"https:\/\/estheteclinic.com\/wp-content\/uploads\/2021\/11\/Thigh-Lift.jpg\",\"contentUrl\":\"https:\/\/estheteclinic.com\/wp-content\/uploads\/2021\/11\/Thigh-Lift.jpg\",\"width\":2000,\"height\":1169,\"caption\":\"Thigh Lift\"},{\"@type\":\"BreadcrumbList\",\"@id\":\"https:\/\/estheteclinic.com\/thigh-lift\/#breadcrumb\",\"itemListElement\":[{\"@type\":\"ListItem\",\"position\":1,\"name\":\"Home\",\"item\":\"https:\/\/estheteclinic.com\/de\/\"},{\"@type\":\"ListItem\",\"position\":2,\"name\":\"Oberschenkelstraffung\"}]},{\"@type\":\"WebSite\",\"@id\":\"https:\/\/estheteclinic.com\/#website\",\"url\":\"https:\/\/estheteclinic.com\/\",\"name\":\"Startseite\",\"description\":\"Plastic Surgery &amp; Hair Transplant in Turkey\",\"potentialAction\":[{\"@type\":\"SearchAction\",\"target\":{\"@type\":\"EntryPoint\",\"urlTemplate\":\"https:\/\/estheteclinic.com\/?s={search_term_string}\"},\"query-input\":\"required name=search_term_string\"}],\"inLanguage\":\"de\"}]}<\/script>\n<!-- \/ Yoast SEO plugin. -->","yoast_head_json":{"title":"Oberschenkelstraffung - Startseite","robots":{"index":"index","follow":"follow","max-snippet":"max-snippet:-1","max-image-preview":"max-image-preview:large","max-video-preview":"max-video-preview:-1"},"canonical":"https:\/\/estheteclinic.com\/thigh-lift\/","og_locale":"de_DE","og_type":"article","og_title":"Oberschenkelstraffung - Startseite","og_description":"[vc_row][vc_column width=&#8221;2\/3&#8243;][vc_column_text]Viele Faktoren k\u00f6nnen zur Entstehung von schlaffer Haut an den Oberschenkeln beitragen. Von drastischem Gewichtsverlust bis hin zu Alterung und Bewegungsmangel. Eine Oberschenkelstraffung ist ein chirurgischer Eingriff, bei dem die Oberschenkel konturiert und \u00dcbersch\u00fcsse entfernt werden, um den K\u00f6rper zu straffen. Der Eingriff kann das Aussehen Ihrer Oberschenkel und Ihres gesamten K\u00f6rpers deutlich verbessern...","og_url":"https:\/\/estheteclinic.com\/thigh-lift\/","og_site_name":"Startseite","article_modified_time":"2021-11-26T13:36:26+00:00","og_image":[{"width":2000,"height":1169,"url":"https:\/\/estheteclinic.com\/wp-content\/uploads\/2021\/11\/Thigh-Lift.jpg","type":"image\/jpeg"}],"twitter_card":"summary_large_image","twitter_misc":{"Gesch\u00e4tzte Lesezeit":"5\u00a0Minuten"},"schema":{"@context":"https:\/\/schema.org","@graph":[{"@type":"WebPage","@id":"https:\/\/estheteclinic.com\/thigh-lift\/","url":"https:\/\/estheteclinic.com\/thigh-lift\/","name":"Oberschenkelstraffung - Startseite","isPartOf":{"@id":"https:\/\/estheteclinic.com\/#website"},"primaryImageOfPage":{"@id":"https:\/\/estheteclinic.com\/thigh-lift\/#primaryimage"},"image":{"@id":"https:\/\/estheteclinic.com\/thigh-lift\/#primaryimage"},"thumbnailUrl":"https:\/\/estheteclinic.com\/wp-content\/uploads\/2021\/11\/Thigh-Lift.jpg","datePublished":"2021-11-06T18:14:25+00:00","dateModified":"2021-11-26T13:36:26+00:00","breadcrumb":{"@id":"https:\/\/estheteclinic.com\/thigh-lift\/#breadcrumb"},"inLanguage":"de","potentialAction":[{"@type":"ReadAction","target":["https:\/\/estheteclinic.com\/thigh-lift\/"]}]},{"@type":"ImageObject","inLanguage":"de","@id":"https:\/\/estheteclinic.com\/thigh-lift\/#primaryimage","url":"https:\/\/estheteclinic.com\/wp-content\/uploads\/2021\/11\/Thigh-Lift.jpg","contentUrl":"https:\/\/estheteclinic.com\/wp-content\/uploads\/2021\/11\/Thigh-Lift.jpg","width":2000,"height":1169,"caption":"Thigh Lift"},{"@type":"BreadcrumbList","@id":"https:\/\/estheteclinic.com\/thigh-lift\/#breadcrumb","itemListElement":[{"@type":"ListItem","position":1,"name":"Home","item":"https:\/\/estheteclinic.com\/de\/"},{"@type":"ListItem","position":2,"name":"Oberschenkelstraffung"}]},{"@type":"WebSite","@id":"https:\/\/estheteclinic.com\/#website","url":"https:\/\/estheteclinic.com\/","name":"Startseite","description":"Plastic Surgery &amp; Hair Transplant in Turkey","potentialAction":[{"@type":"SearchAction","target":{"@type":"EntryPoint","urlTemplate":"https:\/\/estheteclinic.com\/?s={search_term_string}"},"query-input":"required name=search_term_string"}],"inLanguage":"de"}]}},"_links":{"self":[{"href":"https:\/\/estheteclinic.com\/de\/wp-json\/wp\/v2\/pages\/8223","targetHints":{"allow":["GET"]}}],"collection":[{"href":"https:\/\/estheteclinic.com\/de\/wp-json\/wp\/v2\/pages"}],"about":[{"href":"https:\/\/estheteclinic.com\/de\/wp-json\/wp\/v2\/types\/page"}],"author":[{"embeddable":true,"href":"https:\/\/estheteclinic.com\/de\/wp-json\/wp\/v2\/users\/3"}],"replies":[{"embeddable":true,"href":"https:\/\/estheteclinic.com\/de\/wp-json\/wp\/v2\/comments?post=8223"}],"version-history":[{"count":2,"href":"https:\/\/estheteclinic.com\/de\/wp-json\/wp\/v2\/pages\/8223\/revisions"}],"predecessor-version":[{"id":8639,"href":"https:\/\/estheteclinic.com\/de\/wp-json\/wp\/v2\/pages\/8223\/revisions\/8639"}],"wp:featuredmedia":[{"embeddable":true,"href":"https:\/\/estheteclinic.com\/de\/wp-json\/wp\/v2\/media\/8634"}],"wp:attachment":[{"href":"https:\/\/estheteclinic.com\/de\/wp-json\/wp\/v2\/media?parent=8223"}],"curies":[{"name":"wp","href":"https:\/\/api.w.org\/{rel}","templated":true}]}}