{"id":8233,"date":"2021-11-06T18:16:35","date_gmt":"2021-11-06T18:16:35","guid":{"rendered":"http:\/\/estheteclinic.com\/?page_id=8233"},"modified":"2021-11-24T13:45:19","modified_gmt":"2021-11-24T13:45:19","slug":"bauchdeckenstraffung","status":"publish","type":"page","link":"https:\/\/estheteclinic.com\/de\/bauchdeckenstraffung\/","title":{"rendered":"Bauchdeckenstraffung"},"content":{"rendered":"<p>[vc_row][vc_column width=&#8221;2\/3&#8243;][vc_column_text]Eine Bauchdeckenstraffung ist ein chirurgischer Eingriff, bei dem \u00fcbersch\u00fcssiges Fett und schlaffe Haut im mittleren und unteren Bauchbereich entfernt und die Bauchmuskeln gestrafft werden. W\u00e4hrend \u00fcbersch\u00fcssiges Fett entfernt wird, ist es wichtig zu wissen, dass die Bauchdeckenstraffung keine bariatrische Operation ist. Wenn Sie \u00fcbergewichtig sind und sich f\u00fcr eine Bauchdeckenstraffung entscheiden wollen, m\u00fcssen Sie vorher so viel Gewicht verlieren wie m\u00f6glich.<\/p>\n<p>F\u00fcr die Bauchstraffung stehen mehrere Techniken zur Verf\u00fcgung, die meisten davon beherrschen unsere Chirurgen in der Esthete Clinic perfekt. Die Bauchdeckenstraffung kann zusammen mit Korrekturoperationen an anderen K\u00f6rperteilen durchgef\u00fchrt werden.<\/p>\n<h2><strong>Kandidaten f\u00fcr eine Bauchdeckenstraffung<\/strong><\/h2>\n<p>Sie sind f\u00fcr eine Bauchdeckenstraffung geeignet, wenn:<\/p>\n<ul>\n<li>Sie \u00fcbersch\u00fcssige Haut durch Gewichtsverlust, Schwangerschaft oder Alterung haben.<\/li>\n<li>Sie nicht fettleibig sind<\/li>\n<li>Sie bei guter Gesundheit sind<\/li>\n<\/ul>\n<h2><strong>So bereiten Sie sich auf die Bauchdeckenstraffung vor<\/strong><\/h2>\n<p>Im Allgemeinen werden unsere Chirurgen in der Esthete Clinic diese Punkte mit Ihnen durchgehen. Aber hier sind einige der wichtigsten Punkte, die Sie vor einer Bauchdeckenstraffung beachten sollten.<\/p>\n<ul>\n<li>Wenn Sie rauchen, sollten Sie ab 2 Wochen vor der Bauchdeckenstraffunng damit aufh\u00f6ren<\/li>\n<li>Beenden Sie die Einnahme von Vitamin E und Blutverd\u00fcnnern 2 Wochen vor der Bauchdeckenstraffung<\/li>\n<\/ul>\n<h2><strong>Verfahren zur Bauchstraffung<\/strong><\/h2>\n<h3><strong>Vor der Operation<\/strong><\/h3>\n<p>Unsere Chirurgen beginnen mit der Sterilisation und dem Anzeichnen Ihres Bauches, um die Details Ihrer Bauchstraffung zu planen.<\/p>\n<p>Anschlie\u00dfend wird unser An\u00e4sthesist Ihre Vollnarkose verabreichen und Sie auf die Operation vorbereiten.<\/p>\n<h3><strong>Chirurgie<\/strong><\/h3>\n<p>Bei einer Bauchdeckenstraffung setzt Ihr Chirurg einen Schnitt, der typischerweise in Bereichen liegt, die mit Kleidung bedeckt werden k\u00f6nnen. In den meisten F\u00e4llen muss ein Schnitt 10 cm unterhalb des Nabels und ein weiterer in der N\u00e4he gemacht werden. Durch diesen Einschnitt entfernt Ihr Chirurg das \u00fcbersch\u00fcssige Fett und die Haut und strafft die darunter liegenden Bauchmuskeln. Nachdem alle notwendigen Ver\u00e4nderungen erreicht sind, n\u00e4ht Ihr Arzt sie mit biomedizinischen N\u00e4hten an.<\/p>\n<h3><strong>Nach der Operation<\/strong><\/h3>\n<p>Nach der Operation wird der Behandlungsbereich mit einem Verband abgedeckt. Ebenso finden Sie zwei Drainagen in der N\u00e4he der Wunde, die dazu dienen, \u00fcbersch\u00fcssige Fl\u00fcssigkeit und Ausfluss zu entfernen. Die Drainagen werden 1 bis 3 Tage nach Ihrer Bauchdeckenstraffung entfernt.<\/p>\n<h2><strong>Genesung nach einer Bauchstraffung<\/strong><\/h2>\n<p>Direkt nach der Operation werden Sie nicht direkt stehen k\u00f6nnen. Aus diesem Grund werden Sie einen Urinkatheter verwenden. Wenn Sie Ihr Gleichgewicht wiedererlangen, typischerweise innerhalb eines Tages, k\u00f6nnen Sie die Verwendung vernachl\u00e4ssigen. Sie werden durchschnittlich 2 N\u00e4chte im Krankenhaus bleiben, bevor Sie entlassen werden.<\/p>\n<p>Unsere Chirurgen in der Esthete Clinic werden Sie mit allen Informationen versorgen, die Sie f\u00fcr die Genesung ben\u00f6tigen. Im Allgemeinen umfasst Ihre postoperative Versorgung jedoch Folgendes:<\/p>\n<p>\u2013 Legen Sie sich V-f\u00f6rmig hin und heben Sie den Oberk\u00f6rper um 45 Grad an, um Spannungen und Schwellungen in den ersten Tagen zu reduzieren.<\/p>\n<ul>\n<li>Von Zeit zu Zeit empfiehlt es sich, die Beine anzuwinkeln und zum Oberk\u00f6rper zu bringen. Dadurch wird die Zirkulation gef\u00f6rdert<\/li>\n<li>Tragen Sie Ihr Kompressionskleidungsst\u00fcck wie von unseren Chirurgen angewiesen. Sie spielt eine wichtige Rolle bei Ihrer Genesung.<\/li>\n<li>Vermeiden Sie in den ersten Wochen nach einer Bauchdeckenstraffung bl\u00e4hende Nahrungsmittel<\/li>\n<li>Wenn Sie Schmerzen versp\u00fcren, nehmen Sie Ihre Schmerzmittel wie vorgeschrieben ein.<\/li>\n<li>Um eine Embolie zu vermeiden, machen Sie leichte Spazierg\u00e4nge im Raum<\/li>\n<li>Rauchen Sie nicht und trinken Sie keinen Alkohol f\u00fcr 2 Wochen nach einer Bauchstraffung<\/li>\n<li>Vermeiden Sie anstrengende \u00dcbungen<\/li>\n<li>Machen Sie w\u00e4hrend der Erholung keine ruckartigen oder gro\u00dfen Bewegungen<\/li>\n<li>Vermeiden Sie direkte Sonneneinstrahlung<\/li>\n<li>Schwimmen Sie nicht in Schwimmbecken oder Meeren<\/li>\n<li>Vermeiden Sie Sauna und Dampfbad<\/li>\n<\/ul>\n<h2><strong>Duschen nach einer Bauchdeckenstraffung<\/strong><\/h2>\n<p>Normalerweise wird Ihnen in der ersten Woche nach einer Bauchdeckenstraffung geraten, nur halb zu duschen, ohne den Operationsbereich zu ben\u00e4ssen. Ab der zweiten Woche k\u00f6nnen Sie voll duschen.<\/p>\n<h2><strong>Dauer einer Bauchdeckenstraffung<\/strong><\/h2>\n<p>Eine Bauchdeckenstraffung dauert zwischen 3 und 5 Stunden, abh\u00e4ngig von Ihrem pers\u00f6nlichen Fall und Ihren \u00e4sthetischen Zielen.<\/p>\n<h2><strong>Ergebnisse einer Bauchdeckenstraffung<\/strong><\/h2>\n<p>Das Ergebnis einer Bauchdeckenstraffung ist sofort sichtbar, aber durch die vielen Verb\u00e4nde und Bandagen werden Sie es nicht sofort sehen k\u00f6nnen. Die Form Ihres Bauches wird sich drastisch ver\u00e4ndern und die Ergebnisse werden sich im Laufe der Genesung verbessern.<\/p>\n<p>Die Ergebnisse einer Bauchdeckenstraffung k\u00f6nnen lang anhaltend sein, aber Faktoren wie eine schnelle Gewichtszunahme k\u00f6nnen die Langlebigkeit der Ergebnisse ver\u00e4ndern. Was die Narbe betrifft, so werden unsere Chirurgen ihr Bestes tun, um die Schnitte in Bereichen zu vollziehen, die nicht sichtbar sind. W\u00e4hrend die Narben heilen, werden sie sich mehr mit Ihrer nat\u00fcrlichen Hautfarbe vermischen.[\/vc_column_text][\/vc_column][vc_column width=&#8221;1\/3&#8243; el_class=&#8221;sticky_contact_form_ttttt&#8221;]\n<div class=\"wpcf7 no-js\" id=\"wpcf7-f7798-o1\" lang=\"de-DE\" dir=\"ltr\">\n<div class=\"screen-reader-response\"><p role=\"status\" aria-live=\"polite\" aria-atomic=\"true\"><\/p> <ul><\/ul><\/div>\n<form action=\"\/de\/wp-json\/wp\/v2\/pages\/8233#wpcf7-f7798-o1\" method=\"post\" class=\"wpcf7-form init\" aria-label=\"Kontaktformular\" novalidate=\"novalidate\" data-status=\"init\">\n<div style=\"display: none;\">\n<input type=\"hidden\" name=\"_wpcf7\" value=\"7798\" \/>\n<input type=\"hidden\" name=\"_wpcf7_version\" value=\"5.9.6\" \/>\n<input type=\"hidden\" name=\"_wpcf7_locale\" value=\"de_DE\" \/>\n<input type=\"hidden\" name=\"_wpcf7_unit_tag\" value=\"wpcf7-f7798-o1\" \/>\n<input type=\"hidden\" name=\"_wpcf7_container_post\" value=\"0\" \/>\n<input type=\"hidden\" name=\"_wpcf7_posted_data_hash\" value=\"\" \/>\n<\/div>\n<div class=\"contact_form_sticky_cf7\">\n\t<h3 style=\"text-align:center;color:white;\">Kostenlose Beratung erhalten\n\t<\/h3>\n\t<p style=\"text-align:center;color:white;\">Bitte f\u00fcllen Sie das untenstehende Formular aus und wir werden Sie in K\u00fcrze kontaktieren\n\t<\/p>\n\t<div class=\"contact-page1 row\">\n\t\t<div class=\"col-sm-6\">\n\t\t\t<p><span class=\"wpcf7-form-control-wrap\" data-name=\"nameeeee\"><input size=\"40\" maxlength=\"80\" class=\"wpcf7-form-control wpcf7-text wpcf7-validates-as-required\" aria-required=\"true\" aria-invalid=\"false\" placeholder=\"Ihr Name*\" value=\"\" type=\"text\" name=\"nameeeee\" \/><\/span>\n\t\t\t<\/p>\n\t\t<\/div>\n\t\t<div class=\"col-sm-6\">\n\t\t\t<p><span class=\"wpcf7-form-control-wrap\" data-name=\"emaillll\"><input size=\"40\" maxlength=\"80\" class=\"wpcf7-form-control wpcf7-email wpcf7-text wpcf7-validates-as-email\" aria-invalid=\"false\" placeholder=\"E-Mail-Adresse\" value=\"\" type=\"email\" name=\"emaillll\" \/><\/span>\n\t\t\t<\/p>\n\t\t<\/div>\n\t\t<div class=\"col-sm-12\" style=\"padding-bottom:20px;\">\n\t\t\t<p>[phonetext* phoneeee numberonly]\n\t\t\t<\/p>\n\t\t<\/div>\n\t\t<div class=\"col-sm-12\">\n\t\t\t<p><span class=\"wpcf7-form-control-wrap\" data-name=\"messageeeeee\"><textarea cols=\"40\" rows=\"10\" maxlength=\"400\" class=\"wpcf7-form-control wpcf7-textarea\" aria-invalid=\"false\" placeholder=\"Nachricht\" name=\"messageeeeee\"><\/textarea><\/span>\n\t\t\t<\/p>\n\t\t<\/div>\n\t<\/div>\n\t<p><input class=\"wpcf7-form-control wpcf7-submit has-spinner\" type=\"submit\" value=\"ABSENDEN\" \/>\n\t<\/p>\n<\/div><div class=\"wpcf7-response-output\" aria-hidden=\"true\"><\/div>\n<\/form>\n<\/div>\n[\/vc_column][\/vc_row]<\/p>\n","protected":false},"excerpt":{"rendered":"<p>[vc_row][vc_column width=&#8221;2\/3&#8243;][vc_column_text]Eine Bauchdeckenstraffung ist ein chirurgischer Eingriff, bei dem \u00fcbersch\u00fcssiges Fett und schlaffe Haut im mittleren und unteren Bauchbereich entfernt und die Bauchmuskeln gestrafft werden. W\u00e4hrend \u00fcbersch\u00fcssiges Fett entfernt wird, ist es wichtig zu wissen, dass die Bauchdeckenstraffung keine bariatrische Operation ist. Wenn Sie \u00fcbergewichtig sind und sich f\u00fcr eine Bauchdeckenstraffung entscheiden wollen, m\u00fcssen Sie&#8230;<\/p>\n","protected":false},"author":3,"featured_media":8565,"parent":0,"menu_order":0,"comment_status":"closed","ping_status":"closed","template":"","meta":{"footnotes":""},"class_list":["post-8233","page","type-page","status-publish","has-post-thumbnail","hentry"],"yoast_head":"<!-- This site is optimized with the Yoast SEO plugin v23.0 - https:\/\/yoast.com\/wordpress\/plugins\/seo\/ -->\n<title>Bauchdeckenstraffung - Startseite<\/title>\n<meta name=\"robots\" content=\"index, follow, max-snippet:-1, max-image-preview:large, max-video-preview:-1\" \/>\n<link rel=\"canonical\" href=\"https:\/\/estheteclinic.com\/tummy-tuck\/\" \/>\n<meta property=\"og:locale\" content=\"de_DE\" \/>\n<meta property=\"og:type\" content=\"article\" \/>\n<meta property=\"og:title\" content=\"Bauchdeckenstraffung - Startseite\" \/>\n<meta property=\"og:description\" content=\"[vc_row][vc_column width=&#8221;2\/3&#8243;][vc_column_text]Eine Bauchdeckenstraffung ist ein chirurgischer Eingriff, bei dem \u00fcbersch\u00fcssiges Fett und schlaffe Haut im mittleren und unteren Bauchbereich entfernt und die Bauchmuskeln gestrafft werden. W\u00e4hrend \u00fcbersch\u00fcssiges Fett entfernt wird, ist es wichtig zu wissen, dass die Bauchdeckenstraffung keine bariatrische Operation ist. Wenn Sie \u00fcbergewichtig sind und sich f\u00fcr eine Bauchdeckenstraffung entscheiden wollen, m\u00fcssen Sie...\" \/>\n<meta property=\"og:url\" content=\"https:\/\/estheteclinic.com\/tummy-tuck\/\" \/>\n<meta property=\"og:site_name\" content=\"Startseite\" \/>\n<meta property=\"article:modified_time\" content=\"2021-11-24T13:45:19+00:00\" \/>\n<meta property=\"og:image\" content=\"https:\/\/estheteclinic.com\/wp-content\/uploads\/2021\/11\/tummy-tuckkk.jpg\" \/>\n\t<meta property=\"og:image:width\" content=\"2000\" \/>\n\t<meta property=\"og:image:height\" content=\"952\" \/>\n\t<meta property=\"og:image:type\" content=\"image\/jpeg\" \/>\n<meta name=\"twitter:card\" content=\"summary_large_image\" \/>\n<meta name=\"twitter:label1\" content=\"Gesch\u00e4tzte Lesezeit\" \/>\n\t<meta name=\"twitter:data1\" content=\"4\u00a0Minuten\" \/>\n<script type=\"application\/ld+json\" class=\"yoast-schema-graph\">{\"@context\":\"https:\/\/schema.org\",\"@graph\":[{\"@type\":\"WebPage\",\"@id\":\"https:\/\/estheteclinic.com\/tummy-tuck\/\",\"url\":\"https:\/\/estheteclinic.com\/tummy-tuck\/\",\"name\":\"Bauchdeckenstraffung - Startseite\",\"isPartOf\":{\"@id\":\"https:\/\/estheteclinic.com\/#website\"},\"primaryImageOfPage\":{\"@id\":\"https:\/\/estheteclinic.com\/tummy-tuck\/#primaryimage\"},\"image\":{\"@id\":\"https:\/\/estheteclinic.com\/tummy-tuck\/#primaryimage\"},\"thumbnailUrl\":\"https:\/\/estheteclinic.com\/wp-content\/uploads\/2021\/11\/tummy-tuckkk.jpg\",\"datePublished\":\"2021-11-06T18:16:35+00:00\",\"dateModified\":\"2021-11-24T13:45:19+00:00\",\"breadcrumb\":{\"@id\":\"https:\/\/estheteclinic.com\/tummy-tuck\/#breadcrumb\"},\"inLanguage\":\"de\",\"potentialAction\":[{\"@type\":\"ReadAction\",\"target\":[\"https:\/\/estheteclinic.com\/tummy-tuck\/\"]}]},{\"@type\":\"ImageObject\",\"inLanguage\":\"de\",\"@id\":\"https:\/\/estheteclinic.com\/tummy-tuck\/#primaryimage\",\"url\":\"https:\/\/estheteclinic.com\/wp-content\/uploads\/2021\/11\/tummy-tuckkk.jpg\",\"contentUrl\":\"https:\/\/estheteclinic.com\/wp-content\/uploads\/2021\/11\/tummy-tuckkk.jpg\",\"width\":2000,\"height\":952,\"caption\":\"tummy tuck\"},{\"@type\":\"BreadcrumbList\",\"@id\":\"https:\/\/estheteclinic.com\/tummy-tuck\/#breadcrumb\",\"itemListElement\":[{\"@type\":\"ListItem\",\"position\":1,\"name\":\"Home\",\"item\":\"https:\/\/estheteclinic.com\/de\/\"},{\"@type\":\"ListItem\",\"position\":2,\"name\":\"Bauchdeckenstraffung\"}]},{\"@type\":\"WebSite\",\"@id\":\"https:\/\/estheteclinic.com\/#website\",\"url\":\"https:\/\/estheteclinic.com\/\",\"name\":\"Startseite\",\"description\":\"Plastic Surgery &amp; Hair Transplant in Turkey\",\"potentialAction\":[{\"@type\":\"SearchAction\",\"target\":{\"@type\":\"EntryPoint\",\"urlTemplate\":\"https:\/\/estheteclinic.com\/?s={search_term_string}\"},\"query-input\":\"required name=search_term_string\"}],\"inLanguage\":\"de\"}]}<\/script>\n<!-- \/ Yoast SEO plugin. -->","yoast_head_json":{"title":"Bauchdeckenstraffung - Startseite","robots":{"index":"index","follow":"follow","max-snippet":"max-snippet:-1","max-image-preview":"max-image-preview:large","max-video-preview":"max-video-preview:-1"},"canonical":"https:\/\/estheteclinic.com\/tummy-tuck\/","og_locale":"de_DE","og_type":"article","og_title":"Bauchdeckenstraffung - Startseite","og_description":"[vc_row][vc_column width=&#8221;2\/3&#8243;][vc_column_text]Eine Bauchdeckenstraffung ist ein chirurgischer Eingriff, bei dem \u00fcbersch\u00fcssiges Fett und schlaffe Haut im mittleren und unteren Bauchbereich entfernt und die Bauchmuskeln gestrafft werden. W\u00e4hrend \u00fcbersch\u00fcssiges Fett entfernt wird, ist es wichtig zu wissen, dass die Bauchdeckenstraffung keine bariatrische Operation ist. Wenn Sie \u00fcbergewichtig sind und sich f\u00fcr eine Bauchdeckenstraffung entscheiden wollen, m\u00fcssen Sie...","og_url":"https:\/\/estheteclinic.com\/tummy-tuck\/","og_site_name":"Startseite","article_modified_time":"2021-11-24T13:45:19+00:00","og_image":[{"width":2000,"height":952,"url":"https:\/\/estheteclinic.com\/wp-content\/uploads\/2021\/11\/tummy-tuckkk.jpg","type":"image\/jpeg"}],"twitter_card":"summary_large_image","twitter_misc":{"Gesch\u00e4tzte Lesezeit":"4\u00a0Minuten"},"schema":{"@context":"https:\/\/schema.org","@graph":[{"@type":"WebPage","@id":"https:\/\/estheteclinic.com\/tummy-tuck\/","url":"https:\/\/estheteclinic.com\/tummy-tuck\/","name":"Bauchdeckenstraffung - Startseite","isPartOf":{"@id":"https:\/\/estheteclinic.com\/#website"},"primaryImageOfPage":{"@id":"https:\/\/estheteclinic.com\/tummy-tuck\/#primaryimage"},"image":{"@id":"https:\/\/estheteclinic.com\/tummy-tuck\/#primaryimage"},"thumbnailUrl":"https:\/\/estheteclinic.com\/wp-content\/uploads\/2021\/11\/tummy-tuckkk.jpg","datePublished":"2021-11-06T18:16:35+00:00","dateModified":"2021-11-24T13:45:19+00:00","breadcrumb":{"@id":"https:\/\/estheteclinic.com\/tummy-tuck\/#breadcrumb"},"inLanguage":"de","potentialAction":[{"@type":"ReadAction","target":["https:\/\/estheteclinic.com\/tummy-tuck\/"]}]},{"@type":"ImageObject","inLanguage":"de","@id":"https:\/\/estheteclinic.com\/tummy-tuck\/#primaryimage","url":"https:\/\/estheteclinic.com\/wp-content\/uploads\/2021\/11\/tummy-tuckkk.jpg","contentUrl":"https:\/\/estheteclinic.com\/wp-content\/uploads\/2021\/11\/tummy-tuckkk.jpg","width":2000,"height":952,"caption":"tummy tuck"},{"@type":"BreadcrumbList","@id":"https:\/\/estheteclinic.com\/tummy-tuck\/#breadcrumb","itemListElement":[{"@type":"ListItem","position":1,"name":"Home","item":"https:\/\/estheteclinic.com\/de\/"},{"@type":"ListItem","position":2,"name":"Bauchdeckenstraffung"}]},{"@type":"WebSite","@id":"https:\/\/estheteclinic.com\/#website","url":"https:\/\/estheteclinic.com\/","name":"Startseite","description":"Plastic Surgery &amp; Hair Transplant in Turkey","potentialAction":[{"@type":"SearchAction","target":{"@type":"EntryPoint","urlTemplate":"https:\/\/estheteclinic.com\/?s={search_term_string}"},"query-input":"required name=search_term_string"}],"inLanguage":"de"}]}},"_links":{"self":[{"href":"https:\/\/estheteclinic.com\/de\/wp-json\/wp\/v2\/pages\/8233","targetHints":{"allow":["GET"]}}],"collection":[{"href":"https:\/\/estheteclinic.com\/de\/wp-json\/wp\/v2\/pages"}],"about":[{"href":"https:\/\/estheteclinic.com\/de\/wp-json\/wp\/v2\/types\/page"}],"author":[{"embeddable":true,"href":"https:\/\/estheteclinic.com\/de\/wp-json\/wp\/v2\/users\/3"}],"replies":[{"embeddable":true,"href":"https:\/\/estheteclinic.com\/de\/wp-json\/wp\/v2\/comments?post=8233"}],"version-history":[{"count":2,"href":"https:\/\/estheteclinic.com\/de\/wp-json\/wp\/v2\/pages\/8233\/revisions"}],"predecessor-version":[{"id":8569,"href":"https:\/\/estheteclinic.com\/de\/wp-json\/wp\/v2\/pages\/8233\/revisions\/8569"}],"wp:featuredmedia":[{"embeddable":true,"href":"https:\/\/estheteclinic.com\/de\/wp-json\/wp\/v2\/media\/8565"}],"wp:attachment":[{"href":"https:\/\/estheteclinic.com\/de\/wp-json\/wp\/v2\/media?parent=8233"}],"curies":[{"name":"wp","href":"https:\/\/api.w.org\/{rel}","templated":true}]}}