{"id":8541,"date":"2021-11-15T09:33:09","date_gmt":"2021-11-15T09:33:09","guid":{"rendered":"http:\/\/estheteclinic.com\/?page_id=8541"},"modified":"2021-11-25T06:38:36","modified_gmt":"2021-11-25T06:38:36","slug":"fettabsaugung","status":"publish","type":"page","link":"https:\/\/estheteclinic.com\/de\/fettabsaugung\/","title":{"rendered":"Fettabsaugung"},"content":{"rendered":"<p>[vc_row][vc_column width=&#8221;2\/3&#8243;][vc_column_text]Die Fettabsaugung ist ein chirurgischer Eingriff, der unter die K\u00f6rperkonturierung f\u00e4llt. Das Verfahren ist sehr verbreitet, Millionen von Patienten haben sich weltweit behandeln lassen. Die Fettabsaugung ist sehr vielseitig, und Sie k\u00f6nnen die Behandlung an fast jeder Stelle Ihres K\u00f6rpers durchf\u00fchren lassen.<\/p>\n<h2>Was ist eine Fettabsaugung<\/h2>\n<p>Die Fettabsaugung ist ein chirurgischer Eingriff, bei dem Ihr Arzt ein Ger\u00e4t verwendet, um Fett in den Zielbereichen zu entfernen. Der Mechanismus, mit dem die Fettabsaugung funktioniert, ist die Saugwirkung, bei der das Fett aus Bereichen wie Kinn, Bauch, Armen, R\u00fccken, Oberschenkeln und Beinen abgesaugt wird.<\/p>\n<p>Die Fettabsaugung entfernt nicht nur das Fett, sondern konturiert auch den Bereich. Das hei\u00dft, der behandelte Bereich wird gestrafft und schlaffe Stellen werden beseitigt.<\/p>\n<p>Der Eingriff dient nicht der Gewichtsabnahme, daf\u00fcr k\u00f6nnen Sie stattdessen bariatrische Operationen in Betracht ziehen. Durch die Fettabsaugung wird hartn\u00e4ckiges Fett entfernt, das auf Di\u00e4t und Sport nicht gut reagiert hat.<\/p>\n<h2>K\u00f6rperregionen, an denen Sie sich Fett absaugen lassen k\u00f6nnen<\/h2>\n<ul>\n<li>Oberarme<\/li>\n<li>Brust<\/li>\n<li>R\u00fccken<\/li>\n<li>Nacken<\/li>\n<li>Kinn<\/li>\n<li>H\u00fcften<\/li>\n<li>Oberschenkel<\/li>\n<li>Waden<\/li>\n<li>Kn\u00f6chel<\/li>\n<li>Bauch<\/li>\n<li>Ges\u00e4\u00df<\/li>\n<\/ul>\n<p>In einigen F\u00e4llen kann eine Fettabsaugung eine perfekte Behandlung f\u00fcr Gyn\u00e4komastie und in bestimmten F\u00e4llen ein guter Ansatz f\u00fcr eine Brustverkleinerung bei Frauen sein.<\/p>\n<h2>Wie funktioniert die Fettabsaugung?<\/h2>\n<p>Die Fettabsaugung zielt auf die Anzahl der Fettzellen in einem bestimmten Bereich ab. Nach einer Gewichtszunahme nimmt die Anzahl der Fettzellen im K\u00f6rper zu und damit auch ihr Volumen. Bei einer Gewichtsabnahme verschwinden die Fettzellen nicht, sondern schrumpfen nur in ihrer Gr\u00f6\u00dfe.<\/p>\n<p>Bei der Fettabsaugung werden die Fettzellen entfernt, und zwar speziell in den Bereichen, die auf Sport und Di\u00e4ten nicht ansprechen.<\/p>\n<h2>Arten der Fettabsaugung<\/h2>\n<p>Es gibt viele verschiedene Arten der Fettabsaugung, und jede Art eignet sich f\u00fcr unterschiedliche F\u00e4lle.<\/p>\n<h3>1- Tumeszenz-Fettabsaugung<\/h3>\n<p>Die Tumeszenztechnik ist die h\u00e4ufigste Form der Fettabsaugung und funktioniert wie folgt:<\/p>\n<p>Ihr Arzt injiziert eine Mischung aus Salzwasser und einem An\u00e4sthetikum. Das salzhaltige Wasser soll die Fettentfernung erleichtern. Das An\u00e4sthetikum soll die Schmerzen und das Unbehagen w\u00e4hrend des Eingriffs verringern.<\/p>\n<p>Anschlie\u00dfend wird Ihr Arzt im Zielgebiet kleine Schnitte in Ihre Haut machen. Durch die Einschnitte wird die Kan\u00fcle eingef\u00fchrt, ein Ger\u00e4t, das wie ein Schlauch aussieht. Mit der Kan\u00fcle wird Ihr Arzt beginnen, das Fett abzubauen. In der Zwischenzeit saugt das mit der Kan\u00fcle verbundene Vakuum das Fett und andere Fl\u00fcssigkeiten ab.<\/p>\n<h3>2- Ultraschall-unterst\u00fctzte Fettabsaugung<\/h3>\n<p>Die ultraschallunterst\u00fctzte Fettabsaugung oder UAL ist eine Technik, bei der das Fett mit Hilfe von Ultraschall abgebaut wird.<\/p>\n<p>Ihr Arzt injiziert eine Mischung aus Salzwasser und einem An\u00e4sthetikum. Die Kochsalzl\u00f6sung soll die Fettentfernung erleichtern. Das An\u00e4sthetikum soll die Schmerzen und das Unbehagen w\u00e4hrend des Eingriffs verringern.<\/p>\n<p>Anschlie\u00dfend wird Ihr Arzt kleine Einschnitte in die Haut der Zielbereiche vornehmen. Anschlie\u00dfend wird ein Metallstab eingef\u00fchrt, der Ultraschallwellen aussendet. Sobald die Ultraschallwellen das Fett emulgieren, d.h. aufspalten, wird das Fett mit der Kan\u00fcle abgesaugt.<\/p>\n<h2>Laser-unterst\u00fctzte Fettabsaugung<\/h2>\n<p>Ihr Arzt injiziert eine Mischung aus Salzwasser und einem An\u00e4sthetikum. Die Kochsalzl\u00f6sung soll die Fettentfernung erleichtern. Das An\u00e4sthetikum soll die Schmerzen und das Unbehagen w\u00e4hrend des Eingriffs verringern.<\/p>\n<p>Anschlie\u00dfend wird Ihr Arzt kleine Einschnitte in die Haut der Zielbereiche vornehmen. Dann wird eine Laserfaser eingef\u00fchrt, die einen hochintensiven Laser aussendet. Sobald der Laser das Fett emulgiert, d.h. aufgespalten hat, wird der Arzt eine Kan\u00fcle einf\u00fchren, um das Fett abzusaugen.<\/p>\n<h2>An\u00e4sthesie bei Fettabsaugung<\/h2>\n<p>Bei der Fettabsaugung gibt es keine Standardan\u00e4sthesieform. Dies h\u00e4ngt von Ihrem Fall, der Fettmenge, die Sie entfernen m\u00f6chten, und der Anzahl der Bereiche ab, die Sie behandeln m\u00f6chten. In manchen F\u00e4llen ist eine \u00f6rtliche Bet\u00e4ubung erforderlich, w\u00e4hrend in anderen F\u00e4llen eine Vollnarkose notwendig ist.<\/p>\n<p>Daher wird unser Team in der Esthete Clinic w\u00e4hrend des gesamten Eingriffs Ihre Herzfrequenz, den Sauerstoffgehalt und den Blutdruck \u00fcberwachen. Bevor Sie entlassen werden, behalten wir Sie zur \u00dcberwachung im Krankenhaus.<\/p>\n<h2>Was ist nach einer Fettabsaugung zu erwarten?<\/h2>\n<p>Nach dem Eingriff ist es normal, dass um den behandelten Bereich herum Schwellungen und Bluterg\u00fcsse auftreten. Gegen die Schmerzen wird Ihnen Ihr Arzt Schmerzmittel verschreiben, die Ihnen helfen, die Schmerzen zu kontrollieren. Au\u00dferdem m\u00fcssen Sie eine Reihe von Antibiotika einnehmen, um Infektionen zu verhindern. Au\u00dferdem werden Drainagen um die Wunden herum gelegt, um die Fl\u00fcssigkeitsansammlung zu beseitigen.<\/p>\n<p>Sie m\u00fcssen einige Tage warten, um sich ausreichend zu erholen, bevor Sie wieder arbeiten k\u00f6nnen. Bis Sie Ihr normales Leben wieder aufnehmen und Sport treiben k\u00f6nnen, werden noch einige Wochen vergehen.<\/p>\n<h2>Ergebnisse<\/h2>\n<p>Da sich die Fettzellen und das Gewebe in Ihrem K\u00f6rper an die vorgenommenen Ver\u00e4nderungen anpassen, wird das \u00e4sthetische Erscheinungsbild des Bereichs nicht perfekt sein. Aber mit der Zeit werden die Ergebnisse viel besser und gleichm\u00e4\u00dfiger aussehen.[\/vc_column_text][\/vc_column][vc_column width=&#8221;1\/3&#8243; el_class=&#8221;sticky_contact_form_ttttt&#8221;]\n<div class=\"wpcf7 no-js\" id=\"wpcf7-f7798-o1\" lang=\"de-DE\" dir=\"ltr\">\n<div class=\"screen-reader-response\"><p role=\"status\" aria-live=\"polite\" aria-atomic=\"true\"><\/p> <ul><\/ul><\/div>\n<form action=\"\/de\/wp-json\/wp\/v2\/pages\/8541#wpcf7-f7798-o1\" method=\"post\" class=\"wpcf7-form init\" aria-label=\"Kontaktformular\" novalidate=\"novalidate\" data-status=\"init\">\n<div style=\"display: none;\">\n<input type=\"hidden\" name=\"_wpcf7\" value=\"7798\" \/>\n<input type=\"hidden\" name=\"_wpcf7_version\" value=\"5.9.6\" \/>\n<input type=\"hidden\" name=\"_wpcf7_locale\" value=\"de_DE\" \/>\n<input type=\"hidden\" name=\"_wpcf7_unit_tag\" value=\"wpcf7-f7798-o1\" \/>\n<input type=\"hidden\" name=\"_wpcf7_container_post\" value=\"0\" \/>\n<input type=\"hidden\" name=\"_wpcf7_posted_data_hash\" value=\"\" \/>\n<\/div>\n<div class=\"contact_form_sticky_cf7\">\n\t<h3 style=\"text-align:center;color:white;\">Kostenlose Beratung erhalten\n\t<\/h3>\n\t<p style=\"text-align:center;color:white;\">Bitte f\u00fcllen Sie das untenstehende Formular aus und wir werden Sie in K\u00fcrze kontaktieren\n\t<\/p>\n\t<div class=\"contact-page1 row\">\n\t\t<div class=\"col-sm-6\">\n\t\t\t<p><span class=\"wpcf7-form-control-wrap\" data-name=\"nameeeee\"><input size=\"40\" maxlength=\"80\" class=\"wpcf7-form-control wpcf7-text wpcf7-validates-as-required\" aria-required=\"true\" aria-invalid=\"false\" placeholder=\"Ihr Name*\" value=\"\" type=\"text\" name=\"nameeeee\" \/><\/span>\n\t\t\t<\/p>\n\t\t<\/div>\n\t\t<div class=\"col-sm-6\">\n\t\t\t<p><span class=\"wpcf7-form-control-wrap\" data-name=\"emaillll\"><input size=\"40\" maxlength=\"80\" class=\"wpcf7-form-control wpcf7-email wpcf7-text wpcf7-validates-as-email\" aria-invalid=\"false\" placeholder=\"E-Mail-Adresse\" value=\"\" type=\"email\" name=\"emaillll\" \/><\/span>\n\t\t\t<\/p>\n\t\t<\/div>\n\t\t<div class=\"col-sm-12\" style=\"padding-bottom:20px;\">\n\t\t\t<p>[phonetext* phoneeee numberonly]\n\t\t\t<\/p>\n\t\t<\/div>\n\t\t<div class=\"col-sm-12\">\n\t\t\t<p><span class=\"wpcf7-form-control-wrap\" data-name=\"messageeeeee\"><textarea cols=\"40\" rows=\"10\" maxlength=\"400\" class=\"wpcf7-form-control wpcf7-textarea\" aria-invalid=\"false\" placeholder=\"Nachricht\" name=\"messageeeeee\"><\/textarea><\/span>\n\t\t\t<\/p>\n\t\t<\/div>\n\t<\/div>\n\t<p><input class=\"wpcf7-form-control wpcf7-submit has-spinner\" type=\"submit\" value=\"ABSENDEN\" \/>\n\t<\/p>\n<\/div><div class=\"wpcf7-response-output\" aria-hidden=\"true\"><\/div>\n<\/form>\n<\/div>\n[\/vc_column][\/vc_row]<\/p>\n","protected":false},"excerpt":{"rendered":"<p>[vc_row][vc_column width=&#8221;2\/3&#8243;][vc_column_text]Die Fettabsaugung ist ein chirurgischer Eingriff, der unter die K\u00f6rperkonturierung f\u00e4llt. Das Verfahren ist sehr verbreitet, Millionen von Patienten haben sich weltweit behandeln lassen. Die Fettabsaugung ist sehr vielseitig, und Sie k\u00f6nnen die Behandlung an fast jeder Stelle Ihres K\u00f6rpers durchf\u00fchren lassen. Was ist eine Fettabsaugung Die Fettabsaugung ist ein chirurgischer Eingriff, bei dem&#8230;<\/p>\n","protected":false},"author":3,"featured_media":8579,"parent":0,"menu_order":0,"comment_status":"closed","ping_status":"closed","template":"","meta":{"footnotes":""},"class_list":["post-8541","page","type-page","status-publish","has-post-thumbnail","hentry"],"yoast_head":"<!-- This site is optimized with the Yoast SEO plugin v23.0 - https:\/\/yoast.com\/wordpress\/plugins\/seo\/ -->\n<title>Fettabsaugung - Startseite<\/title>\n<meta name=\"robots\" content=\"index, follow, max-snippet:-1, max-image-preview:large, max-video-preview:-1\" \/>\n<link rel=\"canonical\" href=\"https:\/\/estheteclinic.com\/liposuction\/\" \/>\n<meta property=\"og:locale\" content=\"de_DE\" \/>\n<meta property=\"og:type\" content=\"article\" \/>\n<meta property=\"og:title\" content=\"Fettabsaugung - Startseite\" \/>\n<meta property=\"og:description\" content=\"[vc_row][vc_column width=&#8221;2\/3&#8243;][vc_column_text]Die Fettabsaugung ist ein chirurgischer Eingriff, der unter die K\u00f6rperkonturierung f\u00e4llt. Das Verfahren ist sehr verbreitet, Millionen von Patienten haben sich weltweit behandeln lassen. Die Fettabsaugung ist sehr vielseitig, und Sie k\u00f6nnen die Behandlung an fast jeder Stelle Ihres K\u00f6rpers durchf\u00fchren lassen. Was ist eine Fettabsaugung Die Fettabsaugung ist ein chirurgischer Eingriff, bei dem...\" \/>\n<meta property=\"og:url\" content=\"https:\/\/estheteclinic.com\/liposuction\/\" \/>\n<meta property=\"og:site_name\" content=\"Startseite\" \/>\n<meta property=\"article:modified_time\" content=\"2021-11-25T06:38:36+00:00\" \/>\n<meta property=\"og:image\" content=\"https:\/\/estheteclinic.com\/wp-content\/uploads\/2021\/11\/liposuction2111.jpg\" \/>\n\t<meta property=\"og:image:width\" content=\"2000\" \/>\n\t<meta property=\"og:image:height\" content=\"1083\" \/>\n\t<meta property=\"og:image:type\" content=\"image\/jpeg\" \/>\n<meta name=\"twitter:card\" content=\"summary_large_image\" \/>\n<meta name=\"twitter:label1\" content=\"Gesch\u00e4tzte Lesezeit\" \/>\n\t<meta name=\"twitter:data1\" content=\"4\u00a0Minuten\" \/>\n<script type=\"application\/ld+json\" class=\"yoast-schema-graph\">{\"@context\":\"https:\/\/schema.org\",\"@graph\":[{\"@type\":\"WebPage\",\"@id\":\"https:\/\/estheteclinic.com\/liposuction\/\",\"url\":\"https:\/\/estheteclinic.com\/liposuction\/\",\"name\":\"Fettabsaugung - Startseite\",\"isPartOf\":{\"@id\":\"https:\/\/estheteclinic.com\/#website\"},\"primaryImageOfPage\":{\"@id\":\"https:\/\/estheteclinic.com\/liposuction\/#primaryimage\"},\"image\":{\"@id\":\"https:\/\/estheteclinic.com\/liposuction\/#primaryimage\"},\"thumbnailUrl\":\"https:\/\/estheteclinic.com\/wp-content\/uploads\/2021\/11\/liposuction2111.jpg\",\"datePublished\":\"2021-11-15T09:33:09+00:00\",\"dateModified\":\"2021-11-25T06:38:36+00:00\",\"breadcrumb\":{\"@id\":\"https:\/\/estheteclinic.com\/liposuction\/#breadcrumb\"},\"inLanguage\":\"de\",\"potentialAction\":[{\"@type\":\"ReadAction\",\"target\":[\"https:\/\/estheteclinic.com\/liposuction\/\"]}]},{\"@type\":\"ImageObject\",\"inLanguage\":\"de\",\"@id\":\"https:\/\/estheteclinic.com\/liposuction\/#primaryimage\",\"url\":\"https:\/\/estheteclinic.com\/wp-content\/uploads\/2021\/11\/liposuction2111.jpg\",\"contentUrl\":\"https:\/\/estheteclinic.com\/wp-content\/uploads\/2021\/11\/liposuction2111.jpg\",\"width\":2000,\"height\":1083,\"caption\":\"liposuction\"},{\"@type\":\"BreadcrumbList\",\"@id\":\"https:\/\/estheteclinic.com\/liposuction\/#breadcrumb\",\"itemListElement\":[{\"@type\":\"ListItem\",\"position\":1,\"name\":\"Home\",\"item\":\"https:\/\/estheteclinic.com\/de\/\"},{\"@type\":\"ListItem\",\"position\":2,\"name\":\"Fettabsaugung\"}]},{\"@type\":\"WebSite\",\"@id\":\"https:\/\/estheteclinic.com\/#website\",\"url\":\"https:\/\/estheteclinic.com\/\",\"name\":\"Startseite\",\"description\":\"Plastic Surgery &amp; Hair Transplant in Turkey\",\"potentialAction\":[{\"@type\":\"SearchAction\",\"target\":{\"@type\":\"EntryPoint\",\"urlTemplate\":\"https:\/\/estheteclinic.com\/?s={search_term_string}\"},\"query-input\":\"required name=search_term_string\"}],\"inLanguage\":\"de\"}]}<\/script>\n<!-- \/ Yoast SEO plugin. -->","yoast_head_json":{"title":"Fettabsaugung - Startseite","robots":{"index":"index","follow":"follow","max-snippet":"max-snippet:-1","max-image-preview":"max-image-preview:large","max-video-preview":"max-video-preview:-1"},"canonical":"https:\/\/estheteclinic.com\/liposuction\/","og_locale":"de_DE","og_type":"article","og_title":"Fettabsaugung - Startseite","og_description":"[vc_row][vc_column width=&#8221;2\/3&#8243;][vc_column_text]Die Fettabsaugung ist ein chirurgischer Eingriff, der unter die K\u00f6rperkonturierung f\u00e4llt. Das Verfahren ist sehr verbreitet, Millionen von Patienten haben sich weltweit behandeln lassen. Die Fettabsaugung ist sehr vielseitig, und Sie k\u00f6nnen die Behandlung an fast jeder Stelle Ihres K\u00f6rpers durchf\u00fchren lassen. Was ist eine Fettabsaugung Die Fettabsaugung ist ein chirurgischer Eingriff, bei dem...","og_url":"https:\/\/estheteclinic.com\/liposuction\/","og_site_name":"Startseite","article_modified_time":"2021-11-25T06:38:36+00:00","og_image":[{"width":2000,"height":1083,"url":"https:\/\/estheteclinic.com\/wp-content\/uploads\/2021\/11\/liposuction2111.jpg","type":"image\/jpeg"}],"twitter_card":"summary_large_image","twitter_misc":{"Gesch\u00e4tzte Lesezeit":"4\u00a0Minuten"},"schema":{"@context":"https:\/\/schema.org","@graph":[{"@type":"WebPage","@id":"https:\/\/estheteclinic.com\/liposuction\/","url":"https:\/\/estheteclinic.com\/liposuction\/","name":"Fettabsaugung - Startseite","isPartOf":{"@id":"https:\/\/estheteclinic.com\/#website"},"primaryImageOfPage":{"@id":"https:\/\/estheteclinic.com\/liposuction\/#primaryimage"},"image":{"@id":"https:\/\/estheteclinic.com\/liposuction\/#primaryimage"},"thumbnailUrl":"https:\/\/estheteclinic.com\/wp-content\/uploads\/2021\/11\/liposuction2111.jpg","datePublished":"2021-11-15T09:33:09+00:00","dateModified":"2021-11-25T06:38:36+00:00","breadcrumb":{"@id":"https:\/\/estheteclinic.com\/liposuction\/#breadcrumb"},"inLanguage":"de","potentialAction":[{"@type":"ReadAction","target":["https:\/\/estheteclinic.com\/liposuction\/"]}]},{"@type":"ImageObject","inLanguage":"de","@id":"https:\/\/estheteclinic.com\/liposuction\/#primaryimage","url":"https:\/\/estheteclinic.com\/wp-content\/uploads\/2021\/11\/liposuction2111.jpg","contentUrl":"https:\/\/estheteclinic.com\/wp-content\/uploads\/2021\/11\/liposuction2111.jpg","width":2000,"height":1083,"caption":"liposuction"},{"@type":"BreadcrumbList","@id":"https:\/\/estheteclinic.com\/liposuction\/#breadcrumb","itemListElement":[{"@type":"ListItem","position":1,"name":"Home","item":"https:\/\/estheteclinic.com\/de\/"},{"@type":"ListItem","position":2,"name":"Fettabsaugung"}]},{"@type":"WebSite","@id":"https:\/\/estheteclinic.com\/#website","url":"https:\/\/estheteclinic.com\/","name":"Startseite","description":"Plastic Surgery &amp; Hair Transplant in Turkey","potentialAction":[{"@type":"SearchAction","target":{"@type":"EntryPoint","urlTemplate":"https:\/\/estheteclinic.com\/?s={search_term_string}"},"query-input":"required name=search_term_string"}],"inLanguage":"de"}]}},"_links":{"self":[{"href":"https:\/\/estheteclinic.com\/de\/wp-json\/wp\/v2\/pages\/8541","targetHints":{"allow":["GET"]}}],"collection":[{"href":"https:\/\/estheteclinic.com\/de\/wp-json\/wp\/v2\/pages"}],"about":[{"href":"https:\/\/estheteclinic.com\/de\/wp-json\/wp\/v2\/types\/page"}],"author":[{"embeddable":true,"href":"https:\/\/estheteclinic.com\/de\/wp-json\/wp\/v2\/users\/3"}],"replies":[{"embeddable":true,"href":"https:\/\/estheteclinic.com\/de\/wp-json\/wp\/v2\/comments?post=8541"}],"version-history":[{"count":2,"href":"https:\/\/estheteclinic.com\/de\/wp-json\/wp\/v2\/pages\/8541\/revisions"}],"predecessor-version":[{"id":8543,"href":"https:\/\/estheteclinic.com\/de\/wp-json\/wp\/v2\/pages\/8541\/revisions\/8543"}],"wp:featuredmedia":[{"embeddable":true,"href":"https:\/\/estheteclinic.com\/de\/wp-json\/wp\/v2\/media\/8579"}],"wp:attachment":[{"href":"https:\/\/estheteclinic.com\/de\/wp-json\/wp\/v2\/media?parent=8541"}],"curies":[{"name":"wp","href":"https:\/\/api.w.org\/{rel}","templated":true}]}}