{"id":8023,"date":"2021-11-06T14:44:28","date_gmt":"2021-11-06T14:44:28","guid":{"rendered":"http:\/\/estheteclinic.com\/?page_id=8023"},"modified":"2021-11-09T14:51:35","modified_gmt":"2021-11-09T14:51:35","slug":"quienes-somos","status":"publish","type":"page","link":"https:\/\/estheteclinic.com\/es\/quienes-somos\/","title":{"rendered":"Quienes Somos"},"content":{"rendered":"<p>[vc_row css=&#8221;.vc_custom_1634891930611{margin-top: 50px !important;}&#8221;][vc_column width=&#8221;2\/3&#8243; css=&#8221;.vc_custom_1634891951386{margin-bottom: 30px !important;}&#8221;][vc_column_text]<\/p>\n<div class=\"wpb_column vc_column_container vc_col-sm-8\">\n<div class=\"vc_column-inner vc_custom_1634891951386\">\n<div class=\"wpb_wrapper\">\n<div class=\"wpb_text_column wpb_content_element \">\n<div class=\"wpb_wrapper\">\n<h2>Acerca de Nuestra Cl\u00ednica<\/h2>\n<p>Esthete Clinic es un hospital de cirug\u00eda est\u00e9tica l\u00edder que comenz\u00f3 su viaje de excelencia en Estambul, Turqu\u00eda en 2009. Fundada por los mejores cirujanos de Turqu\u00eda, la Cl\u00ednica Estethe ha crecido y se ha convertido en el destino predilecto de la belleza gracias a su equipo de m\u00e9dicos excepcionales que brindan servicios \u00fanicos y tienen talentos y habilidades inugualables.<\/p>\n<p>Al convertirse en la principal atracci\u00f3n para pacientes extranjeros que buscan una cirug\u00eda cosm\u00e9tica y trasplantes capilares en Turqu\u00eda, Esthete Clinic se enorgullece de refinar la belleza en todo el mundo.<\/p>\n<p>Nuestro enfoque se centra en la precisi\u00f3n, con un entendimiento profundo de la elegancia y la belleza. El minimalismo y el intenso conocimiento de tu belleza natural son los elementos que hacen destacar nuestro trabajo.<\/p>\n<p>Con mucho cuidado, buscamos resaltar los mejores rasgos de nuestros pacientes y exhibir su belleza natural frente a todos, siempre bajo un ambiente de lujo y comodidad dentro de nuestro hospital de vanguardia para darle un nuevo significado a la cirug\u00eda est\u00e9tica y a los trasplantes de cabello en Turqu\u00eda.<\/p>\n<h2><strong>\u00bfPor qu\u00e9 hacerse Cirug\u00eda Cosm\u00e9tica y Trasplantes de Cabello en Turqu\u00eda?<\/strong><\/h2>\n<p>La actividad internacional de Turqu\u00eda est\u00e1 en auge, su atractivo crece r\u00e1pidamente y est\u00e1 llena de oportunidades para el turismo m\u00e9dico. A medida que muchos descubren los fascinantes beneficios de la cirug\u00eda est\u00e9tica y los trasplantes capilares en Turqu\u00eda, la popularidad del pa\u00eds crece e invita a otros interesados en estos tratamientos a que vuelquen sus miradas en este pa\u00eds.<\/p>\n<p>Desde precios m\u00e1s asequibles hasta la alta calidad de la atenci\u00f3n m\u00e9dica, los procedimientos de trasplantes de cabello y cosm\u00e9ticos en Turqu\u00eda unen lo mejor de ambos mundos.<\/p>\n<p>Y gracias al desarrollo tan acelerado, los campos de trasplantes capilares y de cirug\u00eda cosm\u00e9tica en Turqu\u00eda evolucionan de forma exponencial. Las tecnolog\u00edas que utilizan son de vanguardia y m\u00ednimamente invasivas. A la vez, se logran los resultados deseados e incluso llegaremos m\u00e1s all\u00e1, con un esfuerzo m\u00ednimo para garantizar la apariencia est\u00e9tica m\u00e1s natural.<\/p>\n<p>Esthete Clinic ha emprendido su agitado viaje con el crecimiento de la industria de turismo de salud y se ha convertido en un pilar fundamental y ha pasado a ser el centro de atenci\u00f3n.<\/p>\n<\/div>\n<\/div>\n<\/div>\n<\/div>\n<\/div>\n<p>[\/vc_column_text][\/vc_column][vc_column width=&#8221;1\/3&#8243;]\n<div class=\"wpcf7 no-js\" id=\"wpcf7-f7804-o1\" lang=\"es-ES\" dir=\"ltr\">\n<div class=\"screen-reader-response\"><p role=\"status\" aria-live=\"polite\" aria-atomic=\"true\"><\/p> <ul><\/ul><\/div>\n<form action=\"\/es\/wp-json\/wp\/v2\/pages\/8023#wpcf7-f7804-o1\" method=\"post\" class=\"wpcf7-form init\" aria-label=\"Formulario de contacto\" novalidate=\"novalidate\" data-status=\"init\">\n<div style=\"display: none;\">\n<input type=\"hidden\" name=\"_wpcf7\" value=\"7804\" \/>\n<input type=\"hidden\" name=\"_wpcf7_version\" value=\"5.9.6\" \/>\n<input type=\"hidden\" name=\"_wpcf7_locale\" value=\"es_ES\" \/>\n<input type=\"hidden\" name=\"_wpcf7_unit_tag\" value=\"wpcf7-f7804-o1\" \/>\n<input type=\"hidden\" name=\"_wpcf7_container_post\" value=\"0\" \/>\n<input type=\"hidden\" name=\"_wpcf7_posted_data_hash\" value=\"\" \/>\n<\/div>\n<div class=\"contact-form-tu\">\n\t<h3 style=\"text-align:center;color:white;\">Consigue una Consulta Gratuita\n\t<\/h3>\n\t<p style=\"text-align:center;color:white;\">Por favor completa el formulario a continuaci\u00f3n y te contactaremos a la brevedad\n\t<\/p>\n\t<p><span class=\"wpcf7-form-control-wrap\" data-name=\"nameee\"><input size=\"40\" maxlength=\"80\" class=\"wpcf7-form-control wpcf7-text wpcf7-validates-as-required\" aria-required=\"true\" aria-invalid=\"false\" placeholder=\"Tu nombre*\" value=\"\" type=\"text\" name=\"nameee\" \/><\/span>\n\t<\/p>\n\t<p><span class=\"wpcf7-form-control-wrap\" data-name=\"emailll\"><input size=\"40\" maxlength=\"80\" class=\"wpcf7-form-control wpcf7-email wpcf7-text wpcf7-validates-as-email\" aria-invalid=\"false\" placeholder=\"Tu correo electr\u00f3nico\" value=\"\" type=\"email\" name=\"emailll\" \/><\/span>\n\t<\/p>\n\t<p>[phonetext* numberrrrr]\n\t<\/p>\n\t<p><span class=\"wpcf7-form-control-wrap\" data-name=\"messageeeee\"><textarea cols=\"40\" rows=\"10\" maxlength=\"400\" class=\"wpcf7-form-control wpcf7-textarea\" aria-invalid=\"false\" placeholder=\"Mensaje\" name=\"messageeeee\"><\/textarea><\/span>\n\t<\/p>\n\t<p><input class=\"wpcf7-form-control wpcf7-submit has-spinner\" type=\"submit\" value=\"Enviar\" \/>\n\t<\/p>\n<\/div><div class=\"wpcf7-response-output\" aria-hidden=\"true\"><\/div>\n<\/form>\n<\/div>\n[\/vc_column][\/vc_row]<\/p>\n","protected":false},"excerpt":{"rendered":"<p>[vc_row css=&#8221;.vc_custom_1634891930611{margin-top: 50px !important;}&#8221;][vc_column width=&#8221;2\/3&#8243; css=&#8221;.vc_custom_1634891951386{margin-bottom: 30px !important;}&#8221;][vc_column_text] Acerca de Nuestra Cl\u00ednica Esthete Clinic es un hospital de cirug\u00eda est\u00e9tica l\u00edder que comenz\u00f3 su viaje de excelencia en Estambul, Turqu\u00eda en 2009. Fundada por los mejores cirujanos de Turqu\u00eda, la Cl\u00ednica Estethe ha crecido y se ha convertido en el destino predilecto de la belleza&#8230;<\/p>\n","protected":false},"author":3,"featured_media":7689,"parent":0,"menu_order":0,"comment_status":"closed","ping_status":"closed","template":"","meta":{"footnotes":""},"class_list":["post-8023","page","type-page","status-publish","has-post-thumbnail","hentry"],"yoast_head":"<!-- This site is optimized with the Yoast SEO plugin v23.0 - https:\/\/yoast.com\/wordpress\/plugins\/seo\/ -->\n<title>Quienes Somos - Inicio<\/title>\n<meta name=\"robots\" content=\"index, follow, max-snippet:-1, max-image-preview:large, max-video-preview:-1\" \/>\n<link rel=\"canonical\" href=\"https:\/\/estheteclinic.com\/about-us\/\" \/>\n<meta property=\"og:locale\" content=\"es_ES\" \/>\n<meta property=\"og:type\" content=\"article\" \/>\n<meta property=\"og:title\" content=\"Quienes Somos - Inicio\" \/>\n<meta property=\"og:description\" content=\"[vc_row css=&#8221;.vc_custom_1634891930611{margin-top: 50px !important;}&#8221;][vc_column width=&#8221;2\/3&#8243; css=&#8221;.vc_custom_1634891951386{margin-bottom: 30px !important;}&#8221;][vc_column_text] Acerca de Nuestra Cl\u00ednica Esthete Clinic es un hospital de cirug\u00eda est\u00e9tica l\u00edder que comenz\u00f3 su viaje de excelencia en Estambul, Turqu\u00eda en 2009. Fundada por los mejores cirujanos de Turqu\u00eda, la Cl\u00ednica Estethe ha crecido y se ha convertido en el destino predilecto de la belleza...\" \/>\n<meta property=\"og:url\" content=\"https:\/\/estheteclinic.com\/about-us\/\" \/>\n<meta property=\"og:site_name\" content=\"Inicio\" \/>\n<meta property=\"article:modified_time\" content=\"2021-11-09T14:51:35+00:00\" \/>\n<meta property=\"og:image\" content=\"https:\/\/estheteclinic.com\/wp-content\/uploads\/2021\/11\/about-us-banner.jpg\" \/>\n\t<meta property=\"og:image:width\" content=\"1500\" \/>\n\t<meta property=\"og:image:height\" content=\"895\" \/>\n\t<meta property=\"og:image:type\" content=\"image\/jpeg\" \/>\n<meta name=\"twitter:card\" content=\"summary_large_image\" \/>\n<meta name=\"twitter:label1\" content=\"Tiempo de lectura\" \/>\n\t<meta name=\"twitter:data1\" content=\"2 minutos\" \/>\n<script type=\"application\/ld+json\" class=\"yoast-schema-graph\">{\"@context\":\"https:\/\/schema.org\",\"@graph\":[{\"@type\":\"WebPage\",\"@id\":\"https:\/\/estheteclinic.com\/about-us\/\",\"url\":\"https:\/\/estheteclinic.com\/about-us\/\",\"name\":\"Quienes Somos - Inicio\",\"isPartOf\":{\"@id\":\"https:\/\/estheteclinic.com\/#website\"},\"primaryImageOfPage\":{\"@id\":\"https:\/\/estheteclinic.com\/about-us\/#primaryimage\"},\"image\":{\"@id\":\"https:\/\/estheteclinic.com\/about-us\/#primaryimage\"},\"thumbnailUrl\":\"https:\/\/estheteclinic.com\/wp-content\/uploads\/2021\/11\/about-us-banner.jpg\",\"datePublished\":\"2021-11-06T14:44:28+00:00\",\"dateModified\":\"2021-11-09T14:51:35+00:00\",\"breadcrumb\":{\"@id\":\"https:\/\/estheteclinic.com\/about-us\/#breadcrumb\"},\"inLanguage\":\"es\",\"potentialAction\":[{\"@type\":\"ReadAction\",\"target\":[\"https:\/\/estheteclinic.com\/about-us\/\"]}]},{\"@type\":\"ImageObject\",\"inLanguage\":\"es\",\"@id\":\"https:\/\/estheteclinic.com\/about-us\/#primaryimage\",\"url\":\"https:\/\/estheteclinic.com\/wp-content\/uploads\/2021\/11\/about-us-banner.jpg\",\"contentUrl\":\"https:\/\/estheteclinic.com\/wp-content\/uploads\/2021\/11\/about-us-banner.jpg\",\"width\":1500,\"height\":895},{\"@type\":\"BreadcrumbList\",\"@id\":\"https:\/\/estheteclinic.com\/about-us\/#breadcrumb\",\"itemListElement\":[{\"@type\":\"ListItem\",\"position\":1,\"name\":\"Home\",\"item\":\"https:\/\/estheteclinic.com\/es\/\"},{\"@type\":\"ListItem\",\"position\":2,\"name\":\"Quienes Somos\"}]},{\"@type\":\"WebSite\",\"@id\":\"https:\/\/estheteclinic.com\/#website\",\"url\":\"https:\/\/estheteclinic.com\/\",\"name\":\"Inicio\",\"description\":\"Plastic Surgery &amp; Hair Transplant in Turkey\",\"potentialAction\":[{\"@type\":\"SearchAction\",\"target\":{\"@type\":\"EntryPoint\",\"urlTemplate\":\"https:\/\/estheteclinic.com\/?s={search_term_string}\"},\"query-input\":\"required name=search_term_string\"}],\"inLanguage\":\"es\"}]}<\/script>\n<!-- \/ Yoast SEO plugin. -->","yoast_head_json":{"title":"Quienes Somos - Inicio","robots":{"index":"index","follow":"follow","max-snippet":"max-snippet:-1","max-image-preview":"max-image-preview:large","max-video-preview":"max-video-preview:-1"},"canonical":"https:\/\/estheteclinic.com\/about-us\/","og_locale":"es_ES","og_type":"article","og_title":"Quienes Somos - Inicio","og_description":"[vc_row css=&#8221;.vc_custom_1634891930611{margin-top: 50px !important;}&#8221;][vc_column width=&#8221;2\/3&#8243; css=&#8221;.vc_custom_1634891951386{margin-bottom: 30px !important;}&#8221;][vc_column_text] Acerca de Nuestra Cl\u00ednica Esthete Clinic es un hospital de cirug\u00eda est\u00e9tica l\u00edder que comenz\u00f3 su viaje de excelencia en Estambul, Turqu\u00eda en 2009. Fundada por los mejores cirujanos de Turqu\u00eda, la Cl\u00ednica Estethe ha crecido y se ha convertido en el destino predilecto de la belleza...","og_url":"https:\/\/estheteclinic.com\/about-us\/","og_site_name":"Inicio","article_modified_time":"2021-11-09T14:51:35+00:00","og_image":[{"width":1500,"height":895,"url":"https:\/\/estheteclinic.com\/wp-content\/uploads\/2021\/11\/about-us-banner.jpg","type":"image\/jpeg"}],"twitter_card":"summary_large_image","twitter_misc":{"Tiempo de lectura":"2 minutos"},"schema":{"@context":"https:\/\/schema.org","@graph":[{"@type":"WebPage","@id":"https:\/\/estheteclinic.com\/about-us\/","url":"https:\/\/estheteclinic.com\/about-us\/","name":"Quienes Somos - Inicio","isPartOf":{"@id":"https:\/\/estheteclinic.com\/#website"},"primaryImageOfPage":{"@id":"https:\/\/estheteclinic.com\/about-us\/#primaryimage"},"image":{"@id":"https:\/\/estheteclinic.com\/about-us\/#primaryimage"},"thumbnailUrl":"https:\/\/estheteclinic.com\/wp-content\/uploads\/2021\/11\/about-us-banner.jpg","datePublished":"2021-11-06T14:44:28+00:00","dateModified":"2021-11-09T14:51:35+00:00","breadcrumb":{"@id":"https:\/\/estheteclinic.com\/about-us\/#breadcrumb"},"inLanguage":"es","potentialAction":[{"@type":"ReadAction","target":["https:\/\/estheteclinic.com\/about-us\/"]}]},{"@type":"ImageObject","inLanguage":"es","@id":"https:\/\/estheteclinic.com\/about-us\/#primaryimage","url":"https:\/\/estheteclinic.com\/wp-content\/uploads\/2021\/11\/about-us-banner.jpg","contentUrl":"https:\/\/estheteclinic.com\/wp-content\/uploads\/2021\/11\/about-us-banner.jpg","width":1500,"height":895},{"@type":"BreadcrumbList","@id":"https:\/\/estheteclinic.com\/about-us\/#breadcrumb","itemListElement":[{"@type":"ListItem","position":1,"name":"Home","item":"https:\/\/estheteclinic.com\/es\/"},{"@type":"ListItem","position":2,"name":"Quienes Somos"}]},{"@type":"WebSite","@id":"https:\/\/estheteclinic.com\/#website","url":"https:\/\/estheteclinic.com\/","name":"Inicio","description":"Plastic Surgery &amp; Hair Transplant in Turkey","potentialAction":[{"@type":"SearchAction","target":{"@type":"EntryPoint","urlTemplate":"https:\/\/estheteclinic.com\/?s={search_term_string}"},"query-input":"required name=search_term_string"}],"inLanguage":"es"}]}},"_links":{"self":[{"href":"https:\/\/estheteclinic.com\/es\/wp-json\/wp\/v2\/pages\/8023","targetHints":{"allow":["GET"]}}],"collection":[{"href":"https:\/\/estheteclinic.com\/es\/wp-json\/wp\/v2\/pages"}],"about":[{"href":"https:\/\/estheteclinic.com\/es\/wp-json\/wp\/v2\/types\/page"}],"author":[{"embeddable":true,"href":"https:\/\/estheteclinic.com\/es\/wp-json\/wp\/v2\/users\/3"}],"replies":[{"embeddable":true,"href":"https:\/\/estheteclinic.com\/es\/wp-json\/wp\/v2\/comments?post=8023"}],"version-history":[{"count":2,"href":"https:\/\/estheteclinic.com\/es\/wp-json\/wp\/v2\/pages\/8023\/revisions"}],"predecessor-version":[{"id":8408,"href":"https:\/\/estheteclinic.com\/es\/wp-json\/wp\/v2\/pages\/8023\/revisions\/8408"}],"wp:featuredmedia":[{"embeddable":true,"href":"https:\/\/estheteclinic.com\/es\/wp-json\/wp\/v2\/media\/7689"}],"wp:attachment":[{"href":"https:\/\/estheteclinic.com\/es\/wp-json\/wp\/v2\/media?parent=8023"}],"curies":[{"name":"wp","href":"https:\/\/api.w.org\/{rel}","templated":true}]}}