{"id":8035,"date":"2021-11-06T14:50:04","date_gmt":"2021-11-06T14:50:04","guid":{"rendered":"http:\/\/estheteclinic.com\/?page_id=8035"},"modified":"2021-11-26T13:08:11","modified_gmt":"2021-11-26T13:08:11","slug":"levantamiento-de-brazos","status":"publish","type":"page","link":"https:\/\/estheteclinic.com\/es\/levantamiento-de-brazos\/","title":{"rendered":"Levantamiento de Brazos"},"content":{"rendered":"<p>[vc_row][vc_column width=&#8221;2\/3&#8243;][vc_column_text]<\/p>\n<div class=\"wpb_column vc_column_container vc_col-sm-8\">\n<div class=\"vc_column-inner\">\n<div class=\"wpb_wrapper\">\n<div class=\"wpb_text_column wpb_content_element \">\n<div class=\"wpb_wrapper\">\n<div class=\"wpb_column vc_column_container vc_col-sm-8\">\n<div class=\"vc_column-inner\">\n<div class=\"wpb_wrapper\">\n<div class=\"wpb_text_column wpb_content_element \">\n<div class=\"wpb_wrapper\">\n<p>La braquioplastia o levantamiento de brazos es un procedimiento de cirug\u00eda cosm\u00e9tica que mejora la forma de los brazos, por lo general de la parte superior de la extremidad, eliminando el exceso de piel y grasa que pueda tener.<\/p>\n<p>Durante el procedimiento, tu m\u00e9dico atacar\u00e1 la flacidez entre la axila y el codo para darle a sus brazos un aspecto rejuvenecido. El procedimiento ser\u00e1 adecuado para ti si tienes una flacidez rebelde producto del envejecimiento o la p\u00e9rdida de peso que no puede ser mejorada con el ejercicio.<\/p>\n<h2><strong>\u00bfC\u00f3mo prepararse para un Levantamiento de Brazos?<\/strong><\/h2>\n<p>\u2013 No comas ni bebas nada en las 6-8 horas previas a la operaci\u00f3n. Consulta a tu m\u00e9dico si no puedes acatar este per\u00edodo de tiempo.<\/p>\n<ul>\n<li>Si bebes alcohol, debes abstenerte desde 2 semanas antes de tu operaci\u00f3n.<\/li>\n<li>Si fumas, debes dejar el cigarrillo 2 semanas antes de tu levantamiento de brazos.<\/li>\n<li>Deja de tomar vitamina E y anticoagulantes 2 semanas antes de tu cirug\u00eda.<\/li>\n<\/ul>\n<h2><strong>Procedimiento de Levantamiento de Brazos<\/strong><\/h2>\n<h3><strong>Pre-cirug\u00eda<\/strong><\/h3>\n<p>Nuestro equipo en Esthete Clinic realizar\u00e1 pruebas sangu\u00edneas de rutina antes de aplicar la anestesia general. Esto es para garantizar que est\u00e1s en \u00f3ptimas condiciones para la cirug\u00eda. Luego, te administraremos anestesia general para prepararte para la operaci\u00f3n.<\/p>\n<h3><strong>Cirug\u00eda<\/strong><\/h3>\n<p>En el levantamiento de brazos, tu m\u00e9dico realizar\u00e1 incisiones en la parte interna de los brazos. As\u00ed se esconder\u00e1n las cicatrices despu\u00e9s de tu recuperaci\u00f3n.<\/p>\n<p>No existe una longitud ni un patr\u00f3n est\u00e1ndar para la incisi\u00f3n. Esto se debe a que dependen de tus \u00e1reas con problemas y tus objetivos.<\/p>\n<p>Al realizar las incisiones, tu doctor acceder\u00e1 al m\u00fasculo y a la capa de tejido que est\u00e1 debajo para ajustarlas. Los cambios se asegurar\u00e1n con suturas y luego cortar\u00e1 el exceso de piel. Si tienes grasa que debe ser retirada, tu m\u00e9dico realizar\u00e1 una liposucci\u00f3n para deshacerse de ella.<\/p>\n<p>El procedimiento del levantamiento de brazos termina con tu m\u00e9dico suavizando tu piel y poni\u00e9ndola nuevamente en su lugar. El m\u00e9dico cerrar\u00e1 las incisiones con suturas quir\u00fargicas.<\/p>\n<h3><strong>Post-cirug\u00eda<\/strong><\/h3>\n<p>Permanecer\u00e1s en el quir\u00f3fano por una hora antes de que el equipo m\u00e9dico de Esthete Clinic te transfiera a la habitaci\u00f3n. No podr\u00e1s ver los resultados porque tus brazos estar\u00e1n cubiertos con vendajes el\u00e1sticos luego de la operaci\u00f3n. Tu doctor instalar\u00e1 drenajes debajo de las vendas para retirar el exceso de fluidos y las descargas sangu\u00edneas.<\/p>\n<h2><strong>Recuperaci\u00f3n de un Levantamiento de Brazos<\/strong><\/h2>\n<p>La inflamaci\u00f3n es muy normal despu\u00e9s del procedimiento y los vendajes el\u00e1sticos ayudan a reducirla. Puedes aliviar a\u00fan m\u00e1s el edema tras un levantamiento de brazos posicion\u00e1ndolos en un \u00e1ngulo elevado.<\/p>\n<p>A los 2 d\u00edas deber\u00e1s acudir a una visita de seguimiento, en la cual tu m\u00e9dico retirar\u00e1 los drenajes. Posteriormente, comenzar\u00e1s a usar una manga de compresi\u00f3n para conseguir los mejores resultados de la braquioplastia.<\/p>\n<p>Algunas instrucciones que debes tener en cuenta para alterar los resultados de tu levantamiento de brazos son:<\/p>\n<ul>\n<li>Evita sacudidas o movimientos bruscos que involucren tus brazos y el pecho durante las ocho semanas posteriores a la operaci\u00f3n.<\/li>\n<li>Nunca levantes tus brazos sobre tu hombro en las cuatro semanas posteriores al levantamiento de brazos.<\/li>\n<li>Evita realizar ejercicios intensos de cuatro a ocho semanas despu\u00e9s de la cirug\u00eda.<\/li>\n<li>Cumple con tu horario de medicaci\u00f3n y usa tus pomadas seg\u00fan las instrucciones de tu m\u00e9dico.<\/li>\n<\/ul>\n<h2><strong>Resultados de un Levantamiento de Brazos<\/strong><\/h2>\n<p>Un levantamiento de brazos puede restituir la apariencia tonificada de la parte superior de tus brazos, d\u00e1ndoles una firmeza juvenil.<\/p>\n<p>Los resultados de la braquioplastia son duraderos si mantienes tu peso. Puede que parte de su firmeza se pierda a medida que envejeces, algo que es muy natural.<\/p>\n<h2><strong>Candidatos para un Levantamiento de Brazos<\/strong><\/h2>\n<p>Ser\u00e1s apto para una cirug\u00eda de levantamiento de brazos si cumples con las siguientes condiciones:<\/p>\n<ul>\n<li>Tienes una buena cicatrizaci\u00f3n.<\/li>\n<li>Tienes exceso de piel o flacidez alrededor de tus brazos.<\/li>\n<li><\/li>\n<\/ul>\n<h2><strong>Duraci\u00f3n de un Levantamiento de Brazos<\/strong><\/h2>\n<p>El procedimiento de braquioplastia puede durar entre una y tres horas.<\/p>\n<\/div>\n<\/div>\n<\/div>\n<\/div>\n<\/div>\n<\/div>\n<\/div>\n<\/div>\n<\/div>\n<\/div>\n<p>[\/vc_column_text][\/vc_column][vc_column width=&#8221;1\/3&#8243; el_class=&#8221;sticky_contact_form_ttttt&#8221;]\n<div class=\"wpcf7 no-js\" id=\"wpcf7-f7799-o1\" lang=\"es-ES\" dir=\"ltr\">\n<div class=\"screen-reader-response\"><p role=\"status\" aria-live=\"polite\" aria-atomic=\"true\"><\/p> <ul><\/ul><\/div>\n<form action=\"\/es\/wp-json\/wp\/v2\/pages\/8035#wpcf7-f7799-o1\" method=\"post\" class=\"wpcf7-form init\" aria-label=\"Formulario de contacto\" novalidate=\"novalidate\" data-status=\"init\">\n<div style=\"display: none;\">\n<input type=\"hidden\" name=\"_wpcf7\" value=\"7799\" \/>\n<input type=\"hidden\" name=\"_wpcf7_version\" value=\"5.9.6\" \/>\n<input type=\"hidden\" name=\"_wpcf7_locale\" value=\"es_ES\" \/>\n<input type=\"hidden\" name=\"_wpcf7_unit_tag\" value=\"wpcf7-f7799-o1\" \/>\n<input type=\"hidden\" name=\"_wpcf7_container_post\" value=\"0\" \/>\n<input type=\"hidden\" name=\"_wpcf7_posted_data_hash\" value=\"\" \/>\n<\/div>\n<div class=\"contact_form_sticky_cf7\">\n\t<h3 style=\"text-align:center;color:white;\">Consigue una Consulta Gratuita\n\t<\/h3>\n\t<p style=\"text-align:center;color:white;\">Por favor completa el formulario a continuaci\u00f3n y te contactaremos a la brevedad\n\t<\/p>\n\t<div class=\"contact-page1 row\">\n\t\t<div class=\"col-sm-6\">\n\t\t\t<p><span class=\"wpcf7-form-control-wrap\" data-name=\"nameeeee\"><input size=\"40\" maxlength=\"80\" class=\"wpcf7-form-control wpcf7-text wpcf7-validates-as-required\" aria-required=\"true\" aria-invalid=\"false\" placeholder=\"Tu nombre*\" value=\"\" type=\"text\" name=\"nameeeee\" \/><\/span>\n\t\t\t<\/p>\n\t\t<\/div>\n\t\t<div class=\"col-sm-6\">\n\t\t\t<p><span class=\"wpcf7-form-control-wrap\" data-name=\"emaillll\"><input size=\"40\" maxlength=\"80\" class=\"wpcf7-form-control wpcf7-email wpcf7-text wpcf7-validates-as-email\" aria-invalid=\"false\" placeholder=\"Tu correo electr\u00f3nico\" value=\"\" type=\"email\" name=\"emaillll\" \/><\/span>\n\t\t\t<\/p>\n\t\t<\/div>\n\t\t<div class=\"col-sm-12\" style=\"padding-bottom:20px;\">\n\t\t\t<p>[phonetext* phoneeee numberonly]\n\t\t\t<\/p>\n\t\t<\/div>\n\t\t<div class=\"col-sm-12\">\n\t\t\t<p><span class=\"wpcf7-form-control-wrap\" data-name=\"messageeeeee\"><textarea cols=\"40\" rows=\"10\" maxlength=\"400\" class=\"wpcf7-form-control wpcf7-textarea\" aria-invalid=\"false\" placeholder=\"Mensaje\" name=\"messageeeeee\"><\/textarea><\/span>\n\t\t\t<\/p>\n\t\t<\/div>\n\t<\/div>\n\t<p><input class=\"wpcf7-form-control wpcf7-submit has-spinner\" type=\"submit\" value=\"Enviar\" \/>\n\t<\/p>\n<\/div><div class=\"wpcf7-response-output\" aria-hidden=\"true\"><\/div>\n<\/form>\n<\/div>\n[\/vc_column][\/vc_row]<\/p>\n","protected":false},"excerpt":{"rendered":"<p>[vc_row][vc_column width=&#8221;2\/3&#8243;][vc_column_text] La braquioplastia o levantamiento de brazos es un procedimiento de cirug\u00eda cosm\u00e9tica que mejora la forma de los brazos, por lo general de la parte superior de la extremidad, eliminando el exceso de piel y grasa que pueda tener. Durante el procedimiento, tu m\u00e9dico atacar\u00e1 la flacidez entre la axila y el codo&#8230;<\/p>\n","protected":false},"author":3,"featured_media":8626,"parent":0,"menu_order":0,"comment_status":"closed","ping_status":"closed","template":"","meta":{"footnotes":""},"class_list":["post-8035","page","type-page","status-publish","has-post-thumbnail","hentry"],"yoast_head":"<!-- This site is optimized with the Yoast SEO plugin v23.0 - https:\/\/yoast.com\/wordpress\/plugins\/seo\/ -->\n<title>Levantamiento de Brazos - Inicio<\/title>\n<meta name=\"robots\" content=\"index, follow, max-snippet:-1, max-image-preview:large, max-video-preview:-1\" \/>\n<link rel=\"canonical\" href=\"https:\/\/estheteclinic.com\/arm-lift\/\" \/>\n<meta property=\"og:locale\" content=\"es_ES\" \/>\n<meta property=\"og:type\" content=\"article\" \/>\n<meta property=\"og:title\" content=\"Levantamiento de Brazos - Inicio\" \/>\n<meta property=\"og:description\" content=\"[vc_row][vc_column width=&#8221;2\/3&#8243;][vc_column_text] La braquioplastia o levantamiento de brazos es un procedimiento de cirug\u00eda cosm\u00e9tica que mejora la forma de los brazos, por lo general de la parte superior de la extremidad, eliminando el exceso de piel y grasa que pueda tener. Durante el procedimiento, tu m\u00e9dico atacar\u00e1 la flacidez entre la axila y el codo...\" \/>\n<meta property=\"og:url\" content=\"https:\/\/estheteclinic.com\/arm-lift\/\" \/>\n<meta property=\"og:site_name\" content=\"Inicio\" \/>\n<meta property=\"article:modified_time\" content=\"2021-11-26T13:08:11+00:00\" \/>\n<meta property=\"og:image\" content=\"https:\/\/estheteclinic.com\/wp-content\/uploads\/2021\/11\/Arm-Lift-112.jpg\" \/>\n\t<meta property=\"og:image:width\" content=\"2500\" \/>\n\t<meta property=\"og:image:height\" content=\"1368\" \/>\n\t<meta property=\"og:image:type\" content=\"image\/jpeg\" \/>\n<meta name=\"twitter:card\" content=\"summary_large_image\" \/>\n<meta name=\"twitter:label1\" content=\"Tiempo de lectura\" \/>\n\t<meta name=\"twitter:data1\" content=\"4 minutos\" \/>\n<script type=\"application\/ld+json\" class=\"yoast-schema-graph\">{\"@context\":\"https:\/\/schema.org\",\"@graph\":[{\"@type\":\"WebPage\",\"@id\":\"https:\/\/estheteclinic.com\/arm-lift\/\",\"url\":\"https:\/\/estheteclinic.com\/arm-lift\/\",\"name\":\"Levantamiento de Brazos - Inicio\",\"isPartOf\":{\"@id\":\"https:\/\/estheteclinic.com\/#website\"},\"primaryImageOfPage\":{\"@id\":\"https:\/\/estheteclinic.com\/arm-lift\/#primaryimage\"},\"image\":{\"@id\":\"https:\/\/estheteclinic.com\/arm-lift\/#primaryimage\"},\"thumbnailUrl\":\"https:\/\/estheteclinic.com\/wp-content\/uploads\/2021\/11\/Arm-Lift-112.jpg\",\"datePublished\":\"2021-11-06T14:50:04+00:00\",\"dateModified\":\"2021-11-26T13:08:11+00:00\",\"breadcrumb\":{\"@id\":\"https:\/\/estheteclinic.com\/arm-lift\/#breadcrumb\"},\"inLanguage\":\"es\",\"potentialAction\":[{\"@type\":\"ReadAction\",\"target\":[\"https:\/\/estheteclinic.com\/arm-lift\/\"]}]},{\"@type\":\"ImageObject\",\"inLanguage\":\"es\",\"@id\":\"https:\/\/estheteclinic.com\/arm-lift\/#primaryimage\",\"url\":\"https:\/\/estheteclinic.com\/wp-content\/uploads\/2021\/11\/Arm-Lift-112.jpg\",\"contentUrl\":\"https:\/\/estheteclinic.com\/wp-content\/uploads\/2021\/11\/Arm-Lift-112.jpg\",\"width\":2500,\"height\":1368,\"caption\":\"arm lift\"},{\"@type\":\"BreadcrumbList\",\"@id\":\"https:\/\/estheteclinic.com\/arm-lift\/#breadcrumb\",\"itemListElement\":[{\"@type\":\"ListItem\",\"position\":1,\"name\":\"Home\",\"item\":\"https:\/\/estheteclinic.com\/es\/\"},{\"@type\":\"ListItem\",\"position\":2,\"name\":\"Levantamiento de Brazos\"}]},{\"@type\":\"WebSite\",\"@id\":\"https:\/\/estheteclinic.com\/#website\",\"url\":\"https:\/\/estheteclinic.com\/\",\"name\":\"Inicio\",\"description\":\"Plastic Surgery &amp; Hair Transplant in Turkey\",\"potentialAction\":[{\"@type\":\"SearchAction\",\"target\":{\"@type\":\"EntryPoint\",\"urlTemplate\":\"https:\/\/estheteclinic.com\/?s={search_term_string}\"},\"query-input\":\"required name=search_term_string\"}],\"inLanguage\":\"es\"}]}<\/script>\n<!-- \/ Yoast SEO plugin. -->","yoast_head_json":{"title":"Levantamiento de Brazos - Inicio","robots":{"index":"index","follow":"follow","max-snippet":"max-snippet:-1","max-image-preview":"max-image-preview:large","max-video-preview":"max-video-preview:-1"},"canonical":"https:\/\/estheteclinic.com\/arm-lift\/","og_locale":"es_ES","og_type":"article","og_title":"Levantamiento de Brazos - Inicio","og_description":"[vc_row][vc_column width=&#8221;2\/3&#8243;][vc_column_text] La braquioplastia o levantamiento de brazos es un procedimiento de cirug\u00eda cosm\u00e9tica que mejora la forma de los brazos, por lo general de la parte superior de la extremidad, eliminando el exceso de piel y grasa que pueda tener. Durante el procedimiento, tu m\u00e9dico atacar\u00e1 la flacidez entre la axila y el codo...","og_url":"https:\/\/estheteclinic.com\/arm-lift\/","og_site_name":"Inicio","article_modified_time":"2021-11-26T13:08:11+00:00","og_image":[{"width":2500,"height":1368,"url":"https:\/\/estheteclinic.com\/wp-content\/uploads\/2021\/11\/Arm-Lift-112.jpg","type":"image\/jpeg"}],"twitter_card":"summary_large_image","twitter_misc":{"Tiempo de lectura":"4 minutos"},"schema":{"@context":"https:\/\/schema.org","@graph":[{"@type":"WebPage","@id":"https:\/\/estheteclinic.com\/arm-lift\/","url":"https:\/\/estheteclinic.com\/arm-lift\/","name":"Levantamiento de Brazos - Inicio","isPartOf":{"@id":"https:\/\/estheteclinic.com\/#website"},"primaryImageOfPage":{"@id":"https:\/\/estheteclinic.com\/arm-lift\/#primaryimage"},"image":{"@id":"https:\/\/estheteclinic.com\/arm-lift\/#primaryimage"},"thumbnailUrl":"https:\/\/estheteclinic.com\/wp-content\/uploads\/2021\/11\/Arm-Lift-112.jpg","datePublished":"2021-11-06T14:50:04+00:00","dateModified":"2021-11-26T13:08:11+00:00","breadcrumb":{"@id":"https:\/\/estheteclinic.com\/arm-lift\/#breadcrumb"},"inLanguage":"es","potentialAction":[{"@type":"ReadAction","target":["https:\/\/estheteclinic.com\/arm-lift\/"]}]},{"@type":"ImageObject","inLanguage":"es","@id":"https:\/\/estheteclinic.com\/arm-lift\/#primaryimage","url":"https:\/\/estheteclinic.com\/wp-content\/uploads\/2021\/11\/Arm-Lift-112.jpg","contentUrl":"https:\/\/estheteclinic.com\/wp-content\/uploads\/2021\/11\/Arm-Lift-112.jpg","width":2500,"height":1368,"caption":"arm lift"},{"@type":"BreadcrumbList","@id":"https:\/\/estheteclinic.com\/arm-lift\/#breadcrumb","itemListElement":[{"@type":"ListItem","position":1,"name":"Home","item":"https:\/\/estheteclinic.com\/es\/"},{"@type":"ListItem","position":2,"name":"Levantamiento de Brazos"}]},{"@type":"WebSite","@id":"https:\/\/estheteclinic.com\/#website","url":"https:\/\/estheteclinic.com\/","name":"Inicio","description":"Plastic Surgery &amp; Hair Transplant in Turkey","potentialAction":[{"@type":"SearchAction","target":{"@type":"EntryPoint","urlTemplate":"https:\/\/estheteclinic.com\/?s={search_term_string}"},"query-input":"required name=search_term_string"}],"inLanguage":"es"}]}},"_links":{"self":[{"href":"https:\/\/estheteclinic.com\/es\/wp-json\/wp\/v2\/pages\/8035","targetHints":{"allow":["GET"]}}],"collection":[{"href":"https:\/\/estheteclinic.com\/es\/wp-json\/wp\/v2\/pages"}],"about":[{"href":"https:\/\/estheteclinic.com\/es\/wp-json\/wp\/v2\/types\/page"}],"author":[{"embeddable":true,"href":"https:\/\/estheteclinic.com\/es\/wp-json\/wp\/v2\/users\/3"}],"replies":[{"embeddable":true,"href":"https:\/\/estheteclinic.com\/es\/wp-json\/wp\/v2\/comments?post=8035"}],"version-history":[{"count":2,"href":"https:\/\/estheteclinic.com\/es\/wp-json\/wp\/v2\/pages\/8035\/revisions"}],"predecessor-version":[{"id":8630,"href":"https:\/\/estheteclinic.com\/es\/wp-json\/wp\/v2\/pages\/8035\/revisions\/8630"}],"wp:featuredmedia":[{"embeddable":true,"href":"https:\/\/estheteclinic.com\/es\/wp-json\/wp\/v2\/media\/8626"}],"wp:attachment":[{"href":"https:\/\/estheteclinic.com\/es\/wp-json\/wp\/v2\/media?parent=8035"}],"curies":[{"name":"wp","href":"https:\/\/api.w.org\/{rel}","templated":true}]}}