{"id":8046,"date":"2021-11-06T14:59:08","date_gmt":"2021-11-06T14:59:08","guid":{"rendered":"http:\/\/estheteclinic.com\/?page_id=8046"},"modified":"2021-11-26T09:35:47","modified_gmt":"2021-11-26T09:35:47","slug":"bbl","status":"publish","type":"page","link":"https:\/\/estheteclinic.com\/es\/bbl\/","title":{"rendered":"BBL"},"content":{"rendered":"<p>[vc_row][vc_column width=&#8221;2\/3&#8243;][vc_column_text]El levantamiento de gl\u00fateos brasile\u00f1o (BBL, por sus siglas en ingl\u00e9s) es un procedimiento quir\u00fargico realizado para reformar toda la parte baja de la espalda y el \u00e1rea de las caderas y mejorar su apariencia. Se realiza a trav\u00e9s de un proceso en dos pasos que involucra retirar grasa y trasladarla a los gl\u00fateos. El primer paso es una liposucci\u00f3n para extraer c\u00e9lulas de grasa y quitarlas de zonas problem\u00e1ticas. El segundo paso es la inserci\u00f3n muy cuidadosa de estas c\u00e9lulas en el \u00e1rea de los gl\u00fateos seg\u00fan la solicitud del paciente. Esta t\u00e9cnica le da una apariencia m\u00e1s redondeada y levantada a los gl\u00fateos.<\/p>\n<p>El levantamiento de gl\u00fateos brasile\u00f1o usa varios enfoques que resuelven \u00e1reas problem\u00e1ticas en distintas partes del cuerpo.<\/p>\n<h2>Procedimiento del BBL<\/h2>\n<h3>Pre-cirug\u00eda<\/h3>\n<p>Si tu BBL se enfoca en \u00e1reas m\u00e1s grandes de tus gl\u00fateos, puede que necesites anestesia general. De lo contrario, una anestesia local con sedaci\u00f3n podr\u00e1 ser suficiente.<\/p>\n<h3>Cirug\u00eda<\/h3>\n<p>Tu cirujano comenzar\u00e1 a extraer la grasa de otras \u00e1reas usando la liposucci\u00f3n. Los sitios m\u00e1s comunes de donde se extraen c\u00e9lulas adiposas incluyen:<\/p>\n<ul>\n<li>Abdomen<\/li>\n<li>Muslos<\/li>\n<li>Espalda<\/li>\n<\/ul>\n<p>&nbsp;<\/p>\n<p>Para realizar la liposucci\u00f3n, tu m\u00e9dico tendr\u00e1 que hacer peque\u00f1as incisiones en las \u00e1reas objetivo. Luego, usando una c\u00e1nula, tu m\u00e9dico romper\u00e1 la grasa y la extraer\u00e1.<\/p>\n<p>Antes de inyectar el tejido adiposo a tus gl\u00fateos, tu m\u00e9dico la purificar\u00e1 primero. Una vez hecho esto, se realiza una inyecci\u00f3n sistem\u00e1tica de la grasa hacia los gl\u00fateos para lograr un aspecto m\u00e1s redondeado. Este proceso requerir\u00e1 de 3 a 5 incisiones en los gl\u00fateos. Todas las incisiones en un BBL se cerrar\u00e1n con suturas.<\/p>\n<h2>Recuperaci\u00f3n de un Levantamiento de Gl\u00fateos Brasile\u00f1o<\/h2>\n<p>Podr\u00e1s reincorporarte a tus actividades diarias 2 d\u00edas despu\u00e9s de la cirug\u00eda. Los hematomas y la inflamaci\u00f3n desaparecer\u00e1n en d\u00edas.<\/p>\n<p>Sigue las instrucciones a continuaci\u00f3n para lograr una recuperaci\u00f3n sin problemas:<\/p>\n<ul>\n<li>Evita ejercicios extenuantes por un mes despu\u00e9s de un BBL.<\/li>\n<li>Evita sentarte sobre tus gl\u00fateos por 2 semanas luego del BBL.<\/li>\n<li>Duerme de lado hasta que tus heridas cicatricen.<\/li>\n<\/ul>\n<h2>Resultados de un Levantamiento de Gl\u00fateos Brasile\u00f1o<\/h2>\n<p>Los resultados del BBL son inmediatos, pero lucir\u00e1n mejor con el paso del tiempo, luego de que la inflamaci\u00f3n y los moretones desaparezcan. Si mantienes tu peso, los resultados de un BBL pueden ser muy duraderos.<\/p>\n<p>Es posible que requieras m\u00e1s de un procedimiento de BBL para lograr tus metas cosm\u00e9ticas.<\/p>\n<h2>Candidatos para un BBL<\/h2>\n<p>Por lo general, eres un candidato adecuado para un BBL si:<\/p>\n<ul>\n<li>No tienes historia de cicatrizaci\u00f3n deficiente.<\/li>\n<li>Gozas de una buena salud.<\/li>\n<li>Quieres reformar tus \u00e1reas de caderas y gl\u00fateos.<\/li>\n<li>Tienes \u00e1reas con tejido adiposo no deseado.<\/li>\n<\/ul>\n<h2>Duraci\u00f3n de un Levantamiento de Gl\u00fateos Brasile\u00f1o<\/h2>\n<p>El tiempo requerido para un levantamiento de gl\u00fateos brasile\u00f1o var\u00eda de 1 hora y media a 4 horas, dependiendo de la apariencia deseada.[\/vc_column_text][\/vc_column][vc_column width=&#8221;1\/3&#8243; el_class=&#8221;sticky_contact_form_ttttt&#8221;]\n<div class=\"wpcf7 no-js\" id=\"wpcf7-f7799-o1\" lang=\"es-ES\" dir=\"ltr\">\n<div class=\"screen-reader-response\"><p role=\"status\" aria-live=\"polite\" aria-atomic=\"true\"><\/p> <ul><\/ul><\/div>\n<form action=\"\/es\/wp-json\/wp\/v2\/pages\/8046#wpcf7-f7799-o1\" method=\"post\" class=\"wpcf7-form init\" aria-label=\"Formulario de contacto\" novalidate=\"novalidate\" data-status=\"init\">\n<div style=\"display: none;\">\n<input type=\"hidden\" name=\"_wpcf7\" value=\"7799\" \/>\n<input type=\"hidden\" name=\"_wpcf7_version\" value=\"5.9.6\" \/>\n<input type=\"hidden\" name=\"_wpcf7_locale\" value=\"es_ES\" \/>\n<input type=\"hidden\" name=\"_wpcf7_unit_tag\" value=\"wpcf7-f7799-o1\" \/>\n<input type=\"hidden\" name=\"_wpcf7_container_post\" value=\"0\" \/>\n<input type=\"hidden\" name=\"_wpcf7_posted_data_hash\" value=\"\" \/>\n<\/div>\n<div class=\"contact_form_sticky_cf7\">\n\t<h3 style=\"text-align:center;color:white;\">Consigue una Consulta Gratuita\n\t<\/h3>\n\t<p style=\"text-align:center;color:white;\">Por favor completa el formulario a continuaci\u00f3n y te contactaremos a la brevedad\n\t<\/p>\n\t<div class=\"contact-page1 row\">\n\t\t<div class=\"col-sm-6\">\n\t\t\t<p><span class=\"wpcf7-form-control-wrap\" data-name=\"nameeeee\"><input size=\"40\" maxlength=\"80\" class=\"wpcf7-form-control wpcf7-text wpcf7-validates-as-required\" aria-required=\"true\" aria-invalid=\"false\" placeholder=\"Tu nombre*\" value=\"\" type=\"text\" name=\"nameeeee\" \/><\/span>\n\t\t\t<\/p>\n\t\t<\/div>\n\t\t<div class=\"col-sm-6\">\n\t\t\t<p><span class=\"wpcf7-form-control-wrap\" data-name=\"emaillll\"><input size=\"40\" maxlength=\"80\" class=\"wpcf7-form-control wpcf7-email wpcf7-text wpcf7-validates-as-email\" aria-invalid=\"false\" placeholder=\"Tu correo electr\u00f3nico\" value=\"\" type=\"email\" name=\"emaillll\" \/><\/span>\n\t\t\t<\/p>\n\t\t<\/div>\n\t\t<div class=\"col-sm-12\" style=\"padding-bottom:20px;\">\n\t\t\t<p>[phonetext* phoneeee numberonly]\n\t\t\t<\/p>\n\t\t<\/div>\n\t\t<div class=\"col-sm-12\">\n\t\t\t<p><span class=\"wpcf7-form-control-wrap\" data-name=\"messageeeeee\"><textarea cols=\"40\" rows=\"10\" maxlength=\"400\" class=\"wpcf7-form-control wpcf7-textarea\" aria-invalid=\"false\" placeholder=\"Mensaje\" name=\"messageeeeee\"><\/textarea><\/span>\n\t\t\t<\/p>\n\t\t<\/div>\n\t<\/div>\n\t<p><input class=\"wpcf7-form-control wpcf7-submit has-spinner\" type=\"submit\" value=\"Enviar\" \/>\n\t<\/p>\n<\/div><div class=\"wpcf7-response-output\" aria-hidden=\"true\"><\/div>\n<\/form>\n<\/div>\n[\/vc_column][\/vc_row]<\/p>\n","protected":false},"excerpt":{"rendered":"<p>[vc_row][vc_column width=&#8221;2\/3&#8243;][vc_column_text]El levantamiento de gl\u00fateos brasile\u00f1o (BBL, por sus siglas en ingl\u00e9s) es un procedimiento quir\u00fargico realizado para reformar toda la parte baja de la espalda y el \u00e1rea de las caderas y mejorar su apariencia. Se realiza a trav\u00e9s de un proceso en dos pasos que involucra retirar grasa y trasladarla a los gl\u00fateos&#8230;.<\/p>\n","protected":false},"author":3,"featured_media":8596,"parent":0,"menu_order":0,"comment_status":"closed","ping_status":"closed","template":"","meta":{"footnotes":""},"class_list":["post-8046","page","type-page","status-publish","has-post-thumbnail","hentry"],"yoast_head":"<!-- This site is optimized with the Yoast SEO plugin v23.0 - https:\/\/yoast.com\/wordpress\/plugins\/seo\/ -->\n<title>BBL - Inicio<\/title>\n<meta name=\"robots\" content=\"index, follow, max-snippet:-1, max-image-preview:large, max-video-preview:-1\" \/>\n<link rel=\"canonical\" href=\"https:\/\/estheteclinic.com\/bbl\/\" \/>\n<meta property=\"og:locale\" content=\"es_ES\" \/>\n<meta property=\"og:type\" content=\"article\" \/>\n<meta property=\"og:title\" content=\"BBL - Inicio\" \/>\n<meta property=\"og:description\" content=\"[vc_row][vc_column width=&#8221;2\/3&#8243;][vc_column_text]El levantamiento de gl\u00fateos brasile\u00f1o (BBL, por sus siglas en ingl\u00e9s) es un procedimiento quir\u00fargico realizado para reformar toda la parte baja de la espalda y el \u00e1rea de las caderas y mejorar su apariencia. Se realiza a trav\u00e9s de un proceso en dos pasos que involucra retirar grasa y trasladarla a los gl\u00fateos....\" \/>\n<meta property=\"og:url\" content=\"https:\/\/estheteclinic.com\/bbl\/\" \/>\n<meta property=\"og:site_name\" content=\"Inicio\" \/>\n<meta property=\"article:modified_time\" content=\"2021-11-26T09:35:47+00:00\" \/>\n<meta property=\"og:image\" content=\"https:\/\/estheteclinic.com\/wp-content\/uploads\/2021\/11\/BBL-rrr.jpg\" \/>\n\t<meta property=\"og:image:width\" content=\"2000\" \/>\n\t<meta property=\"og:image:height\" content=\"1122\" \/>\n\t<meta property=\"og:image:type\" content=\"image\/jpeg\" \/>\n<meta name=\"twitter:card\" content=\"summary_large_image\" \/>\n<meta name=\"twitter:label1\" content=\"Tiempo de lectura\" \/>\n\t<meta name=\"twitter:data1\" content=\"3 minutos\" \/>\n<script type=\"application\/ld+json\" class=\"yoast-schema-graph\">{\"@context\":\"https:\/\/schema.org\",\"@graph\":[{\"@type\":\"WebPage\",\"@id\":\"https:\/\/estheteclinic.com\/bbl\/\",\"url\":\"https:\/\/estheteclinic.com\/bbl\/\",\"name\":\"BBL - Inicio\",\"isPartOf\":{\"@id\":\"https:\/\/estheteclinic.com\/#website\"},\"primaryImageOfPage\":{\"@id\":\"https:\/\/estheteclinic.com\/bbl\/#primaryimage\"},\"image\":{\"@id\":\"https:\/\/estheteclinic.com\/bbl\/#primaryimage\"},\"thumbnailUrl\":\"https:\/\/estheteclinic.com\/wp-content\/uploads\/2021\/11\/BBL-rrr.jpg\",\"datePublished\":\"2021-11-06T14:59:08+00:00\",\"dateModified\":\"2021-11-26T09:35:47+00:00\",\"breadcrumb\":{\"@id\":\"https:\/\/estheteclinic.com\/bbl\/#breadcrumb\"},\"inLanguage\":\"es\",\"potentialAction\":[{\"@type\":\"ReadAction\",\"target\":[\"https:\/\/estheteclinic.com\/bbl\/\"]}]},{\"@type\":\"ImageObject\",\"inLanguage\":\"es\",\"@id\":\"https:\/\/estheteclinic.com\/bbl\/#primaryimage\",\"url\":\"https:\/\/estheteclinic.com\/wp-content\/uploads\/2021\/11\/BBL-rrr.jpg\",\"contentUrl\":\"https:\/\/estheteclinic.com\/wp-content\/uploads\/2021\/11\/BBL-rrr.jpg\",\"width\":2000,\"height\":1122,\"caption\":\"bbl\"},{\"@type\":\"BreadcrumbList\",\"@id\":\"https:\/\/estheteclinic.com\/bbl\/#breadcrumb\",\"itemListElement\":[{\"@type\":\"ListItem\",\"position\":1,\"name\":\"Home\",\"item\":\"https:\/\/estheteclinic.com\/es\/\"},{\"@type\":\"ListItem\",\"position\":2,\"name\":\"BBL\"}]},{\"@type\":\"WebSite\",\"@id\":\"https:\/\/estheteclinic.com\/#website\",\"url\":\"https:\/\/estheteclinic.com\/\",\"name\":\"Inicio\",\"description\":\"Plastic Surgery &amp; Hair Transplant in Turkey\",\"potentialAction\":[{\"@type\":\"SearchAction\",\"target\":{\"@type\":\"EntryPoint\",\"urlTemplate\":\"https:\/\/estheteclinic.com\/?s={search_term_string}\"},\"query-input\":\"required name=search_term_string\"}],\"inLanguage\":\"es\"}]}<\/script>\n<!-- \/ Yoast SEO plugin. -->","yoast_head_json":{"title":"BBL - Inicio","robots":{"index":"index","follow":"follow","max-snippet":"max-snippet:-1","max-image-preview":"max-image-preview:large","max-video-preview":"max-video-preview:-1"},"canonical":"https:\/\/estheteclinic.com\/bbl\/","og_locale":"es_ES","og_type":"article","og_title":"BBL - Inicio","og_description":"[vc_row][vc_column width=&#8221;2\/3&#8243;][vc_column_text]El levantamiento de gl\u00fateos brasile\u00f1o (BBL, por sus siglas en ingl\u00e9s) es un procedimiento quir\u00fargico realizado para reformar toda la parte baja de la espalda y el \u00e1rea de las caderas y mejorar su apariencia. Se realiza a trav\u00e9s de un proceso en dos pasos que involucra retirar grasa y trasladarla a los gl\u00fateos....","og_url":"https:\/\/estheteclinic.com\/bbl\/","og_site_name":"Inicio","article_modified_time":"2021-11-26T09:35:47+00:00","og_image":[{"width":2000,"height":1122,"url":"https:\/\/estheteclinic.com\/wp-content\/uploads\/2021\/11\/BBL-rrr.jpg","type":"image\/jpeg"}],"twitter_card":"summary_large_image","twitter_misc":{"Tiempo de lectura":"3 minutos"},"schema":{"@context":"https:\/\/schema.org","@graph":[{"@type":"WebPage","@id":"https:\/\/estheteclinic.com\/bbl\/","url":"https:\/\/estheteclinic.com\/bbl\/","name":"BBL - Inicio","isPartOf":{"@id":"https:\/\/estheteclinic.com\/#website"},"primaryImageOfPage":{"@id":"https:\/\/estheteclinic.com\/bbl\/#primaryimage"},"image":{"@id":"https:\/\/estheteclinic.com\/bbl\/#primaryimage"},"thumbnailUrl":"https:\/\/estheteclinic.com\/wp-content\/uploads\/2021\/11\/BBL-rrr.jpg","datePublished":"2021-11-06T14:59:08+00:00","dateModified":"2021-11-26T09:35:47+00:00","breadcrumb":{"@id":"https:\/\/estheteclinic.com\/bbl\/#breadcrumb"},"inLanguage":"es","potentialAction":[{"@type":"ReadAction","target":["https:\/\/estheteclinic.com\/bbl\/"]}]},{"@type":"ImageObject","inLanguage":"es","@id":"https:\/\/estheteclinic.com\/bbl\/#primaryimage","url":"https:\/\/estheteclinic.com\/wp-content\/uploads\/2021\/11\/BBL-rrr.jpg","contentUrl":"https:\/\/estheteclinic.com\/wp-content\/uploads\/2021\/11\/BBL-rrr.jpg","width":2000,"height":1122,"caption":"bbl"},{"@type":"BreadcrumbList","@id":"https:\/\/estheteclinic.com\/bbl\/#breadcrumb","itemListElement":[{"@type":"ListItem","position":1,"name":"Home","item":"https:\/\/estheteclinic.com\/es\/"},{"@type":"ListItem","position":2,"name":"BBL"}]},{"@type":"WebSite","@id":"https:\/\/estheteclinic.com\/#website","url":"https:\/\/estheteclinic.com\/","name":"Inicio","description":"Plastic Surgery &amp; Hair Transplant in Turkey","potentialAction":[{"@type":"SearchAction","target":{"@type":"EntryPoint","urlTemplate":"https:\/\/estheteclinic.com\/?s={search_term_string}"},"query-input":"required name=search_term_string"}],"inLanguage":"es"}]}},"_links":{"self":[{"href":"https:\/\/estheteclinic.com\/es\/wp-json\/wp\/v2\/pages\/8046","targetHints":{"allow":["GET"]}}],"collection":[{"href":"https:\/\/estheteclinic.com\/es\/wp-json\/wp\/v2\/pages"}],"about":[{"href":"https:\/\/estheteclinic.com\/es\/wp-json\/wp\/v2\/types\/page"}],"author":[{"embeddable":true,"href":"https:\/\/estheteclinic.com\/es\/wp-json\/wp\/v2\/users\/3"}],"replies":[{"embeddable":true,"href":"https:\/\/estheteclinic.com\/es\/wp-json\/wp\/v2\/comments?post=8046"}],"version-history":[{"count":2,"href":"https:\/\/estheteclinic.com\/es\/wp-json\/wp\/v2\/pages\/8046\/revisions"}],"predecessor-version":[{"id":8048,"href":"https:\/\/estheteclinic.com\/es\/wp-json\/wp\/v2\/pages\/8046\/revisions\/8048"}],"wp:featuredmedia":[{"embeddable":true,"href":"https:\/\/estheteclinic.com\/es\/wp-json\/wp\/v2\/media\/8596"}],"wp:attachment":[{"href":"https:\/\/estheteclinic.com\/es\/wp-json\/wp\/v2\/media?parent=8046"}],"curies":[{"name":"wp","href":"https:\/\/api.w.org\/{rel}","templated":true}]}}