{"id":8070,"date":"2021-11-06T15:17:15","date_gmt":"2021-11-06T15:17:15","guid":{"rendered":"http:\/\/estheteclinic.com\/?page_id=8070"},"modified":"2021-11-10T09:42:45","modified_gmt":"2021-11-10T09:42:45","slug":"blefaroplastia","status":"publish","type":"page","link":"https:\/\/estheteclinic.com\/es\/blefaroplastia\/","title":{"rendered":"Blefaroplastia"},"content":{"rendered":"<p>[vc_row][vc_column width=&#8221;2\/3&#8243;][vc_column_text]La blefaroplastia es un procedimiento quir\u00fargico en el cual se remueve el exceso de piel y m\u00fasculo alrededor de los ojos, tanto del p\u00e1rpado superior como del inferior, conjuntamente con el tejido adiposo subyacente. La blefaroplastia corrige la ca\u00edda del p\u00e1rpado y retira las bolsas y se\u00f1ales de envejecimiento presentes alrededor de los ojos.<\/p>\n<p>El objetivo del levantamiento de ojos es principalmente para fines cosm\u00e9ticos, pero hay casos especiales donde ayuda a mejorar la visi\u00f3n, particularmente en pacientes ancianos con flacidez de los p\u00e1rpados superiores.<\/p>\n<p>La cirug\u00eda de blefaroplastia no es un procedimiento est\u00e1ndar, pues var\u00eda ampliamente entre pacientes dependiendo de sus necesidades particulares. Algunos pueden requerir blefaroplastia en un solo p\u00e1rpado, mientras que para otros se puede extender a ambos.<\/p>\n<h2><strong>Candidato para la Blefaroplastia<\/strong><\/h2>\n<p>Ser\u00e1s apto para una blefaroplastia si cumples con las siguientes condiciones:<\/p>\n<ul>\n<li>Tienes exceso de piel alrededor de tus ojos.<\/li>\n<li>Tienes p\u00e1rpados ca\u00eddos.<\/li>\n<li>Tienes buena salud.<\/li>\n<\/ul>\n<h2><strong>\u00bfC\u00f3mo prepararse para una Blefaroplastia?<\/strong><\/h2>\n<p>En general, nuestros cirujanos de Esthete Clinic repasar\u00e1n estos puntos contigo. De igual manera, te presentamos los puntos m\u00e1s importantes que debes considerar antes de someterte a una blefaroplastia.<\/p>\n<ul>\n<li>Si fumas, debes dejar de hacerlo 2 semanas antes de tu cirug\u00eda.<\/li>\n<li>Deja de tomar vitamina E y anticoagulantes 2 semanas antes a tu blefaroplastia.<\/li>\n<li>No ingieras alimentos 5 horas previas a tu cirug\u00eda.<\/li>\n<li>No te apliques productos ni maquillaje en tu rostro el d\u00eda de tu blefaroplastia.<\/li>\n<\/ul>\n<h2><strong>Procedimiento de la Blefaroplastia<\/strong><\/h2>\n<h3><strong>Pre-cirug\u00eda<\/strong><\/h3>\n<p>Antes de comenzar la blefaroplastia, haremos una prueba de sangre rutinaria para asegurarnos de que eres apto para el procedimiento. Nuestros anestesi\u00f3logos de Esthete Clinic te administrar\u00e1n anestesia general o local con sedaci\u00f3n.<\/p>\n<h3><strong>Cirug\u00eda<\/strong><\/h3>\n<p>Durante la blefaroplastia, tu cirujano realizar\u00e1 incisiones entre los pliegues naturales de tus ojos para garantizar que tus cicatrices no se ver\u00e1n despu\u00e9s del procedimiento quir\u00fargico. Por medio de estas incisiones retirar\u00e1 el exceso de piel, grasa y m\u00fasculo, y posteriormente cerrar\u00e1 la herida con suturas cosm\u00e9ticas.<\/p>\n<h3><strong>Post-cirug\u00eda<\/strong><\/h3>\n<p>Despu\u00e9s de la blefaroplastia, te levantar\u00e1s con vendas en tus ojos, aunque estos vendajes no limitar\u00e1n tu visi\u00f3n.<\/p>\n<h2><strong>Recuperaci\u00f3n de una Blefaroplastia<\/strong><\/h2>\n<p>La aparici\u00f3n de edema y hematomas muy com\u00fan despu\u00e9s de una blefaroplastia. Aplicar compresas fr\u00edas al \u00e1rea tratada puede ayudarte a reducir significativamente estos s\u00edntomas. Comienza aplicando almohadillas fr\u00edas por 20 minutos cada hora el primer d\u00eda, luego 20 minutos cada dos horas.<\/p>\n<h2><strong>Duraci\u00f3n de la Blefaroplastia<\/strong><\/h2>\n<p>La blefaroplastia es un procedimiento que puede tardar de 1 a 3 horas, dependiendo de la t\u00e9cnica utilizada en la cirug\u00eda.<\/p>\n<h2><strong>Resultados de la Blefaroplastia<\/strong><\/h2>\n<p>Es importante tener expectativas realistas con respecto a tus resultados despu\u00e9s de la blefaroplastia. Esta cirug\u00eda no puede corregir los c\u00edrculos oscuros, las ojeras ni las arrugas alrededor de los ojos.<\/p>\n<p>Puede que la primera semana pueda notarse una delgada l\u00ednea rosada en el pliegue del p\u00e1rpado superior, del p\u00e1rpado inferior o bajo las pesta\u00f1as.<\/p>\n<p>Notar\u00e1s un cambio dr\u00e1stico en t\u00e9rminos del exceso de piel y la flacidez del \u00e1rea. Si bien los resultados son inmediatos, con el paso del tiempo mejorar\u00e1n a\u00fan m\u00e1s.<\/p>\n<h2><strong>Recuperaci\u00f3n de la Blefaroplastia<\/strong><\/h2>\n<p>La aparici\u00f3n de edema y hematomas muy com\u00fan despu\u00e9s de una blefaroplastia. Aplicar compresas fr\u00edas al \u00e1rea tratada puede ayudarte a reducir significativamente estos s\u00edntomas. Comienza aplicando almohadillas fr\u00edas por 20 minutos cada hora el primer d\u00eda, luego 20 minutos cada dos horas.<\/p>\n<p>Inmediatamente despu\u00e9s de la cirug\u00eda, tus ojos se cubrir\u00e1n con vendajes que no limitar\u00e1n tu visi\u00f3n. Puede que presentes ligeros sangramientos y filtraciones en el \u00e1rea, particularmente la primera hora despu\u00e9s de la operaci\u00f3n, pero tus vendas lo absorber\u00e1n.<\/p>\n<p>Trata de no ejercer presi\u00f3n en tu cara y de dormir en un \u00e1ngulo elevado para reducir la inflamaci\u00f3n.<\/p>\n<h2><strong>No te rasques ni toques tus heridas de no ser necesario<\/strong><\/h2>\n<p>Toma tus analg\u00e9sicos y otros medicamentos seg\u00fan las instrucciones de tu m\u00e9dico. Evita hacer ejercicios intensos o exponerte a un solario, sauna, salas de vapor o nadar por 6 semanas despu\u00e9s del procedimiento.<\/p>\n<p>Utiliza lentes de sol cuando est\u00e9s a la intemperie para proteger tus ojos del viento y de la exposici\u00f3n a la luz solar.[\/vc_column_text][\/vc_column][vc_column width=&#8221;1\/3&#8243; el_class=&#8221;sticky_contact_form_ttttt&#8221;]\n<div class=\"wpcf7 no-js\" id=\"wpcf7-f7799-o1\" lang=\"es-ES\" dir=\"ltr\">\n<div class=\"screen-reader-response\"><p role=\"status\" aria-live=\"polite\" aria-atomic=\"true\"><\/p> <ul><\/ul><\/div>\n<form action=\"\/es\/wp-json\/wp\/v2\/pages\/8070#wpcf7-f7799-o1\" method=\"post\" class=\"wpcf7-form init\" aria-label=\"Formulario de contacto\" novalidate=\"novalidate\" data-status=\"init\">\n<div style=\"display: none;\">\n<input type=\"hidden\" name=\"_wpcf7\" value=\"7799\" \/>\n<input type=\"hidden\" name=\"_wpcf7_version\" value=\"5.9.6\" \/>\n<input type=\"hidden\" name=\"_wpcf7_locale\" value=\"es_ES\" \/>\n<input type=\"hidden\" name=\"_wpcf7_unit_tag\" value=\"wpcf7-f7799-o1\" \/>\n<input type=\"hidden\" name=\"_wpcf7_container_post\" value=\"0\" \/>\n<input type=\"hidden\" name=\"_wpcf7_posted_data_hash\" value=\"\" \/>\n<\/div>\n<div class=\"contact_form_sticky_cf7\">\n\t<h3 style=\"text-align:center;color:white;\">Consigue una Consulta Gratuita\n\t<\/h3>\n\t<p style=\"text-align:center;color:white;\">Por favor completa el formulario a continuaci\u00f3n y te contactaremos a la brevedad\n\t<\/p>\n\t<div class=\"contact-page1 row\">\n\t\t<div class=\"col-sm-6\">\n\t\t\t<p><span class=\"wpcf7-form-control-wrap\" data-name=\"nameeeee\"><input size=\"40\" maxlength=\"80\" class=\"wpcf7-form-control wpcf7-text wpcf7-validates-as-required\" aria-required=\"true\" aria-invalid=\"false\" placeholder=\"Tu nombre*\" value=\"\" type=\"text\" name=\"nameeeee\" \/><\/span>\n\t\t\t<\/p>\n\t\t<\/div>\n\t\t<div class=\"col-sm-6\">\n\t\t\t<p><span class=\"wpcf7-form-control-wrap\" data-name=\"emaillll\"><input size=\"40\" maxlength=\"80\" class=\"wpcf7-form-control wpcf7-email wpcf7-text wpcf7-validates-as-email\" aria-invalid=\"false\" placeholder=\"Tu correo electr\u00f3nico\" value=\"\" type=\"email\" name=\"emaillll\" \/><\/span>\n\t\t\t<\/p>\n\t\t<\/div>\n\t\t<div class=\"col-sm-12\" style=\"padding-bottom:20px;\">\n\t\t\t<p>[phonetext* phoneeee numberonly]\n\t\t\t<\/p>\n\t\t<\/div>\n\t\t<div class=\"col-sm-12\">\n\t\t\t<p><span class=\"wpcf7-form-control-wrap\" data-name=\"messageeeeee\"><textarea cols=\"40\" rows=\"10\" maxlength=\"400\" class=\"wpcf7-form-control wpcf7-textarea\" aria-invalid=\"false\" placeholder=\"Mensaje\" name=\"messageeeeee\"><\/textarea><\/span>\n\t\t\t<\/p>\n\t\t<\/div>\n\t<\/div>\n\t<p><input class=\"wpcf7-form-control wpcf7-submit has-spinner\" type=\"submit\" value=\"Enviar\" \/>\n\t<\/p>\n<\/div><div class=\"wpcf7-response-output\" aria-hidden=\"true\"><\/div>\n<\/form>\n<\/div>\n[\/vc_column][\/vc_row]<\/p>\n","protected":false},"excerpt":{"rendered":"<p>[vc_row][vc_column width=&#8221;2\/3&#8243;][vc_column_text]La blefaroplastia es un procedimiento quir\u00fargico en el cual se remueve el exceso de piel y m\u00fasculo alrededor de los ojos, tanto del p\u00e1rpado superior como del inferior, conjuntamente con el tejido adiposo subyacente. La blefaroplastia corrige la ca\u00edda del p\u00e1rpado y retira las bolsas y se\u00f1ales de envejecimiento presentes alrededor de los ojos&#8230;.<\/p>\n","protected":false},"author":3,"featured_media":8473,"parent":0,"menu_order":0,"comment_status":"closed","ping_status":"closed","template":"","meta":{"footnotes":""},"class_list":["post-8070","page","type-page","status-publish","has-post-thumbnail","hentry"],"yoast_head":"<!-- This site is optimized with the Yoast SEO plugin v23.0 - https:\/\/yoast.com\/wordpress\/plugins\/seo\/ -->\n<title>Blefaroplastia - Inicio<\/title>\n<meta name=\"robots\" content=\"index, follow, max-snippet:-1, max-image-preview:large, max-video-preview:-1\" \/>\n<link rel=\"canonical\" href=\"https:\/\/estheteclinic.com\/blepharoplasty\/\" \/>\n<meta property=\"og:locale\" content=\"es_ES\" \/>\n<meta property=\"og:type\" content=\"article\" \/>\n<meta property=\"og:title\" content=\"Blefaroplastia - Inicio\" \/>\n<meta property=\"og:description\" content=\"[vc_row][vc_column width=&#8221;2\/3&#8243;][vc_column_text]La blefaroplastia es un procedimiento quir\u00fargico en el cual se remueve el exceso de piel y m\u00fasculo alrededor de los ojos, tanto del p\u00e1rpado superior como del inferior, conjuntamente con el tejido adiposo subyacente. La blefaroplastia corrige la ca\u00edda del p\u00e1rpado y retira las bolsas y se\u00f1ales de envejecimiento presentes alrededor de los ojos....\" \/>\n<meta property=\"og:url\" content=\"https:\/\/estheteclinic.com\/blepharoplasty\/\" \/>\n<meta property=\"og:site_name\" content=\"Inicio\" \/>\n<meta property=\"article:modified_time\" content=\"2021-11-10T09:42:45+00:00\" \/>\n<meta property=\"og:image\" content=\"https:\/\/estheteclinic.com\/wp-content\/uploads\/2021\/11\/BLEPHAROPLASTY-120100.jpg\" \/>\n\t<meta property=\"og:image:width\" content=\"2000\" \/>\n\t<meta property=\"og:image:height\" content=\"1335\" \/>\n\t<meta property=\"og:image:type\" content=\"image\/jpeg\" \/>\n<meta name=\"twitter:card\" content=\"summary_large_image\" \/>\n<meta name=\"twitter:label1\" content=\"Tiempo de lectura\" \/>\n\t<meta name=\"twitter:data1\" content=\"4 minutos\" \/>\n<script type=\"application\/ld+json\" class=\"yoast-schema-graph\">{\"@context\":\"https:\/\/schema.org\",\"@graph\":[{\"@type\":\"WebPage\",\"@id\":\"https:\/\/estheteclinic.com\/blepharoplasty\/\",\"url\":\"https:\/\/estheteclinic.com\/blepharoplasty\/\",\"name\":\"Blefaroplastia - Inicio\",\"isPartOf\":{\"@id\":\"https:\/\/estheteclinic.com\/#website\"},\"primaryImageOfPage\":{\"@id\":\"https:\/\/estheteclinic.com\/blepharoplasty\/#primaryimage\"},\"image\":{\"@id\":\"https:\/\/estheteclinic.com\/blepharoplasty\/#primaryimage\"},\"thumbnailUrl\":\"https:\/\/estheteclinic.com\/wp-content\/uploads\/2021\/11\/BLEPHAROPLASTY-120100.jpg\",\"datePublished\":\"2021-11-06T15:17:15+00:00\",\"dateModified\":\"2021-11-10T09:42:45+00:00\",\"breadcrumb\":{\"@id\":\"https:\/\/estheteclinic.com\/blepharoplasty\/#breadcrumb\"},\"inLanguage\":\"es\",\"potentialAction\":[{\"@type\":\"ReadAction\",\"target\":[\"https:\/\/estheteclinic.com\/blepharoplasty\/\"]}]},{\"@type\":\"ImageObject\",\"inLanguage\":\"es\",\"@id\":\"https:\/\/estheteclinic.com\/blepharoplasty\/#primaryimage\",\"url\":\"https:\/\/estheteclinic.com\/wp-content\/uploads\/2021\/11\/BLEPHAROPLASTY-120100.jpg\",\"contentUrl\":\"https:\/\/estheteclinic.com\/wp-content\/uploads\/2021\/11\/BLEPHAROPLASTY-120100.jpg\",\"width\":2000,\"height\":1335,\"caption\":\"Blepharoplasty\"},{\"@type\":\"BreadcrumbList\",\"@id\":\"https:\/\/estheteclinic.com\/blepharoplasty\/#breadcrumb\",\"itemListElement\":[{\"@type\":\"ListItem\",\"position\":1,\"name\":\"Home\",\"item\":\"https:\/\/estheteclinic.com\/es\/\"},{\"@type\":\"ListItem\",\"position\":2,\"name\":\"Blefaroplastia\"}]},{\"@type\":\"WebSite\",\"@id\":\"https:\/\/estheteclinic.com\/#website\",\"url\":\"https:\/\/estheteclinic.com\/\",\"name\":\"Inicio\",\"description\":\"Plastic Surgery &amp; Hair Transplant in Turkey\",\"potentialAction\":[{\"@type\":\"SearchAction\",\"target\":{\"@type\":\"EntryPoint\",\"urlTemplate\":\"https:\/\/estheteclinic.com\/?s={search_term_string}\"},\"query-input\":\"required name=search_term_string\"}],\"inLanguage\":\"es\"}]}<\/script>\n<!-- \/ Yoast SEO plugin. -->","yoast_head_json":{"title":"Blefaroplastia - Inicio","robots":{"index":"index","follow":"follow","max-snippet":"max-snippet:-1","max-image-preview":"max-image-preview:large","max-video-preview":"max-video-preview:-1"},"canonical":"https:\/\/estheteclinic.com\/blepharoplasty\/","og_locale":"es_ES","og_type":"article","og_title":"Blefaroplastia - Inicio","og_description":"[vc_row][vc_column width=&#8221;2\/3&#8243;][vc_column_text]La blefaroplastia es un procedimiento quir\u00fargico en el cual se remueve el exceso de piel y m\u00fasculo alrededor de los ojos, tanto del p\u00e1rpado superior como del inferior, conjuntamente con el tejido adiposo subyacente. La blefaroplastia corrige la ca\u00edda del p\u00e1rpado y retira las bolsas y se\u00f1ales de envejecimiento presentes alrededor de los ojos....","og_url":"https:\/\/estheteclinic.com\/blepharoplasty\/","og_site_name":"Inicio","article_modified_time":"2021-11-10T09:42:45+00:00","og_image":[{"width":2000,"height":1335,"url":"https:\/\/estheteclinic.com\/wp-content\/uploads\/2021\/11\/BLEPHAROPLASTY-120100.jpg","type":"image\/jpeg"}],"twitter_card":"summary_large_image","twitter_misc":{"Tiempo de lectura":"4 minutos"},"schema":{"@context":"https:\/\/schema.org","@graph":[{"@type":"WebPage","@id":"https:\/\/estheteclinic.com\/blepharoplasty\/","url":"https:\/\/estheteclinic.com\/blepharoplasty\/","name":"Blefaroplastia - Inicio","isPartOf":{"@id":"https:\/\/estheteclinic.com\/#website"},"primaryImageOfPage":{"@id":"https:\/\/estheteclinic.com\/blepharoplasty\/#primaryimage"},"image":{"@id":"https:\/\/estheteclinic.com\/blepharoplasty\/#primaryimage"},"thumbnailUrl":"https:\/\/estheteclinic.com\/wp-content\/uploads\/2021\/11\/BLEPHAROPLASTY-120100.jpg","datePublished":"2021-11-06T15:17:15+00:00","dateModified":"2021-11-10T09:42:45+00:00","breadcrumb":{"@id":"https:\/\/estheteclinic.com\/blepharoplasty\/#breadcrumb"},"inLanguage":"es","potentialAction":[{"@type":"ReadAction","target":["https:\/\/estheteclinic.com\/blepharoplasty\/"]}]},{"@type":"ImageObject","inLanguage":"es","@id":"https:\/\/estheteclinic.com\/blepharoplasty\/#primaryimage","url":"https:\/\/estheteclinic.com\/wp-content\/uploads\/2021\/11\/BLEPHAROPLASTY-120100.jpg","contentUrl":"https:\/\/estheteclinic.com\/wp-content\/uploads\/2021\/11\/BLEPHAROPLASTY-120100.jpg","width":2000,"height":1335,"caption":"Blepharoplasty"},{"@type":"BreadcrumbList","@id":"https:\/\/estheteclinic.com\/blepharoplasty\/#breadcrumb","itemListElement":[{"@type":"ListItem","position":1,"name":"Home","item":"https:\/\/estheteclinic.com\/es\/"},{"@type":"ListItem","position":2,"name":"Blefaroplastia"}]},{"@type":"WebSite","@id":"https:\/\/estheteclinic.com\/#website","url":"https:\/\/estheteclinic.com\/","name":"Inicio","description":"Plastic Surgery &amp; Hair Transplant in Turkey","potentialAction":[{"@type":"SearchAction","target":{"@type":"EntryPoint","urlTemplate":"https:\/\/estheteclinic.com\/?s={search_term_string}"},"query-input":"required name=search_term_string"}],"inLanguage":"es"}]}},"_links":{"self":[{"href":"https:\/\/estheteclinic.com\/es\/wp-json\/wp\/v2\/pages\/8070","targetHints":{"allow":["GET"]}}],"collection":[{"href":"https:\/\/estheteclinic.com\/es\/wp-json\/wp\/v2\/pages"}],"about":[{"href":"https:\/\/estheteclinic.com\/es\/wp-json\/wp\/v2\/types\/page"}],"author":[{"embeddable":true,"href":"https:\/\/estheteclinic.com\/es\/wp-json\/wp\/v2\/users\/3"}],"replies":[{"embeddable":true,"href":"https:\/\/estheteclinic.com\/es\/wp-json\/wp\/v2\/comments?post=8070"}],"version-history":[{"count":2,"href":"https:\/\/estheteclinic.com\/es\/wp-json\/wp\/v2\/pages\/8070\/revisions"}],"predecessor-version":[{"id":8477,"href":"https:\/\/estheteclinic.com\/es\/wp-json\/wp\/v2\/pages\/8070\/revisions\/8477"}],"wp:featuredmedia":[{"embeddable":true,"href":"https:\/\/estheteclinic.com\/es\/wp-json\/wp\/v2\/media\/8473"}],"wp:attachment":[{"href":"https:\/\/estheteclinic.com\/es\/wp-json\/wp\/v2\/media?parent=8070"}],"curies":[{"name":"wp","href":"https:\/\/api.w.org\/{rel}","templated":true}]}}