{"id":8094,"date":"2021-11-06T15:26:00","date_gmt":"2021-11-06T15:26:00","guid":{"rendered":"http:\/\/estheteclinic.com\/?page_id=8094"},"modified":"2024-04-24T08:47:42","modified_gmt":"2024-04-24T08:47:42","slug":"aumento-de-senos","status":"publish","type":"page","link":"https:\/\/estheteclinic.com\/es\/aumento-de-senos\/","title":{"rendered":"Aumento de Senos"},"content":{"rendered":"<p>[vc_row][vc_column width=&#8221;2\/3&#8243;][vc_column_text]El aumento de senos es un procedimiento quir\u00fargico que agranda el tama\u00f1o de uno o ambos senos por distintos motivos. Algunas mujeres pueden elegir el aumento de sus senos por razones personales y est\u00e9ticas, mientras que otras pueden corregir asimetr\u00edas e irregularidades que afectan una o dos mamas.<\/p>\n<p>Una cirug\u00eda de aumento de senos puede realizarse siguiendo uno de los dos m\u00e9todos existentes. Est\u00e1 el m\u00e9todo de lipotransferencia y el m\u00e9todo de los implantes de silicona.<\/p>\n<h2>Tipos de Implantes Mamarios<\/h2>\n<h3>1- Forma<\/h3>\n<p>Cuando se va a realizar un aumento de senos, tienes la opci\u00f3n de elegir entre dos tipos de implantes: los implantes en forma de gota (anat\u00f3micos) y los implantes redondos. En t\u00e9rminos de imitar la forma natural de los senos, la mejor opci\u00f3n son los implantes en forma de gota.<\/p>\n<h3>2- Contenido<\/h3>\n<p>Si bien todos los implantes tienen un recubrimiento hecho de silicona, el contenido de los mismos puede variar. Hay implantes llenos de gel de silicona y est\u00e1n otros rellenos de soluci\u00f3n salina.<\/p>\n<h3>3- Superficie<\/h3>\n<p>La superficie de los implantes puede ser lisa o texturizada. Cada tipo tiene sus beneficios \u00fanicos: los implantes rugosos tienden a tener un menor riesgo de moverse y, en general, tienen mejor adherencia al tejido circundante. Los implantes rugosos tambi\u00e9n tienen un menor riesgo de contractura capsular. Por otro lado, si bien los implantes lisos tienen mayor riesgo de reposicionarse, tienden a ofrecer una apariencia m\u00e1s natural.<\/p>\n<h2>Incisiones en el Aumento de Senos con Implantes<\/h2>\n<p>Existen cuatro tipos diferentes de incisiones para la colocaci\u00f3n de pr\u00f3tesis mamarias. Est\u00e1n las incisiones transaxilares, las areolares, las inframamarias y transumbilical (TUBA). Cada una de las incisiones tiene sus propias ventajas y desventajas en el aumento de los senos. La mayor\u00eda de las mujeres prefieren las incisiones bajo el seno, las inframamarias, porque las cicatrices son menos visibles. Si bien las incisiones en los pezones no dejan cicatrices al sanar, no son las m\u00e1s recomendadas en los aumentos de seno porque interfieren con los conductos de la leche.<\/p>\n<p>En cuanto a la incisi\u00f3n transaxilar, tu cirujano trabaja desde la axila y no altera ni corta los senos o las \u00e1reas cercadas. Este tipo de incisiones no afecta los conductos de leche ni la producci\u00f3n de leche despu\u00e9s del procedimiento. La colocaci\u00f3n de los implantes tras una incisi\u00f3n transaxilar se realiza por v\u00eda endosc\u00f3pica.<\/p>\n<p>El tipo de incisi\u00f3n disponible para ti en un aumento de senos depender\u00e1 de tu anatom\u00eda, as\u00ed como del tipo de implante que desees colocarte.<\/p>\n<h2>\u00bfC\u00f3mo prepararse para un Aumento de Senos con Implantes?<\/h2>\n<ul>\n<li>No ingieras comidas ni bebidas 8 horas antes de la cirug\u00eda.<\/li>\n<li>Si bebes alcohol, debes dejarlo 2 semanas antes del aumento mamario.<\/li>\n<li>Si fumas, debes dejar de hacerlo 2 semanas antes de tu cirug\u00eda.<\/li>\n<li>Deja de usar vitamina E y anticoagulantes 2 semanas antes de la cirug\u00eda.<\/li>\n<li><\/li>\n<\/ul>\n<h2>\u00bfC\u00f3mo prepararse para un Aumento de Senos con Lipotransferencia?<\/h2>\n<ul>\n<li>Si bebes alcohol, debes dejarlo 2 semanas antes del aumento mamario.<\/li>\n<li>Si fumas, debes dejar de hacerlo 2 semanas antes de tu cirug\u00eda.<\/li>\n<li>Deja de usar vitamina E y anticoagulantes 2 semanas antes de la cirug\u00eda de aumento de senos.<\/li>\n<\/ul>\n<h2>Procedimiento del Aumento de Senos<\/h2>\n<h3>Pre-cirug\u00eda<\/h3>\n<p>El aumento de senos ocurre bajo anestesia general, administrada por nuestro equipo de anestesi\u00f3logos. Antes de la aplicaci\u00f3n, nuestro equipo vigilar\u00e1 tu frecuencia card\u00edaca, conteo sangu\u00edneo completo y niveles de ox\u00edgeno para asegurarse de que eres apta para la anestesia general.<\/p>\n<p>En un aumento de senos con lipotransferencia, el procedimiento se hace con anestesia local.<\/p>\n<h3>Cirug\u00eda<\/h3>\n<p>Independientemente del tipo de incisi\u00f3n, tu m\u00e9dico tendr\u00e1 que crear un bolsillo, ya sea debajo de las gl\u00e1ndulas mamarias o bajo el m\u00fasculo del pecho. Es all\u00ed donde se insertar\u00e1 tu implante.<\/p>\n<p>Los implantes de silicona vienen precargados, mientras que los de soluci\u00f3n salina se insertan vac\u00edos, se posicionan y finalmente se llenan.<\/p>\n<p>En un aumento de senos con lipotransferencia, tu m\u00e9dico retirar\u00e1 el exceso de tejido adiposo no deseado de cualquier \u00e1rea de tu cuerpo con una liposucci\u00f3n. Una vez que haya extra\u00eddo las c\u00e9lulas adiposas, tu doctor proceder\u00e1 a inyectarlas estrat\u00e9gicamente a tus senos para lograr tus objetivos est\u00e9ticos.<\/p>\n<h3>Post-cirug\u00eda<\/h3>\n<p>Luego de un aumento de mamas, te dar\u00e1s cuenta que tus senos estar\u00e1n cubiertos con vendas y tendr\u00e1s que utilizar un sujetador de compresi\u00f3n. Debajo de los vendajes, tu m\u00e9dico instalar\u00e1 drenajes para recolectar los excesos de fluidos y descargas de sangre. Estos drenajes permanecer\u00e1n all\u00ed por 5 a 7 d\u00edas luego de la operaci\u00f3n y luego ser\u00e1n retirados por el m\u00e9dico. Es normal sentir mareos, n\u00e1useas y debilidad las primeras horas posteriores a un aumento de senos.<\/p>\n<p>Tu equipo en Esthete Clinic vigilar\u00e1 estos s\u00edntomas y te ofrecer\u00e1 medicamentos para aliviarlos.<\/p>\n<p>Puedes volver a casa el mismo d\u00eda de tu aumento de senos si tu cuerpo se ha estabilizado.<\/p>\n<h2>Duraci\u00f3n de un Aumento de Senos<\/h2>\n<p>La cirug\u00eda de aumento de senos puede durar de 1.5 a 2.5 horas.<\/p>\n<h2>Recuperaci\u00f3n de un Aumento de Senos<\/h2>\n<p>Pasa los primeros d\u00edas descansando para ayudar a tu cuerpo a recuperarse m\u00e1s r\u00e1pidamente. En este per\u00edodo, puede que tengas diferentes incomodidades dependiendo de la colocaci\u00f3n de tus implantes. Si fueron colocados detr\u00e1s de la pared de tus m\u00fasculos del pecho, sentir\u00e1s dolor con los movimientos de los brazos durante los primeros d\u00edas.<\/p>\n<p>Despu\u00e9s del tercer d\u00eda y los d\u00edas posteriores, la inflamaci\u00f3n comenzar\u00e1 a disminuir considerablemente. Tu m\u00e9dico retirar\u00e1 las vendas el cuarto d\u00eda. Despu\u00e9s de esto podr\u00e1s ducharte.<\/p>\n<p>Limita tus actividades f\u00edsicas por 3 semanas. Aseg\u00farate de que no realices ejercicios muy intensos ni realices movimientos bruscos con tu parte superior del cuerpo.<\/p>\n<p>Asimismo, evita usar saunas, solarios y ba\u00f1os de vapor por 6 a 8 semanas tras la cirug\u00eda de aumento de senos. Si bien es algo que disminuye gradualmente, pueden ocurrir dolores temporales en forma de punzadas, sensaci\u00f3n de ardor y calambres, y es algo que puede durar meses.<\/p>\n<p>Puede que sientas entumecimiento o hipersensibilidad en las \u00e1reas de los senos y los pezones, lo cual es completamente normal y puede tardar hasta 6-12 meses en desaparecer.<\/p>\n<p>Podr\u00e1s volver a tus actividades diarias de 10 a 30 d\u00edas luego de tu cirug\u00eda de aumento de senos. Todo depender\u00e1 de c\u00f3mo se recupere tu cuerpo.<\/p>\n<h2>Resultados de un Aumento de Senos<\/h2>\n<p>Los resultados del aumento de senos con implantes son instant\u00e1neos y permanentes. Con el paso del tiempo, el cuerpo se adaptar\u00e1 a los cambios y la inflamaci\u00f3n desaparecer\u00e1 completamente, por lo cual los resultados de la operaci\u00f3n mejorar\u00e1n.[\/vc_column_text][\/vc_column][vc_column width=&#8221;1\/3&#8243; el_class=&#8221;sticky_contact_form_ttttt&#8221;]\n<div class=\"wpcf7 no-js\" id=\"wpcf7-f7799-o1\" lang=\"es-ES\" dir=\"ltr\">\n<div class=\"screen-reader-response\"><p role=\"status\" aria-live=\"polite\" aria-atomic=\"true\"><\/p> <ul><\/ul><\/div>\n<form action=\"\/es\/wp-json\/wp\/v2\/pages\/8094#wpcf7-f7799-o1\" method=\"post\" class=\"wpcf7-form init\" aria-label=\"Formulario de contacto\" novalidate=\"novalidate\" data-status=\"init\">\n<div style=\"display: none;\">\n<input type=\"hidden\" name=\"_wpcf7\" value=\"7799\" \/>\n<input type=\"hidden\" name=\"_wpcf7_version\" value=\"5.9.6\" \/>\n<input type=\"hidden\" name=\"_wpcf7_locale\" value=\"es_ES\" \/>\n<input type=\"hidden\" name=\"_wpcf7_unit_tag\" value=\"wpcf7-f7799-o1\" \/>\n<input type=\"hidden\" name=\"_wpcf7_container_post\" value=\"0\" \/>\n<input type=\"hidden\" name=\"_wpcf7_posted_data_hash\" value=\"\" \/>\n<\/div>\n<div class=\"contact_form_sticky_cf7\">\n\t<h3 style=\"text-align:center;color:white;\">Consigue una Consulta Gratuita\n\t<\/h3>\n\t<p style=\"text-align:center;color:white;\">Por favor completa el formulario a continuaci\u00f3n y te contactaremos a la brevedad\n\t<\/p>\n\t<div class=\"contact-page1 row\">\n\t\t<div class=\"col-sm-6\">\n\t\t\t<p><span class=\"wpcf7-form-control-wrap\" data-name=\"nameeeee\"><input size=\"40\" maxlength=\"80\" class=\"wpcf7-form-control wpcf7-text wpcf7-validates-as-required\" aria-required=\"true\" aria-invalid=\"false\" placeholder=\"Tu nombre*\" value=\"\" type=\"text\" name=\"nameeeee\" \/><\/span>\n\t\t\t<\/p>\n\t\t<\/div>\n\t\t<div class=\"col-sm-6\">\n\t\t\t<p><span class=\"wpcf7-form-control-wrap\" data-name=\"emaillll\"><input size=\"40\" maxlength=\"80\" class=\"wpcf7-form-control wpcf7-email wpcf7-text wpcf7-validates-as-email\" aria-invalid=\"false\" placeholder=\"Tu correo electr\u00f3nico\" value=\"\" type=\"email\" name=\"emaillll\" \/><\/span>\n\t\t\t<\/p>\n\t\t<\/div>\n\t\t<div class=\"col-sm-12\" style=\"padding-bottom:20px;\">\n\t\t\t<p>[phonetext* phoneeee numberonly]\n\t\t\t<\/p>\n\t\t<\/div>\n\t\t<div class=\"col-sm-12\">\n\t\t\t<p><span class=\"wpcf7-form-control-wrap\" data-name=\"messageeeeee\"><textarea cols=\"40\" rows=\"10\" maxlength=\"400\" class=\"wpcf7-form-control wpcf7-textarea\" aria-invalid=\"false\" placeholder=\"Mensaje\" name=\"messageeeeee\"><\/textarea><\/span>\n\t\t\t<\/p>\n\t\t<\/div>\n\t<\/div>\n\t<p><input class=\"wpcf7-form-control wpcf7-submit has-spinner\" type=\"submit\" value=\"Enviar\" \/>\n\t<\/p>\n<\/div><div class=\"wpcf7-response-output\" aria-hidden=\"true\"><\/div>\n<\/form>\n<\/div>\n[\/vc_column][\/vc_row]<\/p>\n","protected":false},"excerpt":{"rendered":"<p>[vc_row][vc_column width=&#8221;2\/3&#8243;][vc_column_text]El aumento de senos es un procedimiento quir\u00fargico que agranda el tama\u00f1o de uno o ambos senos por distintos motivos. Algunas mujeres pueden elegir el aumento de sus senos por razones personales y est\u00e9ticas, mientras que otras pueden corregir asimetr\u00edas e irregularidades que afectan una o dos mamas. Una cirug\u00eda de aumento de senos&#8230;<\/p>\n","protected":false},"author":3,"featured_media":8645,"parent":0,"menu_order":0,"comment_status":"closed","ping_status":"closed","template":"","meta":{"footnotes":""},"class_list":["post-8094","page","type-page","status-publish","has-post-thumbnail","hentry"],"yoast_head":"<!-- This site is optimized with the Yoast SEO plugin v23.0 - https:\/\/yoast.com\/wordpress\/plugins\/seo\/ -->\n<title>Aumento de Senos - Inicio<\/title>\n<meta name=\"robots\" content=\"index, follow, max-snippet:-1, max-image-preview:large, max-video-preview:-1\" \/>\n<link rel=\"canonical\" href=\"https:\/\/estheteclinic.com\/breast-augmentation\/\" \/>\n<meta property=\"og:locale\" content=\"es_ES\" \/>\n<meta property=\"og:type\" content=\"article\" \/>\n<meta property=\"og:title\" content=\"Aumento de Senos - Inicio\" \/>\n<meta property=\"og:description\" content=\"[vc_row][vc_column width=&#8221;2\/3&#8243;][vc_column_text]El aumento de senos es un procedimiento quir\u00fargico que agranda el tama\u00f1o de uno o ambos senos por distintos motivos. Algunas mujeres pueden elegir el aumento de sus senos por razones personales y est\u00e9ticas, mientras que otras pueden corregir asimetr\u00edas e irregularidades que afectan una o dos mamas. Una cirug\u00eda de aumento de senos...\" \/>\n<meta property=\"og:url\" content=\"https:\/\/estheteclinic.com\/breast-augmentation\/\" \/>\n<meta property=\"og:site_name\" content=\"Inicio\" \/>\n<meta property=\"article:modified_time\" content=\"2024-04-24T08:47:42+00:00\" \/>\n<meta property=\"og:image\" content=\"https:\/\/estheteclinic.com\/wp-content\/uploads\/2021\/11\/BREAST-AUGMENTATION.jpg\" \/>\n\t<meta property=\"og:image:width\" content=\"2000\" \/>\n\t<meta property=\"og:image:height\" content=\"981\" \/>\n\t<meta property=\"og:image:type\" content=\"image\/jpeg\" \/>\n<meta name=\"twitter:card\" content=\"summary_large_image\" \/>\n<meta name=\"twitter:label1\" content=\"Tiempo de lectura\" \/>\n\t<meta name=\"twitter:data1\" content=\"5 minutos\" \/>\n<script type=\"application\/ld+json\" class=\"yoast-schema-graph\">{\"@context\":\"https:\/\/schema.org\",\"@graph\":[{\"@type\":\"WebPage\",\"@id\":\"https:\/\/estheteclinic.com\/breast-augmentation\/\",\"url\":\"https:\/\/estheteclinic.com\/breast-augmentation\/\",\"name\":\"Aumento de Senos - Inicio\",\"isPartOf\":{\"@id\":\"https:\/\/estheteclinic.com\/#website\"},\"primaryImageOfPage\":{\"@id\":\"https:\/\/estheteclinic.com\/breast-augmentation\/#primaryimage\"},\"image\":{\"@id\":\"https:\/\/estheteclinic.com\/breast-augmentation\/#primaryimage\"},\"thumbnailUrl\":\"https:\/\/estheteclinic.com\/wp-content\/uploads\/2021\/11\/BREAST-AUGMENTATION.jpg\",\"datePublished\":\"2021-11-06T15:26:00+00:00\",\"dateModified\":\"2024-04-24T08:47:42+00:00\",\"breadcrumb\":{\"@id\":\"https:\/\/estheteclinic.com\/breast-augmentation\/#breadcrumb\"},\"inLanguage\":\"es\",\"potentialAction\":[{\"@type\":\"ReadAction\",\"target\":[\"https:\/\/estheteclinic.com\/breast-augmentation\/\"]}]},{\"@type\":\"ImageObject\",\"inLanguage\":\"es\",\"@id\":\"https:\/\/estheteclinic.com\/breast-augmentation\/#primaryimage\",\"url\":\"https:\/\/estheteclinic.com\/wp-content\/uploads\/2021\/11\/BREAST-AUGMENTATION.jpg\",\"contentUrl\":\"https:\/\/estheteclinic.com\/wp-content\/uploads\/2021\/11\/BREAST-AUGMENTATION.jpg\",\"width\":2000,\"height\":981,\"caption\":\"Aumento de Senos\"},{\"@type\":\"BreadcrumbList\",\"@id\":\"https:\/\/estheteclinic.com\/breast-augmentation\/#breadcrumb\",\"itemListElement\":[{\"@type\":\"ListItem\",\"position\":1,\"name\":\"Home\",\"item\":\"https:\/\/estheteclinic.com\/es\/\"},{\"@type\":\"ListItem\",\"position\":2,\"name\":\"Aumento de Senos\"}]},{\"@type\":\"WebSite\",\"@id\":\"https:\/\/estheteclinic.com\/#website\",\"url\":\"https:\/\/estheteclinic.com\/\",\"name\":\"Inicio\",\"description\":\"Plastic Surgery &amp; Hair Transplant in Turkey\",\"potentialAction\":[{\"@type\":\"SearchAction\",\"target\":{\"@type\":\"EntryPoint\",\"urlTemplate\":\"https:\/\/estheteclinic.com\/?s={search_term_string}\"},\"query-input\":\"required name=search_term_string\"}],\"inLanguage\":\"es\"}]}<\/script>\n<!-- \/ Yoast SEO plugin. -->","yoast_head_json":{"title":"Aumento de Senos - Inicio","robots":{"index":"index","follow":"follow","max-snippet":"max-snippet:-1","max-image-preview":"max-image-preview:large","max-video-preview":"max-video-preview:-1"},"canonical":"https:\/\/estheteclinic.com\/breast-augmentation\/","og_locale":"es_ES","og_type":"article","og_title":"Aumento de Senos - Inicio","og_description":"[vc_row][vc_column width=&#8221;2\/3&#8243;][vc_column_text]El aumento de senos es un procedimiento quir\u00fargico que agranda el tama\u00f1o de uno o ambos senos por distintos motivos. Algunas mujeres pueden elegir el aumento de sus senos por razones personales y est\u00e9ticas, mientras que otras pueden corregir asimetr\u00edas e irregularidades que afectan una o dos mamas. Una cirug\u00eda de aumento de senos...","og_url":"https:\/\/estheteclinic.com\/breast-augmentation\/","og_site_name":"Inicio","article_modified_time":"2024-04-24T08:47:42+00:00","og_image":[{"width":2000,"height":981,"url":"https:\/\/estheteclinic.com\/wp-content\/uploads\/2021\/11\/BREAST-AUGMENTATION.jpg","type":"image\/jpeg"}],"twitter_card":"summary_large_image","twitter_misc":{"Tiempo de lectura":"5 minutos"},"schema":{"@context":"https:\/\/schema.org","@graph":[{"@type":"WebPage","@id":"https:\/\/estheteclinic.com\/breast-augmentation\/","url":"https:\/\/estheteclinic.com\/breast-augmentation\/","name":"Aumento de Senos - Inicio","isPartOf":{"@id":"https:\/\/estheteclinic.com\/#website"},"primaryImageOfPage":{"@id":"https:\/\/estheteclinic.com\/breast-augmentation\/#primaryimage"},"image":{"@id":"https:\/\/estheteclinic.com\/breast-augmentation\/#primaryimage"},"thumbnailUrl":"https:\/\/estheteclinic.com\/wp-content\/uploads\/2021\/11\/BREAST-AUGMENTATION.jpg","datePublished":"2021-11-06T15:26:00+00:00","dateModified":"2024-04-24T08:47:42+00:00","breadcrumb":{"@id":"https:\/\/estheteclinic.com\/breast-augmentation\/#breadcrumb"},"inLanguage":"es","potentialAction":[{"@type":"ReadAction","target":["https:\/\/estheteclinic.com\/breast-augmentation\/"]}]},{"@type":"ImageObject","inLanguage":"es","@id":"https:\/\/estheteclinic.com\/breast-augmentation\/#primaryimage","url":"https:\/\/estheteclinic.com\/wp-content\/uploads\/2021\/11\/BREAST-AUGMENTATION.jpg","contentUrl":"https:\/\/estheteclinic.com\/wp-content\/uploads\/2021\/11\/BREAST-AUGMENTATION.jpg","width":2000,"height":981,"caption":"Aumento de Senos"},{"@type":"BreadcrumbList","@id":"https:\/\/estheteclinic.com\/breast-augmentation\/#breadcrumb","itemListElement":[{"@type":"ListItem","position":1,"name":"Home","item":"https:\/\/estheteclinic.com\/es\/"},{"@type":"ListItem","position":2,"name":"Aumento de Senos"}]},{"@type":"WebSite","@id":"https:\/\/estheteclinic.com\/#website","url":"https:\/\/estheteclinic.com\/","name":"Inicio","description":"Plastic Surgery &amp; Hair Transplant in Turkey","potentialAction":[{"@type":"SearchAction","target":{"@type":"EntryPoint","urlTemplate":"https:\/\/estheteclinic.com\/?s={search_term_string}"},"query-input":"required name=search_term_string"}],"inLanguage":"es"}]}},"_links":{"self":[{"href":"https:\/\/estheteclinic.com\/es\/wp-json\/wp\/v2\/pages\/8094","targetHints":{"allow":["GET"]}}],"collection":[{"href":"https:\/\/estheteclinic.com\/es\/wp-json\/wp\/v2\/pages"}],"about":[{"href":"https:\/\/estheteclinic.com\/es\/wp-json\/wp\/v2\/types\/page"}],"author":[{"embeddable":true,"href":"https:\/\/estheteclinic.com\/es\/wp-json\/wp\/v2\/users\/3"}],"replies":[{"embeddable":true,"href":"https:\/\/estheteclinic.com\/es\/wp-json\/wp\/v2\/comments?post=8094"}],"version-history":[{"count":4,"href":"https:\/\/estheteclinic.com\/es\/wp-json\/wp\/v2\/pages\/8094\/revisions"}],"predecessor-version":[{"id":12207,"href":"https:\/\/estheteclinic.com\/es\/wp-json\/wp\/v2\/pages\/8094\/revisions\/12207"}],"wp:featuredmedia":[{"embeddable":true,"href":"https:\/\/estheteclinic.com\/es\/wp-json\/wp\/v2\/media\/8645"}],"wp:attachment":[{"href":"https:\/\/estheteclinic.com\/es\/wp-json\/wp\/v2\/media?parent=8094"}],"curies":[{"name":"wp","href":"https:\/\/api.w.org\/{rel}","templated":true}]}}