{"id":8104,"date":"2021-11-06T15:27:46","date_gmt":"2021-11-06T15:27:46","guid":{"rendered":"http:\/\/estheteclinic.com\/?page_id=8104"},"modified":"2021-11-26T14:25:05","modified_gmt":"2021-11-26T14:25:05","slug":"levantamiento-de-senos","status":"publish","type":"page","link":"https:\/\/estheteclinic.com\/es\/levantamiento-de-senos\/","title":{"rendered":"Levantamiento de Senos"},"content":{"rendered":"<p>[vc_row][vc_column width=&#8221;2\/3&#8243;][vc_column_text]El levantamiento de senos o mastopexia es un procedimiento quir\u00fargico que tiene la finalidad de levantar y dar nueva forma a los senos ca\u00eddos. Hay factores como el embarazo, la lactancia, cambios de peso, el envejecimiento y la gravedad que pueden cambiar la apariencia de los senos con el paso del tiempo. A medida que la piel pierde su elasticidad, las mamas pierden su forma y comienzan a caerse.<\/p>\n<p>El levantamiento de mamas o mastopexia en Esthete Clinic es una intervenci\u00f3n quir\u00fargica realizada por cirujanos pl\u00e1sticos calificados y con mucha experiencia.<\/p>\n<h2><strong>Candidatas para un Levantamiento de Senos<\/strong><\/h2>\n<p>Las mejores candidatas para el levantamiento de mamas (mastopexia) son:<\/p>\n<ul>\n<li>Mujeres sanas.<\/li>\n<li>Mujeres emocionalmente estables con expectativas reales sobre lo que esta cirug\u00eda puede hacer.<\/li>\n<li>Se pueden levantar senos de todos los tama\u00f1os, pero los resultados pueden no durar mucho en mujeres con pechos muy pesados y grandes.<\/li>\n<\/ul>\n<h2><strong>\u00bfC\u00f3mo prepararse para un Levantamiento de Senos?<\/strong><\/h2>\n<p>\u2013 No ingieras alimentos ni bebidas en las 6-8 horas previas al procedimiento. Consulta a tu m\u00e9dico si no puedes cumplir con este rango de tiempo.<\/p>\n<h2><strong>Duraci\u00f3n del Levantamiento de Mamas<\/strong><\/h2>\n<p>La cirug\u00eda de levantamiento de mamas puede durar de 3 a 4 horas.<\/p>\n<p>La mastopexia deja cicatrices permanentes y notables en los senos. Es una cirug\u00eda que debe hacerse bajo anestesia general.<\/p>\n<h2><strong>Incisiones para el Levantamiento de Senos<\/strong><\/h2>\n<p>El levantamiento de senos es un procedimiento que se puede lograr con algunas incisiones est\u00e1ndar. Normalmente se realiza con una incisi\u00f3n que pasa alrededor del pez\u00f3n y baja hacia el surco submamario. Pero en otras ocasiones solo puede hacerse con la incisi\u00f3n alrededor del pez\u00f3n o con una gran incisi\u00f3n en forma de una \u201cT invertida\u201d.<\/p>\n<h2><strong>Procedimiento de Levantamiento de Senos<\/strong><\/h2>\n<h3><strong>Pre-cirug\u00eda<\/strong><\/h3>\n<p>Nuestro equipo de anestesi\u00f3logos de Esthete Clinic te administrar\u00e1 anestesia general en preparaci\u00f3n para la cirug\u00eda.<\/p>\n<h3><strong>Cirug\u00eda<\/strong><\/h3>\n<p>Tu cirujano har\u00e1 las incisiones seg\u00fan un plan previamente discutido. Por medio de estas incisiones, tu cirujano dar\u00e1 una nueva forma y reposicionar\u00e1 los senos, los pezones y la aureola. Todo el exceso de piel ser\u00e1 retirado, dando a los senos una apariencia firma y levantada.<\/p>\n<h3><strong>Post-cirug\u00eda<\/strong><\/h3>\n<p>Despu\u00e9s de la operaci\u00f3n, nuestro equipo vigilar\u00e1 tu recuperaci\u00f3n en t\u00e9rminos de frecuencia card\u00edaca y niveles de ox\u00edgeno durante 30 minutos antes de transferirte a una habitaci\u00f3n.<\/p>\n<p>Tus senos estar\u00e1n cubiertos con vendas, as\u00ed que ser\u00e1 dif\u00edcil que puedas ver el resultado final en ese momento. Tu cirujano tambi\u00e9n instalar\u00e1 un tubo de drenaje alrededor de las incisiones para retirar la descarga excesiva de fluidos. Dependiendo de la cantidad de fluidos que libere tu cuerpo, tu m\u00e9dico retirar\u00e1 los drenajes luego de aproximadamente 24 a 72 horas. Las pacientes salen del quir\u00f3fano con un vendaje en toda el \u00e1rea del pecho.<\/p>\n<p>En cuanto a las cicatrices, gradualmente se pondr\u00e1n p\u00e1lidas y adoptar\u00e1n el color de la piel durante un per\u00edodo de maduraci\u00f3n de 6 meses a 2 a\u00f1os. Sin embargo, algunas personas con la tendencia a formar queloides podr\u00edan desarrollar una cicatrizaci\u00f3n excesiva. Los ap\u00f3sitos postoperatorios se aplicar\u00e1n con la frecuencia que el m\u00e9dico considere adecuada.<\/p>\n<h2><strong>Recuperaci\u00f3n de un Levantamiento de Senos<\/strong><\/h2>\n<p>Tu cirujano retirar\u00e1 las suturas quir\u00fargicas alrededor de los pezones y el surco submamario normalmente 7-10 d\u00edas despu\u00e9s de la cirug\u00eda. Podr\u00e1s ba\u00f1arte 72 horas despu\u00e9s de la cirug\u00eda y tu m\u00e9dico podr\u00eda recomendar que tomes una ducha usando materiales de vendaje especiales e impermeables, de ser necesario. Sin embargo, est\u00e1 absolutamente prohibido entrar a piscinas o ir al mar hasta tanto no se retiren las suturas. A partir de la fecha que te indique el m\u00e9dico, deber\u00e1s usar un sujetador especial para tener soporte y masajes para el \u00e1rea del pecho. El entumecimiento y edemas son naturales en toda el \u00e1rea de los senos; se trata de una condici\u00f3n temporal que puede tardar de 6 a 12 meses en desaparecer. En algunos casos aparecer\u00e1n moretones en el \u00e1rea, los cuales desaparecer\u00e1n despu\u00e9s de 1-2 semanas. De igual forma, puede que ocurra entumecimiento o sensibilidad extrema en los pezones.<\/p>\n<p>Podr\u00e1s retomar tus actividades diarias de 1 a 3 semanas despu\u00e9s de la cirug\u00eda, dependiendo del procedimiento, de tu cicatrizaci\u00f3n y de tu tolerancia.[\/vc_column_text][\/vc_column][vc_column width=&#8221;1\/3&#8243; el_class=&#8221;sticky_contact_form_ttttt&#8221;]\n<div class=\"wpcf7 no-js\" id=\"wpcf7-f7799-o1\" lang=\"es-ES\" dir=\"ltr\">\n<div class=\"screen-reader-response\"><p role=\"status\" aria-live=\"polite\" aria-atomic=\"true\"><\/p> <ul><\/ul><\/div>\n<form action=\"\/es\/wp-json\/wp\/v2\/pages\/8104#wpcf7-f7799-o1\" method=\"post\" class=\"wpcf7-form init\" aria-label=\"Formulario de contacto\" novalidate=\"novalidate\" data-status=\"init\">\n<div style=\"display: none;\">\n<input type=\"hidden\" name=\"_wpcf7\" value=\"7799\" \/>\n<input type=\"hidden\" name=\"_wpcf7_version\" value=\"5.9.6\" \/>\n<input type=\"hidden\" name=\"_wpcf7_locale\" value=\"es_ES\" \/>\n<input type=\"hidden\" name=\"_wpcf7_unit_tag\" value=\"wpcf7-f7799-o1\" \/>\n<input type=\"hidden\" name=\"_wpcf7_container_post\" value=\"0\" \/>\n<input type=\"hidden\" name=\"_wpcf7_posted_data_hash\" value=\"\" \/>\n<\/div>\n<div class=\"contact_form_sticky_cf7\">\n\t<h3 style=\"text-align:center;color:white;\">Consigue una Consulta Gratuita\n\t<\/h3>\n\t<p style=\"text-align:center;color:white;\">Por favor completa el formulario a continuaci\u00f3n y te contactaremos a la brevedad\n\t<\/p>\n\t<div class=\"contact-page1 row\">\n\t\t<div class=\"col-sm-6\">\n\t\t\t<p><span class=\"wpcf7-form-control-wrap\" data-name=\"nameeeee\"><input size=\"40\" maxlength=\"80\" class=\"wpcf7-form-control wpcf7-text wpcf7-validates-as-required\" aria-required=\"true\" aria-invalid=\"false\" placeholder=\"Tu nombre*\" value=\"\" type=\"text\" name=\"nameeeee\" \/><\/span>\n\t\t\t<\/p>\n\t\t<\/div>\n\t\t<div class=\"col-sm-6\">\n\t\t\t<p><span class=\"wpcf7-form-control-wrap\" data-name=\"emaillll\"><input size=\"40\" maxlength=\"80\" class=\"wpcf7-form-control wpcf7-email wpcf7-text wpcf7-validates-as-email\" aria-invalid=\"false\" placeholder=\"Tu correo electr\u00f3nico\" value=\"\" type=\"email\" name=\"emaillll\" \/><\/span>\n\t\t\t<\/p>\n\t\t<\/div>\n\t\t<div class=\"col-sm-12\" style=\"padding-bottom:20px;\">\n\t\t\t<p>[phonetext* phoneeee numberonly]\n\t\t\t<\/p>\n\t\t<\/div>\n\t\t<div class=\"col-sm-12\">\n\t\t\t<p><span class=\"wpcf7-form-control-wrap\" data-name=\"messageeeeee\"><textarea cols=\"40\" rows=\"10\" maxlength=\"400\" class=\"wpcf7-form-control wpcf7-textarea\" aria-invalid=\"false\" placeholder=\"Mensaje\" name=\"messageeeeee\"><\/textarea><\/span>\n\t\t\t<\/p>\n\t\t<\/div>\n\t<\/div>\n\t<p><input class=\"wpcf7-form-control wpcf7-submit has-spinner\" type=\"submit\" value=\"Enviar\" \/>\n\t<\/p>\n<\/div><div class=\"wpcf7-response-output\" aria-hidden=\"true\"><\/div>\n<\/form>\n<\/div>\n[\/vc_column][\/vc_row]<\/p>\n","protected":false},"excerpt":{"rendered":"<p>[vc_row][vc_column width=&#8221;2\/3&#8243;][vc_column_text]El levantamiento de senos o mastopexia es un procedimiento quir\u00fargico que tiene la finalidad de levantar y dar nueva forma a los senos ca\u00eddos. Hay factores como el embarazo, la lactancia, cambios de peso, el envejecimiento y la gravedad que pueden cambiar la apariencia de los senos con el paso del tiempo. A medida&#8230;<\/p>\n","protected":false},"author":3,"featured_media":8664,"parent":0,"menu_order":0,"comment_status":"closed","ping_status":"closed","template":"","meta":{"footnotes":""},"class_list":["post-8104","page","type-page","status-publish","has-post-thumbnail","hentry"],"yoast_head":"<!-- This site is optimized with the Yoast SEO plugin v23.0 - https:\/\/yoast.com\/wordpress\/plugins\/seo\/ -->\n<title>Levantamiento de Senos - Inicio<\/title>\n<meta name=\"robots\" content=\"index, follow, max-snippet:-1, max-image-preview:large, max-video-preview:-1\" \/>\n<link rel=\"canonical\" href=\"https:\/\/estheteclinic.com\/breast-lift\/\" \/>\n<meta property=\"og:locale\" content=\"es_ES\" \/>\n<meta property=\"og:type\" content=\"article\" \/>\n<meta property=\"og:title\" content=\"Levantamiento de Senos - Inicio\" \/>\n<meta property=\"og:description\" content=\"[vc_row][vc_column width=&#8221;2\/3&#8243;][vc_column_text]El levantamiento de senos o mastopexia es un procedimiento quir\u00fargico que tiene la finalidad de levantar y dar nueva forma a los senos ca\u00eddos. Hay factores como el embarazo, la lactancia, cambios de peso, el envejecimiento y la gravedad que pueden cambiar la apariencia de los senos con el paso del tiempo. A medida...\" \/>\n<meta property=\"og:url\" content=\"https:\/\/estheteclinic.com\/breast-lift\/\" \/>\n<meta property=\"og:site_name\" content=\"Inicio\" \/>\n<meta property=\"article:modified_time\" content=\"2021-11-26T14:25:05+00:00\" \/>\n<meta property=\"og:image\" content=\"https:\/\/estheteclinic.com\/wp-content\/uploads\/2021\/11\/breast-lift.jpg\" \/>\n\t<meta property=\"og:image:width\" content=\"2500\" \/>\n\t<meta property=\"og:image:height\" content=\"935\" \/>\n\t<meta property=\"og:image:type\" content=\"image\/jpeg\" \/>\n<meta name=\"twitter:card\" content=\"summary_large_image\" \/>\n<meta name=\"twitter:label1\" content=\"Tiempo de lectura\" \/>\n\t<meta name=\"twitter:data1\" content=\"4 minutos\" \/>\n<script type=\"application\/ld+json\" class=\"yoast-schema-graph\">{\"@context\":\"https:\/\/schema.org\",\"@graph\":[{\"@type\":\"WebPage\",\"@id\":\"https:\/\/estheteclinic.com\/breast-lift\/\",\"url\":\"https:\/\/estheteclinic.com\/breast-lift\/\",\"name\":\"Levantamiento de Senos - Inicio\",\"isPartOf\":{\"@id\":\"https:\/\/estheteclinic.com\/#website\"},\"primaryImageOfPage\":{\"@id\":\"https:\/\/estheteclinic.com\/breast-lift\/#primaryimage\"},\"image\":{\"@id\":\"https:\/\/estheteclinic.com\/breast-lift\/#primaryimage\"},\"thumbnailUrl\":\"https:\/\/estheteclinic.com\/wp-content\/uploads\/2021\/11\/breast-lift.jpg\",\"datePublished\":\"2021-11-06T15:27:46+00:00\",\"dateModified\":\"2021-11-26T14:25:05+00:00\",\"breadcrumb\":{\"@id\":\"https:\/\/estheteclinic.com\/breast-lift\/#breadcrumb\"},\"inLanguage\":\"es\",\"potentialAction\":[{\"@type\":\"ReadAction\",\"target\":[\"https:\/\/estheteclinic.com\/breast-lift\/\"]}]},{\"@type\":\"ImageObject\",\"inLanguage\":\"es\",\"@id\":\"https:\/\/estheteclinic.com\/breast-lift\/#primaryimage\",\"url\":\"https:\/\/estheteclinic.com\/wp-content\/uploads\/2021\/11\/breast-lift.jpg\",\"contentUrl\":\"https:\/\/estheteclinic.com\/wp-content\/uploads\/2021\/11\/breast-lift.jpg\",\"width\":2500,\"height\":935,\"caption\":\"Breast Lift\"},{\"@type\":\"BreadcrumbList\",\"@id\":\"https:\/\/estheteclinic.com\/breast-lift\/#breadcrumb\",\"itemListElement\":[{\"@type\":\"ListItem\",\"position\":1,\"name\":\"Home\",\"item\":\"https:\/\/estheteclinic.com\/es\/\"},{\"@type\":\"ListItem\",\"position\":2,\"name\":\"Levantamiento de Senos\"}]},{\"@type\":\"WebSite\",\"@id\":\"https:\/\/estheteclinic.com\/#website\",\"url\":\"https:\/\/estheteclinic.com\/\",\"name\":\"Inicio\",\"description\":\"Plastic Surgery &amp; Hair Transplant in Turkey\",\"potentialAction\":[{\"@type\":\"SearchAction\",\"target\":{\"@type\":\"EntryPoint\",\"urlTemplate\":\"https:\/\/estheteclinic.com\/?s={search_term_string}\"},\"query-input\":\"required name=search_term_string\"}],\"inLanguage\":\"es\"}]}<\/script>\n<!-- \/ Yoast SEO plugin. -->","yoast_head_json":{"title":"Levantamiento de Senos - Inicio","robots":{"index":"index","follow":"follow","max-snippet":"max-snippet:-1","max-image-preview":"max-image-preview:large","max-video-preview":"max-video-preview:-1"},"canonical":"https:\/\/estheteclinic.com\/breast-lift\/","og_locale":"es_ES","og_type":"article","og_title":"Levantamiento de Senos - Inicio","og_description":"[vc_row][vc_column width=&#8221;2\/3&#8243;][vc_column_text]El levantamiento de senos o mastopexia es un procedimiento quir\u00fargico que tiene la finalidad de levantar y dar nueva forma a los senos ca\u00eddos. Hay factores como el embarazo, la lactancia, cambios de peso, el envejecimiento y la gravedad que pueden cambiar la apariencia de los senos con el paso del tiempo. A medida...","og_url":"https:\/\/estheteclinic.com\/breast-lift\/","og_site_name":"Inicio","article_modified_time":"2021-11-26T14:25:05+00:00","og_image":[{"width":2500,"height":935,"url":"https:\/\/estheteclinic.com\/wp-content\/uploads\/2021\/11\/breast-lift.jpg","type":"image\/jpeg"}],"twitter_card":"summary_large_image","twitter_misc":{"Tiempo de lectura":"4 minutos"},"schema":{"@context":"https:\/\/schema.org","@graph":[{"@type":"WebPage","@id":"https:\/\/estheteclinic.com\/breast-lift\/","url":"https:\/\/estheteclinic.com\/breast-lift\/","name":"Levantamiento de Senos - Inicio","isPartOf":{"@id":"https:\/\/estheteclinic.com\/#website"},"primaryImageOfPage":{"@id":"https:\/\/estheteclinic.com\/breast-lift\/#primaryimage"},"image":{"@id":"https:\/\/estheteclinic.com\/breast-lift\/#primaryimage"},"thumbnailUrl":"https:\/\/estheteclinic.com\/wp-content\/uploads\/2021\/11\/breast-lift.jpg","datePublished":"2021-11-06T15:27:46+00:00","dateModified":"2021-11-26T14:25:05+00:00","breadcrumb":{"@id":"https:\/\/estheteclinic.com\/breast-lift\/#breadcrumb"},"inLanguage":"es","potentialAction":[{"@type":"ReadAction","target":["https:\/\/estheteclinic.com\/breast-lift\/"]}]},{"@type":"ImageObject","inLanguage":"es","@id":"https:\/\/estheteclinic.com\/breast-lift\/#primaryimage","url":"https:\/\/estheteclinic.com\/wp-content\/uploads\/2021\/11\/breast-lift.jpg","contentUrl":"https:\/\/estheteclinic.com\/wp-content\/uploads\/2021\/11\/breast-lift.jpg","width":2500,"height":935,"caption":"Breast Lift"},{"@type":"BreadcrumbList","@id":"https:\/\/estheteclinic.com\/breast-lift\/#breadcrumb","itemListElement":[{"@type":"ListItem","position":1,"name":"Home","item":"https:\/\/estheteclinic.com\/es\/"},{"@type":"ListItem","position":2,"name":"Levantamiento de Senos"}]},{"@type":"WebSite","@id":"https:\/\/estheteclinic.com\/#website","url":"https:\/\/estheteclinic.com\/","name":"Inicio","description":"Plastic Surgery &amp; Hair Transplant in Turkey","potentialAction":[{"@type":"SearchAction","target":{"@type":"EntryPoint","urlTemplate":"https:\/\/estheteclinic.com\/?s={search_term_string}"},"query-input":"required name=search_term_string"}],"inLanguage":"es"}]}},"_links":{"self":[{"href":"https:\/\/estheteclinic.com\/es\/wp-json\/wp\/v2\/pages\/8104","targetHints":{"allow":["GET"]}}],"collection":[{"href":"https:\/\/estheteclinic.com\/es\/wp-json\/wp\/v2\/pages"}],"about":[{"href":"https:\/\/estheteclinic.com\/es\/wp-json\/wp\/v2\/types\/page"}],"author":[{"embeddable":true,"href":"https:\/\/estheteclinic.com\/es\/wp-json\/wp\/v2\/users\/3"}],"replies":[{"embeddable":true,"href":"https:\/\/estheteclinic.com\/es\/wp-json\/wp\/v2\/comments?post=8104"}],"version-history":[{"count":2,"href":"https:\/\/estheteclinic.com\/es\/wp-json\/wp\/v2\/pages\/8104\/revisions"}],"predecessor-version":[{"id":8669,"href":"https:\/\/estheteclinic.com\/es\/wp-json\/wp\/v2\/pages\/8104\/revisions\/8669"}],"wp:featuredmedia":[{"embeddable":true,"href":"https:\/\/estheteclinic.com\/es\/wp-json\/wp\/v2\/media\/8664"}],"wp:attachment":[{"href":"https:\/\/estheteclinic.com\/es\/wp-json\/wp\/v2\/media?parent=8104"}],"curies":[{"name":"wp","href":"https:\/\/api.w.org\/{rel}","templated":true}]}}