{"id":8115,"date":"2021-11-06T15:29:42","date_gmt":"2021-11-06T15:29:42","guid":{"rendered":"http:\/\/estheteclinic.com\/?page_id=8115"},"modified":"2021-11-26T14:22:04","modified_gmt":"2021-11-26T14:22:04","slug":"reduccion-de-senos","status":"publish","type":"page","link":"https:\/\/estheteclinic.com\/es\/reduccion-de-senos\/","title":{"rendered":"Reducci\u00f3n de Senos"},"content":{"rendered":"<p>[vc_row][vc_column width=&#8221;2\/3&#8243;][vc_column_text]Los senos han sido aceptados como el s\u00edmbolo de la feminidad en mujeres, actuando como s\u00edmbolo de fertilidad y de belleza, a la vez que mejoran su atractivo corporal. Pero cuando los senos crecen m\u00e1s all\u00e1 del promedio, lo m\u00e1s probable es que causen dolor f\u00edsico y problemas funcionales.<\/p>\n<p>La mayor\u00eda de las mujeres buscan someterse a cirug\u00eda de reducci\u00f3n de senos para aliviar dolores en la espalda, los hombros y el cuello, adem\u00e1s de mejorar su postura, expandir sus opciones de vestuario y reducir irritaciones en los pechos. En ni\u00f1as j\u00f3venes, tener los senos muy grandes tambi\u00e9n causa problemas psicol\u00f3gicos, lo que conlleva a baja autoestima y sentimientos de verg\u00fcenza.<\/p>\n<p>El sobrecrecimiento de los senos por lo general tiende a afectar un seno, causando problemas de autoimagen y profundizando los sentimientos de verg\u00fcenza y desprecio propio.<\/p>\n<h2><strong>Preparaci\u00f3n para una Reducci\u00f3n de Senos<\/strong><\/h2>\n<p>La preparaci\u00f3n para la reducci\u00f3n de senos implica una investigaci\u00f3n de las causas subyacentes del crecimiento de las mamas:<\/p>\n<ul>\n<li>Si el crecimiento de los senos se debe a un problema hormonal.<\/li>\n<li>Si el crecimiento de los senos continuar\u00e1.<\/li>\n<li>Si existe un bulto doloroso o indoloro en los senos.<\/li>\n<li>Si existe una infecci\u00f3n en los senos.<\/li>\n<\/ul>\n<p>Normalmente, la reducci\u00f3n de los senos es m\u00e1s adecuada para los crecimientos que no est\u00e1n relacionados con problemas hormonales y pechos que no han crecido m\u00e1s en los \u00faltimos 6 meses.<\/p>\n<p>Lo mejor es realizar la reducci\u00f3n de senos despu\u00e9s de que termine el desarrollo de los mismos para reducir la posibilidad de tener que repetir la cirug\u00eda m\u00e1s adelante. Sin embargo, existen algunas excepciones a esto.<\/p>\n<p>En ni\u00f1as j\u00f3venes con hipertrofia virginal mamaria, puede que se requiera la cirug\u00eda antes de completar el desarrollo.<\/p>\n<p>Tendr\u00e1s que realizarte diagn\u00f3sticos por im\u00e1genes como, por ejemplo, una mamograf\u00eda.<\/p>\n<h2><strong>Otras preparaciones<\/strong><\/h2>\n<ul>\n<li>No ingieras nada 6-8 horas antes de la reducci\u00f3n mamaria. Pero si debes tomar medicamentos, consulta a tu m\u00e9dico para saber cu\u00e1ndo y c\u00f3mo debes empezar tu ayuno.<\/li>\n<\/ul>\n<h2><strong>Reducci\u00f3n de Senos y Lactancia<\/strong><\/h2>\n<p>La relaci\u00f3n entre la cirug\u00eda de reducci\u00f3n mamaria y la lactancia:<\/p>\n<p>Para una lactancia normal, tu tejido mamario funcional debe conectarse con los conductos de leche y el pez\u00f3n. Si tu procedimiento de reducci\u00f3n de senos no irrumpe las funciones anat\u00f3micas y fisiol\u00f3gicas, no tendr\u00e1s problema con la lactancia luego de una reducci\u00f3n mamaria.<\/p>\n<p>De igual forma, la sensibilidad del pez\u00f3n es un aspecto fundamental en el proceso. As\u00ed que, si el m\u00e9todo que realiza tu m\u00e9dico afectar\u00e1 los nervios que brindan sensaci\u00f3n en el pez\u00f3n, puede que tengas dificultad al amamantar al beb\u00e9. Discute los detalles con tu cirujano en Esthete Clinic y evita desilusiones.<\/p>\n<h2><strong>Procedimiento de Reducci\u00f3n de Senos<\/strong><\/h2>\n<h3><strong>Pre-cirug\u00eda<\/strong><\/h3>\n<p>Nuestro equipo de anestesi\u00f3logos de Esthete Clinic te administrar\u00e1 anestesia general. Previamente, realizaremos pruebas de laboratorio rutinarias para asegurarnos de que eres apto para este tipo de anestesia. Y mientras est\u00e1s en el quir\u00f3fano, vigilaremos continuamente tu frecuencia card\u00edaca y los niveles de ox\u00edgeno en la sangre.<\/p>\n<h3><strong>Cirug\u00eda<\/strong><\/h3>\n<p>Existen varios m\u00e9todos para realizar una reducci\u00f3n mamaria. La mayor\u00eda de los procedimientos retiran el exceso de grasa, tejidos y piel del \u00e1rea. Para evitar que los senos luzcan ca\u00eddos, es importante modelarlos nuevamente y reposicionar la aureola y los pezones. Pero la mayor\u00eda de los enfoques conservan el suministro sangu\u00edneo y las terminaciones nerviosas.<\/p>\n<p>No existe una incisi\u00f3n est\u00e1ndar en una reducci\u00f3n de senos. La ubicaci\u00f3n de la incisi\u00f3n var\u00eda seg\u00fan el m\u00e9todo: est\u00e1 la cicatriz vertical que comienza alrededor del pez\u00f3n y desciende hacia el surco submamario para alcanzar la forma de un ancla. Hay otra incisi\u00f3n que solamente se hace alrededor del pez\u00f3n. Por \u00faltimo, est\u00e1 una incisi\u00f3n que se hace alrededor del pez\u00f3n y desciende hasta antes del surco submamario.<\/p>\n<h3><strong>Post-cirug\u00eda<\/strong><\/h3>\n<p>Permanecer\u00e1s en el quir\u00f3fano por una hora hasta que los m\u00e9dicos est\u00e9n seguros de que tu cuerpo se ha estabilizado. Posteriormente, te trasferiremos a tu habitaci\u00f3n, donde permanecer\u00e1s hospitalizado por 1 a 2 d\u00edas.<\/p>\n<h2><strong>Duraci\u00f3n de la Reducci\u00f3n de Senos<\/strong><\/h2>\n<p>El procedimiento de reducci\u00f3n mamaria puede durar de 2 a 4 horas.<\/p>\n<h2><strong>Recuperaci\u00f3n de la Reducci\u00f3n de Senos<\/strong><\/h2>\n<p>Podr\u00e1s levantarte y comer con normalidad 4 horas despu\u00e9s del procedimiento. No podr\u00e1s ver los resultados de inmediato, ya que el \u00e1rea estar\u00e1 cubierta con vendas. Tambi\u00e9n ver\u00e1s drenajes colocados debajo de las vendas para retirar el exceso de fluidos y sangre que salga del \u00e1rea de la operaci\u00f3n. Tu m\u00e9dico te retirar\u00e1 estos drenajes en uno o dos d\u00edas.<\/p>\n<p>Deber\u00e1s limitar los movimientos de tus brazos y del pecho en los primeros d\u00edas tras la reducci\u00f3n de mamas. Debes tener en cuenta que los movimientos fuertes y bruscos pueden reabrir tus heridas y aumentar el riesgo de infecci\u00f3n.<\/p>\n<p>Despu\u00e9s de una semana, tu m\u00e9dico retirar\u00e1 las vendas que cubren tus senos. En su lugar, te colocar\u00e1 cintas para cubrir tus suturas, que pueden ser impermeables.<\/p>\n<p>En cuanto a las duchas, podr\u00e1s ba\u00f1arte 48 horas despu\u00e9s de que tu m\u00e9dico retire tus drenajes.<\/p>\n<h2><strong>Resultados de la Reducci\u00f3n de Senos<\/strong><\/h2>\n<p>Los resultados de las reducciones mamarias son inmediatos, pero lucir\u00e1n mejor con el paso del tiempo. Las cicatrices eventualmente desaparecer\u00e1n y los senos tendr\u00e1n una apariencia natural y duradera. La clave para preservar los resultados es mantener el peso. Las variaciones de peso pueden afectar a largo plazo los logros alcanzados con la cirug\u00eda.[\/vc_column_text][\/vc_column][vc_column width=&#8221;1\/3&#8243; el_class=&#8221;sticky_contact_form_ttttt&#8221;]\n<div class=\"wpcf7 no-js\" id=\"wpcf7-f7799-o1\" lang=\"es-ES\" dir=\"ltr\">\n<div class=\"screen-reader-response\"><p role=\"status\" aria-live=\"polite\" aria-atomic=\"true\"><\/p> <ul><\/ul><\/div>\n<form action=\"\/es\/wp-json\/wp\/v2\/pages\/8115#wpcf7-f7799-o1\" method=\"post\" class=\"wpcf7-form init\" aria-label=\"Formulario de contacto\" novalidate=\"novalidate\" data-status=\"init\">\n<div style=\"display: none;\">\n<input type=\"hidden\" name=\"_wpcf7\" value=\"7799\" \/>\n<input type=\"hidden\" name=\"_wpcf7_version\" value=\"5.9.6\" \/>\n<input type=\"hidden\" name=\"_wpcf7_locale\" value=\"es_ES\" \/>\n<input type=\"hidden\" name=\"_wpcf7_unit_tag\" value=\"wpcf7-f7799-o1\" \/>\n<input type=\"hidden\" name=\"_wpcf7_container_post\" value=\"0\" \/>\n<input type=\"hidden\" name=\"_wpcf7_posted_data_hash\" value=\"\" \/>\n<\/div>\n<div class=\"contact_form_sticky_cf7\">\n\t<h3 style=\"text-align:center;color:white;\">Consigue una Consulta Gratuita\n\t<\/h3>\n\t<p style=\"text-align:center;color:white;\">Por favor completa el formulario a continuaci\u00f3n y te contactaremos a la brevedad\n\t<\/p>\n\t<div class=\"contact-page1 row\">\n\t\t<div class=\"col-sm-6\">\n\t\t\t<p><span class=\"wpcf7-form-control-wrap\" data-name=\"nameeeee\"><input size=\"40\" maxlength=\"80\" class=\"wpcf7-form-control wpcf7-text wpcf7-validates-as-required\" aria-required=\"true\" aria-invalid=\"false\" placeholder=\"Tu nombre*\" value=\"\" type=\"text\" name=\"nameeeee\" \/><\/span>\n\t\t\t<\/p>\n\t\t<\/div>\n\t\t<div class=\"col-sm-6\">\n\t\t\t<p><span class=\"wpcf7-form-control-wrap\" data-name=\"emaillll\"><input size=\"40\" maxlength=\"80\" class=\"wpcf7-form-control wpcf7-email wpcf7-text wpcf7-validates-as-email\" aria-invalid=\"false\" placeholder=\"Tu correo electr\u00f3nico\" value=\"\" type=\"email\" name=\"emaillll\" \/><\/span>\n\t\t\t<\/p>\n\t\t<\/div>\n\t\t<div class=\"col-sm-12\" style=\"padding-bottom:20px;\">\n\t\t\t<p>[phonetext* phoneeee numberonly]\n\t\t\t<\/p>\n\t\t<\/div>\n\t\t<div class=\"col-sm-12\">\n\t\t\t<p><span class=\"wpcf7-form-control-wrap\" data-name=\"messageeeeee\"><textarea cols=\"40\" rows=\"10\" maxlength=\"400\" class=\"wpcf7-form-control wpcf7-textarea\" aria-invalid=\"false\" placeholder=\"Mensaje\" name=\"messageeeeee\"><\/textarea><\/span>\n\t\t\t<\/p>\n\t\t<\/div>\n\t<\/div>\n\t<p><input class=\"wpcf7-form-control wpcf7-submit has-spinner\" type=\"submit\" value=\"Enviar\" \/>\n\t<\/p>\n<\/div><div class=\"wpcf7-response-output\" aria-hidden=\"true\"><\/div>\n<\/form>\n<\/div>\n[\/vc_column][\/vc_row]<\/p>\n","protected":false},"excerpt":{"rendered":"<p>[vc_row][vc_column width=&#8221;2\/3&#8243;][vc_column_text]Los senos han sido aceptados como el s\u00edmbolo de la feminidad en mujeres, actuando como s\u00edmbolo de fertilidad y de belleza, a la vez que mejoran su atractivo corporal. Pero cuando los senos crecen m\u00e1s all\u00e1 del promedio, lo m\u00e1s probable es que causen dolor f\u00edsico y problemas funcionales. La mayor\u00eda de las mujeres&#8230;<\/p>\n","protected":false},"author":3,"featured_media":8654,"parent":0,"menu_order":0,"comment_status":"closed","ping_status":"closed","template":"","meta":{"footnotes":""},"class_list":["post-8115","page","type-page","status-publish","has-post-thumbnail","hentry"],"yoast_head":"<!-- This site is optimized with the Yoast SEO plugin v23.0 - https:\/\/yoast.com\/wordpress\/plugins\/seo\/ -->\n<title>Reducci\u00f3n de Senos - Inicio<\/title>\n<meta name=\"robots\" content=\"index, follow, max-snippet:-1, max-image-preview:large, max-video-preview:-1\" \/>\n<link rel=\"canonical\" href=\"https:\/\/estheteclinic.com\/breast-reduction\/\" \/>\n<meta property=\"og:locale\" content=\"es_ES\" \/>\n<meta property=\"og:type\" content=\"article\" \/>\n<meta property=\"og:title\" content=\"Reducci\u00f3n de Senos - Inicio\" \/>\n<meta property=\"og:description\" content=\"[vc_row][vc_column width=&#8221;2\/3&#8243;][vc_column_text]Los senos han sido aceptados como el s\u00edmbolo de la feminidad en mujeres, actuando como s\u00edmbolo de fertilidad y de belleza, a la vez que mejoran su atractivo corporal. Pero cuando los senos crecen m\u00e1s all\u00e1 del promedio, lo m\u00e1s probable es que causen dolor f\u00edsico y problemas funcionales. La mayor\u00eda de las mujeres...\" \/>\n<meta property=\"og:url\" content=\"https:\/\/estheteclinic.com\/breast-reduction\/\" \/>\n<meta property=\"og:site_name\" content=\"Inicio\" \/>\n<meta property=\"article:modified_time\" content=\"2021-11-26T14:22:04+00:00\" \/>\n<meta property=\"og:image\" content=\"https:\/\/estheteclinic.com\/wp-content\/uploads\/2021\/11\/breast-reduction.jpg\" \/>\n\t<meta property=\"og:image:width\" content=\"2500\" \/>\n\t<meta property=\"og:image:height\" content=\"1244\" \/>\n\t<meta property=\"og:image:type\" content=\"image\/jpeg\" \/>\n<meta name=\"twitter:card\" content=\"summary_large_image\" \/>\n<meta name=\"twitter:label1\" content=\"Tiempo de lectura\" \/>\n\t<meta name=\"twitter:data1\" content=\"5 minutos\" \/>\n<script type=\"application\/ld+json\" class=\"yoast-schema-graph\">{\"@context\":\"https:\/\/schema.org\",\"@graph\":[{\"@type\":\"WebPage\",\"@id\":\"https:\/\/estheteclinic.com\/breast-reduction\/\",\"url\":\"https:\/\/estheteclinic.com\/breast-reduction\/\",\"name\":\"Reducci\u00f3n de Senos - Inicio\",\"isPartOf\":{\"@id\":\"https:\/\/estheteclinic.com\/#website\"},\"primaryImageOfPage\":{\"@id\":\"https:\/\/estheteclinic.com\/breast-reduction\/#primaryimage\"},\"image\":{\"@id\":\"https:\/\/estheteclinic.com\/breast-reduction\/#primaryimage\"},\"thumbnailUrl\":\"https:\/\/estheteclinic.com\/wp-content\/uploads\/2021\/11\/breast-reduction.jpg\",\"datePublished\":\"2021-11-06T15:29:42+00:00\",\"dateModified\":\"2021-11-26T14:22:04+00:00\",\"breadcrumb\":{\"@id\":\"https:\/\/estheteclinic.com\/breast-reduction\/#breadcrumb\"},\"inLanguage\":\"es\",\"potentialAction\":[{\"@type\":\"ReadAction\",\"target\":[\"https:\/\/estheteclinic.com\/breast-reduction\/\"]}]},{\"@type\":\"ImageObject\",\"inLanguage\":\"es\",\"@id\":\"https:\/\/estheteclinic.com\/breast-reduction\/#primaryimage\",\"url\":\"https:\/\/estheteclinic.com\/wp-content\/uploads\/2021\/11\/breast-reduction.jpg\",\"contentUrl\":\"https:\/\/estheteclinic.com\/wp-content\/uploads\/2021\/11\/breast-reduction.jpg\",\"width\":2500,\"height\":1244,\"caption\":\"Breast Reduction\"},{\"@type\":\"BreadcrumbList\",\"@id\":\"https:\/\/estheteclinic.com\/breast-reduction\/#breadcrumb\",\"itemListElement\":[{\"@type\":\"ListItem\",\"position\":1,\"name\":\"Home\",\"item\":\"https:\/\/estheteclinic.com\/es\/\"},{\"@type\":\"ListItem\",\"position\":2,\"name\":\"Reducci\u00f3n de Senos\"}]},{\"@type\":\"WebSite\",\"@id\":\"https:\/\/estheteclinic.com\/#website\",\"url\":\"https:\/\/estheteclinic.com\/\",\"name\":\"Inicio\",\"description\":\"Plastic Surgery &amp; Hair Transplant in Turkey\",\"potentialAction\":[{\"@type\":\"SearchAction\",\"target\":{\"@type\":\"EntryPoint\",\"urlTemplate\":\"https:\/\/estheteclinic.com\/?s={search_term_string}\"},\"query-input\":\"required name=search_term_string\"}],\"inLanguage\":\"es\"}]}<\/script>\n<!-- \/ Yoast SEO plugin. -->","yoast_head_json":{"title":"Reducci\u00f3n de Senos - Inicio","robots":{"index":"index","follow":"follow","max-snippet":"max-snippet:-1","max-image-preview":"max-image-preview:large","max-video-preview":"max-video-preview:-1"},"canonical":"https:\/\/estheteclinic.com\/breast-reduction\/","og_locale":"es_ES","og_type":"article","og_title":"Reducci\u00f3n de Senos - Inicio","og_description":"[vc_row][vc_column width=&#8221;2\/3&#8243;][vc_column_text]Los senos han sido aceptados como el s\u00edmbolo de la feminidad en mujeres, actuando como s\u00edmbolo de fertilidad y de belleza, a la vez que mejoran su atractivo corporal. Pero cuando los senos crecen m\u00e1s all\u00e1 del promedio, lo m\u00e1s probable es que causen dolor f\u00edsico y problemas funcionales. La mayor\u00eda de las mujeres...","og_url":"https:\/\/estheteclinic.com\/breast-reduction\/","og_site_name":"Inicio","article_modified_time":"2021-11-26T14:22:04+00:00","og_image":[{"width":2500,"height":1244,"url":"https:\/\/estheteclinic.com\/wp-content\/uploads\/2021\/11\/breast-reduction.jpg","type":"image\/jpeg"}],"twitter_card":"summary_large_image","twitter_misc":{"Tiempo de lectura":"5 minutos"},"schema":{"@context":"https:\/\/schema.org","@graph":[{"@type":"WebPage","@id":"https:\/\/estheteclinic.com\/breast-reduction\/","url":"https:\/\/estheteclinic.com\/breast-reduction\/","name":"Reducci\u00f3n de Senos - Inicio","isPartOf":{"@id":"https:\/\/estheteclinic.com\/#website"},"primaryImageOfPage":{"@id":"https:\/\/estheteclinic.com\/breast-reduction\/#primaryimage"},"image":{"@id":"https:\/\/estheteclinic.com\/breast-reduction\/#primaryimage"},"thumbnailUrl":"https:\/\/estheteclinic.com\/wp-content\/uploads\/2021\/11\/breast-reduction.jpg","datePublished":"2021-11-06T15:29:42+00:00","dateModified":"2021-11-26T14:22:04+00:00","breadcrumb":{"@id":"https:\/\/estheteclinic.com\/breast-reduction\/#breadcrumb"},"inLanguage":"es","potentialAction":[{"@type":"ReadAction","target":["https:\/\/estheteclinic.com\/breast-reduction\/"]}]},{"@type":"ImageObject","inLanguage":"es","@id":"https:\/\/estheteclinic.com\/breast-reduction\/#primaryimage","url":"https:\/\/estheteclinic.com\/wp-content\/uploads\/2021\/11\/breast-reduction.jpg","contentUrl":"https:\/\/estheteclinic.com\/wp-content\/uploads\/2021\/11\/breast-reduction.jpg","width":2500,"height":1244,"caption":"Breast Reduction"},{"@type":"BreadcrumbList","@id":"https:\/\/estheteclinic.com\/breast-reduction\/#breadcrumb","itemListElement":[{"@type":"ListItem","position":1,"name":"Home","item":"https:\/\/estheteclinic.com\/es\/"},{"@type":"ListItem","position":2,"name":"Reducci\u00f3n de Senos"}]},{"@type":"WebSite","@id":"https:\/\/estheteclinic.com\/#website","url":"https:\/\/estheteclinic.com\/","name":"Inicio","description":"Plastic Surgery &amp; Hair Transplant in Turkey","potentialAction":[{"@type":"SearchAction","target":{"@type":"EntryPoint","urlTemplate":"https:\/\/estheteclinic.com\/?s={search_term_string}"},"query-input":"required name=search_term_string"}],"inLanguage":"es"}]}},"_links":{"self":[{"href":"https:\/\/estheteclinic.com\/es\/wp-json\/wp\/v2\/pages\/8115","targetHints":{"allow":["GET"]}}],"collection":[{"href":"https:\/\/estheteclinic.com\/es\/wp-json\/wp\/v2\/pages"}],"about":[{"href":"https:\/\/estheteclinic.com\/es\/wp-json\/wp\/v2\/types\/page"}],"author":[{"embeddable":true,"href":"https:\/\/estheteclinic.com\/es\/wp-json\/wp\/v2\/users\/3"}],"replies":[{"embeddable":true,"href":"https:\/\/estheteclinic.com\/es\/wp-json\/wp\/v2\/comments?post=8115"}],"version-history":[{"count":2,"href":"https:\/\/estheteclinic.com\/es\/wp-json\/wp\/v2\/pages\/8115\/revisions"}],"predecessor-version":[{"id":8659,"href":"https:\/\/estheteclinic.com\/es\/wp-json\/wp\/v2\/pages\/8115\/revisions\/8659"}],"wp:featuredmedia":[{"embeddable":true,"href":"https:\/\/estheteclinic.com\/es\/wp-json\/wp\/v2\/media\/8654"}],"wp:attachment":[{"href":"https:\/\/estheteclinic.com\/es\/wp-json\/wp\/v2\/media?parent=8115"}],"curies":[{"name":"wp","href":"https:\/\/api.w.org\/{rel}","templated":true}]}}