{"id":8136,"date":"2021-11-06T15:34:57","date_gmt":"2021-11-06T15:34:57","guid":{"rendered":"http:\/\/estheteclinic.com\/?page_id=8136"},"modified":"2021-11-06T15:35:10","modified_gmt":"2021-11-06T15:35:10","slug":"contactanos","status":"publish","type":"page","link":"https:\/\/estheteclinic.com\/es\/contactanos\/","title":{"rendered":"Cont\u00e1ctanos"},"content":{"rendered":"<p>[vc_row content_placement=&#8221;middle&#8221; css=&#8221;.vc_custom_1634997080115{padding-top: 85px !important;padding-bottom: 90px !important;background: #ffffff url(https:\/\/rstheme.com\/products\/wordpress\/medvill\/wp-content\/uploads\/2019\/08\/contact-bg.jpg?id=6974) !important;background-position: center !important;background-repeat: no-repeat !important;background-size: cover !important;}&#8221; el_id=&#8221;rs-contact&#8221; el_class=&#8221;rs-contact&#8221;][vc_column width=&#8221;1\/12&#8243; el_class=&#8221;sm-hidden&#8221;][\/vc_column][vc_column width=&#8221;5\/6&#8243;]\r\n        <div class=\"rs-heading style4   text-center\">\r\n        \t<div class=\"title-inner\">\r\n        \t\t\r\n\t            \r\n\t            <h2 class=\"title title-upper\">Instalaciones y Base Profesional<\/h2>\r\n\t        <\/div><div class=\"description\"><p ><\/p>\n<div class=\"wpb_text_column wpb_content_element \">\n<div class=\"wpb_wrapper\">\n<p>Provista con las \u00faltimas tecnolog\u00edas y reuniendo los mejores cirujanos de toda Turqu\u00eda, Estethe Clinic es un hospital bien equipado con sede en Estambul.<\/p><\/div>\n<\/div>\n<p><\/p><\/div><\/div>[vc_row_inner equal_height=&#8221;yes&#8221; content_placement=&#8221;middle&#8221; css=&#8221;.vc_custom_1635167014795{padding-top: 40px !important;}&#8221; el_class=&#8221;contact-2-info&#8221;][vc_column_inner el_class=&#8221;moblc-mr0 mobc-plr15&#8243; width=&#8221;1\/3&#8243; css=&#8221;.vc_custom_1635151379669{margin-right: -15px !important;padding-top: 50px !important;padding-right: 50px !important;padding-bottom: 50px !important;padding-left: 30px !important;background-color: #baafa4 !important;border-radius: 10px !important;}&#8221;]\r\n       <div class=\"rs-contact\">\r\n        <div class=\"contact-address style3   \"><div class=\"address-item\">\r\n                <div class=\"address-icon\">\r\n                    <i class=\"icon icon-basic-smartphone\"><\/i>\r\n                <\/div>\r\n                <div class=\"address-text\">\r\n                    <h3 class=\"contact-title\">Tel\u00e9fono<\/h3>\r\n                    <a href= \"tel:++90 544 100 40 04\">+90 544 100 40 04<\/a>\r\n                <\/div>\r\n            <\/div><div class=\"address-item\">\r\n                    <div class=\"address-icon\">\r\n                        <i class=\"icon icon-basic-mail-multiple\"><\/i>\r\n                    <\/div>\r\n                    <div class=\"address-text\">\r\n                        <h3 class=\"contact-title\">Correo Electr\u00f3nico<\/h3>\r\n                        <a href= \"mailto:info@estheteclinic.com\">info@estheteclinic.com<\/a>                   \r\n                    <\/div>\r\n                <\/div><div class=\"address-item\">\r\n                    <div class=\"address-icon\">\r\n                        <i class=\"icon icon-basic-geolocalize-01\"><\/i>\r\n                    <\/div>\r\n                    <div class=\"address-text\">\r\n                        <h3 class=\"contact-title\">Direcci\u00f3n<\/h3>\r\n                        Istanbul \/ Turkey\r\n                    <\/div>\r\n                <\/div><\/div><\/div>[\/vc_column_inner][vc_column_inner el_class=&#8221;home-appointment moblc-mt30 mobc-plr30 contact-form-contact-us&#8221; width=&#8221;2\/3&#8243; css=&#8221;.vc_custom_1635167022945{padding-top: 60px !important;padding-right: 60px !important;padding-bottom: 60px !important;padding-left: 60px !important;background-color: #12284c !important;}&#8221;]\n<div class=\"wpcf7 no-js\" id=\"wpcf7-f7804-o1\" lang=\"es-ES\" dir=\"ltr\">\n<div class=\"screen-reader-response\"><p role=\"status\" aria-live=\"polite\" aria-atomic=\"true\"><\/p> <ul><\/ul><\/div>\n<form action=\"\/es\/wp-json\/wp\/v2\/pages\/8136#wpcf7-f7804-o1\" method=\"post\" class=\"wpcf7-form init\" aria-label=\"Formulario de contacto\" novalidate=\"novalidate\" data-status=\"init\">\n<div style=\"display: none;\">\n<input type=\"hidden\" name=\"_wpcf7\" value=\"7804\" \/>\n<input type=\"hidden\" name=\"_wpcf7_version\" value=\"5.9.6\" \/>\n<input type=\"hidden\" name=\"_wpcf7_locale\" value=\"es_ES\" \/>\n<input type=\"hidden\" name=\"_wpcf7_unit_tag\" value=\"wpcf7-f7804-o1\" \/>\n<input type=\"hidden\" name=\"_wpcf7_container_post\" value=\"0\" \/>\n<input type=\"hidden\" name=\"_wpcf7_posted_data_hash\" value=\"\" \/>\n<\/div>\n<div class=\"contact-form-tu\">\n\t<h3 style=\"text-align:center;color:white;\">Consigue una Consulta Gratuita\n\t<\/h3>\n\t<p style=\"text-align:center;color:white;\">Por favor completa el formulario a continuaci\u00f3n y te contactaremos a la brevedad\n\t<\/p>\n\t<p><span class=\"wpcf7-form-control-wrap\" data-name=\"nameee\"><input size=\"40\" maxlength=\"80\" class=\"wpcf7-form-control wpcf7-text wpcf7-validates-as-required\" aria-required=\"true\" aria-invalid=\"false\" placeholder=\"Tu nombre*\" value=\"\" type=\"text\" name=\"nameee\" \/><\/span>\n\t<\/p>\n\t<p><span class=\"wpcf7-form-control-wrap\" data-name=\"emailll\"><input size=\"40\" maxlength=\"80\" class=\"wpcf7-form-control wpcf7-email wpcf7-text wpcf7-validates-as-email\" aria-invalid=\"false\" placeholder=\"Tu correo electr\u00f3nico\" value=\"\" type=\"email\" name=\"emailll\" \/><\/span>\n\t<\/p>\n\t<p>[phonetext* numberrrrr]\n\t<\/p>\n\t<p><span class=\"wpcf7-form-control-wrap\" data-name=\"messageeeee\"><textarea cols=\"40\" rows=\"10\" maxlength=\"400\" class=\"wpcf7-form-control wpcf7-textarea\" aria-invalid=\"false\" placeholder=\"Mensaje\" name=\"messageeeee\"><\/textarea><\/span>\n\t<\/p>\n\t<p><input class=\"wpcf7-form-control wpcf7-submit has-spinner\" type=\"submit\" value=\"Enviar\" \/>\n\t<\/p>\n<\/div><div class=\"wpcf7-response-output\" aria-hidden=\"true\"><\/div>\n<\/form>\n<\/div>\n[\/vc_column_inner][\/vc_row_inner][\/vc_column][vc_column width=&#8221;1\/12&#8243; el_class=&#8221;sm-hidden&#8221;][\/vc_column][\/vc_row]<\/p>\n","protected":false},"excerpt":{"rendered":"<p>[vc_row content_placement=&#8221;middle&#8221; css=&#8221;.vc_custom_1634997080115{padding-top: 85px !important;padding-bottom: 90px !important;background: #ffffff url(https:\/\/rstheme.com\/products\/wordpress\/medvill\/wp-content\/uploads\/2019\/08\/contact-bg.jpg?id=6974) !important;background-position: center !important;background-repeat: no-repeat !important;background-size: cover !important;}&#8221; el_id=&#8221;rs-contact&#8221; el_class=&#8221;rs-contact&#8221;][vc_column width=&#8221;1\/12&#8243; el_class=&#8221;sm-hidden&#8221;][\/vc_column][vc_column width=&#8221;5\/6&#8243;][vc_row_inner equal_height=&#8221;yes&#8221; content_placement=&#8221;middle&#8221; css=&#8221;.vc_custom_1635167014795{padding-top: 40px !important;}&#8221; el_class=&#8221;contact-2-info&#8221;][vc_column_inner el_class=&#8221;moblc-mr0 mobc-plr15&#8243; width=&#8221;1\/3&#8243; css=&#8221;.vc_custom_1635151379669{margin-right: -15px !important;padding-top: 50px !important;padding-right: 50px !important;padding-bottom: 50px !important;padding-left: 30px !important;background-color: #baafa4 !important;border-radius: 10px !important;}&#8221;][\/vc_column_inner][vc_column_inner el_class=&#8221;home-appointment moblc-mt30 mobc-plr30 contact-form-contact-us&#8221; width=&#8221;2\/3&#8243; css=&#8221;.vc_custom_1635167022945{padding-top: 60px !important;padding-right: 60px !important;padding-bottom:&#8230;<\/p>\n","protected":false},"author":3,"featured_media":0,"parent":0,"menu_order":0,"comment_status":"closed","ping_status":"closed","template":"","meta":{"footnotes":""},"class_list":["post-8136","page","type-page","status-publish","hentry"],"yoast_head":"<!-- This site is optimized with the Yoast SEO plugin v23.0 - https:\/\/yoast.com\/wordpress\/plugins\/seo\/ -->\n<title>Cont\u00e1ctanos - Inicio<\/title>\n<meta name=\"robots\" content=\"index, follow, max-snippet:-1, max-image-preview:large, max-video-preview:-1\" \/>\n<link rel=\"canonical\" href=\"https:\/\/estheteclinic.com\/contact-us\/\" \/>\n<meta property=\"og:locale\" content=\"es_ES\" \/>\n<meta property=\"og:type\" content=\"article\" \/>\n<meta property=\"og:title\" content=\"Cont\u00e1ctanos - Inicio\" \/>\n<meta property=\"og:description\" content=\"[vc_row content_placement=&#8221;middle&#8221; css=&#8221;.vc_custom_1634997080115{padding-top: 85px !important;padding-bottom: 90px !important;background: #ffffff url(https:\/\/rstheme.com\/products\/wordpress\/medvill\/wp-content\/uploads\/2019\/08\/contact-bg.jpg?id=6974) !important;background-position: center !important;background-repeat: no-repeat !important;background-size: cover !important;}&#8221; el_id=&#8221;rs-contact&#8221; el_class=&#8221;rs-contact&#8221;][vc_column width=&#8221;1\/12&#8243; el_class=&#8221;sm-hidden&#8221;][\/vc_column][vc_column width=&#8221;5\/6&#8243;][vc_row_inner equal_height=&#8221;yes&#8221; content_placement=&#8221;middle&#8221; css=&#8221;.vc_custom_1635167014795{padding-top: 40px !important;}&#8221; el_class=&#8221;contact-2-info&#8221;][vc_column_inner el_class=&#8221;moblc-mr0 mobc-plr15&#8243; width=&#8221;1\/3&#8243; css=&#8221;.vc_custom_1635151379669{margin-right: -15px !important;padding-top: 50px !important;padding-right: 50px !important;padding-bottom: 50px !important;padding-left: 30px !important;background-color: #baafa4 !important;border-radius: 10px !important;}&#8221;][\/vc_column_inner][vc_column_inner el_class=&#8221;home-appointment moblc-mt30 mobc-plr30 contact-form-contact-us&#8221; width=&#8221;2\/3&#8243; css=&#8221;.vc_custom_1635167022945{padding-top: 60px !important;padding-right: 60px !important;padding-bottom:...\" \/>\n<meta property=\"og:url\" content=\"https:\/\/estheteclinic.com\/contact-us\/\" \/>\n<meta property=\"og:site_name\" content=\"Inicio\" \/>\n<meta property=\"article:modified_time\" content=\"2021-11-06T15:35:10+00:00\" \/>\n<meta name=\"twitter:card\" content=\"summary_large_image\" \/>\n<meta name=\"twitter:label1\" content=\"Tiempo de lectura\" \/>\n\t<meta name=\"twitter:data1\" content=\"1 minuto\" \/>\n<script type=\"application\/ld+json\" class=\"yoast-schema-graph\">{\"@context\":\"https:\/\/schema.org\",\"@graph\":[{\"@type\":\"WebPage\",\"@id\":\"https:\/\/estheteclinic.com\/contact-us\/\",\"url\":\"https:\/\/estheteclinic.com\/contact-us\/\",\"name\":\"Cont\u00e1ctanos - Inicio\",\"isPartOf\":{\"@id\":\"https:\/\/estheteclinic.com\/#website\"},\"datePublished\":\"2021-11-06T15:34:57+00:00\",\"dateModified\":\"2021-11-06T15:35:10+00:00\",\"breadcrumb\":{\"@id\":\"https:\/\/estheteclinic.com\/contact-us\/#breadcrumb\"},\"inLanguage\":\"es\",\"potentialAction\":[{\"@type\":\"ReadAction\",\"target\":[\"https:\/\/estheteclinic.com\/contact-us\/\"]}]},{\"@type\":\"BreadcrumbList\",\"@id\":\"https:\/\/estheteclinic.com\/contact-us\/#breadcrumb\",\"itemListElement\":[{\"@type\":\"ListItem\",\"position\":1,\"name\":\"Home\",\"item\":\"https:\/\/estheteclinic.com\/es\/\"},{\"@type\":\"ListItem\",\"position\":2,\"name\":\"Cont\u00e1ctanos\"}]},{\"@type\":\"WebSite\",\"@id\":\"https:\/\/estheteclinic.com\/#website\",\"url\":\"https:\/\/estheteclinic.com\/\",\"name\":\"Inicio\",\"description\":\"Plastic Surgery &amp; Hair Transplant in Turkey\",\"potentialAction\":[{\"@type\":\"SearchAction\",\"target\":{\"@type\":\"EntryPoint\",\"urlTemplate\":\"https:\/\/estheteclinic.com\/?s={search_term_string}\"},\"query-input\":\"required name=search_term_string\"}],\"inLanguage\":\"es\"}]}<\/script>\n<!-- \/ Yoast SEO plugin. -->","yoast_head_json":{"title":"Cont\u00e1ctanos - Inicio","robots":{"index":"index","follow":"follow","max-snippet":"max-snippet:-1","max-image-preview":"max-image-preview:large","max-video-preview":"max-video-preview:-1"},"canonical":"https:\/\/estheteclinic.com\/contact-us\/","og_locale":"es_ES","og_type":"article","og_title":"Cont\u00e1ctanos - Inicio","og_description":"[vc_row content_placement=&#8221;middle&#8221; css=&#8221;.vc_custom_1634997080115{padding-top: 85px !important;padding-bottom: 90px !important;background: #ffffff url(https:\/\/rstheme.com\/products\/wordpress\/medvill\/wp-content\/uploads\/2019\/08\/contact-bg.jpg?id=6974) !important;background-position: center !important;background-repeat: no-repeat !important;background-size: cover !important;}&#8221; el_id=&#8221;rs-contact&#8221; el_class=&#8221;rs-contact&#8221;][vc_column width=&#8221;1\/12&#8243; el_class=&#8221;sm-hidden&#8221;][\/vc_column][vc_column width=&#8221;5\/6&#8243;][vc_row_inner equal_height=&#8221;yes&#8221; content_placement=&#8221;middle&#8221; css=&#8221;.vc_custom_1635167014795{padding-top: 40px !important;}&#8221; el_class=&#8221;contact-2-info&#8221;][vc_column_inner el_class=&#8221;moblc-mr0 mobc-plr15&#8243; width=&#8221;1\/3&#8243; css=&#8221;.vc_custom_1635151379669{margin-right: -15px !important;padding-top: 50px !important;padding-right: 50px !important;padding-bottom: 50px !important;padding-left: 30px !important;background-color: #baafa4 !important;border-radius: 10px !important;}&#8221;][\/vc_column_inner][vc_column_inner el_class=&#8221;home-appointment moblc-mt30 mobc-plr30 contact-form-contact-us&#8221; width=&#8221;2\/3&#8243; css=&#8221;.vc_custom_1635167022945{padding-top: 60px !important;padding-right: 60px !important;padding-bottom:...","og_url":"https:\/\/estheteclinic.com\/contact-us\/","og_site_name":"Inicio","article_modified_time":"2021-11-06T15:35:10+00:00","twitter_card":"summary_large_image","twitter_misc":{"Tiempo de lectura":"1 minuto"},"schema":{"@context":"https:\/\/schema.org","@graph":[{"@type":"WebPage","@id":"https:\/\/estheteclinic.com\/contact-us\/","url":"https:\/\/estheteclinic.com\/contact-us\/","name":"Cont\u00e1ctanos - Inicio","isPartOf":{"@id":"https:\/\/estheteclinic.com\/#website"},"datePublished":"2021-11-06T15:34:57+00:00","dateModified":"2021-11-06T15:35:10+00:00","breadcrumb":{"@id":"https:\/\/estheteclinic.com\/contact-us\/#breadcrumb"},"inLanguage":"es","potentialAction":[{"@type":"ReadAction","target":["https:\/\/estheteclinic.com\/contact-us\/"]}]},{"@type":"BreadcrumbList","@id":"https:\/\/estheteclinic.com\/contact-us\/#breadcrumb","itemListElement":[{"@type":"ListItem","position":1,"name":"Home","item":"https:\/\/estheteclinic.com\/es\/"},{"@type":"ListItem","position":2,"name":"Cont\u00e1ctanos"}]},{"@type":"WebSite","@id":"https:\/\/estheteclinic.com\/#website","url":"https:\/\/estheteclinic.com\/","name":"Inicio","description":"Plastic Surgery &amp; Hair Transplant in Turkey","potentialAction":[{"@type":"SearchAction","target":{"@type":"EntryPoint","urlTemplate":"https:\/\/estheteclinic.com\/?s={search_term_string}"},"query-input":"required name=search_term_string"}],"inLanguage":"es"}]}},"_links":{"self":[{"href":"https:\/\/estheteclinic.com\/es\/wp-json\/wp\/v2\/pages\/8136","targetHints":{"allow":["GET"]}}],"collection":[{"href":"https:\/\/estheteclinic.com\/es\/wp-json\/wp\/v2\/pages"}],"about":[{"href":"https:\/\/estheteclinic.com\/es\/wp-json\/wp\/v2\/types\/page"}],"author":[{"embeddable":true,"href":"https:\/\/estheteclinic.com\/es\/wp-json\/wp\/v2\/users\/3"}],"replies":[{"embeddable":true,"href":"https:\/\/estheteclinic.com\/es\/wp-json\/wp\/v2\/comments?post=8136"}],"version-history":[{"count":1,"href":"https:\/\/estheteclinic.com\/es\/wp-json\/wp\/v2\/pages\/8136\/revisions"}],"predecessor-version":[{"id":8137,"href":"https:\/\/estheteclinic.com\/es\/wp-json\/wp\/v2\/pages\/8136\/revisions\/8137"}],"wp:attachment":[{"href":"https:\/\/estheteclinic.com\/es\/wp-json\/wp\/v2\/media?parent=8136"}],"curies":[{"name":"wp","href":"https:\/\/api.w.org\/{rel}","templated":true}]}}