{"id":8146,"date":"2021-11-06T15:37:41","date_gmt":"2021-11-06T15:37:41","guid":{"rendered":"http:\/\/estheteclinic.com\/?page_id=8146"},"modified":"2024-04-24T08:04:46","modified_gmt":"2024-04-24T08:04:46","slug":"trasplante-de-cejas","status":"publish","type":"page","link":"https:\/\/estheteclinic.com\/es\/trasplante-de-cejas\/","title":{"rendered":"Trasplante de Cejas"},"content":{"rendered":"<p>[vc_row][vc_column width=&#8221;2\/3&#8243;][vc_column_text]El trasplante de cejas es el procedimiento n\u00famero uno capaz de cambiar naturalmente la forma de las cejas, su densidad y su espesor. Se trata de un micro-procedimiento m\u00ednimamente invasivo que mejora la forma de tu ce\u00f1o usando tu propio cabello.<\/p>\n<p>No hay efectos secundarios ni cicatrices y los resultados son inmediatos con las tecnolog\u00edas que ofrecemos en Esthete Clinic.<\/p>\n<h2><strong>Procedimiento de Trasplante de Cejas<\/strong><\/h2>\n<p>El trasplante de cejas requiere una serie de pasos particular para lograr tus metas est\u00e9ticas.<\/p>\n<h4><strong>1- Dise\u00f1o de las Cejas<\/strong><\/h4>\n<p>El dise\u00f1o de las cejas es la fase donde nuestros experimentados cirujanos de Esthete Clinic crean un boceto de tus cejas como propuesta. Para este paso se consideran tus rasgos faciales y se garantiza que tu resultado final lucir\u00e1 aut\u00e9ntico y compatible con tu rostro. Tambi\u00e9n aplicamos los principios b\u00e1sicos de est\u00e9tica de cejas durante este procedimiento.<\/p>\n<h4><strong>2- Aplicaci\u00f3n de Anestesia<\/strong><\/h4>\n<p>Nuestros anestesi\u00f3logos de Esthete Clinic te administrar\u00e1n anestesia local tanto en el cuero cabelludo como en las cejas en la preparaci\u00f3n para tu trasplante de cejas.<\/p>\n<h4><strong>3- Extracci\u00f3n de Injertos<\/strong><\/h4>\n<p>La fase de extracci\u00f3n de injertos consiste en que nuestros m\u00e9dicos de Esthete Clinic recolectar\u00e1n cabello para tus cejas. Tomamos los injertos de la parte de atr\u00e1s de tu cuello porque son los m\u00e1s compatibles con los vellos faciales. Durante este proceso, usamos tecnolog\u00edas avanzadas que nos permiten evaluar la calidad de los injertos. Esto es importante porque nos permite asegurar que tus resultados ser\u00e1n permanentes.<\/p>\n<h4><strong>4- Inserci\u00f3n de los injertos en Soluci\u00f3n de Hipotermosol<\/strong><\/h4>\n<p>El uso de la soluci\u00f3n de hipotermosol es un paso necesario para mantener los injertos saludables y en buena condici\u00f3n para su trasplante.<\/p>\n<h4><strong>5- Apertura de Canales<\/strong><\/h4>\n<p>En esta etapa, nuestros cirujanos de Esthete Clinic abrir\u00e1n canales en el \u00e1rea de las cejas siguiendo el boceto creado durante la fase de dise\u00f1o. Es en estos canales donde se implantar\u00e1n los injertos. Si est\u00e1s usando la t\u00e9cnica de trasplante DHI, este paso no ser\u00e1 necesario. Pero si elegiste el trasplante zafiro, tu cirujano usar\u00e1 un instrumento especial para abrir canales ultra-peque\u00f1os. Por otra parte, con el trasplante de barba micro-FUE, la apertura de canales se realiza con cuchillas de acero tradicionales.<\/p>\n<h4><strong>6- Implantaci\u00f3n<\/strong><\/h4>\n<p>La implantaci\u00f3n es el proceso de tomar los injertos de la soluci\u00f3n de hipotermosol e implantarlos en los canales previamente abiertos en la regi\u00f3n de las cejas. Si elegiste la t\u00e9cnica DHI, un l\u00e1piz especial implanta los injertos directamente en el ce\u00f1o sin necesidad de abrir los canales con anterioridad.<\/p>\n<h2><strong>Recuperaci\u00f3n de un Trasplante de Cejas<\/strong><\/h2>\n<p>Recuperarse de un trasplante de cejas es algo muy sencillo porque el proceso es m\u00ednimamente invasivo. La elecci\u00f3n de tecnolog\u00edas m\u00e1s avanzadas podr\u00eda facilitar a\u00fan m\u00e1s tu recuperaci\u00f3n tras un trasplante de cejas.<\/p>\n<ul>\n<li>Al\u00e9jate de la luz solar directa y el calor por al menos 3 semanas.<\/li>\n<li>No nades en piscinas ni en el mar antes de transcurrido un mes.<\/li>\n<li>No hales de tus cejas a ni retires las costras.<\/li>\n<li>Usa tus medicamentos siguiendo las instrucciones dadas por tu cirujano de Esthete Clinic.<\/li>\n<li>No fumes ni consumas alcohol por 2 semanas.<\/li>\n<li>Podr\u00e1s volver a tu rutina diaria, pero evita hacer ejercicios extenuantes por 3 a 4 semanas.<\/li>\n<\/ul>\n<h2><strong>\u00bfC\u00f3mo prepararse para un Trasplante de Cejas?<\/strong><\/h2>\n<p>La preparaci\u00f3n para el trasplante de cejas requiere unos pocos pasos esenciales para el \u00e9xito del procedimiento a largo plazo:<\/p>\n<ul>\n<li>Comer alimentos saludables antes del trasplante de cejas.<\/li>\n<li>No usar anticoagulantes, como aspirina, en las 2 semanas previas al procedimiento.<\/li>\n<li>Evitar fumar y consumir alcohol 2 semanas antes del procedimiento.<\/li>\n<li>Utilizar camisetas con cuello ancho o con botones el d\u00eda de tu trasplante de cejas.<\/li>\n<li>Limpiar exhaustivamente tu rostro y cuero cabelludo y no usar productos el d\u00eda del procedimiento.<\/li>\n<\/ul>\n<h2><strong>Resultados de un Trasplante de Cejas<\/strong><\/h2>\n<p>Los resultados del trasplante de cejas no son instant\u00e1neos. Notar\u00e1s mejoras graduales, pero los resultados \u00f3ptimos aparecer\u00e1n despu\u00e9s de un a\u00f1o.<\/p>\n<p>Tu cabello se caer\u00e1 durante la recuperaci\u00f3n y un mes posterior al trasplante de cejas. Esta parte del proceso curativo permite que comiencen a crecer vellos de tus nuevos injertos en el \u00e1rea. Cada mes que transcurra ver\u00e1s cambios en el crecimiento capilar, con vellos cada vez m\u00e1s oscuros y m\u00e1s anchos.<\/p>\n<h2><strong>Duraci\u00f3n de un Trasplante de Cejas<\/strong><\/h2>\n<p>La duraci\u00f3n de los trasplantes de cejas var\u00eda de un paciente a otro, dependiendo de tus metas est\u00e9ticas. En promedio, puede durar de 2 a 3 horas.[\/vc_column_text][\/vc_column][vc_column width=&#8221;1\/3&#8243; el_class=&#8221;sticky_contact_form_ttttt&#8221;]\n<div class=\"wpcf7 no-js\" id=\"wpcf7-f7799-o1\" lang=\"es-ES\" dir=\"ltr\">\n<div class=\"screen-reader-response\"><p role=\"status\" aria-live=\"polite\" aria-atomic=\"true\"><\/p> <ul><\/ul><\/div>\n<form action=\"\/es\/wp-json\/wp\/v2\/pages\/8146#wpcf7-f7799-o1\" method=\"post\" class=\"wpcf7-form init\" aria-label=\"Formulario de contacto\" novalidate=\"novalidate\" data-status=\"init\">\n<div style=\"display: none;\">\n<input type=\"hidden\" name=\"_wpcf7\" value=\"7799\" \/>\n<input type=\"hidden\" name=\"_wpcf7_version\" value=\"5.9.6\" \/>\n<input type=\"hidden\" name=\"_wpcf7_locale\" value=\"es_ES\" \/>\n<input type=\"hidden\" name=\"_wpcf7_unit_tag\" value=\"wpcf7-f7799-o1\" \/>\n<input type=\"hidden\" name=\"_wpcf7_container_post\" value=\"0\" \/>\n<input type=\"hidden\" name=\"_wpcf7_posted_data_hash\" value=\"\" \/>\n<\/div>\n<div class=\"contact_form_sticky_cf7\">\n\t<h3 style=\"text-align:center;color:white;\">Consigue una Consulta Gratuita\n\t<\/h3>\n\t<p style=\"text-align:center;color:white;\">Por favor completa el formulario a continuaci\u00f3n y te contactaremos a la brevedad\n\t<\/p>\n\t<div class=\"contact-page1 row\">\n\t\t<div class=\"col-sm-6\">\n\t\t\t<p><span class=\"wpcf7-form-control-wrap\" data-name=\"nameeeee\"><input size=\"40\" maxlength=\"80\" class=\"wpcf7-form-control wpcf7-text wpcf7-validates-as-required\" aria-required=\"true\" aria-invalid=\"false\" placeholder=\"Tu nombre*\" value=\"\" type=\"text\" name=\"nameeeee\" \/><\/span>\n\t\t\t<\/p>\n\t\t<\/div>\n\t\t<div class=\"col-sm-6\">\n\t\t\t<p><span class=\"wpcf7-form-control-wrap\" data-name=\"emaillll\"><input size=\"40\" maxlength=\"80\" class=\"wpcf7-form-control wpcf7-email wpcf7-text wpcf7-validates-as-email\" aria-invalid=\"false\" placeholder=\"Tu correo electr\u00f3nico\" value=\"\" type=\"email\" name=\"emaillll\" \/><\/span>\n\t\t\t<\/p>\n\t\t<\/div>\n\t\t<div class=\"col-sm-12\" style=\"padding-bottom:20px;\">\n\t\t\t<p>[phonetext* phoneeee numberonly]\n\t\t\t<\/p>\n\t\t<\/div>\n\t\t<div class=\"col-sm-12\">\n\t\t\t<p><span class=\"wpcf7-form-control-wrap\" data-name=\"messageeeeee\"><textarea cols=\"40\" rows=\"10\" maxlength=\"400\" class=\"wpcf7-form-control wpcf7-textarea\" aria-invalid=\"false\" placeholder=\"Mensaje\" name=\"messageeeeee\"><\/textarea><\/span>\n\t\t\t<\/p>\n\t\t<\/div>\n\t<\/div>\n\t<p><input class=\"wpcf7-form-control wpcf7-submit has-spinner\" type=\"submit\" value=\"Enviar\" \/>\n\t<\/p>\n<\/div><div class=\"wpcf7-response-output\" aria-hidden=\"true\"><\/div>\n<\/form>\n<\/div>\n[\/vc_column][\/vc_row]<\/p>\n","protected":false},"excerpt":{"rendered":"<p>[vc_row][vc_column width=&#8221;2\/3&#8243;][vc_column_text]El trasplante de cejas es el procedimiento n\u00famero uno capaz de cambiar naturalmente la forma de las cejas, su densidad y su espesor. Se trata de un micro-procedimiento m\u00ednimamente invasivo que mejora la forma de tu ce\u00f1o usando tu propio cabello. No hay efectos secundarios ni cicatrices y los resultados son inmediatos con las&#8230;<\/p>\n","protected":false},"author":3,"featured_media":8454,"parent":0,"menu_order":0,"comment_status":"closed","ping_status":"closed","template":"","meta":{"footnotes":""},"class_list":["post-8146","page","type-page","status-publish","has-post-thumbnail","hentry"],"yoast_head":"<!-- This site is optimized with the Yoast SEO plugin v23.0 - https:\/\/yoast.com\/wordpress\/plugins\/seo\/ -->\n<title>Trasplante de Cejas - Inicio<\/title>\n<meta name=\"robots\" content=\"index, follow, max-snippet:-1, max-image-preview:large, max-video-preview:-1\" \/>\n<link rel=\"canonical\" href=\"https:\/\/estheteclinic.com\/eyebrow-transplant\/\" \/>\n<meta property=\"og:locale\" content=\"es_ES\" \/>\n<meta property=\"og:type\" content=\"article\" \/>\n<meta property=\"og:title\" content=\"Trasplante de Cejas - Inicio\" \/>\n<meta property=\"og:description\" content=\"[vc_row][vc_column width=&#8221;2\/3&#8243;][vc_column_text]El trasplante de cejas es el procedimiento n\u00famero uno capaz de cambiar naturalmente la forma de las cejas, su densidad y su espesor. Se trata de un micro-procedimiento m\u00ednimamente invasivo que mejora la forma de tu ce\u00f1o usando tu propio cabello. No hay efectos secundarios ni cicatrices y los resultados son inmediatos con las...\" \/>\n<meta property=\"og:url\" content=\"https:\/\/estheteclinic.com\/eyebrow-transplant\/\" \/>\n<meta property=\"og:site_name\" content=\"Inicio\" \/>\n<meta property=\"article:modified_time\" content=\"2024-04-24T08:04:46+00:00\" \/>\n<meta property=\"og:image\" content=\"https:\/\/estheteclinic.com\/wp-content\/uploads\/2021\/11\/Eyebrow-Transplant-484.jpg\" \/>\n\t<meta property=\"og:image:width\" content=\"1500\" \/>\n\t<meta property=\"og:image:height\" content=\"1000\" \/>\n\t<meta property=\"og:image:type\" content=\"image\/jpeg\" \/>\n<meta name=\"twitter:card\" content=\"summary_large_image\" \/>\n<meta name=\"twitter:label1\" content=\"Tiempo de lectura\" \/>\n\t<meta name=\"twitter:data1\" content=\"4 minutos\" \/>\n<script type=\"application\/ld+json\" class=\"yoast-schema-graph\">{\"@context\":\"https:\/\/schema.org\",\"@graph\":[{\"@type\":\"WebPage\",\"@id\":\"https:\/\/estheteclinic.com\/eyebrow-transplant\/\",\"url\":\"https:\/\/estheteclinic.com\/eyebrow-transplant\/\",\"name\":\"Trasplante de Cejas - Inicio\",\"isPartOf\":{\"@id\":\"https:\/\/estheteclinic.com\/#website\"},\"primaryImageOfPage\":{\"@id\":\"https:\/\/estheteclinic.com\/eyebrow-transplant\/#primaryimage\"},\"image\":{\"@id\":\"https:\/\/estheteclinic.com\/eyebrow-transplant\/#primaryimage\"},\"thumbnailUrl\":\"https:\/\/estheteclinic.com\/wp-content\/uploads\/2021\/11\/Eyebrow-Transplant-484.jpg\",\"datePublished\":\"2021-11-06T15:37:41+00:00\",\"dateModified\":\"2024-04-24T08:04:46+00:00\",\"breadcrumb\":{\"@id\":\"https:\/\/estheteclinic.com\/eyebrow-transplant\/#breadcrumb\"},\"inLanguage\":\"es\",\"potentialAction\":[{\"@type\":\"ReadAction\",\"target\":[\"https:\/\/estheteclinic.com\/eyebrow-transplant\/\"]}]},{\"@type\":\"ImageObject\",\"inLanguage\":\"es\",\"@id\":\"https:\/\/estheteclinic.com\/eyebrow-transplant\/#primaryimage\",\"url\":\"https:\/\/estheteclinic.com\/wp-content\/uploads\/2021\/11\/Eyebrow-Transplant-484.jpg\",\"contentUrl\":\"https:\/\/estheteclinic.com\/wp-content\/uploads\/2021\/11\/Eyebrow-Transplant-484.jpg\",\"width\":1500,\"height\":1000,\"caption\":\"Trasplante de Cejas\"},{\"@type\":\"BreadcrumbList\",\"@id\":\"https:\/\/estheteclinic.com\/eyebrow-transplant\/#breadcrumb\",\"itemListElement\":[{\"@type\":\"ListItem\",\"position\":1,\"name\":\"Home\",\"item\":\"https:\/\/estheteclinic.com\/es\/\"},{\"@type\":\"ListItem\",\"position\":2,\"name\":\"Trasplante de Cejas\"}]},{\"@type\":\"WebSite\",\"@id\":\"https:\/\/estheteclinic.com\/#website\",\"url\":\"https:\/\/estheteclinic.com\/\",\"name\":\"Inicio\",\"description\":\"Plastic Surgery &amp; Hair Transplant in Turkey\",\"potentialAction\":[{\"@type\":\"SearchAction\",\"target\":{\"@type\":\"EntryPoint\",\"urlTemplate\":\"https:\/\/estheteclinic.com\/?s={search_term_string}\"},\"query-input\":\"required name=search_term_string\"}],\"inLanguage\":\"es\"}]}<\/script>\n<!-- \/ Yoast SEO plugin. -->","yoast_head_json":{"title":"Trasplante de Cejas - Inicio","robots":{"index":"index","follow":"follow","max-snippet":"max-snippet:-1","max-image-preview":"max-image-preview:large","max-video-preview":"max-video-preview:-1"},"canonical":"https:\/\/estheteclinic.com\/eyebrow-transplant\/","og_locale":"es_ES","og_type":"article","og_title":"Trasplante de Cejas - Inicio","og_description":"[vc_row][vc_column width=&#8221;2\/3&#8243;][vc_column_text]El trasplante de cejas es el procedimiento n\u00famero uno capaz de cambiar naturalmente la forma de las cejas, su densidad y su espesor. Se trata de un micro-procedimiento m\u00ednimamente invasivo que mejora la forma de tu ce\u00f1o usando tu propio cabello. No hay efectos secundarios ni cicatrices y los resultados son inmediatos con las...","og_url":"https:\/\/estheteclinic.com\/eyebrow-transplant\/","og_site_name":"Inicio","article_modified_time":"2024-04-24T08:04:46+00:00","og_image":[{"width":1500,"height":1000,"url":"https:\/\/estheteclinic.com\/wp-content\/uploads\/2021\/11\/Eyebrow-Transplant-484.jpg","type":"image\/jpeg"}],"twitter_card":"summary_large_image","twitter_misc":{"Tiempo de lectura":"4 minutos"},"schema":{"@context":"https:\/\/schema.org","@graph":[{"@type":"WebPage","@id":"https:\/\/estheteclinic.com\/eyebrow-transplant\/","url":"https:\/\/estheteclinic.com\/eyebrow-transplant\/","name":"Trasplante de Cejas - Inicio","isPartOf":{"@id":"https:\/\/estheteclinic.com\/#website"},"primaryImageOfPage":{"@id":"https:\/\/estheteclinic.com\/eyebrow-transplant\/#primaryimage"},"image":{"@id":"https:\/\/estheteclinic.com\/eyebrow-transplant\/#primaryimage"},"thumbnailUrl":"https:\/\/estheteclinic.com\/wp-content\/uploads\/2021\/11\/Eyebrow-Transplant-484.jpg","datePublished":"2021-11-06T15:37:41+00:00","dateModified":"2024-04-24T08:04:46+00:00","breadcrumb":{"@id":"https:\/\/estheteclinic.com\/eyebrow-transplant\/#breadcrumb"},"inLanguage":"es","potentialAction":[{"@type":"ReadAction","target":["https:\/\/estheteclinic.com\/eyebrow-transplant\/"]}]},{"@type":"ImageObject","inLanguage":"es","@id":"https:\/\/estheteclinic.com\/eyebrow-transplant\/#primaryimage","url":"https:\/\/estheteclinic.com\/wp-content\/uploads\/2021\/11\/Eyebrow-Transplant-484.jpg","contentUrl":"https:\/\/estheteclinic.com\/wp-content\/uploads\/2021\/11\/Eyebrow-Transplant-484.jpg","width":1500,"height":1000,"caption":"Trasplante de Cejas"},{"@type":"BreadcrumbList","@id":"https:\/\/estheteclinic.com\/eyebrow-transplant\/#breadcrumb","itemListElement":[{"@type":"ListItem","position":1,"name":"Home","item":"https:\/\/estheteclinic.com\/es\/"},{"@type":"ListItem","position":2,"name":"Trasplante de Cejas"}]},{"@type":"WebSite","@id":"https:\/\/estheteclinic.com\/#website","url":"https:\/\/estheteclinic.com\/","name":"Inicio","description":"Plastic Surgery &amp; Hair Transplant in Turkey","potentialAction":[{"@type":"SearchAction","target":{"@type":"EntryPoint","urlTemplate":"https:\/\/estheteclinic.com\/?s={search_term_string}"},"query-input":"required name=search_term_string"}],"inLanguage":"es"}]}},"_links":{"self":[{"href":"https:\/\/estheteclinic.com\/es\/wp-json\/wp\/v2\/pages\/8146","targetHints":{"allow":["GET"]}}],"collection":[{"href":"https:\/\/estheteclinic.com\/es\/wp-json\/wp\/v2\/pages"}],"about":[{"href":"https:\/\/estheteclinic.com\/es\/wp-json\/wp\/v2\/types\/page"}],"author":[{"embeddable":true,"href":"https:\/\/estheteclinic.com\/es\/wp-json\/wp\/v2\/users\/3"}],"replies":[{"embeddable":true,"href":"https:\/\/estheteclinic.com\/es\/wp-json\/wp\/v2\/comments?post=8146"}],"version-history":[{"count":1,"href":"https:\/\/estheteclinic.com\/es\/wp-json\/wp\/v2\/pages\/8146\/revisions"}],"predecessor-version":[{"id":8147,"href":"https:\/\/estheteclinic.com\/es\/wp-json\/wp\/v2\/pages\/8146\/revisions\/8147"}],"wp:featuredmedia":[{"embeddable":true,"href":"https:\/\/estheteclinic.com\/es\/wp-json\/wp\/v2\/media\/8454"}],"wp:attachment":[{"href":"https:\/\/estheteclinic.com\/es\/wp-json\/wp\/v2\/media?parent=8146"}],"curies":[{"name":"wp","href":"https:\/\/api.w.org\/{rel}","templated":true}]}}