{"id":8156,"date":"2021-11-06T15:44:03","date_gmt":"2021-11-06T15:44:03","guid":{"rendered":"http:\/\/estheteclinic.com\/?page_id=8156"},"modified":"2021-11-29T06:58:42","modified_gmt":"2021-11-29T06:58:42","slug":"lifting-facial-con-hilos","status":"publish","type":"page","link":"https:\/\/estheteclinic.com\/es\/lifting-facial-con-hilos\/","title":{"rendered":"Lifting Facial con Hilos"},"content":{"rendered":"<p>[vc_row][vc_column width=&#8221;2\/3&#8243;][vc_column_text]El lifting facial y de cuello con hilos tensores es un tratamiento rejuvenecedor que intenta corregir las se\u00f1ales del envejecimiento en el rostro y el cuello.<\/p>\n<p>Estos s\u00edntomas incluyen p\u00e9rdida de la elasticidad y aflojamiento de la piel, as\u00ed como la aparici\u00f3n de arrugas a medida que los m\u00fasculos de la cara y el cuello comienzan a desgastarse.<\/p>\n<p>A pesar de que el lifting facial con hilos no es una aplicaci\u00f3n que detiene el envejecimiento, es un tratamiento que le da a la cara una apariencia m\u00e1s juvenil a trav\u00e9s del estiramiento de la piel y de los tejidos d\u00e9rmicos m\u00e1s profundos.<\/p>\n<h2><strong>Candidatos para un Lifting Facial<\/strong><\/h2>\n<p>Ser apto para un lifting facial con hilos es algo que tendr\u00e1n que determinar los doctores luego de una evaluaci\u00f3n. Por lo general, podr\u00e1s ser un candidato v\u00e1lido para este procedimiento si cumples con las siguientes condiciones:<\/p>\n<ul>\n<li>No tienes historia de cicatrizaci\u00f3n deficiente.<\/li>\n<li>No tienes enfermedades graves.<\/li>\n<li>Tu rostro comienza a mostrar se\u00f1ales de ca\u00edda pero a\u00fan hay elasticidad.<\/li>\n<li>Tu estructura \u00f3sea est\u00e1 en su lugar.<\/li>\n<\/ul>\n<h2><strong>\u00bfQu\u00e9 puede lograrse con un Lifting Facial con Hilos?<\/strong><\/h2>\n<p>Los procedimientos de lifting facial y de cuello son personales, y las \u00e1reas de tratamiento pueden variar de una persona a otra. En Esthete Clinic, realizamos lifting facial no quir\u00fargico a zonas como la nariz, las cejas, el maxilar, las mejillas y dem\u00e1s \u00e1reas espec\u00edficas. Estas aplicaciones son efectivas hasta cierto punto y no siempre podr\u00e1n sustituir los m\u00e9todos quir\u00fargicos.<\/p>\n<h2><strong>Duraci\u00f3n de un Lifting Facial y de Cuello con Hilos Tensores<\/strong><\/h2>\n<p>El tiempo estimado del procedimiento es de 30 a 60 minutos.<\/p>\n<h2><strong>Procedimiento de un Lifting Facial con Hilos Tensores<\/strong><\/h2>\n<h3><strong>Pre-procedimiento<\/strong><\/h3>\n<p>Tu m\u00e9dico aplicar\u00e1 una crema anest\u00e9sica o te inyectar\u00e1 anestesia local en el rostro antes de comenzar con el procedimiento. El m\u00e9dico tambi\u00e9n marcar\u00e1 las \u00e1reas de tu cara que necesitar\u00e1n tratamiento para planificar el procedimiento.<\/p>\n<h3><strong>Procedimiento<\/strong><\/h3>\n<p>Tu m\u00e9dico inyectar\u00e1 suturas biol\u00f3gicas en el tejido conectivo a solo 5mm de las \u00e1reas problem\u00e1ticas, y levantar\u00e1 estrat\u00e9gicamente los m\u00fasculos y la capa de tejidos que est\u00e1 debajo. Estas suturas se disolver\u00e1n autom\u00e1ticamente despu\u00e9s de un tiempo. Hay muchos tipos de hilos que puedes usar en un lifting facial no quir\u00fargico, pero su funci\u00f3n no es levantar permanentemente la cara. En su lugar, el procedimiento estimula la producci\u00f3n de col\u00e1geno, permitiendo a tu piel repararse por cuenta propia y restituir su col\u00e1geno.<\/p>\n<h3><strong>Post-procedimiento<\/strong><\/h3>\n<p>El procedimiento es inmediato, as\u00ed que podr\u00e1s regresar a tu vida social al instante. Recibir\u00e1s una crema antibi\u00f3tica que deber\u00e1s aplicar a las \u00e1reas tratadas dos veces al d\u00eda por 5 d\u00edas.<\/p>\n<p>Tendr\u00e1s que disminuir el masticado porque el movimiento excesivo de tu mand\u00edbula podr\u00eda arruinar los resultados. Come alimentos suaves, evita usar goma de mascar y los alimentos duros, como las manzanas, por 3 semanas. Asimismo, no masajees tu cara por 3 semanas y prot\u00e9gela de los rayos solares directos en este per\u00edodo.[\/vc_column_text][\/vc_column][vc_column width=&#8221;1\/3&#8243; el_class=&#8221;sticky_contact_form_ttttt&#8221;]\n<div class=\"wpcf7 no-js\" id=\"wpcf7-f7799-o1\" lang=\"es-ES\" dir=\"ltr\">\n<div class=\"screen-reader-response\"><p role=\"status\" aria-live=\"polite\" aria-atomic=\"true\"><\/p> <ul><\/ul><\/div>\n<form action=\"\/es\/wp-json\/wp\/v2\/pages\/8156#wpcf7-f7799-o1\" method=\"post\" class=\"wpcf7-form init\" aria-label=\"Formulario de contacto\" novalidate=\"novalidate\" data-status=\"init\">\n<div style=\"display: none;\">\n<input type=\"hidden\" name=\"_wpcf7\" value=\"7799\" \/>\n<input type=\"hidden\" name=\"_wpcf7_version\" value=\"5.9.6\" \/>\n<input type=\"hidden\" name=\"_wpcf7_locale\" value=\"es_ES\" \/>\n<input type=\"hidden\" name=\"_wpcf7_unit_tag\" value=\"wpcf7-f7799-o1\" \/>\n<input type=\"hidden\" name=\"_wpcf7_container_post\" value=\"0\" \/>\n<input type=\"hidden\" name=\"_wpcf7_posted_data_hash\" value=\"\" \/>\n<\/div>\n<div class=\"contact_form_sticky_cf7\">\n\t<h3 style=\"text-align:center;color:white;\">Consigue una Consulta Gratuita\n\t<\/h3>\n\t<p style=\"text-align:center;color:white;\">Por favor completa el formulario a continuaci\u00f3n y te contactaremos a la brevedad\n\t<\/p>\n\t<div class=\"contact-page1 row\">\n\t\t<div class=\"col-sm-6\">\n\t\t\t<p><span class=\"wpcf7-form-control-wrap\" data-name=\"nameeeee\"><input size=\"40\" maxlength=\"80\" class=\"wpcf7-form-control wpcf7-text wpcf7-validates-as-required\" aria-required=\"true\" aria-invalid=\"false\" placeholder=\"Tu nombre*\" value=\"\" type=\"text\" name=\"nameeeee\" \/><\/span>\n\t\t\t<\/p>\n\t\t<\/div>\n\t\t<div class=\"col-sm-6\">\n\t\t\t<p><span class=\"wpcf7-form-control-wrap\" data-name=\"emaillll\"><input size=\"40\" maxlength=\"80\" class=\"wpcf7-form-control wpcf7-email wpcf7-text wpcf7-validates-as-email\" aria-invalid=\"false\" placeholder=\"Tu correo electr\u00f3nico\" value=\"\" type=\"email\" name=\"emaillll\" \/><\/span>\n\t\t\t<\/p>\n\t\t<\/div>\n\t\t<div class=\"col-sm-12\" style=\"padding-bottom:20px;\">\n\t\t\t<p>[phonetext* phoneeee numberonly]\n\t\t\t<\/p>\n\t\t<\/div>\n\t\t<div class=\"col-sm-12\">\n\t\t\t<p><span class=\"wpcf7-form-control-wrap\" data-name=\"messageeeeee\"><textarea cols=\"40\" rows=\"10\" maxlength=\"400\" class=\"wpcf7-form-control wpcf7-textarea\" aria-invalid=\"false\" placeholder=\"Mensaje\" name=\"messageeeeee\"><\/textarea><\/span>\n\t\t\t<\/p>\n\t\t<\/div>\n\t<\/div>\n\t<p><input class=\"wpcf7-form-control wpcf7-submit has-spinner\" type=\"submit\" value=\"Enviar\" \/>\n\t<\/p>\n<\/div><div class=\"wpcf7-response-output\" aria-hidden=\"true\"><\/div>\n<\/form>\n<\/div>\n[\/vc_column][\/vc_row]<\/p>\n","protected":false},"excerpt":{"rendered":"<p>[vc_row][vc_column width=&#8221;2\/3&#8243;][vc_column_text]El lifting facial y de cuello con hilos tensores es un tratamiento rejuvenecedor que intenta corregir las se\u00f1ales del envejecimiento en el rostro y el cuello. Estos s\u00edntomas incluyen p\u00e9rdida de la elasticidad y aflojamiento de la piel, as\u00ed como la aparici\u00f3n de arrugas a medida que los m\u00fasculos de la cara y el&#8230;<\/p>\n","protected":false},"author":3,"featured_media":8700,"parent":0,"menu_order":0,"comment_status":"closed","ping_status":"closed","template":"","meta":{"footnotes":""},"class_list":["post-8156","page","type-page","status-publish","has-post-thumbnail","hentry"],"yoast_head":"<!-- This site is optimized with the Yoast SEO plugin v23.0 - https:\/\/yoast.com\/wordpress\/plugins\/seo\/ -->\n<title>Lifting Facial con Hilos - Inicio<\/title>\n<meta name=\"robots\" content=\"index, follow, max-snippet:-1, max-image-preview:large, max-video-preview:-1\" \/>\n<link rel=\"canonical\" href=\"https:\/\/estheteclinic.com\/face-lift-with-ropes\/\" \/>\n<meta property=\"og:locale\" content=\"es_ES\" \/>\n<meta property=\"og:type\" content=\"article\" \/>\n<meta property=\"og:title\" content=\"Lifting Facial con Hilos - Inicio\" \/>\n<meta property=\"og:description\" content=\"[vc_row][vc_column width=&#8221;2\/3&#8243;][vc_column_text]El lifting facial y de cuello con hilos tensores es un tratamiento rejuvenecedor que intenta corregir las se\u00f1ales del envejecimiento en el rostro y el cuello. Estos s\u00edntomas incluyen p\u00e9rdida de la elasticidad y aflojamiento de la piel, as\u00ed como la aparici\u00f3n de arrugas a medida que los m\u00fasculos de la cara y el...\" \/>\n<meta property=\"og:url\" content=\"https:\/\/estheteclinic.com\/face-lift-with-ropes\/\" \/>\n<meta property=\"og:site_name\" content=\"Inicio\" \/>\n<meta property=\"article:modified_time\" content=\"2021-11-29T06:58:42+00:00\" \/>\n<meta property=\"og:image\" content=\"https:\/\/estheteclinic.com\/wp-content\/uploads\/2021\/11\/face-lift-tt.jpg\" \/>\n\t<meta property=\"og:image:width\" content=\"2500\" \/>\n\t<meta property=\"og:image:height\" content=\"1043\" \/>\n\t<meta property=\"og:image:type\" content=\"image\/jpeg\" \/>\n<meta name=\"twitter:card\" content=\"summary_large_image\" \/>\n<meta name=\"twitter:label1\" content=\"Tiempo de lectura\" \/>\n\t<meta name=\"twitter:data1\" content=\"3 minutos\" \/>\n<script type=\"application\/ld+json\" class=\"yoast-schema-graph\">{\"@context\":\"https:\/\/schema.org\",\"@graph\":[{\"@type\":\"WebPage\",\"@id\":\"https:\/\/estheteclinic.com\/face-lift-with-ropes\/\",\"url\":\"https:\/\/estheteclinic.com\/face-lift-with-ropes\/\",\"name\":\"Lifting Facial con Hilos - Inicio\",\"isPartOf\":{\"@id\":\"https:\/\/estheteclinic.com\/#website\"},\"primaryImageOfPage\":{\"@id\":\"https:\/\/estheteclinic.com\/face-lift-with-ropes\/#primaryimage\"},\"image\":{\"@id\":\"https:\/\/estheteclinic.com\/face-lift-with-ropes\/#primaryimage\"},\"thumbnailUrl\":\"https:\/\/estheteclinic.com\/wp-content\/uploads\/2021\/11\/face-lift-tt.jpg\",\"datePublished\":\"2021-11-06T15:44:03+00:00\",\"dateModified\":\"2021-11-29T06:58:42+00:00\",\"breadcrumb\":{\"@id\":\"https:\/\/estheteclinic.com\/face-lift-with-ropes\/#breadcrumb\"},\"inLanguage\":\"es\",\"potentialAction\":[{\"@type\":\"ReadAction\",\"target\":[\"https:\/\/estheteclinic.com\/face-lift-with-ropes\/\"]}]},{\"@type\":\"ImageObject\",\"inLanguage\":\"es\",\"@id\":\"https:\/\/estheteclinic.com\/face-lift-with-ropes\/#primaryimage\",\"url\":\"https:\/\/estheteclinic.com\/wp-content\/uploads\/2021\/11\/face-lift-tt.jpg\",\"contentUrl\":\"https:\/\/estheteclinic.com\/wp-content\/uploads\/2021\/11\/face-lift-tt.jpg\",\"width\":2500,\"height\":1043,\"caption\":\"Face Lift With Ropes\"},{\"@type\":\"BreadcrumbList\",\"@id\":\"https:\/\/estheteclinic.com\/face-lift-with-ropes\/#breadcrumb\",\"itemListElement\":[{\"@type\":\"ListItem\",\"position\":1,\"name\":\"Home\",\"item\":\"https:\/\/estheteclinic.com\/es\/\"},{\"@type\":\"ListItem\",\"position\":2,\"name\":\"Lifting Facial con Hilos\"}]},{\"@type\":\"WebSite\",\"@id\":\"https:\/\/estheteclinic.com\/#website\",\"url\":\"https:\/\/estheteclinic.com\/\",\"name\":\"Inicio\",\"description\":\"Plastic Surgery &amp; Hair Transplant in Turkey\",\"potentialAction\":[{\"@type\":\"SearchAction\",\"target\":{\"@type\":\"EntryPoint\",\"urlTemplate\":\"https:\/\/estheteclinic.com\/?s={search_term_string}\"},\"query-input\":\"required name=search_term_string\"}],\"inLanguage\":\"es\"}]}<\/script>\n<!-- \/ Yoast SEO plugin. -->","yoast_head_json":{"title":"Lifting Facial con Hilos - Inicio","robots":{"index":"index","follow":"follow","max-snippet":"max-snippet:-1","max-image-preview":"max-image-preview:large","max-video-preview":"max-video-preview:-1"},"canonical":"https:\/\/estheteclinic.com\/face-lift-with-ropes\/","og_locale":"es_ES","og_type":"article","og_title":"Lifting Facial con Hilos - Inicio","og_description":"[vc_row][vc_column width=&#8221;2\/3&#8243;][vc_column_text]El lifting facial y de cuello con hilos tensores es un tratamiento rejuvenecedor que intenta corregir las se\u00f1ales del envejecimiento en el rostro y el cuello. Estos s\u00edntomas incluyen p\u00e9rdida de la elasticidad y aflojamiento de la piel, as\u00ed como la aparici\u00f3n de arrugas a medida que los m\u00fasculos de la cara y el...","og_url":"https:\/\/estheteclinic.com\/face-lift-with-ropes\/","og_site_name":"Inicio","article_modified_time":"2021-11-29T06:58:42+00:00","og_image":[{"width":2500,"height":1043,"url":"https:\/\/estheteclinic.com\/wp-content\/uploads\/2021\/11\/face-lift-tt.jpg","type":"image\/jpeg"}],"twitter_card":"summary_large_image","twitter_misc":{"Tiempo de lectura":"3 minutos"},"schema":{"@context":"https:\/\/schema.org","@graph":[{"@type":"WebPage","@id":"https:\/\/estheteclinic.com\/face-lift-with-ropes\/","url":"https:\/\/estheteclinic.com\/face-lift-with-ropes\/","name":"Lifting Facial con Hilos - Inicio","isPartOf":{"@id":"https:\/\/estheteclinic.com\/#website"},"primaryImageOfPage":{"@id":"https:\/\/estheteclinic.com\/face-lift-with-ropes\/#primaryimage"},"image":{"@id":"https:\/\/estheteclinic.com\/face-lift-with-ropes\/#primaryimage"},"thumbnailUrl":"https:\/\/estheteclinic.com\/wp-content\/uploads\/2021\/11\/face-lift-tt.jpg","datePublished":"2021-11-06T15:44:03+00:00","dateModified":"2021-11-29T06:58:42+00:00","breadcrumb":{"@id":"https:\/\/estheteclinic.com\/face-lift-with-ropes\/#breadcrumb"},"inLanguage":"es","potentialAction":[{"@type":"ReadAction","target":["https:\/\/estheteclinic.com\/face-lift-with-ropes\/"]}]},{"@type":"ImageObject","inLanguage":"es","@id":"https:\/\/estheteclinic.com\/face-lift-with-ropes\/#primaryimage","url":"https:\/\/estheteclinic.com\/wp-content\/uploads\/2021\/11\/face-lift-tt.jpg","contentUrl":"https:\/\/estheteclinic.com\/wp-content\/uploads\/2021\/11\/face-lift-tt.jpg","width":2500,"height":1043,"caption":"Face Lift With Ropes"},{"@type":"BreadcrumbList","@id":"https:\/\/estheteclinic.com\/face-lift-with-ropes\/#breadcrumb","itemListElement":[{"@type":"ListItem","position":1,"name":"Home","item":"https:\/\/estheteclinic.com\/es\/"},{"@type":"ListItem","position":2,"name":"Lifting Facial con Hilos"}]},{"@type":"WebSite","@id":"https:\/\/estheteclinic.com\/#website","url":"https:\/\/estheteclinic.com\/","name":"Inicio","description":"Plastic Surgery &amp; Hair Transplant in Turkey","potentialAction":[{"@type":"SearchAction","target":{"@type":"EntryPoint","urlTemplate":"https:\/\/estheteclinic.com\/?s={search_term_string}"},"query-input":"required name=search_term_string"}],"inLanguage":"es"}]}},"_links":{"self":[{"href":"https:\/\/estheteclinic.com\/es\/wp-json\/wp\/v2\/pages\/8156","targetHints":{"allow":["GET"]}}],"collection":[{"href":"https:\/\/estheteclinic.com\/es\/wp-json\/wp\/v2\/pages"}],"about":[{"href":"https:\/\/estheteclinic.com\/es\/wp-json\/wp\/v2\/types\/page"}],"author":[{"embeddable":true,"href":"https:\/\/estheteclinic.com\/es\/wp-json\/wp\/v2\/users\/3"}],"replies":[{"embeddable":true,"href":"https:\/\/estheteclinic.com\/es\/wp-json\/wp\/v2\/comments?post=8156"}],"version-history":[{"count":2,"href":"https:\/\/estheteclinic.com\/es\/wp-json\/wp\/v2\/pages\/8156\/revisions"}],"predecessor-version":[{"id":8704,"href":"https:\/\/estheteclinic.com\/es\/wp-json\/wp\/v2\/pages\/8156\/revisions\/8704"}],"wp:featuredmedia":[{"embeddable":true,"href":"https:\/\/estheteclinic.com\/es\/wp-json\/wp\/v2\/media\/8700"}],"wp:attachment":[{"href":"https:\/\/estheteclinic.com\/es\/wp-json\/wp\/v2\/media?parent=8156"}],"curies":[{"name":"wp","href":"https:\/\/api.w.org\/{rel}","templated":true}]}}