{"id":8164,"date":"2021-11-06T18:01:03","date_gmt":"2021-11-06T18:01:03","guid":{"rendered":"http:\/\/estheteclinic.com\/?page_id=8164"},"modified":"2021-11-06T18:01:03","modified_gmt":"2021-11-06T18:01:03","slug":"cirugias-faciales","status":"publish","type":"page","link":"https:\/\/estheteclinic.com\/es\/cirugias-faciales\/","title":{"rendered":"Cirug\u00edas Faciales"},"content":{"rendered":"<p>[vc_row][vc_column width=&#8221;2\/3&#8243;][vc_column_text]Usando las tecnolog\u00edas m\u00e1s avanzadas, el modelado y las cirug\u00edas del rostro en nuestro hospital integral, podemos ayudarte a alcanzar tus metas est\u00e9ticas. Nuestros m\u00e9dicos en el hospital Esthete Clinic cuentan con todas las herrami                entas necesarias para garantizar tu comodidad y seguridad en todos los \u00e1mbitos, desde la higiene y la tecnolog\u00eda, hasta servicios cordiales y un entorno transparente e informativo. Te garantizamos que conseguir\u00e1s los resultados que anhelas con un m\u00ednimo de incomodidad y con la menor cantidad posible de efectos secundarios.<\/p>\n<p>&nbsp;<\/p>\n<p>Tambi\u00e9n usamos softwares modernos con los cuales nuestros cirujanos pueden visualizar c\u00f3mo quedar\u00e1 tu rostro despu\u00e9s del procedimiento durante la consulta gratuita en persona.<\/p>\n<p>&nbsp;<\/p>\n<p>Con muchas d\u00e9cadas de experiencia, sabemos c\u00f3mo hacer que luzca natural.[\/vc_column_text][\/vc_column][vc_column width=&#8221;1\/3&#8243; el_class=&#8221;sticky_contact_form_ttttt&#8221;]\n<div class=\"wpcf7 no-js\" id=\"wpcf7-f7799-o1\" lang=\"es-ES\" dir=\"ltr\">\n<div class=\"screen-reader-response\"><p role=\"status\" aria-live=\"polite\" aria-atomic=\"true\"><\/p> <ul><\/ul><\/div>\n<form action=\"\/es\/wp-json\/wp\/v2\/pages\/8164#wpcf7-f7799-o1\" method=\"post\" class=\"wpcf7-form init\" aria-label=\"Formulario de contacto\" novalidate=\"novalidate\" data-status=\"init\">\n<div style=\"display: none;\">\n<input type=\"hidden\" name=\"_wpcf7\" value=\"7799\" \/>\n<input type=\"hidden\" name=\"_wpcf7_version\" value=\"5.9.6\" \/>\n<input type=\"hidden\" name=\"_wpcf7_locale\" value=\"es_ES\" \/>\n<input type=\"hidden\" name=\"_wpcf7_unit_tag\" value=\"wpcf7-f7799-o1\" \/>\n<input type=\"hidden\" name=\"_wpcf7_container_post\" value=\"0\" \/>\n<input type=\"hidden\" name=\"_wpcf7_posted_data_hash\" value=\"\" \/>\n<\/div>\n<div class=\"contact_form_sticky_cf7\">\n\t<h3 style=\"text-align:center;color:white;\">Consigue una Consulta Gratuita\n\t<\/h3>\n\t<p style=\"text-align:center;color:white;\">Por favor completa el formulario a continuaci\u00f3n y te contactaremos a la brevedad\n\t<\/p>\n\t<div class=\"contact-page1 row\">\n\t\t<div class=\"col-sm-6\">\n\t\t\t<p><span class=\"wpcf7-form-control-wrap\" data-name=\"nameeeee\"><input size=\"40\" maxlength=\"80\" class=\"wpcf7-form-control wpcf7-text wpcf7-validates-as-required\" aria-required=\"true\" aria-invalid=\"false\" placeholder=\"Tu nombre*\" value=\"\" type=\"text\" name=\"nameeeee\" \/><\/span>\n\t\t\t<\/p>\n\t\t<\/div>\n\t\t<div class=\"col-sm-6\">\n\t\t\t<p><span class=\"wpcf7-form-control-wrap\" data-name=\"emaillll\"><input size=\"40\" maxlength=\"80\" class=\"wpcf7-form-control wpcf7-email wpcf7-text wpcf7-validates-as-email\" aria-invalid=\"false\" placeholder=\"Tu correo electr\u00f3nico\" value=\"\" type=\"email\" name=\"emaillll\" \/><\/span>\n\t\t\t<\/p>\n\t\t<\/div>\n\t\t<div class=\"col-sm-12\" style=\"padding-bottom:20px;\">\n\t\t\t<p>[phonetext* phoneeee numberonly]\n\t\t\t<\/p>\n\t\t<\/div>\n\t\t<div class=\"col-sm-12\">\n\t\t\t<p><span class=\"wpcf7-form-control-wrap\" data-name=\"messageeeeee\"><textarea cols=\"40\" rows=\"10\" maxlength=\"400\" class=\"wpcf7-form-control wpcf7-textarea\" aria-invalid=\"false\" placeholder=\"Mensaje\" name=\"messageeeeee\"><\/textarea><\/span>\n\t\t\t<\/p>\n\t\t<\/div>\n\t<\/div>\n\t<p><input class=\"wpcf7-form-control wpcf7-submit has-spinner\" type=\"submit\" value=\"Enviar\" \/>\n\t<\/p>\n<\/div><div class=\"wpcf7-response-output\" aria-hidden=\"true\"><\/div>\n<\/form>\n<\/div>\n[\/vc_column][\/vc_row]<\/p>\n","protected":false},"excerpt":{"rendered":"<p>[vc_row][vc_column width=&#8221;2\/3&#8243;][vc_column_text]Usando las tecnolog\u00edas m\u00e1s avanzadas, el modelado y las cirug\u00edas del rostro en nuestro hospital integral, podemos ayudarte a alcanzar tus metas est\u00e9ticas. Nuestros m\u00e9dicos en el hospital Esthete Clinic cuentan con todas las herrami entas necesarias para garantizar tu comodidad y seguridad en todos los \u00e1mbitos, desde la higiene y la tecnolog\u00eda, hasta&#8230;<\/p>\n","protected":false},"author":3,"featured_media":0,"parent":0,"menu_order":0,"comment_status":"closed","ping_status":"closed","template":"","meta":{"footnotes":""},"class_list":["post-8164","page","type-page","status-publish","hentry"],"yoast_head":"<!-- This site is optimized with the Yoast SEO plugin v23.0 - https:\/\/yoast.com\/wordpress\/plugins\/seo\/ -->\n<title>Cirug\u00edas Faciales - Inicio<\/title>\n<meta name=\"robots\" content=\"index, follow, max-snippet:-1, max-image-preview:large, max-video-preview:-1\" \/>\n<link rel=\"canonical\" href=\"https:\/\/estheteclinic.com\/face-surgeries\/\" \/>\n<meta property=\"og:locale\" content=\"es_ES\" \/>\n<meta property=\"og:type\" content=\"article\" \/>\n<meta property=\"og:title\" content=\"Cirug\u00edas Faciales - Inicio\" \/>\n<meta property=\"og:description\" content=\"[vc_row][vc_column width=&#8221;2\/3&#8243;][vc_column_text]Usando las tecnolog\u00edas m\u00e1s avanzadas, el modelado y las cirug\u00edas del rostro en nuestro hospital integral, podemos ayudarte a alcanzar tus metas est\u00e9ticas. Nuestros m\u00e9dicos en el hospital Esthete Clinic cuentan con todas las herrami entas necesarias para garantizar tu comodidad y seguridad en todos los \u00e1mbitos, desde la higiene y la tecnolog\u00eda, hasta...\" \/>\n<meta property=\"og:url\" content=\"https:\/\/estheteclinic.com\/face-surgeries\/\" \/>\n<meta property=\"og:site_name\" content=\"Inicio\" \/>\n<meta name=\"twitter:card\" content=\"summary_large_image\" \/>\n<meta name=\"twitter:label1\" content=\"Tiempo de lectura\" \/>\n\t<meta name=\"twitter:data1\" content=\"1 minuto\" \/>\n<script type=\"application\/ld+json\" class=\"yoast-schema-graph\">{\"@context\":\"https:\/\/schema.org\",\"@graph\":[{\"@type\":\"WebPage\",\"@id\":\"https:\/\/estheteclinic.com\/face-surgeries\/\",\"url\":\"https:\/\/estheteclinic.com\/face-surgeries\/\",\"name\":\"Cirug\u00edas Faciales - Inicio\",\"isPartOf\":{\"@id\":\"https:\/\/estheteclinic.com\/#website\"},\"datePublished\":\"2021-11-06T18:01:03+00:00\",\"dateModified\":\"2021-11-06T18:01:03+00:00\",\"breadcrumb\":{\"@id\":\"https:\/\/estheteclinic.com\/face-surgeries\/#breadcrumb\"},\"inLanguage\":\"es\",\"potentialAction\":[{\"@type\":\"ReadAction\",\"target\":[\"https:\/\/estheteclinic.com\/face-surgeries\/\"]}]},{\"@type\":\"BreadcrumbList\",\"@id\":\"https:\/\/estheteclinic.com\/face-surgeries\/#breadcrumb\",\"itemListElement\":[{\"@type\":\"ListItem\",\"position\":1,\"name\":\"Home\",\"item\":\"https:\/\/estheteclinic.com\/es\/\"},{\"@type\":\"ListItem\",\"position\":2,\"name\":\"Cirug\u00edas Faciales\"}]},{\"@type\":\"WebSite\",\"@id\":\"https:\/\/estheteclinic.com\/#website\",\"url\":\"https:\/\/estheteclinic.com\/\",\"name\":\"Inicio\",\"description\":\"Plastic Surgery &amp; Hair Transplant in Turkey\",\"potentialAction\":[{\"@type\":\"SearchAction\",\"target\":{\"@type\":\"EntryPoint\",\"urlTemplate\":\"https:\/\/estheteclinic.com\/?s={search_term_string}\"},\"query-input\":\"required name=search_term_string\"}],\"inLanguage\":\"es\"}]}<\/script>\n<!-- \/ Yoast SEO plugin. -->","yoast_head_json":{"title":"Cirug\u00edas Faciales - Inicio","robots":{"index":"index","follow":"follow","max-snippet":"max-snippet:-1","max-image-preview":"max-image-preview:large","max-video-preview":"max-video-preview:-1"},"canonical":"https:\/\/estheteclinic.com\/face-surgeries\/","og_locale":"es_ES","og_type":"article","og_title":"Cirug\u00edas Faciales - Inicio","og_description":"[vc_row][vc_column width=&#8221;2\/3&#8243;][vc_column_text]Usando las tecnolog\u00edas m\u00e1s avanzadas, el modelado y las cirug\u00edas del rostro en nuestro hospital integral, podemos ayudarte a alcanzar tus metas est\u00e9ticas. Nuestros m\u00e9dicos en el hospital Esthete Clinic cuentan con todas las herrami entas necesarias para garantizar tu comodidad y seguridad en todos los \u00e1mbitos, desde la higiene y la tecnolog\u00eda, hasta...","og_url":"https:\/\/estheteclinic.com\/face-surgeries\/","og_site_name":"Inicio","twitter_card":"summary_large_image","twitter_misc":{"Tiempo de lectura":"1 minuto"},"schema":{"@context":"https:\/\/schema.org","@graph":[{"@type":"WebPage","@id":"https:\/\/estheteclinic.com\/face-surgeries\/","url":"https:\/\/estheteclinic.com\/face-surgeries\/","name":"Cirug\u00edas Faciales - Inicio","isPartOf":{"@id":"https:\/\/estheteclinic.com\/#website"},"datePublished":"2021-11-06T18:01:03+00:00","dateModified":"2021-11-06T18:01:03+00:00","breadcrumb":{"@id":"https:\/\/estheteclinic.com\/face-surgeries\/#breadcrumb"},"inLanguage":"es","potentialAction":[{"@type":"ReadAction","target":["https:\/\/estheteclinic.com\/face-surgeries\/"]}]},{"@type":"BreadcrumbList","@id":"https:\/\/estheteclinic.com\/face-surgeries\/#breadcrumb","itemListElement":[{"@type":"ListItem","position":1,"name":"Home","item":"https:\/\/estheteclinic.com\/es\/"},{"@type":"ListItem","position":2,"name":"Cirug\u00edas Faciales"}]},{"@type":"WebSite","@id":"https:\/\/estheteclinic.com\/#website","url":"https:\/\/estheteclinic.com\/","name":"Inicio","description":"Plastic Surgery &amp; Hair Transplant in Turkey","potentialAction":[{"@type":"SearchAction","target":{"@type":"EntryPoint","urlTemplate":"https:\/\/estheteclinic.com\/?s={search_term_string}"},"query-input":"required name=search_term_string"}],"inLanguage":"es"}]}},"_links":{"self":[{"href":"https:\/\/estheteclinic.com\/es\/wp-json\/wp\/v2\/pages\/8164","targetHints":{"allow":["GET"]}}],"collection":[{"href":"https:\/\/estheteclinic.com\/es\/wp-json\/wp\/v2\/pages"}],"about":[{"href":"https:\/\/estheteclinic.com\/es\/wp-json\/wp\/v2\/types\/page"}],"author":[{"embeddable":true,"href":"https:\/\/estheteclinic.com\/es\/wp-json\/wp\/v2\/users\/3"}],"replies":[{"embeddable":true,"href":"https:\/\/estheteclinic.com\/es\/wp-json\/wp\/v2\/comments?post=8164"}],"version-history":[{"count":1,"href":"https:\/\/estheteclinic.com\/es\/wp-json\/wp\/v2\/pages\/8164\/revisions"}],"predecessor-version":[{"id":8165,"href":"https:\/\/estheteclinic.com\/es\/wp-json\/wp\/v2\/pages\/8164\/revisions\/8165"}],"wp:attachment":[{"href":"https:\/\/estheteclinic.com\/es\/wp-json\/wp\/v2\/media?parent=8164"}],"curies":[{"name":"wp","href":"https:\/\/api.w.org\/{rel}","templated":true}]}}