{"id":8174,"date":"2021-11-06T18:03:19","date_gmt":"2021-11-06T18:03:19","guid":{"rendered":"http:\/\/estheteclinic.com\/?page_id=8174"},"modified":"2021-11-26T14:28:26","modified_gmt":"2021-11-26T14:28:26","slug":"ginecomastia","status":"publish","type":"page","link":"https:\/\/estheteclinic.com\/es\/ginecomastia\/","title":{"rendered":"Ginecomastia"},"content":{"rendered":"<p>[vc_row][vc_column width=&#8221;2\/3&#8243;][vc_column_text]Durante la adolescencia, es natural que algunos hombres experimenten un crecimiento alrededor del percho como resultado de cambios hormonales. Estos cambios com\u00fanmente son temporales y desaparecen m\u00e1s adelante, pero cuando se vuelven permanente, probablemente est\u00e9s lidiando con una condici\u00f3n conocida como ginecomastia.<\/p>\n<p>La ginecomastia no tiene complicaciones graves para la salud, pero es una fuente de problemas de autoestima entre los afectados e impacta negativamente en las elecciones del estilo de vida, desde la vestimenta hasta la postura.<\/p>\n<p>A pesar de que la ginecomastia mayormente ocurre como se describi\u00f3 arriba, a veces pueden presentarse casos de ginecomastia unilateral o bilateral, dependiendo de los cambios hormonales, debido a formaci\u00f3n de tumores o como efecto secundario de medicamentos particulares. La ginecomastia cl\u00e1sica ocurre en la adolescencia, pero hay otras condiciones que pueden activar el desarrollo de ginecomastia a cualquier edad.<\/p>\n<h2><strong>Candidatos para la Cirug\u00eda de Ginecomastia<\/strong><\/h2>\n<ul>\n<li>Hombres dentro de un rango de peso saludable.<\/li>\n<li>Hombres con un crecimiento anormal del pecho.<\/li>\n<li>Hombres con pechos ca\u00eddos.<\/li>\n<li>Hombres sanos y sin condiciones mortales.<\/li>\n<\/ul>\n<h2><strong>Preparaci\u00f3n para la Ginecomastia<\/strong><\/h2>\n<p>Las preparaciones para la cirug\u00eda de ginecomastia involucran la inspecci\u00f3n de tu historial m\u00e9dico, pruebas por im\u00e1genes como MRI o ultrasonido, y an\u00e1lisis hormonales.<\/p>\n<p>Definir la causa subyacente de la ginecomastia es una etapa cr\u00edtica para comenzar con el plan de tratamiento adecuado.<\/p>\n<p>Estos son los pasos que debes seguir en las semanas previas a tu cirug\u00eda de ginecomastia:<\/p>\n<ul>\n<li>No tomes aspirina ni medicamentos que contengan aspirina 10 d\u00edas antes de la cirug\u00eda.<\/li>\n<li>Informa a tu m\u00e9dico si sufres condiciones cr\u00f3nicas y los medicamentos que est\u00e1s tomando.<\/li>\n<li>No fumes tabaco, ingieras alcohol ni consumas ning\u00fan tipo de estimulante 2 semanas antes de la ginecomastia.<\/li>\n<\/ul>\n<h2><strong>Los 3 tipos de ginecomastia<\/strong><\/h2>\n<p>En la etapa uno de la ginecomastia, los s\u00edntomas est\u00e1n presentes pero no son graves. No hay piel fl\u00e1cida ni ca\u00edda en el \u00e1rea.<\/p>\n<p>En la segunda etapa, el tejido del pecho comienza a lucir como un gran seno de mujer, pero la piel no presenta flacidez.<\/p>\n<p>En la tercera etapa de la ginecomastia, hay piel adicional y flacidez en el \u00e1rea, lo cual requiere tratamiento.<\/p>\n<h2><strong>Procedimiento de Ginecomastia<\/strong><\/h2>\n<h3><strong>Pre-cirug\u00eda<\/strong><\/h3>\n<p>Nuestros cirujanos comenzar\u00e1n esterilizando el \u00e1rea y haciendo las marcas necesarias en tu pecho para planificar la cirug\u00eda. Seguidamente, nuestros anestesi\u00f3logos te administrar\u00e1n anestesia, que podr\u00e1 ser local o general, dependiendo de tu plan de tratamiento.<\/p>\n<h3><strong>Cirug\u00eda<\/strong><\/h3>\n<p>Es importante conocer la etapa de la ginecomastia para crear el plan de tratamiento. Si se trata de una ginecomastia en etapa uno, bastar\u00e1 con aplicar una liposucci\u00f3n.<\/p>\n<p>Si la estructura del seno consiste en sobrecrecimiento de tejidos dentro de la gl\u00e1ndula mamaria, adem\u00e1s de tejido adiposo, como ocurre con la ginecomastia de segunda etapa, el plan de tratamiento involucra la eliminaci\u00f3n del tejido con una peque\u00f1a incisi\u00f3n alrededor del pez\u00f3n.<\/p>\n<p>Si hay flacidez de la piel en estado avanzado en una ginecomastia de tercera etapa, se deben esbozar un plan quir\u00fargico que retire el exceso de piel. Se aplicar\u00e1 una liposucci\u00f3n, seguida de la eliminaci\u00f3n del exceso de piel. La segunda opci\u00f3n incluye la extirpaci\u00f3n quir\u00fargica de los excesos de tejidos.<\/p>\n<h3><strong>Post-cirug\u00eda<\/strong><\/h3>\n<p>Si tu cirug\u00eda de ginecomastia fue invasiva, tendr\u00e1s drenajes debajo de tus vendajes del pecho. El objetivo de los drenajes es retirar suero o sangre que pueda acumularse en la zona de la operaci\u00f3n y evitar complicaciones asociadas. El drenaje normalmente se retira tras 24 a 48 horas.<\/p>\n<h2><strong>Recuperaci\u00f3n de la Ginecomastia<\/strong><\/h2>\n<p>Tendr\u00e1s que utilizar vendajes el\u00e1sticos justo despu\u00e9s de la cirug\u00eda, y transcurridos 4 o 5 d\u00edas, tendr\u00e1s que utilizar una camisa de compresi\u00f3n especial en su lugar, plazo que se extender\u00e1 por tres semanas, en las cuales debes ser consistente y seguir las instrucciones del m\u00e9dico.<\/p>\n<p>Los primeros d\u00edas despu\u00e9s de la operaci\u00f3n posiblemente ocurra edema, sensibilidad, dolor e incluso hematomas en el \u00e1rea de tratamiento. Estos s\u00edntomas normalmente comienzan a desaparecer gradualmente despu\u00e9s de 2 o 3 d\u00edas.<\/p>\n<p>De vez en cuando, podr\u00e1 ocurrir entumecimiento o sensaci\u00f3n de ardor en el \u00e1rea.<\/p>\n<p>En las siguientes 6 semanas deber\u00e1s evitar actividades que puedan causar edema, como ba\u00f1os de vapor, saunas y solarios. Asimismo, ser\u00e1 necesario evitar ejercicios intensos o cualquier actividad que involucre movimientos bruscos.<\/p>\n<p>No debes fumar ni tomar alcohol dos semanas antes de la ginecomastia.<\/p>\n<h2><strong>Duraci\u00f3n de la Cirug\u00eda de Ginecomastia<\/strong><\/h2>\n<p>La cirug\u00eda de ginecomastia, en promedio, puede durar de una a cinco horas, dependiendo del tipo y la etapa de la condici\u00f3n.<\/p>\n<h2><strong>Resultados de la Ginecomastia<\/strong><\/h2>\n<p>Los resultados de la ginecomastia son inmediatos, pero mejorar\u00e1n con el paso del tiempo. Adem\u00e1s son duraderos, siempre y cuando mantengas un peso estable para evitar el desarrollo de la piel alrededor del pecho.[\/vc_column_text][\/vc_column][vc_column width=&#8221;1\/3&#8243; el_class=&#8221;sticky_contact_form_ttttt&#8221;]\n<div class=\"wpcf7 no-js\" id=\"wpcf7-f7799-o1\" lang=\"es-ES\" dir=\"ltr\">\n<div class=\"screen-reader-response\"><p role=\"status\" aria-live=\"polite\" aria-atomic=\"true\"><\/p> <ul><\/ul><\/div>\n<form action=\"\/es\/wp-json\/wp\/v2\/pages\/8174#wpcf7-f7799-o1\" method=\"post\" class=\"wpcf7-form init\" aria-label=\"Formulario de contacto\" novalidate=\"novalidate\" data-status=\"init\">\n<div style=\"display: none;\">\n<input type=\"hidden\" name=\"_wpcf7\" value=\"7799\" \/>\n<input type=\"hidden\" name=\"_wpcf7_version\" value=\"5.9.6\" \/>\n<input type=\"hidden\" name=\"_wpcf7_locale\" value=\"es_ES\" \/>\n<input type=\"hidden\" name=\"_wpcf7_unit_tag\" value=\"wpcf7-f7799-o1\" \/>\n<input type=\"hidden\" name=\"_wpcf7_container_post\" value=\"0\" \/>\n<input type=\"hidden\" name=\"_wpcf7_posted_data_hash\" value=\"\" \/>\n<\/div>\n<div class=\"contact_form_sticky_cf7\">\n\t<h3 style=\"text-align:center;color:white;\">Consigue una Consulta Gratuita\n\t<\/h3>\n\t<p style=\"text-align:center;color:white;\">Por favor completa el formulario a continuaci\u00f3n y te contactaremos a la brevedad\n\t<\/p>\n\t<div class=\"contact-page1 row\">\n\t\t<div class=\"col-sm-6\">\n\t\t\t<p><span class=\"wpcf7-form-control-wrap\" data-name=\"nameeeee\"><input size=\"40\" maxlength=\"80\" class=\"wpcf7-form-control wpcf7-text wpcf7-validates-as-required\" aria-required=\"true\" aria-invalid=\"false\" placeholder=\"Tu nombre*\" value=\"\" type=\"text\" name=\"nameeeee\" \/><\/span>\n\t\t\t<\/p>\n\t\t<\/div>\n\t\t<div class=\"col-sm-6\">\n\t\t\t<p><span class=\"wpcf7-form-control-wrap\" data-name=\"emaillll\"><input size=\"40\" maxlength=\"80\" class=\"wpcf7-form-control wpcf7-email wpcf7-text wpcf7-validates-as-email\" aria-invalid=\"false\" placeholder=\"Tu correo electr\u00f3nico\" value=\"\" type=\"email\" name=\"emaillll\" \/><\/span>\n\t\t\t<\/p>\n\t\t<\/div>\n\t\t<div class=\"col-sm-12\" style=\"padding-bottom:20px;\">\n\t\t\t<p>[phonetext* phoneeee numberonly]\n\t\t\t<\/p>\n\t\t<\/div>\n\t\t<div class=\"col-sm-12\">\n\t\t\t<p><span class=\"wpcf7-form-control-wrap\" data-name=\"messageeeeee\"><textarea cols=\"40\" rows=\"10\" maxlength=\"400\" class=\"wpcf7-form-control wpcf7-textarea\" aria-invalid=\"false\" placeholder=\"Mensaje\" name=\"messageeeeee\"><\/textarea><\/span>\n\t\t\t<\/p>\n\t\t<\/div>\n\t<\/div>\n\t<p><input class=\"wpcf7-form-control wpcf7-submit has-spinner\" type=\"submit\" value=\"Enviar\" \/>\n\t<\/p>\n<\/div><div class=\"wpcf7-response-output\" aria-hidden=\"true\"><\/div>\n<\/form>\n<\/div>\n[\/vc_column][\/vc_row]<\/p>\n","protected":false},"excerpt":{"rendered":"<p>[vc_row][vc_column width=&#8221;2\/3&#8243;][vc_column_text]Durante la adolescencia, es natural que algunos hombres experimenten un crecimiento alrededor del percho como resultado de cambios hormonales. Estos cambios com\u00fanmente son temporales y desaparecen m\u00e1s adelante, pero cuando se vuelven permanente, probablemente est\u00e9s lidiando con una condici\u00f3n conocida como ginecomastia. La ginecomastia no tiene complicaciones graves para la salud, pero es una&#8230;<\/p>\n","protected":false},"author":3,"featured_media":8674,"parent":0,"menu_order":0,"comment_status":"closed","ping_status":"closed","template":"","meta":{"footnotes":""},"class_list":["post-8174","page","type-page","status-publish","has-post-thumbnail","hentry"],"yoast_head":"<!-- This site is optimized with the Yoast SEO plugin v23.0 - https:\/\/yoast.com\/wordpress\/plugins\/seo\/ -->\n<title>Ginecomastia - Inicio<\/title>\n<meta name=\"robots\" content=\"index, follow, max-snippet:-1, max-image-preview:large, max-video-preview:-1\" \/>\n<link rel=\"canonical\" href=\"https:\/\/estheteclinic.com\/gynecomastia\/\" \/>\n<meta property=\"og:locale\" content=\"es_ES\" \/>\n<meta property=\"og:type\" content=\"article\" \/>\n<meta property=\"og:title\" content=\"Ginecomastia - Inicio\" \/>\n<meta property=\"og:description\" content=\"[vc_row][vc_column width=&#8221;2\/3&#8243;][vc_column_text]Durante la adolescencia, es natural que algunos hombres experimenten un crecimiento alrededor del percho como resultado de cambios hormonales. Estos cambios com\u00fanmente son temporales y desaparecen m\u00e1s adelante, pero cuando se vuelven permanente, probablemente est\u00e9s lidiando con una condici\u00f3n conocida como ginecomastia. La ginecomastia no tiene complicaciones graves para la salud, pero es una...\" \/>\n<meta property=\"og:url\" content=\"https:\/\/estheteclinic.com\/gynecomastia\/\" \/>\n<meta property=\"og:site_name\" content=\"Inicio\" \/>\n<meta property=\"article:modified_time\" content=\"2021-11-26T14:28:26+00:00\" \/>\n<meta property=\"og:image\" content=\"https:\/\/estheteclinic.com\/wp-content\/uploads\/2021\/11\/GYNECOMASTIA.jpg\" \/>\n\t<meta property=\"og:image:width\" content=\"2500\" \/>\n\t<meta property=\"og:image:height\" content=\"822\" \/>\n\t<meta property=\"og:image:type\" content=\"image\/jpeg\" \/>\n<meta name=\"twitter:card\" content=\"summary_large_image\" \/>\n<meta name=\"twitter:label1\" content=\"Tiempo de lectura\" \/>\n\t<meta name=\"twitter:data1\" content=\"4 minutos\" \/>\n<script type=\"application\/ld+json\" class=\"yoast-schema-graph\">{\"@context\":\"https:\/\/schema.org\",\"@graph\":[{\"@type\":\"WebPage\",\"@id\":\"https:\/\/estheteclinic.com\/gynecomastia\/\",\"url\":\"https:\/\/estheteclinic.com\/gynecomastia\/\",\"name\":\"Ginecomastia - Inicio\",\"isPartOf\":{\"@id\":\"https:\/\/estheteclinic.com\/#website\"},\"primaryImageOfPage\":{\"@id\":\"https:\/\/estheteclinic.com\/gynecomastia\/#primaryimage\"},\"image\":{\"@id\":\"https:\/\/estheteclinic.com\/gynecomastia\/#primaryimage\"},\"thumbnailUrl\":\"https:\/\/estheteclinic.com\/wp-content\/uploads\/2021\/11\/GYNECOMASTIA.jpg\",\"datePublished\":\"2021-11-06T18:03:19+00:00\",\"dateModified\":\"2021-11-26T14:28:26+00:00\",\"breadcrumb\":{\"@id\":\"https:\/\/estheteclinic.com\/gynecomastia\/#breadcrumb\"},\"inLanguage\":\"es\",\"potentialAction\":[{\"@type\":\"ReadAction\",\"target\":[\"https:\/\/estheteclinic.com\/gynecomastia\/\"]}]},{\"@type\":\"ImageObject\",\"inLanguage\":\"es\",\"@id\":\"https:\/\/estheteclinic.com\/gynecomastia\/#primaryimage\",\"url\":\"https:\/\/estheteclinic.com\/wp-content\/uploads\/2021\/11\/GYNECOMASTIA.jpg\",\"contentUrl\":\"https:\/\/estheteclinic.com\/wp-content\/uploads\/2021\/11\/GYNECOMASTIA.jpg\",\"width\":2500,\"height\":822,\"caption\":\"Gynecomastia\"},{\"@type\":\"BreadcrumbList\",\"@id\":\"https:\/\/estheteclinic.com\/gynecomastia\/#breadcrumb\",\"itemListElement\":[{\"@type\":\"ListItem\",\"position\":1,\"name\":\"Home\",\"item\":\"https:\/\/estheteclinic.com\/es\/\"},{\"@type\":\"ListItem\",\"position\":2,\"name\":\"Ginecomastia\"}]},{\"@type\":\"WebSite\",\"@id\":\"https:\/\/estheteclinic.com\/#website\",\"url\":\"https:\/\/estheteclinic.com\/\",\"name\":\"Inicio\",\"description\":\"Plastic Surgery &amp; Hair Transplant in Turkey\",\"potentialAction\":[{\"@type\":\"SearchAction\",\"target\":{\"@type\":\"EntryPoint\",\"urlTemplate\":\"https:\/\/estheteclinic.com\/?s={search_term_string}\"},\"query-input\":\"required name=search_term_string\"}],\"inLanguage\":\"es\"}]}<\/script>\n<!-- \/ Yoast SEO plugin. -->","yoast_head_json":{"title":"Ginecomastia - Inicio","robots":{"index":"index","follow":"follow","max-snippet":"max-snippet:-1","max-image-preview":"max-image-preview:large","max-video-preview":"max-video-preview:-1"},"canonical":"https:\/\/estheteclinic.com\/gynecomastia\/","og_locale":"es_ES","og_type":"article","og_title":"Ginecomastia - Inicio","og_description":"[vc_row][vc_column width=&#8221;2\/3&#8243;][vc_column_text]Durante la adolescencia, es natural que algunos hombres experimenten un crecimiento alrededor del percho como resultado de cambios hormonales. Estos cambios com\u00fanmente son temporales y desaparecen m\u00e1s adelante, pero cuando se vuelven permanente, probablemente est\u00e9s lidiando con una condici\u00f3n conocida como ginecomastia. La ginecomastia no tiene complicaciones graves para la salud, pero es una...","og_url":"https:\/\/estheteclinic.com\/gynecomastia\/","og_site_name":"Inicio","article_modified_time":"2021-11-26T14:28:26+00:00","og_image":[{"width":2500,"height":822,"url":"https:\/\/estheteclinic.com\/wp-content\/uploads\/2021\/11\/GYNECOMASTIA.jpg","type":"image\/jpeg"}],"twitter_card":"summary_large_image","twitter_misc":{"Tiempo de lectura":"4 minutos"},"schema":{"@context":"https:\/\/schema.org","@graph":[{"@type":"WebPage","@id":"https:\/\/estheteclinic.com\/gynecomastia\/","url":"https:\/\/estheteclinic.com\/gynecomastia\/","name":"Ginecomastia - Inicio","isPartOf":{"@id":"https:\/\/estheteclinic.com\/#website"},"primaryImageOfPage":{"@id":"https:\/\/estheteclinic.com\/gynecomastia\/#primaryimage"},"image":{"@id":"https:\/\/estheteclinic.com\/gynecomastia\/#primaryimage"},"thumbnailUrl":"https:\/\/estheteclinic.com\/wp-content\/uploads\/2021\/11\/GYNECOMASTIA.jpg","datePublished":"2021-11-06T18:03:19+00:00","dateModified":"2021-11-26T14:28:26+00:00","breadcrumb":{"@id":"https:\/\/estheteclinic.com\/gynecomastia\/#breadcrumb"},"inLanguage":"es","potentialAction":[{"@type":"ReadAction","target":["https:\/\/estheteclinic.com\/gynecomastia\/"]}]},{"@type":"ImageObject","inLanguage":"es","@id":"https:\/\/estheteclinic.com\/gynecomastia\/#primaryimage","url":"https:\/\/estheteclinic.com\/wp-content\/uploads\/2021\/11\/GYNECOMASTIA.jpg","contentUrl":"https:\/\/estheteclinic.com\/wp-content\/uploads\/2021\/11\/GYNECOMASTIA.jpg","width":2500,"height":822,"caption":"Gynecomastia"},{"@type":"BreadcrumbList","@id":"https:\/\/estheteclinic.com\/gynecomastia\/#breadcrumb","itemListElement":[{"@type":"ListItem","position":1,"name":"Home","item":"https:\/\/estheteclinic.com\/es\/"},{"@type":"ListItem","position":2,"name":"Ginecomastia"}]},{"@type":"WebSite","@id":"https:\/\/estheteclinic.com\/#website","url":"https:\/\/estheteclinic.com\/","name":"Inicio","description":"Plastic Surgery &amp; Hair Transplant in Turkey","potentialAction":[{"@type":"SearchAction","target":{"@type":"EntryPoint","urlTemplate":"https:\/\/estheteclinic.com\/?s={search_term_string}"},"query-input":"required name=search_term_string"}],"inLanguage":"es"}]}},"_links":{"self":[{"href":"https:\/\/estheteclinic.com\/es\/wp-json\/wp\/v2\/pages\/8174","targetHints":{"allow":["GET"]}}],"collection":[{"href":"https:\/\/estheteclinic.com\/es\/wp-json\/wp\/v2\/pages"}],"about":[{"href":"https:\/\/estheteclinic.com\/es\/wp-json\/wp\/v2\/types\/page"}],"author":[{"embeddable":true,"href":"https:\/\/estheteclinic.com\/es\/wp-json\/wp\/v2\/users\/3"}],"replies":[{"embeddable":true,"href":"https:\/\/estheteclinic.com\/es\/wp-json\/wp\/v2\/comments?post=8174"}],"version-history":[{"count":2,"href":"https:\/\/estheteclinic.com\/es\/wp-json\/wp\/v2\/pages\/8174\/revisions"}],"predecessor-version":[{"id":8679,"href":"https:\/\/estheteclinic.com\/es\/wp-json\/wp\/v2\/pages\/8174\/revisions\/8679"}],"wp:featuredmedia":[{"embeddable":true,"href":"https:\/\/estheteclinic.com\/es\/wp-json\/wp\/v2\/media\/8674"}],"wp:attachment":[{"href":"https:\/\/estheteclinic.com\/es\/wp-json\/wp\/v2\/media?parent=8174"}],"curies":[{"name":"wp","href":"https:\/\/api.w.org\/{rel}","templated":true}]}}