{"id":8184,"date":"2021-11-06T18:05:37","date_gmt":"2021-11-06T18:05:37","guid":{"rendered":"http:\/\/estheteclinic.com\/?page_id=8184"},"modified":"2024-06-14T11:36:12","modified_gmt":"2024-06-14T11:36:12","slug":"trasplante-capilar-turquia","status":"publish","type":"page","link":"https:\/\/estheteclinic.com\/es\/trasplante-capilar-turquia\/","title":{"rendered":"Trasplante Capilar en Turqu\u00eda"},"content":{"rendered":"<p>[vc_row][vc_column width=&#8221;2\/3&#8243;][vc_column_text]Turqu\u00eda es reconocida por su industria de trasplantes capilares, pues millones de personas han visitado el pa\u00eds para hacerse retoques exitosos en la \u00faltima d\u00e9cada. Desde principios de 2010 se ha convertido en el destino predilecto, rompiendo r\u00e9cords con sus tecnolog\u00edas innovadoras y resultados espectaculares.<\/p>\n<h2>Trasplante Capilar en Turqu\u00eda con Esthete Clinic<\/h2>\n<p>Con Esthete Clinic, el principal de destino para trasplantes capilares en Turqu\u00eda, as\u00ed como un centro donde se realizan procedimientos certificados por el estado, tu procedimiento de trasplante de cabello en Turqu\u00eda ser\u00e1 algo especial.<\/p>\n<p>En Esthete Clinic, creemos que un trasplante capilar exitoso comienza con la preparaci\u00f3n y termina en los cuidados posteriores. Por este motivo, nosotros nos asegurarnos de que est\u00e9s en un estado mental lleno de paz desde tu llegada hasta tu partida.<\/p>\n<p>Ofrecemos servicios que cubren todo: desde tu hospedaje hasta tu transporte y traslado. Nuestro personal gestionar\u00e1 tu estad\u00eda en una lujosa habitaci\u00f3n de un hotel de 5 estrellas para que est\u00e9s c\u00f3modo y tranquilo durante visita. Nos haremos cargo de tu transporte entre el hotel, la cl\u00ednica y el aeropuerto en autom\u00f3viles privados de lujo. Igualmente, te ayudaremos a romper la barrera del idioma ofreci\u00e9ndote servicios de traducci\u00f3n para que puedas hablar en tu idioma materno.<\/p>\n<h2><strong><a href=\"http:\/\/estheteclinic.com\/wp-content\/uploads\/2024\/03\/3.jpg\"><img fetchpriority=\"high\" decoding=\"async\" class=\"alignnone size-medium wp-image-11854\" src=\"http:\/\/estheteclinic.com\/wp-content\/uploads\/2024\/03\/3-300x300.jpg\" alt=\"\" width=\"300\" height=\"300\" srcset=\"https:\/\/estheteclinic.com\/wp-content\/uploads\/2024\/03\/3-300x300.jpg 300w, https:\/\/estheteclinic.com\/wp-content\/uploads\/2024\/03\/3-1024x1024.jpg 1024w, https:\/\/estheteclinic.com\/wp-content\/uploads\/2024\/03\/3-150x150.jpg 150w, https:\/\/estheteclinic.com\/wp-content\/uploads\/2024\/03\/3-768x768.jpg 768w, https:\/\/estheteclinic.com\/wp-content\/uploads\/2024\/03\/3-200x200.jpg 200w, https:\/\/estheteclinic.com\/wp-content\/uploads\/2024\/03\/3-600x600.jpg 600w, https:\/\/estheteclinic.com\/wp-content\/uploads\/2024\/03\/3-100x100.jpg 100w, https:\/\/estheteclinic.com\/wp-content\/uploads\/2024\/03\/3.jpg 1080w\" sizes=\"(max-width: 300px) 100vw, 300px\" \/><\/a><\/strong><\/h2>\n<h2>T\u00e9cnicas de Trasplantes Capilar en Turqu\u00eda<\/h2>\n<p>En Esthete Clinic, ofrecemos exclusivamente las mejores tecnolog\u00edas que permitir\u00e1n obtener los resultados con la apariencia m\u00e1s natural.<\/p>\n<h3>Trasplante Capilar FUE<\/h3>\n<p>La t\u00e9cnica de extracci\u00f3n folicular unitaria (FUE, por sus siglas en ingl\u00e9s) es una tecnolog\u00eda de trasplante capilar b\u00e1sica y pr\u00e1ctica que represent\u00f3 un gran avance a principio de la d\u00e9cada de los 2000. A pesar de que fue eclipsada por tecnolog\u00edas m\u00e1s modernas, el trasplante capilar FUE sigue relevante por su capacidad de brindar lo m\u00ednimo. FUE garantiza un acabado natural sin cicatrices ni efectos secundarios en los sitos donantes y receptores, a la vez que se desempe\u00f1a de forma extraordinaria en t\u00e9rminos de densidad y espesor del cabello. Asimismo, la recuperaci\u00f3n es relativamente corta y sin complicaciones.<\/p>\n<h3>Trasplante Capilar FUE Zafiro<\/h3>\n<p>El trasplante capilar FUE Zafiro es un tratamiento revolucionario que usa los beneficios especiales de una piedra preciosa, el zafiro, para aumentar el rendimiento del trasplante de cabello. El instrumento es similar a un bol\u00edgrafo y tiene una punta de zafiro con forma de diamante. El zafiro es un biomaterial que estimula la producci\u00f3n de col\u00e1geno y, por extensi\u00f3n, la cicatrizaci\u00f3n, por lo que hace que tu piel sane m\u00e1s f\u00e1cilmente. Adem\u00e1s, su punta filosa y transparente permite a los cirujanos abrir canales con una alta precisi\u00f3n y aumentar la compacidad.<\/p>\n<p>FUE Zafiro ofrece como resultado una alta densidad capilar sin efectos secundarios ni cicatrices, as\u00ed como un per\u00edodo de recuperaci\u00f3n muy corto.<\/p>\n<h3><strong>Trasplante Capilar DHI<\/strong><\/h3>\n<p>DHI son las siglas en ingl\u00e9s de implantaci\u00f3n capilar directa y hace referencia a una popular t\u00e9cnica de trasplantes que usa un instrumento especial con una punta que parece una aguja hueca. Con la t\u00e9cnica DHI, tus cirujanos no tendr\u00e1n que abrir canales en el sitio receptor con anterioridad. En su lugar, pueden implantar los fol\u00edculos directamente en el \u00e1rea receptora con esa herramienta especial.<\/p>\n<p>Es muy preciso y proporciona una alta densidad capilar. Lo m\u00e1s importante es que reduce mucho el tiempo de tratamiento y permite terminar el procedimiento en un tiempo r\u00e9cord en comparaci\u00f3n con otras t\u00e9cnicas.<\/p>\n<p><a href=\"http:\/\/estheteclinic.com\/wp-content\/uploads\/2024\/03\/12.jpg\"><img decoding=\"async\" class=\"alignnone size-medium wp-image-11808\" src=\"http:\/\/estheteclinic.com\/wp-content\/uploads\/2024\/03\/12-300x300.jpg\" alt=\"\" width=\"300\" height=\"300\" srcset=\"https:\/\/estheteclinic.com\/wp-content\/uploads\/2024\/03\/12-300x300.jpg 300w, https:\/\/estheteclinic.com\/wp-content\/uploads\/2024\/03\/12-1024x1024.jpg 1024w, https:\/\/estheteclinic.com\/wp-content\/uploads\/2024\/03\/12-150x150.jpg 150w, https:\/\/estheteclinic.com\/wp-content\/uploads\/2024\/03\/12-768x768.jpg 768w, https:\/\/estheteclinic.com\/wp-content\/uploads\/2024\/03\/12-200x200.jpg 200w, https:\/\/estheteclinic.com\/wp-content\/uploads\/2024\/03\/12-600x600.jpg 600w, https:\/\/estheteclinic.com\/wp-content\/uploads\/2024\/03\/12-100x100.jpg 100w, https:\/\/estheteclinic.com\/wp-content\/uploads\/2024\/03\/12.jpg 1080w\" sizes=\"(max-width: 300px) 100vw, 300px\" \/><\/a><\/p>\n<h2>Trasplantes de Cabello en Turqu\u00eda<\/h2>\n<p>Revierte permanentemente tu calvicie y recupera tu juventud al volver a tener tu cabello. Usando la tecnolog\u00eda m\u00e1s avanzada, disfruta de una vida con un cabello con una apariencia natural y compatible con tus facciones.<\/p>\n<ul>\n<li>Dise\u00f1o profesional de la l\u00ednea capilar realizado por cirujanos expertos, con un ojo excepcional para la est\u00e9tica.<\/li>\n<li>Sin cicatrices ni efectos secundarios.<\/li>\n<li>Las tecnolog\u00edas m\u00e1s modernas que estudian la calidad de tu cabello para un trasplante capilar \u00fanico.<\/li>\n<\/ul>\n<p><strong>Trasplante de Cejas en Turqu\u00eda<\/strong><\/p>\n<p>Luce un par de hermosas cejas gracias a las tecnolog\u00edas que hacen los trasplantes de estos vellos parezcan tarea simple.<\/p>\n<ul>\n<li>Pr\u00e1cticas modernas para cejas que lucen naturales, que podr\u00e1s delinearte y afeitar.<\/li>\n<li>Precisi\u00f3n avanzada para conseguir cejas sin cicatrices.<\/li>\n<li>Tecnolog\u00edas avanzadas para evaluar la calidad del vello donado para las cejas permanentes.<\/li>\n<\/ul>\n<h2><a href=\"https:\/\/estheteclinic.com\/es\/trasplante-de-barba\/\">Trasplante de Barba en Turqu\u00eda<\/a><\/h2>\n<p>Consigue la barba que mereces en la flor de tu vida para lograr una apariencia m\u00e1s atractiva y aumentar tu autoestima. Supera a tu gen\u00e9tica o revierte las secuelas de un accidente para conseguir una barba natural e inigualable.<\/p>\n<ul>\n<li>M\u00e9todos de \u00faltima tecnolog\u00eda para lograr una barba densa.<\/li>\n<li>Una visi\u00f3n est\u00e9tica para un delineado de barba que concuerde con tus facciones.<\/li>\n<li>Evaluaci\u00f3n exhaustiva del vello donado para conseguir una barba permanente.<\/li>\n<\/ul>\n<h2>Trasplante de Pesta\u00f1as en Turqu\u00eda<\/h2>\n<p>Consigue hermosas pesta\u00f1as curvas que lleven tu elegancia hasta el siguiente nivel, de por vida. Deja a un lado las agotadoras visitas al sal\u00f3n de belleza y mejora tu apariencia de forma definitiva y natural.<\/p>\n<ul>\n<li>Pesta\u00f1as permanentes que resaltar\u00e1n tu belleza.<\/li>\n<li>T\u00e9cnicas de \u00faltima generaci\u00f3n para conseguir resultados naturales.<\/li>\n<\/ul>\n<p>Resultados inmediatos, sin cicatrices ni efectos secundarios.[\/vc_column_text][\/vc_column][vc_column width=&#8221;1\/3&#8243; el_class=&#8221;sticky_contact_form_ttttt&#8221;]\n<div class=\"wpcf7 no-js\" id=\"wpcf7-f7799-o1\" lang=\"es-ES\" dir=\"ltr\">\n<div class=\"screen-reader-response\"><p role=\"status\" aria-live=\"polite\" aria-atomic=\"true\"><\/p> <ul><\/ul><\/div>\n<form action=\"\/es\/wp-json\/wp\/v2\/pages\/8184#wpcf7-f7799-o1\" method=\"post\" class=\"wpcf7-form init\" aria-label=\"Formulario de contacto\" novalidate=\"novalidate\" data-status=\"init\">\n<div style=\"display: none;\">\n<input type=\"hidden\" name=\"_wpcf7\" value=\"7799\" \/>\n<input type=\"hidden\" name=\"_wpcf7_version\" value=\"5.9.6\" \/>\n<input type=\"hidden\" name=\"_wpcf7_locale\" value=\"es_ES\" \/>\n<input type=\"hidden\" name=\"_wpcf7_unit_tag\" value=\"wpcf7-f7799-o1\" \/>\n<input type=\"hidden\" name=\"_wpcf7_container_post\" value=\"0\" \/>\n<input type=\"hidden\" name=\"_wpcf7_posted_data_hash\" value=\"\" \/>\n<\/div>\n<div class=\"contact_form_sticky_cf7\">\n\t<h3 style=\"text-align:center;color:white;\">Consigue una Consulta Gratuita\n\t<\/h3>\n\t<p style=\"text-align:center;color:white;\">Por favor completa el formulario a continuaci\u00f3n y te contactaremos a la brevedad\n\t<\/p>\n\t<div class=\"contact-page1 row\">\n\t\t<div class=\"col-sm-6\">\n\t\t\t<p><span class=\"wpcf7-form-control-wrap\" data-name=\"nameeeee\"><input size=\"40\" maxlength=\"80\" class=\"wpcf7-form-control wpcf7-text wpcf7-validates-as-required\" aria-required=\"true\" aria-invalid=\"false\" placeholder=\"Tu nombre*\" value=\"\" type=\"text\" name=\"nameeeee\" \/><\/span>\n\t\t\t<\/p>\n\t\t<\/div>\n\t\t<div class=\"col-sm-6\">\n\t\t\t<p><span class=\"wpcf7-form-control-wrap\" data-name=\"emaillll\"><input size=\"40\" maxlength=\"80\" class=\"wpcf7-form-control wpcf7-email wpcf7-text wpcf7-validates-as-email\" aria-invalid=\"false\" placeholder=\"Tu correo electr\u00f3nico\" value=\"\" type=\"email\" name=\"emaillll\" \/><\/span>\n\t\t\t<\/p>\n\t\t<\/div>\n\t\t<div class=\"col-sm-12\" style=\"padding-bottom:20px;\">\n\t\t\t<p>[phonetext* phoneeee numberonly]\n\t\t\t<\/p>\n\t\t<\/div>\n\t\t<div class=\"col-sm-12\">\n\t\t\t<p><span class=\"wpcf7-form-control-wrap\" data-name=\"messageeeeee\"><textarea cols=\"40\" rows=\"10\" maxlength=\"400\" class=\"wpcf7-form-control wpcf7-textarea\" aria-invalid=\"false\" placeholder=\"Mensaje\" name=\"messageeeeee\"><\/textarea><\/span>\n\t\t\t<\/p>\n\t\t<\/div>\n\t<\/div>\n\t<p><input class=\"wpcf7-form-control wpcf7-submit has-spinner\" type=\"submit\" value=\"Enviar\" \/>\n\t<\/p>\n<\/div><div class=\"wpcf7-response-output\" aria-hidden=\"true\"><\/div>\n<\/form>\n<\/div>\n[\/vc_column][\/vc_row]<\/p>\n","protected":false},"excerpt":{"rendered":"<p>[vc_row][vc_column width=&#8221;2\/3&#8243;][vc_column_text]Turqu\u00eda es reconocida por su industria de trasplantes capilares, pues millones de personas han visitado el pa\u00eds para hacerse retoques exitosos en la \u00faltima d\u00e9cada. Desde principios de 2010 se ha convertido en el destino predilecto, rompiendo r\u00e9cords con sus tecnolog\u00edas innovadoras y resultados espectaculares. Trasplante Capilar en Turqu\u00eda con Esthete Clinic Con Esthete&#8230;<\/p>\n","protected":false},"author":3,"featured_media":7621,"parent":0,"menu_order":0,"comment_status":"closed","ping_status":"closed","template":"","meta":{"footnotes":""},"class_list":["post-8184","page","type-page","status-publish","has-post-thumbnail","hentry"],"yoast_head":"<!-- This site is optimized with the Yoast SEO plugin v23.0 - https:\/\/yoast.com\/wordpress\/plugins\/seo\/ -->\n<title>Trasplante Capilar en Turqu\u00eda - Inicio<\/title>\n<meta name=\"description\" content=\"\u00bfEst\u00e1 buscando someterse a un trasplante capilar en Turqu\u00eda a un costo asequible y con resultados naturales? \u00a1Contacta con la cl\u00ednica esteta!\" \/>\n<meta name=\"robots\" content=\"index, follow, max-snippet:-1, max-image-preview:large, max-video-preview:-1\" \/>\n<link rel=\"canonical\" href=\"https:\/\/estheteclinic.com\/hair-transplant-in-turkey\/\" \/>\n<meta property=\"og:locale\" content=\"es_ES\" \/>\n<meta property=\"og:type\" content=\"article\" \/>\n<meta property=\"og:title\" content=\"Trasplante Capilar en Turqu\u00eda - Inicio\" \/>\n<meta property=\"og:description\" content=\"\u00bfEst\u00e1 buscando someterse a un trasplante capilar en Turqu\u00eda a un costo asequible y con resultados naturales? \u00a1Contacta con la cl\u00ednica esteta!\" \/>\n<meta property=\"og:url\" content=\"https:\/\/estheteclinic.com\/hair-transplant-in-turkey\/\" \/>\n<meta property=\"og:site_name\" content=\"Inicio\" \/>\n<meta property=\"article:modified_time\" content=\"2024-06-14T11:36:12+00:00\" \/>\n<meta property=\"og:image\" content=\"https:\/\/estheteclinic.com\/wp-content\/uploads\/2021\/11\/hair-transplant1111-scaled-1.jpg\" \/>\n\t<meta property=\"og:image:width\" content=\"2560\" \/>\n\t<meta property=\"og:image:height\" content=\"1589\" \/>\n\t<meta property=\"og:image:type\" content=\"image\/jpeg\" \/>\n<meta name=\"twitter:card\" content=\"summary_large_image\" \/>\n<meta name=\"twitter:label1\" content=\"Tiempo de lectura\" \/>\n\t<meta name=\"twitter:data1\" content=\"5 minutos\" \/>\n<script type=\"application\/ld+json\" class=\"yoast-schema-graph\">{\"@context\":\"https:\/\/schema.org\",\"@graph\":[{\"@type\":\"WebPage\",\"@id\":\"https:\/\/estheteclinic.com\/hair-transplant-in-turkey\/\",\"url\":\"https:\/\/estheteclinic.com\/hair-transplant-in-turkey\/\",\"name\":\"Trasplante Capilar en Turqu\u00eda - Inicio\",\"isPartOf\":{\"@id\":\"https:\/\/estheteclinic.com\/#website\"},\"primaryImageOfPage\":{\"@id\":\"https:\/\/estheteclinic.com\/hair-transplant-in-turkey\/#primaryimage\"},\"image\":{\"@id\":\"https:\/\/estheteclinic.com\/hair-transplant-in-turkey\/#primaryimage\"},\"thumbnailUrl\":\"https:\/\/estheteclinic.com\/wp-content\/uploads\/2021\/11\/hair-transplant1111-scaled-1.jpg\",\"datePublished\":\"2021-11-06T18:05:37+00:00\",\"dateModified\":\"2024-06-14T11:36:12+00:00\",\"description\":\"\u00bfEst\u00e1 buscando someterse a un trasplante capilar en Turqu\u00eda a un costo asequible y con resultados naturales? \u00a1Contacta con la cl\u00ednica esteta!\",\"breadcrumb\":{\"@id\":\"https:\/\/estheteclinic.com\/hair-transplant-in-turkey\/#breadcrumb\"},\"inLanguage\":\"es\",\"potentialAction\":[{\"@type\":\"ReadAction\",\"target\":[\"https:\/\/estheteclinic.com\/hair-transplant-in-turkey\/\"]}]},{\"@type\":\"ImageObject\",\"inLanguage\":\"es\",\"@id\":\"https:\/\/estheteclinic.com\/hair-transplant-in-turkey\/#primaryimage\",\"url\":\"https:\/\/estheteclinic.com\/wp-content\/uploads\/2021\/11\/hair-transplant1111-scaled-1.jpg\",\"contentUrl\":\"https:\/\/estheteclinic.com\/wp-content\/uploads\/2021\/11\/hair-transplant1111-scaled-1.jpg\",\"width\":2560,\"height\":1589,\"caption\":\"Trasplante Capilar Turqu\u00eda\"},{\"@type\":\"BreadcrumbList\",\"@id\":\"https:\/\/estheteclinic.com\/hair-transplant-in-turkey\/#breadcrumb\",\"itemListElement\":[{\"@type\":\"ListItem\",\"position\":1,\"name\":\"Home\",\"item\":\"https:\/\/estheteclinic.com\/es\/\"},{\"@type\":\"ListItem\",\"position\":2,\"name\":\"Trasplante Capilar en Turqu\u00eda\"}]},{\"@type\":\"WebSite\",\"@id\":\"https:\/\/estheteclinic.com\/#website\",\"url\":\"https:\/\/estheteclinic.com\/\",\"name\":\"Inicio\",\"description\":\"Plastic Surgery &amp; Hair Transplant in Turkey\",\"potentialAction\":[{\"@type\":\"SearchAction\",\"target\":{\"@type\":\"EntryPoint\",\"urlTemplate\":\"https:\/\/estheteclinic.com\/?s={search_term_string}\"},\"query-input\":\"required name=search_term_string\"}],\"inLanguage\":\"es\"}]}<\/script>\n<!-- \/ Yoast SEO plugin. -->","yoast_head_json":{"title":"Trasplante Capilar en Turqu\u00eda - Inicio","description":"\u00bfEst\u00e1 buscando someterse a un trasplante capilar en Turqu\u00eda a un costo asequible y con resultados naturales? \u00a1Contacta con la cl\u00ednica esteta!","robots":{"index":"index","follow":"follow","max-snippet":"max-snippet:-1","max-image-preview":"max-image-preview:large","max-video-preview":"max-video-preview:-1"},"canonical":"https:\/\/estheteclinic.com\/hair-transplant-in-turkey\/","og_locale":"es_ES","og_type":"article","og_title":"Trasplante Capilar en Turqu\u00eda - Inicio","og_description":"\u00bfEst\u00e1 buscando someterse a un trasplante capilar en Turqu\u00eda a un costo asequible y con resultados naturales? \u00a1Contacta con la cl\u00ednica esteta!","og_url":"https:\/\/estheteclinic.com\/hair-transplant-in-turkey\/","og_site_name":"Inicio","article_modified_time":"2024-06-14T11:36:12+00:00","og_image":[{"width":2560,"height":1589,"url":"https:\/\/estheteclinic.com\/wp-content\/uploads\/2021\/11\/hair-transplant1111-scaled-1.jpg","type":"image\/jpeg"}],"twitter_card":"summary_large_image","twitter_misc":{"Tiempo de lectura":"5 minutos"},"schema":{"@context":"https:\/\/schema.org","@graph":[{"@type":"WebPage","@id":"https:\/\/estheteclinic.com\/hair-transplant-in-turkey\/","url":"https:\/\/estheteclinic.com\/hair-transplant-in-turkey\/","name":"Trasplante Capilar en Turqu\u00eda - Inicio","isPartOf":{"@id":"https:\/\/estheteclinic.com\/#website"},"primaryImageOfPage":{"@id":"https:\/\/estheteclinic.com\/hair-transplant-in-turkey\/#primaryimage"},"image":{"@id":"https:\/\/estheteclinic.com\/hair-transplant-in-turkey\/#primaryimage"},"thumbnailUrl":"https:\/\/estheteclinic.com\/wp-content\/uploads\/2021\/11\/hair-transplant1111-scaled-1.jpg","datePublished":"2021-11-06T18:05:37+00:00","dateModified":"2024-06-14T11:36:12+00:00","description":"\u00bfEst\u00e1 buscando someterse a un trasplante capilar en Turqu\u00eda a un costo asequible y con resultados naturales? \u00a1Contacta con la cl\u00ednica esteta!","breadcrumb":{"@id":"https:\/\/estheteclinic.com\/hair-transplant-in-turkey\/#breadcrumb"},"inLanguage":"es","potentialAction":[{"@type":"ReadAction","target":["https:\/\/estheteclinic.com\/hair-transplant-in-turkey\/"]}]},{"@type":"ImageObject","inLanguage":"es","@id":"https:\/\/estheteclinic.com\/hair-transplant-in-turkey\/#primaryimage","url":"https:\/\/estheteclinic.com\/wp-content\/uploads\/2021\/11\/hair-transplant1111-scaled-1.jpg","contentUrl":"https:\/\/estheteclinic.com\/wp-content\/uploads\/2021\/11\/hair-transplant1111-scaled-1.jpg","width":2560,"height":1589,"caption":"Trasplante Capilar Turqu\u00eda"},{"@type":"BreadcrumbList","@id":"https:\/\/estheteclinic.com\/hair-transplant-in-turkey\/#breadcrumb","itemListElement":[{"@type":"ListItem","position":1,"name":"Home","item":"https:\/\/estheteclinic.com\/es\/"},{"@type":"ListItem","position":2,"name":"Trasplante Capilar en Turqu\u00eda"}]},{"@type":"WebSite","@id":"https:\/\/estheteclinic.com\/#website","url":"https:\/\/estheteclinic.com\/","name":"Inicio","description":"Plastic Surgery &amp; Hair Transplant in Turkey","potentialAction":[{"@type":"SearchAction","target":{"@type":"EntryPoint","urlTemplate":"https:\/\/estheteclinic.com\/?s={search_term_string}"},"query-input":"required name=search_term_string"}],"inLanguage":"es"}]}},"_links":{"self":[{"href":"https:\/\/estheteclinic.com\/es\/wp-json\/wp\/v2\/pages\/8184","targetHints":{"allow":["GET"]}}],"collection":[{"href":"https:\/\/estheteclinic.com\/es\/wp-json\/wp\/v2\/pages"}],"about":[{"href":"https:\/\/estheteclinic.com\/es\/wp-json\/wp\/v2\/types\/page"}],"author":[{"embeddable":true,"href":"https:\/\/estheteclinic.com\/es\/wp-json\/wp\/v2\/users\/3"}],"replies":[{"embeddable":true,"href":"https:\/\/estheteclinic.com\/es\/wp-json\/wp\/v2\/comments?post=8184"}],"version-history":[{"count":7,"href":"https:\/\/estheteclinic.com\/es\/wp-json\/wp\/v2\/pages\/8184\/revisions"}],"predecessor-version":[{"id":12914,"href":"https:\/\/estheteclinic.com\/es\/wp-json\/wp\/v2\/pages\/8184\/revisions\/12914"}],"wp:featuredmedia":[{"embeddable":true,"href":"https:\/\/estheteclinic.com\/es\/wp-json\/wp\/v2\/media\/7621"}],"wp:attachment":[{"href":"https:\/\/estheteclinic.com\/es\/wp-json\/wp\/v2\/media?parent=8184"}],"curies":[{"name":"wp","href":"https:\/\/api.w.org\/{rel}","templated":true}]}}