{"id":8194,"date":"2021-11-06T18:07:47","date_gmt":"2021-11-06T18:07:47","guid":{"rendered":"http:\/\/estheteclinic.com\/?page_id=8194"},"modified":"2021-11-11T14:39:56","modified_gmt":"2021-11-11T14:39:56","slug":"otoplastia","status":"publish","type":"page","link":"https:\/\/estheteclinic.com\/es\/otoplastia\/","title":{"rendered":"Otoplastia"},"content":{"rendered":"<p>[vc_row][vc_column width=&#8221;2\/3&#8243;][vc_column_text]Las deformidades de las orejas, ya sean adquiridas o cong\u00e9nitas, son muy comunes. Sin embargo, hay algunas deformidades son m\u00e1s comunes que otras, como por ejemplo las orejas de soplillo, una condici\u00f3n donde el antih\u00e9lice o el pliegue de la oreja no se desarrolla completamente.<\/p>\n<p>La otoplastia es un procedimiento quir\u00fargico que intenta corregir las deformidades y restituir la simetr\u00eda.<\/p>\n<h2><strong>\u00bfC\u00f3mo prepararse para una Otoplastia?<\/strong><\/h2>\n<p>Deber\u00edas dejar de ingerir alimentos y bebidas desde la media noche previa a la cirug\u00eda. Si tienes una enfermedad cr\u00f3nica y necesitas tomar medicamentos, consulta con tu m\u00e9dico. Deja de usar anticoagulantes, es decir, medicamentos como la aspirina y la vitamina E.<\/p>\n<h2><strong>Procedimiento de Otoplastia<\/strong><\/h2>\n<h3><strong>Pre-cirug\u00eda<\/strong><\/h3>\n<p>La otoplastia es un procedimiento quir\u00fargico que puede realizarse bajo anestesia general o regional. En ni\u00f1os, el cirujano solo realizar\u00e1 la operaci\u00f3n bajo anestesia general.<\/p>\n<h3><strong>Cirug\u00eda<\/strong><\/h3>\n<p>Durante la cirug\u00eda, tu m\u00e9dico realizar\u00e1 incisiones en la parte trasera de la oreja para reducir las cicatrices. En otros casos, las incisiones se realizan entre los pliegues. Puedes discutir el tipo de incisiones m\u00e1s adecuadas para tu condici\u00f3n con tu m\u00e9dico.<\/p>\n<p>Despu\u00e9s de realizar las incisiones, tu m\u00e9dico reformar\u00e1 el cart\u00edlago y lo doblar\u00e1 hasta su posici\u00f3n correcta. Los cambios se asegurar\u00e1n con suturas internas y externas.<\/p>\n<h3><strong>Despu\u00e9s de la cirug\u00eda<\/strong><\/h3>\n<p>Despu\u00e9s de la cirug\u00eda tendr\u00e1s vendas en tus orejas. A medida que los efectos de la anestesia comienzan a desaparecer, comenzar\u00e1s a sentir un leve dolor. Pero tu m\u00e9dico te dar\u00e1 analg\u00e9sicos para mantener los s\u00edntomas bajo control. Es muy normal que ocurra picaz\u00f3n, pero no deber\u00e1s rascar tus orejas.<\/p>\n<h2><strong>Recuperaci\u00f3n tras una Otoplastia<\/strong><\/h2>\n<p>Recuperarse de una otoplastia es un proceso sencillo. Debes seguir algunas instrucciones para evitar complicaciones. Aseg\u00farate de dormir sobre tu espalda y manteniendo tus orejas libres de presi\u00f3n.<\/p>\n<p>Tu m\u00e9dico retirar\u00e1 las vendas en pocos d\u00edas. Los resultados ser\u00e1n inmediatos, pero la apariencia mejorar\u00e1 a medida que disminuye la inflamaci\u00f3n.<\/p>\n<p>En la recuperaci\u00f3n, lo mejor es usar una cinta para la cabeza que te mantenga la forma de tus orejas. Es ideal usar la banda tambi\u00e9n en las noches.<\/p>\n<p>Nuestros m\u00e9dicos de Esthete Clinic te dar\u00e1n instrucciones sobre c\u00f3mo ba\u00f1arte y cu\u00e1ndo podr\u00e1s volver al trabajo. Usa todos los medicamentos y ung\u00fcentos que tu m\u00e9dico te recete el m\u00e9dico seg\u00fan sus indicaciones.<\/p>\n<h2><strong>Duraci\u00f3n de una Otoplastia<\/strong><\/h2>\n<p>La duraci\u00f3n promedio de este procedimiento es aproximadamente 2 horas.[\/vc_column_text][\/vc_column][vc_column width=&#8221;1\/3&#8243; el_class=&#8221;sticky_contact_form_ttttt&#8221;]\n<div class=\"wpcf7 no-js\" id=\"wpcf7-f7799-o1\" lang=\"es-ES\" dir=\"ltr\">\n<div class=\"screen-reader-response\"><p role=\"status\" aria-live=\"polite\" aria-atomic=\"true\"><\/p> <ul><\/ul><\/div>\n<form action=\"\/es\/wp-json\/wp\/v2\/pages\/8194#wpcf7-f7799-o1\" method=\"post\" class=\"wpcf7-form init\" aria-label=\"Formulario de contacto\" novalidate=\"novalidate\" data-status=\"init\">\n<div style=\"display: none;\">\n<input type=\"hidden\" name=\"_wpcf7\" value=\"7799\" \/>\n<input type=\"hidden\" name=\"_wpcf7_version\" value=\"5.9.6\" \/>\n<input type=\"hidden\" name=\"_wpcf7_locale\" value=\"es_ES\" \/>\n<input type=\"hidden\" name=\"_wpcf7_unit_tag\" value=\"wpcf7-f7799-o1\" \/>\n<input type=\"hidden\" name=\"_wpcf7_container_post\" value=\"0\" \/>\n<input type=\"hidden\" name=\"_wpcf7_posted_data_hash\" value=\"\" \/>\n<\/div>\n<div class=\"contact_form_sticky_cf7\">\n\t<h3 style=\"text-align:center;color:white;\">Consigue una Consulta Gratuita\n\t<\/h3>\n\t<p style=\"text-align:center;color:white;\">Por favor completa el formulario a continuaci\u00f3n y te contactaremos a la brevedad\n\t<\/p>\n\t<div class=\"contact-page1 row\">\n\t\t<div class=\"col-sm-6\">\n\t\t\t<p><span class=\"wpcf7-form-control-wrap\" data-name=\"nameeeee\"><input size=\"40\" maxlength=\"80\" class=\"wpcf7-form-control wpcf7-text wpcf7-validates-as-required\" aria-required=\"true\" aria-invalid=\"false\" placeholder=\"Tu nombre*\" value=\"\" type=\"text\" name=\"nameeeee\" \/><\/span>\n\t\t\t<\/p>\n\t\t<\/div>\n\t\t<div class=\"col-sm-6\">\n\t\t\t<p><span class=\"wpcf7-form-control-wrap\" data-name=\"emaillll\"><input size=\"40\" maxlength=\"80\" class=\"wpcf7-form-control wpcf7-email wpcf7-text wpcf7-validates-as-email\" aria-invalid=\"false\" placeholder=\"Tu correo electr\u00f3nico\" value=\"\" type=\"email\" name=\"emaillll\" \/><\/span>\n\t\t\t<\/p>\n\t\t<\/div>\n\t\t<div class=\"col-sm-12\" style=\"padding-bottom:20px;\">\n\t\t\t<p>[phonetext* phoneeee numberonly]\n\t\t\t<\/p>\n\t\t<\/div>\n\t\t<div class=\"col-sm-12\">\n\t\t\t<p><span class=\"wpcf7-form-control-wrap\" data-name=\"messageeeeee\"><textarea cols=\"40\" rows=\"10\" maxlength=\"400\" class=\"wpcf7-form-control wpcf7-textarea\" aria-invalid=\"false\" placeholder=\"Mensaje\" name=\"messageeeeee\"><\/textarea><\/span>\n\t\t\t<\/p>\n\t\t<\/div>\n\t<\/div>\n\t<p><input class=\"wpcf7-form-control wpcf7-submit has-spinner\" type=\"submit\" value=\"Enviar\" \/>\n\t<\/p>\n<\/div><div class=\"wpcf7-response-output\" aria-hidden=\"true\"><\/div>\n<\/form>\n<\/div>\n[\/vc_column][\/vc_row]<\/p>\n","protected":false},"excerpt":{"rendered":"<p>[vc_row][vc_column width=&#8221;2\/3&#8243;][vc_column_text]Las deformidades de las orejas, ya sean adquiridas o cong\u00e9nitas, son muy comunes. Sin embargo, hay algunas deformidades son m\u00e1s comunes que otras, como por ejemplo las orejas de soplillo, una condici\u00f3n donde el antih\u00e9lice o el pliegue de la oreja no se desarrolla completamente. La otoplastia es un procedimiento quir\u00fargico que intenta corregir&#8230;<\/p>\n","protected":false},"author":3,"featured_media":8529,"parent":0,"menu_order":0,"comment_status":"closed","ping_status":"closed","template":"","meta":{"footnotes":""},"class_list":["post-8194","page","type-page","status-publish","has-post-thumbnail","hentry"],"yoast_head":"<!-- This site is optimized with the Yoast SEO plugin v23.0 - https:\/\/yoast.com\/wordpress\/plugins\/seo\/ -->\n<title>Otoplastia - Inicio<\/title>\n<meta name=\"robots\" content=\"index, follow, max-snippet:-1, max-image-preview:large, max-video-preview:-1\" \/>\n<link rel=\"canonical\" href=\"https:\/\/estheteclinic.com\/otoplasty\/\" \/>\n<meta property=\"og:locale\" content=\"es_ES\" \/>\n<meta property=\"og:type\" content=\"article\" \/>\n<meta property=\"og:title\" content=\"Otoplastia - Inicio\" \/>\n<meta property=\"og:description\" content=\"[vc_row][vc_column width=&#8221;2\/3&#8243;][vc_column_text]Las deformidades de las orejas, ya sean adquiridas o cong\u00e9nitas, son muy comunes. Sin embargo, hay algunas deformidades son m\u00e1s comunes que otras, como por ejemplo las orejas de soplillo, una condici\u00f3n donde el antih\u00e9lice o el pliegue de la oreja no se desarrolla completamente. La otoplastia es un procedimiento quir\u00fargico que intenta corregir...\" \/>\n<meta property=\"og:url\" content=\"https:\/\/estheteclinic.com\/otoplasty\/\" \/>\n<meta property=\"og:site_name\" content=\"Inicio\" \/>\n<meta property=\"article:modified_time\" content=\"2021-11-11T14:39:56+00:00\" \/>\n<meta property=\"og:image\" content=\"https:\/\/estheteclinic.com\/wp-content\/uploads\/2021\/11\/otoplasty-12356.jpg\" \/>\n\t<meta property=\"og:image:width\" content=\"2000\" \/>\n\t<meta property=\"og:image:height\" content=\"762\" \/>\n\t<meta property=\"og:image:type\" content=\"image\/jpeg\" \/>\n<meta name=\"twitter:card\" content=\"summary_large_image\" \/>\n<meta name=\"twitter:label1\" content=\"Tiempo de lectura\" \/>\n\t<meta name=\"twitter:data1\" content=\"2 minutos\" \/>\n<script type=\"application\/ld+json\" class=\"yoast-schema-graph\">{\"@context\":\"https:\/\/schema.org\",\"@graph\":[{\"@type\":\"WebPage\",\"@id\":\"https:\/\/estheteclinic.com\/otoplasty\/\",\"url\":\"https:\/\/estheteclinic.com\/otoplasty\/\",\"name\":\"Otoplastia - Inicio\",\"isPartOf\":{\"@id\":\"https:\/\/estheteclinic.com\/#website\"},\"primaryImageOfPage\":{\"@id\":\"https:\/\/estheteclinic.com\/otoplasty\/#primaryimage\"},\"image\":{\"@id\":\"https:\/\/estheteclinic.com\/otoplasty\/#primaryimage\"},\"thumbnailUrl\":\"https:\/\/estheteclinic.com\/wp-content\/uploads\/2021\/11\/otoplasty-12356.jpg\",\"datePublished\":\"2021-11-06T18:07:47+00:00\",\"dateModified\":\"2021-11-11T14:39:56+00:00\",\"breadcrumb\":{\"@id\":\"https:\/\/estheteclinic.com\/otoplasty\/#breadcrumb\"},\"inLanguage\":\"es\",\"potentialAction\":[{\"@type\":\"ReadAction\",\"target\":[\"https:\/\/estheteclinic.com\/otoplasty\/\"]}]},{\"@type\":\"ImageObject\",\"inLanguage\":\"es\",\"@id\":\"https:\/\/estheteclinic.com\/otoplasty\/#primaryimage\",\"url\":\"https:\/\/estheteclinic.com\/wp-content\/uploads\/2021\/11\/otoplasty-12356.jpg\",\"contentUrl\":\"https:\/\/estheteclinic.com\/wp-content\/uploads\/2021\/11\/otoplasty-12356.jpg\",\"width\":2000,\"height\":762,\"caption\":\"otoplasty\"},{\"@type\":\"BreadcrumbList\",\"@id\":\"https:\/\/estheteclinic.com\/otoplasty\/#breadcrumb\",\"itemListElement\":[{\"@type\":\"ListItem\",\"position\":1,\"name\":\"Home\",\"item\":\"https:\/\/estheteclinic.com\/es\/\"},{\"@type\":\"ListItem\",\"position\":2,\"name\":\"Otoplastia\"}]},{\"@type\":\"WebSite\",\"@id\":\"https:\/\/estheteclinic.com\/#website\",\"url\":\"https:\/\/estheteclinic.com\/\",\"name\":\"Inicio\",\"description\":\"Plastic Surgery &amp; Hair Transplant in Turkey\",\"potentialAction\":[{\"@type\":\"SearchAction\",\"target\":{\"@type\":\"EntryPoint\",\"urlTemplate\":\"https:\/\/estheteclinic.com\/?s={search_term_string}\"},\"query-input\":\"required name=search_term_string\"}],\"inLanguage\":\"es\"}]}<\/script>\n<!-- \/ Yoast SEO plugin. -->","yoast_head_json":{"title":"Otoplastia - Inicio","robots":{"index":"index","follow":"follow","max-snippet":"max-snippet:-1","max-image-preview":"max-image-preview:large","max-video-preview":"max-video-preview:-1"},"canonical":"https:\/\/estheteclinic.com\/otoplasty\/","og_locale":"es_ES","og_type":"article","og_title":"Otoplastia - Inicio","og_description":"[vc_row][vc_column width=&#8221;2\/3&#8243;][vc_column_text]Las deformidades de las orejas, ya sean adquiridas o cong\u00e9nitas, son muy comunes. Sin embargo, hay algunas deformidades son m\u00e1s comunes que otras, como por ejemplo las orejas de soplillo, una condici\u00f3n donde el antih\u00e9lice o el pliegue de la oreja no se desarrolla completamente. La otoplastia es un procedimiento quir\u00fargico que intenta corregir...","og_url":"https:\/\/estheteclinic.com\/otoplasty\/","og_site_name":"Inicio","article_modified_time":"2021-11-11T14:39:56+00:00","og_image":[{"width":2000,"height":762,"url":"https:\/\/estheteclinic.com\/wp-content\/uploads\/2021\/11\/otoplasty-12356.jpg","type":"image\/jpeg"}],"twitter_card":"summary_large_image","twitter_misc":{"Tiempo de lectura":"2 minutos"},"schema":{"@context":"https:\/\/schema.org","@graph":[{"@type":"WebPage","@id":"https:\/\/estheteclinic.com\/otoplasty\/","url":"https:\/\/estheteclinic.com\/otoplasty\/","name":"Otoplastia - Inicio","isPartOf":{"@id":"https:\/\/estheteclinic.com\/#website"},"primaryImageOfPage":{"@id":"https:\/\/estheteclinic.com\/otoplasty\/#primaryimage"},"image":{"@id":"https:\/\/estheteclinic.com\/otoplasty\/#primaryimage"},"thumbnailUrl":"https:\/\/estheteclinic.com\/wp-content\/uploads\/2021\/11\/otoplasty-12356.jpg","datePublished":"2021-11-06T18:07:47+00:00","dateModified":"2021-11-11T14:39:56+00:00","breadcrumb":{"@id":"https:\/\/estheteclinic.com\/otoplasty\/#breadcrumb"},"inLanguage":"es","potentialAction":[{"@type":"ReadAction","target":["https:\/\/estheteclinic.com\/otoplasty\/"]}]},{"@type":"ImageObject","inLanguage":"es","@id":"https:\/\/estheteclinic.com\/otoplasty\/#primaryimage","url":"https:\/\/estheteclinic.com\/wp-content\/uploads\/2021\/11\/otoplasty-12356.jpg","contentUrl":"https:\/\/estheteclinic.com\/wp-content\/uploads\/2021\/11\/otoplasty-12356.jpg","width":2000,"height":762,"caption":"otoplasty"},{"@type":"BreadcrumbList","@id":"https:\/\/estheteclinic.com\/otoplasty\/#breadcrumb","itemListElement":[{"@type":"ListItem","position":1,"name":"Home","item":"https:\/\/estheteclinic.com\/es\/"},{"@type":"ListItem","position":2,"name":"Otoplastia"}]},{"@type":"WebSite","@id":"https:\/\/estheteclinic.com\/#website","url":"https:\/\/estheteclinic.com\/","name":"Inicio","description":"Plastic Surgery &amp; Hair Transplant in Turkey","potentialAction":[{"@type":"SearchAction","target":{"@type":"EntryPoint","urlTemplate":"https:\/\/estheteclinic.com\/?s={search_term_string}"},"query-input":"required name=search_term_string"}],"inLanguage":"es"}]}},"_links":{"self":[{"href":"https:\/\/estheteclinic.com\/es\/wp-json\/wp\/v2\/pages\/8194","targetHints":{"allow":["GET"]}}],"collection":[{"href":"https:\/\/estheteclinic.com\/es\/wp-json\/wp\/v2\/pages"}],"about":[{"href":"https:\/\/estheteclinic.com\/es\/wp-json\/wp\/v2\/types\/page"}],"author":[{"embeddable":true,"href":"https:\/\/estheteclinic.com\/es\/wp-json\/wp\/v2\/users\/3"}],"replies":[{"embeddable":true,"href":"https:\/\/estheteclinic.com\/es\/wp-json\/wp\/v2\/comments?post=8194"}],"version-history":[{"count":2,"href":"https:\/\/estheteclinic.com\/es\/wp-json\/wp\/v2\/pages\/8194\/revisions"}],"predecessor-version":[{"id":8533,"href":"https:\/\/estheteclinic.com\/es\/wp-json\/wp\/v2\/pages\/8194\/revisions\/8533"}],"wp:featuredmedia":[{"embeddable":true,"href":"https:\/\/estheteclinic.com\/es\/wp-json\/wp\/v2\/media\/8529"}],"wp:attachment":[{"href":"https:\/\/estheteclinic.com\/es\/wp-json\/wp\/v2\/media?parent=8194"}],"curies":[{"name":"wp","href":"https:\/\/api.w.org\/{rel}","templated":true}]}}