{"id":8204,"date":"2021-11-06T18:10:04","date_gmt":"2021-11-06T18:10:04","guid":{"rendered":"http:\/\/estheteclinic.com\/?page_id=8204"},"modified":"2024-01-19T12:59:55","modified_gmt":"2024-01-19T12:59:55","slug":"blefaroplastia-plexr","status":"publish","type":"page","link":"https:\/\/estheteclinic.com\/es\/blefaroplastia-plexr\/","title":{"rendered":"Blefaroplastia Plexr"},"content":{"rendered":"<p>[vc_row][vc_column width=&#8221;2\/3&#8243;][vc_column_text]Hay distintos sistemas l\u00e1ser, t\u00e9cnicas electroquir\u00fargicas y sistemas de luz no l\u00e1ser que se usan com\u00fanmente en la disciplina de rejuvenecimiento de la piel. Plexr es una de las categor\u00edas de este tipo de tratamientos, que usa l\u00e1seres para atacar y evaporar tejidos que contienen fluidos creando un da\u00f1o t\u00e9rmino. Este trauma menor destruir\u00e1 tu epidermis y har\u00e1 que tu piel luzca como si se hubiese pelado.<\/p>\n<p>El efecto del tratamiento aumenta la producci\u00f3n de col\u00e1geno y ayuda a tu piel a renovarse, as\u00ed como a lograr metas est\u00e9ticas espec\u00edficas.<\/p>\n<h2><strong>\u00bfC\u00f3mo prepararse para una Blefaroplastia Plexr?<\/strong><\/h2>\n<ul>\n<li>Deja de usar anticoagulantes 3 d\u00edas antes de tu cita.<\/li>\n<li>Acude a la cita bien descansado.<\/li>\n<li>No consumas alcohol ni tabaco.<\/li>\n<li>Para las mujeres, deben posponer la cita si est\u00e1n menstruando.<\/li>\n<\/ul>\n<h2>Duraci\u00f3n de una Blefaroplastia Plexr<\/h2>\n<p>La duraci\u00f3n del procedimiento de blefaroplastia Plexr es de 30 a 60 minutos.<\/p>\n<h2>Procedimiento Plexr<\/h2>\n<p>El procedimiento requiere anestesia local y tu m\u00e9dico en Esthete Clinic la entregar\u00e1 con una crema anest\u00e9sica.<\/p>\n<p>Una vez que la anestesia haga efecto, tu m\u00e9dico usar\u00e1 un l\u00e1piz de plasma Plexr con una micropunta que disparar\u00e1 un l\u00e1ser a las \u00e1reas objetivos de la piel.<\/p>\n<p>Despu\u00e9s del procedimiento, tu m\u00e9dico esterilizar\u00e1 tu rostro y lo cubrir\u00e1 con vendas.<\/p>\n<h2>\u00bfQu\u00e9 puedes lograr con una Blefaroplastia Plexr?<\/h2>\n<ul>\n<li>Renueva las c\u00e9lulas de la piel.<\/li>\n<li>Elimina arrugas.<\/li>\n<li>Reduce las marcas del acn\u00e9.<\/li>\n<li>Trata queloides.<\/li>\n<li>Trata verrugas.<\/li>\n<li>Reduce las bolsas debajo de los ojos.<\/li>\n<li>Remueve lesiones tumorales de la piel.<\/li>\n<li>Se usa en combinaci\u00f3n con otros tratamientos para eliminar lunares.<\/li>\n<li>Tensa la piel.<\/li>\n<li>Remueve manchas de la edad.<\/li>\n<\/ul>\n<h2>Recuperaci\u00f3n de una Blefaroplastia Plexr<\/h2>\n<p>Los per\u00edodos de recuperaci\u00f3n despu\u00e9s del procedimiento tienden a variar de 1 semana a 10 d\u00edas. En este per\u00edodo, tendr\u00e1s que mantener las vendas en tu rostro. Podr\u00eda ocurrir edema, pero el mismo desaparecer\u00e1 por cuenta propia. Mantener tu cabeza elevada podr\u00eda ayudar a reducir la inflamaci\u00f3n m\u00e1s r\u00e1pidamente.<\/p>\n<p>Debes seguir las siguientes recomendaciones para lograr una recuperaci\u00f3n exitosa:<\/p>\n<ul>\n<li>No toques el \u00e1rea de tratamiento a menos que sea necesario.<\/li>\n<li>Nunca pierdas citas de seguimiento.<\/li>\n<li>Evita deportes intensos por 1 semana a 10 d\u00edas.<\/li>\n<li>Evita actividades como saunas, piscinas y jacuzzis por 8 semanas.<\/li>\n<li>No te expongas directamente a los rayos solares.<\/li>\n<\/ul>\n<p>[\/vc_column_text][\/vc_column][vc_column width=&#8221;1\/3&#8243; el_class=&#8221;sticky_contact_form_ttttt&#8221;]\n<div class=\"wpcf7 no-js\" id=\"wpcf7-f7799-o1\" lang=\"es-ES\" dir=\"ltr\">\n<div class=\"screen-reader-response\"><p role=\"status\" aria-live=\"polite\" aria-atomic=\"true\"><\/p> <ul><\/ul><\/div>\n<form action=\"\/es\/wp-json\/wp\/v2\/pages\/8204#wpcf7-f7799-o1\" method=\"post\" class=\"wpcf7-form init\" aria-label=\"Formulario de contacto\" novalidate=\"novalidate\" data-status=\"init\">\n<div style=\"display: none;\">\n<input type=\"hidden\" name=\"_wpcf7\" value=\"7799\" \/>\n<input type=\"hidden\" name=\"_wpcf7_version\" value=\"5.9.6\" \/>\n<input type=\"hidden\" name=\"_wpcf7_locale\" value=\"es_ES\" \/>\n<input type=\"hidden\" name=\"_wpcf7_unit_tag\" value=\"wpcf7-f7799-o1\" \/>\n<input type=\"hidden\" name=\"_wpcf7_container_post\" value=\"0\" \/>\n<input type=\"hidden\" name=\"_wpcf7_posted_data_hash\" value=\"\" \/>\n<\/div>\n<div class=\"contact_form_sticky_cf7\">\n\t<h3 style=\"text-align:center;color:white;\">Consigue una Consulta Gratuita\n\t<\/h3>\n\t<p style=\"text-align:center;color:white;\">Por favor completa el formulario a continuaci\u00f3n y te contactaremos a la brevedad\n\t<\/p>\n\t<div class=\"contact-page1 row\">\n\t\t<div class=\"col-sm-6\">\n\t\t\t<p><span class=\"wpcf7-form-control-wrap\" data-name=\"nameeeee\"><input size=\"40\" maxlength=\"80\" class=\"wpcf7-form-control wpcf7-text wpcf7-validates-as-required\" aria-required=\"true\" aria-invalid=\"false\" placeholder=\"Tu nombre*\" value=\"\" type=\"text\" name=\"nameeeee\" \/><\/span>\n\t\t\t<\/p>\n\t\t<\/div>\n\t\t<div class=\"col-sm-6\">\n\t\t\t<p><span class=\"wpcf7-form-control-wrap\" data-name=\"emaillll\"><input size=\"40\" maxlength=\"80\" class=\"wpcf7-form-control wpcf7-email wpcf7-text wpcf7-validates-as-email\" aria-invalid=\"false\" placeholder=\"Tu correo electr\u00f3nico\" value=\"\" type=\"email\" name=\"emaillll\" \/><\/span>\n\t\t\t<\/p>\n\t\t<\/div>\n\t\t<div class=\"col-sm-12\" style=\"padding-bottom:20px;\">\n\t\t\t<p>[phonetext* phoneeee numberonly]\n\t\t\t<\/p>\n\t\t<\/div>\n\t\t<div class=\"col-sm-12\">\n\t\t\t<p><span class=\"wpcf7-form-control-wrap\" data-name=\"messageeeeee\"><textarea cols=\"40\" rows=\"10\" maxlength=\"400\" class=\"wpcf7-form-control wpcf7-textarea\" aria-invalid=\"false\" placeholder=\"Mensaje\" name=\"messageeeeee\"><\/textarea><\/span>\n\t\t\t<\/p>\n\t\t<\/div>\n\t<\/div>\n\t<p><input class=\"wpcf7-form-control wpcf7-submit has-spinner\" type=\"submit\" value=\"Enviar\" \/>\n\t<\/p>\n<\/div><div class=\"wpcf7-response-output\" aria-hidden=\"true\"><\/div>\n<\/form>\n<\/div>\n[\/vc_column][\/vc_row]<\/p>\n","protected":false},"excerpt":{"rendered":"<p>[vc_row][vc_column width=&#8221;2\/3&#8243;][vc_column_text]Hay distintos sistemas l\u00e1ser, t\u00e9cnicas electroquir\u00fargicas y sistemas de luz no l\u00e1ser que se usan com\u00fanmente en la disciplina de rejuvenecimiento de la piel. Plexr es una de las categor\u00edas de este tipo de tratamientos, que usa l\u00e1seres para atacar y evaporar tejidos que contienen fluidos creando un da\u00f1o t\u00e9rmino. Este trauma menor destruir\u00e1&#8230;<\/p>\n","protected":false},"author":3,"featured_media":8488,"parent":0,"menu_order":0,"comment_status":"closed","ping_status":"closed","template":"","meta":{"footnotes":""},"class_list":["post-8204","page","type-page","status-publish","has-post-thumbnail","hentry"],"yoast_head":"<!-- This site is optimized with the Yoast SEO plugin v23.0 - https:\/\/yoast.com\/wordpress\/plugins\/seo\/ -->\n<title>Blefaroplastia Plexr - Inicio<\/title>\n<meta name=\"robots\" content=\"index, follow, max-snippet:-1, max-image-preview:large, max-video-preview:-1\" \/>\n<link rel=\"canonical\" href=\"https:\/\/estheteclinic.com\/plexr-fibroblast\/\" \/>\n<meta property=\"og:locale\" content=\"es_ES\" \/>\n<meta property=\"og:type\" content=\"article\" \/>\n<meta property=\"og:title\" content=\"Blefaroplastia Plexr - Inicio\" \/>\n<meta property=\"og:description\" content=\"[vc_row][vc_column width=&#8221;2\/3&#8243;][vc_column_text]Hay distintos sistemas l\u00e1ser, t\u00e9cnicas electroquir\u00fargicas y sistemas de luz no l\u00e1ser que se usan com\u00fanmente en la disciplina de rejuvenecimiento de la piel. Plexr es una de las categor\u00edas de este tipo de tratamientos, que usa l\u00e1seres para atacar y evaporar tejidos que contienen fluidos creando un da\u00f1o t\u00e9rmino. Este trauma menor destruir\u00e1...\" \/>\n<meta property=\"og:url\" content=\"https:\/\/estheteclinic.com\/plexr-fibroblast\/\" \/>\n<meta property=\"og:site_name\" content=\"Inicio\" \/>\n<meta property=\"article:modified_time\" content=\"2024-01-19T12:59:55+00:00\" \/>\n<meta property=\"og:image\" content=\"https:\/\/estheteclinic.com\/wp-content\/uploads\/2021\/11\/PLEXR-FIBROBLAST-154156.jpg\" \/>\n\t<meta property=\"og:image:width\" content=\"2500\" \/>\n\t<meta property=\"og:image:height\" content=\"1496\" \/>\n\t<meta property=\"og:image:type\" content=\"image\/jpeg\" \/>\n<meta name=\"twitter:card\" content=\"summary_large_image\" \/>\n<meta name=\"twitter:label1\" content=\"Tiempo de lectura\" \/>\n\t<meta name=\"twitter:data1\" content=\"2 minutos\" \/>\n<script type=\"application\/ld+json\" class=\"yoast-schema-graph\">{\"@context\":\"https:\/\/schema.org\",\"@graph\":[{\"@type\":\"WebPage\",\"@id\":\"https:\/\/estheteclinic.com\/plexr-fibroblast\/\",\"url\":\"https:\/\/estheteclinic.com\/plexr-fibroblast\/\",\"name\":\"Blefaroplastia Plexr - Inicio\",\"isPartOf\":{\"@id\":\"https:\/\/estheteclinic.com\/#website\"},\"primaryImageOfPage\":{\"@id\":\"https:\/\/estheteclinic.com\/plexr-fibroblast\/#primaryimage\"},\"image\":{\"@id\":\"https:\/\/estheteclinic.com\/plexr-fibroblast\/#primaryimage\"},\"thumbnailUrl\":\"https:\/\/estheteclinic.com\/wp-content\/uploads\/2021\/11\/PLEXR-FIBROBLAST-154156.jpg\",\"datePublished\":\"2021-11-06T18:10:04+00:00\",\"dateModified\":\"2024-01-19T12:59:55+00:00\",\"breadcrumb\":{\"@id\":\"https:\/\/estheteclinic.com\/plexr-fibroblast\/#breadcrumb\"},\"inLanguage\":\"es\",\"potentialAction\":[{\"@type\":\"ReadAction\",\"target\":[\"https:\/\/estheteclinic.com\/plexr-fibroblast\/\"]}]},{\"@type\":\"ImageObject\",\"inLanguage\":\"es\",\"@id\":\"https:\/\/estheteclinic.com\/plexr-fibroblast\/#primaryimage\",\"url\":\"https:\/\/estheteclinic.com\/wp-content\/uploads\/2021\/11\/PLEXR-FIBROBLAST-154156.jpg\",\"contentUrl\":\"https:\/\/estheteclinic.com\/wp-content\/uploads\/2021\/11\/PLEXR-FIBROBLAST-154156.jpg\",\"width\":2500,\"height\":1496,\"caption\":\"Plexr Fibroblast\"},{\"@type\":\"BreadcrumbList\",\"@id\":\"https:\/\/estheteclinic.com\/plexr-fibroblast\/#breadcrumb\",\"itemListElement\":[{\"@type\":\"ListItem\",\"position\":1,\"name\":\"Home\",\"item\":\"https:\/\/estheteclinic.com\/es\/\"},{\"@type\":\"ListItem\",\"position\":2,\"name\":\"Blefaroplastia Plexr\"}]},{\"@type\":\"WebSite\",\"@id\":\"https:\/\/estheteclinic.com\/#website\",\"url\":\"https:\/\/estheteclinic.com\/\",\"name\":\"Inicio\",\"description\":\"Plastic Surgery &amp; Hair Transplant in Turkey\",\"potentialAction\":[{\"@type\":\"SearchAction\",\"target\":{\"@type\":\"EntryPoint\",\"urlTemplate\":\"https:\/\/estheteclinic.com\/?s={search_term_string}\"},\"query-input\":\"required name=search_term_string\"}],\"inLanguage\":\"es\"}]}<\/script>\n<!-- \/ Yoast SEO plugin. -->","yoast_head_json":{"title":"Blefaroplastia Plexr - Inicio","robots":{"index":"index","follow":"follow","max-snippet":"max-snippet:-1","max-image-preview":"max-image-preview:large","max-video-preview":"max-video-preview:-1"},"canonical":"https:\/\/estheteclinic.com\/plexr-fibroblast\/","og_locale":"es_ES","og_type":"article","og_title":"Blefaroplastia Plexr - Inicio","og_description":"[vc_row][vc_column width=&#8221;2\/3&#8243;][vc_column_text]Hay distintos sistemas l\u00e1ser, t\u00e9cnicas electroquir\u00fargicas y sistemas de luz no l\u00e1ser que se usan com\u00fanmente en la disciplina de rejuvenecimiento de la piel. Plexr es una de las categor\u00edas de este tipo de tratamientos, que usa l\u00e1seres para atacar y evaporar tejidos que contienen fluidos creando un da\u00f1o t\u00e9rmino. Este trauma menor destruir\u00e1...","og_url":"https:\/\/estheteclinic.com\/plexr-fibroblast\/","og_site_name":"Inicio","article_modified_time":"2024-01-19T12:59:55+00:00","og_image":[{"width":2500,"height":1496,"url":"https:\/\/estheteclinic.com\/wp-content\/uploads\/2021\/11\/PLEXR-FIBROBLAST-154156.jpg","type":"image\/jpeg"}],"twitter_card":"summary_large_image","twitter_misc":{"Tiempo de lectura":"2 minutos"},"schema":{"@context":"https:\/\/schema.org","@graph":[{"@type":"WebPage","@id":"https:\/\/estheteclinic.com\/plexr-fibroblast\/","url":"https:\/\/estheteclinic.com\/plexr-fibroblast\/","name":"Blefaroplastia Plexr - Inicio","isPartOf":{"@id":"https:\/\/estheteclinic.com\/#website"},"primaryImageOfPage":{"@id":"https:\/\/estheteclinic.com\/plexr-fibroblast\/#primaryimage"},"image":{"@id":"https:\/\/estheteclinic.com\/plexr-fibroblast\/#primaryimage"},"thumbnailUrl":"https:\/\/estheteclinic.com\/wp-content\/uploads\/2021\/11\/PLEXR-FIBROBLAST-154156.jpg","datePublished":"2021-11-06T18:10:04+00:00","dateModified":"2024-01-19T12:59:55+00:00","breadcrumb":{"@id":"https:\/\/estheteclinic.com\/plexr-fibroblast\/#breadcrumb"},"inLanguage":"es","potentialAction":[{"@type":"ReadAction","target":["https:\/\/estheteclinic.com\/plexr-fibroblast\/"]}]},{"@type":"ImageObject","inLanguage":"es","@id":"https:\/\/estheteclinic.com\/plexr-fibroblast\/#primaryimage","url":"https:\/\/estheteclinic.com\/wp-content\/uploads\/2021\/11\/PLEXR-FIBROBLAST-154156.jpg","contentUrl":"https:\/\/estheteclinic.com\/wp-content\/uploads\/2021\/11\/PLEXR-FIBROBLAST-154156.jpg","width":2500,"height":1496,"caption":"Plexr Fibroblast"},{"@type":"BreadcrumbList","@id":"https:\/\/estheteclinic.com\/plexr-fibroblast\/#breadcrumb","itemListElement":[{"@type":"ListItem","position":1,"name":"Home","item":"https:\/\/estheteclinic.com\/es\/"},{"@type":"ListItem","position":2,"name":"Blefaroplastia Plexr"}]},{"@type":"WebSite","@id":"https:\/\/estheteclinic.com\/#website","url":"https:\/\/estheteclinic.com\/","name":"Inicio","description":"Plastic Surgery &amp; Hair Transplant in Turkey","potentialAction":[{"@type":"SearchAction","target":{"@type":"EntryPoint","urlTemplate":"https:\/\/estheteclinic.com\/?s={search_term_string}"},"query-input":"required name=search_term_string"}],"inLanguage":"es"}]}},"_links":{"self":[{"href":"https:\/\/estheteclinic.com\/es\/wp-json\/wp\/v2\/pages\/8204","targetHints":{"allow":["GET"]}}],"collection":[{"href":"https:\/\/estheteclinic.com\/es\/wp-json\/wp\/v2\/pages"}],"about":[{"href":"https:\/\/estheteclinic.com\/es\/wp-json\/wp\/v2\/types\/page"}],"author":[{"embeddable":true,"href":"https:\/\/estheteclinic.com\/es\/wp-json\/wp\/v2\/users\/3"}],"replies":[{"embeddable":true,"href":"https:\/\/estheteclinic.com\/es\/wp-json\/wp\/v2\/comments?post=8204"}],"version-history":[{"count":3,"href":"https:\/\/estheteclinic.com\/es\/wp-json\/wp\/v2\/pages\/8204\/revisions"}],"predecessor-version":[{"id":8998,"href":"https:\/\/estheteclinic.com\/es\/wp-json\/wp\/v2\/pages\/8204\/revisions\/8998"}],"wp:featuredmedia":[{"embeddable":true,"href":"https:\/\/estheteclinic.com\/es\/wp-json\/wp\/v2\/media\/8488"}],"wp:attachment":[{"href":"https:\/\/estheteclinic.com\/es\/wp-json\/wp\/v2\/media?parent=8204"}],"curies":[{"name":"wp","href":"https:\/\/api.w.org\/{rel}","templated":true}]}}