{"id":8215,"date":"2021-11-06T18:12:48","date_gmt":"2021-11-06T18:12:48","guid":{"rendered":"http:\/\/estheteclinic.com\/?page_id=8215"},"modified":"2021-11-11T06:27:55","modified_gmt":"2021-11-11T06:27:55","slug":"rinoplastia","status":"publish","type":"page","link":"https:\/\/estheteclinic.com\/es\/rinoplastia\/","title":{"rendered":"Rinoplastia"},"content":{"rendered":"<p>[vc_row][vc_column width=&#8221;2\/3&#8243;][vc_column_text]La nariz tiene un valor significativo en t\u00e9rminos de su funci\u00f3n en la respiraci\u00f3n y de su apariencia est\u00e9tica, dada su ubicaci\u00f3n en el medio del rostro.<\/p>\n<p>Los procedimientos que involucran la nariz y su apariencia deben ser planificados con mucho cuidado en todos los aspectos y deben ser realizados con elegancia. La cirug\u00eda est\u00e9tica de la nariz, llamada rinoplastia, puede reducir el tama\u00f1o de la nariz, cambiar la forma de la punta, estrechar o agrandar las fosas nasales y alterar el \u00e1ngulo entre el labio superior y la nariz.<\/p>\n<p>La rinoplastia puede ayudar a corregir defectos cong\u00e9nitos, lesiones nasales y algunos problemas respiratorios. Debes informar a tu m\u00e9dico todas tus quejas sobre tu nariz detalladamente. Esto evitar\u00e1 desilusiones luego de la cirug\u00eda.<\/p>\n<h2><strong>Candidatos para la Rinoplastia<\/strong><\/h2>\n<p>En Esthete Clinic, nos gusta asegurar la seguridad de nuestros pacientes y nuestra prioridad siempre ser\u00e1 su salud. Por este motivo, normalmente solo permitimos que las personas que cumplan con los siguientes criterios puedan optar por una rinoplastia:<\/p>\n<ul>\n<li>Personas con expectativas reales.<\/li>\n<li>Personas psicol\u00f3gicamente estables.<\/li>\n<li>Personas sin condiciones cr\u00f3nicas o graves.<\/li>\n<li>Personas con problemas respiratorios asociados a defectos anat\u00f3micos.<\/li>\n<\/ul>\n<h2><strong>Tipos de Rinoplastias<\/strong><\/h2>\n<p>No existe un m\u00e9todo est\u00e9tico general para la cirug\u00eda de nariz que pueda servir para todos. Algunos pacientes pueden requerir una rinoplastia cerrada, otros pueden requerir una rinoplastia abierta. Todo depender\u00e1 de la forma de tu nariz y los cambios que desees hacer.<\/p>\n<p>En una rinoplastia abierta, tu m\u00e9dico har\u00e1 incisiones por fuera de la nariz. En la mayor\u00eda de los casos, es una opci\u00f3n para fines est\u00e9ticos.<\/p>\n<p>Por otro lado, la rinoplastia cerrada hace las incisiones en la parte interior de la nariz. Estas cirug\u00edas corrigen problemas respiratorios, as\u00ed como asuntos est\u00e9ticos.<\/p>\n<h2><strong>Preparaci\u00f3n para una Rinoplastia<\/strong><\/h2>\n<p>Nuestros cirujanos de Esthete Clinic te preparar\u00e1n para una rinoplastia en distintas consultas, donde discutir\u00e1n contigo tus metas est\u00e9ticas. A pesar de que har\u00e1n todo lo posible para ayudarte a conseguir los resultados que quieres, nuestros cirujanos te propondr\u00e1n la mejor forma de nariz para ti.<\/p>\n<p>Usando software moderno, te ayudaremos a predecir c\u00f3mo cambiar\u00e1 tu rostro con la forma de nariz propuesta. Si lo apruebas, podr\u00e1s comenzar a preparar tu cuerpo para la rinoplastia siguiendo las instrucciones a continuaci\u00f3n:<\/p>\n<ul>\n<li>Si bebes alcohol, debes parar 2 semanas antes de la rinoplastia.<\/li>\n<li>Si fumas, debes dejar el cigarro 2 semanas antes de la rinoplastia.<\/li>\n<li>Deja de usar vitamina E y anticoagulantes 2 semanas antes de la rinoplastia.<\/li>\n<\/ul>\n<h2><strong>Procedimiento de la Rinoplastia<\/strong><\/h2>\n<h3><strong>Pre-cirug\u00eda: Anestesia en la rinoplastia<\/strong><\/h3>\n<p>La rinoplastia puede hacerse de dos maneras: bajo anestesia general, en la cual la persona est\u00e1 completamente anestesiada durante el procedimiento, o bajo anestesia local con sedaci\u00f3n, donde solo el \u00e1rea a operar ser\u00e1 anestesiada.<\/p>\n<p>Nuestros cirujanos de Esthete Clinic te explicar\u00e1n los dos casos detalladamente y decidir\u00e1n contigo la forma de anestesia que m\u00e1s te conviene.<\/p>\n<h3><strong>Cirug\u00eda<\/strong><\/h3>\n<p>Tu m\u00e9dico realizar\u00e1 el procedimiento y har\u00e1 los cambios necesarios para lograr tus metas est\u00e9ticas.<\/p>\n<h3><strong>Post-cirug\u00eda<\/strong><\/h3>\n<p>Cuando termine la cirug\u00eda y te trasladen a tu habitaci\u00f3n, tendr\u00e1s una f\u00e9rula sobre tu nariz que se extender\u00e1 hasta tu frente y tus mejillas, adem\u00e1s de unas almohadillas.<\/p>\n<p>Si se aplica un empaque nasal, normalmente se retirar\u00e1 al d\u00eda siguiente o a los dos d\u00edas despu\u00e9s de la cirug\u00eda. Aunque no existir\u00e1 mucho dolor en la primera hora tras la operaci\u00f3n, es posible que sientas n\u00e1useas y mareos.<\/p>\n<p>Nuestros cirujanos en Esthete Clinic te recetar\u00e1n los medicamentos adecuados para aliviar estos s\u00edntomas.<\/p>\n<p>Solo podr\u00e1s ingerir l\u00edquidos y alimentos blandos cuatro horas despu\u00e9s de la operaci\u00f3n y nuestro personal de enfermer\u00eda te ayudar\u00e1 a movilizarte.<\/p>\n<p>Si tu situaci\u00f3n se estabiliza, te daremos de alta en la noche o la ma\u00f1ana siguiente. Un veh\u00edculo privado te llevar\u00e1 a tu alojamiento de 5 estrellas, donde podr\u00e1s descansar despu\u00e9s de la cirug\u00eda.<\/p>\n<h2><strong>Duraci\u00f3n de la Rinoplastia<\/strong><\/h2>\n<p>A pesar de que la duraci\u00f3n de la rinoplastia var\u00eda seg\u00fan tus necesidades, es un procedimiento que suele tardar de 1.5 a 2 horas.<\/p>\n<h2><strong>Recuperaci\u00f3n de la Rinoplastia<\/strong><\/h2>\n<p>Deber\u00e1s descansar las primeras 48 horas despu\u00e9s de la cirug\u00eda. Para aliviar la inflamaci\u00f3n, aplica compresas fr\u00edas por 15 minutos cada dos horas en la frente y las mejillas. Nunca apliques la compresa directamente sobre tu nariz porque podr\u00eda arruinar el proceso de sanaci\u00f3n y los resultados de tu rinoplastia.<\/p>\n<p>A partir del tercer d\u00eda, la inflamaci\u00f3n y los moretones comenzar\u00e1n a desaparecer. Mientras tanto, deber\u00edas retomar gradualmente tus actividades diarias. Una o dos semanas despu\u00e9s de la operaci\u00f3n, nuestros cirujanos te llamar\u00e1n para retirar la f\u00e9rula y sustituirla por una cinta delgada. El objetivo es controlar la inflamaci\u00f3n que podr\u00eda ocurrir en la nariz despu\u00e9s de quitar el yeso.<\/p>\n<p>Deber\u00e1s usar la cinta por aproximadamente una semana. Si bien podr\u00e1s ver la forma de la nariz una vez que el cirujano retire el yeso, debes entender que no es el resultado final. Normalmente se requiere m\u00e1s tiempo para que los detalles se perciban despu\u00e9s de una rinoplastia. Particularmente en los primeros meses, la nariz podr\u00eda hincharse m\u00e1s en la ma\u00f1ana y desinflamarse durante el d\u00eda. Dependiendo de la intensidad de los procedimientos realizados sobre la punta de la nariz y de las t\u00e9cnicas usadas, es posible que exista adormecimiento y rigidez en la punta de la nariz, algo que a veces puede durar meses en mejorar.<\/p>\n<p>No debes sonar tu nariz ni aplicar presi\u00f3n a ella luego de una rinoplastia. Por ello, no recomendamos que hagas ejercicios que requieran un esfuerzo corporal ni que uses tus anteojos durante las 8 semanas posteriores al procedimiento.<\/p>\n<p>De igual manera, para prevenir la formaci\u00f3n de edemas, no uses saunas, ba\u00f1os de sol ni ba\u00f1os de vapor por 8 semanas. Por otro lado, puedes practicar ejercicios ligeros, nataci\u00f3n y deportes individuales a partir de la segunda semana.<\/p>\n<p>Es posible que respirar sea inc\u00f3modo durante los primeros d\u00edas y semanas despu\u00e9s de la cirug\u00eda debido a la edema y las costras en la nariz.<\/p>\n<p>En este per\u00edodo, debes usar los ung\u00fcentos y cremas que te prescribiremos para solucionar estas incomodidades.<\/p>\n<p>Nuestro equipo en Esthete Clinic vigilar\u00e1 tu per\u00edodo de sanaci\u00f3n haci\u00e9ndote un seguimiento el primero, tercer, sexto y d\u00e9cimo segundo mes despu\u00e9s de la operaci\u00f3n. Realizaremos comparaciones de antes y despu\u00e9s con las fotograf\u00edas tomadas.[\/vc_column_text][\/vc_column][vc_column width=&#8221;1\/3&#8243; el_class=&#8221;sticky_contact_form_ttttt&#8221;]\n<div class=\"wpcf7 no-js\" id=\"wpcf7-f7799-o1\" lang=\"es-ES\" dir=\"ltr\">\n<div class=\"screen-reader-response\"><p role=\"status\" aria-live=\"polite\" aria-atomic=\"true\"><\/p> <ul><\/ul><\/div>\n<form action=\"\/es\/wp-json\/wp\/v2\/pages\/8215#wpcf7-f7799-o1\" method=\"post\" class=\"wpcf7-form init\" aria-label=\"Formulario de contacto\" novalidate=\"novalidate\" data-status=\"init\">\n<div style=\"display: none;\">\n<input type=\"hidden\" name=\"_wpcf7\" value=\"7799\" \/>\n<input type=\"hidden\" name=\"_wpcf7_version\" value=\"5.9.6\" \/>\n<input type=\"hidden\" name=\"_wpcf7_locale\" value=\"es_ES\" \/>\n<input type=\"hidden\" name=\"_wpcf7_unit_tag\" value=\"wpcf7-f7799-o1\" \/>\n<input type=\"hidden\" name=\"_wpcf7_container_post\" value=\"0\" \/>\n<input type=\"hidden\" name=\"_wpcf7_posted_data_hash\" value=\"\" \/>\n<\/div>\n<div class=\"contact_form_sticky_cf7\">\n\t<h3 style=\"text-align:center;color:white;\">Consigue una Consulta Gratuita\n\t<\/h3>\n\t<p style=\"text-align:center;color:white;\">Por favor completa el formulario a continuaci\u00f3n y te contactaremos a la brevedad\n\t<\/p>\n\t<div class=\"contact-page1 row\">\n\t\t<div class=\"col-sm-6\">\n\t\t\t<p><span class=\"wpcf7-form-control-wrap\" data-name=\"nameeeee\"><input size=\"40\" maxlength=\"80\" class=\"wpcf7-form-control wpcf7-text wpcf7-validates-as-required\" aria-required=\"true\" aria-invalid=\"false\" placeholder=\"Tu nombre*\" value=\"\" type=\"text\" name=\"nameeeee\" \/><\/span>\n\t\t\t<\/p>\n\t\t<\/div>\n\t\t<div class=\"col-sm-6\">\n\t\t\t<p><span class=\"wpcf7-form-control-wrap\" data-name=\"emaillll\"><input size=\"40\" maxlength=\"80\" class=\"wpcf7-form-control wpcf7-email wpcf7-text wpcf7-validates-as-email\" aria-invalid=\"false\" placeholder=\"Tu correo electr\u00f3nico\" value=\"\" type=\"email\" name=\"emaillll\" \/><\/span>\n\t\t\t<\/p>\n\t\t<\/div>\n\t\t<div class=\"col-sm-12\" style=\"padding-bottom:20px;\">\n\t\t\t<p>[phonetext* phoneeee numberonly]\n\t\t\t<\/p>\n\t\t<\/div>\n\t\t<div class=\"col-sm-12\">\n\t\t\t<p><span class=\"wpcf7-form-control-wrap\" data-name=\"messageeeeee\"><textarea cols=\"40\" rows=\"10\" maxlength=\"400\" class=\"wpcf7-form-control wpcf7-textarea\" aria-invalid=\"false\" placeholder=\"Mensaje\" name=\"messageeeeee\"><\/textarea><\/span>\n\t\t\t<\/p>\n\t\t<\/div>\n\t<\/div>\n\t<p><input class=\"wpcf7-form-control wpcf7-submit has-spinner\" type=\"submit\" value=\"Enviar\" \/>\n\t<\/p>\n<\/div><div class=\"wpcf7-response-output\" aria-hidden=\"true\"><\/div>\n<\/form>\n<\/div>\n[\/vc_column][\/vc_row]<\/p>\n","protected":false},"excerpt":{"rendered":"<p>[vc_row][vc_column width=&#8221;2\/3&#8243;][vc_column_text]La nariz tiene un valor significativo en t\u00e9rminos de su funci\u00f3n en la respiraci\u00f3n y de su apariencia est\u00e9tica, dada su ubicaci\u00f3n en el medio del rostro. Los procedimientos que involucran la nariz y su apariencia deben ser planificados con mucho cuidado en todos los aspectos y deben ser realizados con elegancia. La cirug\u00eda&#8230;<\/p>\n","protected":false},"author":3,"featured_media":8508,"parent":0,"menu_order":0,"comment_status":"closed","ping_status":"closed","template":"","meta":{"footnotes":""},"class_list":["post-8215","page","type-page","status-publish","has-post-thumbnail","hentry"],"yoast_head":"<!-- This site is optimized with the Yoast SEO plugin v23.0 - https:\/\/yoast.com\/wordpress\/plugins\/seo\/ -->\n<title>Rinoplastia - Inicio<\/title>\n<meta name=\"robots\" content=\"index, follow, max-snippet:-1, max-image-preview:large, max-video-preview:-1\" \/>\n<link rel=\"canonical\" href=\"https:\/\/estheteclinic.com\/rhinoplasty\/\" \/>\n<meta property=\"og:locale\" content=\"es_ES\" \/>\n<meta property=\"og:type\" content=\"article\" \/>\n<meta property=\"og:title\" content=\"Rinoplastia - Inicio\" \/>\n<meta property=\"og:description\" content=\"[vc_row][vc_column width=&#8221;2\/3&#8243;][vc_column_text]La nariz tiene un valor significativo en t\u00e9rminos de su funci\u00f3n en la respiraci\u00f3n y de su apariencia est\u00e9tica, dada su ubicaci\u00f3n en el medio del rostro. Los procedimientos que involucran la nariz y su apariencia deben ser planificados con mucho cuidado en todos los aspectos y deben ser realizados con elegancia. La cirug\u00eda...\" \/>\n<meta property=\"og:url\" content=\"https:\/\/estheteclinic.com\/rhinoplasty\/\" \/>\n<meta property=\"og:site_name\" content=\"Inicio\" \/>\n<meta property=\"article:modified_time\" content=\"2021-11-11T06:27:55+00:00\" \/>\n<meta property=\"og:image\" content=\"https:\/\/estheteclinic.com\/wp-content\/uploads\/2021\/11\/rhinoplasty-0111123.jpg\" \/>\n\t<meta property=\"og:image:width\" content=\"2500\" \/>\n\t<meta property=\"og:image:height\" content=\"1668\" \/>\n\t<meta property=\"og:image:type\" content=\"image\/jpeg\" \/>\n<meta name=\"twitter:card\" content=\"summary_large_image\" \/>\n<meta name=\"twitter:label1\" content=\"Tiempo de lectura\" \/>\n\t<meta name=\"twitter:data1\" content=\"6 minutos\" \/>\n<script type=\"application\/ld+json\" class=\"yoast-schema-graph\">{\"@context\":\"https:\/\/schema.org\",\"@graph\":[{\"@type\":\"WebPage\",\"@id\":\"https:\/\/estheteclinic.com\/rhinoplasty\/\",\"url\":\"https:\/\/estheteclinic.com\/rhinoplasty\/\",\"name\":\"Rinoplastia - Inicio\",\"isPartOf\":{\"@id\":\"https:\/\/estheteclinic.com\/#website\"},\"primaryImageOfPage\":{\"@id\":\"https:\/\/estheteclinic.com\/rhinoplasty\/#primaryimage\"},\"image\":{\"@id\":\"https:\/\/estheteclinic.com\/rhinoplasty\/#primaryimage\"},\"thumbnailUrl\":\"https:\/\/estheteclinic.com\/wp-content\/uploads\/2021\/11\/rhinoplasty-0111123.jpg\",\"datePublished\":\"2021-11-06T18:12:48+00:00\",\"dateModified\":\"2021-11-11T06:27:55+00:00\",\"breadcrumb\":{\"@id\":\"https:\/\/estheteclinic.com\/rhinoplasty\/#breadcrumb\"},\"inLanguage\":\"es\",\"potentialAction\":[{\"@type\":\"ReadAction\",\"target\":[\"https:\/\/estheteclinic.com\/rhinoplasty\/\"]}]},{\"@type\":\"ImageObject\",\"inLanguage\":\"es\",\"@id\":\"https:\/\/estheteclinic.com\/rhinoplasty\/#primaryimage\",\"url\":\"https:\/\/estheteclinic.com\/wp-content\/uploads\/2021\/11\/rhinoplasty-0111123.jpg\",\"contentUrl\":\"https:\/\/estheteclinic.com\/wp-content\/uploads\/2021\/11\/rhinoplasty-0111123.jpg\",\"width\":2500,\"height\":1668,\"caption\":\"Rhinoplasty\"},{\"@type\":\"BreadcrumbList\",\"@id\":\"https:\/\/estheteclinic.com\/rhinoplasty\/#breadcrumb\",\"itemListElement\":[{\"@type\":\"ListItem\",\"position\":1,\"name\":\"Home\",\"item\":\"https:\/\/estheteclinic.com\/es\/\"},{\"@type\":\"ListItem\",\"position\":2,\"name\":\"Rinoplastia\"}]},{\"@type\":\"WebSite\",\"@id\":\"https:\/\/estheteclinic.com\/#website\",\"url\":\"https:\/\/estheteclinic.com\/\",\"name\":\"Inicio\",\"description\":\"Plastic Surgery &amp; Hair Transplant in Turkey\",\"potentialAction\":[{\"@type\":\"SearchAction\",\"target\":{\"@type\":\"EntryPoint\",\"urlTemplate\":\"https:\/\/estheteclinic.com\/?s={search_term_string}\"},\"query-input\":\"required name=search_term_string\"}],\"inLanguage\":\"es\"}]}<\/script>\n<!-- \/ Yoast SEO plugin. -->","yoast_head_json":{"title":"Rinoplastia - Inicio","robots":{"index":"index","follow":"follow","max-snippet":"max-snippet:-1","max-image-preview":"max-image-preview:large","max-video-preview":"max-video-preview:-1"},"canonical":"https:\/\/estheteclinic.com\/rhinoplasty\/","og_locale":"es_ES","og_type":"article","og_title":"Rinoplastia - Inicio","og_description":"[vc_row][vc_column width=&#8221;2\/3&#8243;][vc_column_text]La nariz tiene un valor significativo en t\u00e9rminos de su funci\u00f3n en la respiraci\u00f3n y de su apariencia est\u00e9tica, dada su ubicaci\u00f3n en el medio del rostro. Los procedimientos que involucran la nariz y su apariencia deben ser planificados con mucho cuidado en todos los aspectos y deben ser realizados con elegancia. La cirug\u00eda...","og_url":"https:\/\/estheteclinic.com\/rhinoplasty\/","og_site_name":"Inicio","article_modified_time":"2021-11-11T06:27:55+00:00","og_image":[{"width":2500,"height":1668,"url":"https:\/\/estheteclinic.com\/wp-content\/uploads\/2021\/11\/rhinoplasty-0111123.jpg","type":"image\/jpeg"}],"twitter_card":"summary_large_image","twitter_misc":{"Tiempo de lectura":"6 minutos"},"schema":{"@context":"https:\/\/schema.org","@graph":[{"@type":"WebPage","@id":"https:\/\/estheteclinic.com\/rhinoplasty\/","url":"https:\/\/estheteclinic.com\/rhinoplasty\/","name":"Rinoplastia - Inicio","isPartOf":{"@id":"https:\/\/estheteclinic.com\/#website"},"primaryImageOfPage":{"@id":"https:\/\/estheteclinic.com\/rhinoplasty\/#primaryimage"},"image":{"@id":"https:\/\/estheteclinic.com\/rhinoplasty\/#primaryimage"},"thumbnailUrl":"https:\/\/estheteclinic.com\/wp-content\/uploads\/2021\/11\/rhinoplasty-0111123.jpg","datePublished":"2021-11-06T18:12:48+00:00","dateModified":"2021-11-11T06:27:55+00:00","breadcrumb":{"@id":"https:\/\/estheteclinic.com\/rhinoplasty\/#breadcrumb"},"inLanguage":"es","potentialAction":[{"@type":"ReadAction","target":["https:\/\/estheteclinic.com\/rhinoplasty\/"]}]},{"@type":"ImageObject","inLanguage":"es","@id":"https:\/\/estheteclinic.com\/rhinoplasty\/#primaryimage","url":"https:\/\/estheteclinic.com\/wp-content\/uploads\/2021\/11\/rhinoplasty-0111123.jpg","contentUrl":"https:\/\/estheteclinic.com\/wp-content\/uploads\/2021\/11\/rhinoplasty-0111123.jpg","width":2500,"height":1668,"caption":"Rhinoplasty"},{"@type":"BreadcrumbList","@id":"https:\/\/estheteclinic.com\/rhinoplasty\/#breadcrumb","itemListElement":[{"@type":"ListItem","position":1,"name":"Home","item":"https:\/\/estheteclinic.com\/es\/"},{"@type":"ListItem","position":2,"name":"Rinoplastia"}]},{"@type":"WebSite","@id":"https:\/\/estheteclinic.com\/#website","url":"https:\/\/estheteclinic.com\/","name":"Inicio","description":"Plastic Surgery &amp; Hair Transplant in Turkey","potentialAction":[{"@type":"SearchAction","target":{"@type":"EntryPoint","urlTemplate":"https:\/\/estheteclinic.com\/?s={search_term_string}"},"query-input":"required name=search_term_string"}],"inLanguage":"es"}]}},"_links":{"self":[{"href":"https:\/\/estheteclinic.com\/es\/wp-json\/wp\/v2\/pages\/8215","targetHints":{"allow":["GET"]}}],"collection":[{"href":"https:\/\/estheteclinic.com\/es\/wp-json\/wp\/v2\/pages"}],"about":[{"href":"https:\/\/estheteclinic.com\/es\/wp-json\/wp\/v2\/types\/page"}],"author":[{"embeddable":true,"href":"https:\/\/estheteclinic.com\/es\/wp-json\/wp\/v2\/users\/3"}],"replies":[{"embeddable":true,"href":"https:\/\/estheteclinic.com\/es\/wp-json\/wp\/v2\/comments?post=8215"}],"version-history":[{"count":2,"href":"https:\/\/estheteclinic.com\/es\/wp-json\/wp\/v2\/pages\/8215\/revisions"}],"predecessor-version":[{"id":8512,"href":"https:\/\/estheteclinic.com\/es\/wp-json\/wp\/v2\/pages\/8215\/revisions\/8512"}],"wp:featuredmedia":[{"embeddable":true,"href":"https:\/\/estheteclinic.com\/es\/wp-json\/wp\/v2\/media\/8508"}],"wp:attachment":[{"href":"https:\/\/estheteclinic.com\/es\/wp-json\/wp\/v2\/media?parent=8215"}],"curies":[{"name":"wp","href":"https:\/\/api.w.org\/{rel}","templated":true}]}}