{"id":8225,"date":"2021-11-06T18:14:45","date_gmt":"2021-11-06T18:14:45","guid":{"rendered":"http:\/\/estheteclinic.com\/?page_id=8225"},"modified":"2021-11-26T13:36:34","modified_gmt":"2021-11-26T13:36:34","slug":"levantamiento-de-muslos","status":"publish","type":"page","link":"https:\/\/estheteclinic.com\/es\/levantamiento-de-muslos\/","title":{"rendered":"Levantamiento de Muslos"},"content":{"rendered":"<p>[vc_row][vc_column width=&#8221;2\/3&#8243;][vc_column_text]Existen muchos factores que pueden contribuir con el desarrollo de piel fl\u00e1cida alrededor de los muslos. Desde una p\u00e9rdida de peso dr\u00e1stica hasta el envejecimiento y la falta de ejercicio. El levantamiento de muslos o meloplastia es un procedimiento quir\u00fargico que perfila los muslos y retira el exceso para lograr un cuerpo m\u00e1s firme. El procedimiento puede mejorar significativamente la apariencia y rejuvenecer el \u00e1rea de tus muslos y tu cuerpo en general.<\/p>\n<p>Durante un levantamiento de muslos, tu cirujano podr\u00e1 apuntar a la parte interna o externa del muslo. Esto le da precisi\u00f3n al procedimiento y la capacidad de tratar espec\u00edficamente las \u00e1reas con problemas. Tambi\u00e9n debes tener en cuenta que el levantamiento de muslos solo es necesario si ya has considerado cambiar tu dieta y hacer ejercicios, pues no se trata de una cirug\u00eda de p\u00e9rdida de peso.<\/p>\n<p>De lo contrario, podr\u00e1s complementar el tratamiento con una liposucci\u00f3n para lograr los resultados \u00f3ptimos.<\/p>\n<h2><strong>Candidatos para un Levantamiento de Muslos<\/strong><\/h2>\n<p>Por lo general, la mayor\u00eda de los pacientes que buscan una mejor apariencia est\u00e9tica para sus muslos son aptos para la meloplastia. Pero existen algunos criterios que deber\u00e1s cumplir para calificar para la cirug\u00eda, los cuales son:<\/p>\n<ul>\n<li>Presencia de flacidez en la piel alrededor de los muslos.<\/li>\n<li>Haber mantenido un peso estable. Perder m\u00e1s peso despu\u00e9s del procedimiento puede causar flacidez de la piel nuevamente.<\/li>\n<li>Estabilidad mental.<\/li>\n<li>No tener problemas de cicatrizaci\u00f3n.<\/li>\n<li>Tener expectativas realistas.<\/li>\n<\/ul>\n<h2><strong>\u00bfC\u00f3mo prepararse para un Levantamiento de Muslos?<\/strong><\/h2>\n<p>\u2013 No comas o bebas de 6 a 8 horas antes de un levantamiento de muslos. Consulta a tu m\u00e9dico si no puedes cumplir con este rango de tiempo.<\/p>\n<ul>\n<li>Si bebes alcohol, debes parar 2 semanas antes de tu levantamiento de muslos.<\/li>\n<li>Si fumas, debes dejar el cigarrillo 2 semanas antes de tu levantamiento de muslos.<\/li>\n<li>Deja de usar vitamina E y anticoagulantes 2 semanas antes de tu levantamiento de muslos.<\/li>\n<\/ul>\n<h2><strong>Tipos de Levantamiento de Muslos<\/strong><\/h2>\n<p>Existen varios tipos de levantamientos de muslos que se enfocan en el tratamiento de diferentes \u00e1reas de los muslos. Es posible que puedas requerir uno o m\u00e1s de estos procedimientos juntos para lograr tus metas cosm\u00e9ticas.<\/p>\n<p>Las distintas t\u00e9cnicas de levantamientos de muslos var\u00edan en t\u00e9rminos del tama\u00f1o de las incisiones y la ubicaci\u00f3n en la pierna.<\/p>\n<h2><strong>Levantamiento de Muslos Interno<\/strong><\/h2>\n<p>El levantamiento de muslos interno es ideal cuando la parte interna del muslo tiene flacidez. Este tipo de meloplastia es la m\u00e1s adecuada para excesos rebeldes de tejido adiposo y flacidez que no desaparece con ejercicio o dietas.<\/p>\n<p>Durante este procedimiento, tu cirujano har\u00e1 incisiones justo en la intersecci\u00f3n del muslo con el \u00e1rea p\u00fabica. Esta ubicaci\u00f3n es estrat\u00e9gica porque siempre tendr\u00e1s tu cicatriz en un sitio discreto.<\/p>\n<p>Una vez hecha la incisi\u00f3n, le sigue la remoci\u00f3n del exceso de grasa y piel.<\/p>\n<h2><strong>Mini Levantamiento de Muslos<\/strong><\/h2>\n<p>El mini levantamiento de muslos es tu opci\u00f3n si la flacidez de tu piel afecta la parte superior del muslo. El tratamiento se hace a trav\u00e9s de incisiones en el \u00e1rea de la ingle y desde all\u00ed se trabaja para retirar el exceso de grasa y piel presente.<\/p>\n<p>Este procedimiento solo funciona para la parte superior del muslo, por ello solo dejar\u00e1 una peque\u00f1a cicatriz y permitir\u00e1 una recuperaci\u00f3n m\u00e1s r\u00e1pida.<\/p>\n<h2><strong>Levantamiento de Muslos Bilateral<\/strong><\/h2>\n<p>El levantamiento de muslos bilateral es un procedimiento que apunta a la parte externa del muslo, es decir, la parte lateral y frontal del mismo. Durante el levantamiento bilateral, tu cirujano realizar\u00e1 incisiones de forma que envolver\u00e1n tus caderas externas, empezando desde los gl\u00fateos. Luego comenzar\u00e1 a retirar el exceso de piel y grasa.<\/p>\n<h2><strong>Levantamiento de Muslos Medial<\/strong><\/h2>\n<p>El levantamiento de muslos de la zona medial es un m\u00e9todo que apunta a las \u00e1reas superiores de los muslos internos. Es similar al levantamiento interno, pero se enfoca en un \u00e1rea m\u00e1s amplia del muslo interno.<\/p>\n<p>Durante este tipo de procedimiento, las incisiones comienzan en la ingle y se extienden hasta los gl\u00fateos o la parte exterior de la cadera.<\/p>\n<p>Dependiendo de tus \u00e1reas con problemas, las incisiones tambi\u00e9n podr\u00edan bajar verticalmente desde la ingle. Tu cirujano retirar\u00e1 posteriormente el exceso de piel y grasa alrededor de las incisiones.<\/p>\n<h2><strong>Procedimiento de Levantamiento de Muslos<\/strong><\/h2>\n<h3><strong>Pre-cirug\u00eda<\/strong><\/h3>\n<p>Nuestro equipo de anestesi\u00f3logos te administrar\u00e1 anestesia general. Antes de ello, realizaremos una prueba de sangre rutinaria para asegurarnos de que eres apto para este tipo de anestesia.<\/p>\n<h3><strong>Cirug\u00eda<\/strong><\/h3>\n<p>Tus cirujanos de Esthete Clinic comenzar\u00e1n a realizar las incisiones en las \u00e1reas que ambos discutieron previamente. Puede que requieras m\u00e1s de un tipo de t\u00e9cnica de levantamiento de muslos o un \u00fanico procedimiento sencillo para corregir tus problemas est\u00e9ticos.<\/p>\n<p>Despu\u00e9s de retirar el exceso de piel, tu cirujano la alisar\u00e1 y fijar\u00e1 los cambios usando suturas.<\/p>\n<h3><strong>Post-cirug\u00eda<\/strong><\/h3>\n<p>Permanecer\u00e1s en el quir\u00f3fano por 30 a 60 minutos antes de ser trasladado por el equipo de Esthete Clinic a tu habitaci\u00f3n. Una vez que la anestesia haya desaparecido, puede que comiences a sentir algo de dolor. Esto no deber\u00eda ser causa de preocupaci\u00f3n, pues los m\u00e9dicos te dar\u00e1n analg\u00e9sicos.<\/p>\n<p>No podr\u00e1s ver los resultados inmediatamente porque las \u00e1reas tratadas ser\u00e1n vendadas. Se instalar\u00e1n drenajes bajo las vendas para retirar las descargas de fluidos de las heridas. Tambi\u00e9n estar\u00e1s usando ropas de compresi\u00f3n dise\u00f1adas para reducir al m\u00e1ximo la inflamaci\u00f3n.<\/p>\n<p>Antes de darte de alta, nuestro equipo en Esthete Clinic te dar\u00e1 instrucciones sobre c\u00f3mo tomar tus medicamentos, adem\u00e1s de c\u00f3mo debes moverte para que evites abrir tus heridas.<\/p>\n<h2><strong>Recuperaci\u00f3n tras un Levantamiento de Muslos<\/strong><\/h2>\n<ul>\n<li>Evita completamente los anticoagulantes y antiinflamatorios como aspirina o ibuprofeno por, al menos, una semana.<\/li>\n<li>La inflamaci\u00f3n y los hematomas son naturales y desaparecer\u00e1n solos.<\/li>\n<li>Debes evitar ejercicios intensos, desde subir escaleras hasta hacer sentadillas. Pero debes moverte con ligereza y de vez en cuando para mejorar la circulaci\u00f3n de la sangre.<\/li>\n<li>Podr\u00e1s ducharte a los 2 d\u00edas despu\u00e9s de la operaci\u00f3n, cuando tu m\u00e9dico retire los drenajes y las ropas de compresi\u00f3n.<\/li>\n<li>Debes usar ropas de compresi\u00f3n por un mes luego de la cirug\u00eda.<\/li>\n<li>Podr\u00e1s retomar tus actividades diarias y volver a conducir en 2 a 3 semanas.<\/li>\n<li>Podr\u00e1s retomar tus rutinas de ejercicios despu\u00e9s de 6 a 8 semanas.<\/li>\n<\/ul>\n<h2><strong>Resultados de un Levantamiento de Muslos<\/strong><\/h2>\n<p>Los resultados del levantamiento de muslos son inmediatos, pero mejorar\u00e1n con el paso del tiempo. Normalmente, los resultados \u00f3ptimos se observan 12 meses despu\u00e9s de la operaci\u00f3n.<\/p>\n<p>Los cuidados posteriores son esenciales para tu resultado final, as\u00ed que aseg\u00farate de tom\u00e1rtelos muy en serio.[\/vc_column_text][\/vc_column][vc_column width=&#8221;1\/3&#8243; el_class=&#8221;sticky_contact_form_ttttt&#8221;]\n<div class=\"wpcf7 no-js\" id=\"wpcf7-f7799-o1\" lang=\"es-ES\" dir=\"ltr\">\n<div class=\"screen-reader-response\"><p role=\"status\" aria-live=\"polite\" aria-atomic=\"true\"><\/p> <ul><\/ul><\/div>\n<form action=\"\/es\/wp-json\/wp\/v2\/pages\/8225#wpcf7-f7799-o1\" method=\"post\" class=\"wpcf7-form init\" aria-label=\"Formulario de contacto\" novalidate=\"novalidate\" data-status=\"init\">\n<div style=\"display: none;\">\n<input type=\"hidden\" name=\"_wpcf7\" value=\"7799\" \/>\n<input type=\"hidden\" name=\"_wpcf7_version\" value=\"5.9.6\" \/>\n<input type=\"hidden\" name=\"_wpcf7_locale\" value=\"es_ES\" \/>\n<input type=\"hidden\" name=\"_wpcf7_unit_tag\" value=\"wpcf7-f7799-o1\" \/>\n<input type=\"hidden\" name=\"_wpcf7_container_post\" value=\"0\" \/>\n<input type=\"hidden\" name=\"_wpcf7_posted_data_hash\" value=\"\" \/>\n<\/div>\n<div class=\"contact_form_sticky_cf7\">\n\t<h3 style=\"text-align:center;color:white;\">Consigue una Consulta Gratuita\n\t<\/h3>\n\t<p style=\"text-align:center;color:white;\">Por favor completa el formulario a continuaci\u00f3n y te contactaremos a la brevedad\n\t<\/p>\n\t<div class=\"contact-page1 row\">\n\t\t<div class=\"col-sm-6\">\n\t\t\t<p><span class=\"wpcf7-form-control-wrap\" data-name=\"nameeeee\"><input size=\"40\" maxlength=\"80\" class=\"wpcf7-form-control wpcf7-text wpcf7-validates-as-required\" aria-required=\"true\" aria-invalid=\"false\" placeholder=\"Tu nombre*\" value=\"\" type=\"text\" name=\"nameeeee\" \/><\/span>\n\t\t\t<\/p>\n\t\t<\/div>\n\t\t<div class=\"col-sm-6\">\n\t\t\t<p><span class=\"wpcf7-form-control-wrap\" data-name=\"emaillll\"><input size=\"40\" maxlength=\"80\" class=\"wpcf7-form-control wpcf7-email wpcf7-text wpcf7-validates-as-email\" aria-invalid=\"false\" placeholder=\"Tu correo electr\u00f3nico\" value=\"\" type=\"email\" name=\"emaillll\" \/><\/span>\n\t\t\t<\/p>\n\t\t<\/div>\n\t\t<div class=\"col-sm-12\" style=\"padding-bottom:20px;\">\n\t\t\t<p>[phonetext* phoneeee numberonly]\n\t\t\t<\/p>\n\t\t<\/div>\n\t\t<div class=\"col-sm-12\">\n\t\t\t<p><span class=\"wpcf7-form-control-wrap\" data-name=\"messageeeeee\"><textarea cols=\"40\" rows=\"10\" maxlength=\"400\" class=\"wpcf7-form-control wpcf7-textarea\" aria-invalid=\"false\" placeholder=\"Mensaje\" name=\"messageeeeee\"><\/textarea><\/span>\n\t\t\t<\/p>\n\t\t<\/div>\n\t<\/div>\n\t<p><input class=\"wpcf7-form-control wpcf7-submit has-spinner\" type=\"submit\" value=\"Enviar\" \/>\n\t<\/p>\n<\/div><div class=\"wpcf7-response-output\" aria-hidden=\"true\"><\/div>\n<\/form>\n<\/div>\n[\/vc_column][\/vc_row]<\/p>\n","protected":false},"excerpt":{"rendered":"<p>[vc_row][vc_column width=&#8221;2\/3&#8243;][vc_column_text]Existen muchos factores que pueden contribuir con el desarrollo de piel fl\u00e1cida alrededor de los muslos. Desde una p\u00e9rdida de peso dr\u00e1stica hasta el envejecimiento y la falta de ejercicio. El levantamiento de muslos o meloplastia es un procedimiento quir\u00fargico que perfila los muslos y retira el exceso para lograr un cuerpo m\u00e1s firme&#8230;.<\/p>\n","protected":false},"author":3,"featured_media":8635,"parent":0,"menu_order":0,"comment_status":"closed","ping_status":"closed","template":"","meta":{"footnotes":""},"class_list":["post-8225","page","type-page","status-publish","has-post-thumbnail","hentry"],"yoast_head":"<!-- This site is optimized with the Yoast SEO plugin v23.0 - https:\/\/yoast.com\/wordpress\/plugins\/seo\/ -->\n<title>Levantamiento de Muslos - Inicio<\/title>\n<meta name=\"robots\" content=\"index, follow, max-snippet:-1, max-image-preview:large, max-video-preview:-1\" \/>\n<link rel=\"canonical\" href=\"https:\/\/estheteclinic.com\/thigh-lift\/\" \/>\n<meta property=\"og:locale\" content=\"es_ES\" \/>\n<meta property=\"og:type\" content=\"article\" \/>\n<meta property=\"og:title\" content=\"Levantamiento de Muslos - Inicio\" \/>\n<meta property=\"og:description\" content=\"[vc_row][vc_column width=&#8221;2\/3&#8243;][vc_column_text]Existen muchos factores que pueden contribuir con el desarrollo de piel fl\u00e1cida alrededor de los muslos. Desde una p\u00e9rdida de peso dr\u00e1stica hasta el envejecimiento y la falta de ejercicio. El levantamiento de muslos o meloplastia es un procedimiento quir\u00fargico que perfila los muslos y retira el exceso para lograr un cuerpo m\u00e1s firme....\" \/>\n<meta property=\"og:url\" content=\"https:\/\/estheteclinic.com\/thigh-lift\/\" \/>\n<meta property=\"og:site_name\" content=\"Inicio\" \/>\n<meta property=\"article:modified_time\" content=\"2021-11-26T13:36:34+00:00\" \/>\n<meta property=\"og:image\" content=\"https:\/\/estheteclinic.com\/wp-content\/uploads\/2021\/11\/Thigh-Lift.jpg\" \/>\n\t<meta property=\"og:image:width\" content=\"2000\" \/>\n\t<meta property=\"og:image:height\" content=\"1169\" \/>\n\t<meta property=\"og:image:type\" content=\"image\/jpeg\" \/>\n<meta name=\"twitter:card\" content=\"summary_large_image\" \/>\n<meta name=\"twitter:label1\" content=\"Tiempo de lectura\" \/>\n\t<meta name=\"twitter:data1\" content=\"6 minutos\" \/>\n<script type=\"application\/ld+json\" class=\"yoast-schema-graph\">{\"@context\":\"https:\/\/schema.org\",\"@graph\":[{\"@type\":\"WebPage\",\"@id\":\"https:\/\/estheteclinic.com\/thigh-lift\/\",\"url\":\"https:\/\/estheteclinic.com\/thigh-lift\/\",\"name\":\"Levantamiento de Muslos - Inicio\",\"isPartOf\":{\"@id\":\"https:\/\/estheteclinic.com\/#website\"},\"primaryImageOfPage\":{\"@id\":\"https:\/\/estheteclinic.com\/thigh-lift\/#primaryimage\"},\"image\":{\"@id\":\"https:\/\/estheteclinic.com\/thigh-lift\/#primaryimage\"},\"thumbnailUrl\":\"https:\/\/estheteclinic.com\/wp-content\/uploads\/2021\/11\/Thigh-Lift.jpg\",\"datePublished\":\"2021-11-06T18:14:45+00:00\",\"dateModified\":\"2021-11-26T13:36:34+00:00\",\"breadcrumb\":{\"@id\":\"https:\/\/estheteclinic.com\/thigh-lift\/#breadcrumb\"},\"inLanguage\":\"es\",\"potentialAction\":[{\"@type\":\"ReadAction\",\"target\":[\"https:\/\/estheteclinic.com\/thigh-lift\/\"]}]},{\"@type\":\"ImageObject\",\"inLanguage\":\"es\",\"@id\":\"https:\/\/estheteclinic.com\/thigh-lift\/#primaryimage\",\"url\":\"https:\/\/estheteclinic.com\/wp-content\/uploads\/2021\/11\/Thigh-Lift.jpg\",\"contentUrl\":\"https:\/\/estheteclinic.com\/wp-content\/uploads\/2021\/11\/Thigh-Lift.jpg\",\"width\":2000,\"height\":1169,\"caption\":\"Thigh Lift\"},{\"@type\":\"BreadcrumbList\",\"@id\":\"https:\/\/estheteclinic.com\/thigh-lift\/#breadcrumb\",\"itemListElement\":[{\"@type\":\"ListItem\",\"position\":1,\"name\":\"Home\",\"item\":\"https:\/\/estheteclinic.com\/es\/\"},{\"@type\":\"ListItem\",\"position\":2,\"name\":\"Levantamiento de Muslos\"}]},{\"@type\":\"WebSite\",\"@id\":\"https:\/\/estheteclinic.com\/#website\",\"url\":\"https:\/\/estheteclinic.com\/\",\"name\":\"Inicio\",\"description\":\"Plastic Surgery &amp; Hair Transplant in Turkey\",\"potentialAction\":[{\"@type\":\"SearchAction\",\"target\":{\"@type\":\"EntryPoint\",\"urlTemplate\":\"https:\/\/estheteclinic.com\/?s={search_term_string}\"},\"query-input\":\"required name=search_term_string\"}],\"inLanguage\":\"es\"}]}<\/script>\n<!-- \/ Yoast SEO plugin. -->","yoast_head_json":{"title":"Levantamiento de Muslos - Inicio","robots":{"index":"index","follow":"follow","max-snippet":"max-snippet:-1","max-image-preview":"max-image-preview:large","max-video-preview":"max-video-preview:-1"},"canonical":"https:\/\/estheteclinic.com\/thigh-lift\/","og_locale":"es_ES","og_type":"article","og_title":"Levantamiento de Muslos - Inicio","og_description":"[vc_row][vc_column width=&#8221;2\/3&#8243;][vc_column_text]Existen muchos factores que pueden contribuir con el desarrollo de piel fl\u00e1cida alrededor de los muslos. Desde una p\u00e9rdida de peso dr\u00e1stica hasta el envejecimiento y la falta de ejercicio. El levantamiento de muslos o meloplastia es un procedimiento quir\u00fargico que perfila los muslos y retira el exceso para lograr un cuerpo m\u00e1s firme....","og_url":"https:\/\/estheteclinic.com\/thigh-lift\/","og_site_name":"Inicio","article_modified_time":"2021-11-26T13:36:34+00:00","og_image":[{"width":2000,"height":1169,"url":"https:\/\/estheteclinic.com\/wp-content\/uploads\/2021\/11\/Thigh-Lift.jpg","type":"image\/jpeg"}],"twitter_card":"summary_large_image","twitter_misc":{"Tiempo de lectura":"6 minutos"},"schema":{"@context":"https:\/\/schema.org","@graph":[{"@type":"WebPage","@id":"https:\/\/estheteclinic.com\/thigh-lift\/","url":"https:\/\/estheteclinic.com\/thigh-lift\/","name":"Levantamiento de Muslos - Inicio","isPartOf":{"@id":"https:\/\/estheteclinic.com\/#website"},"primaryImageOfPage":{"@id":"https:\/\/estheteclinic.com\/thigh-lift\/#primaryimage"},"image":{"@id":"https:\/\/estheteclinic.com\/thigh-lift\/#primaryimage"},"thumbnailUrl":"https:\/\/estheteclinic.com\/wp-content\/uploads\/2021\/11\/Thigh-Lift.jpg","datePublished":"2021-11-06T18:14:45+00:00","dateModified":"2021-11-26T13:36:34+00:00","breadcrumb":{"@id":"https:\/\/estheteclinic.com\/thigh-lift\/#breadcrumb"},"inLanguage":"es","potentialAction":[{"@type":"ReadAction","target":["https:\/\/estheteclinic.com\/thigh-lift\/"]}]},{"@type":"ImageObject","inLanguage":"es","@id":"https:\/\/estheteclinic.com\/thigh-lift\/#primaryimage","url":"https:\/\/estheteclinic.com\/wp-content\/uploads\/2021\/11\/Thigh-Lift.jpg","contentUrl":"https:\/\/estheteclinic.com\/wp-content\/uploads\/2021\/11\/Thigh-Lift.jpg","width":2000,"height":1169,"caption":"Thigh Lift"},{"@type":"BreadcrumbList","@id":"https:\/\/estheteclinic.com\/thigh-lift\/#breadcrumb","itemListElement":[{"@type":"ListItem","position":1,"name":"Home","item":"https:\/\/estheteclinic.com\/es\/"},{"@type":"ListItem","position":2,"name":"Levantamiento de Muslos"}]},{"@type":"WebSite","@id":"https:\/\/estheteclinic.com\/#website","url":"https:\/\/estheteclinic.com\/","name":"Inicio","description":"Plastic Surgery &amp; Hair Transplant in Turkey","potentialAction":[{"@type":"SearchAction","target":{"@type":"EntryPoint","urlTemplate":"https:\/\/estheteclinic.com\/?s={search_term_string}"},"query-input":"required name=search_term_string"}],"inLanguage":"es"}]}},"_links":{"self":[{"href":"https:\/\/estheteclinic.com\/es\/wp-json\/wp\/v2\/pages\/8225","targetHints":{"allow":["GET"]}}],"collection":[{"href":"https:\/\/estheteclinic.com\/es\/wp-json\/wp\/v2\/pages"}],"about":[{"href":"https:\/\/estheteclinic.com\/es\/wp-json\/wp\/v2\/types\/page"}],"author":[{"embeddable":true,"href":"https:\/\/estheteclinic.com\/es\/wp-json\/wp\/v2\/users\/3"}],"replies":[{"embeddable":true,"href":"https:\/\/estheteclinic.com\/es\/wp-json\/wp\/v2\/comments?post=8225"}],"version-history":[{"count":2,"href":"https:\/\/estheteclinic.com\/es\/wp-json\/wp\/v2\/pages\/8225\/revisions"}],"predecessor-version":[{"id":8640,"href":"https:\/\/estheteclinic.com\/es\/wp-json\/wp\/v2\/pages\/8225\/revisions\/8640"}],"wp:featuredmedia":[{"embeddable":true,"href":"https:\/\/estheteclinic.com\/es\/wp-json\/wp\/v2\/media\/8635"}],"wp:attachment":[{"href":"https:\/\/estheteclinic.com\/es\/wp-json\/wp\/v2\/media?parent=8225"}],"curies":[{"name":"wp","href":"https:\/\/api.w.org\/{rel}","templated":true}]}}