{"id":8235,"date":"2021-11-06T18:17:04","date_gmt":"2021-11-06T18:17:04","guid":{"rendered":"http:\/\/estheteclinic.com\/?page_id=8235"},"modified":"2021-11-24T13:47:06","modified_gmt":"2021-11-24T13:47:06","slug":"abdominoplastia","status":"publish","type":"page","link":"https:\/\/estheteclinic.com\/es\/abdominoplastia\/","title":{"rendered":"Abdominoplastia"},"content":{"rendered":"<p>[vc_row][vc_column width=&#8221;2\/3&#8243;][vc_column_text]La abdominoplastia, tambi\u00e9n llamada dermolipectom\u00eda abdominal, es un procedimiento quir\u00fargico en el cual se retiran los excesos de grasa y piel de la parte media y baja del abdomen y se ajustan los m\u00fasculos abdominales. Si bien elimina el exceso de grasa, es importante tener en cuenta que la abdominoplastia y la cirug\u00eda Bari\u00e1trica son dos cosas totalmente diferentes. Si eres obeso y quieres someterte a una abdominoplastia, deber\u00e1s perder mucho peso antes de ser elegible.<\/p>\n<p>Hay diferentes t\u00e9cnicas disponibles para la cirug\u00eda de abdominoplastia, la mayor\u00eda de ellas dominadas por nuestros cirujanos de Esthete Clinic. La abdominoplastia puede hacerse en conjunto con operaciones de correcci\u00f3n de otras partes del cuerpo.<\/p>\n<h2><strong>Candidatos para una Abdominoplastia<\/strong><\/h2>\n<p>Ser\u00e1s apto para una abdominoplastia si:<\/p>\n<ul>\n<li>Tienes piel en exceso por haber perdido peso, un embarazo o por envejecimiento.<\/li>\n<li>No eres obeso.<\/li>\n<li>Tienes buena salud.<\/li>\n<\/ul>\n<h2><strong>\u00bfC\u00f3mo prepararse para una Abdominoplastia?<\/strong><\/h2>\n<p>En general, nuestros cirujanos en Esthete Clinic repasar\u00e1n estos puntos contigo. Pero a continuaci\u00f3n te presentamos algunos de los puntos m\u00e1s importantes a considerar antes de una abdominoplastia.<\/p>\n<ul>\n<li>Si fumas, debes dejar de hacerlo 2 semanas antes de la operaci\u00f3n.<\/li>\n<li>Deja de usar vitamina E y anticoagulantes 2 semanas antes de la abdominoplastia.<\/li>\n<\/ul>\n<h2><strong>Procedimiento de Abdominoplastia<\/strong><\/h2>\n<h3><strong>Pre-cirug\u00eda<\/strong><\/h3>\n<p>Nuestros cirujanos comenzar\u00e1n esterilizando tu abdomen y dibujando all\u00ed el plan con los detalles de tu abdominoplastia.<\/p>\n<p>Seguidamente, nuestros anestesi\u00f3logos te administrar\u00e1n anestesia general y te preparar\u00e1n para la cirug\u00eda.<\/p>\n<h3><strong>Cirug\u00eda<\/strong><\/h3>\n<p>En una abdominoplastia, tu cirujano te realizar\u00e1 una incisi\u00f3n normalmente en \u00e1reas que pueden cubrirse con ropa. La mayor\u00eda de los casos requerir\u00e1n una incisi\u00f3n de 10 cm debajo del ombligo y otra muy cerca. El cirujano retirar\u00e1 el exceso de piel y grasa a trav\u00e9s de esta incisi\u00f3n, adem\u00e1s que ajustar\u00e1 los m\u00fasculos abdominales que est\u00e1n debajo. Luego de lograr todos los cambios necesarios, tu m\u00e9dico los suturar\u00e1 en su lugar con suturas biom\u00e9dicas.<\/p>\n<h3><strong>Post-cirug\u00eda<\/strong><\/h3>\n<p>Despu\u00e9s de la cirug\u00eda, ver\u00e1s que el \u00e1rea de tratamiento estar\u00e1 cubierta con vendajes. Adem\u00e1s, ver\u00e1s dos drenajes instalados cerca de la herida para retirar el exceso de fluidos y la descarga. Los drenajes se retirar\u00e1n de 1 a 3 d\u00edas despu\u00e9s de tu operaci\u00f3n.<\/p>\n<h2><strong>Recuperaci\u00f3n de una Abdominoplastia<\/strong><\/h2>\n<p>Inmediatamente despu\u00e9s de la cirug\u00eda no podr\u00e1s estar de pie. Por este motivo, tendr\u00e1s que usar un cat\u00e9ter urinario. A medida que recuperas el equilibrio, por lo general en un d\u00eda, podr\u00e1s dejar de usarlo. Permanecer\u00e1s hospitalizado, en promedio, por 2 noches antes de ser dado de alta.<\/p>\n<p>Nuestros cirujanos en Esthete Clinic te brindar\u00e1n toda la informaci\u00f3n que necesitas para la recuperaci\u00f3n. Pero, en general, tus cuidados operatorios son los siguientes:<\/p>\n<p>\u2013 Recostarse en forma de V, levantando el torso a 45 grados para reducir la tensi\u00f3n y la hinchaz\u00f3n en los primeros d\u00edas.<\/p>\n<ul>\n<li>De vez en cuando, recomendamos que dobles tus piernas y las lleves hacia tu torso. Esto promover\u00e1 la circulaci\u00f3n.<\/li>\n<li>Usa tus ropas de compresi\u00f3n seg\u00fan te lo indiquen los cirujanos. Tienen un rol fundamental en tu recuperaci\u00f3n.<\/li>\n<li>Evita alimentos que produzcan gases en las primeras semanas despu\u00e9s de la abdominoplastia.<\/li>\n<li>Si comienzas a sentir dolor, toma tus analg\u00e9sicos seg\u00fan lo indicado.<\/li>\n<li>Para evitar embolias, toma caminatas cortas por la habitaci\u00f3n.<\/li>\n<li>No fumes ni bebas alcohol en las 2 semanas siguientes a la operaci\u00f3n.<\/li>\n<li>Evita ejercicios intensos.<\/li>\n<li>Nunca hagas movimientos bruscos o fuertes durante la recuperaci\u00f3n.<\/li>\n<li>Evita la exposici\u00f3n directa al sol.<\/li>\n<li>No nades en piscinas o en el mar.<\/li>\n<li>Evita saunas y salas de vapor.<\/li>\n<\/ul>\n<h2><strong>Ba\u00f1arse despu\u00e9s de una Abdominoplastia<\/strong><\/h2>\n<p>Normalmente se te recomendar\u00e1 que tomes duchas parciales en la primera semana despu\u00e9s de la operaci\u00f3n, teniendo cuidado de no humedecer el \u00e1rea tratada. Podr\u00e1s tomar duchas completas a partir de la segunda semana.<\/p>\n<h2><strong>Duraci\u00f3n de una Abdominoplastia<\/strong><\/h2>\n<p>El procedimiento de la abdominoplastia tarda de 3 a 4 horas, dependiendo de tu caso particular y de tus metas est\u00e9ticas.<\/p>\n<h2><strong>Resultados de una Abdominoplastia<\/strong><\/h2>\n<p>Los resultados de la abdominoplastia son inmediatos, pero no podr\u00e1s verlos al instante porque tendr\u00e1s ap\u00f3sitos y vendas. Ocurrir\u00e1 una transici\u00f3n dr\u00e1stica en la forma de tu abdomen y los resultados mejorar\u00e1n a medida que tu recuperaci\u00f3n avanza.<\/p>\n<p>Los resultados de la abdominoplastia pueden ser duraderos, pero hay factores, como la ganancia de peso, que pueden alterar la longevidad del procedimiento. En cuanto a las cicatrices, nuestros cirujanos har\u00e1n sus mejores esfuerzos para realizar las incisiones en \u00e1reas que no son visibles. A medida que sanen, ir\u00e1n adoptando cada vez m\u00e1s el color natural de tu piel.[\/vc_column_text][\/vc_column][vc_column width=&#8221;1\/3&#8243; el_class=&#8221;sticky_contact_form_ttttt&#8221;]\n<div class=\"wpcf7 no-js\" id=\"wpcf7-f7799-o1\" lang=\"es-ES\" dir=\"ltr\">\n<div class=\"screen-reader-response\"><p role=\"status\" aria-live=\"polite\" aria-atomic=\"true\"><\/p> <ul><\/ul><\/div>\n<form action=\"\/es\/wp-json\/wp\/v2\/pages\/8235#wpcf7-f7799-o1\" method=\"post\" class=\"wpcf7-form init\" aria-label=\"Formulario de contacto\" novalidate=\"novalidate\" data-status=\"init\">\n<div style=\"display: none;\">\n<input type=\"hidden\" name=\"_wpcf7\" value=\"7799\" \/>\n<input type=\"hidden\" name=\"_wpcf7_version\" value=\"5.9.6\" \/>\n<input type=\"hidden\" name=\"_wpcf7_locale\" value=\"es_ES\" \/>\n<input type=\"hidden\" name=\"_wpcf7_unit_tag\" value=\"wpcf7-f7799-o1\" \/>\n<input type=\"hidden\" name=\"_wpcf7_container_post\" value=\"0\" \/>\n<input type=\"hidden\" name=\"_wpcf7_posted_data_hash\" value=\"\" \/>\n<\/div>\n<div class=\"contact_form_sticky_cf7\">\n\t<h3 style=\"text-align:center;color:white;\">Consigue una Consulta Gratuita\n\t<\/h3>\n\t<p style=\"text-align:center;color:white;\">Por favor completa el formulario a continuaci\u00f3n y te contactaremos a la brevedad\n\t<\/p>\n\t<div class=\"contact-page1 row\">\n\t\t<div class=\"col-sm-6\">\n\t\t\t<p><span class=\"wpcf7-form-control-wrap\" data-name=\"nameeeee\"><input size=\"40\" maxlength=\"80\" class=\"wpcf7-form-control wpcf7-text wpcf7-validates-as-required\" aria-required=\"true\" aria-invalid=\"false\" placeholder=\"Tu nombre*\" value=\"\" type=\"text\" name=\"nameeeee\" \/><\/span>\n\t\t\t<\/p>\n\t\t<\/div>\n\t\t<div class=\"col-sm-6\">\n\t\t\t<p><span class=\"wpcf7-form-control-wrap\" data-name=\"emaillll\"><input size=\"40\" maxlength=\"80\" class=\"wpcf7-form-control wpcf7-email wpcf7-text wpcf7-validates-as-email\" aria-invalid=\"false\" placeholder=\"Tu correo electr\u00f3nico\" value=\"\" type=\"email\" name=\"emaillll\" \/><\/span>\n\t\t\t<\/p>\n\t\t<\/div>\n\t\t<div class=\"col-sm-12\" style=\"padding-bottom:20px;\">\n\t\t\t<p>[phonetext* phoneeee numberonly]\n\t\t\t<\/p>\n\t\t<\/div>\n\t\t<div class=\"col-sm-12\">\n\t\t\t<p><span class=\"wpcf7-form-control-wrap\" data-name=\"messageeeeee\"><textarea cols=\"40\" rows=\"10\" maxlength=\"400\" class=\"wpcf7-form-control wpcf7-textarea\" aria-invalid=\"false\" placeholder=\"Mensaje\" name=\"messageeeeee\"><\/textarea><\/span>\n\t\t\t<\/p>\n\t\t<\/div>\n\t<\/div>\n\t<p><input class=\"wpcf7-form-control wpcf7-submit has-spinner\" type=\"submit\" value=\"Enviar\" \/>\n\t<\/p>\n<\/div><div class=\"wpcf7-response-output\" aria-hidden=\"true\"><\/div>\n<\/form>\n<\/div>\n[\/vc_column][\/vc_row]<\/p>\n","protected":false},"excerpt":{"rendered":"<p>[vc_row][vc_column width=&#8221;2\/3&#8243;][vc_column_text]La abdominoplastia, tambi\u00e9n llamada dermolipectom\u00eda abdominal, es un procedimiento quir\u00fargico en el cual se retiran los excesos de grasa y piel de la parte media y baja del abdomen y se ajustan los m\u00fasculos abdominales. Si bien elimina el exceso de grasa, es importante tener en cuenta que la abdominoplastia y la cirug\u00eda Bari\u00e1trica&#8230;<\/p>\n","protected":false},"author":3,"featured_media":8566,"parent":0,"menu_order":0,"comment_status":"closed","ping_status":"closed","template":"","meta":{"footnotes":""},"class_list":["post-8235","page","type-page","status-publish","has-post-thumbnail","hentry"],"yoast_head":"<!-- This site is optimized with the Yoast SEO plugin v23.0 - https:\/\/yoast.com\/wordpress\/plugins\/seo\/ -->\n<title>Abdominoplastia - Inicio<\/title>\n<meta name=\"robots\" content=\"index, follow, max-snippet:-1, max-image-preview:large, max-video-preview:-1\" \/>\n<link rel=\"canonical\" href=\"https:\/\/estheteclinic.com\/tummy-tuck\/\" \/>\n<meta property=\"og:locale\" content=\"es_ES\" \/>\n<meta property=\"og:type\" content=\"article\" \/>\n<meta property=\"og:title\" content=\"Abdominoplastia - Inicio\" \/>\n<meta property=\"og:description\" content=\"[vc_row][vc_column width=&#8221;2\/3&#8243;][vc_column_text]La abdominoplastia, tambi\u00e9n llamada dermolipectom\u00eda abdominal, es un procedimiento quir\u00fargico en el cual se retiran los excesos de grasa y piel de la parte media y baja del abdomen y se ajustan los m\u00fasculos abdominales. Si bien elimina el exceso de grasa, es importante tener en cuenta que la abdominoplastia y la cirug\u00eda Bari\u00e1trica...\" \/>\n<meta property=\"og:url\" content=\"https:\/\/estheteclinic.com\/tummy-tuck\/\" \/>\n<meta property=\"og:site_name\" content=\"Inicio\" \/>\n<meta property=\"article:modified_time\" content=\"2021-11-24T13:47:06+00:00\" \/>\n<meta property=\"og:image\" content=\"https:\/\/estheteclinic.com\/wp-content\/uploads\/2021\/11\/tummy-tuckkk.jpg\" \/>\n\t<meta property=\"og:image:width\" content=\"2000\" \/>\n\t<meta property=\"og:image:height\" content=\"952\" \/>\n\t<meta property=\"og:image:type\" content=\"image\/jpeg\" \/>\n<meta name=\"twitter:card\" content=\"summary_large_image\" \/>\n<meta name=\"twitter:label1\" content=\"Tiempo de lectura\" \/>\n\t<meta name=\"twitter:data1\" content=\"4 minutos\" \/>\n<script type=\"application\/ld+json\" class=\"yoast-schema-graph\">{\"@context\":\"https:\/\/schema.org\",\"@graph\":[{\"@type\":\"WebPage\",\"@id\":\"https:\/\/estheteclinic.com\/tummy-tuck\/\",\"url\":\"https:\/\/estheteclinic.com\/tummy-tuck\/\",\"name\":\"Abdominoplastia - Inicio\",\"isPartOf\":{\"@id\":\"https:\/\/estheteclinic.com\/#website\"},\"primaryImageOfPage\":{\"@id\":\"https:\/\/estheteclinic.com\/tummy-tuck\/#primaryimage\"},\"image\":{\"@id\":\"https:\/\/estheteclinic.com\/tummy-tuck\/#primaryimage\"},\"thumbnailUrl\":\"https:\/\/estheteclinic.com\/wp-content\/uploads\/2021\/11\/tummy-tuckkk.jpg\",\"datePublished\":\"2021-11-06T18:17:04+00:00\",\"dateModified\":\"2021-11-24T13:47:06+00:00\",\"breadcrumb\":{\"@id\":\"https:\/\/estheteclinic.com\/tummy-tuck\/#breadcrumb\"},\"inLanguage\":\"es\",\"potentialAction\":[{\"@type\":\"ReadAction\",\"target\":[\"https:\/\/estheteclinic.com\/tummy-tuck\/\"]}]},{\"@type\":\"ImageObject\",\"inLanguage\":\"es\",\"@id\":\"https:\/\/estheteclinic.com\/tummy-tuck\/#primaryimage\",\"url\":\"https:\/\/estheteclinic.com\/wp-content\/uploads\/2021\/11\/tummy-tuckkk.jpg\",\"contentUrl\":\"https:\/\/estheteclinic.com\/wp-content\/uploads\/2021\/11\/tummy-tuckkk.jpg\",\"width\":2000,\"height\":952,\"caption\":\"tummy tuck\"},{\"@type\":\"BreadcrumbList\",\"@id\":\"https:\/\/estheteclinic.com\/tummy-tuck\/#breadcrumb\",\"itemListElement\":[{\"@type\":\"ListItem\",\"position\":1,\"name\":\"Home\",\"item\":\"https:\/\/estheteclinic.com\/es\/\"},{\"@type\":\"ListItem\",\"position\":2,\"name\":\"Abdominoplastia\"}]},{\"@type\":\"WebSite\",\"@id\":\"https:\/\/estheteclinic.com\/#website\",\"url\":\"https:\/\/estheteclinic.com\/\",\"name\":\"Inicio\",\"description\":\"Plastic Surgery &amp; Hair Transplant in Turkey\",\"potentialAction\":[{\"@type\":\"SearchAction\",\"target\":{\"@type\":\"EntryPoint\",\"urlTemplate\":\"https:\/\/estheteclinic.com\/?s={search_term_string}\"},\"query-input\":\"required name=search_term_string\"}],\"inLanguage\":\"es\"}]}<\/script>\n<!-- \/ Yoast SEO plugin. -->","yoast_head_json":{"title":"Abdominoplastia - Inicio","robots":{"index":"index","follow":"follow","max-snippet":"max-snippet:-1","max-image-preview":"max-image-preview:large","max-video-preview":"max-video-preview:-1"},"canonical":"https:\/\/estheteclinic.com\/tummy-tuck\/","og_locale":"es_ES","og_type":"article","og_title":"Abdominoplastia - Inicio","og_description":"[vc_row][vc_column width=&#8221;2\/3&#8243;][vc_column_text]La abdominoplastia, tambi\u00e9n llamada dermolipectom\u00eda abdominal, es un procedimiento quir\u00fargico en el cual se retiran los excesos de grasa y piel de la parte media y baja del abdomen y se ajustan los m\u00fasculos abdominales. Si bien elimina el exceso de grasa, es importante tener en cuenta que la abdominoplastia y la cirug\u00eda Bari\u00e1trica...","og_url":"https:\/\/estheteclinic.com\/tummy-tuck\/","og_site_name":"Inicio","article_modified_time":"2021-11-24T13:47:06+00:00","og_image":[{"width":2000,"height":952,"url":"https:\/\/estheteclinic.com\/wp-content\/uploads\/2021\/11\/tummy-tuckkk.jpg","type":"image\/jpeg"}],"twitter_card":"summary_large_image","twitter_misc":{"Tiempo de lectura":"4 minutos"},"schema":{"@context":"https:\/\/schema.org","@graph":[{"@type":"WebPage","@id":"https:\/\/estheteclinic.com\/tummy-tuck\/","url":"https:\/\/estheteclinic.com\/tummy-tuck\/","name":"Abdominoplastia - Inicio","isPartOf":{"@id":"https:\/\/estheteclinic.com\/#website"},"primaryImageOfPage":{"@id":"https:\/\/estheteclinic.com\/tummy-tuck\/#primaryimage"},"image":{"@id":"https:\/\/estheteclinic.com\/tummy-tuck\/#primaryimage"},"thumbnailUrl":"https:\/\/estheteclinic.com\/wp-content\/uploads\/2021\/11\/tummy-tuckkk.jpg","datePublished":"2021-11-06T18:17:04+00:00","dateModified":"2021-11-24T13:47:06+00:00","breadcrumb":{"@id":"https:\/\/estheteclinic.com\/tummy-tuck\/#breadcrumb"},"inLanguage":"es","potentialAction":[{"@type":"ReadAction","target":["https:\/\/estheteclinic.com\/tummy-tuck\/"]}]},{"@type":"ImageObject","inLanguage":"es","@id":"https:\/\/estheteclinic.com\/tummy-tuck\/#primaryimage","url":"https:\/\/estheteclinic.com\/wp-content\/uploads\/2021\/11\/tummy-tuckkk.jpg","contentUrl":"https:\/\/estheteclinic.com\/wp-content\/uploads\/2021\/11\/tummy-tuckkk.jpg","width":2000,"height":952,"caption":"tummy tuck"},{"@type":"BreadcrumbList","@id":"https:\/\/estheteclinic.com\/tummy-tuck\/#breadcrumb","itemListElement":[{"@type":"ListItem","position":1,"name":"Home","item":"https:\/\/estheteclinic.com\/es\/"},{"@type":"ListItem","position":2,"name":"Abdominoplastia"}]},{"@type":"WebSite","@id":"https:\/\/estheteclinic.com\/#website","url":"https:\/\/estheteclinic.com\/","name":"Inicio","description":"Plastic Surgery &amp; Hair Transplant in Turkey","potentialAction":[{"@type":"SearchAction","target":{"@type":"EntryPoint","urlTemplate":"https:\/\/estheteclinic.com\/?s={search_term_string}"},"query-input":"required name=search_term_string"}],"inLanguage":"es"}]}},"_links":{"self":[{"href":"https:\/\/estheteclinic.com\/es\/wp-json\/wp\/v2\/pages\/8235","targetHints":{"allow":["GET"]}}],"collection":[{"href":"https:\/\/estheteclinic.com\/es\/wp-json\/wp\/v2\/pages"}],"about":[{"href":"https:\/\/estheteclinic.com\/es\/wp-json\/wp\/v2\/types\/page"}],"author":[{"embeddable":true,"href":"https:\/\/estheteclinic.com\/es\/wp-json\/wp\/v2\/users\/3"}],"replies":[{"embeddable":true,"href":"https:\/\/estheteclinic.com\/es\/wp-json\/wp\/v2\/comments?post=8235"}],"version-history":[{"count":2,"href":"https:\/\/estheteclinic.com\/es\/wp-json\/wp\/v2\/pages\/8235\/revisions"}],"predecessor-version":[{"id":8570,"href":"https:\/\/estheteclinic.com\/es\/wp-json\/wp\/v2\/pages\/8235\/revisions\/8570"}],"wp:featuredmedia":[{"embeddable":true,"href":"https:\/\/estheteclinic.com\/es\/wp-json\/wp\/v2\/media\/8566"}],"wp:attachment":[{"href":"https:\/\/estheteclinic.com\/es\/wp-json\/wp\/v2\/media?parent=8235"}],"curies":[{"name":"wp","href":"https:\/\/api.w.org\/{rel}","templated":true}]}}