{"id":8544,"date":"2021-11-15T09:47:27","date_gmt":"2021-11-15T09:47:27","guid":{"rendered":"http:\/\/estheteclinic.com\/?page_id=8544"},"modified":"2021-11-24T15:05:53","modified_gmt":"2021-11-24T15:05:53","slug":"liposuccion","status":"publish","type":"page","link":"https:\/\/estheteclinic.com\/es\/liposuccion\/","title":{"rendered":"Liposucci\u00f3n"},"content":{"rendered":"<p>[vc_row][vc_column width=&#8221;2\/3&#8243;][vc_column_text]La liposucci\u00f3n es un procedimiento quir\u00fargico que pertenece a la categor\u00eda del modelado corporal. La pr\u00e1ctica es muy com\u00fan, con millones de pacientes que han buscado el tratamiento en todo el mundo. La liposucci\u00f3n es muy vers\u00e1til y puedes recibir el tratamiento en casi cualquier parte de tu cuerpo.<\/p>\n<h2>\u00bfQu\u00e9 es la liposucci\u00f3n?<\/h2>\n<p>La liposucci\u00f3n es un procedimiento quir\u00fargico en el que tu m\u00e9dico utiliza un dispositivo para eliminar la grasa en las \u00e1reas localizadas. El mecanismo por el cual funciona la liposucci\u00f3n es a trav\u00e9s de la succi\u00f3n: se succiona grasa de \u00e1reas como el ment\u00f3n, abdomen, brazos, espalda, muslos y piernas.<\/p>\n<p>Adem\u00e1s de eliminar la grasa, la liposucci\u00f3n tambi\u00e9n modela el \u00e1rea, ya que reafirma la zona tratada y elimina la flacidez.<\/p>\n<p>El procedimiento no es para bajar de peso; en su lugar, puedes considerar cirug\u00edas bari\u00e1tricas para este prop\u00f3sito. Lo que hace la liposucci\u00f3n es eliminar la grasa rebelde que no respondi\u00f3 bien a la dieta y al ejercicio.<\/p>\n<h2>\u00c1reas del cuerpo donde puede realizarse una liposucci\u00f3n<\/h2>\n<ul>\n<li>Parte superior de los brazos<\/li>\n<li>Pecho<\/li>\n<li>Espalda<\/li>\n<li>Cuello<\/li>\n<li>Barbilla<\/li>\n<li>Caderas<\/li>\n<li>Muslos<\/li>\n<li>Pantorrillas<\/li>\n<li>Tobillos<\/li>\n<li>Abdomen<\/li>\n<li>Gl\u00fateosEn algunos casos, la liposucci\u00f3n puede ser un tratamiento perfecto para la ginecomastia y, en ciertos casos, un buen enfoque para la reducci\u00f3n de senos en mujeres.<\/li>\n<\/ul>\n<h2>\u00bfC\u00f3mo funciona la liposucci\u00f3n?<\/h2>\n<p>La liposucci\u00f3n tiende a abordar la cantidad de c\u00e9lulas grasas en un \u00e1rea determinada. Despu\u00e9s del aumento de peso, aumenta la cantidad de c\u00e9lulas grasas en el cuerpo y tambi\u00e9n su volumen. Con la p\u00e9rdida de peso, las c\u00e9lulas grasas nunca desaparecen, sino que se reducen de tama\u00f1o.<\/p>\n<p>La liposucci\u00f3n funciona eliminando las c\u00e9lulas grasas, espec\u00edficamente en \u00e1reas que no responden al ejercicio y las dietas.<\/p>\n<h2>Tipos de liposucci\u00f3n<\/h2>\n<p>Existen muchos tipos diferentes de liposucci\u00f3n y cada tipo se adapta a diferentes casos.<\/p>\n<h3>1- Liposucci\u00f3n tumescente<\/h3>\n<p>Como el tipo de liposucci\u00f3n m\u00e1s com\u00fan, la t\u00e9cnica tumescente funciona de la siguiente forma<\/p>\n<p>Tu m\u00e9dico te inyectar\u00e1 una mezcla de agua salina y un anest\u00e9sico. El agua salina est\u00e1 destinada a facilitar la eliminaci\u00f3n de grasa, mientras que el anest\u00e9sico es para reducir el dolor y la incomodidad durante todo el procedimiento.<\/p>\n<p>Despu\u00e9s de esto, tu m\u00e9dico har\u00e1 peque\u00f1as incisiones en tu piel en el \u00e1rea objetivo. Las incisiones son para insertar la c\u00e1nula, un dispositivo que parece un tubo. Con la c\u00e1nula, tu m\u00e9dico comenzar\u00e1 a descomponer la grasa. Mientras tanto, el vac\u00edo conectado a la c\u00e1nula succionar\u00e1 la grasa y otros l\u00edquidos.<\/p>\n<h3>2- Liposucci\u00f3n asistida por ultrasonido<\/h3>\n<p>La liposucci\u00f3n asistida por ultrasonido o UAL es una t\u00e9cnica que utiliza ultrasonido para descomponer la grasa.<\/p>\n<p>Tu m\u00e9dico te inyectar\u00e1 una mezcla de agua salina y un anest\u00e9sico. El agua salina est\u00e1 destinada a facilitar la eliminaci\u00f3n de grasa, mientras que el anest\u00e9sico es para reducir el dolor y la incomodidad durante todo el procedimiento.<\/p>\n<p>Despu\u00e9s de esto, tu m\u00e9dico realizar\u00e1 peque\u00f1as incisiones en la piel en las \u00e1reas objetivo. A continuaci\u00f3n, insertar\u00e1 una varilla de metal que emite ultrasonidos. Una vez que las ondas de ultrasonido emulsionan la grasa y la descomponen; la c\u00e1nula succionar\u00e1 la grasa.<\/p>\n<h2>Liposucci\u00f3n asistida por l\u00e1ser<\/h2>\n<p>Tu m\u00e9dico le inyectar\u00e1 una mezcla de agua salina y un anest\u00e9sico. El agua salina est\u00e1 destinada a facilitar la eliminaci\u00f3n de grasa, mientras que el anest\u00e9sico es para reducir el dolor y la incomodidad durante todo el procedimiento.<\/p>\n<p>Despu\u00e9s de esto, tu m\u00e9dico realizar\u00e1 peque\u00f1as incisiones en la piel en las \u00e1reas objetivo. A continuaci\u00f3n, insertar\u00e1 una fibra l\u00e1ser que emite un l\u00e1ser de alta intensidad. Una vez que el l\u00e1ser emulsiona la grasa y la descompone, el m\u00e9dico introducir\u00e1 la c\u00e1nula para succionar la grasa.<\/p>\n<h2>Anestesia en la liposucci\u00f3n<\/h2>\n<p>No existe un tipo est\u00e1ndar de administraci\u00f3n de anestesia en la liposucci\u00f3n. Esto depende de tu caso, la cantidad de grasa que deseas eliminar y la cantidad de \u00e1reas que quieres tratar. Algunos casos pueden requerir anestesia local, mientras que otros casos pueden requerir anestesia general.<\/p>\n<p>Dicho esto, nuestro equipo en Esthete Clinic controlar\u00e1 tu frecuencia card\u00edaca, niveles de ox\u00edgeno y presi\u00f3n arterial durante todo el procedimiento. Antes de darte el alta, te mantendremos en el hospital para hacer un seguimiento.<\/p>\n<h2>\u00bfQu\u00e9 esperar despu\u00e9s de una liposucci\u00f3n?<\/h2>\n<p>Despu\u00e9s del procedimiento, es normal presentar hinchaz\u00f3n y hematomas alrededor del \u00e1rea tratada. Para el dolor, tu m\u00e9dico te recetar\u00e1 analg\u00e9sicos para ayudarte a controlarlo. Adem\u00e1s, tendr\u00e1s que tomar un tratamiento antibi\u00f3ticos para prevenir infecciones. Tambi\u00e9n habr\u00e1 drenajes alrededor de las heridas para ayudar a eliminar la acumulaci\u00f3n de l\u00edquido.<\/p>\n<p>Deber\u00e1s esperar unos d\u00edas para descansar lo suficiente antes de volver al trabajo. En cuanto a volver a tu vida normal, incluido el ejercicio, te llevar\u00e1 algunas semanas m\u00e1s.<\/p>\n<h2>Resultados<\/h2>\n<p>A medida de que las c\u00e9lulas grasas y el tejido de tu cuerpo se adaptan a los cambios, la apariencia est\u00e9tica del \u00e1rea no ser\u00e1 perfecta. Pero con el tiempo, los resultados se ver\u00e1n mucho mejores y m\u00e1s uniformes.[\/vc_column_text][\/vc_column][vc_column width=&#8221;1\/3&#8243; el_class=&#8221;sticky_contact_form_ttttt&#8221;]\n<div class=\"wpcf7 no-js\" id=\"wpcf7-f7799-o1\" lang=\"es-ES\" dir=\"ltr\">\n<div class=\"screen-reader-response\"><p role=\"status\" aria-live=\"polite\" aria-atomic=\"true\"><\/p> <ul><\/ul><\/div>\n<form action=\"\/es\/wp-json\/wp\/v2\/pages\/8544#wpcf7-f7799-o1\" method=\"post\" class=\"wpcf7-form init\" aria-label=\"Formulario de contacto\" novalidate=\"novalidate\" data-status=\"init\">\n<div style=\"display: none;\">\n<input type=\"hidden\" name=\"_wpcf7\" value=\"7799\" \/>\n<input type=\"hidden\" name=\"_wpcf7_version\" value=\"5.9.6\" \/>\n<input type=\"hidden\" name=\"_wpcf7_locale\" value=\"es_ES\" \/>\n<input type=\"hidden\" name=\"_wpcf7_unit_tag\" value=\"wpcf7-f7799-o1\" \/>\n<input type=\"hidden\" name=\"_wpcf7_container_post\" value=\"0\" \/>\n<input type=\"hidden\" name=\"_wpcf7_posted_data_hash\" value=\"\" \/>\n<\/div>\n<div class=\"contact_form_sticky_cf7\">\n\t<h3 style=\"text-align:center;color:white;\">Consigue una Consulta Gratuita\n\t<\/h3>\n\t<p style=\"text-align:center;color:white;\">Por favor completa el formulario a continuaci\u00f3n y te contactaremos a la brevedad\n\t<\/p>\n\t<div class=\"contact-page1 row\">\n\t\t<div class=\"col-sm-6\">\n\t\t\t<p><span class=\"wpcf7-form-control-wrap\" data-name=\"nameeeee\"><input size=\"40\" maxlength=\"80\" class=\"wpcf7-form-control wpcf7-text wpcf7-validates-as-required\" aria-required=\"true\" aria-invalid=\"false\" placeholder=\"Tu nombre*\" value=\"\" type=\"text\" name=\"nameeeee\" \/><\/span>\n\t\t\t<\/p>\n\t\t<\/div>\n\t\t<div class=\"col-sm-6\">\n\t\t\t<p><span class=\"wpcf7-form-control-wrap\" data-name=\"emaillll\"><input size=\"40\" maxlength=\"80\" class=\"wpcf7-form-control wpcf7-email wpcf7-text wpcf7-validates-as-email\" aria-invalid=\"false\" placeholder=\"Tu correo electr\u00f3nico\" value=\"\" type=\"email\" name=\"emaillll\" \/><\/span>\n\t\t\t<\/p>\n\t\t<\/div>\n\t\t<div class=\"col-sm-12\" style=\"padding-bottom:20px;\">\n\t\t\t<p>[phonetext* phoneeee numberonly]\n\t\t\t<\/p>\n\t\t<\/div>\n\t\t<div class=\"col-sm-12\">\n\t\t\t<p><span class=\"wpcf7-form-control-wrap\" data-name=\"messageeeeee\"><textarea cols=\"40\" rows=\"10\" maxlength=\"400\" class=\"wpcf7-form-control wpcf7-textarea\" aria-invalid=\"false\" placeholder=\"Mensaje\" name=\"messageeeeee\"><\/textarea><\/span>\n\t\t\t<\/p>\n\t\t<\/div>\n\t<\/div>\n\t<p><input class=\"wpcf7-form-control wpcf7-submit has-spinner\" type=\"submit\" value=\"Enviar\" \/>\n\t<\/p>\n<\/div><div class=\"wpcf7-response-output\" aria-hidden=\"true\"><\/div>\n<\/form>\n<\/div>\n[\/vc_column][\/vc_row]<\/p>\n","protected":false},"excerpt":{"rendered":"<p>[vc_row][vc_column width=&#8221;2\/3&#8243;][vc_column_text]La liposucci\u00f3n es un procedimiento quir\u00fargico que pertenece a la categor\u00eda del modelado corporal. La pr\u00e1ctica es muy com\u00fan, con millones de pacientes que han buscado el tratamiento en todo el mundo. La liposucci\u00f3n es muy vers\u00e1til y puedes recibir el tratamiento en casi cualquier parte de tu cuerpo. \u00bfQu\u00e9 es la liposucci\u00f3n? La&#8230;<\/p>\n","protected":false},"author":3,"featured_media":8580,"parent":0,"menu_order":0,"comment_status":"closed","ping_status":"closed","template":"","meta":{"footnotes":""},"class_list":["post-8544","page","type-page","status-publish","has-post-thumbnail","hentry"],"yoast_head":"<!-- This site is optimized with the Yoast SEO plugin v23.0 - https:\/\/yoast.com\/wordpress\/plugins\/seo\/ -->\n<title>Liposucci\u00f3n - Esthete Clinic<\/title>\n<meta name=\"robots\" content=\"index, follow, max-snippet:-1, max-image-preview:large, max-video-preview:-1\" \/>\n<link rel=\"canonical\" href=\"https:\/\/estheteclinic.com\/liposuction\/\" \/>\n<meta property=\"og:locale\" content=\"es_ES\" \/>\n<meta property=\"og:type\" content=\"article\" \/>\n<meta property=\"og:title\" content=\"Liposucci\u00f3n - Esthete Clinic\" \/>\n<meta property=\"og:description\" content=\"[vc_row][vc_column width=&#8221;2\/3&#8243;][vc_column_text]La liposucci\u00f3n es un procedimiento quir\u00fargico que pertenece a la categor\u00eda del modelado corporal. La pr\u00e1ctica es muy com\u00fan, con millones de pacientes que han buscado el tratamiento en todo el mundo. La liposucci\u00f3n es muy vers\u00e1til y puedes recibir el tratamiento en casi cualquier parte de tu cuerpo. \u00bfQu\u00e9 es la liposucci\u00f3n? La...\" \/>\n<meta property=\"og:url\" content=\"https:\/\/estheteclinic.com\/liposuction\/\" \/>\n<meta property=\"og:site_name\" content=\"Inicio\" \/>\n<meta property=\"article:modified_time\" content=\"2021-11-24T15:05:53+00:00\" \/>\n<meta property=\"og:image\" content=\"https:\/\/estheteclinic.com\/wp-content\/uploads\/2021\/11\/liposuction2111.jpg\" \/>\n\t<meta property=\"og:image:width\" content=\"2000\" \/>\n\t<meta property=\"og:image:height\" content=\"1083\" \/>\n\t<meta property=\"og:image:type\" content=\"image\/jpeg\" \/>\n<meta name=\"twitter:card\" content=\"summary_large_image\" \/>\n<meta name=\"twitter:label1\" content=\"Tiempo de lectura\" \/>\n\t<meta name=\"twitter:data1\" content=\"5 minutos\" \/>\n<script type=\"application\/ld+json\" class=\"yoast-schema-graph\">{\"@context\":\"https:\/\/schema.org\",\"@graph\":[{\"@type\":\"WebPage\",\"@id\":\"https:\/\/estheteclinic.com\/liposuction\/\",\"url\":\"https:\/\/estheteclinic.com\/liposuction\/\",\"name\":\"Liposucci\u00f3n - Esthete Clinic\",\"isPartOf\":{\"@id\":\"https:\/\/estheteclinic.com\/#website\"},\"primaryImageOfPage\":{\"@id\":\"https:\/\/estheteclinic.com\/liposuction\/#primaryimage\"},\"image\":{\"@id\":\"https:\/\/estheteclinic.com\/liposuction\/#primaryimage\"},\"thumbnailUrl\":\"https:\/\/estheteclinic.com\/wp-content\/uploads\/2021\/11\/liposuction2111.jpg\",\"datePublished\":\"2021-11-15T09:47:27+00:00\",\"dateModified\":\"2021-11-24T15:05:53+00:00\",\"breadcrumb\":{\"@id\":\"https:\/\/estheteclinic.com\/liposuction\/#breadcrumb\"},\"inLanguage\":\"es\",\"potentialAction\":[{\"@type\":\"ReadAction\",\"target\":[\"https:\/\/estheteclinic.com\/liposuction\/\"]}]},{\"@type\":\"ImageObject\",\"inLanguage\":\"es\",\"@id\":\"https:\/\/estheteclinic.com\/liposuction\/#primaryimage\",\"url\":\"https:\/\/estheteclinic.com\/wp-content\/uploads\/2021\/11\/liposuction2111.jpg\",\"contentUrl\":\"https:\/\/estheteclinic.com\/wp-content\/uploads\/2021\/11\/liposuction2111.jpg\",\"width\":2000,\"height\":1083,\"caption\":\"liposuction\"},{\"@type\":\"BreadcrumbList\",\"@id\":\"https:\/\/estheteclinic.com\/liposuction\/#breadcrumb\",\"itemListElement\":[{\"@type\":\"ListItem\",\"position\":1,\"name\":\"Home\",\"item\":\"https:\/\/estheteclinic.com\/es\/\"},{\"@type\":\"ListItem\",\"position\":2,\"name\":\"Liposucci\u00f3n\"}]},{\"@type\":\"WebSite\",\"@id\":\"https:\/\/estheteclinic.com\/#website\",\"url\":\"https:\/\/estheteclinic.com\/\",\"name\":\"Inicio\",\"description\":\"Plastic Surgery &amp; Hair Transplant in Turkey\",\"potentialAction\":[{\"@type\":\"SearchAction\",\"target\":{\"@type\":\"EntryPoint\",\"urlTemplate\":\"https:\/\/estheteclinic.com\/?s={search_term_string}\"},\"query-input\":\"required name=search_term_string\"}],\"inLanguage\":\"es\"}]}<\/script>\n<!-- \/ Yoast SEO plugin. -->","yoast_head_json":{"title":"Liposucci\u00f3n - Esthete Clinic","robots":{"index":"index","follow":"follow","max-snippet":"max-snippet:-1","max-image-preview":"max-image-preview:large","max-video-preview":"max-video-preview:-1"},"canonical":"https:\/\/estheteclinic.com\/liposuction\/","og_locale":"es_ES","og_type":"article","og_title":"Liposucci\u00f3n - Esthete Clinic","og_description":"[vc_row][vc_column width=&#8221;2\/3&#8243;][vc_column_text]La liposucci\u00f3n es un procedimiento quir\u00fargico que pertenece a la categor\u00eda del modelado corporal. La pr\u00e1ctica es muy com\u00fan, con millones de pacientes que han buscado el tratamiento en todo el mundo. La liposucci\u00f3n es muy vers\u00e1til y puedes recibir el tratamiento en casi cualquier parte de tu cuerpo. \u00bfQu\u00e9 es la liposucci\u00f3n? La...","og_url":"https:\/\/estheteclinic.com\/liposuction\/","og_site_name":"Inicio","article_modified_time":"2021-11-24T15:05:53+00:00","og_image":[{"width":2000,"height":1083,"url":"https:\/\/estheteclinic.com\/wp-content\/uploads\/2021\/11\/liposuction2111.jpg","type":"image\/jpeg"}],"twitter_card":"summary_large_image","twitter_misc":{"Tiempo de lectura":"5 minutos"},"schema":{"@context":"https:\/\/schema.org","@graph":[{"@type":"WebPage","@id":"https:\/\/estheteclinic.com\/liposuction\/","url":"https:\/\/estheteclinic.com\/liposuction\/","name":"Liposucci\u00f3n - Esthete Clinic","isPartOf":{"@id":"https:\/\/estheteclinic.com\/#website"},"primaryImageOfPage":{"@id":"https:\/\/estheteclinic.com\/liposuction\/#primaryimage"},"image":{"@id":"https:\/\/estheteclinic.com\/liposuction\/#primaryimage"},"thumbnailUrl":"https:\/\/estheteclinic.com\/wp-content\/uploads\/2021\/11\/liposuction2111.jpg","datePublished":"2021-11-15T09:47:27+00:00","dateModified":"2021-11-24T15:05:53+00:00","breadcrumb":{"@id":"https:\/\/estheteclinic.com\/liposuction\/#breadcrumb"},"inLanguage":"es","potentialAction":[{"@type":"ReadAction","target":["https:\/\/estheteclinic.com\/liposuction\/"]}]},{"@type":"ImageObject","inLanguage":"es","@id":"https:\/\/estheteclinic.com\/liposuction\/#primaryimage","url":"https:\/\/estheteclinic.com\/wp-content\/uploads\/2021\/11\/liposuction2111.jpg","contentUrl":"https:\/\/estheteclinic.com\/wp-content\/uploads\/2021\/11\/liposuction2111.jpg","width":2000,"height":1083,"caption":"liposuction"},{"@type":"BreadcrumbList","@id":"https:\/\/estheteclinic.com\/liposuction\/#breadcrumb","itemListElement":[{"@type":"ListItem","position":1,"name":"Home","item":"https:\/\/estheteclinic.com\/es\/"},{"@type":"ListItem","position":2,"name":"Liposucci\u00f3n"}]},{"@type":"WebSite","@id":"https:\/\/estheteclinic.com\/#website","url":"https:\/\/estheteclinic.com\/","name":"Inicio","description":"Plastic Surgery &amp; Hair Transplant in Turkey","potentialAction":[{"@type":"SearchAction","target":{"@type":"EntryPoint","urlTemplate":"https:\/\/estheteclinic.com\/?s={search_term_string}"},"query-input":"required name=search_term_string"}],"inLanguage":"es"}]}},"_links":{"self":[{"href":"https:\/\/estheteclinic.com\/es\/wp-json\/wp\/v2\/pages\/8544","targetHints":{"allow":["GET"]}}],"collection":[{"href":"https:\/\/estheteclinic.com\/es\/wp-json\/wp\/v2\/pages"}],"about":[{"href":"https:\/\/estheteclinic.com\/es\/wp-json\/wp\/v2\/types\/page"}],"author":[{"embeddable":true,"href":"https:\/\/estheteclinic.com\/es\/wp-json\/wp\/v2\/users\/3"}],"replies":[{"embeddable":true,"href":"https:\/\/estheteclinic.com\/es\/wp-json\/wp\/v2\/comments?post=8544"}],"version-history":[{"count":2,"href":"https:\/\/estheteclinic.com\/es\/wp-json\/wp\/v2\/pages\/8544\/revisions"}],"predecessor-version":[{"id":8546,"href":"https:\/\/estheteclinic.com\/es\/wp-json\/wp\/v2\/pages\/8544\/revisions\/8546"}],"wp:featuredmedia":[{"embeddable":true,"href":"https:\/\/estheteclinic.com\/es\/wp-json\/wp\/v2\/media\/8580"}],"wp:attachment":[{"href":"https:\/\/estheteclinic.com\/es\/wp-json\/wp\/v2\/media?parent=8544"}],"curies":[{"name":"wp","href":"https:\/\/api.w.org\/{rel}","templated":true}]}}